{"id":7326,"date":"1970-01-01T00:00:00","date_gmt":"1970-01-01T00:00:00","guid":{"rendered":"https:\/\/elfsight.com\/pl\/?page_id=7326"},"modified":"2024-11-14T12:42:04","modified_gmt":"2024-11-14T12:42:04","slug":"opencart","status":"publish","type":"page","link":"https:\/\/elfsight.com\/pl\/whatsapp-chat-widget\/opencart\/","title":{"rendered":"Whatsapp Chat &#8211; OpenCart"},"content":{"rendered":"<div class=\"application-platform-content-item-description application-platform-content-item\" id=\"description\" data-nav-section=\"description\"> <h2>Umie\u015b\u0107 czat WhatsApp za pomoc\u0105 wid\u017cetu Elfsight<\/h2> <p>Modu\u0142 WhatsApp firmy Elfsight to najprostszy spos\u00f3b, aby u\u017cytkownicy Twojej witryny mogli si\u0119 z Tob\u0105 skontaktowa\u0107 i us\u0142ysze\u0107 odpowiedzi na ich pytania i pro\u015bby. Ju\u017c teraz b\u0105d\u017a dost\u0119pny dla swoich klient\u00f3w za po\u015brednictwem wygodnego komunikatora non-stop. Zintegruj czat w swoim sklepie i wybierz, aby wy\u015bwietla\u0142 si\u0119 na okre\u015blonych stronach lub dla wybranych typ\u00f3w klient\u00f3w; wprowadzi\u0107 wyzwalacze rozpoczynaj\u0105ce czat; skomponuj w\u0142asn\u0105 wiadomo\u015b\u0107 powitaln\u0105; ustaw ikony i r\u00f3b wi\u0119cej. Korzystaj\u0105c z czatu OpenCart wbudowanego w witryn\u0119, b\u0119dziesz po\u0142\u0105czony ze swoimi klientami o ka\u017cdej porze i z dowolnego miejsca. <\/p> <div class=\"faq\" data-component=\"FAQ\"><div class=\"faq-item\">\r\n\t\t\t\t\t<div class=\"faq-item-question\">\r\n\t\t\t\t\t\t<h3 class=\"faq-item-question-text\">Jak doda\u0107 przycisk WhatsApp Chat do Opencart?<\/h3>\r\n\r\n\t\t\t\t\t\t<div class=\"faq-item-question-icon\"><\/div>\r\n\t\t\t\t\t<\/div>\r\n\r\n\t\t\t\t\t<div class=\"faq-item-answer\">\r\n\t\t\t\t\t\t<div class=\"faq-item-answer-text\"><p>Dodanie do witryny zajmie p\u00f3\u0142torej minuty. Ponadto nie musisz posiada\u0107 wiedzy z zakresu programowania webowego. <\/p><ol><li>Zmodyfikuj wtyczk\u0119 czatu WhatsApp w bezp\u0142atnym konfiguratorze i zobacz zmiany na \u017cywo. <\/li> <li>Uzyskaj sw\u00f3j indywidualny kod instalacyjny. <\/li> <li>Osad\u017a kod modu\u0142u czatu WhatsApp w wymaganym miejscu w szablonie Opencart. <\/li> <li>Rozumiem! Konfiguracja rozszerzenia czatu w Opencart dobieg\u0142a ko\u0144ca!<\/li><\/ol><p>Masz problemy z umieszczeniem modu\u0142u na stronie lub jego konfiguracj\u0105? Szczeg\u00f3\u0142owy przewodnik znajdziesz <a href=\"https:\/\/elfsight.com\/tutorials\/how-to-add-whatsapp-chat-widget-to-website\/#how-to-add-whatsapp-to-opencart\">na tej stronie<\/a>. <\/p><\/div>\r\n\t\t\t\t\t<\/div>\r\n\t\t\t\t<\/div><div class=\"faq-item\">\r\n\t\t\t\t\t<div class=\"faq-item-question\">\r\n\t\t\t\t\t\t<h3 class=\"faq-item-question-text\">Czy mam szans\u0119 zobaczy\u0107, jak widget b\u0119dzie wygl\u0105da\u0142 na stronie internetowej?<\/h3>\r\n\r\n\t\t\t\t\t\t<div class=\"faq-item-question-icon\"><\/div>\r\n\t\t\t\t\t<\/div>\r\n\r\n\t\t\t\t\t<div class=\"faq-item-answer\">\r\n\t\t\t\t\t\t<div class=\"faq-item-answer-text\"><p>Tak, mo\u017cesz! Podczas opracowywania wtyczki czatu WhatsApp dla Opencart <a href=\"https:\/\/elfsight.com\/whatsapp-chat-widget\/#demo\">w edytorze online<\/a> b\u0119dziesz bra\u0107 pod uwag\u0119 wszystkie konfiguracje po prawej stronie . Okno czatu b\u0119dzie wygl\u0105da\u0107 dok\u0142adnie tak samo, jak dodasz do swojej witryny Opencart. <\/p><\/div>\r\n\t\t\t\t\t<\/div>\r\n\t\t\t\t<\/div><div class=\"faq-item\">\r\n\t\t\t\t\t<div class=\"faq-item-question\">\r\n\t\t\t\t\t\t<h3 class=\"faq-item-question-text\">Jakie inne wid\u017cety s\u0105 niezb\u0119dne w witrynie Opencart?<\/h3>\r\n\r\n\t\t\t\t\t\t<div class=\"faq-item-question-icon\"><\/div>\r\n\t\t\t\t\t<\/div>\r\n\r\n\t\t\t\t\t<div class=\"faq-item-answer\">\r\n\t\t\t\t\t\t<div class=\"faq-item-answer-text\"><p>Istnieje wiele wtyczek Elfsight, kt\u00f3re mo\u017cesz doda\u0107 do witryny Opencart i zaktualizowa\u0107 j\u0105 w ci\u0105gu kilku minut . Na przyk\u0142ad istnieje <a href=\"https:\/\/elfsight.com\/whatsapp-chat-widget\/opencart\/\">czat WhatsApp<\/a>, <a href=\"https:\/\/elfsight.com\/instagram- Feed-instashow\/opencart\/\">Kana\u0142 na Instagramie<\/a> i <a href=\"https:\/\/elfsight.com\/facebook-chat-widget\/opencart\/\">Czat na Facebooku<\/a>. Mo\u017cesz tak\u017ce skorzysta\u0107 z <a href=\"https:\/\/elfsight.com\/google-reviews-widget\/opencart\/\">Recenzji Google<\/a> i <a href=\"https:\/\/elfsight.com\/slider- widget\/opencart\/\">Wid\u017cet suwaka<\/a>. Wszystkie s\u0105 pomocne w zwi\u0119kszaniu funkcjonalno\u015bci Twojej witryny.<\/p><\/div>\r\n\t\t\t\t\t<\/div>\r\n\t\t\t\t<\/div><\/div><\/div> <div class=\"application-platform-content-item-features application-platform-content-item\" id=\"features\" data-nav-section=\"features\"> <h2>G\u0142\u00f3wne funkcje WhatsApp Chat Widget<\/h2> <p>Aby lepiej zrozumie\u0107 rozszerzenie czatu, przejrzyj list\u0119 jego g\u0142\u00f3wnych funkcji. Sprawiaj\u0105, \u017ce nasz modu\u0142 jest niezwykle korzystny dla Twojego biznesu: <\/p> <ul><li>Dodaj komunikator WhatsApp w swoim sklepie, aby nawi\u0105za\u0107 komunikacj\u0119 z klientami; <\/li><li>Udzielaj odpowiedzi bezpo\u015brednio ze swojego konta WhatsApp; <\/li><li> Trzy opcje pozycji czatu: p\u0142ywaj\u0105ca ba\u0144ka, osadzana ba\u0144ka i osadzane okno czatu; <\/li><li>Odkryj kolekcj\u0119 ikon b\u0105belk\u00f3w do wyboru; <\/li><li>Edytowalny tekst w dymku. <\/li><\/ul><p><a href=\"#demo\">Aby sprawdzi\u0107 wszystkie funkcje, zobacz nasz\u0105 wersj\u0119 demonstracyjn\u0105<\/a><\/p> <\/div> <div class=\"application-platform-content-item-installation application-platform-content-item\" id=\"installation\" data-nav-section=\"installation\"> <h2>Jak doda\u0107 modu\u0142 Live Chat do swojej witryny OpenCart<\/h2> <p>Te kilka czynno\u015bci to jedyne, czego potrzebujesz, aby zintegrowa\u0107 Whatsapp.<\/p> <ol><li><b>Uruchom nasz darmowy konfigurator i zacznij kszta\u0142towa\u0107 w\u0142asne rozszerzenie czatu Whatsapp. <\/b><br> Okre\u015bl niestandardowy uk\u0142ad i aspekty rozszerzenia i zastosuj wszystkie poprawki. <\/li> <li><b>Zdob\u0105d\u017a unikalny kod pokazany w polu w aplikacjach Elfsight. <\/b><br> Po zako\u0144czeniu konfiguracji rozszerzenia skopiuj kod w wy\u015bwietlonym polu i zapisz go do wykorzystania w przysz\u0142o\u015bci. <\/li> <li><b>Rozpocznij korzystanie z rozszerzenia na swojej stronie internetowej OpenCart. <\/b><br> Wklej skopiowany wcze\u015bniej kod na swoj\u0105 stron\u0119 i zastosuj poprawki. <\/li> <li><b>Instalacja zosta\u0142a w pe\u0142ni przeprowadzona. <\/b><br> Otw\u00f3rz swoj\u0105 witryn\u0119 i sprawd\u017a, jak dzia\u0142a rozszerzenie. <\/li><\/ol><p>Nadal nie mo\u017cesz si\u0119 zdecydowa\u0107? Albo masz problemy? Tylko jedno zapytanie do naszego dzia\u0142u obs\u0142ugi klienta rozwi\u0105\u017ce ka\u017cde pytanie. <\/p> <\/div><div class=\"faq\" data-component=\"FAQ\"><div class=\"faq-item\">\r\n\t\t\t\t\t<div class=\"faq-item-question\">\r\n\t\t\t\t\t\t<h3 class=\"faq-item-question-text\">Czy istnieje opcja dodania czatu Whatsapp do mojej strony internetowej OpenCart bez umiej\u0119tno\u015bci kodowania?<\/h3>\r\n\r\n\t\t\t\t\t\t<div class=\"faq-item-question-icon\"><\/div>\r\n\t\t\t\t\t<\/div>\r\n\r\n\t\t\t\t\t<div class=\"faq-item-answer\">\r\n\t\t\t\t\t\t<div class=\"faq-item-answer-text\"><p>Elfsight firma zapewnia rozwi\u0105zanie, kt\u00f3re umo\u017cliwia szerokiemu gronu odbiorc\u00f3w samodzielne utworzenie wid\u017cetu Whatsapp Chat, poznaj nieskomplikowane kroki: <\/p><ul><li>Rozpocznij prac\u0119 bezpo\u015brednio w edytorze na \u017cywo, aby stworzy\u0107 aplikacj\u0119 Whatsapp Chat, w kt\u00f3rej chcesz si\u0119 pojawi\u0107 Witryna OpenCart.<\/li><li>Wybierz jeden z wst\u0119pnie zaprojektowanych szablon\u00f3w i dostosuj ustawienia czatu Whatsapp, zmie\u0144 uk\u0142ad i kolory, zaktualizuj tre\u015b\u0107 bez do\u015bwiadczenia w kodowaniu.<\/li><li>Kliknij, aby zapisa\u0107 ustawienia wprowadzone w Whatsapp Chat i skopiuj kod instalacyjny wid\u017cetu, kt\u00f3ry mo\u017cna \u0142atwo doda\u0107 na stronie g\u0142\u00f3wnej OpenCart za darmo. <\/li><\/ul><p>Za pomoc\u0105 \u0142atwego w u\u017cyciu edytora ka\u017cdy u\u017cytkownik Internetu mo\u017ce wygenerowa\u0107 wtyczk\u0119 Whatsapp Chat online i \u0142atwo osadzi\u0107 na stronie g\u0142\u00f3wnej OpenCart. Nie powiniene\u015b p\u0142aci\u0107 ani wprowadza\u0107 danych swojej karty, aby wej\u015b\u0107 do us\u0142ugi Elfsight. Je\u015bli napotkasz jakiekolwiek problemy, nie wahaj si\u0119 skontaktowa\u0107 z nasz\u0105 techniczn\u0105 obs\u0142ug\u0105 klienta.<\/p><\/div>\r\n\t\t\t\t\t<\/div>\r\n\t\t\t\t<\/div><\/div>","protected":false},"excerpt":{"rendered":"","protected":false},"author":9,"featured_media":0,"parent":857,"menu_order":0,"comment_status":"closed","ping_status":"closed","template":"templates\/template-application-platform.php","meta":{"publish_to_discourse":"","publish_post_category":"","wpdc_auto_publish_overridden":"","wpdc_topic_tags":"","wpdc_pin_topic":"","wpdc_pin_until":"","discourse_post_id":"","discourse_permalink":"","wpdc_publishing_response":"","wpdc_publishing_error":"","footnotes":""},"class_list":["post-7326","page","type-page","status-publish","hentry"],"yoast_head":"<!-- This site is optimized with the Yoast SEO plugin v25.3.1 - https:\/\/yoast.com\/wordpress\/plugins\/seo\/ -->\n<title>Dodaj rozszerzenie Whatsapp Live Chat do witryny OpenCart (w 2 minuty)<\/title>\n<meta name=\"description\" content=\"Skonfiguruj rozszerzenie czatu na \u017cywo Whatsapp na stronie OpenCart tylko w 2 minuty. Poznaj wszystkie g\u0142\u00f3wne cechy najlepszego modu\u0142u czatu w bezp\u0142atnej wersji demonstracyjnej.\" \/>\n<meta name=\"robots\" content=\"index, follow, max-snippet:-1, max-image-preview:large, max-video-preview:-1\" \/>\n<link rel=\"canonical\" href=\"https:\/\/elfsight.com\/pl\/whatsapp-chat-widget\/opencart\/\" \/>\n<meta property=\"og:locale\" content=\"pl_PL\" \/>\n<meta property=\"og:type\" content=\"article\" \/>\n<meta property=\"og:title\" content=\"Dodaj rozszerzenie Whatsapp Live Chat do witryny OpenCart (w 2 minuty)\" \/>\n<meta property=\"og:description\" content=\"Skonfiguruj rozszerzenie czatu na \u017cywo Whatsapp na stronie OpenCart tylko w 2 minuty. Poznaj wszystkie g\u0142\u00f3wne cechy najlepszego modu\u0142u czatu w bezp\u0142atnej wersji demonstracyjnej.\" \/>\n<meta property=\"og:url\" content=\"https:\/\/elfsight.com\/pl\/whatsapp-chat-widget\/opencart\/\" \/>\n<meta property=\"og:site_name\" content=\"Elfsight PL\" \/>\n<meta property=\"article:modified_time\" content=\"2024-11-14T12:42:04+00:00\" \/>\n<meta name=\"twitter:card\" content=\"summary_large_image\" \/>\n<meta name=\"twitter:label1\" content=\"Szacowany czas czytania\" \/>\n\t<meta name=\"twitter:data1\" content=\"4 minuty\" \/>\n<!-- \/ Yoast SEO plugin. -->","yoast_head_json":{"title":"Dodaj rozszerzenie Whatsapp Live Chat do witryny OpenCart (w 2 minuty)","description":"Skonfiguruj rozszerzenie czatu na \u017cywo Whatsapp na stronie OpenCart tylko w 2 minuty. Poznaj wszystkie g\u0142\u00f3wne cechy najlepszego modu\u0142u czatu w bezp\u0142atnej wersji demonstracyjnej.","robots":{"index":"index","follow":"follow","max-snippet":"max-snippet:-1","max-image-preview":"max-image-preview:large","max-video-preview":"max-video-preview:-1"},"canonical":"https:\/\/elfsight.com\/pl\/whatsapp-chat-widget\/opencart\/","og_locale":"pl_PL","og_type":"article","og_title":"Dodaj rozszerzenie Whatsapp Live Chat do witryny OpenCart (w 2 minuty)","og_description":"Skonfiguruj rozszerzenie czatu na \u017cywo Whatsapp na stronie OpenCart tylko w 2 minuty. Poznaj wszystkie g\u0142\u00f3wne cechy najlepszego modu\u0142u czatu w bezp\u0142atnej wersji demonstracyjnej.","og_url":"https:\/\/elfsight.com\/pl\/whatsapp-chat-widget\/opencart\/","og_site_name":"Elfsight PL","article_modified_time":"2024-11-14T12:42:04+00:00","twitter_card":"summary_large_image","twitter_misc":{"Szacowany czas czytania":"4 minuty"},"schema":{"@context":"https:\/\/schema.org","@graph":[{"@type":"WebPage","@id":"https:\/\/elfsight.com\/pl\/whatsapp-chat-widget\/opencart\/","url":"https:\/\/elfsight.com\/pl\/whatsapp-chat-widget\/opencart\/","name":"Dodaj rozszerzenie Whatsapp Live Chat do witryny OpenCart (w 2 minuty)","isPartOf":{"@id":"https:\/\/elfsight.com\/pl\/#website"},"datePublished":"1970-01-01T00:00:00+00:00","dateModified":"2024-11-14T12:42:04+00:00","description":"Skonfiguruj rozszerzenie czatu na \u017cywo Whatsapp na stronie OpenCart tylko w 2 minuty. Poznaj wszystkie g\u0142\u00f3wne cechy najlepszego modu\u0142u czatu w bezp\u0142atnej wersji demonstracyjnej.","breadcrumb":{"@id":"https:\/\/elfsight.com\/pl\/whatsapp-chat-widget\/opencart\/#breadcrumb"},"inLanguage":"pl-PL","potentialAction":[{"@type":"ReadAction","target":["https:\/\/elfsight.com\/pl\/whatsapp-chat-widget\/opencart\/"]}]},{"@type":"BreadcrumbList","@id":"https:\/\/elfsight.com\/pl\/whatsapp-chat-widget\/opencart\/#breadcrumb","itemListElement":[{"@type":"ListItem","position":1,"name":"Home","item":"https:\/\/elfsight.com\/pl\/"},{"@type":"ListItem","position":2,"name":"WhatsApp Chat","item":"https:\/\/elfsight.com\/pl\/whatsapp-chat-widget\/"},{"@type":"ListItem","position":3,"name":"Whatsapp Chat &#8211; OpenCart"}]},{"@type":"WebSite","@id":"https:\/\/elfsight.com\/pl\/#website","url":"https:\/\/elfsight.com\/pl\/","name":"Elfsight PL","description":"Just another Elfsight Sites site","potentialAction":[{"@type":"SearchAction","target":{"@type":"EntryPoint","urlTemplate":"https:\/\/elfsight.com\/pl\/?s={search_term_string}"},"query-input":{"@type":"PropertyValueSpecification","valueRequired":true,"valueName":"search_term_string"}}],"inLanguage":"pl-PL"}]}},"meta_box":{"industry":"","seo_heading":"","heading":"","description":"","cta_heading":"","cta_description":"","application":"856","h1":"Rozszerzenie czatu na \u017cywo OpenCart Whatsapp","h1_caption":"Daj u\u017cytkownikom mo\u017cliwo\u015b\u0107 skontaktowania si\u0119 z Tob\u0105 za po\u015brednictwem WhatsApp, zapewniaj\u0105c najszybsz\u0105 i najwygodniejsz\u0105 interakcj\u0119 dla odwiedzaj\u0105cych Twoj\u0105 witryn\u0119 z witryn\u0105 Opencart.","application_category":[],"applications_title":"","applications_request_title":"","applications_request_button_text":"","hero_text":"","hero_video":"","hero_video_schema_markup":"","selling_points_title":"","selling_points_caption":"","selling_points":[],"selling_points_cta_text":"","features_title":"","features":"","ed_cta_examples_text":"","ed_cta_examples_hidden":"","ed_cta_demo_text":"","ed_cta_demo_hidden":"","why_caption":"","why_editor_title":"","why_editor_text":"","why_team_title":"","why_team_text":"","why_service_title":"","why_service_text":"","template_catalog_visible":"","template_catalog_title":"","template_catalog_text":"","template_catalog_categories_visible":"","demo_title":"Utw\u00f3rz rozszerzenie czatu Whatsapp","demo_caption":"Skonfiguruj sw\u00f3j czat Whatsapp i dodaj go do swojej witryny OpenCart za darmo!","default_faq_hidden":"","app_template_category":[],"platform":"107","template_public_id":"","codecanyon_url":"","codecanyon_item_id":"","codecanyon_price":"","pricing_caption":"","pricing_elfsight_apps_hide_column":"","pricing_elfsight_apps_url":"","pricing_codecanyon_price_caption":"","integration_category":[],"integration_request_title":"","integration_request_cta":"","integration_platform":"","integrations":[],"platform_category":[],"video_schema_markup":"","price":"od 0 USD \/ miesi\u0105c","trial":"","benefits":[{"text":"Bezp\u0142atna pomoc w monta\u017cu"},{"text":"Wsparcie premium"},{"text":"14-dniowa gwarancja zwrotu pieni\u0119dzy"}],"button_url":"#demo","button_target_blank":"","button_nofollow":"","attributes":[{"name":"Instaluje"},{"name":"Czu\u0142y"},{"name":"Kompatybilne przegl\u0105darki"}],"tags":[],"tags_disable_links":"","hide_more_platforms":"","video_object":"","demo_hide_cta":"","demo_hide_cloud_options":"","pricing_title":"","pricing":[{"pricing_icon":"platform","pricing_title":"Elfsight Apps","pricing_title_caption":"Wersja wieloplatformowa, kt\u00f3ra pasuje do ka\u017cdej witryny","pricing_price":"od 0 USD \/ miesi\u0105c","pricing_price_caption":"zacznij od bezp\u0142atnego planu","pricing_benefits":[{"text":"Nielimitowane domeny"},{"text":"Szybkie wsparcie firmy"},{"text":"Bezp\u0142atna us\u0142uga monta\u017cu"},{"text":"W pe\u0142ni konfigurowalny"}],"pricing_button_text":"Dodaj do witryny","pricing_button_url":"#demo"}],"related_apps_title":"","related_apps_hidden":"","author":"","image":[],"title":"","job":"","social_networks":[]},"_links":{"self":[{"href":"https:\/\/elfsight.com\/pl\/wp-json\/wp\/v2\/pages\/7326","targetHints":{"allow":["GET"]}}],"collection":[{"href":"https:\/\/elfsight.com\/pl\/wp-json\/wp\/v2\/pages"}],"about":[{"href":"https:\/\/elfsight.com\/pl\/wp-json\/wp\/v2\/types\/page"}],"author":[{"embeddable":true,"href":"https:\/\/elfsight.com\/pl\/wp-json\/wp\/v2\/users\/9"}],"replies":[{"embeddable":true,"href":"https:\/\/elfsight.com\/pl\/wp-json\/wp\/v2\/comments?post=7326"}],"version-history":[{"count":1,"href":"https:\/\/elfsight.com\/pl\/wp-json\/wp\/v2\/pages\/7326\/revisions"}],"predecessor-version":[{"id":7330,"href":"https:\/\/elfsight.com\/pl\/wp-json\/wp\/v2\/pages\/7326\/revisions\/7330"}],"up":[{"embeddable":true,"href":"https:\/\/elfsight.com\/pl\/wp-json\/wp\/v2\/pages\/857"}],"wp:attachment":[{"href":"https:\/\/elfsight.com\/pl\/wp-json\/wp\/v2\/media?parent=7326"}],"curies":[{"name":"wp","href":"https:\/\/api.w.org\/{rel}","templated":true}]}}