{"id":7325,"date":"1970-01-01T00:00:00","date_gmt":"1970-01-01T00:00:00","guid":{"rendered":"https:\/\/elfsight.com\/pl\/?page_id=7325"},"modified":"2024-11-14T12:42:04","modified_gmt":"2024-11-14T12:42:04","slug":"shopify","status":"publish","type":"page","link":"https:\/\/elfsight.com\/pl\/whatsapp-chat-widget\/shopify\/","title":{"rendered":"Whatsapp Chat &#8211; Shopify"},"content":{"rendered":"<div class=\"application-platform-content-item-description application-platform-content-item\" id=\"description\" data-nav-section=\"description\"> <h2>Umie\u015b\u0107 czat WhatsApp za pomoc\u0105 wid\u017cetu Elfsight<\/h2> <p>Aplikacja WhatsApp firmy Elfsight to naj\u0142atwiejsze narz\u0119dzie dla os\u00f3b przegl\u0105daj\u0105cych Twoj\u0105 witryn\u0119 do wysy\u0142ania wiadomo\u015bci do Ciebie i uzyska\u0107 odpowiedzi na ich pytania. B\u0105d\u017a dost\u0119pny dla go\u015bci non-stop w jednym z najwygodniejszych komunikator\u00f3w. Umie\u015b\u0107 czat na swojej stronie i wybierz, czy ma si\u0119 on pojawia\u0107 na konkretnych stronach, czy dla wybranych grup u\u017cytkownik\u00f3w; ustaw wyzwalacze rozpocz\u0119cia czatu; napisz swoj\u0105 unikaln\u0105 wiadomo\u015b\u0107 powitaln\u0105; wybierz ikony i wiele wi\u0119cej. Korzystaj\u0105c z czatu Shopify, b\u0119dziesz w kontakcie ze swoimi klientami o ka\u017cdej porze i z dowolnego miejsca. <\/p> <\/div> <div class=\"application-platform-content-item-features application-platform-content-item\" id=\"features\" data-nav-section=\"features\"> <h2>G\u0142\u00f3wne funkcje aplikacji WhatsApp Chat<\/h2> <p>Nasz WhatsApp dla Shopify zaprojektowali\u015bmy tak, aby w przyjazny dla u\u017cytkownika spos\u00f3b zaspokaja\u0142 potrzeby biznesowe. Aby lepiej zrozumie\u0107, przejrzyj list\u0119 najwa\u017cniejszych funkcji naszego czatu online Shopify. Sprawiaj\u0105, \u017ce jest to niezwykle korzystne dla Twojego sklepu:<\/p> <ul><li>Dodaj komunikator WhatsApp na swojej stronie, aby by\u0142 zawsze dost\u0119pny dla ludzi; <\/li><li>Kontynuuj czatowanie bezpo\u015brednio ze swojego konta WhatsApp; <\/li><li>Wybierz jeden z trzech typ\u00f3w lokalizacji czatu: jako p\u0142ywaj\u0105ca ba\u0144ka, jako ba\u0144ka do osadzania lub jako osadzane okno czatu; <\/li><li> Wybierz wariant ikony b\u0105belka z naszej kolekcji; <\/li><li>Edytowalny tekst w dymku.<\/li><\/ul><p><a href=\"#demo\">W naszej wersji demonstracyjnej odkryjesz wi\u0119cej funkcji<\/a><\/p> <\/div> <div class=\"application-platform-content-item-installation application-platform-content-item\" id=\"installation\" data-nav-section=\"installation\"> <h2>Jak doda\u0107 aplikacj\u0119 Czat na \u017cywo do swojej witryny Shopify<\/h2><div class=\"video-container\"><iframe width=\"720\" height=\"405\" src=\"https:\/\/www.youtube.com\/embed\/jwkk4sS8hjI\" frameborder=\"0\" allowfullscreen=\"\"><\/iframe><\/div><p>Jedyne, co musisz zrobi\u0107, aby pomy\u015blnie integracja. <\/p> <ol><li><b>Skorzystaj z naszego bezp\u0142atnego edytora i zacznij tworzy\u0107 spersonalizowan\u0105 aplikacj\u0119. <\/b><br> Okre\u015bl preferowany uk\u0142ad i funkcjonalno\u015b\u0107 aplikacji oraz zastosuj wszystkie modyfikacje. <\/li> <li><b>Uzyskaj osobisty kod pojawiaj\u0105cy si\u0119 w polu aplikacji Elfsight. <\/b><br> Po zako\u0144czeniu tworzenia aplikacji osobistej skopiuj indywidualny kod z wy\u015bwietlonego pola i zapisz go do wykorzystania w przysz\u0142o\u015bci. <\/li> <li><b>Rozpocznij korzystanie z aplikacji w swojej witrynie Shopify. <\/b><br> Wstaw skopiowany ostatnio kod na swoj\u0105 stron\u0119 internetow\u0105 i zastosuj ulepszenia. <\/li> <li><b>Gotowe! Osadzanie zosta\u0142o w pe\u0142ni zako\u0144czone. <\/b><br> Przejd\u017a na swoj\u0105 stron\u0119 internetow\u0105, aby zobaczy\u0107, jak dzia\u0142a aplikacja. <\/li><\/ol><p>Nadal nie mo\u017cesz podj\u0105\u0107 decyzji? A mo\u017ce masz pytania dotycz\u0105ce naszego WhatsApp dla Shopify i jego integracji? Wystarczy wys\u0142a\u0107 zapytanie do naszej obs\u0142ugi klienta, a pomo\u017cemy w ka\u017cdej sprawie. Mo\u017cesz tak\u017ce przeczyta\u0107 artyku\u0142 na temat <a href=\"https:\/\/elfsight.com\/blog\/how-to-add-whatsapp-chat-to-shopify-for-free\/\" target=\"_blank\" rel=\"noopener\">dodanie czatu WhatsApp do Shopify<\/a>.<\/p> <\/div><div class=\"faq\" data-component=\"FAQ\"> <div class=\"faq-item\">\r\n\t\t\t\t\t<div class=\"faq-item-question\">\r\n\t\t\t\t\t\t<h3 class=\"faq-item-question-text\">Gdzie mog\u0119 opublikowa\u0107 wid\u017cet<\/h3>\r\n\r\n\t\t\t\t\t\t<div class=\"faq-item-question-icon\"><\/div>\r\n\t\t\t\t\t<\/div>\r\n\r\n\t\t\t\t\t<div class=\"faq-item-answer\">\r\n\t\t\t\t\t\t<div class=\"faq-item-answer-text\"> <p>Widget mo\u017cna wklei\u0107 na wszystkich stronach Twojej witryny internetowej lub tylko do wybranych przez Ciebie stron. Mo\u017cesz tak\u017ce wykluczy\u0107 niekt\u00f3re strony, je\u015bli chcesz, aby by\u0142y bez czatu na \u017cywo. <\/p> <\/div>\r\n\t\t\t\t\t<\/div>\r\n\t\t\t\t<\/div> <div class=\"faq-item\">\r\n\t\t\t\t\t<div class=\"faq-item-question\">\r\n\t\t\t\t\t\t<h3 class=\"faq-item-question-text\">Jakie korzy\u015bci da mi to dla klient\u00f3w?<\/h3>\r\n\r\n\t\t\t\t\t\t<div class=\"faq-item-question-icon\"><\/div>\r\n\t\t\t\t\t<\/div>\r\n\r\n\t\t\t\t\t<div class=\"faq-item-answer\">\r\n\t\t\t\t\t\t<div class=\"faq-item-answer-text\"> <p>Widget pomo\u017ce wi\u0119kszej liczbie klient\u00f3w zwraca\u0107 si\u0119 do Ciebie ze swoimi pytaniami, pro\u015bbami lub problemami. Mo\u017ce to pom\u00f3c zwi\u0119kszy\u0107 liczb\u0119 potencjalnych klient\u00f3w i zakup\u00f3w. Ponadto szybkie reagowanie i osobiste podej\u015bcie podniesie poziom obs\u0142ugi klienta. <\/p> <\/div>\r\n\t\t\t\t\t<\/div>\r\n\t\t\t\t<\/div> <div class=\"faq-item\">\r\n\t\t\t\t\t<div class=\"faq-item-question\">\r\n\t\t\t\t\t\t<h3 class=\"faq-item-question-text\">Jak widget mo\u017ce wp\u0142yn\u0105\u0107 na stawki w mojej witrynie?<\/h3>\r\n\r\n\t\t\t\t\t\t<div class=\"faq-item-question-icon\"><\/div>\r\n\t\t\t\t\t<\/div>\r\n\r\n\t\t\t\t\t<div class=\"faq-item-answer\">\r\n\t\t\t\t\t\t<div class=\"faq-item-answer-text\"> <p>Je\u015bli zdecydujesz si\u0119 doda\u0107 przycisk WhatsApp do swojej witryny Shopify, dzia\u0142anie to mo\u017ce w kr\u00f3tkim czasie poprawi\u0107 wydajno\u015b\u0107 Twojej witryny czas. Nasza integracja Shopify z WhatsApp ma na celu wprowadzenie pozytywnych zmian w Twojej pracy z odbiorcami. Po dodaniu przycisku WhatsApp do swojej witryny b\u0119dziesz m\u00f3g\u0142 wybra\u0107, kto b\u0119dzie go widzia\u0142. Dzi\u0119ki niemu z \u0142atwo\u015bci\u0105 zapewnisz odwiedzaj\u0105cym Twoj\u0105 witryn\u0119 wszelkiego rodzaju pomoc \u2013 od obs\u0142ugi klienta po zwyk\u0142e rozmowy. Dzi\u0119ki przyciskowi czatu WhatsApp w Twojej witrynie Shopify z pewno\u015bci\u0105 zyskasz mo\u017cliwo\u015b\u0107 natychmiastowego rozwoju swojego biznesu.<\/p> <\/div>\r\n\t\t\t\t\t<\/div>\r\n\t\t\t\t<\/div> <div class=\"faq-item\">\r\n\t\t\t\t\t<div class=\"faq-item-question\">\r\n\t\t\t\t\t\t<h3 class=\"faq-item-question-text\">Jak trudno jest dostosowa\u0107 wid\u017cet i dostosowa\u0107 go do moich potrzeb ?<\/h3>\r\n\r\n\t\t\t\t\t\t<div class=\"faq-item-question-icon\"><\/div>\r\n\t\t\t\t\t<\/div>\r\n\r\n\t\t\t\t\t<div class=\"faq-item-answer\">\r\n\t\t\t\t\t\t<div class=\"faq-item-answer-text\"> <p>Nasz\u0105 aplikacj\u0119 do czatowania Shopify mo\u017cna \u0142atwo spersonalizowa\u0107, co jest dobr\u0105 wiadomo\u015bci\u0105 dla Twojej firmy. Oznacza to, \u017ce mo\u017cesz \u0142atwo stworzy\u0107 aplikacj\u0119, kt\u00f3ra b\u0119dzie Ci odpowiada\u0107 pod wzgl\u0119dem stylu. Maj\u0105c na uwadze, \u017ce mo\u017cesz ca\u0142kowicie zmieni\u0107 wygl\u0105d wtyczki Shopify WhatsApp, z pewno\u015bci\u0105 stanie si\u0119 ona nieod\u0142\u0105czn\u0105 cz\u0119\u015bci\u0105 Twojej witryny i og\u00f3lnego projektu. Pozostaje Ci tylko zacz\u0105\u0107 budowa\u0107 wtyczk\u0119, a zobaczysz, jak stanie si\u0119 ona istotn\u0105 cz\u0119\u015bci\u0105 Twojego biznesu. Mn\u00f3stwo innych opcji mo\u017ce pom\u00f3c Ci dostosowa\u0107 go wy\u0142\u0105cznie do Twoich cel\u00f3w biznesowych, bez konieczno\u015bci mieszania si\u0119 z funkcjami, kt\u00f3rych w rzeczywisto\u015bci nie potrzebujesz.<\/p><\/div>\r\n\t\t\t\t\t<\/div>\r\n\t\t\t\t<\/div><\/div>","protected":false},"excerpt":{"rendered":"","protected":false},"author":9,"featured_media":0,"parent":857,"menu_order":0,"comment_status":"closed","ping_status":"closed","template":"templates\/template-application-platform.php","meta":{"publish_to_discourse":"","publish_post_category":"","wpdc_auto_publish_overridden":"","wpdc_topic_tags":"","wpdc_pin_topic":"","wpdc_pin_until":"","discourse_post_id":"","discourse_permalink":"","wpdc_publishing_response":"","wpdc_publishing_error":"","footnotes":""},"class_list":["post-7325","page","type-page","status-publish","hentry"],"yoast_head":"<!-- This site is optimized with the Yoast SEO plugin v25.3.1 - https:\/\/yoast.com\/wordpress\/plugins\/seo\/ -->\n<title>Czat Shopify Whatsapp \u2014 dodaj Whatsapp do witryny Shopify [2025]<\/title>\n<meta name=\"description\" content=\"Dodaj Whatsapp do witryny Shopify za darmo. Poznaj najlepszy wid\u017cet czatu umo\u017cliwiaj\u0105cy \u0142atw\u0105 integracj\u0119 WhatsApp z Shopify.\" \/>\n<meta name=\"robots\" content=\"index, follow, max-snippet:-1, max-image-preview:large, max-video-preview:-1\" \/>\n<link rel=\"canonical\" href=\"https:\/\/elfsight.com\/pl\/whatsapp-chat-widget\/shopify\/\" \/>\n<meta property=\"og:locale\" content=\"pl_PL\" \/>\n<meta property=\"og:type\" content=\"article\" \/>\n<meta property=\"og:title\" content=\"Czat Shopify Whatsapp \u2014 dodaj Whatsapp do witryny Shopify [2025]\" \/>\n<meta property=\"og:description\" content=\"Dodaj Whatsapp do witryny Shopify za darmo. Poznaj najlepszy wid\u017cet czatu umo\u017cliwiaj\u0105cy \u0142atw\u0105 integracj\u0119 WhatsApp z Shopify.\" \/>\n<meta property=\"og:url\" content=\"https:\/\/elfsight.com\/pl\/whatsapp-chat-widget\/shopify\/\" \/>\n<meta property=\"og:site_name\" content=\"Elfsight PL\" \/>\n<meta property=\"article:modified_time\" content=\"2024-11-14T12:42:04+00:00\" \/>\n<meta name=\"twitter:card\" content=\"summary_large_image\" \/>\n<meta name=\"twitter:label1\" content=\"Szacowany czas czytania\" \/>\n\t<meta name=\"twitter:data1\" content=\"4 minuty\" \/>\n<!-- \/ Yoast SEO plugin. -->","yoast_head_json":{"title":"Czat Shopify Whatsapp \u2014 dodaj Whatsapp do witryny Shopify [2025]","description":"Dodaj Whatsapp do witryny Shopify za darmo. Poznaj najlepszy wid\u017cet czatu umo\u017cliwiaj\u0105cy \u0142atw\u0105 integracj\u0119 WhatsApp z Shopify.","robots":{"index":"index","follow":"follow","max-snippet":"max-snippet:-1","max-image-preview":"max-image-preview:large","max-video-preview":"max-video-preview:-1"},"canonical":"https:\/\/elfsight.com\/pl\/whatsapp-chat-widget\/shopify\/","og_locale":"pl_PL","og_type":"article","og_title":"Czat Shopify Whatsapp \u2014 dodaj Whatsapp do witryny Shopify [2025]","og_description":"Dodaj Whatsapp do witryny Shopify za darmo. Poznaj najlepszy wid\u017cet czatu umo\u017cliwiaj\u0105cy \u0142atw\u0105 integracj\u0119 WhatsApp z Shopify.","og_url":"https:\/\/elfsight.com\/pl\/whatsapp-chat-widget\/shopify\/","og_site_name":"Elfsight PL","article_modified_time":"2024-11-14T12:42:04+00:00","twitter_card":"summary_large_image","twitter_misc":{"Szacowany czas czytania":"4 minuty"},"schema":{"@context":"https:\/\/schema.org","@graph":[{"@type":"WebPage","@id":"https:\/\/elfsight.com\/pl\/whatsapp-chat-widget\/shopify\/","url":"https:\/\/elfsight.com\/pl\/whatsapp-chat-widget\/shopify\/","name":"Czat Shopify Whatsapp \u2014 dodaj Whatsapp do witryny Shopify [2025]","isPartOf":{"@id":"https:\/\/elfsight.com\/pl\/#website"},"datePublished":"1970-01-01T00:00:00+00:00","dateModified":"2024-11-14T12:42:04+00:00","description":"Dodaj Whatsapp do witryny Shopify za darmo. Poznaj najlepszy wid\u017cet czatu umo\u017cliwiaj\u0105cy \u0142atw\u0105 integracj\u0119 WhatsApp z Shopify.","breadcrumb":{"@id":"https:\/\/elfsight.com\/pl\/whatsapp-chat-widget\/shopify\/#breadcrumb"},"inLanguage":"pl-PL","potentialAction":[{"@type":"ReadAction","target":["https:\/\/elfsight.com\/pl\/whatsapp-chat-widget\/shopify\/"]}]},{"@type":"BreadcrumbList","@id":"https:\/\/elfsight.com\/pl\/whatsapp-chat-widget\/shopify\/#breadcrumb","itemListElement":[{"@type":"ListItem","position":1,"name":"Home","item":"https:\/\/elfsight.com\/pl\/"},{"@type":"ListItem","position":2,"name":"WhatsApp Chat","item":"https:\/\/elfsight.com\/pl\/whatsapp-chat-widget\/"},{"@type":"ListItem","position":3,"name":"Whatsapp Chat &#8211; Shopify"}]},{"@type":"WebSite","@id":"https:\/\/elfsight.com\/pl\/#website","url":"https:\/\/elfsight.com\/pl\/","name":"Elfsight PL","description":"Just another Elfsight Sites site","potentialAction":[{"@type":"SearchAction","target":{"@type":"EntryPoint","urlTemplate":"https:\/\/elfsight.com\/pl\/?s={search_term_string}"},"query-input":{"@type":"PropertyValueSpecification","valueRequired":true,"valueName":"search_term_string"}}],"inLanguage":"pl-PL"}]}},"meta_box":{"industry":"","seo_heading":"","heading":"","description":"","cta_heading":"","cta_description":"","application":"856","h1":"Aplikacja Shopify Whatsapp do czatu na \u017cywo","h1_caption":"Daj u\u017cytkownikom mo\u017cliwo\u015b\u0107 skontaktowania si\u0119 z Tob\u0105 za po\u015brednictwem WhatsApp, zapewniaj\u0105c najszybsz\u0105 i najwygodniejsz\u0105 interakcj\u0119 dla odwiedzaj\u0105cych Twoj\u0105 witryn\u0119 z Twoj\u0105 witryn\u0105 Shopify bez wysi\u0142ku.","application_category":[],"applications_title":"","applications_request_title":"","applications_request_button_text":"","hero_text":"","hero_video":"","hero_video_schema_markup":"","selling_points_title":"","selling_points_caption":"","selling_points":[],"selling_points_cta_text":"","features_title":"","features":"","ed_cta_examples_text":"","ed_cta_examples_hidden":"","ed_cta_demo_text":"","ed_cta_demo_hidden":"","why_caption":"","why_editor_title":"","why_editor_text":"","why_team_title":"","why_team_text":"","why_service_title":"","why_service_text":"","template_catalog_visible":"0","template_catalog_title":"","template_catalog_text":"","template_catalog_categories_visible":"","demo_title":"Utw\u00f3rz aplikacj\u0119 do czatowania Whatsapp","demo_caption":"Skonfiguruj czat Whatsapp i dodaj go do swojej witryny Shopify za darmo!","default_faq_hidden":"","app_template_category":[],"platform":"7580","template_public_id":"","codecanyon_url":"","codecanyon_item_id":"","codecanyon_price":"","pricing_caption":"","pricing_elfsight_apps_hide_column":"","pricing_elfsight_apps_url":"","pricing_codecanyon_price_caption":"","integration_category":[],"integration_request_title":"","integration_request_cta":"","integration_platform":"","integrations":[],"platform_category":[],"video_schema_markup":"","price":"od 0 USD \/ miesi\u0105c","trial":"","benefits":[{"text":"Bezp\u0142atna us\u0142uga monta\u017cu"},{"text":"Wsparcie premium"},{"text":"14-dniowa gwarancja zwrotu pieni\u0119dzy"}],"button_url":"#demo","button_target_blank":"0","button_nofollow":"0","attributes":[{"name":"Instaluje","content":"100,000 - 500,000"},{"name":"Czu\u0142y","content":"Tak"},{"name":"Kompatybilne przegl\u0105darki","content":"IE11, Firefox, Safari, Opera, Chrome, Edge"}],"tags":[],"tags_disable_links":"0","hide_more_platforms":"","video_object":"","demo_hide_cta":"0","demo_hide_cloud_options":"0","pricing_title":"","pricing":[{"pricing_icon":"cloud","pricing_title":"Elfsight Apps","pricing_title_caption":"Wersja wieloplatformowa, kt\u00f3ra dzia\u0142a na ka\u017cdej stronie internetowej","pricing_price":"od 0 USD \/ miesi\u0105c","pricing_price_caption":"zacznij od bezp\u0142atnego planu","pricing_benefits":[{"text":"Nielimitowane strony internetowe"},{"text":"Wsparcie premium"},{"text":"Bezp\u0142atna us\u0142uga monta\u017cu"},{"text":"Oferta specjalna na wiele aplikacji"}],"pricing_button_text":"Dodaj do witryny","pricing_button_url":"#demo"}],"related_apps_title":"","related_apps_hidden":"0","author":"","image":[],"title":"","job":"","social_networks":[]},"_links":{"self":[{"href":"https:\/\/elfsight.com\/pl\/wp-json\/wp\/v2\/pages\/7325","targetHints":{"allow":["GET"]}}],"collection":[{"href":"https:\/\/elfsight.com\/pl\/wp-json\/wp\/v2\/pages"}],"about":[{"href":"https:\/\/elfsight.com\/pl\/wp-json\/wp\/v2\/types\/page"}],"author":[{"embeddable":true,"href":"https:\/\/elfsight.com\/pl\/wp-json\/wp\/v2\/users\/9"}],"replies":[{"embeddable":true,"href":"https:\/\/elfsight.com\/pl\/wp-json\/wp\/v2\/comments?post=7325"}],"version-history":[{"count":3,"href":"https:\/\/elfsight.com\/pl\/wp-json\/wp\/v2\/pages\/7325\/revisions"}],"predecessor-version":[{"id":8172,"href":"https:\/\/elfsight.com\/pl\/wp-json\/wp\/v2\/pages\/7325\/revisions\/8172"}],"up":[{"embeddable":true,"href":"https:\/\/elfsight.com\/pl\/wp-json\/wp\/v2\/pages\/857"}],"wp:attachment":[{"href":"https:\/\/elfsight.com\/pl\/wp-json\/wp\/v2\/media?parent=7325"}],"curies":[{"name":"wp","href":"https:\/\/api.w.org\/{rel}","templated":true}]}}