{"id":7320,"date":"1970-01-01T00:00:00","date_gmt":"1970-01-01T00:00:00","guid":{"rendered":"https:\/\/elfsight.com\/pl\/?page_id=7320"},"modified":"2025-12-25T12:40:01","modified_gmt":"2025-12-25T12:40:01","slug":"wordpress","status":"publish","type":"page","link":"https:\/\/elfsight.com\/pl\/whatsapp-chat-widget\/wordpress\/","title":{"rendered":"Whatsapp Chat &#8211; WordPress"},"content":{"rendered":"\n<div class=\"application-platform-content-item-description application-platform-content-item\" id=\"description\" data-nav-section=\"description\">\n<h2>Osad\u017a czat WhatsApp za pomoc\u0105 wid\u017cetu Elfsight<\/h2>\n<p>Wtyczka WhatsApp firmy Elfsight to doskona\u0142e narz\u0119dzie, kt\u00f3re pozwala odwiedzaj\u0105cym Twoj\u0105 witryn\u0119 na szybki kontakt z Tob\u0105 oraz uzyskanie odpowiedzi na ich pytania. B\u0105d\u017a dost\u0119pny dla klient\u00f3w przez ca\u0142y czas w ich ulubionym komunikatorze. Umie\u015b\u0107 czat na swojej stronie internetowej i zdecyduj, aby wy\u015bwietla\u0142 si\u0119 na wybranych stronach lub dla okre\u015blonego rodzaju odwiedzaj\u0105cych. Wybierz wyzwalacze czatu, skomponuj w\u0142asn\u0105 wiadomo\u015b\u0107 powitaln\u0105, wybierz ikony i zastosuj inne funkcje personalizacji. Dzi\u0119ki <a href=\"https:\/\/elfsight.com\/blog\/whatsapp-live-chat-plugin-for-wordpress\/\" target=\"_blank\" rel=\"noopener\">czatowi WhatsApp dla WordPress<\/a> b\u0119dziesz w kontakcie z u\u017cytkownikami przez ca\u0142y czas i z dowolnego miejsca.<\/p>\n<\/div>\n\n<div class=\"application-platform-content-item-features application-platform-content-item\" id=\"features\" data-nav-section=\"features\">\n<h2>G\u0142\u00f3wne cechy wtyczki WhatsApp Chat<\/h2>\n<p>Wtyczka WhatsApp dla WordPressa to \u0142atwe w u\u017cyciu narz\u0119dzie bez konieczno\u015bci kodowania. Wyposa\u017cona jest w wiele przydatnych funkcji, kt\u00f3re poprawiaj\u0105 wygod\u0119 u\u017cytkowania. Oto najwa\u017cniejsze funkcje wtyczki, kt\u00f3re sprawiaj\u0105, \u017ce jest ona niezwykle wydajna dla Twojego sklepu:<\/p>\n<ul>\n  <li>Wprowad\u017a komunikator WhatsApp do swojej witryny, aby komunikowa\u0107 si\u0119 z klientami.<\/li>\n  <li>Kontynuuj rozmow\u0119 bezpo\u015brednio na WhatsApp.<\/li>\n  <li>Trzy opcje lokalizacji czatu: p\u0142ywaj\u0105ca ba\u0144ka, osadzona ba\u0144ka, osadzone okno czatu.<\/li>\n  <li>Wybierz spo\u015br\u00f3d kolekcji ikon ba\u0144ki czatu.<\/li>\n  <li>Mo\u017cliwo\u015b\u0107 edytowania tekstu w dymku czatu.<\/li>\n<\/ul>\n<p><a href=\"#demo\">Zobacz wi\u0119cej funkcji w naszej wersji demonstracyjnej<\/a><\/p>\n<\/div>\n\n<div class=\"application-platform-content-item-installation application-platform-content-item\" id=\"installation\" data-nav-section=\"installation\">\n<h2>Jak doda\u0107 wtyczk\u0119 WhatsApp Chat do swojej witryny WordPress<\/h2>\n<div class=\"video-container\">\n    <iframe allowfullscreen=\"\" frameborder=\"0\" height=\"405\" src=\"https:\/\/www.youtube.com\/embed\/l58PNuv-0NI?si=_e4Oh6XWu28BqAKk\" width=\"720\"><\/iframe>\n<\/div>\n<p>Nasz\u0105 wtyczk\u0105 do WordPressa mo\u017ce zarz\u0105dza\u0107 ka\u017cdy u\u017cytkownik. Dzia\u0142a ona jako wstawka HTML, kt\u00f3r\u0105 mo\u017cna \u0142atwo doda\u0107 do wybranej strony. Aby zintegrowa\u0107 wtyczk\u0119 z WordPressem, wykonaj poni\u017csze kroki:<\/p>\n<ol>\n  <li><b>Uruchom nasz\u0105 bezp\u0142atn\u0105 wersj\u0119 demonstracyjn\u0105 i zacznij tworzy\u0107 sw\u00f3j wid\u017cet.<\/b><br> Wybierz preferowany uk\u0142ad i parametry wid\u017cetu oraz zapisz zmiany.<\/li>\n  <li><b>Otrzymaj sw\u00f3j indywidualny kod w panelu Elfsight.<\/b><br> Skopiuj kod i wklej go na swojej stronie WordPress, a nast\u0119pnie zapisz zmiany.<\/li>\n  <li><b>Gotowe!<\/b><br> Osadzenie zosta\u0142o zako\u0144czone. Odwied\u017a swoj\u0105 witryn\u0119, aby zobaczy\u0107, jak dzia\u0142a wid\u017cet.<\/li>\n<\/ol>\n<p>Masz pytania lub problemy z osadzeniem? Skontaktuj si\u0119 z naszym dzia\u0142em obs\u0142ugi klienta, a my ch\u0119tnie pomo\u017cemy Ci w ka\u017cdej kwestii zwi\u0105zanej z naszymi wtyczkami.<\/p>\n<\/div>\n\n<div class=\"faq\" data-component=\"FAQ\">\n<div class=\"faq-item\">\r\n\t\t\t\t\t<div class=\"faq-item-question\">\r\n\t\t\t\t\t\t<h3 class=\"faq-item-question-text\">Jak doda\u0107 przycisk Czat WhatsApp do WordPressa?<\/h3>\r\n\r\n\t\t\t\t\t\t<div class=\"faq-item-question-icon\"><\/div>\r\n\t\t\t\t\t<\/div>\r\n\r\n\t\t\t\t\t<div class=\"faq-item-answer\">\r\n\t\t\t\t\t\t<div class=\"faq-item-answer-text\">\n<p>Dodanie wtyczki Czat WhatsApp do witryny zajmuje tylko kilka sekund, bez potrzeby znajomo\u015bci kodowania.<\/p>\n<p>Zmodyfikuj wid\u017cet w konfiguratorze online, skopiuj kod instalacyjny i wklej go na wybran\u0105 stron\u0119 swojej witryny WordPress.<\/p>\n<p>To wszystko! Instalacja wtyczki czatu WhatsApp w WordPress zosta\u0142a zako\u0144czona!<\/p>\n<p>Masz problemy? Przeczytaj nasz <a href=\"https:\/\/elfsight.com\/tutorials\/how-to-add-whatsapp-chat-widget-to-website\/#how-to-add-whatsapp-to-wordpress\">przewodnik o dodaniu WhatsApp do WordPress<\/a>.<\/p>\n<\/div>\r\n\t\t\t\t\t<\/div>\r\n\t\t\t\t<\/div>\n\n<div class=\"faq-item\">\r\n\t\t\t\t\t<div class=\"faq-item-question\">\r\n\t\t\t\t\t\t<h3 class=\"faq-item-question-text\">Czy mog\u0119 zobaczy\u0107, jak widget b\u0119dzie wygl\u0105da\u0142 na mojej stronie?<\/h3>\r\n\r\n\t\t\t\t\t\t<div class=\"faq-item-question-icon\"><\/div>\r\n\t\t\t\t\t<\/div>\r\n\r\n\t\t\t\t\t<div class=\"faq-item-answer\">\r\n\t\t\t\t\t\t<div class=\"faq-item-answer-text\">\n<p>Tak, mo\u017cesz! W naszym <a href=\"https:\/\/elfsight.com\/whatsapp-chat-widget\/create\" target=\"_blank\" rel=\"noopener\">kreatorze online<\/a> mo\u017cesz zobaczy\u0107, jak b\u0119dzie wygl\u0105da\u0142 czat na Twojej witrynie WordPress. Wszystkie wprowadzone zmiany b\u0119d\u0105 odzwierciedlone w ko\u0144cowym wygl\u0105dzie wid\u017cetu.<\/p>\n<\/div>\r\n\t\t\t\t\t<\/div>\r\n\t\t\t\t<\/div>\n\n<div class=\"faq-item\">\r\n\t\t\t\t\t<div class=\"faq-item-question\">\r\n\t\t\t\t\t\t<h3 class=\"faq-item-question-text\">Jakie inne wid\u017cety s\u0105 przydatne w witrynie WordPress?<\/h3>\r\n\r\n\t\t\t\t\t\t<div class=\"faq-item-question-icon\"><\/div>\r\n\t\t\t\t\t<\/div>\r\n\r\n\t\t\t\t\t<div class=\"faq-item-answer\">\r\n\t\t\t\t\t\t<div class=\"faq-item-answer-text\">\n<p>WordPress oferuje wiele wtyczek, kt\u00f3re mog\u0105 zwi\u0119kszy\u0107 funkcjonalno\u015b\u0107 Twojej witryny. Oto kilka przyk\u0142ad\u00f3w wtyczek Elfsight, kt\u00f3re mog\u0105 by\u0107 dla Ciebie przydatne:<\/p>\n<ul>\n  <li><a href=\"https:\/\/elfsight.com\/pl\/telegram-chat-widget\/wordpress\/\" target=\"_blank\" rel=\"noopener\">Czat na Telegramie<\/a><\/li>\n  <li><a href=\"https:\/\/elfsight.com\/pl\/facebook-chat-widget\/wordpress\/\" target=\"_blank\" rel=\"noopener\">Czat na Facebooku<\/a><\/li>\n  <li><a href=\"https:\/\/elfsight.com\/pl\/viber-chat-widget\/wordpress\/\" target=\"_blank\" rel=\"noopener\">Czat Viber<\/a><\/li>\n  <li><a href=\"https:\/\/elfsight.com\/pl\/google-reviews-widget\/wordpress\/\" target=\"_blank\" rel=\"noopener\">Recenzje Google<\/a><\/li>\n  <li><a href=\"\/\/elfsight.com\/pl\/youtube-channel-plugin-yottie\/\" target=\"_blank\" rel=\"noopener\">Galeria YouTube<\/a><\/li>\n<\/ul>\n<p>Ka\u017cdy z tych wid\u017cet\u00f3w mo\u017ce pom\u00f3c zwi\u0119kszy\u0107 zaanga\u017cowanie i funkcjonalno\u015b\u0107 Twojej witryny WordPress.<\/p>\n<\/div>\r\n\t\t\t\t\t<\/div>\r\n\t\t\t\t<\/div>\n<\/div>\n","protected":false},"excerpt":{"rendered":"","protected":false},"author":9,"featured_media":0,"parent":857,"menu_order":0,"comment_status":"closed","ping_status":"closed","template":"templates\/template-application-platform.php","meta":{"publish_to_discourse":"","publish_post_category":"","wpdc_auto_publish_overridden":"","wpdc_topic_tags":"","wpdc_pin_topic":"","wpdc_pin_until":"","discourse_post_id":"","discourse_permalink":"","wpdc_publishing_response":"","wpdc_publishing_error":"","footnotes":""},"class_list":["post-7320","page","type-page","status-publish","hentry"],"yoast_head":"<!-- This site is optimized with the Yoast SEO plugin v25.3.1 - https:\/\/yoast.com\/wordpress\/plugins\/seo\/ -->\n<title>Wtyczka czatu Wordpress Whatsapp - dodaj Whatsapp do Wordpress [ 2025 ]<\/title>\n<meta name=\"description\" content=\"Dodaj wtyczk\u0119 Whatsapp Chat do witryny WordPress tylko w 2 minuty. Poznaj wszystkie g\u0142\u00f3wne cechy najlepszego widgetu czatu w bezp\u0142atnej wersji demonstracyjnej.\" \/>\n<meta name=\"robots\" content=\"index, follow, max-snippet:-1, max-image-preview:large, max-video-preview:-1\" \/>\n<link rel=\"canonical\" href=\"https:\/\/elfsight.com\/pl\/whatsapp-chat-widget\/wordpress\/\" \/>\n<meta property=\"og:locale\" content=\"pl_PL\" \/>\n<meta property=\"og:type\" content=\"article\" \/>\n<meta property=\"og:title\" content=\"Wtyczka czatu Wordpress Whatsapp - dodaj Whatsapp do Wordpress [ 2025 ]\" \/>\n<meta property=\"og:description\" content=\"Dodaj wtyczk\u0119 Whatsapp Chat do witryny WordPress tylko w 2 minuty. Poznaj wszystkie g\u0142\u00f3wne cechy najlepszego widgetu czatu w bezp\u0142atnej wersji demonstracyjnej.\" \/>\n<meta property=\"og:url\" content=\"https:\/\/elfsight.com\/pl\/whatsapp-chat-widget\/wordpress\/\" \/>\n<meta property=\"og:site_name\" content=\"Elfsight PL\" \/>\n<meta property=\"article:modified_time\" content=\"2025-12-25T12:40:01+00:00\" \/>\n<meta name=\"twitter:card\" content=\"summary_large_image\" \/>\n<meta name=\"twitter:label1\" content=\"Szacowany czas czytania\" \/>\n\t<meta name=\"twitter:data1\" content=\"3 minuty\" \/>\n<!-- \/ Yoast SEO plugin. -->","yoast_head_json":{"title":"Wtyczka czatu Wordpress Whatsapp - dodaj Whatsapp do Wordpress [ 2025 ]","description":"Dodaj wtyczk\u0119 Whatsapp Chat do witryny WordPress tylko w 2 minuty. Poznaj wszystkie g\u0142\u00f3wne cechy najlepszego widgetu czatu w bezp\u0142atnej wersji demonstracyjnej.","robots":{"index":"index","follow":"follow","max-snippet":"max-snippet:-1","max-image-preview":"max-image-preview:large","max-video-preview":"max-video-preview:-1"},"canonical":"https:\/\/elfsight.com\/pl\/whatsapp-chat-widget\/wordpress\/","og_locale":"pl_PL","og_type":"article","og_title":"Wtyczka czatu Wordpress Whatsapp - dodaj Whatsapp do Wordpress [ 2025 ]","og_description":"Dodaj wtyczk\u0119 Whatsapp Chat do witryny WordPress tylko w 2 minuty. Poznaj wszystkie g\u0142\u00f3wne cechy najlepszego widgetu czatu w bezp\u0142atnej wersji demonstracyjnej.","og_url":"https:\/\/elfsight.com\/pl\/whatsapp-chat-widget\/wordpress\/","og_site_name":"Elfsight PL","article_modified_time":"2025-12-25T12:40:01+00:00","twitter_card":"summary_large_image","twitter_misc":{"Szacowany czas czytania":"3 minuty"},"schema":{"@context":"https:\/\/schema.org","@graph":[{"@type":"WebPage","@id":"https:\/\/elfsight.com\/pl\/whatsapp-chat-widget\/wordpress\/","url":"https:\/\/elfsight.com\/pl\/whatsapp-chat-widget\/wordpress\/","name":"Wtyczka czatu Wordpress Whatsapp - dodaj Whatsapp do Wordpress [ 2025 ]","isPartOf":{"@id":"https:\/\/elfsight.com\/pl\/#website"},"datePublished":"1970-01-01T00:00:00+00:00","dateModified":"2025-12-25T12:40:01+00:00","description":"Dodaj wtyczk\u0119 Whatsapp Chat do witryny WordPress tylko w 2 minuty. Poznaj wszystkie g\u0142\u00f3wne cechy najlepszego widgetu czatu w bezp\u0142atnej wersji demonstracyjnej.","breadcrumb":{"@id":"https:\/\/elfsight.com\/pl\/whatsapp-chat-widget\/wordpress\/#breadcrumb"},"inLanguage":"pl-PL","potentialAction":[{"@type":"ReadAction","target":["https:\/\/elfsight.com\/pl\/whatsapp-chat-widget\/wordpress\/"]}]},{"@type":"BreadcrumbList","@id":"https:\/\/elfsight.com\/pl\/whatsapp-chat-widget\/wordpress\/#breadcrumb","itemListElement":[{"@type":"ListItem","position":1,"name":"Home","item":"https:\/\/elfsight.com\/pl\/"},{"@type":"ListItem","position":2,"name":"WhatsApp Chat","item":"https:\/\/elfsight.com\/pl\/whatsapp-chat-widget\/"},{"@type":"ListItem","position":3,"name":"Whatsapp Chat &#8211; WordPress"}]},{"@type":"WebSite","@id":"https:\/\/elfsight.com\/pl\/#website","url":"https:\/\/elfsight.com\/pl\/","name":"Elfsight PL","description":"Just another Elfsight Sites site","potentialAction":[{"@type":"SearchAction","target":{"@type":"EntryPoint","urlTemplate":"https:\/\/elfsight.com\/pl\/?s={search_term_string}"},"query-input":{"@type":"PropertyValueSpecification","valueRequired":true,"valueName":"search_term_string"}}],"inLanguage":"pl-PL"}]}},"meta_box":{"industry":"","seo_heading":"","heading":"","description":"","cta_heading":"","cta_description":"","application":"856","h1":"Wtyczka WordPress Whatsapp Chat","h1_caption":"Najwygodniejszy kana\u0142 komunikacji dla klient\u00f3w Twojej witryny","application_category":[],"applications_title":"","applications_request_title":"","applications_request_button_text":"","hero_text":"","hero_video":"","hero_video_schema_markup":"","selling_points_title":"","selling_points_caption":"","selling_points":[],"selling_points_cta_text":"","features_title":"","features":"","ed_cta_examples_text":"","ed_cta_examples_hidden":"","ed_cta_demo_text":"","ed_cta_demo_hidden":"","why_caption":"","why_editor_title":"","why_editor_text":"","why_team_title":"","why_team_text":"","why_service_title":"","why_service_text":"","template_catalog_visible":"0","template_catalog_title":"","template_catalog_text":"","template_catalog_categories_visible":"","demo_title":"Utw\u00f3rz wtyczk\u0119 czatu Whatsapp","demo_caption":"Skonfiguruj czat Whatsapp i dodaj go do swojej witryny WordPress za darmo!","default_faq_hidden":"","app_template_category":[],"platform":"31","template_public_id":"","codecanyon_url":"","codecanyon_item_id":"","codecanyon_price":"","pricing_caption":"","pricing_elfsight_apps_hide_column":"","pricing_elfsight_apps_url":"","pricing_codecanyon_price_caption":"","integration_category":[],"integration_request_title":"","integration_request_cta":"","integration_platform":"","integrations":[],"platform_category":[],"video_schema_markup":"","price":"od 0 USD \/ miesi\u0105c","trial":"","benefits":[{"text":"Bezp\u0142atna pomoc w instalacji"},{"text":"Wyj\u0105tkowe wsparcie"},{"text":"14-dniowa gwarancja zwrotu pieni\u0119dzy"}],"button_url":"#demo","button_target_blank":"0","button_nofollow":"0","attributes":[{"name":"Instaluje","content":"100,000 - 500,000"},{"name":"Czu\u0142y","content":"Tak"},{"name":"Kompatybilne przegl\u0105darki","content":"IE11, Firefox, Safari, Opera, Chrome, Edge"}],"tags":[],"tags_disable_links":"0","hide_more_platforms":"0","video_object":"","demo_hide_cta":"0","demo_hide_cloud_options":"0","pricing_title":"","pricing":[{"pricing_icon":"platform","pricing_title":"Elfsight Apps","pricing_title_caption":"Rozwi\u0105zanie wieloplatformowe","pricing_price":"od 0 USD \/ miesi\u0105c","pricing_price_caption":"zacznij od bezp\u0142atnego planu","pricing_benefits":[{"text":"Nielimitowane domeny"},{"text":"Wsparcie premium i dobrze udokumentowane"},{"text":"Bezp\u0142atna pomoc przy instalacji"},{"text":"\u015awietna oferta na wiele aplikacji"}],"pricing_button_text":"Dodaj do witryny","pricing_button_url":"#demo"}],"related_apps_title":"","related_apps_hidden":"0","author":"","image":[],"title":"","job":"","social_networks":[]},"_links":{"self":[{"href":"https:\/\/elfsight.com\/pl\/wp-json\/wp\/v2\/pages\/7320","targetHints":{"allow":["GET"]}}],"collection":[{"href":"https:\/\/elfsight.com\/pl\/wp-json\/wp\/v2\/pages"}],"about":[{"href":"https:\/\/elfsight.com\/pl\/wp-json\/wp\/v2\/types\/page"}],"author":[{"embeddable":true,"href":"https:\/\/elfsight.com\/pl\/wp-json\/wp\/v2\/users\/9"}],"replies":[{"embeddable":true,"href":"https:\/\/elfsight.com\/pl\/wp-json\/wp\/v2\/comments?post=7320"}],"version-history":[{"count":5,"href":"https:\/\/elfsight.com\/pl\/wp-json\/wp\/v2\/pages\/7320\/revisions"}],"predecessor-version":[{"id":10829,"href":"https:\/\/elfsight.com\/pl\/wp-json\/wp\/v2\/pages\/7320\/revisions\/10829"}],"up":[{"embeddable":true,"href":"https:\/\/elfsight.com\/pl\/wp-json\/wp\/v2\/pages\/857"}],"wp:attachment":[{"href":"https:\/\/elfsight.com\/pl\/wp-json\/wp\/v2\/media?parent=7320"}],"curies":[{"name":"wp","href":"https:\/\/api.w.org\/{rel}","templated":true}]}}