{"id":7319,"date":"1970-01-01T00:00:00","date_gmt":"1970-01-01T00:00:00","guid":{"rendered":"https:\/\/elfsight.com\/pl\/?page_id=7319"},"modified":"2025-11-01T10:09:50","modified_gmt":"2025-11-01T10:09:50","slug":"wix","status":"publish","type":"page","link":"https:\/\/elfsight.com\/pl\/whatsapp-chat-widget\/wix\/","title":{"rendered":"Whatsapp Chat &#8211; Wix"},"content":{"rendered":"<div class=\"application-platform-content-item-description application-platform-content-item\" id=\"description\" data-nav-section=\"description\"> <h2>Umie\u015b\u0107 czat WhatsApp za pomoc\u0105 wid\u017cetu Elfsight<\/h2> <p>Aplikacja WhatsApp firmy Elfsight to najprostsze narz\u0119dzie, dzi\u0119ki kt\u00f3remu klienci Twojej witryny mog\u0105 pozosta\u0107 w kontakcie Ciebie i us\u0142ysze\u0107 odpowiedzi na ich pytania i pro\u015bby. B\u0105d\u017a dost\u0119pny online dla widz\u00f3w w najpopularniejszym komunikatorze 24\/7. Wstaw czat w sklepie i pozw\u00f3l, aby pojawia\u0142 si\u0119 na wybranych stronach lub dla okre\u015blonych grup u\u017cytkownik\u00f3w, wybierz wyzwalacze rozpocz\u0119cia czatu, zaprezentuj w\u0142asn\u0105 wiadomo\u015b\u0107 powitaln\u0105, ustaw ikony i zastosuj inn\u0105 personalizacj\u0119. Dzi\u0119ki zainstalowanemu na stronie czatowi WhatsApp b\u0119dziesz dost\u0119pny dla odwiedzaj\u0105cych o ka\u017cdej porze i z dowolnego miejsca.<\/p><\/div> <div class=\"application-platform-content-item-features application-platform-content-item\" id=\"features\" data-nav-section=\"features\"> <h2>G\u0142\u00f3wne funkcje wtyczki WhatsApp Chat<\/h2> <p>Aby lepiej postrzega\u0107 przycisk Czat na \u017cywo Whatsapp, oto lista najcenniejszych funkcji. Sprawiaj\u0105, \u017ce ten widget jest dla Ciebie maksymalnie korzystny: <\/p> <ul><li>Wklej komunikator WhatsApp na swoj\u0105 stron\u0119 internetow\u0105, aby by\u0142 zawsze dost\u0119pny dla klient\u00f3w; <\/li><li>Udziel odpowiedzi bezpo\u015brednio ze swojego konta WhatsApp; <\/li><li>Wybierz jeden z trzech typ\u00f3w uk\u0142adu czatu: jako p\u0142ywaj\u0105ca ba\u0144ka, osadzona ba\u0144ka i osadzone okno czatu; <\/li><li>Odkryj zestaw ikon dymk\u00f3w do wyboru. <\/li><li>Edytuj tekst dymku czatu. <\/li><\/ul><p><a href=\"#demo\">Demo na \u017cywo poka\u017ce Ci pe\u0142n\u0105 list\u0119 funkcji<\/a><\/p> <\/div> <div class=\"application-platform-content-item-installation application-platform-content-item\" id=\"installation\" data-nav-section=\"installation\"> <h2>Jak doda\u0107 aplikacj\u0119 Czat na \u017cywo do swojej strony Wix<\/h2> <div><iframe width=\"720\" height=\"405\" src=\"https:\/\/www.youtube.com\/embed\/WGcyfGyfAdw?si=7eiEZD0WBk8rXO8q\" frameborder=\"0\" allowfullscreen=\"\"><\/iframe><\/div>  <p>Wystarcz\u0105 poni\u017csze kroki, aby wy\u015bwietli\u0107 wid\u017cet Whatsapp i pe\u0142n\u0105 integracj\u0119 przycisku.<\/p> <ul><li><b>Zaprojektuj w\u0142asn\u0105 aplikacj\u0119 WhatsApp Chat<\/b><br> Zarz\u0105dzaj\u0105c nasz\u0105 bezp\u0142atn\u0105 wersj\u0105 demonstracyjn\u0105, uzyskaj wtyczk\u0119 z preferowanym sk\u0142adem i cechami funkcjonalnymi. <\/li><li><b>Skopiuj indywidualny kod, aby zainstalowa\u0107 aplikacj\u0119<\/b><br> Po utworzeniu wtyczki otrzymasz unikalny kod z wyskakuj\u0105cego powiadomienia w aplikacji Elfsight. Skopiuj kod. <\/li> <li><b>Wy\u015bwietl aplikacj\u0119 na swojej stronie Wix<\/b><br> Znajd\u017a miejsce, w kt\u00f3rym chcesz osadzi\u0107 wtyczk\u0119 i dodaj tam zapisany kod. Opublikuj zmiany. <\/li> <li><b>Instalacja zosta\u0142a w pe\u0142ni uko\u0144czona<\/b><br> Przejd\u017a do swojej witryny i sprawd\u017a swoj\u0105 prac\u0119. <\/li> <\/ul><p>Nadal nie mo\u017cesz si\u0119 zdecydowa\u0107? Lub masz problemy? Po prostu napisz pro\u015bb\u0119 do naszego dzia\u0142u obs\u0142ugi klienta, a oni rozwi\u0105\u017c\u0105 ka\u017cde pytanie. <\/p> <\/div><div class=\"faq\" data-component=\"FAQ\"><div class=\"faq-item\">\r\n\t\t\t\t\t<div class=\"faq-item-question\">\r\n\t\t\t\t\t\t<h3 class=\"faq-item-question-text\">Jak doda\u0107 wid\u017cet WhatsApp Chat do witryny Wix?<\/h3>\r\n\r\n\t\t\t\t\t\t<div class=\"faq-item-question-icon\"><\/div>\r\n\t\t\t\t\t<\/div>\r\n\r\n\t\t\t\t\t<div class=\"faq-item-answer\">\r\n\t\t\t\t\t\t<div class=\"faq-item-answer-text\"><p>Instalacja zajmie oko\u0142o minuty i po\u0142owa. Co wi\u0119cej, nie musisz posiada\u0107 umiej\u0119tno\u015bci kodowania. <\/p><ol><li>Dostosuj wid\u017cet w bezp\u0142atnym konfiguratorze na \u017cywo. <\/li> <li>Skopiuj kod instalacyjny. <\/li> <li>Wstaw kod w odpowiednim miejscu szablonu witryny. <\/li> <li>To wszystko! Osadzenie przycisku czatu na Wix zosta\u0142o zako\u0144czone! <\/li><\/ol><p>Masz problemy z umieszczeniem wtyczki w Wix lub jej sformatowaniem? Mo\u017cesz przeczyta\u0107 szczeg\u00f3\u0142owy przewodnik na temat <a href=\"https:\/\/elfsight.com\/blog\/how-to-add-whatsapp-chat-to-wix-for-free\/\">dodawania czatu WhatsApp do Wix<\/a>.<\/p><\/div>\r\n\t\t\t\t\t<\/div>\r\n\t\t\t\t<\/div><div class=\"faq-item\">\r\n\t\t\t\t\t<div class=\"faq-item-question\">\r\n\t\t\t\t\t\t<h3 class=\"faq-item-question-text\">Czy jest szansa, aby zobaczy\u0107, jak widget b\u0119dzie wygl\u0105da\u0142 na stronie?<\/h3>\r\n\r\n\t\t\t\t\t\t<div class=\"faq-item-question-icon\"><\/div>\r\n\t\t\t\t\t<\/div>\r\n\r\n\t\t\t\t\t<div class=\"faq-item-answer\">\r\n\t\t\t\t\t\t<div class=\"faq-item-answer-text\"><p>Tak, mo\u017cesz! Podczas tworzenia wid\u017cetu WhatsApp Chat dla Wix <a href=\"https:\/\/elfsight.com\/whatsapp-chat-widget\/create\/\">w darmowym kreatorze online<\/a> b\u0119dziesz bra\u0107 pod uwag\u0119 wszystkie konfiguracje w jego prawej cz\u0119\u015bci. Okno czatu b\u0119dzie identyczne z tym, kt\u00f3re znajdziesz na stronie Wix. <\/p><\/div>\r\n\t\t\t\t\t<\/div>\r\n\t\t\t\t<\/div><div class=\"faq-item\">\r\n\t\t\t\t\t<div class=\"faq-item-question\">\r\n\t\t\t\t\t\t<h3 class=\"faq-item-question-text\">Jakie popularne wid\u017cety s\u0105 niezb\u0119dne w witrynie Wix?<\/h3>\r\n\r\n\t\t\t\t\t\t<div class=\"faq-item-question-icon\"><\/div>\r\n\t\t\t\t\t<\/div>\r\n\r\n\t\t\t\t\t<div class=\"faq-item-answer\">\r\n\t\t\t\t\t\t<div class=\"faq-item-answer-text\"><p>Istnieje wiele wid\u017cet\u00f3w Wix, kt\u00f3re z \u0142atwo\u015bci\u0105 mog\u0105 ulepszy\u0107 Twoj\u0105 witryn\u0119. Istniej\u0105 na przyk\u0142ad inne wid\u017cety czatu, takie jak czat All-in-One, <a href=\"https:\/\/elfsight.com\/facebook-chat-widget\/wix\/\" target=\"_blank\" rel=\"noopener\">Facebook Czat<\/a>, <a href=\"https:\/\/elfsight.com\/telegram-chat-widget\/wix\/\" target=\"_blank\" rel=\"noopener\">Czat telegramowy<\/a>, <a href=\"\/\/elfsight.com\/viber-chat-widget\/wix\/\" target=\"_blank\" rel=\"noopener\">Czat Viber<\/a>. Wszystkie s\u0105 \u0142atwe do wdro\u017cenia i mog\u0105 znacznie poprawi\u0107 wydajno\u015b\u0107 Twojej witryny.<\/p><\/div>\r\n\t\t\t\t\t<\/div>\r\n\t\t\t\t<\/div><div class=\"faq-item\">\r\n\t\t\t\t\t<div class=\"faq-item-question\">\r\n\t\t\t\t\t\t<h3 class=\"faq-item-question-text\">Najlepsze sposoby wykorzystania integracji czatu na \u017cywo z Whatsapp<\/h3>\r\n\r\n\t\t\t\t\t\t<div class=\"faq-item-question-icon\"><\/div>\r\n\t\t\t\t\t<\/div>\r\n\r\n\t\t\t\t\t<div class=\"faq-item-answer\">\r\n\t\t\t\t\t\t<div class=\"faq-item-answer-text\"><p>Mamy wiele opcje dostosowywania: pe\u0142nowymiarowe wid\u017cety do dodawania w sekcji tre\u015bci, p\u0142ywaj\u0105ce wtyczki umo\u017cliwiaj\u0105ce przewijanie, uk\u0142ady stopki witryny, sekcji nag\u0142\u00f3wka i wszelkiego rodzaju pionowe mo\u017cliwo\u015bci pask\u00f3w bocznych i menu witryny. <\/p><\/div>\r\n\t\t\t\t\t<\/div>\r\n\t\t\t\t<\/div><div class=\"faq-item\">\r\n\t\t\t\t\t<div class=\"faq-item-question\">\r\n\t\t\t\t\t\t<h3 class=\"faq-item-question-text\">Jakich rezultat\u00f3w mog\u0119 si\u0119 spodziewa\u0107 po zainstalowaniu WhatsApp Chat na mojej stronie Wix?<\/h3>\r\n\r\n\t\t\t\t\t\t<div class=\"faq-item-question-icon\"><\/div>\r\n\t\t\t\t\t<\/div>\r\n\r\n\t\t\t\t\t<div class=\"faq-item-answer\">\r\n\t\t\t\t\t\t<div class=\"faq-item-answer-text\"><p>Przycisk Wix WhatsApp mo\u017ce znacz\u0105co i pozytywnie wp\u0142yn\u0105\u0107 na wydajno\u015b\u0107 Twojej witryny . Zostaw w\u015br\u00f3d odbiorc\u00f3w tylko pozytywne wspomnienia z pracy zwi\u0105zanej z obs\u0142ug\u0105 klienta. To Ty decydujesz, kto zobaczy wtyczk\u0119 WIX WhatsApp na Twojej stronie. Integracja z Wix WhatsApp pomo\u017ce Ci zapewni\u0107 wszelkiego rodzaju pomoc, tak\u0105 jak obs\u0142uga klienta, a nawet wi\u0119cej! Mo\u017cesz po prostu komunikowa\u0107 si\u0119 ze swoimi u\u017cytkownikami, dyskutuj\u0105c o czymkolwiek chcesz. Dodaj przycisk WhatsApp do swojej witryny Wix, a zobaczysz wzrost poziomu zadowolenia klient\u00f3w i rozkwit Twojej firmy.<\/p><\/div>\r\n\t\t\t\t\t<\/div>\r\n\t\t\t\t<\/div><div class=\"faq-item\">\r\n\t\t\t\t\t<div class=\"faq-item-question\">\r\n\t\t\t\t\t\t<h3 class=\"faq-item-question-text\">Jak mog\u0119 zmodyfikowa\u0107 wygl\u0105d i zestaw funkcji mojego czatu dla Wix?<\/h3>\r\n\r\n\t\t\t\t\t\t<div class=\"faq-item-question-icon\"><\/div>\r\n\t\t\t\t\t<\/div>\r\n\r\n\t\t\t\t\t<div class=\"faq-item-answer\">\r\n\t\t\t\t\t\t<div class=\"faq-item-answer-text\"><p>Ka\u017cdy, kto wybierze nasz czat WhatsApp, ma dost\u0119p do szerokiego wyboru opcji dostosowywania. Oznacza to, \u017ce dodasz do swojej witryny WIX funkcj\u0119 WhatsApp stworzon\u0105 specjalnie dla Ciebie. Mo\u017cesz ca\u0142kowicie zmieni\u0107 wygl\u0105d wtyczki, tak aby sta\u0142a si\u0119 integraln\u0105 cz\u0119\u015bci\u0105 projektu i stylu Twojej witryny. Wystarczy zacz\u0105\u0107 od stworzenia wtyczki, wybra\u0107 jeden z szablon\u00f3w, a nast\u0119pnie zmieni\u0107 jego wygl\u0105d tak, aby pasowa\u0142 do stylu Twojej marki. Korzystaj\u0105c z mn\u00f3stwa innych opcji, sprawisz, \u017ce wtyczka b\u0119dzie dzia\u0142a\u0107 zgodnie z Twoimi celami biznesowymi, dzi\u0119ki czemu b\u0119d\u0105 one naprawd\u0119 \u0142atwe do osi\u0105gni\u0119cia. Wypr\u00f3buj teraz i przekonaj si\u0119, jakie to proste w naszym darmowym konfiguratorze.<\/p><\/div>\r\n\t\t\t\t\t<\/div>\r\n\t\t\t\t<\/div><\/div>","protected":false},"excerpt":{"rendered":"","protected":false},"author":9,"featured_media":0,"parent":857,"menu_order":0,"comment_status":"closed","ping_status":"closed","template":"templates\/template-application-platform.php","meta":{"publish_to_discourse":"","publish_post_category":"","wpdc_auto_publish_overridden":"","wpdc_topic_tags":"","wpdc_pin_topic":"","wpdc_pin_until":"","discourse_post_id":"","discourse_permalink":"","wpdc_publishing_response":"","wpdc_publishing_error":"","footnotes":""},"class_list":["post-7319","page","type-page","status-publish","hentry"],"yoast_head":"<!-- This site is optimized with the Yoast SEO plugin v25.3.1 - https:\/\/yoast.com\/wordpress\/plugins\/seo\/ -->\n<title>Czat Wix Whatsapp \u2014 dodaj Whatsapp do witryny Wix [ 2026 ]<\/title>\n<meta name=\"description\" content=\"Dowiedz si\u0119, jak bezp\u0142atnie doda\u0107 czat Whatsapp do witryny Wix. Wypr\u00f3buj wszystkie g\u0142\u00f3wne funkcje najlepszego przycisku Wix WhatsApp w wersji demonstracyjnej Elfsight.\" \/>\n<meta name=\"robots\" content=\"index, follow, max-snippet:-1, max-image-preview:large, max-video-preview:-1\" \/>\n<link rel=\"canonical\" href=\"https:\/\/elfsight.com\/pl\/whatsapp-chat-widget\/wix\/\" \/>\n<meta property=\"og:locale\" content=\"pl_PL\" \/>\n<meta property=\"og:type\" content=\"article\" \/>\n<meta property=\"og:title\" content=\"Czat Wix Whatsapp \u2014 dodaj Whatsapp do witryny Wix [ 2026 ]\" \/>\n<meta property=\"og:description\" content=\"Dowiedz si\u0119, jak bezp\u0142atnie doda\u0107 czat Whatsapp do witryny Wix. Wypr\u00f3buj wszystkie g\u0142\u00f3wne funkcje najlepszego przycisku Wix WhatsApp w wersji demonstracyjnej Elfsight.\" \/>\n<meta property=\"og:url\" content=\"https:\/\/elfsight.com\/pl\/whatsapp-chat-widget\/wix\/\" \/>\n<meta property=\"og:site_name\" content=\"Elfsight PL\" \/>\n<meta property=\"article:modified_time\" content=\"2025-11-01T10:09:50+00:00\" \/>\n<meta name=\"twitter:card\" content=\"summary_large_image\" \/>\n<meta name=\"twitter:label1\" content=\"Szacowany czas czytania\" \/>\n\t<meta name=\"twitter:data1\" content=\"5 minut\" \/>\n<!-- \/ Yoast SEO plugin. -->","yoast_head_json":{"title":"Czat Wix Whatsapp \u2014 dodaj Whatsapp do witryny Wix [ 2026 ]","description":"Dowiedz si\u0119, jak bezp\u0142atnie doda\u0107 czat Whatsapp do witryny Wix. Wypr\u00f3buj wszystkie g\u0142\u00f3wne funkcje najlepszego przycisku Wix WhatsApp w wersji demonstracyjnej Elfsight.","robots":{"index":"index","follow":"follow","max-snippet":"max-snippet:-1","max-image-preview":"max-image-preview:large","max-video-preview":"max-video-preview:-1"},"canonical":"https:\/\/elfsight.com\/pl\/whatsapp-chat-widget\/wix\/","og_locale":"pl_PL","og_type":"article","og_title":"Czat Wix Whatsapp \u2014 dodaj Whatsapp do witryny Wix [ 2026 ]","og_description":"Dowiedz si\u0119, jak bezp\u0142atnie doda\u0107 czat Whatsapp do witryny Wix. Wypr\u00f3buj wszystkie g\u0142\u00f3wne funkcje najlepszego przycisku Wix WhatsApp w wersji demonstracyjnej Elfsight.","og_url":"https:\/\/elfsight.com\/pl\/whatsapp-chat-widget\/wix\/","og_site_name":"Elfsight PL","article_modified_time":"2025-11-01T10:09:50+00:00","twitter_card":"summary_large_image","twitter_misc":{"Szacowany czas czytania":"5 minut"},"schema":{"@context":"https:\/\/schema.org","@graph":[{"@type":"WebPage","@id":"https:\/\/elfsight.com\/pl\/whatsapp-chat-widget\/wix\/","url":"https:\/\/elfsight.com\/pl\/whatsapp-chat-widget\/wix\/","name":"Czat Wix Whatsapp \u2014 dodaj Whatsapp do witryny Wix [ 2026 ]","isPartOf":{"@id":"https:\/\/elfsight.com\/pl\/#website"},"datePublished":"1970-01-01T00:00:00+00:00","dateModified":"2025-11-01T10:09:50+00:00","description":"Dowiedz si\u0119, jak bezp\u0142atnie doda\u0107 czat Whatsapp do witryny Wix. Wypr\u00f3buj wszystkie g\u0142\u00f3wne funkcje najlepszego przycisku Wix WhatsApp w wersji demonstracyjnej Elfsight.","breadcrumb":{"@id":"https:\/\/elfsight.com\/pl\/whatsapp-chat-widget\/wix\/#breadcrumb"},"inLanguage":"pl-PL","potentialAction":[{"@type":"ReadAction","target":["https:\/\/elfsight.com\/pl\/whatsapp-chat-widget\/wix\/"]}]},{"@type":"BreadcrumbList","@id":"https:\/\/elfsight.com\/pl\/whatsapp-chat-widget\/wix\/#breadcrumb","itemListElement":[{"@type":"ListItem","position":1,"name":"Home","item":"https:\/\/elfsight.com\/pl\/"},{"@type":"ListItem","position":2,"name":"WhatsApp Chat","item":"https:\/\/elfsight.com\/pl\/whatsapp-chat-widget\/"},{"@type":"ListItem","position":3,"name":"Whatsapp Chat &#8211; Wix"}]},{"@type":"WebSite","@id":"https:\/\/elfsight.com\/pl\/#website","url":"https:\/\/elfsight.com\/pl\/","name":"Elfsight PL","description":"Just another Elfsight Sites site","potentialAction":[{"@type":"SearchAction","target":{"@type":"EntryPoint","urlTemplate":"https:\/\/elfsight.com\/pl\/?s={search_term_string}"},"query-input":{"@type":"PropertyValueSpecification","valueRequired":true,"valueName":"search_term_string"}}],"inLanguage":"pl-PL"}]}},"meta_box":{"industry":"","seo_heading":"","heading":"","description":"","cta_heading":"","cta_description":"","application":"856","h1":"Aplikacja do czatowania na \u017cywo Wix Whatsapp","h1_caption":"Daj u\u017cytkownikom mo\u017cliwo\u015b\u0107 skontaktowania si\u0119 z Tob\u0105 za po\u015brednictwem WhatsApp, zapewniaj\u0105c najszybsz\u0105 i najwygodniejsz\u0105 interakcj\u0119 dla odwiedzaj\u0105cych Twoj\u0105 witryn\u0119 z Twoj\u0105 witryn\u0105 Wix.","application_category":[],"applications_title":"","applications_request_title":"","applications_request_button_text":"","hero_text":"","hero_video":"","hero_video_schema_markup":"","selling_points_title":"","selling_points_caption":"","selling_points":[],"selling_points_cta_text":"","features_title":"","features":"","ed_cta_examples_text":"","ed_cta_examples_hidden":"","ed_cta_demo_text":"","ed_cta_demo_hidden":"","why_caption":"","why_editor_title":"","why_editor_text":"","why_team_title":"","why_team_text":"","why_service_title":"","why_service_text":"","template_catalog_visible":"0","template_catalog_title":"","template_catalog_text":"","template_catalog_categories_visible":"","demo_title":"Utw\u00f3rz aplikacj\u0119 do czatowania Whatsapp","demo_caption":"Skonfiguruj sw\u00f3j czat Whatsapp i dodaj go do swojej witryny Wix za darmo!","default_faq_hidden":"","app_template_category":[],"platform":"30","template_public_id":"","codecanyon_url":"","codecanyon_item_id":"","codecanyon_price":"","pricing_caption":"","pricing_elfsight_apps_hide_column":"","pricing_elfsight_apps_url":"","pricing_codecanyon_price_caption":"","integration_category":[],"integration_request_title":"","integration_request_cta":"","integration_platform":"","integrations":[],"platform_category":[],"video_schema_markup":"","price":"od 0 USD \/ miesi\u0105c","trial":"","benefits":[{"text":"Bezp\u0142atna us\u0142uga monta\u017cu"},{"text":"Do\u015bwiadczona obs\u0142uga klienta"},{"text":"14-dniowa gwarancja zwrotu pieni\u0119dzy"}],"button_url":"#demo","button_target_blank":"0","button_nofollow":"0","attributes":[{"name":"Instaluje","content":"100,000 - 500,000"},{"name":"Czu\u0142y","content":"Tak"},{"name":"Kompatybilne przegl\u0105darki","content":"IE11, Firefox, Safari, Opera, Chrome, Edge"}],"tags":[],"tags_disable_links":"0","hide_more_platforms":"0","video_object":"","demo_hide_cta":"0","demo_hide_cloud_options":"0","pricing_title":"","pricing":[{"pricing_icon":"platform","pricing_title":"Elfsight Apps","pricing_title_caption":"Wersja wieloplatformowa","pricing_price":"od 0 USD \/ miesi\u0105c","pricing_price_caption":"zacznij od bezp\u0142atnego planu","pricing_benefits":[{"text":"Nieograniczona liczba domen"},{"text":"Bezp\u0142atne i terminowe wsparcie"},{"text":"Bezp\u0142atne wsparcie instalacyjne"},{"text":"Oferta specjalna na wiele aplikacji"}],"pricing_button_text":"Dodaj do witryny","pricing_button_url":"#demo"}],"related_apps_title":"","related_apps_hidden":"0","author":"","image":[],"title":"","job":"","social_networks":[]},"_links":{"self":[{"href":"https:\/\/elfsight.com\/pl\/wp-json\/wp\/v2\/pages\/7319","targetHints":{"allow":["GET"]}}],"collection":[{"href":"https:\/\/elfsight.com\/pl\/wp-json\/wp\/v2\/pages"}],"about":[{"href":"https:\/\/elfsight.com\/pl\/wp-json\/wp\/v2\/types\/page"}],"author":[{"embeddable":true,"href":"https:\/\/elfsight.com\/pl\/wp-json\/wp\/v2\/users\/9"}],"replies":[{"embeddable":true,"href":"https:\/\/elfsight.com\/pl\/wp-json\/wp\/v2\/comments?post=7319"}],"version-history":[{"count":4,"href":"https:\/\/elfsight.com\/pl\/wp-json\/wp\/v2\/pages\/7319\/revisions"}],"predecessor-version":[{"id":10788,"href":"https:\/\/elfsight.com\/pl\/wp-json\/wp\/v2\/pages\/7319\/revisions\/10788"}],"up":[{"embeddable":true,"href":"https:\/\/elfsight.com\/pl\/wp-json\/wp\/v2\/pages\/857"}],"wp:attachment":[{"href":"https:\/\/elfsight.com\/pl\/wp-json\/wp\/v2\/media?parent=7319"}],"curies":[{"name":"wp","href":"https:\/\/api.w.org\/{rel}","templated":true}]}}