{"id":7318,"date":"1970-01-01T00:00:00","date_gmt":"1970-01-01T00:00:00","guid":{"rendered":"https:\/\/elfsight.com\/pl\/?page_id=7318"},"modified":"2025-12-01T09:37:10","modified_gmt":"2025-12-01T09:37:10","slug":"elementor","status":"publish","type":"page","link":"https:\/\/elfsight.com\/pl\/whatsapp-chat-widget\/elementor\/","title":{"rendered":"Whatsapp Chat &#8211; Elementor"},"content":{"rendered":"<div class=\"application-platform-content-item-description application-platform-content-item\" id=\"description\" data-nav-section=\"description\"> <h2>Umie\u015b\u0107 czat WhatsApp za pomoc\u0105 wid\u017cetu Elfsight<\/h2> <p>Wid\u017cet czatu stworzony przez Elfsight umo\u017cliwia najszybszy kontakt os\u00f3b przegl\u0105daj\u0105cych Twoj\u0105 witryn\u0119 z Tob\u0105 i uzyska\u0107 odpowiedzi na ich pytania. Teraz jeste\u015b dost\u0119pny online dla swoich ludzi w najwygodniejszym komunikatorze przez ca\u0142y dzie\u0144. Umie\u015b\u0107 wid\u017cet WhatsApp na swojej stronie internetowej i wy\u015bwietlaj go na okre\u015blonych stronach lub dla okre\u015blonych grup widz\u00f3w, wybierz wyzwalacze rozpocz\u0119cia czatu, do\u0142\u0105cz osobist\u0105 wiadomo\u015b\u0107 powitaln\u0105, ustaw ikony i zastosuj inne dostosowania. Maj\u0105c czat na \u017cywo Elfsight na swojej stronie internetowej, b\u0119dziesz \u0142atwo dost\u0119pny dla odwiedzaj\u0105cych przez ca\u0142y czas i niezale\u017cnie od tego, gdzie si\u0119 znajdujesz.<\/p><p>Czat Elementor WhatsApp mo\u017ce pom\u00f3c Ci w zwi\u0119kszeniu og\u00f3lnej wydajno\u015bci Twojej firmy, zapewniaj\u0105c niesamowita obs\u0142uga klienta. Mo\u017cesz umie\u015bci\u0107 przycisk Elementor WhatsApp na wszystkich lub wybranych stronach swojej witryny. Ponadto istnieje mo\u017cliwo\u015b\u0107 wybrania konkretnych odbiorc\u00f3w, kt\u00f3rzy uzyskaj\u0105 dost\u0119p do przycisku WhatsApp Elementora. W\u0142\u0105czaj\u0105c t\u0119 \u200b\u200bopcj\u0119 na swojej stronie internetowej, sprawisz, \u017ce przycisk WhatsApp b\u0119dzie dzia\u0142a\u0142 efektywnie. Jest to idealne rozwi\u0105zanie w przypadku wszelkiego rodzaju pomocy, obs\u0142ugi klienta, wdra\u017cania i innych sytuacji, z kt\u00f3rymi mo\u017ce spotka\u0107 si\u0119 ka\u017cda firma dzia\u0142aj\u0105ca online i offline. A fakt, \u017ce korzystasz z jednego z najpopularniejszych komunikator\u00f3w, tylko doda Ci punkt\u00f3w.<\/p><p>Nasz\u0105 wtyczk\u0119 WhatsApp mo\u017cna r\u00f3wnie\u017c niezwykle \u0142atwo dostosowa\u0107, dzi\u0119ki czemu stanie si\u0119 nieod\u0142\u0105czn\u0105 cz\u0119\u015bci\u0105 Twojej witryny Elementor. Wszystko, co musisz zrobi\u0107, to zacz\u0105\u0107 od wybrania odpowiedniego koloru, kt\u00f3ry ca\u0142kowicie zmieni ca\u0142y wygl\u0105d wtyczki WhatsApp. Wybierz najlepsze d\u017awi\u0119ki i odcienie dla czterech dost\u0119pnych element\u00f3w interfejsu: t\u0142o i ikona dymka czatu, t\u0142o nag\u0142\u00f3wka i sam przycisk. Zamie\u0144 wtyczk\u0119 czatu w idealnie dopasowan\u0105 do koncepcji projektu Twojej witryny internetowej i zobacz, jak zacznie dzia\u0142a\u0107 na rzecz Twoich cel\u00f3w biznesowych i poprawi\u0107 wszystkie wa\u017cne wska\u017aniki.<\/p> <div class=\"faq\" data-component=\"FAQ\"><div class=\"faq-item\">\r\n\t\t\t\t\t<div class=\"faq-item-question\">\r\n\t\t\t\t\t\t<h3 class=\"faq-item-question-text\">Gdzie w mojej witrynie mog\u0119 wy\u015bwietli\u0107 widget<\/h3>\r\n\r\n\t\t\t\t\t\t<div class=\"faq-item-question-icon\"><\/div>\r\n\t\t\t\t\t<\/div>\r\n\r\n\t\t\t\t\t<div class=\"faq-item-answer\">\r\n\t\t\t\t\t\t<div class=\"faq-item-answer-text\"> <p>Mo\u017cesz go doda\u0107 na ka\u017cdej stronie swojej witryny lub tylko na niekt\u00f3rych stronach. Istnieje r\u00f3wnie\u017c mo\u017cliwo\u015b\u0107 ograniczenia go do wybranych stron, na kt\u00f3rych nie chcesz czatu.<\/p><\/div>\r\n\t\t\t\t\t<\/div>\r\n\t\t\t\t<\/div><div class=\"faq-item\">\r\n\t\t\t\t\t<div class=\"faq-item-question\">\r\n\t\t\t\t\t\t<h3 class=\"faq-item-question-text\">Jakie korzy\u015bci odnios\u0119 z wid\u017cetu?<\/h3>\r\n\r\n\t\t\t\t\t\t<div class=\"faq-item-question-icon\"><\/div>\r\n\t\t\t\t\t<\/div>\r\n\r\n\t\t\t\t\t<div class=\"faq-item-answer\">\r\n\t\t\t\t\t\t<div class=\"faq-item-answer-text\"> <p>Ta wtyczka pomo\u017ce wi\u0119cej odwiedzaj\u0105cy kieruj\u0105 do Ciebie swoje zapytania i pro\u015bby. Mo\u017ce pom\u00f3c wzmocni\u0107 liczb\u0119 lead\u00f3w i sprzeda\u017c. Kolejn\u0105 zalet\u0105 jest to, \u017ce szybka reakcja i spersonalizowane podej\u015bcie podnios\u0105 poziom relacji z Twoimi klientami. <\/p> <\/div>\r\n\t\t\t\t\t<\/div>\r\n\t\t\t\t<\/div><div class=\"faq-item\">\r\n\t\t\t\t\t<div class=\"faq-item-question\">\r\n\t\t\t\t\t\t<h3 class=\"faq-item-question-text\">Jak korzysta\u0107 z czatu Whatsapp?<\/h3>\r\n\r\n\t\t\t\t\t\t<div class=\"faq-item-question-icon\"><\/div>\r\n\t\t\t\t\t<\/div>\r\n\r\n\t\t\t\t\t<div class=\"faq-item-answer\">\r\n\t\t\t\t\t\t<div class=\"faq-item-answer-text\"> <p>Rozpocz\u0119cie korzystania z wid\u017cetu zajmuje tylko minut\u0119. Dodanie go do Twojej witryny jest bardzo szybkie, bezp\u0142atne i nie wymaga kodowania.<\/p> <p>Wid\u017cet mo\u017cna wprowadzi\u0107 do Twojej witryny za po\u015brednictwem naszego serwisu lub za po\u015brednictwem rynku. Mo\u017cesz wy\u015bwietli\u0107 wi\u0119cej informacji na temat obu opcji i wybra\u0107 swoj\u0105.<\/p> <\/div>\r\n\t\t\t\t\t<\/div>\r\n\t\t\t\t<\/div><\/div> <\/div><div class=\"application-platform-content-item-features application-platform-content-item\" id=\"features\" data-nav-section=\"features\"> <h2>G\u0142\u00f3wne funkcje wtyczki WhatsApp Chat<\/h2> <p>Aby lepiej zrozumie\u0107 wid\u017cet Whatsapp, zobacz list\u0119 jego podstawowych funkcji. Dzi\u0119ki nim ten widget jest dla Ciebie naprawd\u0119 skuteczny: <\/p> <ul><li>Dodaj komunikator WhatsApp do swojej witryny, aby nawi\u0105za\u0107 komunikacj\u0119 z odwiedzaj\u0105cymi; <\/li><li>Korzystaj z wysy\u0142ania wiadomo\u015bci bezpo\u015brednio ze swojego konta WhatsApp; <\/li><li> Trzy opcje pozycji czatu: osadzenie ba\u0144ki, p\u0142ywaj\u0105ca ba\u0144ka i osadzenie okna czatu; <\/li><li> Wybierz ikon\u0119 b\u0105belka z kolekcji dost\u0119pnych ikon; <\/li><li>Edytowalny tekst w dymku. <\/li><\/ul><p><a href=\"#demo\">Demonstracja na \u017cywo poka\u017ce Ci wszystkie funkcje wid\u017cetu<\/a><\/p> <\/div><div class=\"application-platform-content-item-installation application-platform-content-item\" id=\"installation\" data-nav-section=\"installation\"> <h2>Oto jak doda\u0107 czat Whatsapp do swojej witryny Elementor<\/h2> <div class=\"video-container\">\n<iframe width=\"720\" height=\"405\" src=\"https:\/\/www.youtube.com\/embed\/mjhWt6Hk1sk?si=BSBZcmbPz6_dfENj\" frameborder=\"0\" allowfullscreen=\"\"><\/iframe>\n<\/div><p>Poni\u017csze czynno\u015bci to jedyne, co musisz zrobi\u0107, aby aktywowa\u0107 \u043f\u0440\u043e\u0434\u0443\u043a\u0442.<\/p><ul><li><b>Stw\u00f3rz sw\u00f3j osobisty wid\u017cet Whatsapp<\/b><br> Korzystaj\u0105c z naszej bezp\u0142atnej wersji demonstracyjnej, utw\u00f3rz wtyczk\u0119 o preferowanym wygl\u0105dzie i mo\u017cliwo\u015bciach.<\/li><li><b>Zdob\u0105d\u017a kod do integracji wtyczki<\/b><br>Po dostrojeniu wid\u017cetu pobierz kod do wid\u017cetu Czat na \u017cywo z wyskakuj\u0105cego okna aplikacji Elfsight.<\/li><li><b>Osad\u017a wtyczk\u0119 na stronie internetowej<\/b><br>Dodaj wtyczk\u0119 w odpowiednim miejscu strony i zastosuj zmiany.<\/li><li><b>Instalacja przebieg\u0142a pomy\u015blnie<\/b><br> Wejd\u017a na swoj\u0105 stron\u0119 Elementora, aby zobaczy\u0107 swoj\u0105 prac\u0119.<\/li><\/ul><p>Nadal nie zdecydowa\u0142e\u015b? Albo natkn\u0105\u0142e\u015b si\u0119 na co\u015b? Po prostu wy\u015blij pro\u015bb\u0119 do naszego zespo\u0142u wsparcia, a my rozwi\u0105\u017cemy ka\u017cdy problem. <\/p> <\/div><div class=\"faq\" data-component=\"FAQ\"><div class=\"faq-item\">\r\n\t\t\t\t\t<div class=\"faq-item-question\">\r\n\t\t\t\t\t\t<h3 class=\"faq-item-question-text\">Jak osadzi\u0107 czat Whatsapp na mojej stronie internetowej Elementor bez kodowania?<\/h3>\r\n\r\n\t\t\t\t\t\t<div class=\"faq-item-question-icon\"><\/div>\r\n\t\t\t\t\t<\/div>\r\n\r\n\t\t\t\t\t<div class=\"faq-item-answer\">\r\n\t\t\t\t\t\t<div class=\"faq-item-answer-text\"><p>Firma Elfsight oferuje chmur\u0119 rozwi\u0105zanie, kt\u00f3re pozwala u\u017cytkownikom samodzielnie zbudowa\u0107 sekcj\u0119 czatu Whatsapp, zobacz prosty przewodnik: <\/p><ul><li>Przejd\u017a do edytora online, aby utworzy\u0107 wid\u017cet czatu Whatsapp, kt\u00f3ry ma by\u0107 wy\u015bwietlany w witrynie Elementor.<\/li> <li>Wybierz jeden z wielu gotowych szablon\u00f3w i zmie\u0144 ustawienia czatu Whatsapp, zmie\u0144 uk\u0142ad i kolory, do\u0142\u0105cz tre\u015b\u0107 bez kodowania.<\/li><li>Zapisz ustawienia wprowadzone w czacie Whatsapp i uzyskaj wid\u017cety kod instalacyjny, kt\u00f3ry mo\u017cna \u0142atwo umie\u015bci\u0107 na stronie Elementora w ramach bezp\u0142atnego planu. <\/li><\/ul><p>Pracuj\u0105c w przyjaznym dla u\u017cytkownika Edytorze, ka\u017cdy u\u017cytkownik Internetu mo\u017ce zbudowa\u0107 Czat Whatsapp i \u0142atwo umie\u015bci\u0107 go na stronie Elementora. Aby skorzysta\u0107 z naszego serwisu, nie trzeba p\u0142aci\u0107 ani wprowadza\u0107 danych karty. Je\u015bli na kt\u00f3rymkolwiek etapie napotkasz jakiekolwiek problemy, nie wahaj si\u0119 porozmawia\u0107 z naszym personelem pomocy technicznej.<\/p><\/div>\r\n\t\t\t\t\t<\/div>\r\n\t\t\t\t<\/div><\/div>","protected":false},"excerpt":{"rendered":"","protected":false},"author":9,"featured_media":0,"parent":857,"menu_order":0,"comment_status":"closed","ping_status":"closed","template":"templates\/template-application-platform.php","meta":{"publish_to_discourse":"","publish_post_category":"","wpdc_auto_publish_overridden":"","wpdc_topic_tags":"","wpdc_pin_topic":"","wpdc_pin_until":"","discourse_post_id":"","discourse_permalink":"","wpdc_publishing_response":"","wpdc_publishing_error":"","footnotes":""},"class_list":["post-7318","page","type-page","status-publish","hentry"],"yoast_head":"<!-- This site is optimized with the Yoast SEO plugin v25.3.1 - https:\/\/yoast.com\/wordpress\/plugins\/seo\/ -->\n<title>Czat na \u017cywo \u2014 dodaj wid\u017cet Chat Box do witryn Elementor (bezp\u0142atny i \u0142atwy)<\/title>\n<meta name=\"description\" content=\"Dowiedz si\u0119, jak osadzi\u0107 wid\u017cet Whatsapp w Elementorze \u2013 bez kodowania i za darmo! Sprawd\u017a szczeg\u00f3\u0142owy przewodnik na temat dodawania przycisku Elementor WhatsApp.\" \/>\n<meta name=\"robots\" content=\"index, follow, max-snippet:-1, max-image-preview:large, max-video-preview:-1\" \/>\n<link rel=\"canonical\" href=\"https:\/\/elfsight.com\/pl\/whatsapp-chat-widget\/elementor\/\" \/>\n<meta property=\"og:locale\" content=\"pl_PL\" \/>\n<meta property=\"og:type\" content=\"article\" \/>\n<meta property=\"og:title\" content=\"Czat na \u017cywo \u2014 dodaj wid\u017cet Chat Box do witryn Elementor (bezp\u0142atny i \u0142atwy)\" \/>\n<meta property=\"og:description\" content=\"Dowiedz si\u0119, jak osadzi\u0107 wid\u017cet Whatsapp w Elementorze \u2013 bez kodowania i za darmo! Sprawd\u017a szczeg\u00f3\u0142owy przewodnik na temat dodawania przycisku Elementor WhatsApp.\" \/>\n<meta property=\"og:url\" content=\"https:\/\/elfsight.com\/pl\/whatsapp-chat-widget\/elementor\/\" \/>\n<meta property=\"og:site_name\" content=\"Elfsight PL\" \/>\n<meta property=\"article:modified_time\" content=\"2025-12-01T09:37:10+00:00\" \/>\n<meta name=\"twitter:card\" content=\"summary_large_image\" \/>\n<meta name=\"twitter:label1\" content=\"Szacowany czas czytania\" \/>\n\t<meta name=\"twitter:data1\" content=\"5 minut\" \/>\n<!-- \/ Yoast SEO plugin. -->","yoast_head_json":{"title":"Czat na \u017cywo \u2014 dodaj wid\u017cet Chat Box do witryn Elementor (bezp\u0142atny i \u0142atwy)","description":"Dowiedz si\u0119, jak osadzi\u0107 wid\u017cet Whatsapp w Elementorze \u2013 bez kodowania i za darmo! Sprawd\u017a szczeg\u00f3\u0142owy przewodnik na temat dodawania przycisku Elementor WhatsApp.","robots":{"index":"index","follow":"follow","max-snippet":"max-snippet:-1","max-image-preview":"max-image-preview:large","max-video-preview":"max-video-preview:-1"},"canonical":"https:\/\/elfsight.com\/pl\/whatsapp-chat-widget\/elementor\/","og_locale":"pl_PL","og_type":"article","og_title":"Czat na \u017cywo \u2014 dodaj wid\u017cet Chat Box do witryn Elementor (bezp\u0142atny i \u0142atwy)","og_description":"Dowiedz si\u0119, jak osadzi\u0107 wid\u017cet Whatsapp w Elementorze \u2013 bez kodowania i za darmo! Sprawd\u017a szczeg\u00f3\u0142owy przewodnik na temat dodawania przycisku Elementor WhatsApp.","og_url":"https:\/\/elfsight.com\/pl\/whatsapp-chat-widget\/elementor\/","og_site_name":"Elfsight PL","article_modified_time":"2025-12-01T09:37:10+00:00","twitter_card":"summary_large_image","twitter_misc":{"Szacowany czas czytania":"5 minut"},"schema":{"@context":"https:\/\/schema.org","@graph":[{"@type":"WebPage","@id":"https:\/\/elfsight.com\/pl\/whatsapp-chat-widget\/elementor\/","url":"https:\/\/elfsight.com\/pl\/whatsapp-chat-widget\/elementor\/","name":"Czat na \u017cywo \u2014 dodaj wid\u017cet Chat Box do witryn Elementor (bezp\u0142atny i \u0142atwy)","isPartOf":{"@id":"https:\/\/elfsight.com\/pl\/#website"},"datePublished":"1970-01-01T00:00:00+00:00","dateModified":"2025-12-01T09:37:10+00:00","description":"Dowiedz si\u0119, jak osadzi\u0107 wid\u017cet Whatsapp w Elementorze \u2013 bez kodowania i za darmo! Sprawd\u017a szczeg\u00f3\u0142owy przewodnik na temat dodawania przycisku Elementor WhatsApp.","breadcrumb":{"@id":"https:\/\/elfsight.com\/pl\/whatsapp-chat-widget\/elementor\/#breadcrumb"},"inLanguage":"pl-PL","potentialAction":[{"@type":"ReadAction","target":["https:\/\/elfsight.com\/pl\/whatsapp-chat-widget\/elementor\/"]}]},{"@type":"BreadcrumbList","@id":"https:\/\/elfsight.com\/pl\/whatsapp-chat-widget\/elementor\/#breadcrumb","itemListElement":[{"@type":"ListItem","position":1,"name":"Home","item":"https:\/\/elfsight.com\/pl\/"},{"@type":"ListItem","position":2,"name":"WhatsApp Chat","item":"https:\/\/elfsight.com\/pl\/whatsapp-chat-widget\/"},{"@type":"ListItem","position":3,"name":"Whatsapp Chat &#8211; Elementor"}]},{"@type":"WebSite","@id":"https:\/\/elfsight.com\/pl\/#website","url":"https:\/\/elfsight.com\/pl\/","name":"Elfsight PL","description":"Just another Elfsight Sites site","potentialAction":[{"@type":"SearchAction","target":{"@type":"EntryPoint","urlTemplate":"https:\/\/elfsight.com\/pl\/?s={search_term_string}"},"query-input":{"@type":"PropertyValueSpecification","valueRequired":true,"valueName":"search_term_string"}}],"inLanguage":"pl-PL"}]}},"meta_box":{"industry":"","seo_heading":"","heading":"","description":"","cta_heading":"","cta_description":"","application":"856","h1":"Wid\u017cet czatu Elementor Whatsapp","h1_caption":"Daj u\u017cytkownikom mo\u017cliwo\u015b\u0107 skontaktowania si\u0119 z Tob\u0105 za po\u015brednictwem WhatsApp, zapewniaj\u0105c najszybsz\u0105 i najwygodniejsz\u0105 interakcj\u0119 dla odwiedzaj\u0105cych Twoj\u0105 witryn\u0119 z witryn\u0105 Elementor.","application_category":[],"applications_title":"","applications_request_title":"","applications_request_button_text":"","hero_text":"","hero_video":"","hero_video_schema_markup":"","selling_points_title":"","selling_points_caption":"","selling_points":[],"selling_points_cta_text":"","features_title":"","features":"","ed_cta_examples_text":"","ed_cta_examples_hidden":"","ed_cta_demo_text":"","ed_cta_demo_hidden":"","why_caption":"","why_editor_title":"","why_editor_text":"","why_team_title":"","why_team_text":"","why_service_title":"","why_service_text":"","template_catalog_visible":"0","template_catalog_title":"","template_catalog_text":"","template_catalog_categories_visible":"","demo_title":"Utw\u00f3rz wid\u017cet czatu Whatsapp","demo_caption":"Skonfiguruj czat Whatsapp i dodaj go do swojej witryny Elementor za darmo!","default_faq_hidden":"","app_template_category":[],"platform":"268","template_public_id":"","codecanyon_url":"","codecanyon_item_id":"","codecanyon_price":"","pricing_caption":"","pricing_elfsight_apps_hide_column":"","pricing_elfsight_apps_url":"","pricing_codecanyon_price_caption":"","integration_category":[],"integration_request_title":"","integration_request_cta":"","integration_platform":"","integrations":[],"platform_category":[],"video_schema_markup":"","price":"od 0 USD \/ miesi\u0105c","trial":"","benefits":[{"text":"Bezp\u0142atna pomoc w instalacji"},{"text":"Kompetentna obs\u0142uga klienta"},{"text":"14-dniowa gwarancja zwrotu pieni\u0119dzy"}],"button_url":"#demo","button_target_blank":"0","button_nofollow":"0","attributes":[{"name":"Instaluje","content":"100,000 - 500,000"},{"name":"Czu\u0142y","content":"Tak"},{"name":"Kompatybilne przegl\u0105darki","content":"IE11, Firefox, Safari, Opera, Chrome, Edge"}],"tags":[],"tags_disable_links":"0","hide_more_platforms":"0","video_object":"","demo_hide_cta":"0","demo_hide_cloud_options":"0","pricing_title":"","pricing":[{"pricing_icon":"platform","pricing_title":"Elfsight Apps","pricing_title_caption":"Oprogramowanie niezale\u017cne od platformy","pricing_price":"od 0 USD \/ miesi\u0105c","pricing_price_caption":"zacznij od bezp\u0142atnego planu","pricing_benefits":[{"text":"Nielimitowane domeny"},{"text":"Bezp\u0142atne wsparcie i dobrze udokumentowane"},{"text":"Bezp\u0142atna pomoc w monta\u017cu"},{"text":"Cena do z\u0142apania dla wielu aplikacji"}],"pricing_button_text":"Dodaj do witryny","pricing_button_url":"#demo"}],"related_apps_title":"","related_apps_hidden":"0","author":"","image":[],"title":"","job":"","social_networks":[]},"_links":{"self":[{"href":"https:\/\/elfsight.com\/pl\/wp-json\/wp\/v2\/pages\/7318","targetHints":{"allow":["GET"]}}],"collection":[{"href":"https:\/\/elfsight.com\/pl\/wp-json\/wp\/v2\/pages"}],"about":[{"href":"https:\/\/elfsight.com\/pl\/wp-json\/wp\/v2\/types\/page"}],"author":[{"embeddable":true,"href":"https:\/\/elfsight.com\/pl\/wp-json\/wp\/v2\/users\/9"}],"replies":[{"embeddable":true,"href":"https:\/\/elfsight.com\/pl\/wp-json\/wp\/v2\/comments?post=7318"}],"version-history":[{"count":3,"href":"https:\/\/elfsight.com\/pl\/wp-json\/wp\/v2\/pages\/7318\/revisions"}],"predecessor-version":[{"id":10807,"href":"https:\/\/elfsight.com\/pl\/wp-json\/wp\/v2\/pages\/7318\/revisions\/10807"}],"up":[{"embeddable":true,"href":"https:\/\/elfsight.com\/pl\/wp-json\/wp\/v2\/pages\/857"}],"wp:attachment":[{"href":"https:\/\/elfsight.com\/pl\/wp-json\/wp\/v2\/media?parent=7318"}],"curies":[{"name":"wp","href":"https:\/\/api.w.org\/{rel}","templated":true}]}}