{"id":7311,"date":"1970-01-01T00:00:00","date_gmt":"1970-01-01T00:00:00","guid":{"rendered":"https:\/\/elfsight.com\/pl\/?page_id=7311"},"modified":"2024-11-14T09:19:51","modified_gmt":"2024-11-14T09:19:51","slug":"woocommerce","status":"publish","type":"page","link":"https:\/\/elfsight.com\/pl\/whatsapp-chat-widget\/woocommerce\/","title":{"rendered":"WhatsApp Chat &#8211; WooCommerce"},"content":{"rendered":"<div class=\"application-platform-content-item-description application-platform-content-item\" id=\"description\" data-nav-section=\"description\"><h2>Umie\u015b\u0107 czat WhatsApp za pomoc\u0105 wid\u017cetu Elfsight<\/h2><p>Whatsapp Messenger stworzony przez Elfsight to przydatne narz\u0119dzie, dzi\u0119ki kt\u00f3remu odbiorcy Twojej witryny mog\u0105 si\u0119 zalogowa\u0107 skontaktowa\u0107 si\u0119 z Tob\u0105 i uzyska\u0107 odpowiedzi na swoje pytania i pro\u015bby. B\u0105d\u017a dost\u0119pny online dla klient\u00f3w w ulubionym komunikatorze non-stop. Wstaw czat Whatsapp w sklepie i wybierz, czy ma si\u0119 on pojawia\u0107 na najwa\u017cniejszych stronach lub dla wybranych grup klient\u00f3w, wprowad\u017a wyzwalacze czatu pocz\u0105tkowego, wpisz w\u0142asn\u0105 wiadomo\u015b\u0107 powitaln\u0105, ustaw ikony i zastosuj inne dostosowania.<\/p><p>W razie potrzeby zdecydujesz si\u0119 doda\u0107 czat WhatsApp do WooCommerce, mo\u017cesz zauwa\u017cy\u0107 znaczny wzrost wydajno\u015bci swojej witryny. Dzi\u0119ki naszej przydatnej wtyczce b\u0119dziesz w stanie zapewni\u0107 nienagann\u0105 obs\u0142ug\u0119 u\u017cytkownika. Mo\u017cesz zdecydowa\u0107, kto zobaczy Twoj\u0105 wtyczk\u0119 WhatsApp Woocommerce. Zaoferuj swoim u\u017cytkownikom niesamowit\u0105 integracj\u0119 z WooCommerce, kt\u00f3ra zapewnia wszelkiego rodzaju obs\u0142ug\u0119 klienta. B\u0105d\u017a w sta\u0142ym kontakcie ze swoimi odbiorcami i buduj d\u0142ugoterminowe relacje. Twoi klienci z pewno\u015bci\u0105 b\u0119d\u0105 Ci wdzi\u0119czni za dodanie tak wygodnego kana\u0142u komunikacji do stron Twojej witryny.<\/p><p>Nasza integracja z WhatsApp WooCommerce oferuje r\u00f3wnie\u017c szeroki zakres opcji dostosowywania. Oznacza to, \u017ce Twoja firma otrzyma czat WhatsApp, kt\u00f3ry idealnie pasuje do Twojej witryny WooCommerce. Mo\u017cesz ca\u0142kowicie zmieni\u0107 og\u00f3lny styl wtyczki, tak aby sta\u0142a si\u0119 ona nieod\u0142\u0105czn\u0105 cz\u0119\u015bci\u0105 projektu Twojej witryny. Po prostu zacznij od zbudowania wtyczki biznesowej WhatsApp, wybierz jeden z szablon\u00f3w, a nast\u0119pnie zmie\u0144 jej wygl\u0105d tak, aby pasowa\u0142 do stylu Twojej marki. A dzi\u0119ki mn\u00f3stwu innych funkcji sprawisz, \u017ce wtyczka czatu b\u0119dzie dzia\u0142a\u0107 zgodnie z Twoimi celami biznesowymi, dzi\u0119ki czemu b\u0119d\u0105 one tak \u0142atwe do osi\u0105gni\u0119cia. Mo\u017cesz wypr\u00f3bowa\u0107 w dowolnym momencie za darmo w naszym por\u0119cznym i intuicyjnym konfiguratorze.<\/p><p><b>U\u017cyj wtyczki Whatsapp Messenger, aby osi\u0105gn\u0105\u0107 swoje cele biznesowe przy mniejszym wysi\u0142ku!<\/b><\/p><\/div> [ application_platform_content_item id=&#8221;features&#8221;]<h2>G\u0142\u00f3wne funkcje wtyczki WhatsApp Chat<\/h2><ul><li>Umie\u015b\u0107 komunikator na swojej stronie internetowej, aby rozmawia\u0107 z klientami;<\/li><li>Komunikuj si\u0119 bezpo\u015brednio ze swojej strony Whatsapp ; <\/li><li>Wypr\u00f3buj 3 warianty pozycji czatu: jako p\u0142ywaj\u0105ca ba\u0144ka, osadzona ba\u0144ka i osadzona okno czatu; <\/li><li>Do wyboru u\u017cyj zestawu ikon b\u0105belk\u00f3w. Wybierz ikon\u0119 b\u0105belka z naszej kolekcji dost\u0119pnych ikon; <\/li><li>Wprowad\u017a w\u0142asny tekst dymka czatu. <\/li><\/ul><p><a href=\"#demo\">Pe\u0142n\u0105 funkcjonalno\u015b\u0107 wid\u017cetu mo\u017cesz sprawdzi\u0107 w poni\u017cszej wersji demonstracyjnej<\/a><\/p>[\/application_platform_content_item]<div class=\"application-platform-content-item-installation application-platform-content-item\" id=\"installation\" data-nav-section=\"installation\"><h2>Jak doda\u0107 czat WhatsApp do mojej witryny WooCommerce?<\/h2><p>Wystarczy wykona\u0107 poni\u017csze kroki, aby zainstalowa\u0107 wtyczk\u0119.<\/p><ol><li><b>Otw\u00f3rz naszego bezp\u0142atnego edytora i zacznij budowa\u0107 sw\u00f3j spersonalizowany instrument.<\/b><br>Okre\u015bl preferowany interfejs i parametry wid\u017cetu i zapisz zmiany.<\/li><li><b>Skopiuj sw\u00f3j osobisty kod wy\u015bwietlany w wdowa w Elfsight Apps.<\/b><br>Po zako\u0144czeniu konfiguracji osobistej wtyczki skopiuj ekskluzywny kod z wy\u015bwietlonego okna i zapisz go do dalszego u\u017cytku.<\/li><li><b>Rozpocznij korzystanie wid\u017cetu na stronie WooCommerce.<\/b><br>Zintegruj zapisany wcze\u015bniej kod ze swoj\u0105 stron\u0105 g\u0142\u00f3wn\u0105 i zapisz zmiany.<\/li><li><b>Instalacja zosta\u0142a pomy\u015blnie zako\u0144czona.<\/b> <br>Odwied\u017a swoj\u0105 stron\u0119, aby zobaczy\u0107 w akcji dzia\u0142anie wtyczki.<\/li><\/ol><p>W przypadku pyta\u0144 lub napotkania przeszk\u00f3d prosimy o kontakt z naszym zespo\u0142em obs\u0142ugi klienta. Nasi specjali\u015bci ch\u0119tnie rozwi\u0105\u017c\u0105 wszystkie problemy, jakie mo\u017cesz mie\u0107 z wtyczk\u0105.<\/p><\/div><div class=\"faq\" data-component=\"FAQ\"><div class=\"faq-item\">\r\n\t\t\t\t\t<div class=\"faq-item-question\">\r\n\t\t\t\t\t\t<h3 class=\"faq-item-question-text\">W jaki spos\u00f3b mog\u0119 osadzi\u0107 czat Whatsapp na moj\u0105 stron\u0119 internetow\u0105 WooCommerce bez znajomo\u015bci kodowania?<\/h3>\r\n\r\n\t\t\t\t\t\t<div class=\"faq-item-question-icon\"><\/div>\r\n\t\t\t\t\t<\/div>\r\n\r\n\t\t\t\t\t<div class=\"faq-item-answer\">\r\n\t\t\t\t\t\t<div class=\"faq-item-answer-text\"><p>Firma Elfsight oferuje rozwi\u0105zanie, kt\u00f3re pozwala u\u017cytkownikom samodzielnie wygenerowa\u0107 wid\u017cet Czat Whatsapp, sprawd\u017a jakie to proste: <\/p><ul><li>Przejd\u017a do Demo online aby zbudowa\u0107 aplikacj\u0119 Whatsapp Chat, kt\u00f3r\u0105 chcesz zobaczy\u0107 na swojej stronie internetowej WooCommerce.<\/li><li>Wybierz jeden z naszych wst\u0119pnie zaprojektowanych szablon\u00f3w i dostosuj ustawienia WhatsApp Chat, zmie\u0144 uk\u0142ad i schemat kolor\u00f3w, dodaj tre\u015b\u0107 bez dowoln\u0105 wiedz\u0119 z zakresu kodowania.<\/li><li>Zapisz czat Whatsapp i uzyskaj kod wid\u017cetu do instalacji, kt\u00f3ry mo\u017cna \u0142atwo i bezp\u0142atnie doda\u0107 na dowolnej stronie WooCommerce. <\/li><\/ul><p>Dzi\u0119ki naszemu \u0142atwemu w u\u017cyciu edytorowi ka\u017cdy u\u017cytkownik Internetu mo\u017ce zbudowa\u0107 czat Whatsapp online i bez wysi\u0142ku osadzi\u0107 go na dowolnej witrynie WooCommerce. Aby wej\u015b\u0107 do Edytora, nie mo\u017cesz wykupi\u0107 p\u0142atnej subskrypcji ani poda\u0107 danych logowania do swojej karty. Je\u015bli napotkasz jakiekolwiek problemy, nie wahaj si\u0119 skontaktowa\u0107 z nasz\u0105 techniczn\u0105 obs\u0142ug\u0105 klienta.<\/p><\/div>\r\n\t\t\t\t\t<\/div>\r\n\t\t\t\t<\/div><\/div>","protected":false},"excerpt":{"rendered":"[ application_platform_content_item id=&#8221;features&#8221;]G\u0142\u00f3wne funkcje wtyczki WhatsApp ChatUmie\u015b\u0107 komunikator na swojej stronie internetowej, aby rozmawia\u0107 z klientami;Komunikuj si\u0119 bezpo\u015brednio ze swojej strony Whatsapp ; Wypr\u00f3buj 3 warianty pozycji czatu: jako p\u0142ywaj\u0105ca ba\u0144ka, osadzona ba\u0144ka i osadzona okno czatu; Do wyboru u\u017cyj zestawu ikon b\u0105belk\u00f3w. Wybierz ikon\u0119 b\u0105belka z naszej kolekcji dost\u0119pnych&#8230;","protected":false},"author":9,"featured_media":0,"parent":857,"menu_order":0,"comment_status":"closed","ping_status":"closed","template":"templates\/template-application-platform.php","meta":{"publish_to_discourse":"","publish_post_category":"","wpdc_auto_publish_overridden":"","wpdc_topic_tags":"","wpdc_pin_topic":"","wpdc_pin_until":"","discourse_post_id":"","discourse_permalink":"","wpdc_publishing_response":"","wpdc_publishing_error":"","footnotes":""},"class_list":["post-7311","page","type-page","status-publish","hentry"],"yoast_head":"<!-- This site is optimized with the Yoast SEO plugin v25.3.1 - https:\/\/yoast.com\/wordpress\/plugins\/seo\/ -->\n<title>Wtyczka WooCommerce WhatsApp Chat dla Twojej witryny (2026)<\/title>\n<meta name=\"description\" content=\"Skorzystaj z okazji, aby dostosowa\u0107 wtyczk\u0119 WhatsApp Chat w edytorze i wprowadzi\u0107 j\u0105 do swojej witryny WooCommerce bezpo\u015brednio w wersji demonstracyjnej.\" \/>\n<meta name=\"robots\" content=\"index, follow, max-snippet:-1, max-image-preview:large, max-video-preview:-1\" \/>\n<link rel=\"canonical\" href=\"https:\/\/elfsight.com\/pl\/whatsapp-chat-widget\/woocommerce\/\" \/>\n<meta property=\"og:locale\" content=\"pl_PL\" \/>\n<meta property=\"og:type\" content=\"article\" \/>\n<meta property=\"og:title\" content=\"Wtyczka WooCommerce WhatsApp Chat dla Twojej witryny (2026)\" \/>\n<meta property=\"og:description\" content=\"Skorzystaj z okazji, aby dostosowa\u0107 wtyczk\u0119 WhatsApp Chat w edytorze i wprowadzi\u0107 j\u0105 do swojej witryny WooCommerce bezpo\u015brednio w wersji demonstracyjnej.\" \/>\n<meta property=\"og:url\" content=\"https:\/\/elfsight.com\/pl\/whatsapp-chat-widget\/woocommerce\/\" \/>\n<meta property=\"og:site_name\" content=\"Elfsight PL\" \/>\n<meta property=\"article:modified_time\" content=\"2024-11-14T09:19:51+00:00\" \/>\n<meta name=\"twitter:card\" content=\"summary_large_image\" \/>\n<meta name=\"twitter:label1\" content=\"Szacowany czas czytania\" \/>\n\t<meta name=\"twitter:data1\" content=\"4 minuty\" \/>\n<!-- \/ Yoast SEO plugin. -->","yoast_head_json":{"title":"Wtyczka WooCommerce WhatsApp Chat dla Twojej witryny (2026)","description":"Skorzystaj z okazji, aby dostosowa\u0107 wtyczk\u0119 WhatsApp Chat w edytorze i wprowadzi\u0107 j\u0105 do swojej witryny WooCommerce bezpo\u015brednio w wersji demonstracyjnej.","robots":{"index":"index","follow":"follow","max-snippet":"max-snippet:-1","max-image-preview":"max-image-preview:large","max-video-preview":"max-video-preview:-1"},"canonical":"https:\/\/elfsight.com\/pl\/whatsapp-chat-widget\/woocommerce\/","og_locale":"pl_PL","og_type":"article","og_title":"Wtyczka WooCommerce WhatsApp Chat dla Twojej witryny (2026)","og_description":"Skorzystaj z okazji, aby dostosowa\u0107 wtyczk\u0119 WhatsApp Chat w edytorze i wprowadzi\u0107 j\u0105 do swojej witryny WooCommerce bezpo\u015brednio w wersji demonstracyjnej.","og_url":"https:\/\/elfsight.com\/pl\/whatsapp-chat-widget\/woocommerce\/","og_site_name":"Elfsight PL","article_modified_time":"2024-11-14T09:19:51+00:00","twitter_card":"summary_large_image","twitter_misc":{"Szacowany czas czytania":"4 minuty"},"schema":{"@context":"https:\/\/schema.org","@graph":[{"@type":"WebPage","@id":"https:\/\/elfsight.com\/pl\/whatsapp-chat-widget\/woocommerce\/","url":"https:\/\/elfsight.com\/pl\/whatsapp-chat-widget\/woocommerce\/","name":"Wtyczka WooCommerce WhatsApp Chat dla Twojej witryny (2026)","isPartOf":{"@id":"https:\/\/elfsight.com\/pl\/#website"},"datePublished":"1970-01-01T00:00:00+00:00","dateModified":"2024-11-14T09:19:51+00:00","description":"Skorzystaj z okazji, aby dostosowa\u0107 wtyczk\u0119 WhatsApp Chat w edytorze i wprowadzi\u0107 j\u0105 do swojej witryny WooCommerce bezpo\u015brednio w wersji demonstracyjnej.","breadcrumb":{"@id":"https:\/\/elfsight.com\/pl\/whatsapp-chat-widget\/woocommerce\/#breadcrumb"},"inLanguage":"pl-PL","potentialAction":[{"@type":"ReadAction","target":["https:\/\/elfsight.com\/pl\/whatsapp-chat-widget\/woocommerce\/"]}]},{"@type":"BreadcrumbList","@id":"https:\/\/elfsight.com\/pl\/whatsapp-chat-widget\/woocommerce\/#breadcrumb","itemListElement":[{"@type":"ListItem","position":1,"name":"Home","item":"https:\/\/elfsight.com\/pl\/"},{"@type":"ListItem","position":2,"name":"WhatsApp Chat","item":"https:\/\/elfsight.com\/pl\/whatsapp-chat-widget\/"},{"@type":"ListItem","position":3,"name":"WhatsApp Chat &#8211; WooCommerce"}]},{"@type":"WebSite","@id":"https:\/\/elfsight.com\/pl\/#website","url":"https:\/\/elfsight.com\/pl\/","name":"Elfsight PL","description":"Just another Elfsight Sites site","potentialAction":[{"@type":"SearchAction","target":{"@type":"EntryPoint","urlTemplate":"https:\/\/elfsight.com\/pl\/?s={search_term_string}"},"query-input":{"@type":"PropertyValueSpecification","valueRequired":true,"valueName":"search_term_string"}}],"inLanguage":"pl-PL"}]}},"meta_box":{"industry":"","seo_heading":"","heading":"","description":"","cta_heading":"","cta_description":"","application":"856","h1":"Wtyczka WooCommerce WhatsApp Chat","h1_caption":"Najszybszy kana\u0142 interakcji dla u\u017cytkownik\u00f3w Twojej witryny","application_category":[],"applications_title":"","applications_request_title":"","applications_request_button_text":"","hero_text":"","hero_video":"","hero_video_schema_markup":"","selling_points_title":"","selling_points_caption":"","selling_points":[],"selling_points_cta_text":"","features_title":"","features":"","ed_cta_examples_text":"","ed_cta_examples_hidden":"","ed_cta_demo_text":"","ed_cta_demo_hidden":"","why_caption":"","why_editor_title":"","why_editor_text":"","why_team_title":"","why_team_text":"","why_service_title":"","why_service_text":"","template_catalog_visible":"","template_catalog_title":"","template_catalog_text":"","template_catalog_categories_visible":"","demo_title":"Utw\u00f3rz aplikacj\u0119 WhatsApp Chat","demo_caption":"Skonfiguruj czat WhatsApp i dodaj go do swojej witryny WooCommerce za darmo!","default_faq_hidden":"","app_template_category":[],"platform":"335","template_public_id":"","codecanyon_url":"","codecanyon_item_id":"","codecanyon_price":"","pricing_caption":"","pricing_elfsight_apps_hide_column":"","pricing_elfsight_apps_url":"","pricing_codecanyon_price_caption":"","integration_category":[],"integration_request_title":"","integration_request_cta":"","integration_platform":"","integrations":[],"platform_category":[],"video_schema_markup":"","price":"od 0 USD \/ miesi\u0105c","trial":"","benefits":[{"text":"Bezp\u0142atna pomoc w instalacji"},{"text":"Kompetentna obs\u0142uga klienta"},{"text":"14-dniowa gwarancja zwrotu pieni\u0119dzy"}],"button_url":"#demo","button_target_blank":"","button_nofollow":"","attributes":[{"name":"Instaluje"},{"name":"Czu\u0142y"},{"name":"Kompatybilne przegl\u0105darki"}],"tags":[],"tags_disable_links":"","hide_more_platforms":"","video_object":"","demo_hide_cta":"","demo_hide_cloud_options":"","pricing_title":"","pricing":[{"pricing_icon":"platform","pricing_title":"Elfsight Apps","pricing_title_caption":"Niezale\u017cne od platformy rozwi\u0105zanie cyfrowe, kt\u00f3re pasuje do ka\u017cdej witryny internetowej","pricing_price":"od 0 USD \/ miesi\u0105c","pricing_price_caption":"zacznij od bezp\u0142atnego planu","pricing_benefits":[{"text":"Nielimitowane strony internetowe"},{"text":"Ca\u0142odobowa obs\u0142uga klienta, dobrze udokumentowana"},{"text":"Bezp\u0142atne wsparcie instalacyjne"},{"text":"W pe\u0142ni konfigurowalny"}],"pricing_button_text":"Dodaj do witryny","pricing_button_url":"#demo"}],"related_apps_title":"","related_apps_hidden":"","author":"","image":[],"title":"","job":"","social_networks":[]},"_links":{"self":[{"href":"https:\/\/elfsight.com\/pl\/wp-json\/wp\/v2\/pages\/7311","targetHints":{"allow":["GET"]}}],"collection":[{"href":"https:\/\/elfsight.com\/pl\/wp-json\/wp\/v2\/pages"}],"about":[{"href":"https:\/\/elfsight.com\/pl\/wp-json\/wp\/v2\/types\/page"}],"author":[{"embeddable":true,"href":"https:\/\/elfsight.com\/pl\/wp-json\/wp\/v2\/users\/9"}],"replies":[{"embeddable":true,"href":"https:\/\/elfsight.com\/pl\/wp-json\/wp\/v2\/comments?post=7311"}],"version-history":[{"count":1,"href":"https:\/\/elfsight.com\/pl\/wp-json\/wp\/v2\/pages\/7311\/revisions"}],"predecessor-version":[{"id":7315,"href":"https:\/\/elfsight.com\/pl\/wp-json\/wp\/v2\/pages\/7311\/revisions\/7315"}],"up":[{"embeddable":true,"href":"https:\/\/elfsight.com\/pl\/wp-json\/wp\/v2\/pages\/857"}],"wp:attachment":[{"href":"https:\/\/elfsight.com\/pl\/wp-json\/wp\/v2\/media?parent=7311"}],"curies":[{"name":"wp","href":"https:\/\/api.w.org\/{rel}","templated":true}]}}