{"id":731,"date":"2020-12-01T08:52:38","date_gmt":"2020-12-01T08:52:38","guid":{"rendered":"https:\/\/elfsight.com\/pl\/?page_id=731"},"modified":"2022-01-20T12:55:43","modified_gmt":"2022-01-20T12:55:43","slug":"examples","status":"publish","type":"page","link":"https:\/\/elfsight.com\/pl\/all-in-one-reviews-widget\/examples\/","title":{"rendered":"All-in-One Reviews &#8211; Examples"},"content":{"rendered":"\n<div class=\"application-examples-item application-examples-item-loading\">\n                            <div class=\"col-row\">\n                                <div class=\"col-6 col-m-8 col-s-12\"><h3 class=\"application-examples-item-title\">Przyk\u0142ad 1. Lista<\/h3><div class=\"application-examples-item-description\">\n<p>Oto spos\u00f3b na pokazanie opinii na stronie w postaci listy moderowanej. Je\u015bli ukryjesz nag\u0142\u00f3wek i zastosujesz automatyczne wymiary szeroko\u015bci i wysoko\u015bci, jak w tym przyk\u0142adzie, widget samodzielnie dopasuje si\u0119 do dost\u0119pnego miejsca na stronie i b\u0119dzie wygl\u0105da\u0142 natywnie. Mo\u017cesz tak\u017ce u\u017cy\u0107 filtr\u00f3w, aby ograniczy\u0107 liczb\u0119 recenzji, wy\u015bwietli\u0107 tylko opinie z ocen\u0105 pozytywn\u0105 lub ukry\u0107 niepotrzebne opinie za pomoc\u0105 s\u0142\u00f3w kluczowych.<\/p><\/div><\/div>\n                <\/div>\n\n                <div class=\"application-examples-item-iframe-container browser-frame\">\n                    <div class=\"application-examples-item-iframe-wrapper\">\n                        <iframe class=\"application-examples-item-iframe application-examples-item-iframe-fixed-height\" data-src=\"https:\/\/elfsight.com\/examples?widget_id=e57b3479-cca6-464f-a82b-70bdb9e79b8d&padding=10\" width=\"100%\" height=\"700\" allow=\"autoplay; fullscreen\"><\/iframe>\n                    <\/div>\n\n                    <div class=\"application-examples-item-loader\"><\/div>\n                <\/div>\n            <\/div>\n\n<div class=\"application-examples-item application-examples-item-loading\">\n                            <div class=\"col-row\">\n                                <div class=\"col-6 col-m-8 col-s-12\"><h3 class=\"application-examples-item-title\">Przyk\u0142ad 2. Masonry<\/h3><div class=\"application-examples-item-description\">\n<p>W tym przyk\u0142adzie siatka recenzji jest wy\u015bwietlana jako wariant murarski, kt\u00f3ry umieszcza opinie w najlepszej mo\u017cliwej kolejno\u015bci na podstawie ich warto\u015bci. W\u0142asny dob\u00f3r koloru przyni\u00f3s\u0142 niepowtarzalny wygl\u0105d. Ocena gwiazdkowa udowadnia wysok\u0105 ocen\u0119 klient\u00f3w.<\/p><\/div><\/div>\n                <\/div>\n\n                <div class=\"application-examples-item-iframe-container browser-frame\">\n                    <div class=\"application-examples-item-iframe-wrapper\">\n                        <iframe class=\"application-examples-item-iframe application-examples-item-iframe-fixed-height\" data-src=\"https:\/\/elfsight.com\/examples?widget_id=6dd71783-3ce4-47b3-bbb6-3f4885fe41d3&padding=20\" width=\"100%\" height=\"700\" allow=\"autoplay; fullscreen\"><\/iframe>\n                    <\/div>\n\n                    <div class=\"application-examples-item-loader\"><\/div>\n                <\/div>\n            <\/div>\n\n\n<div class=\"application-examples-item application-examples-item-loading\">\n                            <div class=\"col-row\">\n                                <div class=\"col-6 col-m-8 col-s-12\"><h3 class=\"application-examples-item-title\">Przyk\u0142ad 3. Siatka<\/h3><div class=\"application-examples-item-description\">\n<p>Po\u0142\u0105czenie uk\u0142adu siatki i szablonu recenzji Spotlight stwarza doskona\u0142y, przejrzysty wygl\u0105d widgetu. Proste linie i wy\u015brodkowane teksty opinii przyci\u0105gaj\u0105 najwi\u0119ksz\u0105 uwag\u0119. Linearna geometria uk\u0142adu Grid mo\u017ce r\u00f3wnie dobrze dopasowywa\u0107 sie do wszystkich innych szablon\u00f3w recenzji - elementy interfejsu zosta\u0142y zaprojektowane tak, aby mo\u017cna je by\u0142o w pe\u0142ni dostosowa\u0107.<\/p><\/div><\/div>\n                <\/div>\n\n                <div class=\"application-examples-item-iframe-container browser-frame\">\n                    <div class=\"application-examples-item-iframe-wrapper\">\n                        <iframe class=\"application-examples-item-iframe application-examples-item-iframe-fixed-height\" data-src=\"https:\/\/elfsight.com\/examples?widget_id=e759af86-265d-437d-a85a-ba99f66dfe86&padding=10\" width=\"100%\" height=\"700\" allow=\"autoplay; fullscreen\"><\/iframe>\n                    <\/div>\n\n                    <div class=\"application-examples-item-loader\"><\/div>\n                <\/div>\n            <\/div>\n\n<div class=\"application-cta-create\">\n                    <div class=\"application-cta-create-bg\">\n                        <div class=\"application-cta-create-bg-left\"><\/div>\n\n                        <div class=\"application-cta-create-bg-right\">\n                            <img decoding=\"async\" src=\"https:\/\/elfsight.com\/pl\/wp-content\/themes\/elfsight\/frontend\/assets\/img\/application-cta-create.jpg\" alt=\"Zacznij od stworzenia swojego wid\u017cetu\">\n                        <\/div>\n                    <\/div>\n\n                    <div class=\"application-cta-create-content inner\">\n                        <div class=\"application-cta-create-content-inner\">\n                            <div class=\"application-cta-create-content-icon\">\n                                <svg viewBox=\"0 0 25 25\" width=\"100%\" height=\"100%\">\n                                    <use xlink:href=\"#icon-settings\"><\/use>\n                                <\/svg>\n                            <\/div>\n\n                            <div class=\"application-cta-create-content-title\">Zacznij od stworzenia swojego wid\u017cetu<\/div>\n\n                            <div class=\"application-cta-create-content-text\">Szybko. \u0141atwo. Bez kodowania.<\/div>\n\n                            <a class=\"application-cta-create-content-button button-48 button-has-right-icon button-black button\" href=\"\">\n                                <span class=\"button-label\">Utw\u00f3rz wid\u017cet<\/span>\n\n                                <svg class=\"button-icon\">\n                                    <use xlink:href=\"#icon-arrow-link\"><\/use>\n                                <\/svg>\n                            <\/a>\n                        <\/div>\n                    <\/div>\n                <\/div>\n\n<div class=\"application-examples-item application-examples-item-loading\">\n                            <div class=\"col-row\">\n                                <div class=\"col-6 col-m-8 col-s-12\"><h3 class=\"application-examples-item-title\">Przyk\u0142ad 4. Carousel<\/h3><div class=\"application-examples-item-description\">\n<p>Tu wid\u017cet w uk\u0142adzie Slider demonstruje recenzje w karuzeli z gr\u0105 automatyczn\u0105. To jest dobry wariant, na przyk\u0142ad, dla strony g\u0142\u00f3wnej witryny. Uk\u0142ad suwaka oferuje elementy nawigacji: strza\u0142ka, przeci\u0105ganie lub paginacja. Mo\u017cesz wybra\u0107, ile recenzji b\u0119dzie wy\u015bwietlane na slajdzie.<\/p><\/div><\/div>\n                <\/div>\n\n                <div class=\"application-examples-item-iframe-container browser-frame\">\n                    <div class=\"application-examples-item-iframe-wrapper\">\n                        <iframe class=\"application-examples-item-iframe\" data-src=\"https:\/\/elfsight.com\/examples?widget_id=f5354d4b-05f0-491f-a511-3a3e13406bb9&padding=10\" width=\"100%\" allow=\"autoplay; fullscreen\"><\/iframe>\n                    <\/div>\n\n                    <div class=\"application-examples-item-loader\"><\/div>\n                <\/div>\n            <\/div>\n\n<div class=\"application-examples-item application-examples-item-loading\">\n                            <div class=\"col-row\">\n                                <div class=\"col-6 col-m-8 col-s-12\"><h3 class=\"application-examples-item-title\">Przyk\u0142ad 5. Slider<\/h3><div class=\"application-examples-item-description\">\n<p>Je\u015bli poka\u017cesz recenzje jedn\u0105 po drugei, przyci\u0105gniesz maksymaln\u0105 uwag\u0119 u\u017cytkownik\u00f3w. W tym przypadku szablon Spotlight dyktuje kolejno\u015b\u0107 element\u00f3w: zdj\u0119cie autora i ocena znajduj\u0105 si\u0119 nad tekstem recenzji, a wszystkie elementy s\u0105 wyr\u00f3wna\u0107 centrum. Inne recenzje mo\u017cna zobaczy\u0107, przeci\u0105gaj\u0105c lub klikaj\u0105c strza\u0142ki.<\/p><\/div><\/div>\n                <\/div>\n\n                <div class=\"application-examples-item-iframe-container browser-frame\">\n                    <div class=\"application-examples-item-iframe-wrapper\">\n                        <iframe class=\"application-examples-item-iframe\" data-src=\"https:\/\/elfsight.com\/examples?widget_id=90102ac6-b36b-4ec8-a576-7a8953305dc7&padding=10\" width=\"100%\" allow=\"autoplay; fullscreen\"><\/iframe>\n                    <\/div>\n\n                    <div class=\"application-examples-item-loader\"><\/div>\n                <\/div>\n            <\/div>\n\n<div class=\"application-examples-item application-examples-item-loading\">\n                            <div class=\"col-row\">\n                                <div class=\"col-6 col-m-8 col-s-12\"><h3 class=\"application-examples-item-title\">Przyk\u0142ad 6. Sidebar<\/h3><div class=\"application-examples-item-description\">\n<p>Oto jest doskona\u0142y przyk\u0142ad sposobu, w jaki mo\u017cna zintegrowa\u0107 wid\u017cet opinii z witryn\u0105 na bardzo ma\u0142ej przestrzeni. Ustawiony jako pasek boczny, wid\u017cet pokazuje tylko najwa\u017cniejsze elementy i rozmiar responsywny ze wzgl\u0119du na rozmiar responsywny, ma umiarkowany rozmiar, ale zachowuje wszystkie funkcje.<\/p><\/div><\/div>\n                <\/div>\n\n                <div class=\"application-examples-item-iframe-container browser-frame\">\n                    <div class=\"application-examples-item-iframe-wrapper\">\n                        <iframe class=\"application-examples-item-iframe\" data-src=\"https:\/\/elfsight.com\/examples?widget_id=5a49274b-4afb-4023-946b-a7bcca10f0c4&padding=10\" width=\"100%\" allow=\"autoplay; fullscreen\"><\/iframe>\n                    <\/div>\n\n                    <div class=\"application-examples-item-loader\"><\/div>\n                <\/div>\n            <\/div>\n","protected":false},"excerpt":{"rendered":"","protected":false},"author":13,"featured_media":0,"parent":711,"menu_order":0,"comment_status":"closed","ping_status":"closed","template":"templates\/template-application-examples.php","meta":{"publish_to_discourse":"","publish_post_category":"","wpdc_auto_publish_overridden":"","wpdc_topic_tags":"","wpdc_pin_topic":"","wpdc_pin_until":"","discourse_post_id":"","discourse_permalink":"","wpdc_publishing_response":"","wpdc_publishing_error":"","footnotes":""},"class_list":["post-731","page","type-page","status-publish","hentry"],"yoast_head":"<!-- This site is optimized with the Yoast SEO plugin v25.3.1 - https:\/\/yoast.com\/wordpress\/plugins\/seo\/ -->\n<title>All-in-One Reviews - Najlepsze przyk\u0142ady sekcji opinii w Twojej witrynie<\/title>\n<meta name=\"description\" content=\"Utw\u00f3rz wtyczk\u0119 z opiniami wszystkich znanych stron przegl\u0105darki w jednym miejscu - opinie Google, Booking.com, TripAdvisor itp.\" \/>\n<meta name=\"robots\" content=\"index, follow, max-snippet:-1, max-image-preview:large, max-video-preview:-1\" \/>\n<link rel=\"canonical\" href=\"https:\/\/elfsight.com\/pl\/all-in-one-reviews-widget\/examples\/\" \/>\n<meta property=\"og:locale\" content=\"pl_PL\" \/>\n<meta property=\"og:type\" content=\"article\" \/>\n<meta property=\"og:title\" content=\"All-in-One Reviews - Najlepsze przyk\u0142ady sekcji opinii w Twojej witrynie\" \/>\n<meta property=\"og:description\" content=\"Utw\u00f3rz wtyczk\u0119 z opiniami wszystkich znanych stron przegl\u0105darki w jednym miejscu - opinie Google, Booking.com, TripAdvisor itp.\" \/>\n<meta property=\"og:url\" content=\"https:\/\/elfsight.com\/pl\/all-in-one-reviews-widget\/examples\/\" \/>\n<meta property=\"og:site_name\" content=\"Elfsight PL\" \/>\n<meta property=\"article:modified_time\" content=\"2022-01-20T12:55:43+00:00\" \/>\n<meta name=\"twitter:card\" content=\"summary_large_image\" \/>\n<meta name=\"twitter:label1\" content=\"Szacowany czas czytania\" \/>\n\t<meta name=\"twitter:data1\" content=\"2 minuty\" \/>\n<!-- \/ Yoast SEO plugin. -->","yoast_head_json":{"title":"All-in-One Reviews - Najlepsze przyk\u0142ady sekcji opinii w Twojej witrynie","description":"Utw\u00f3rz wtyczk\u0119 z opiniami wszystkich znanych stron przegl\u0105darki w jednym miejscu - opinie Google, Booking.com, TripAdvisor itp.","robots":{"index":"index","follow":"follow","max-snippet":"max-snippet:-1","max-image-preview":"max-image-preview:large","max-video-preview":"max-video-preview:-1"},"canonical":"https:\/\/elfsight.com\/pl\/all-in-one-reviews-widget\/examples\/","og_locale":"pl_PL","og_type":"article","og_title":"All-in-One Reviews - Najlepsze przyk\u0142ady sekcji opinii w Twojej witrynie","og_description":"Utw\u00f3rz wtyczk\u0119 z opiniami wszystkich znanych stron przegl\u0105darki w jednym miejscu - opinie Google, Booking.com, TripAdvisor itp.","og_url":"https:\/\/elfsight.com\/pl\/all-in-one-reviews-widget\/examples\/","og_site_name":"Elfsight PL","article_modified_time":"2022-01-20T12:55:43+00:00","twitter_card":"summary_large_image","twitter_misc":{"Szacowany czas czytania":"2 minuty"},"schema":{"@context":"https:\/\/schema.org","@graph":[{"@type":"WebPage","@id":"https:\/\/elfsight.com\/pl\/all-in-one-reviews-widget\/examples\/","url":"https:\/\/elfsight.com\/pl\/all-in-one-reviews-widget\/examples\/","name":"All-in-One Reviews - Najlepsze przyk\u0142ady sekcji opinii w Twojej witrynie","isPartOf":{"@id":"https:\/\/elfsight.com\/pl\/#website"},"datePublished":"2020-12-01T08:52:38+00:00","dateModified":"2022-01-20T12:55:43+00:00","description":"Utw\u00f3rz wtyczk\u0119 z opiniami wszystkich znanych stron przegl\u0105darki w jednym miejscu - opinie Google, Booking.com, TripAdvisor itp.","breadcrumb":{"@id":"https:\/\/elfsight.com\/pl\/all-in-one-reviews-widget\/examples\/#breadcrumb"},"inLanguage":"pl-PL","potentialAction":[{"@type":"ReadAction","target":["https:\/\/elfsight.com\/pl\/all-in-one-reviews-widget\/examples\/"]}]},{"@type":"BreadcrumbList","@id":"https:\/\/elfsight.com\/pl\/all-in-one-reviews-widget\/examples\/#breadcrumb","itemListElement":[{"@type":"ListItem","position":1,"name":"Home","item":"https:\/\/elfsight.com\/pl\/"},{"@type":"ListItem","position":2,"name":"All-in-One Reviews","item":"https:\/\/elfsight.com\/pl\/all-in-one-reviews-widget\/"},{"@type":"ListItem","position":3,"name":"All-in-One Reviews &#8211; Examples"}]},{"@type":"WebSite","@id":"https:\/\/elfsight.com\/pl\/#website","url":"https:\/\/elfsight.com\/pl\/","name":"Elfsight PL","description":"Just another Elfsight Sites site","potentialAction":[{"@type":"SearchAction","target":{"@type":"EntryPoint","urlTemplate":"https:\/\/elfsight.com\/pl\/?s={search_term_string}"},"query-input":{"@type":"PropertyValueSpecification","valueRequired":true,"valueName":"search_term_string"}}],"inLanguage":"pl-PL"}]}},"meta_box":{"industry":"","seo_heading":"","heading":"","description":"","cta_heading":"","cta_description":"","application":"710","h1":"","h1_caption":"","application_category":[],"applications_title":"","applications_request_title":"","applications_request_button_text":"","hero_text":"","hero_video":"","hero_video_schema_markup":"","selling_points_title":"","selling_points_caption":"","selling_points":[],"selling_points_cta_text":"","features_title":"","features":"","ed_cta_examples_text":"","ed_cta_examples_hidden":"","ed_cta_demo_text":"","ed_cta_demo_hidden":"","why_caption":"","why_editor_title":"","why_editor_text":"","why_team_title":"","why_team_text":"","why_service_title":"","why_service_text":"","template_catalog_visible":"","template_catalog_title":"","template_catalog_text":"","template_catalog_categories_visible":"","demo_title":"","demo_caption":"","default_faq_hidden":"","app_template_category":[],"platform":"","template_public_id":"","codecanyon_url":"","codecanyon_item_id":"","codecanyon_price":"","pricing_caption":"","pricing_elfsight_apps_hide_column":"","pricing_elfsight_apps_url":"","pricing_codecanyon_price_caption":"","integration_category":[],"integration_request_title":"","integration_request_cta":"","integration_platform":"","integrations":[],"platform_category":[],"video_schema_markup":"","price":"","trial":"","benefits":[],"button_url":"","button_target_blank":"","button_nofollow":"","attributes":[],"tags":[],"tags_disable_links":"","hide_more_platforms":"","video_object":"","demo_hide_cta":"","demo_hide_cloud_options":"","pricing_title":"","pricing":[],"related_apps_title":"","related_apps_hidden":"","author":"","image":[],"title":"","job":"","social_networks":[]},"_links":{"self":[{"href":"https:\/\/elfsight.com\/pl\/wp-json\/wp\/v2\/pages\/731","targetHints":{"allow":["GET"]}}],"collection":[{"href":"https:\/\/elfsight.com\/pl\/wp-json\/wp\/v2\/pages"}],"about":[{"href":"https:\/\/elfsight.com\/pl\/wp-json\/wp\/v2\/types\/page"}],"author":[{"embeddable":true,"href":"https:\/\/elfsight.com\/pl\/wp-json\/wp\/v2\/users\/13"}],"replies":[{"embeddable":true,"href":"https:\/\/elfsight.com\/pl\/wp-json\/wp\/v2\/comments?post=731"}],"version-history":[{"count":7,"href":"https:\/\/elfsight.com\/pl\/wp-json\/wp\/v2\/pages\/731\/revisions"}],"predecessor-version":[{"id":3139,"href":"https:\/\/elfsight.com\/pl\/wp-json\/wp\/v2\/pages\/731\/revisions\/3139"}],"up":[{"embeddable":true,"href":"https:\/\/elfsight.com\/pl\/wp-json\/wp\/v2\/pages\/711"}],"wp:attachment":[{"href":"https:\/\/elfsight.com\/pl\/wp-json\/wp\/v2\/media?parent=731"}],"curies":[{"name":"wp","href":"https:\/\/api.w.org\/{rel}","templated":true}]}}