{"id":7309,"date":"2024-05-03T06:54:40","date_gmt":"2024-05-03T06:54:40","guid":{"rendered":"https:\/\/elfsight.com\/pl\/?page_id=7309"},"modified":"2024-11-14T08:52:17","modified_gmt":"2024-11-14T08:52:17","slug":"google-sites","status":"publish","type":"page","link":"https:\/\/elfsight.com\/pl\/whatsapp-chat-widget\/google-sites\/","title":{"rendered":"WhatsApp Chat &#8211; Google Sites"},"content":{"rendered":"<div class=\"application-platform-content-item-description application-platform-content-item\" id=\"description\" data-nav-section=\"description\"><h2>Umie\u015b\u0107 czat WhatsApp za pomoc\u0105 wid\u017cetu Elfsight<\/h2> <p>Czat WhatsApp dla Witryn Google to naj\u0142atwiejsze narz\u0119dzie, dzi\u0119ki kt\u00f3remu u\u017cytkownicy Twojej witryny mog\u0105 si\u0119 z Tob\u0105 skontaktowa\u0107 i uzyskaj odpowiedzi na ich pytania. Mo\u017cesz by\u0107 dost\u0119pny dla klient\u00f3w w ich najpopularniejszym komunikatorze 24 godziny na dob\u0119, 7 dni w tygodniu. Dodaj czat WhatsApp na stronie internetowej i wy\u015bwietlaj go na okre\u015blonych stronach lub tylko dla okre\u015blonych kategorii odbiorc\u00f3w, aktywuj wyzwalacze rozpocz\u0119cia czatu, napisz niestandardow\u0105 wiadomo\u015b\u0107 powitaln\u0105, zmie\u0144 ikony i zastosuj inne dostosowania. Korzystaj\u0105c z czatu WhatsApp wbudowanego w witryn\u0119, b\u0119dziesz w kontakcie z u\u017cytkownikami o ka\u017cdej porze i z dowolnego miejsca.<\/p> <p><b>Ulepsz swoj\u0105 witryn\u0119 pod k\u0105tem cel\u00f3w e-commerce za pomoc\u0105 czatu WhatsApp<\/b><\/p> <\/div> <div class=\"application-platform-content-item-features application-platform-content-item\" id=\"features\" data-nav-section=\"features\"> <h2>G\u0142\u00f3wne funkcje WhatsApp Chat Widget<\/h2> <ul><li>Umie\u015b\u0107 komunikator WhatsApp na swojej stronie internetowej, aby pozosta\u0107 w kontakcie z widzami; <\/li><li>Odpowiadaj na wiadomo\u015bci bezpo\u015brednio ze swojego konta WhatsApp; <\/li><li>U\u017cyj 3 typ\u00f3w uk\u0142adu czatu: p\u0142ywaj\u0105ca ba\u0144ka, osadzana ba\u0144ka i osadzane okno czatu; <\/li><li>Przejrzyj bibliotek\u0119 ikon b\u0105belk\u00f3w do wyboru| Wybierz wariant ikony b\u0105belka z kolekcji dost\u0119pnych ikon; <\/li><li>Edytowalny tekst w dymku. <\/li><\/ul><p><a href=\"#demo\">Wypr\u00f3buj wszystkie funkcje personalizacji w 100% funkcjonalnej wersji demonstracyjnej<\/a><\/p> <\/div> <div class=\"application-platform-content-item-installation application-platform-content-item\" id=\"installation\" data-nav-section=\"installation\"> <h2>Jak umie\u015bci\u0107 czat WhatsApp w witrynie Witryn Google? <\/h2> <p>Wystarczy spe\u0142ni\u0107 poni\u017csze wskaz\u00f3wki, aby rozpocz\u0105\u0107 prac\u0119 z wtyczk\u0105. <\/p> <ol><li><b>Wykonaj nasz darmowy konfigurator i zacznij tworzy\u0107 swoj\u0105 unikaln\u0105 wtyczk\u0119. <\/b><br> Okre\u015bl wybrany uk\u0142ad i parametry wtyczki i zapisz poprawki. <\/li> <li><b>Zdob\u0105d\u017a sw\u00f3j indywidualny kod pojawiaj\u0105cy si\u0119 w specjalnym formularzu w aplikacjach Elfsight. <\/b><br> Po skonfigurowaniu osobistego narz\u0119dzia skopiuj ekskluzywny kod z wy\u015bwietlonego wyskakuj\u0105cego okienka i zachowaj go do wykorzystania w przysz\u0142o\u015bci. <\/li> <li><b>Zainicjuj u\u017cycie wid\u017cetu na stronie g\u0142\u00f3wnej Witryn Google. <\/b><br> Umie\u015b\u0107 skopiowany ostatnio kod na swojej stronie g\u0142\u00f3wnej i zapisz poprawki. <\/li> <li><b>Gotowe! Konfiguracja zosta\u0142a pomy\u015blnie przeprowadzona. <\/b><br> Przejd\u017a na swoj\u0105 stron\u0119 i obserwuj dzia\u0142anie wid\u017cetu. <\/li><\/ol> <div class=\"tip-yellow tip\"><b>Ze wzgl\u0119du na specyfik\u0119 dzia\u0142ania Witryn Google wid\u017cet mo\u017ce wygl\u0105da\u0107 inaczej ni\u017c wersja demonstracyjna online. Przepraszamy za wszelkie niedogodno\u015bci.<\/b><\/div><p>Je\u015bli masz pytania lub napotkasz jakiekolwiek problemy, napisz do naszego personelu pomocy technicznej. Nasi ludzie z przyjemno\u015bci\u0105 rozwi\u0105\u017c\u0105 wszystkie problemy, jakie mo\u017cesz mie\u0107 z wtyczk\u0105. <\/p> <div class=\"faq\" data-component=\"FAQ\"><div class=\"faq-item\">\r\n\t\t\t\t\t<div class=\"faq-item-question\">\r\n\t\t\t\t\t\t<h3 class=\"faq-item-question-text\">Jak mog\u0119 osadzi\u0107 wid\u017cet czatu WhatsApp na mojej stronie Witryn Google bez umiej\u0119tno\u015bci kodowania?<\/h3>\r\n\r\n\t\t\t\t\t\t<div class=\"faq-item-question-icon\"><\/div>\r\n\t\t\t\t\t<\/div>\r\n\r\n\t\t\t\t\t<div class=\"faq-item-answer\">\r\n\t\t\t\t\t\t<div class=\"faq-item-answer-text\"><p>Elfsight zapewnia rozwi\u0105zanie oparte na chmurze, kt\u00f3re umo\u017cliwia u\u017cytkownikom osadzanie wid\u017cetu czatu WhatsApp na stronie Witryn Google i przekonaj si\u0119, jak prosty jest ten proces:<\/p><ul><li>Uzyskaj dost\u0119p do edytora online, aby wygenerowa\u0107 sekcj\u0119 wid\u017cetu czatu WhatsApp, kt\u00f3r\u0105 chcesz zintegrowa\u0107 ze swoj\u0105 stron\u0105 w Witrynach Google.<\/li> <li>Wybierz jeden z naszych wst\u0119pnie zaprojektowanych szablon\u00f3w i dostosuj ustawienia wid\u017cetu WhatsApp Chat, zmodyfikuj uk\u0142ad i schemat kolor\u00f3w, do\u0142\u0105cz swoj\u0105 tre\u015b\u0107 bez konieczno\u015bci kodowania.<\/li><li>Zapisz skonfigurowane ustawienia wid\u017cet WhatsApp Chat i uzyskaj kod wid\u017cetu do umieszczenia na stronie, kt\u00f3ry mo\u017cna \u0142atwo i bezp\u0142atnie doda\u0107 do swojej strony w Witrynach Google.<\/li><\/ul><p>Pracuj\u0105c w przyjaznym dla u\u017cytkownika Edytorze, ka\u017cdy u\u017cytkownik Internetu mo\u017ce utw\u00f3rz sekcj\u0119 wid\u017cetu WhatsApp Chat i umie\u015b\u0107 j\u0105 na swojej stronie w Witrynach Google. Aby uzyska\u0107 dost\u0119p do Edytora Elfsight, nie jest wymagana \u017cadna p\u0142atno\u015b\u0107 ani ujawnianie danych karty. Je\u015bli na kt\u00f3rymkolwiek etapie napotkasz jakiekolwiek trudno\u015bci, skontaktuj si\u0119 z naszym dzia\u0142em obs\u0142ugi klienta.<\/p><\/div>\r\n\t\t\t\t\t<\/div>\r\n\t\t\t\t<\/div><\/div><\/div>","protected":false},"excerpt":{"rendered":"","protected":false},"author":9,"featured_media":0,"parent":857,"menu_order":0,"comment_status":"closed","ping_status":"closed","template":"templates\/template-application-platform.php","meta":{"publish_to_discourse":"","publish_post_category":"","wpdc_auto_publish_overridden":"","wpdc_topic_tags":"","wpdc_pin_topic":"","wpdc_pin_until":"","discourse_post_id":"","discourse_permalink":"","wpdc_publishing_response":"","wpdc_publishing_error":"","footnotes":""},"class_list":["post-7309","page","type-page","status-publish","hentry"],"yoast_head":"<!-- This site is optimized with the Yoast SEO plugin v25.3.1 - https:\/\/yoast.com\/wordpress\/plugins\/seo\/ -->\n<title>Czat WhatsApp \u2014 dodaj wid\u017cet czatu do Witryn Google (2025)<\/title>\n<meta name=\"description\" content=\"Dodaj responsywny wid\u017cet czatu WhatsApp na swojej stronie internetowej Witryn Google i zdob\u0105d\u017a pe\u0142ne zaufanie. Skorzystaj z przydatnej wersji demonstracyjnej Elfsight, aby zbudowa\u0107 swoj\u0105 unikaln\u0105 funkcj\u0119.\" \/>\n<meta name=\"robots\" content=\"index, follow, max-snippet:-1, max-image-preview:large, max-video-preview:-1\" \/>\n<link rel=\"canonical\" href=\"https:\/\/elfsight.com\/pl\/whatsapp-chat-widget\/google-sites\/\" \/>\n<meta property=\"og:locale\" content=\"pl_PL\" \/>\n<meta property=\"og:type\" content=\"article\" \/>\n<meta property=\"og:title\" content=\"Czat WhatsApp \u2014 dodaj wid\u017cet czatu do Witryn Google (2025)\" \/>\n<meta property=\"og:description\" content=\"Dodaj responsywny wid\u017cet czatu WhatsApp na swojej stronie internetowej Witryn Google i zdob\u0105d\u017a pe\u0142ne zaufanie. Skorzystaj z przydatnej wersji demonstracyjnej Elfsight, aby zbudowa\u0107 swoj\u0105 unikaln\u0105 funkcj\u0119.\" \/>\n<meta property=\"og:url\" content=\"https:\/\/elfsight.com\/pl\/whatsapp-chat-widget\/google-sites\/\" \/>\n<meta property=\"og:site_name\" content=\"Elfsight PL\" \/>\n<meta property=\"article:modified_time\" content=\"2024-11-14T08:52:17+00:00\" \/>\n<meta name=\"twitter:card\" content=\"summary_large_image\" \/>\n<meta name=\"twitter:label1\" content=\"Szacowany czas czytania\" \/>\n\t<meta name=\"twitter:data1\" content=\"3 minuty\" \/>\n<!-- \/ Yoast SEO plugin. -->","yoast_head_json":{"title":"Czat WhatsApp \u2014 dodaj wid\u017cet czatu do Witryn Google (2025)","description":"Dodaj responsywny wid\u017cet czatu WhatsApp na swojej stronie internetowej Witryn Google i zdob\u0105d\u017a pe\u0142ne zaufanie. Skorzystaj z przydatnej wersji demonstracyjnej Elfsight, aby zbudowa\u0107 swoj\u0105 unikaln\u0105 funkcj\u0119.","robots":{"index":"index","follow":"follow","max-snippet":"max-snippet:-1","max-image-preview":"max-image-preview:large","max-video-preview":"max-video-preview:-1"},"canonical":"https:\/\/elfsight.com\/pl\/whatsapp-chat-widget\/google-sites\/","og_locale":"pl_PL","og_type":"article","og_title":"Czat WhatsApp \u2014 dodaj wid\u017cet czatu do Witryn Google (2025)","og_description":"Dodaj responsywny wid\u017cet czatu WhatsApp na swojej stronie internetowej Witryn Google i zdob\u0105d\u017a pe\u0142ne zaufanie. Skorzystaj z przydatnej wersji demonstracyjnej Elfsight, aby zbudowa\u0107 swoj\u0105 unikaln\u0105 funkcj\u0119.","og_url":"https:\/\/elfsight.com\/pl\/whatsapp-chat-widget\/google-sites\/","og_site_name":"Elfsight PL","article_modified_time":"2024-11-14T08:52:17+00:00","twitter_card":"summary_large_image","twitter_misc":{"Szacowany czas czytania":"3 minuty"},"schema":{"@context":"https:\/\/schema.org","@graph":[{"@type":"WebPage","@id":"https:\/\/elfsight.com\/pl\/whatsapp-chat-widget\/google-sites\/","url":"https:\/\/elfsight.com\/pl\/whatsapp-chat-widget\/google-sites\/","name":"Czat WhatsApp \u2014 dodaj wid\u017cet czatu do Witryn Google (2025)","isPartOf":{"@id":"https:\/\/elfsight.com\/pl\/#website"},"datePublished":"2024-05-03T06:54:40+00:00","dateModified":"2024-11-14T08:52:17+00:00","description":"Dodaj responsywny wid\u017cet czatu WhatsApp na swojej stronie internetowej Witryn Google i zdob\u0105d\u017a pe\u0142ne zaufanie. Skorzystaj z przydatnej wersji demonstracyjnej Elfsight, aby zbudowa\u0107 swoj\u0105 unikaln\u0105 funkcj\u0119.","breadcrumb":{"@id":"https:\/\/elfsight.com\/pl\/whatsapp-chat-widget\/google-sites\/#breadcrumb"},"inLanguage":"pl-PL","potentialAction":[{"@type":"ReadAction","target":["https:\/\/elfsight.com\/pl\/whatsapp-chat-widget\/google-sites\/"]}]},{"@type":"BreadcrumbList","@id":"https:\/\/elfsight.com\/pl\/whatsapp-chat-widget\/google-sites\/#breadcrumb","itemListElement":[{"@type":"ListItem","position":1,"name":"Home","item":"https:\/\/elfsight.com\/pl\/"},{"@type":"ListItem","position":2,"name":"WhatsApp Chat","item":"https:\/\/elfsight.com\/pl\/whatsapp-chat-widget\/"},{"@type":"ListItem","position":3,"name":"WhatsApp Chat &#8211; Google Sites"}]},{"@type":"WebSite","@id":"https:\/\/elfsight.com\/pl\/#website","url":"https:\/\/elfsight.com\/pl\/","name":"Elfsight PL","description":"Just another Elfsight Sites site","potentialAction":[{"@type":"SearchAction","target":{"@type":"EntryPoint","urlTemplate":"https:\/\/elfsight.com\/pl\/?s={search_term_string}"},"query-input":{"@type":"PropertyValueSpecification","valueRequired":true,"valueName":"search_term_string"}}],"inLanguage":"pl-PL"}]}},"meta_box":{"industry":"","seo_heading":"","heading":"","description":"","cta_heading":"","cta_description":"","application":"856","h1":"Wid\u017cet czatu w Witrynach Google w WhatsApp","h1_caption":"Daj u\u017cytkownikom mo\u017cliwo\u015b\u0107 skontaktowania si\u0119 z Tob\u0105 za po\u015brednictwem WhatsApp, zapewniaj\u0105c u\u017cytkownikom Twojej witryny najszybsz\u0105 i najwygodniejsz\u0105 interakcj\u0119 z Witrynami Google.","application_category":[],"applications_title":"","applications_request_title":"","applications_request_button_text":"","hero_text":"","hero_video":"","hero_video_schema_markup":"","selling_points_title":"","selling_points_caption":"","selling_points":[],"selling_points_cta_text":"","features_title":"","features":"","ed_cta_examples_text":"","ed_cta_examples_hidden":"","ed_cta_demo_text":"","ed_cta_demo_hidden":"","why_caption":"","why_editor_title":"","why_editor_text":"","why_team_title":"","why_team_text":"","why_service_title":"","why_service_text":"","template_catalog_visible":"","template_catalog_title":"","template_catalog_text":"","template_catalog_categories_visible":"","demo_title":"Utw\u00f3rz wid\u017cet czatu WhatsApp","demo_caption":"Skonfiguruj czat WhatsApp i dodaj go za darmo do swojej witryny Google Sites!","default_faq_hidden":"","app_template_category":[],"platform":"484","template_public_id":"","codecanyon_url":"","codecanyon_item_id":"","codecanyon_price":"","pricing_caption":"","pricing_elfsight_apps_hide_column":"","pricing_elfsight_apps_url":"","pricing_codecanyon_price_caption":"","integration_category":[],"integration_request_title":"","integration_request_cta":"","integration_platform":"","integrations":[],"platform_category":[],"video_schema_markup":"","price":"od 0 USD \/ miesi\u0105c","trial":"","benefits":[{"text":"Bezp\u0142atna us\u0142uga monta\u017cu"},{"text":"Kompetentna obs\u0142uga klienta"},{"text":"14-dniowa gwarancja zwrotu pieni\u0119dzy"},{"text":"Ci\u0105g\u0142e bezp\u0142atne aktualizacje"}],"button_url":"#demo","button_target_blank":"","button_nofollow":"","attributes":[{"name":"Instaluje"},{"name":"Czu\u0142y","content":"Tak"},{"name":"Kompatybilne przegl\u0105darki","content":"Firefox, Safari, Opera, Chrome, Edge"}],"tags":[],"tags_disable_links":"","hide_more_platforms":"","video_object":"","demo_hide_cta":"","demo_hide_cloud_options":"","pricing_title":"","pricing":[{"pricing_icon":"platform","pricing_title":"Elfsight Apps","pricing_title_caption":"Wersja niezale\u017cna od platformy","pricing_price":"od 0 USD \/ miesi\u0105c","pricing_price_caption":"zacznij od bezp\u0142atnego planu","pricing_benefits":[{"text":"Nielimitowane domeny"},{"text":"Profesjonalna obs\u0142uga klienta"},{"text":"Bezp\u0142atne wsparcie instalacyjne"},{"text":"W pe\u0142ni konfigurowalny"}],"pricing_button_text":"Dodaj do witryny","pricing_button_url":"#demo"}],"related_apps_title":"","related_apps_hidden":"","author":"","image":[],"title":"","job":"","social_networks":[]},"_links":{"self":[{"href":"https:\/\/elfsight.com\/pl\/wp-json\/wp\/v2\/pages\/7309","targetHints":{"allow":["GET"]}}],"collection":[{"href":"https:\/\/elfsight.com\/pl\/wp-json\/wp\/v2\/pages"}],"about":[{"href":"https:\/\/elfsight.com\/pl\/wp-json\/wp\/v2\/types\/page"}],"author":[{"embeddable":true,"href":"https:\/\/elfsight.com\/pl\/wp-json\/wp\/v2\/users\/9"}],"replies":[{"embeddable":true,"href":"https:\/\/elfsight.com\/pl\/wp-json\/wp\/v2\/comments?post=7309"}],"version-history":[{"count":1,"href":"https:\/\/elfsight.com\/pl\/wp-json\/wp\/v2\/pages\/7309\/revisions"}],"predecessor-version":[{"id":7313,"href":"https:\/\/elfsight.com\/pl\/wp-json\/wp\/v2\/pages\/7309\/revisions\/7313"}],"up":[{"embeddable":true,"href":"https:\/\/elfsight.com\/pl\/wp-json\/wp\/v2\/pages\/857"}],"wp:attachment":[{"href":"https:\/\/elfsight.com\/pl\/wp-json\/wp\/v2\/media?parent=7309"}],"curies":[{"name":"wp","href":"https:\/\/api.w.org\/{rel}","templated":true}]}}