{"id":7304,"date":"1970-01-01T00:00:00","date_gmt":"1970-01-01T00:00:00","guid":{"rendered":"https:\/\/elfsight.com\/pl\/?page_id=7304"},"modified":"2024-10-23T13:42:59","modified_gmt":"2024-10-23T13:42:59","slug":"godaddy","status":"publish","type":"page","link":"https:\/\/elfsight.com\/pl\/whatsapp-chat-widget\/godaddy\/","title":{"rendered":"WhatsApp Chat &#8211; GoDaddy"},"content":{"rendered":"<div class=\"application-platform-content-item-description application-platform-content-item\" id=\"description\" data-nav-section=\"description\"> <h2>Osad\u017a czat WhatsApp za pomoc\u0105 wid\u017cetu Elfsight<\/h2> <p>Czat WhatsApp firmy Elfsight to prosta wtyczka umo\u017cliwiaj\u0105ca klientom Twojej witryny GoDaddy pozostawanie w kontakcie z Tob\u0105 i us\u0142ysze\u0107 odpowiedzi na ich pytania i pro\u015bby. B\u0105d\u017a dost\u0119pny na \u017cywo dla klient\u00f3w w ich ulubionym komunikatorze przez ca\u0142y dzie\u0144. Skonfiguruj WhatsApp Chat na stronie, a b\u0119dzie on wy\u015bwietlany na okre\u015blonych stronach lub dla okre\u015blonych grup widz\u00f3w. Mo\u017cesz ustawi\u0107 wyzwalacze czatu pocz\u0105tkowego, napisa\u0107 unikaln\u0105 wiadomo\u015b\u0107 powitaln\u0105, wybra\u0107 ikony i jeszcze wi\u0119cej. Dzi\u0119ki czatowi WhatsApp wbudowanemu w stron\u0119 internetow\u0105 b\u0119dziesz w kontakcie z widzami w dowolnym miejscu i czasie. <\/p> <p><b>Zwi\u0119ksz sprzeda\u017c poprzez doradzanie klientom w sprawie swoich produkt\u00f3w!<\/b><\/p> <\/div> <div class=\"application-platform-content-item-features application-platform-content-item\" id=\"features\" data-nav-section=\"features\"> <h2>G\u0142\u00f3wne funkcje wid\u017cetu czatu WhatsApp<\/h2> <ul><li>Zintegruj komunikator WhatsApp na swojej stronie internetowej, aby pozosta\u0107 w kontakcie z klientami; <\/li><li>Odpowiadaj na wiadomo\u015bci bezpo\u015brednio ze swojego konta WhatsApp; <\/li><li>Wypr\u00f3buj 3 opcje lokalizacji czatu: p\u0142ywaj\u0105ca ba\u0144ka, osadzana ba\u0144ka i osadzane okno czatu; <\/li><li>U\u017cyj kolekcji ikon b\u0105belk\u00f3w do wyboru; <\/li><li>Wprowad\u017a w\u0142asny tekst dymka czatu. <\/li><\/ul><p><a href=\"#demo\">Po prostu sprawd\u017a t\u0119 wersj\u0119 demonstracyjn\u0105, aby zobaczy\u0107, ile jest warta wtyczka<\/a><\/p> <\/div> <div class=\"application-platform-content-item-installation application-platform-content-item\" id=\"installation\" data-nav-section=\"installation\"> <h2>Jak mog\u0119 osadzi\u0107 czat WhatsApp w mojej witrynie GoDaddy? <\/h2> <p>Wystarczy spe\u0142ni\u0107 poni\u017csze wskaz\u00f3wki, aby wstawi\u0107 wtyczk\u0119. <\/p> <ol><li><b>Skorzystaj z naszej bezp\u0142atnej wersji demonstracyjnej i zacznij tworzy\u0107 swoj\u0105 dostosowan\u0105 wtyczk\u0119. <\/b><br> Ustal wybrany wygl\u0105d i specyfikacj\u0119 wtyczki oraz zapisz zmiany. <\/li> <li><b>Skopiuj sw\u00f3j osobisty kod wy\u015bwietlany w oknie aplikacji Elfsight. <\/b><br> Po zako\u0144czeniu dostosowywania osobistej wtyczki skopiuj indywidualny kod z wy\u015bwietlonego wyskakuj\u0105cego okienka i zapisz go do wykorzystania w przysz\u0142o\u015bci. <\/li> <li><b>Rozpocznij instalowanie wtyczki na stronie g\u0142\u00f3wnej GoDaddy. <\/b><br> Zaimplementuj zapisany wcze\u015bniej kod na swojej stronie internetowej i zastosuj zmiany. <\/li> <li><b>Instalacja zosta\u0142a ca\u0142kowicie uko\u0144czona. <\/b><br> Przejd\u017a do swojej witryny, aby sprawdzi\u0107 dzia\u0142anie wtyczki. <\/li><\/ol> <div class=\"tip-yellow tip\"><b>Ze wzgl\u0119du na specyfik\u0119 wy\u015bwietlania niestandardowych wstawek z kodem, p\u0142ywaj\u0105ce szablony mog\u0105 wygl\u0105da\u0107 inaczej ni\u017c wersja demonstracyjna online. Po\u015bwi\u0119\u0107 troch\u0119 czasu na przetestowanie swoich wid\u017cet\u00f3w.<\/b><\/div><p>W przypadku wyst\u0105pienia jakichkolwiek problem\u00f3w, napisz do naszego personelu obs\u0142ugi klienta. Nasi ludzie z przyjemno\u015bci\u0105 odpowiedz\u0105 na wszystkie pytania dotycz\u0105ce tego narz\u0119dzia. <\/p> <\/div><div class=\"faq\" data-component=\"FAQ\"><div class=\"faq-item\">\r\n\t\t\t\t\t<div class=\"faq-item-question\">\r\n\t\t\t\t\t\t<h3 class=\"faq-item-question-text\">Czy istnieje metoda dodania czatu Whatsapp do mojej strony internetowej GoDaddy bez kodowania?<\/h3>\r\n\r\n\t\t\t\t\t\t<div class=\"faq-item-question-icon\"><\/div>\r\n\t\t\t\t\t<\/div>\r\n\r\n\t\t\t\t\t<div class=\"faq-item-answer\">\r\n\t\t\t\t\t\t<div class=\"faq-item-answer-text\"><p>Dostarczana przez firm\u0119 Elfsight rozwi\u0105zanie SaaS, kt\u00f3re umo\u017cliwia szerokiemu gronu odbiorc\u00f3w samodzielne wygenerowanie wid\u017cetu WhatsApp Chat, zobacz, jak nieskomplikowany jest ten proces: <\/p><ul><li>Pracuj bezpo\u015brednio w wersji demonstracyjnej na \u017cywo, aby utworzy\u0107 wtyczk\u0119 Whatsapp Chat, kt\u00f3r\u0105 chcesz osadzi\u0107 na swoim Strona g\u0142\u00f3wna GoDaddy.<\/li><li>Wybierz jeden z gotowych szablon\u00f3w i zmie\u0144 ustawienia czatu Whatsapp, do\u0142\u0105cz swoj\u0105 tre\u015b\u0107, zmie\u0144 uk\u0142ad i kolory bez umiej\u0119tno\u015bci kodowania.<\/li><li>Kliknij, aby zapisa\u0107 WhatsApp Czatuj i kopiuj kod instalacyjny, kt\u00f3ry mo\u017cesz \u0142atwo umie\u015bci\u0107 na dowolnej stronie internetowej GoDaddy bez konieczno\u015bci zakupu p\u0142atnej subskrypcji. <\/li><\/ul><p>Dzi\u0119ki naszemu intuicyjnemu konfiguratorowi ka\u017cdy u\u017cytkownik Internetu mo\u017ce zbudowa\u0107 wtyczk\u0119 Whatsapp Chat online i \u0142atwo doda\u0107 j\u0105 do swojej strony g\u0142\u00f3wnej GoDaddy. Aby uzyska\u0107 dost\u0119p do Edytora, nie jest konieczne wykupienie p\u0142atnej subskrypcji ani podanie danych logowania do karty. Je\u015bli napotkasz jakiekolwiek problemy, nie wahaj si\u0119 skontaktowa\u0107 z nasz\u0105 techniczn\u0105 obs\u0142ug\u0105 klienta.<\/p><\/div>\r\n\t\t\t\t\t<\/div>\r\n\t\t\t\t<\/div><\/div>","protected":false},"excerpt":{"rendered":"","protected":false},"author":9,"featured_media":0,"parent":857,"menu_order":0,"comment_status":"closed","ping_status":"closed","template":"templates\/template-application-platform.php","meta":{"publish_to_discourse":"","publish_post_category":"","wpdc_auto_publish_overridden":"","wpdc_topic_tags":"","wpdc_pin_topic":"","wpdc_pin_until":"","discourse_post_id":"","discourse_permalink":"","wpdc_publishing_response":"","wpdc_publishing_error":"","footnotes":""},"class_list":["post-7304","page","type-page","status-publish","hentry"],"yoast_head":"<!-- This site is optimized with the Yoast SEO plugin v25.3.1 - https:\/\/yoast.com\/wordpress\/plugins\/seo\/ -->\n<title>Czat WhatsApp \u2014 dodaj wtyczk\u0119 WhatsApp Chat do GoDaddy<\/title>\n<meta name=\"description\" content=\"Zintegruj responsywny czat WhatsApp ze swoj\u0105 witryn\u0105 GoDaddy. Poznaj smak nowych funkcji i rozwijaj sw\u00f3j biznes!\" \/>\n<meta name=\"robots\" content=\"index, follow, max-snippet:-1, max-image-preview:large, max-video-preview:-1\" \/>\n<link rel=\"canonical\" href=\"https:\/\/elfsight.com\/pl\/whatsapp-chat-widget\/godaddy\/\" \/>\n<meta property=\"og:locale\" content=\"pl_PL\" \/>\n<meta property=\"og:type\" content=\"article\" \/>\n<meta property=\"og:title\" content=\"Czat WhatsApp \u2014 dodaj wtyczk\u0119 WhatsApp Chat do GoDaddy\" \/>\n<meta property=\"og:description\" content=\"Zintegruj responsywny czat WhatsApp ze swoj\u0105 witryn\u0105 GoDaddy. Poznaj smak nowych funkcji i rozwijaj sw\u00f3j biznes!\" \/>\n<meta property=\"og:url\" content=\"https:\/\/elfsight.com\/pl\/whatsapp-chat-widget\/godaddy\/\" \/>\n<meta property=\"og:site_name\" content=\"Elfsight PL\" \/>\n<meta property=\"article:modified_time\" content=\"2024-10-23T13:42:59+00:00\" \/>\n<meta name=\"twitter:card\" content=\"summary_large_image\" \/>\n<meta name=\"twitter:label1\" content=\"Szacowany czas czytania\" \/>\n\t<meta name=\"twitter:data1\" content=\"3 minuty\" \/>\n<!-- \/ Yoast SEO plugin. -->","yoast_head_json":{"title":"Czat WhatsApp \u2014 dodaj wtyczk\u0119 WhatsApp Chat do GoDaddy","description":"Zintegruj responsywny czat WhatsApp ze swoj\u0105 witryn\u0105 GoDaddy. Poznaj smak nowych funkcji i rozwijaj sw\u00f3j biznes!","robots":{"index":"index","follow":"follow","max-snippet":"max-snippet:-1","max-image-preview":"max-image-preview:large","max-video-preview":"max-video-preview:-1"},"canonical":"https:\/\/elfsight.com\/pl\/whatsapp-chat-widget\/godaddy\/","og_locale":"pl_PL","og_type":"article","og_title":"Czat WhatsApp \u2014 dodaj wtyczk\u0119 WhatsApp Chat do GoDaddy","og_description":"Zintegruj responsywny czat WhatsApp ze swoj\u0105 witryn\u0105 GoDaddy. Poznaj smak nowych funkcji i rozwijaj sw\u00f3j biznes!","og_url":"https:\/\/elfsight.com\/pl\/whatsapp-chat-widget\/godaddy\/","og_site_name":"Elfsight PL","article_modified_time":"2024-10-23T13:42:59+00:00","twitter_card":"summary_large_image","twitter_misc":{"Szacowany czas czytania":"3 minuty"},"schema":{"@context":"https:\/\/schema.org","@graph":[{"@type":"WebPage","@id":"https:\/\/elfsight.com\/pl\/whatsapp-chat-widget\/godaddy\/","url":"https:\/\/elfsight.com\/pl\/whatsapp-chat-widget\/godaddy\/","name":"Czat WhatsApp \u2014 dodaj wtyczk\u0119 WhatsApp Chat do GoDaddy","isPartOf":{"@id":"https:\/\/elfsight.com\/pl\/#website"},"datePublished":"1970-01-01T00:00:00+00:00","dateModified":"2024-10-23T13:42:59+00:00","description":"Zintegruj responsywny czat WhatsApp ze swoj\u0105 witryn\u0105 GoDaddy. Poznaj smak nowych funkcji i rozwijaj sw\u00f3j biznes!","breadcrumb":{"@id":"https:\/\/elfsight.com\/pl\/whatsapp-chat-widget\/godaddy\/#breadcrumb"},"inLanguage":"pl-PL","potentialAction":[{"@type":"ReadAction","target":["https:\/\/elfsight.com\/pl\/whatsapp-chat-widget\/godaddy\/"]}]},{"@type":"BreadcrumbList","@id":"https:\/\/elfsight.com\/pl\/whatsapp-chat-widget\/godaddy\/#breadcrumb","itemListElement":[{"@type":"ListItem","position":1,"name":"Home","item":"https:\/\/elfsight.com\/pl\/"},{"@type":"ListItem","position":2,"name":"WhatsApp Chat","item":"https:\/\/elfsight.com\/pl\/whatsapp-chat-widget\/"},{"@type":"ListItem","position":3,"name":"WhatsApp Chat &#8211; GoDaddy"}]},{"@type":"WebSite","@id":"https:\/\/elfsight.com\/pl\/#website","url":"https:\/\/elfsight.com\/pl\/","name":"Elfsight PL","description":"Just another Elfsight Sites site","potentialAction":[{"@type":"SearchAction","target":{"@type":"EntryPoint","urlTemplate":"https:\/\/elfsight.com\/pl\/?s={search_term_string}"},"query-input":{"@type":"PropertyValueSpecification","valueRequired":true,"valueName":"search_term_string"}}],"inLanguage":"pl-PL"}]}},"meta_box":{"industry":"","seo_heading":"","heading":"","description":"","cta_heading":"","cta_description":"","application":"856","h1":"Wtyczka GoDaddy WhatsApp","h1_caption":"Daj u\u017cytkownikom mo\u017cliwo\u015b\u0107 skontaktowania si\u0119 z Tob\u0105 za po\u015brednictwem WhatsApp, zapewniaj\u0105c najszybsz\u0105 i najwygodniejsz\u0105 interakcj\u0119 dla os\u00f3b odwiedzaj\u0105cych Twoj\u0105 witryn\u0119 z witryn\u0105 GoDaddy.","application_category":[],"applications_title":"","applications_request_title":"","applications_request_button_text":"","hero_text":"","hero_video":"","hero_video_schema_markup":"","selling_points_title":"","selling_points_caption":"","selling_points":[],"selling_points_cta_text":"","features_title":"","features":"","ed_cta_examples_text":"","ed_cta_examples_hidden":"","ed_cta_demo_text":"","ed_cta_demo_hidden":"","why_caption":"","why_editor_title":"","why_editor_text":"","why_team_title":"","why_team_text":"","why_service_title":"","why_service_text":"","template_catalog_visible":"","template_catalog_title":"","template_catalog_text":"","template_catalog_categories_visible":"","demo_title":"Pospiesz si\u0119, aby kszta\u0142towa\u0107 spersonalizowan\u0105 aplikacj\u0119 GoDaddy WhatsApp","demo_caption":"Dostosuj je i dodaj narz\u0119dzie do swojej witryny, korzystaj\u0105c z wersji demonstracyjnej na \u017cywo.","default_faq_hidden":"","app_template_category":[],"platform":"180","template_public_id":"","codecanyon_url":"","codecanyon_item_id":"","codecanyon_price":"","pricing_caption":"","pricing_elfsight_apps_hide_column":"","pricing_elfsight_apps_url":"","pricing_codecanyon_price_caption":"","integration_category":[],"integration_request_title":"","integration_request_cta":"","integration_platform":"","integrations":[],"platform_category":[],"video_schema_markup":"","price":"od 0 USD \/ miesi\u0105c","trial":"","benefits":[{"text":"Bezp\u0142atna pomoc w instalacji"},{"text":"Do\u015bwiadczona obs\u0142uga klienta"},{"text":"14-dniowa gwarancja zwrotu pieni\u0119dzy"}],"button_url":"#demo","button_target_blank":"","button_nofollow":"","attributes":[{"name":"Instaluje"},{"name":"Czu\u0142y"},{"name":"Kompatybilne przegl\u0105darki"}],"tags":[],"tags_disable_links":"","hide_more_platforms":"","video_object":"","demo_hide_cta":"","demo_hide_cloud_options":"","pricing_title":"","pricing":[{"pricing_icon":"platform","pricing_title":"Elfsight Apps","pricing_title_caption":"Wieloplatformowe rozwi\u0105zanie cyfrowe","pricing_price":"od 0 USD \/ miesi\u0105c","pricing_price_caption":"zacznij od bezp\u0142atnego planu","pricing_benefits":[{"text":"Nielimitowane strony internetowe"},{"text":"Dedykowane wsparcie i dobrze udokumentowane"},{"text":"Bezp\u0142atna us\u0142uga monta\u017cu"},{"text":"100% konfigurowalny"}],"pricing_button_text":"Dodaj do witryny","pricing_button_url":"#demo"}],"related_apps_title":"","related_apps_hidden":"","author":"","image":[],"title":"","job":"","social_networks":[]},"_links":{"self":[{"href":"https:\/\/elfsight.com\/pl\/wp-json\/wp\/v2\/pages\/7304","targetHints":{"allow":["GET"]}}],"collection":[{"href":"https:\/\/elfsight.com\/pl\/wp-json\/wp\/v2\/pages"}],"about":[{"href":"https:\/\/elfsight.com\/pl\/wp-json\/wp\/v2\/types\/page"}],"author":[{"embeddable":true,"href":"https:\/\/elfsight.com\/pl\/wp-json\/wp\/v2\/users\/9"}],"replies":[{"embeddable":true,"href":"https:\/\/elfsight.com\/pl\/wp-json\/wp\/v2\/comments?post=7304"}],"version-history":[{"count":1,"href":"https:\/\/elfsight.com\/pl\/wp-json\/wp\/v2\/pages\/7304\/revisions"}],"predecessor-version":[{"id":7308,"href":"https:\/\/elfsight.com\/pl\/wp-json\/wp\/v2\/pages\/7304\/revisions\/7308"}],"up":[{"embeddable":true,"href":"https:\/\/elfsight.com\/pl\/wp-json\/wp\/v2\/pages\/857"}],"wp:attachment":[{"href":"https:\/\/elfsight.com\/pl\/wp-json\/wp\/v2\/media?parent=7304"}],"curies":[{"name":"wp","href":"https:\/\/api.w.org\/{rel}","templated":true}]}}