{"id":7303,"date":"1970-01-01T00:00:00","date_gmt":"1970-01-01T00:00:00","guid":{"rendered":"https:\/\/elfsight.com\/pl\/?page_id=7303"},"modified":"2024-10-23T13:42:43","modified_gmt":"2024-10-23T13:42:43","slug":"prestashop","status":"publish","type":"page","link":"https:\/\/elfsight.com\/pl\/whatsapp-chat-widget\/prestashop\/","title":{"rendered":"WhatsApp Chat &#8211; PrestaShop"},"content":{"rendered":"<div class=\"application-platform-content-item-description application-platform-content-item\" id=\"description\" data-nav-section=\"description\"> <h2>Umie\u015b\u0107 czat WhatsApp za pomoc\u0105 wid\u017cetu Elfsight<\/h2> <p>Czat WhatsApp opracowany przez Elfsight to najwygodniejszy spos\u00f3b na rozmow\u0119 z Tob\u0105 dla odbiorc\u00f3w Twojej witryny i uzyskaj odpowiedzi na swoje pytania. Mo\u017cesz pozosta\u0107 dost\u0119pny online dla swoich klient\u00f3w za po\u015brednictwem ulubionego komunikatora, niezale\u017cnie od tego, gdzie si\u0119 znajdujesz. Dodaj darmowy modu\u0142 Prestashop WhatsApp do swojego sklepu i wybierz, aby wy\u015bwietla\u0142 si\u0119 na okre\u015blonych stronach lub dla okre\u015blonych typ\u00f3w klient\u00f3w, wprowad\u017a wyzwalacze czatu pocz\u0105tkowego, zaprezentuj niestandardow\u0105 wiadomo\u015b\u0107 powitaln\u0105, wybierz ikony i jeszcze wi\u0119cej. Dzi\u0119ki czatowi WhatsApp dzia\u0142aj\u0105cemu na stronie internetowej pozostaniesz w kontakcie ze swoimi klientami w dowolnym momencie i niezale\u017cnie od tego, gdzie si\u0119 znajdujesz. <\/p><p><b>Dzi\u0119ki WhatsApp Chat do\u015bwiadcz zr\u00f3wnowa\u017conego rozwoju biznesu i zwi\u0119ksz sprzeda\u017c <\/b><\/p> <\/div> <div class=\"application-platform-content-item-features application-platform-content-item\" id=\"features\" data-nav-section=\"features\"> <h2>G\u0142\u00f3wne funkcje modu\u0142u WhatsApp Chat <\/h2> <ul><li>Dodaj komunikator WhatsApp do swojego sklepu, aby pozosta\u0107 w kontakcie z klientami<\/li><li>Odpowiadaj na wiadomo\u015bci bezpo\u015brednio ze swojego konta WhatsApp<\/li><li>Wypr\u00f3buj trzy opcje lokalizacji czatu : p\u0142ywaj\u0105ca ba\u0144ka, osadzana ba\u0144ka i osadzane okno czatu<\/li><li>Przejrzyj bibliotek\u0119 ikon b\u0105belk\u00f3w do wyboru<\/li><li>Edytowalny tekst w dymku<\/li><\/ul><p><a href=\"#demo\">Przetestuj wszystkie funkcje personalizacji w pe\u0142ni funkcjonalnej wersji demonstracyjnej<\/a><\/p> <\/div> <div class=\"application-platform-content-item-installation application-platform-content-item\" id=\"installation\" data-nav-section=\"installation\"> <h2>Jak osadzi\u0107 czat WhatsApp na stronie PrestaShop<\/h2> <p>Wystarczy wykona\u0107 kroki opisane poni\u017cej, aby doda\u0107 dodatek. <\/p> <ol><li><b>Skorzystaj z naszego bezp\u0142atnego edytora i rozpocznij tworzenie w\u0142asnego dodatku. <\/b><br> Wybierz niestandardow\u0105 form\u0119 i funkcje wid\u017cetu i zapisz zmiany. <\/li> <li><b>Odbierz indywidualny kod pojawiaj\u0105cy si\u0119 w specjalnym formularzu w aplikacjach Elfsight. <\/b><br> Po zako\u0144czeniu dostosowywania dodatku skopiuj indywidualny kod z wy\u015bwietlonego pola i zachowaj go do wykorzystania w przysz\u0142o\u015bci. <\/li> <li><b>Rozpocznij stosowanie narz\u0119dzia na stronie PrestaShop. <\/b><br> Wstaw ostatnio zapisany kod na swojej stronie i zastosuj zmiany. <\/li> <li><b>Gotowe! Integracja zosta\u0142a pomy\u015blnie przeprowadzona. <\/b><br> Przejd\u017a do swojej witryny i zobacz, jak dzia\u0142a narz\u0119dzie. <\/li><\/ol> <p>Je\u015bli masz pytania lub napotykasz trudno\u015bci, bez wahania skontaktuj si\u0119 z naszym dzia\u0142em obs\u0142ugi klienta. Nasi konsultanci z przyjemno\u015bci\u0105 pomog\u0105 Ci we wszystkich trudno\u015bciach, jakie mo\u017cesz mie\u0107 z dodatkiem. <\/p> <\/div><div class=\"faq\" data-component=\"FAQ\"><div class=\"faq-item\">\r\n\t\t\t\t\t<div class=\"faq-item-question\">\r\n\t\t\t\t\t\t<h3 class=\"faq-item-question-text\">W jaki spos\u00f3b mog\u0119 osadzi\u0107 czat Whatsapp na mojej stronie PrestaShop bez do\u015bwiadczenia w programowaniu?<\/h3>\r\n\r\n\t\t\t\t\t\t<div class=\"faq-item-question-icon\"><\/div>\r\n\t\t\t\t\t<\/div>\r\n\r\n\t\t\t\t\t<div class=\"faq-item-answer\">\r\n\t\t\t\t\t\t<div class=\"faq-item-answer-text\"><p>Oferty firmy Elfsight rozwi\u0105zanie SaaS, kt\u00f3re pozwala samodzielnie utworzy\u0107 sekcj\u0119 czatu Whatsapp, poznaj proste kroki: <\/p><ul><li>Przejd\u017a do edytora na \u017cywo, aby utworzy\u0107 sekcj\u0119 czatu Whatsapp, kt\u00f3r\u0105 chcesz zintegrowa\u0107 z witryn\u0105 PrestaShop.<\/p><ul><li>Przejd\u017a do edytora na \u017cywo, aby utworzy\u0107 sekcj\u0119 czatu Whatsapp, kt\u00f3r\u0105 chcesz zintegrowa\u0107 z witryn\u0105 PrestaShop.<\/p><ul><li> li&gt;<li>Kliknij jeden z wst\u0119pnie zaprojektowanych szablon\u00f3w i dostosuj ustawienia czatu Whatsapp, dodaj tre\u015b\u0107, zmie\u0144 uk\u0142ad i kolory bez znajomo\u015bci kodowania.<\/li><li>Kliknij, aby zapisa\u0107 wprowadzone ustawienia do Whatsapp Chat i skopiuj kod instalacyjny wid\u017cetu, kt\u00f3ry mo\u017cesz bezp\u0142atnie wklei\u0107 na swojej stronie g\u0142\u00f3wnej PrestaShop. <\/li><\/ul><p>Dzi\u0119ki naszemu \u0142atwemu w u\u017cyciu edytorowi ka\u017cdy u\u017cytkownik Internetu mo\u017ce utworzy\u0107 wid\u017cet czatu Whatsapp online i umie\u015bci\u0107 go na dowolnej stronie internetowej PrestaShop. Aby uzyska\u0107 dost\u0119p do us\u0142ugi Elfsight, nie trzeba p\u0142aci\u0107 ani wprowadza\u0107 danych karty. Je\u015bli napotkasz jakiekolwiek przeszkody, skontaktuj si\u0119 z naszym zespo\u0142em pomocy technicznej.<\/p><\/div>\r\n\t\t\t\t\t<\/div>\r\n\t\t\t\t<\/div><\/div>","protected":false},"excerpt":{"rendered":"","protected":false},"author":9,"featured_media":0,"parent":857,"menu_order":0,"comment_status":"closed","ping_status":"closed","template":"templates\/template-application-platform.php","meta":{"publish_to_discourse":"","publish_post_category":"","wpdc_auto_publish_overridden":"","wpdc_topic_tags":"","wpdc_pin_topic":"","wpdc_pin_until":"","discourse_post_id":"","discourse_permalink":"","wpdc_publishing_response":"","wpdc_publishing_error":"","footnotes":""},"class_list":["post-7303","page","type-page","status-publish","hentry"],"yoast_head":"<!-- This site is optimized with the Yoast SEO plugin v25.3.1 - https:\/\/yoast.com\/wordpress\/plugins\/seo\/ -->\n<title>Dodaj dodatek Czat na \u017cywo Whatsapp do witryny PrestaShop (w 2 minuty)<\/title>\n<meta name=\"description\" content=\"Skonfiguruj dodatek do czatu na \u017cywo Whatsapp w PrestaShop tylko w 2 minuty. Poznaj wszystkie g\u0142\u00f3wne cechy najlepszego widgetu czatu w bezp\u0142atnej wersji demonstracyjnej.\" \/>\n<meta name=\"robots\" content=\"index, follow, max-snippet:-1, max-image-preview:large, max-video-preview:-1\" \/>\n<link rel=\"canonical\" href=\"https:\/\/elfsight.com\/pl\/whatsapp-chat-widget\/prestashop\/\" \/>\n<meta property=\"og:locale\" content=\"pl_PL\" \/>\n<meta property=\"og:type\" content=\"article\" \/>\n<meta property=\"og:title\" content=\"Dodaj dodatek Czat na \u017cywo Whatsapp do witryny PrestaShop (w 2 minuty)\" \/>\n<meta property=\"og:description\" content=\"Skonfiguruj dodatek do czatu na \u017cywo Whatsapp w PrestaShop tylko w 2 minuty. Poznaj wszystkie g\u0142\u00f3wne cechy najlepszego widgetu czatu w bezp\u0142atnej wersji demonstracyjnej.\" \/>\n<meta property=\"og:url\" content=\"https:\/\/elfsight.com\/pl\/whatsapp-chat-widget\/prestashop\/\" \/>\n<meta property=\"og:site_name\" content=\"Elfsight PL\" \/>\n<meta property=\"article:modified_time\" content=\"2024-10-23T13:42:43+00:00\" \/>\n<meta name=\"twitter:card\" content=\"summary_large_image\" \/>\n<meta name=\"twitter:label1\" content=\"Szacowany czas czytania\" \/>\n\t<meta name=\"twitter:data1\" content=\"3 minuty\" \/>\n<!-- \/ Yoast SEO plugin. -->","yoast_head_json":{"title":"Dodaj dodatek Czat na \u017cywo Whatsapp do witryny PrestaShop (w 2 minuty)","description":"Skonfiguruj dodatek do czatu na \u017cywo Whatsapp w PrestaShop tylko w 2 minuty. Poznaj wszystkie g\u0142\u00f3wne cechy najlepszego widgetu czatu w bezp\u0142atnej wersji demonstracyjnej.","robots":{"index":"index","follow":"follow","max-snippet":"max-snippet:-1","max-image-preview":"max-image-preview:large","max-video-preview":"max-video-preview:-1"},"canonical":"https:\/\/elfsight.com\/pl\/whatsapp-chat-widget\/prestashop\/","og_locale":"pl_PL","og_type":"article","og_title":"Dodaj dodatek Czat na \u017cywo Whatsapp do witryny PrestaShop (w 2 minuty)","og_description":"Skonfiguruj dodatek do czatu na \u017cywo Whatsapp w PrestaShop tylko w 2 minuty. Poznaj wszystkie g\u0142\u00f3wne cechy najlepszego widgetu czatu w bezp\u0142atnej wersji demonstracyjnej.","og_url":"https:\/\/elfsight.com\/pl\/whatsapp-chat-widget\/prestashop\/","og_site_name":"Elfsight PL","article_modified_time":"2024-10-23T13:42:43+00:00","twitter_card":"summary_large_image","twitter_misc":{"Szacowany czas czytania":"3 minuty"},"schema":{"@context":"https:\/\/schema.org","@graph":[{"@type":"WebPage","@id":"https:\/\/elfsight.com\/pl\/whatsapp-chat-widget\/prestashop\/","url":"https:\/\/elfsight.com\/pl\/whatsapp-chat-widget\/prestashop\/","name":"Dodaj dodatek Czat na \u017cywo Whatsapp do witryny PrestaShop (w 2 minuty)","isPartOf":{"@id":"https:\/\/elfsight.com\/pl\/#website"},"datePublished":"1970-01-01T00:00:00+00:00","dateModified":"2024-10-23T13:42:43+00:00","description":"Skonfiguruj dodatek do czatu na \u017cywo Whatsapp w PrestaShop tylko w 2 minuty. Poznaj wszystkie g\u0142\u00f3wne cechy najlepszego widgetu czatu w bezp\u0142atnej wersji demonstracyjnej.","breadcrumb":{"@id":"https:\/\/elfsight.com\/pl\/whatsapp-chat-widget\/prestashop\/#breadcrumb"},"inLanguage":"pl-PL","potentialAction":[{"@type":"ReadAction","target":["https:\/\/elfsight.com\/pl\/whatsapp-chat-widget\/prestashop\/"]}]},{"@type":"BreadcrumbList","@id":"https:\/\/elfsight.com\/pl\/whatsapp-chat-widget\/prestashop\/#breadcrumb","itemListElement":[{"@type":"ListItem","position":1,"name":"Home","item":"https:\/\/elfsight.com\/pl\/"},{"@type":"ListItem","position":2,"name":"WhatsApp Chat","item":"https:\/\/elfsight.com\/pl\/whatsapp-chat-widget\/"},{"@type":"ListItem","position":3,"name":"WhatsApp Chat &#8211; PrestaShop"}]},{"@type":"WebSite","@id":"https:\/\/elfsight.com\/pl\/#website","url":"https:\/\/elfsight.com\/pl\/","name":"Elfsight PL","description":"Just another Elfsight Sites site","potentialAction":[{"@type":"SearchAction","target":{"@type":"EntryPoint","urlTemplate":"https:\/\/elfsight.com\/pl\/?s={search_term_string}"},"query-input":{"@type":"PropertyValueSpecification","valueRequired":true,"valueName":"search_term_string"}}],"inLanguage":"pl-PL"}]}},"meta_box":{"industry":"","seo_heading":"","heading":"","description":"","cta_heading":"","cta_description":"","application":"856","h1":"Dodatek do czatu na \u017cywo Whatsapp PrestaShop","h1_caption":"Daj u\u017cytkownikom mo\u017cliwo\u015b\u0107 skontaktowania si\u0119 z Tob\u0105 za po\u015brednictwem WhatsApp, zapewniaj\u0105c najszybsz\u0105 i najwygodniejsz\u0105 interakcj\u0119 dla odwiedzaj\u0105cych Twoj\u0105 witryn\u0119 z witryn\u0105 Prestashop.","application_category":[],"applications_title":"","applications_request_title":"","applications_request_button_text":"","hero_text":"","hero_video":"","hero_video_schema_markup":"","selling_points_title":"","selling_points_caption":"","selling_points":[],"selling_points_cta_text":"","features_title":"","features":"","ed_cta_examples_text":"","ed_cta_examples_hidden":"","ed_cta_demo_text":"","ed_cta_demo_hidden":"","why_caption":"","why_editor_title":"","why_editor_text":"","why_team_title":"","why_team_text":"","why_service_title":"","why_service_text":"","template_catalog_visible":"","template_catalog_title":"","template_catalog_text":"","template_catalog_categories_visible":"","demo_title":"Skonstruuj dodatek do czatu WhatsApp w PrestaShop!","demo_caption":"Dostosuj go i zaimplementuj dodatek na swojej stronie internetowej za pomoc\u0105 demonstracji na \u017cywo.","default_faq_hidden":"","app_template_category":[],"platform":"586","template_public_id":"","codecanyon_url":"","codecanyon_item_id":"","codecanyon_price":"","pricing_caption":"","pricing_elfsight_apps_hide_column":"","pricing_elfsight_apps_url":"","pricing_codecanyon_price_caption":"","integration_category":[],"integration_request_title":"","integration_request_cta":"","integration_platform":"","integrations":[],"platform_category":[],"video_schema_markup":"","price":"od 0 USD \/ miesi\u0105c","trial":"","benefits":[{"text":"Bezp\u0142atna us\u0142uga monta\u017cu"},{"text":"Skuteczna obs\u0142uga klienta"},{"text":"14-dniowa gwarancja zwrotu pieni\u0119dzy"}],"button_url":"#demo","button_target_blank":"","button_nofollow":"","attributes":[{"name":"Instaluje"},{"name":"Czu\u0142y"},{"name":"Kompatybilne przegl\u0105darki"}],"tags":[],"tags_disable_links":"","hide_more_platforms":"","video_object":"","demo_hide_cta":"","demo_hide_cloud_options":"","pricing_title":"","pricing":[{"pricing_icon":"platform","pricing_title":"Elfsight Apps","pricing_title_caption":"Oprogramowanie niezale\u017cne od platformy, kt\u00f3re pasuje do ka\u017cdej witryny internetowej","pricing_price":"od 0 USD \/ miesi\u0105c","pricing_price_caption":"zacznij od bezp\u0142atnego planu","pricing_benefits":[{"text":"Nielimitowane domeny"},{"text":"Ca\u0142odobowe i terminowe wsparcie"},{"text":"Bezp\u0142atna pomoc w monta\u017cu"},{"text":"100% konfigurowalny"}],"pricing_button_text":"Dodaj do witryny","pricing_button_url":"#demo"}],"related_apps_title":"","related_apps_hidden":"","author":"","image":[],"title":"","job":"","social_networks":[]},"_links":{"self":[{"href":"https:\/\/elfsight.com\/pl\/wp-json\/wp\/v2\/pages\/7303","targetHints":{"allow":["GET"]}}],"collection":[{"href":"https:\/\/elfsight.com\/pl\/wp-json\/wp\/v2\/pages"}],"about":[{"href":"https:\/\/elfsight.com\/pl\/wp-json\/wp\/v2\/types\/page"}],"author":[{"embeddable":true,"href":"https:\/\/elfsight.com\/pl\/wp-json\/wp\/v2\/users\/9"}],"replies":[{"embeddable":true,"href":"https:\/\/elfsight.com\/pl\/wp-json\/wp\/v2\/comments?post=7303"}],"version-history":[{"count":1,"href":"https:\/\/elfsight.com\/pl\/wp-json\/wp\/v2\/pages\/7303\/revisions"}],"predecessor-version":[{"id":7307,"href":"https:\/\/elfsight.com\/pl\/wp-json\/wp\/v2\/pages\/7303\/revisions\/7307"}],"up":[{"embeddable":true,"href":"https:\/\/elfsight.com\/pl\/wp-json\/wp\/v2\/pages\/857"}],"wp:attachment":[{"href":"https:\/\/elfsight.com\/pl\/wp-json\/wp\/v2\/media?parent=7303"}],"curies":[{"name":"wp","href":"https:\/\/api.w.org\/{rel}","templated":true}]}}