{"id":7296,"date":"1970-01-01T00:00:00","date_gmt":"1970-01-01T00:00:00","guid":{"rendered":"https:\/\/elfsight.com\/pl\/?page_id=7296"},"modified":"2024-11-14T09:28:47","modified_gmt":"2024-11-14T09:28:47","slug":"bigcommerce","status":"publish","type":"page","link":"https:\/\/elfsight.com\/pl\/weather-widget\/bigcommerce\/","title":{"rendered":"Weather &#8211; BigCommerce"},"content":{"rendered":"<div class=\"application-platform-content-item-description application-platform-content-item\" id=\"description\" data-nav-section=\"description\"><h2>Opis<\/h2><p>Elfsight Weather to przydatna i \u0142atwo konfigurowalna wtyczka do witryny internetowej, kt\u00f3ra pokazuje aktualn\u0105 pogod\u0119 dla wybranego obszaru. Dodaj lokalizacj\u0119 wed\u0142ug nazwy, kodu pocztowego lub wsp\u00f3\u0142rz\u0119dnych. Odwiedzaj\u0105cy witryn\u0119 mog\u0105 teraz zobaczy\u0107 zaktualizowane informacje na temat temperatury, ci\u015bnienia powietrza, wilgotno\u015bci i aktywnej pogody. Wid\u017cet posiada opcj\u0119 zaprezentowania prognozy na tydzie\u0144 lub na najbli\u017csze 12 godzin. Wid\u017cet zawiera tak\u017ce tematyczne obrazy t\u0142a oraz mo\u017cliwo\u015b\u0107 pomalowania t\u0142a na dowolny kolor. <\/p><p><b>Zwi\u0119ksz sprzeda\u017c produkt\u00f3w sezonowych, pokazuj\u0105c na swojej stronie dok\u0142adn\u0105 prognoz\u0119 pogody! <\/b><\/p><\/div><div class=\"application-platform-content-item-features application-platform-content-item\" id=\"features\" data-nav-section=\"features\"><p>Sprawd\u017a wszystkie funkcje wid\u017cetu Pogoda. S\u0105 one dost\u0119pne bezpo\u015brednio w edytorze i pomog\u0105 Ci skonfigurowa\u0107 widget specjalnie pod Twoje potrzeby. <\/p><ul><li>Trzy metody dodania miejsca: nazwa, kod pocztowy i wsp\u00f3\u0142rz\u0119dne; <\/li><li>Ponad 30 j\u0119zyk\u00f3w umo\u017cliwiaj\u0105cych wy\u015bwietlanie danych pogodowych w j\u0119zyku odbiorc\u00f3w; <\/li><li>5 rodzaj\u00f3w konfiguracji widget\u00f3w dla r\u00f3\u017cnych zastosowa\u0144; <\/li><li>Mo\u017cliwo\u015b\u0107 wy\u015bwietlenia codziennej prognozy na tydzie\u0144 z datami; <\/li><li>Poka\u017c pogod\u0119 godzinow\u0105 na najbli\u017csze dwana\u015bcie godzin.<\/li><\/ul><p><a href=\"#demo\">Zobacz, jak dzia\u0142aj\u0105 wszystkie funkcje, w naszej wersji demonstracyjnej<\/a> <\/p><\/div><div class=\"application-platform-content-item-installation application-platform-content-item\" id=\"installation\" data-nav-section=\"installation\"><h2>Jak doda\u0107 aplikacj\u0119 Pogoda do witryny BigCommerce? <\/h2><div class=\"video-container\"><iframe width=\"720\" height=\"405\" src=\"https:\/\/www.youtube.com\/embed\/BaMQXvHomzk\" frameborder=\"0\" allowfullscreen=\"\"><\/iframe><\/div><p>Wystarczy zastosowa\u0107 si\u0119 do poni\u017cszych instrukcji, aby doda\u0107 narz\u0119dzie do BigCommerce.<\/p> <ol><li><b>Zarz\u0105dzaj nasz\u0105 bezp\u0142atn\u0105 wersj\u0105 demonstracyjn\u0105 i zacznij tworzy\u0107 niestandardow\u0105 aplikacj\u0119. <\/b><br> Wybierz preferowan\u0105 form\u0119 i funkcjonalno\u015b\u0107 wid\u017cetu i zastosuj zmiany. <\/li> <li><b>Uzyskaj sw\u00f3j unikalny kod pokazany w specjalnym formularzu w aplikacjach Elfsight. <\/b><br> Zaraz po wygenerowaniu osobistej aplikacji pogodowej skopiuj ekskluzywny kod z wyskakuj\u0105cego okienka i zapisz go do dalszego wykorzystania. <\/li> <li><b>Zacznij korzysta\u0107 z narz\u0119dzia w swojej witrynie BigCommerce. <\/b><br> Umie\u015b\u0107 ostatnio zapisany kod na swojej stronie i zapisz poprawki. <\/li> <li><b>Konfiguracja zosta\u0142a pomy\u015blnie przeprowadzona. <\/b><br> Odwied\u017a swoj\u0105 witryn\u0119, aby sprawdzi\u0107, jak dzia\u0142a wtyczka. <\/li><\/ol><p>Nie wahaj si\u0119 skontaktowa\u0107 z dzia\u0142em pomocy technicznej Elfsight, je\u015bli potrzebujesz porady lub masz pytania. Pomo\u017cemy w ka\u017cdym zapytaniu.<\/p><div class=\"faq\" data-component=\"FAQ\"><div class=\"faq-item\">\r\n\t\t\t\t\t<div class=\"faq-item-question\">\r\n\t\t\t\t\t\t<h3 class=\"faq-item-question-text\">W jaki spos\u00f3b mog\u0119 osadzi\u0107 Weather na mojej stronie BigCommerce bez do\u015bwiadczenia w kodowaniu?<\/h3>\r\n\r\n\t\t\t\t\t\t<div class=\"faq-item-question-icon\"><\/div>\r\n\t\t\t\t\t<\/div>\r\n\r\n\t\t\t\t\t<div class=\"faq-item-answer\">\r\n\t\t\t\t\t\t<div class=\"faq-item-answer-text\"> <p>Firma Elfsight wprowadza rozwi\u0105zanie SaaS, kt\u00f3re umo\u017cliwia u\u017cytkownikom samodzielne utworzenie wid\u017cetu pogody, przekonaj si\u0119, jak \u0142atwy jest ten proces: Rozpocznij prac\u0119 bezpo\u015brednio w edytorze na \u017cywo, aby zbudowa\u0107 wtyczk\u0119 pogody, kt\u00f3r\u0105 chcesz osadzi\u0107 na stronie BigCommerce. Kliknij jeden z gotowych szablon\u00f3w i dostosuj ustawienia pogody, zmie\u0144 uk\u0142ad i kolor element\u00f3w, w tym tre\u015bci, bez znajomo\u015bci kodowania. Kliknij, aby zapisa\u0107 ustawienia wprowadzone w Weather i uzyska\u0107 kod instalacyjny wtyczki, kt\u00f3ry mo\u017cna wklei\u0107 na stronie g\u0142\u00f3wnej %platform% bez konieczno\u015bci kupowania p\u0142atnego planu. Dzi\u0119ki intuicyjnemu konfiguratorowi ka\u017cdy internauta mo\u017ce stworzy\u0107 widget pogody online i \u0142atwo doda\u0107 go do serwisu BigCommerce. Aby uzyska\u0107 dost\u0119p do Edytora Elfsight, nie jest konieczne kupowanie p\u0142atnej subskrypcji ani wprowadzanie danych uwierzytelniaj\u0105cych karty. Je\u015bli napotkasz jakiekolwiek przeszkody, skontaktuj si\u0119 z naszym dzia\u0142em obs\u0142ugi klienta.<\/p> <\/div>\r\n\t\t\t\t\t<\/div>\r\n\t\t\t\t<\/div> <\/div><\/div>","protected":false},"excerpt":{"rendered":"","protected":false},"author":9,"featured_media":0,"parent":2791,"menu_order":0,"comment_status":"closed","ping_status":"closed","template":"templates\/template-application-platform.php","meta":{"publish_to_discourse":"","publish_post_category":"","wpdc_auto_publish_overridden":"","wpdc_topic_tags":"","wpdc_pin_topic":"","wpdc_pin_until":"","discourse_post_id":"","discourse_permalink":"","wpdc_publishing_response":"","wpdc_publishing_error":"","footnotes":""},"class_list":["post-7296","page","type-page","status-publish","hentry"],"yoast_head":"<!-- This site is optimized with the Yoast SEO plugin v25.3.1 - https:\/\/yoast.com\/wordpress\/plugins\/seo\/ -->\n<title>Wid\u017cet pogody \u2014 dodaj aplikacj\u0119 Pogoda do witryny BigCommerce [2025]<\/title>\n<meta name=\"description\" content=\"Oto mo\u017cliwo\u015b\u0107 skonstruowania wid\u017cetu pogodowego i dodania go do swojej witryny BigCommerce. Uzyskaj bezp\u0142atn\u0105 obs\u0142ug\u0119 klienta i inne korzy\u015bci od Elfsight.\" \/>\n<meta name=\"robots\" content=\"index, follow, max-snippet:-1, max-image-preview:large, max-video-preview:-1\" \/>\n<link rel=\"canonical\" href=\"https:\/\/elfsight.com\/pl\/weather-widget\/bigcommerce\/\" \/>\n<meta property=\"og:locale\" content=\"pl_PL\" \/>\n<meta property=\"og:type\" content=\"article\" \/>\n<meta property=\"og:title\" content=\"Wid\u017cet pogody \u2014 dodaj aplikacj\u0119 Pogoda do witryny BigCommerce [2025]\" \/>\n<meta property=\"og:description\" content=\"Oto mo\u017cliwo\u015b\u0107 skonstruowania wid\u017cetu pogodowego i dodania go do swojej witryny BigCommerce. Uzyskaj bezp\u0142atn\u0105 obs\u0142ug\u0119 klienta i inne korzy\u015bci od Elfsight.\" \/>\n<meta property=\"og:url\" content=\"https:\/\/elfsight.com\/pl\/weather-widget\/bigcommerce\/\" \/>\n<meta property=\"og:site_name\" content=\"Elfsight PL\" \/>\n<meta property=\"article:modified_time\" content=\"2024-11-14T09:28:47+00:00\" \/>\n<meta name=\"twitter:card\" content=\"summary_large_image\" \/>\n<meta name=\"twitter:label1\" content=\"Szacowany czas czytania\" \/>\n\t<meta name=\"twitter:data1\" content=\"3 minuty\" \/>\n<!-- \/ Yoast SEO plugin. -->","yoast_head_json":{"title":"Wid\u017cet pogody \u2014 dodaj aplikacj\u0119 Pogoda do witryny BigCommerce [2025]","description":"Oto mo\u017cliwo\u015b\u0107 skonstruowania wid\u017cetu pogodowego i dodania go do swojej witryny BigCommerce. Uzyskaj bezp\u0142atn\u0105 obs\u0142ug\u0119 klienta i inne korzy\u015bci od Elfsight.","robots":{"index":"index","follow":"follow","max-snippet":"max-snippet:-1","max-image-preview":"max-image-preview:large","max-video-preview":"max-video-preview:-1"},"canonical":"https:\/\/elfsight.com\/pl\/weather-widget\/bigcommerce\/","og_locale":"pl_PL","og_type":"article","og_title":"Wid\u017cet pogody \u2014 dodaj aplikacj\u0119 Pogoda do witryny BigCommerce [2025]","og_description":"Oto mo\u017cliwo\u015b\u0107 skonstruowania wid\u017cetu pogodowego i dodania go do swojej witryny BigCommerce. Uzyskaj bezp\u0142atn\u0105 obs\u0142ug\u0119 klienta i inne korzy\u015bci od Elfsight.","og_url":"https:\/\/elfsight.com\/pl\/weather-widget\/bigcommerce\/","og_site_name":"Elfsight PL","article_modified_time":"2024-11-14T09:28:47+00:00","twitter_card":"summary_large_image","twitter_misc":{"Szacowany czas czytania":"3 minuty"},"schema":{"@context":"https:\/\/schema.org","@graph":[{"@type":"WebPage","@id":"https:\/\/elfsight.com\/pl\/weather-widget\/bigcommerce\/","url":"https:\/\/elfsight.com\/pl\/weather-widget\/bigcommerce\/","name":"Wid\u017cet pogody \u2014 dodaj aplikacj\u0119 Pogoda do witryny BigCommerce [2025]","isPartOf":{"@id":"https:\/\/elfsight.com\/pl\/#website"},"datePublished":"1970-01-01T00:00:00+00:00","dateModified":"2024-11-14T09:28:47+00:00","description":"Oto mo\u017cliwo\u015b\u0107 skonstruowania wid\u017cetu pogodowego i dodania go do swojej witryny BigCommerce. Uzyskaj bezp\u0142atn\u0105 obs\u0142ug\u0119 klienta i inne korzy\u015bci od Elfsight.","breadcrumb":{"@id":"https:\/\/elfsight.com\/pl\/weather-widget\/bigcommerce\/#breadcrumb"},"inLanguage":"pl-PL","potentialAction":[{"@type":"ReadAction","target":["https:\/\/elfsight.com\/pl\/weather-widget\/bigcommerce\/"]}]},{"@type":"BreadcrumbList","@id":"https:\/\/elfsight.com\/pl\/weather-widget\/bigcommerce\/#breadcrumb","itemListElement":[{"@type":"ListItem","position":1,"name":"Home","item":"https:\/\/elfsight.com\/pl\/"},{"@type":"ListItem","position":2,"name":"Weather","item":"https:\/\/elfsight.com\/pl\/weather-widget\/"},{"@type":"ListItem","position":3,"name":"Weather &#8211; BigCommerce"}]},{"@type":"WebSite","@id":"https:\/\/elfsight.com\/pl\/#website","url":"https:\/\/elfsight.com\/pl\/","name":"Elfsight PL","description":"Just another Elfsight Sites site","potentialAction":[{"@type":"SearchAction","target":{"@type":"EntryPoint","urlTemplate":"https:\/\/elfsight.com\/pl\/?s={search_term_string}"},"query-input":{"@type":"PropertyValueSpecification","valueRequired":true,"valueName":"search_term_string"}}],"inLanguage":"pl-PL"}]}},"meta_box":{"industry":"","seo_heading":"","heading":"","description":"","cta_heading":"","cta_description":"","application":"2790","h1":"Aplikacja pogodowa BigCommerce","h1_caption":"Wy\u015bwietlaj aktualne informacje o pogodzie dla dowolnej lokalizacji na swojej stronie internetowej, aby bez wysi\u0142ku przyci\u0105gn\u0105\u0107 lokalnych lub podr\u00f3\u017cuj\u0105cych odbiorc\u00f3w do Twojej witryny BigCommerce.","application_category":[],"applications_title":"","applications_request_title":"","applications_request_button_text":"","hero_text":"","hero_video":"","hero_video_schema_markup":"","selling_points_title":"","selling_points_caption":"","selling_points":[],"selling_points_cta_text":"","features_title":"","features":"","ed_cta_examples_text":"","ed_cta_examples_hidden":"","ed_cta_demo_text":"","ed_cta_demo_hidden":"","why_caption":"","why_editor_title":"","why_editor_text":"","why_team_title":"","why_team_text":"","why_service_title":"","why_service_text":"","template_catalog_visible":"","template_catalog_title":"","template_catalog_text":"","template_catalog_categories_visible":"","demo_title":"Utw\u00f3rz aplikacj\u0119 pogodow\u0105","demo_caption":"Skonfiguruj swoj\u0105 pogod\u0119 i dodaj j\u0105 do swojej witryny BigCommerce za darmo!","default_faq_hidden":"","app_template_category":[],"platform":"41","template_public_id":"","codecanyon_url":"","codecanyon_item_id":"","codecanyon_price":"","pricing_caption":"","pricing_elfsight_apps_hide_column":"","pricing_elfsight_apps_url":"","pricing_codecanyon_price_caption":"","integration_category":[],"integration_request_title":"","integration_request_cta":"","integration_platform":"","integrations":[],"platform_category":[],"video_schema_markup":"","price":"od 0 USD \/ miesi\u0105c","trial":"","benefits":[{"text":"Bezp\u0142atna pomoc w instalacji"},{"text":"Skuteczna obs\u0142uga klienta"},{"text":"14-dniowa gwarancja zwrotu pieni\u0119dzy"}],"button_url":"#demo","button_target_blank":"","button_nofollow":"","attributes":[{"name":"Instaluje"},{"name":"Czu\u0142y"},{"name":"Kompatybilne przegl\u0105darki"}],"tags":[],"tags_disable_links":"","hide_more_platforms":"","video_object":"","demo_hide_cta":"","demo_hide_cloud_options":"","pricing_title":"","pricing":[{"pricing_icon":"platform","pricing_title":"Elfsight Apps","pricing_title_caption":"Wersja wieloplatformowa, kt\u00f3ra pasuje do ka\u017cdej witryny internetowej","pricing_price":"od 0 USD \/ miesi\u0105c","pricing_price_caption":"zacznij od bezp\u0142atnego planu","pricing_benefits":[{"text":"Nielimitowane strony internetowe"},{"text":"Szybka pomoc i dobrze udokumentowana"},{"text":"Bezp\u0142atna pomoc w monta\u017cu"},{"text":"Elastyczny projekt"}],"pricing_button_text":"Dodaj do witryny","pricing_button_url":"#demo"}],"related_apps_title":"","related_apps_hidden":"","author":"","image":[],"title":"","job":"","social_networks":[]},"_links":{"self":[{"href":"https:\/\/elfsight.com\/pl\/wp-json\/wp\/v2\/pages\/7296","targetHints":{"allow":["GET"]}}],"collection":[{"href":"https:\/\/elfsight.com\/pl\/wp-json\/wp\/v2\/pages"}],"about":[{"href":"https:\/\/elfsight.com\/pl\/wp-json\/wp\/v2\/types\/page"}],"author":[{"embeddable":true,"href":"https:\/\/elfsight.com\/pl\/wp-json\/wp\/v2\/users\/9"}],"replies":[{"embeddable":true,"href":"https:\/\/elfsight.com\/pl\/wp-json\/wp\/v2\/comments?post=7296"}],"version-history":[{"count":2,"href":"https:\/\/elfsight.com\/pl\/wp-json\/wp\/v2\/pages\/7296\/revisions"}],"predecessor-version":[{"id":8130,"href":"https:\/\/elfsight.com\/pl\/wp-json\/wp\/v2\/pages\/7296\/revisions\/8130"}],"up":[{"embeddable":true,"href":"https:\/\/elfsight.com\/pl\/wp-json\/wp\/v2\/pages\/2791"}],"wp:attachment":[{"href":"https:\/\/elfsight.com\/pl\/wp-json\/wp\/v2\/media?parent=7296"}],"curies":[{"name":"wp","href":"https:\/\/api.w.org\/{rel}","templated":true}]}}