{"id":7294,"date":"1970-01-01T00:00:00","date_gmt":"1970-01-01T00:00:00","guid":{"rendered":"https:\/\/elfsight.com\/pl\/?page_id=7294"},"modified":"2024-11-14T09:28:47","modified_gmt":"2024-11-14T09:28:47","slug":"drupal","status":"publish","type":"page","link":"https:\/\/elfsight.com\/pl\/weather-widget\/drupal\/","title":{"rendered":"Weather &#8211; Drupal"},"content":{"rendered":"<div class=\"application-platform-content-item-description application-platform-content-item\" id=\"description\" data-nav-section=\"description\"><h2>Opis<\/h2><p>Wid\u017cet pogody Elfsight to szybka i regulowana wtyczka do witryny internetowej, kt\u00f3ra wy\u015bwietla aktualne informacje o pogodzie dla dowolnego wymaganego punktu na Mapa. Wstaw dzielnic\u0119, u\u017cywaj\u0105c nazwy, kodu pocztowego lub wsp\u00f3\u0142rz\u0119dnych. Odbiorcy witryny mog\u0105 teraz sprawdzi\u0107 aktualne informacje na temat temperatury, ci\u015bnienia, procentu wilgotno\u015bci i aktywnej pogody. Nasz widget zawiera funkcj\u0119 wy\u015bwietlania prognozy godzinowej lub dziennej. Mo\u017cesz spersonalizowa\u0107 interfejs, korzystaj\u0105c z t\u0142a z motywem pogody i funkcji wyboru w\u0142asnych kolor\u00f3w. <\/p><p><b>Popraw wygod\u0119 u\u017cytkownik\u00f3w dzi\u0119ki informacyjnemu widgetowi pogody na Twojej stronie internetowej. <\/b><\/p><\/div><div class=\"faq\" data-component=\"FAQ\"><div class=\"faq-item\">\r\n\t\t\t\t\t<div class=\"faq-item-question\">\r\n\t\t\t\t\t\t<h3 class=\"faq-item-question-text\">Jak doda\u0107 wid\u017cet Pogoda do strony Drupal?<\/h3>\r\n\r\n\t\t\t\t\t\t<div class=\"faq-item-question-icon\"><\/div>\r\n\t\t\t\t\t<\/div>\r\n\r\n\t\t\t\t\t<div class=\"faq-item-answer\">\r\n\t\t\t\t\t\t<div class=\"faq-item-answer-text\"><p>Proces ten zajmie kilka minut i nigdy nie b\u0119dzie wymaga\u0142o \u017cadnych umiej\u0119tno\u015bci programowania. Najpierw powiniene\u015b dostosowa\u0107 sw\u00f3j modu\u0142 pogodowy: wy\u0142\u0105cz lub w\u0142\u0105cz temperatur\u0119, wybierz niestandardow\u0105 lokalizacj\u0119, umie\u015b\u0107 kod pocztowy miasta i uzyskaj lokaln\u0105 pogod\u0119 na \u017cywo. Skopiuj kod instalacyjny z wyskakuj\u0105cego okienka, wklej go w wymagane miejsce na swojej stronie internetowej i voila! &#8211; modu\u0142 pogodowy b\u0119dzie dost\u0119pny na Drupalu.<\/p><p>Chcesz dowiedzie\u0107 si\u0119 wi\u0119cej o instalacji na innych platformach? Mo\u017cesz to zrobi\u0107 <a href=\"https:\/\/elfsight.com\/tutorials\/how-to-add-weather-widget\/#how-to-add-weather-to-drupal\">na tej stronie<\/a>.<\/p><\/div>\r\n\t\t\t\t\t<\/div>\r\n\t\t\t\t<\/div><div class=\"faq-item\">\r\n\t\t\t\t\t<div class=\"faq-item-question\">\r\n\t\t\t\t\t\t<h3 class=\"faq-item-question-text\">Czy mam mo\u017cliwo\u015b\u0107 zobaczenia, jak widget b\u0119dzie wygl\u0105da\u0142 na stronie?<\/h3>\r\n\r\n\t\t\t\t\t\t<div class=\"faq-item-question-icon\"><\/div>\r\n\t\t\t\t\t<\/div>\r\n\r\n\t\t\t\t\t<div class=\"faq-item-answer\">\r\n\t\t\t\t\t\t<div class=\"faq-item-answer-text\"><p>Oczywi\u015bcie! W procesie tworzenia wtyczki pogodowej Drupala <a href=\"https:\/\/elfsight.com\/weather-widget\/#demo\">w darmowym edytorze online<\/a> wszystkie zmiany zobaczysz po prawej stronie. Tw\u00f3j widget pogody b\u0119dzie wygl\u0105da\u0142 dok\u0142adnie tak samo, jak na stronie Drupal. <\/p><\/div>\r\n\t\t\t\t\t<\/div>\r\n\t\t\t\t<\/div><div class=\"faq-item\">\r\n\t\t\t\t\t<div class=\"faq-item-question\">\r\n\t\t\t\t\t\t<h3 class=\"faq-item-question-text\">Jakie inne wid\u017cety s\u0105 niezb\u0119dne dla witryny Drupal?<\/h3>\r\n\r\n\t\t\t\t\t\t<div class=\"faq-item-question-icon\"><\/div>\r\n\t\t\t\t\t<\/div>\r\n\r\n\t\t\t\t\t<div class=\"faq-item-answer\">\r\n\t\t\t\t\t\t<div class=\"faq-item-answer-text\"><p>W Elfsight mo\u017cesz uzyska\u0107 mn\u00f3stwo narz\u0119dzi przydatnych dla Drupala. Mo\u017cesz na przyk\u0142ad uzyska\u0107 <a href=\"https:\/\/elfsight.com\/whatsapp-chat-widget\/drupal\/\">czat WhatsApp<\/a>, <a href=\"https:\/\/elfsight.com \/online-form-builder\/drupal\/\">Kreator formularzy<\/a>, <a href=\"https:\/\/elfsight.com\/pdf-embed-widget\/drupal\/\">Osadzanie plik\u00f3w PDF<\/a> oraz <a href=\"https:\/\/elfsight.com\/instagram-feed-instashow\/drupal\/\">Kana\u0142 na Instagramie<\/a>. Co wi\u0119cej, mo\u017cesz otrzyma\u0107 <a href=\"https:\/\/elfsight.com\/event-calendar-widget\/drupal\/\">Kalendarz wydarze\u0144<\/a>, dzi\u0119ki kt\u00f3remu b\u0119dziesz m\u00f3g\u0142 dzieli\u0107 si\u0119 w formie kalendarza tym, co dzieje si\u0119 w Twojej firmie .<\/p><\/div>\r\n\t\t\t\t\t<\/div>\r\n\t\t\t\t<\/div><\/div><div class=\"application-platform-content-item-features application-platform-content-item\" id=\"features\" data-nav-section=\"features\"><p>Oto lista wszystkich funkcji wid\u017cetu Pogoda. S\u0105 one dost\u0119pne bezpo\u015brednio w edytorze i pomog\u0105 Ci ukszta\u0142towa\u0107 wid\u017cet dok\u0142adnie pod Tw\u00f3j przypadek u\u017cycia. <\/p><ul><li>3 sposoby dodania miejsca: nazwa, kod pocztowy lub wsp\u00f3\u0142rz\u0119dne; <\/li><li>Obs\u0142uga ponad 30 j\u0119zyk\u00f3w umo\u017cliwiaj\u0105cych wy\u015bwietlanie informacji o pogodzie w j\u0119zyku, kt\u00f3rym pos\u0142uguj\u0105 si\u0119 Twoi odbiorcy; <\/li><li>Pi\u0119\u0107 wariant\u00f3w konfiguracji widgetu do r\u00f3\u017cnych zastosowa\u0144; <\/li><li>Mo\u017cliwo\u015b\u0107 przedstawienia codziennej prognozy na nadchodz\u0105cy tydzie\u0144 wraz z datami; <\/li><li>Pokazuj pogod\u0119 godzina po godzinie na nast\u0119pne 12 godzin. <\/li><\/ul><p><a href=\"#demo\">Mo\u017cesz przetestowa\u0107 wszystkie cechy funkcjonalne wid\u017cetu bezpo\u015brednio w wersji demonstracyjnej<\/a><\/p><\/div><div class=\"application-platform-content-item-installation application-platform-content-item\" id=\"installation\" data-nav-section=\"installation\"><h2>Jak doda\u0107 modu\u0142 Pogoda do strony Drupal? <\/h2><p>Wystarczy wykona\u0107 kilka krok\u00f3w opisanych poni\u017cej, aby zintegrowa\u0107 narz\u0119dzie z Drupalem.<\/p> <ol><li><b>Wykonaj nasz darmowy konfigurator i zacznij tworzy\u0107 sw\u00f3j unikalny modu\u0142 Pogoda. <\/b><br> Okre\u015bl preferowan\u0105 form\u0119 i specyfikacj\u0119 modu\u0142u i zapisz zmiany. <\/li> <li><b>Zdob\u0105d\u017a unikalny kod, kt\u00f3ry pojawi si\u0119 w polu aplikacji Elfsight. <\/b><br> Po zako\u0144czeniu generowania modu\u0142u skopiuj ekskluzywny kod z wyskakuj\u0105cego okienka i zachowaj go do p\u00f3\u017aniejszego wykorzystania. <\/li> <li><b>Wpisz o korzystaniu z narz\u0119dzia na stronie Drupal. <\/b><br> Umie\u015b\u0107 ostatnio skopiowany kod na swojej stronie internetowej i zapisz ulepszenia. <\/li> <li><b>Gotowe! Osadzanie zosta\u0142o pomy\u015blnie zako\u0144czone. <\/b><br> Przejd\u017a na swoj\u0105 stron\u0119 i zobacz, jak dzia\u0142a narz\u0119dzie. <\/li><\/ol><p>Nie zastanawiaj si\u0119 dwa razy i skontaktuj si\u0119 z obs\u0142ug\u0105 klienta Elfsight, je\u015bli potrzebujesz pomocy lub masz pytania. Nasi specjali\u015bci pomog\u0105 w ka\u017cdej sprawie. <\/p><\/div>","protected":false},"excerpt":{"rendered":"","protected":false},"author":9,"featured_media":0,"parent":2791,"menu_order":0,"comment_status":"closed","ping_status":"closed","template":"templates\/template-application-platform.php","meta":{"publish_to_discourse":"","publish_post_category":"","wpdc_auto_publish_overridden":"","wpdc_topic_tags":"","wpdc_pin_topic":"","wpdc_pin_until":"","discourse_post_id":"","discourse_permalink":"","wpdc_publishing_response":"","wpdc_publishing_error":"","footnotes":""},"class_list":["post-7294","page","type-page","status-publish","hentry"],"yoast_head":"<!-- This site is optimized with the Yoast SEO plugin v25.3.1 - https:\/\/yoast.com\/wordpress\/plugins\/seo\/ -->\n<title>Widget pogody \u2014 Dodaj aplikacj\u0119 Pogoda do strony Drupal (bezp\u0142atnie i szybko)<\/title>\n<meta name=\"description\" content=\"Utw\u00f3rz i dodaj responsywn\u0105 aplikacj\u0119 pogodow\u0105 na swojej stronie Drupal. Obs\u0142uga klienta Elfsight jest bezp\u0142atna i szybka.\" \/>\n<meta name=\"robots\" content=\"index, follow, max-snippet:-1, max-image-preview:large, max-video-preview:-1\" \/>\n<link rel=\"canonical\" href=\"https:\/\/elfsight.com\/pl\/weather-widget\/drupal\/\" \/>\n<meta property=\"og:locale\" content=\"pl_PL\" \/>\n<meta property=\"og:type\" content=\"article\" \/>\n<meta property=\"og:title\" content=\"Widget pogody \u2014 Dodaj aplikacj\u0119 Pogoda do strony Drupal (bezp\u0142atnie i szybko)\" \/>\n<meta property=\"og:description\" content=\"Utw\u00f3rz i dodaj responsywn\u0105 aplikacj\u0119 pogodow\u0105 na swojej stronie Drupal. Obs\u0142uga klienta Elfsight jest bezp\u0142atna i szybka.\" \/>\n<meta property=\"og:url\" content=\"https:\/\/elfsight.com\/pl\/weather-widget\/drupal\/\" \/>\n<meta property=\"og:site_name\" content=\"Elfsight PL\" \/>\n<meta property=\"article:modified_time\" content=\"2024-11-14T09:28:47+00:00\" \/>\n<meta name=\"twitter:card\" content=\"summary_large_image\" \/>\n<meta name=\"twitter:label1\" content=\"Szacowany czas czytania\" \/>\n\t<meta name=\"twitter:data1\" content=\"3 minuty\" \/>\n<!-- \/ Yoast SEO plugin. -->","yoast_head_json":{"title":"Widget pogody \u2014 Dodaj aplikacj\u0119 Pogoda do strony Drupal (bezp\u0142atnie i szybko)","description":"Utw\u00f3rz i dodaj responsywn\u0105 aplikacj\u0119 pogodow\u0105 na swojej stronie Drupal. Obs\u0142uga klienta Elfsight jest bezp\u0142atna i szybka.","robots":{"index":"index","follow":"follow","max-snippet":"max-snippet:-1","max-image-preview":"max-image-preview:large","max-video-preview":"max-video-preview:-1"},"canonical":"https:\/\/elfsight.com\/pl\/weather-widget\/drupal\/","og_locale":"pl_PL","og_type":"article","og_title":"Widget pogody \u2014 Dodaj aplikacj\u0119 Pogoda do strony Drupal (bezp\u0142atnie i szybko)","og_description":"Utw\u00f3rz i dodaj responsywn\u0105 aplikacj\u0119 pogodow\u0105 na swojej stronie Drupal. Obs\u0142uga klienta Elfsight jest bezp\u0142atna i szybka.","og_url":"https:\/\/elfsight.com\/pl\/weather-widget\/drupal\/","og_site_name":"Elfsight PL","article_modified_time":"2024-11-14T09:28:47+00:00","twitter_card":"summary_large_image","twitter_misc":{"Szacowany czas czytania":"3 minuty"},"schema":{"@context":"https:\/\/schema.org","@graph":[{"@type":"WebPage","@id":"https:\/\/elfsight.com\/pl\/weather-widget\/drupal\/","url":"https:\/\/elfsight.com\/pl\/weather-widget\/drupal\/","name":"Widget pogody \u2014 Dodaj aplikacj\u0119 Pogoda do strony Drupal (bezp\u0142atnie i szybko)","isPartOf":{"@id":"https:\/\/elfsight.com\/pl\/#website"},"datePublished":"1970-01-01T00:00:00+00:00","dateModified":"2024-11-14T09:28:47+00:00","description":"Utw\u00f3rz i dodaj responsywn\u0105 aplikacj\u0119 pogodow\u0105 na swojej stronie Drupal. Obs\u0142uga klienta Elfsight jest bezp\u0142atna i szybka.","breadcrumb":{"@id":"https:\/\/elfsight.com\/pl\/weather-widget\/drupal\/#breadcrumb"},"inLanguage":"pl-PL","potentialAction":[{"@type":"ReadAction","target":["https:\/\/elfsight.com\/pl\/weather-widget\/drupal\/"]}]},{"@type":"BreadcrumbList","@id":"https:\/\/elfsight.com\/pl\/weather-widget\/drupal\/#breadcrumb","itemListElement":[{"@type":"ListItem","position":1,"name":"Home","item":"https:\/\/elfsight.com\/pl\/"},{"@type":"ListItem","position":2,"name":"Weather","item":"https:\/\/elfsight.com\/pl\/weather-widget\/"},{"@type":"ListItem","position":3,"name":"Weather &#8211; Drupal"}]},{"@type":"WebSite","@id":"https:\/\/elfsight.com\/pl\/#website","url":"https:\/\/elfsight.com\/pl\/","name":"Elfsight PL","description":"Just another Elfsight Sites site","potentialAction":[{"@type":"SearchAction","target":{"@type":"EntryPoint","urlTemplate":"https:\/\/elfsight.com\/pl\/?s={search_term_string}"},"query-input":{"@type":"PropertyValueSpecification","valueRequired":true,"valueName":"search_term_string"}}],"inLanguage":"pl-PL"}]}},"meta_box":{"industry":"","seo_heading":"","heading":"","description":"","cta_heading":"","cta_description":"","application":"2790","h1":"Modu\u0142 pogodowy Drupala","h1_caption":"Wy\u015bwietlaj aktualne informacje o pogodzie dla dowolnej lokalizacji na swojej stronie internetowej, aby bez wysi\u0142ku przyci\u0105gn\u0105\u0107 lokalnych lub podr\u00f3\u017cuj\u0105cych odbiorc\u00f3w do Twojej witryny Drupal.","application_category":[],"applications_title":"","applications_request_title":"","applications_request_button_text":"","hero_text":"","hero_video":"","hero_video_schema_markup":"","selling_points_title":"","selling_points_caption":"","selling_points":[],"selling_points_cta_text":"","features_title":"","features":"","ed_cta_examples_text":"","ed_cta_examples_hidden":"","ed_cta_demo_text":"","ed_cta_demo_hidden":"","why_caption":"","why_editor_title":"","why_editor_text":"","why_team_title":"","why_team_text":"","why_service_title":"","why_service_text":"","template_catalog_visible":"","template_catalog_title":"","template_catalog_text":"","template_catalog_categories_visible":"","demo_title":"Utw\u00f3rz modu\u0142 Pogoda","demo_caption":"Skonfiguruj swoj\u0105 pogod\u0119 i dodaj j\u0105 do swojej witryny Drupal za darmo!","default_faq_hidden":"","app_template_category":[],"platform":"47","template_public_id":"","codecanyon_url":"","codecanyon_item_id":"","codecanyon_price":"","pricing_caption":"","pricing_elfsight_apps_hide_column":"","pricing_elfsight_apps_url":"","pricing_codecanyon_price_caption":"","integration_category":[],"integration_request_title":"","integration_request_cta":"","integration_platform":"","integrations":[],"platform_category":[],"video_schema_markup":"","price":"od 0 USD \/ miesi\u0105c","trial":"","benefits":[{"text":"Bezp\u0142atna pomoc w monta\u017cu"},{"text":"Profesjonalna obs\u0142uga klienta"},{"text":"14-dniowa gwarancja zwrotu pieni\u0119dzy"}],"button_url":"#demo","button_target_blank":"","button_nofollow":"","attributes":[{"name":"Instaluje"},{"name":"Czu\u0142y"},{"name":"Kompatybilne przegl\u0105darki"}],"tags":[],"tags_disable_links":"","hide_more_platforms":"","video_object":"","demo_hide_cta":"","demo_hide_cloud_options":"","pricing_title":"","pricing":[{"pricing_icon":"platform","pricing_title":"Elfsight Apps","pricing_title_caption":"Rozwi\u0105zanie niezale\u017cne od platformy","pricing_price":"od 0 USD \/ miesi\u0105c","pricing_price_caption":"zacznij od bezp\u0142atnego planu","pricing_benefits":[{"text":"Nielimitowane domeny"},{"text":"Szybkie wsparcie firmy"},{"text":"Bezp\u0142atna pomoc przy instalacji"},{"text":"\u015awietna oferta na wiele aplikacji"}],"pricing_button_text":"Dodaj do witryny","pricing_button_url":"#demo"}],"related_apps_title":"","related_apps_hidden":"","author":"","image":[],"title":"","job":"","social_networks":[]},"_links":{"self":[{"href":"https:\/\/elfsight.com\/pl\/wp-json\/wp\/v2\/pages\/7294","targetHints":{"allow":["GET"]}}],"collection":[{"href":"https:\/\/elfsight.com\/pl\/wp-json\/wp\/v2\/pages"}],"about":[{"href":"https:\/\/elfsight.com\/pl\/wp-json\/wp\/v2\/types\/page"}],"author":[{"embeddable":true,"href":"https:\/\/elfsight.com\/pl\/wp-json\/wp\/v2\/users\/9"}],"replies":[{"embeddable":true,"href":"https:\/\/elfsight.com\/pl\/wp-json\/wp\/v2\/comments?post=7294"}],"version-history":[{"count":1,"href":"https:\/\/elfsight.com\/pl\/wp-json\/wp\/v2\/pages\/7294\/revisions"}],"predecessor-version":[{"id":7298,"href":"https:\/\/elfsight.com\/pl\/wp-json\/wp\/v2\/pages\/7294\/revisions\/7298"}],"up":[{"embeddable":true,"href":"https:\/\/elfsight.com\/pl\/wp-json\/wp\/v2\/pages\/2791"}],"wp:attachment":[{"href":"https:\/\/elfsight.com\/pl\/wp-json\/wp\/v2\/media?parent=7294"}],"curies":[{"name":"wp","href":"https:\/\/api.w.org\/{rel}","templated":true}]}}