{"id":7293,"date":"1970-01-01T00:00:00","date_gmt":"1970-01-01T00:00:00","guid":{"rendered":"https:\/\/elfsight.com\/pl\/?page_id=7293"},"modified":"2024-11-14T09:28:47","modified_gmt":"2024-11-14T09:28:47","slug":"elementor","status":"publish","type":"page","link":"https:\/\/elfsight.com\/pl\/weather-widget\/elementor\/","title":{"rendered":"Weather &#8211; Elementor"},"content":{"rendered":"<div class=\"application-platform-content-item-description application-platform-content-item\" id=\"description\" data-nav-section=\"description\"><h2>Osad\u017a pogod\u0119 na Elementorze za pomoc\u0105 wid\u017cetu Elfsight<\/h2><p>Elfsight Weather to szybka i bardzo konfigurowalna wtyczka do witryny internetowej, kt\u00f3ra pokazuje \u015bwie\u017ce warunki pogodowe dla dowolnej wymaganej lokalizacji. Wstaw punkt wed\u0142ug nazwy, kodu pocztowego lub wsp\u00f3\u0142rz\u0119dnych. Twoi odbiorcy b\u0119d\u0105 mogli sprawdzi\u0107 aktualne dane dotycz\u0105ce temperatury, ci\u015bnienia powietrza, procentowej wilgotno\u015bci i element\u00f3w pogody. Mo\u017cesz tak\u017ce wy\u015bwietli\u0107 prognoz\u0119 godzinow\u0105 lub dzienn\u0105. Wid\u017cet posiada tak\u017ce tematyczne t\u0142o oraz mo\u017cliwo\u015b\u0107 zastosowania w\u0142asnych kolor\u00f3w. <\/p><p><b>Zwi\u0119ksz sprzeda\u017c towar\u00f3w sezonowych, pokazuj\u0105c dok\u0142adn\u0105 prognoz\u0119 pogody na swojej stronie! <\/b><\/p><\/div><div class=\"application-platform-content-item-features application-platform-content-item\" id=\"features\" data-nav-section=\"features\"><p>Oto lista wszystkich funkcji wid\u017cetu Pogoda. Mo\u017cesz nimi zarz\u0105dza\u0107 bezpo\u015brednio w edytorze, a one pomog\u0105 Ci ukszta\u0142towa\u0107 wid\u017cet odpowiednio do Twojego przypadku. <\/p><ul><li>3 sposoby wpisania lokalizacji: wed\u0142ug nazwy, kodu pocztowego i wsp\u00f3\u0142rz\u0119dnych; <\/li><li>Ponad 30 j\u0119zyk\u00f3w umo\u017cliwiaj\u0105cych wy\u015bwietlanie informacji o pogodzie w j\u0119zyku odbiorc\u00f3w; <\/li><li>Pi\u0119\u0107 wariant\u00f3w konfiguracji widgetu dla r\u00f3\u017cnych zastosowa\u0144; <\/li><li>Mo\u017cliwo\u015b\u0107 dodania dziennej prognozy na przysz\u0142y tydzie\u0144 wraz z datami; <\/li><li>Dodaj prognoz\u0119 godzinowa na nast\u0119pne dwana\u015bcie godzin. <\/li><\/ul><p><a href=\"#demo\">Przetestuj wszystkie inne funkcje w wersji demonstracyjnej<\/a><\/p><\/div><div class=\"application-platform-content-item-installation application-platform-content-item\" id=\"installation\" data-nav-section=\"installation\"><h2> Jak mog\u0119 zintegrowa\u0107 widget Pogoda ze stron\u0105 Elementor? <\/h2><div class=\"video-container\"><iframe width=\"720\" height=\"405\" src=\"https:\/\/www.youtube.com\/embed\/y5602MYe0Ug\" frameborder=\"0\" allowfullscreen=\"\"><\/iframe><\/div><p>Aby aktywowa\u0107 wtyczk\u0119, post\u0119puj zgodnie z poni\u017cszymi instrukcjami<\/p><ol><li><b>Utw\u00f3rz swoj\u0105 osobist\u0105 wtyczk\u0119 pogody<\/b><br>Za pomoc\u0105 naszego bezp\u0142atnego edytora, pobierz wtyczk\u0119 o wybranym wygl\u0105dzie i funkcjach.<\/li> <li><b>Uzyskaj osobisty kod umo\u017cliwiaj\u0105cy dodanie wtyczki<\/b><br>Po skonfigurowaniu wid\u017cetu b\u0119dziesz uzyskaj unikalny kod z wyskakuj\u0105cego okna aplikacji Elfsight. Skopiuj to. <\/li> <li><b>Zintegruj wtyczk\u0119 ze swoj\u0105 witryn\u0105 Elementor<\/b><br>Wybierz miejsce, w kt\u00f3rym chcesz doda\u0107 wtyczk\u0119 i tam dodaj skopiowany kod. Zastosuj zmiany. <\/li> <li><b>Instalacja przebieg\u0142a pomy\u015blnie<\/b><br>Wejd\u017a do sklepu, aby zobaczy\u0107 swoj\u0105 prac\u0119. <\/li><\/ol><p>Je\u015bli potrzebujesz pomocy lub masz pytania, mo\u017cesz skontaktowa\u0107 si\u0119 z naszym dzia\u0142em obs\u0142ugi klienta. Ch\u0119tnie pomo\u017cemy w ka\u017cdym zapytaniu. <\/p><div class=\"faq\" data-component=\"FAQ\"><div class=\"faq-item\">\r\n\t\t\t\t\t<div class=\"faq-item-question\">\r\n\t\t\t\t\t\t<h3 class=\"faq-item-question-text\">W jaki spos\u00f3b mo\u017cna doda\u0107 Pogoda do mojej strony internetowej Elementor bez znajomo\u015bci kodowania?<\/h3>\r\n\r\n\t\t\t\t\t\t<div class=\"faq-item-question-icon\"><\/div>\r\n\t\t\t\t\t<\/div>\r\n\r\n\t\t\t\t\t<div class=\"faq-item-answer\">\r\n\t\t\t\t\t\t<div class=\"faq-item-answer-text\"> <p>Firma Elfsight wprowadza rozwi\u0105zanie Cloud, kt\u00f3re umo\u017cliwia samodzielne wygenerowanie wid\u017cetu Pogoda , obejrzyj prosty przewodnik: Przejd\u017a do edytora online, aby wygenerowa\u0107 wtyczk\u0119 pogody, kt\u00f3r\u0105 chcesz zintegrowa\u0107 ze swoj\u0105 witryn\u0105 Elementor. Kliknij jeden z wst\u0119pnie zaprojektowanych szablon\u00f3w i dostosuj ustawienia pogody, zmie\u0144 uk\u0142ad i schemat kolor\u00f3w oraz zaktualizuj tre\u015b\u0107 bez \u017cadnego do\u015bwiadczenia w kodowaniu. Kliknij, aby zapisa\u0107 Pogoda i otrzyma\u0107 kod instalacyjny, kt\u00f3ry mo\u017cesz bez problemu doda\u0107 do witryny Elementora, bez konieczno\u015bci kupowania wersji p\u0142atnej. Za pomoc\u0105 prostego w obs\u0142udze Edytora ka\u017cdy internauta mo\u017ce wygenerowa\u0107 wid\u017cet Pogoda i \u0142atwo umie\u015bci\u0107 go na stronie Elementora. Aby uzyska\u0107 dost\u0119p do us\u0142ugi, nie trzeba kupowa\u0107 planu p\u0142atnego ani ujawnia\u0107 danych karty. Je\u015bli napotkasz jakiekolwiek problemy, skontaktuj si\u0119 z naszym personelem pomocy technicznej.<\/p> <\/div>\r\n\t\t\t\t\t<\/div>\r\n\t\t\t\t<\/div> <\/div><\/div>","protected":false},"excerpt":{"rendered":"","protected":false},"author":9,"featured_media":0,"parent":2791,"menu_order":0,"comment_status":"closed","ping_status":"closed","template":"templates\/template-application-platform.php","meta":{"publish_to_discourse":"","publish_post_category":"","wpdc_auto_publish_overridden":"","wpdc_topic_tags":"","wpdc_pin_topic":"","wpdc_pin_until":"","discourse_post_id":"","discourse_permalink":"","wpdc_publishing_response":"","wpdc_publishing_error":"","footnotes":""},"class_list":["post-7293","page","type-page","status-publish","hentry"],"yoast_head":"<!-- This site is optimized with the Yoast SEO plugin v25.3.1 - https:\/\/yoast.com\/wordpress\/plugins\/seo\/ -->\n<title>Dodaj wid\u017cet Pogoda do strony Elementor (bezp\u0142atnie i szybko)<\/title>\n<meta name=\"description\" content=\"Dzi\u0119ki Elfsight mo\u017cesz kszta\u0142towa\u0107 wid\u017cet pogody i b\u0142yskawicznie wy\u015bwietla\u0107 go na swojej stronie internetowej Elementor. Mamy bezp\u0142atn\u0105 obs\u0142ug\u0119 klienta i wi\u0119cej bonus\u00f3w.\" \/>\n<meta name=\"robots\" content=\"index, follow, max-snippet:-1, max-image-preview:large, max-video-preview:-1\" \/>\n<link rel=\"canonical\" href=\"https:\/\/elfsight.com\/pl\/weather-widget\/elementor\/\" \/>\n<meta property=\"og:locale\" content=\"pl_PL\" \/>\n<meta property=\"og:type\" content=\"article\" \/>\n<meta property=\"og:title\" content=\"Dodaj wid\u017cet Pogoda do strony Elementor (bezp\u0142atnie i szybko)\" \/>\n<meta property=\"og:description\" content=\"Dzi\u0119ki Elfsight mo\u017cesz kszta\u0142towa\u0107 wid\u017cet pogody i b\u0142yskawicznie wy\u015bwietla\u0107 go na swojej stronie internetowej Elementor. Mamy bezp\u0142atn\u0105 obs\u0142ug\u0119 klienta i wi\u0119cej bonus\u00f3w.\" \/>\n<meta property=\"og:url\" content=\"https:\/\/elfsight.com\/pl\/weather-widget\/elementor\/\" \/>\n<meta property=\"og:site_name\" content=\"Elfsight PL\" \/>\n<meta property=\"article:modified_time\" content=\"2024-11-14T09:28:47+00:00\" \/>\n<meta name=\"twitter:card\" content=\"summary_large_image\" \/>\n<meta name=\"twitter:label1\" content=\"Szacowany czas czytania\" \/>\n\t<meta name=\"twitter:data1\" content=\"3 minuty\" \/>\n<!-- \/ Yoast SEO plugin. -->","yoast_head_json":{"title":"Dodaj wid\u017cet Pogoda do strony Elementor (bezp\u0142atnie i szybko)","description":"Dzi\u0119ki Elfsight mo\u017cesz kszta\u0142towa\u0107 wid\u017cet pogody i b\u0142yskawicznie wy\u015bwietla\u0107 go na swojej stronie internetowej Elementor. Mamy bezp\u0142atn\u0105 obs\u0142ug\u0119 klienta i wi\u0119cej bonus\u00f3w.","robots":{"index":"index","follow":"follow","max-snippet":"max-snippet:-1","max-image-preview":"max-image-preview:large","max-video-preview":"max-video-preview:-1"},"canonical":"https:\/\/elfsight.com\/pl\/weather-widget\/elementor\/","og_locale":"pl_PL","og_type":"article","og_title":"Dodaj wid\u017cet Pogoda do strony Elementor (bezp\u0142atnie i szybko)","og_description":"Dzi\u0119ki Elfsight mo\u017cesz kszta\u0142towa\u0107 wid\u017cet pogody i b\u0142yskawicznie wy\u015bwietla\u0107 go na swojej stronie internetowej Elementor. Mamy bezp\u0142atn\u0105 obs\u0142ug\u0119 klienta i wi\u0119cej bonus\u00f3w.","og_url":"https:\/\/elfsight.com\/pl\/weather-widget\/elementor\/","og_site_name":"Elfsight PL","article_modified_time":"2024-11-14T09:28:47+00:00","twitter_card":"summary_large_image","twitter_misc":{"Szacowany czas czytania":"3 minuty"},"schema":{"@context":"https:\/\/schema.org","@graph":[{"@type":"WebPage","@id":"https:\/\/elfsight.com\/pl\/weather-widget\/elementor\/","url":"https:\/\/elfsight.com\/pl\/weather-widget\/elementor\/","name":"Dodaj wid\u017cet Pogoda do strony Elementor (bezp\u0142atnie i szybko)","isPartOf":{"@id":"https:\/\/elfsight.com\/pl\/#website"},"datePublished":"1970-01-01T00:00:00+00:00","dateModified":"2024-11-14T09:28:47+00:00","description":"Dzi\u0119ki Elfsight mo\u017cesz kszta\u0142towa\u0107 wid\u017cet pogody i b\u0142yskawicznie wy\u015bwietla\u0107 go na swojej stronie internetowej Elementor. Mamy bezp\u0142atn\u0105 obs\u0142ug\u0119 klienta i wi\u0119cej bonus\u00f3w.","breadcrumb":{"@id":"https:\/\/elfsight.com\/pl\/weather-widget\/elementor\/#breadcrumb"},"inLanguage":"pl-PL","potentialAction":[{"@type":"ReadAction","target":["https:\/\/elfsight.com\/pl\/weather-widget\/elementor\/"]}]},{"@type":"BreadcrumbList","@id":"https:\/\/elfsight.com\/pl\/weather-widget\/elementor\/#breadcrumb","itemListElement":[{"@type":"ListItem","position":1,"name":"Home","item":"https:\/\/elfsight.com\/pl\/"},{"@type":"ListItem","position":2,"name":"Weather","item":"https:\/\/elfsight.com\/pl\/weather-widget\/"},{"@type":"ListItem","position":3,"name":"Weather &#8211; Elementor"}]},{"@type":"WebSite","@id":"https:\/\/elfsight.com\/pl\/#website","url":"https:\/\/elfsight.com\/pl\/","name":"Elfsight PL","description":"Just another Elfsight Sites site","potentialAction":[{"@type":"SearchAction","target":{"@type":"EntryPoint","urlTemplate":"https:\/\/elfsight.com\/pl\/?s={search_term_string}"},"query-input":{"@type":"PropertyValueSpecification","valueRequired":true,"valueName":"search_term_string"}}],"inLanguage":"pl-PL"}]}},"meta_box":{"industry":"","seo_heading":"","heading":"","description":"","cta_heading":"","cta_description":"","application":"2790","h1":"Widget pogody Elementora","h1_caption":"Wy\u015bwietlaj aktualne informacje o pogodzie dla dowolnej lokalizacji w swojej witrynie, aby bez wysi\u0142ku zaanga\u017cowa\u0107 lokalnych lub podr\u00f3\u017cuj\u0105cych odbiorc\u00f3w w witryn\u0119 Elementor.","application_category":[],"applications_title":"","applications_request_title":"","applications_request_button_text":"","hero_text":"","hero_video":"","hero_video_schema_markup":"","selling_points_title":"","selling_points_caption":"","selling_points":[],"selling_points_cta_text":"","features_title":"","features":"","ed_cta_examples_text":"","ed_cta_examples_hidden":"","ed_cta_demo_text":"","ed_cta_demo_hidden":"","why_caption":"","why_editor_title":"","why_editor_text":"","why_team_title":"","why_team_text":"","why_service_title":"","why_service_text":"","template_catalog_visible":"","template_catalog_title":"","template_catalog_text":"","template_catalog_categories_visible":"","demo_title":"Utw\u00f3rz wid\u017cet pogody","demo_caption":"Skonfiguruj swoj\u0105 pogod\u0119 i dodaj j\u0105 do swojej witryny Elementor za darmo!","default_faq_hidden":"","app_template_category":[],"platform":"268","template_public_id":"","codecanyon_url":"","codecanyon_item_id":"","codecanyon_price":"","pricing_caption":"","pricing_elfsight_apps_hide_column":"","pricing_elfsight_apps_url":"","pricing_codecanyon_price_caption":"","integration_category":[],"integration_request_title":"","integration_request_cta":"","integration_platform":"","integrations":[],"platform_category":[],"video_schema_markup":"","price":"od 0 USD \/ miesi\u0105c","trial":"","benefits":[{"text":"Bezp\u0142atna pomoc w instalacji"},{"text":"Wsparcie premium"},{"text":"14-dniowa gwarancja zwrotu pieni\u0119dzy"}],"button_url":"#demo","button_target_blank":"","button_nofollow":"","attributes":[{"name":"Instaluje"},{"name":"Czu\u0142y"},{"name":"Kompatybilne przegl\u0105darki"}],"tags":[],"tags_disable_links":"","hide_more_platforms":"","video_object":"","demo_hide_cta":"","demo_hide_cloud_options":"","pricing_title":"","pricing":[{"pricing_icon":"platform","pricing_title":"Elfsight Apps","pricing_title_caption":"Rozwi\u0105zanie wieloplatformowe","pricing_price":"od 0 USD \/ miesi\u0105c","pricing_price_caption":"zacznij od bezp\u0142atnego planu","pricing_benefits":[{"text":"Nielimitowane domeny"},{"text":"Dedykowane wsparcie"},{"text":"Bezp\u0142atna pomoc w monta\u017cu"},{"text":"Cena do z\u0142apania dla wielu aplikacji"}],"pricing_button_text":"Dodaj do witryny","pricing_button_url":"#demo"}],"related_apps_title":"","related_apps_hidden":"","author":"","image":[],"title":"","job":"","social_networks":[]},"_links":{"self":[{"href":"https:\/\/elfsight.com\/pl\/wp-json\/wp\/v2\/pages\/7293","targetHints":{"allow":["GET"]}}],"collection":[{"href":"https:\/\/elfsight.com\/pl\/wp-json\/wp\/v2\/pages"}],"about":[{"href":"https:\/\/elfsight.com\/pl\/wp-json\/wp\/v2\/types\/page"}],"author":[{"embeddable":true,"href":"https:\/\/elfsight.com\/pl\/wp-json\/wp\/v2\/users\/9"}],"replies":[{"embeddable":true,"href":"https:\/\/elfsight.com\/pl\/wp-json\/wp\/v2\/comments?post=7293"}],"version-history":[{"count":2,"href":"https:\/\/elfsight.com\/pl\/wp-json\/wp\/v2\/pages\/7293\/revisions"}],"predecessor-version":[{"id":8128,"href":"https:\/\/elfsight.com\/pl\/wp-json\/wp\/v2\/pages\/7293\/revisions\/8128"}],"up":[{"embeddable":true,"href":"https:\/\/elfsight.com\/pl\/wp-json\/wp\/v2\/pages\/2791"}],"wp:attachment":[{"href":"https:\/\/elfsight.com\/pl\/wp-json\/wp\/v2\/media?parent=7293"}],"curies":[{"name":"wp","href":"https:\/\/api.w.org\/{rel}","templated":true}]}}