{"id":7288,"date":"1970-01-01T00:00:00","date_gmt":"1970-01-01T00:00:00","guid":{"rendered":"https:\/\/elfsight.com\/pl\/?page_id=7288"},"modified":"2025-06-27T09:03:54","modified_gmt":"2025-06-27T09:03:54","slug":"joomla","status":"publish","type":"page","link":"https:\/\/elfsight.com\/pl\/weather-widget\/joomla\/","title":{"rendered":"Weather &#8211; Joomla"},"content":{"rendered":"<div class=\"application-platform-content-item-description application-platform-content-item\" id=\"description\" data-nav-section=\"description\">\n<h2>Opis<\/h2>\n<p>Widget pogody Elfsight to nieskomplikowany i wysoce konfigurowalny widget witryny internetowej, kt\u00f3ry zapewnia u\u017cytkownikom \u015bwie\u017c\u0105 prognoz\u0119 pogody na wybran\u0105 lokalizacj\u0119. Wprowad\u017a lokalizacj\u0119, u\u017cywaj\u0105c nazwy, kodu pocztowego lub wsp\u00f3\u0142rz\u0119dnych. Twoi go\u015bcie zobacz\u0105 najnowsze informacje na temat temperatury, ci\u015bnienia powietrza, wilgotno\u015bci i element\u00f3w pogody. Istnieje mo\u017cliwo\u015b\u0107 pokazania prognozy godzinowej lub dziennej. Mo\u017cesz spersonalizowa\u0107 interfejs za pomoc\u0105 obraz\u00f3w t\u0142a z motywem pogody i opcji pomalowania t\u0142a na niestandardowe kolory.<\/p>\n<p><b>Zapewnij lepsz\u0105 obs\u0142ug\u0119 klient\u00f3w dzi\u0119ki informacyjnemu wid\u017cetowi pogodowemu na Twojej stronie.<\/b><\/p>\n<div class=\"faq\" data-component=\"FAQ\">\n    <div class=\"faq-item\">\r\n\t\t\t\t\t<div class=\"faq-item-question\">\r\n\t\t\t\t\t\t<h3 class=\"faq-item-question-text\">Jakie inne modu\u0142y s\u0105 niezb\u0119dne w witrynie Joomla?<\/h3>\r\n\r\n\t\t\t\t\t\t<div class=\"faq-item-question-icon\"><\/div>\r\n\t\t\t\t\t<\/div>\r\n\r\n\t\t\t\t\t<div class=\"faq-item-answer\">\r\n\t\t\t\t\t\t<div class=\"faq-item-answer-text\">\n    <p>Ka\u017cdy rodzaj wtyczki znajdziesz na Elfsight, od licznych czat\u00f3w po galerie i recenzje. Mo\u017cesz na przyk\u0142ad doda\u0107 <a href=\"https:\/\/elfsight.com\/all-in-one-chat-widget\/joomla\/\">czat kompleksowy<\/a> lub <a href=\"https:\/\/elfsight.com\/whatsapp-chat-widget\/joomla\/\">Czat WhatsApp<\/a>, aby naj\u0142atwiej komunikowa\u0107 si\u0119 z u\u017cytkownikami witryny, <a href=\"https:\/\/elfsight.com\/pdf-embed-widget\/joomla\/\">Osadzanie PDF<\/a> \u2014 w celu prezentowania oficjalnych dokument\u00f3w lub menu restauracji, <a href=\"https:\/\/elfsight.com\/instagram-feed-instashow\/joomla\/\">Kana\u0142 na Instagramie<\/a> &#8211; aby zaprezentowa\u0107 swoje przyt\u0142aczaj\u0105ce zdj\u0119cia z Instagrama bezpo\u015brednio na stronie internetowej.<\/p>\n    <p>W ka\u017cdym razie pami\u0119taj, \u017ce mo\u017cesz wybra\u0107 dowolne narz\u0119dzie i ulepszy\u0107 swoj\u0105 witryn\u0119 w ci\u0105gu zaledwie kilku sekund!<\/p>\n    <\/div>\r\n\t\t\t\t\t<\/div>\r\n\t\t\t\t<\/div>\n    <div class=\"faq-item\">\r\n\t\t\t\t\t<div class=\"faq-item-question\">\r\n\t\t\t\t\t\t<h3 class=\"faq-item-question-text\">Jak doda\u0107 rozszerzenie Pogoda do witryny Joomla?<\/h3>\r\n\r\n\t\t\t\t\t\t<div class=\"faq-item-question-icon\"><\/div>\r\n\t\t\t\t\t<\/div>\r\n\r\n\t\t\t\t\t<div class=\"faq-item-answer\">\r\n\t\t\t\t\t\t<div class=\"faq-item-answer-text\">\n    <p>Instalacja zajmie tylko p\u00f3\u0142torej minuty. Dostosuj animowany modu\u0142 dla swojej witryny Joomla w darmowym konfiguratorze, przedstaw aktualn\u0105 prognoz\u0119 pogody, wiatr, temperatur\u0119 i wprowad\u017a kod pocztowy lub nazw\u0119 miasta, aby wy\u015bwietli\u0107 tylko lokalne prognozy.<\/p>\n    <p>Skopiuj kod instalacyjny i wklej go w odpowiednim miejscu na zapleczu witryny. Rozumiem! Konfiguracja wtyczki pogodowej w Joomla dobieg\u0142a ko\u0144ca! Mo\u017cesz zobaczy\u0107 kompletny przewodnik na temat osadzania rozszerzenia pogodowego Joomla <a href=\"https:\/\/elfsight.com\/tutorials\/how-to-add-weather-widget\/#how-to-add-weather-to-joomla\">na tej stronie<\/a>.<\/p>\n    <\/div>\r\n\t\t\t\t\t<\/div>\r\n\t\t\t\t<\/div>\n    <div class=\"faq-item\">\r\n\t\t\t\t\t<div class=\"faq-item-question\">\r\n\t\t\t\t\t\t<h3 class=\"faq-item-question-text\">Czy mog\u0119 zobaczy\u0107, jak b\u0119dzie wygl\u0105da\u0107 wid\u017cet w witrynie?<\/h3>\r\n\r\n\t\t\t\t\t\t<div class=\"faq-item-question-icon\"><\/div>\r\n\t\t\t\t\t<\/div>\r\n\r\n\t\t\t\t\t<div class=\"faq-item-answer\">\r\n\t\t\t\t\t\t<div class=\"faq-item-answer-text\">\n    <p>Tak, ty M\u00f3c! Podczas tworzenia rozszerzenia pogodowego Joomla <a href=\"https:\/\/elfsight.com\/weather-widget\/#demo\">w darmowym narz\u0119dziu do tworzenia wid\u017cet\u00f3w online<\/a> uwzgl\u0119dnisz wszystkie konfiguracje po prawej stronie. Pogoda w nim b\u0119dzie identyczna z t\u0105, kt\u00f3r\u0105 dodasz do witryny Joomla.<\/p>\n    <\/div>\r\n\t\t\t\t\t<\/div>\r\n\t\t\t\t<\/div>\n<\/div>\n<\/div>\n\n<div class=\"application-platform-content-item-features application-platform-content-item\" id=\"features\" data-nav-section=\"features\">\n<p>Zobacz wszystkie funkcje Wid\u017cet pogodowy. Mo\u017cesz ustawi\u0107 je bezpo\u015brednio w edytorze, a pomog\u0105 Ci one ukszta\u0142towa\u0107 wid\u017cet najbardziej odpowiedni dla Twojego przypadku u\u017cycia.<\/p>\n<ul>\n    <li>Trzy sposoby dodania miejsca: wed\u0142ug nazwy, kodu pocztowego i wsp\u00f3\u0142rz\u0119dnych;<\/li>\n    <li>W ponad 30 j\u0119zykach mo\u017cesz wy\u015bwietla\u0107 informacje o pogodzie w j\u0119zyku, kt\u00f3rym pos\u0142uguj\u0105 si\u0119 Twoi odbiorcy;<\/li>\n    <li>Pi\u0119\u0107 typ\u00f3w konfiguracji widget\u00f3w do r\u00f3\u017cnych zastosowa\u0144;<\/li>\n    <li>Mo\u017cliwo\u015b\u0107 pokazania dziennej prognozy na przysz\u0142y tydzie\u0144 wraz z datami;<\/li>\n    <li>Dodaj pogod\u0119 godzinow\u0105 na nast\u0119pne dwana\u015bcie godzin.<\/li>\n<\/ul>\n<p><a href=\"#demo\">Sprawd\u017a, jak dzia\u0142aj\u0105 wszystkie funkcje, w naszej wersji demonstracyjnej<\/a><\/p>\n<\/div>\n\n<div class=\"application-platform-content-item-installation application-platform-content-item\" id=\"installation\" data-nav-section=\"installation\">\n<h2>Jak mog\u0119 osadzi\u0107 rozszerzenie Weather na mojej stronie Joomla?<\/h2>\n<p>Wystarczy zastosowa\u0107 si\u0119 do poni\u017cszych instrukcji, aby rozpocz\u0105\u0107 korzystanie z narz\u0119dzia w Joomla.<\/p>\n<ol>\n    <li><b>Zarz\u0105dzaj naszym bezp\u0142atnym konfiguratorem i zacznij tworzy\u0107 spersonalizowane rozszerzenie. <\/b><br> Okre\u015bl preferowany wygl\u0105d i cechy funkcjonalne narz\u0119dzia oraz nanie\u015b poprawki.<\/li>\n    <li><b>Odbierz sw\u00f3j unikalny kod pojawiaj\u0105cy si\u0119 w oknie aplikacji Elfsight. <\/b><br> Po zako\u0144czeniu konfiguracji rozszerzenia Pogoda skopiuj osobisty kod w wy\u015bwietlonym oknie i zapisz go do wykorzystania w przysz\u0142o\u015bci.<\/li>\n    <li><b>Rozpocznij korzystanie z narz\u0119dzia na stronie Joomla. <\/b><br> Umie\u015b\u0107 zapisany wcze\u015bniej kod na swojej stronie i zastosuj poprawki.<\/li>\n    <li><b>Gotowe! Konfiguracja zosta\u0142a pomy\u015blnie przeprowadzona. <\/b><br> Odwied\u017a swoj\u0105 witryn\u0119 i zobacz, jak dzia\u0142a rozszerzenie.<\/li>\n<\/ol>\n<p>Nie zastanawiaj si\u0119 dwa razy i skontaktuj si\u0119 z obs\u0142ug\u0105 klienta Elfsight, je\u015bli potrzebujesz porady lub masz pytania. Ch\u0119tnie pomo\u017cemy przy ka\u017cdym zapytaniu.<\/p>\n<\/div>","protected":false},"excerpt":{"rendered":"","protected":false},"author":9,"featured_media":0,"parent":2791,"menu_order":0,"comment_status":"closed","ping_status":"closed","template":"templates\/template-application-platform.php","meta":{"publish_to_discourse":"","publish_post_category":"","wpdc_auto_publish_overridden":"","wpdc_topic_tags":"","wpdc_pin_topic":"","wpdc_pin_until":"","discourse_post_id":"","discourse_permalink":"","wpdc_publishing_response":"","wpdc_publishing_error":"","footnotes":""},"class_list":["post-7288","page","type-page","status-publish","hentry"],"yoast_head":"<!-- This site is optimized with the Yoast SEO plugin v25.3.1 - https:\/\/yoast.com\/wordpress\/plugins\/seo\/ -->\n<title>Widget pogody \u2014 Dodaj modu\u0142 pogody do strony Joomla (bezp\u0142atnie i szybko)<\/title>\n<meta name=\"description\" content=\"Utw\u00f3rz rozszerzenie Weather i opublikuj je na swojej stronie Joomla za pomoc\u0105 Elfsight. Mamy bezp\u0142atn\u0105 obs\u0142ug\u0119 klienta i wi\u0119cej bonus\u00f3w.\" \/>\n<meta name=\"robots\" content=\"index, follow, max-snippet:-1, max-image-preview:large, max-video-preview:-1\" \/>\n<link rel=\"canonical\" href=\"https:\/\/elfsight.com\/pl\/weather-widget\/joomla\/\" \/>\n<meta property=\"og:locale\" content=\"pl_PL\" \/>\n<meta property=\"og:type\" content=\"article\" \/>\n<meta property=\"og:title\" content=\"Widget pogody \u2014 Dodaj modu\u0142 pogody do strony Joomla (bezp\u0142atnie i szybko)\" \/>\n<meta property=\"og:description\" content=\"Utw\u00f3rz rozszerzenie Weather i opublikuj je na swojej stronie Joomla za pomoc\u0105 Elfsight. Mamy bezp\u0142atn\u0105 obs\u0142ug\u0119 klienta i wi\u0119cej bonus\u00f3w.\" \/>\n<meta property=\"og:url\" content=\"https:\/\/elfsight.com\/pl\/weather-widget\/joomla\/\" \/>\n<meta property=\"og:site_name\" content=\"Elfsight PL\" \/>\n<meta property=\"article:modified_time\" content=\"2025-06-27T09:03:54+00:00\" \/>\n<meta name=\"twitter:card\" content=\"summary_large_image\" \/>\n<meta name=\"twitter:label1\" content=\"Szacowany czas czytania\" \/>\n\t<meta name=\"twitter:data1\" content=\"3 minuty\" \/>\n<!-- \/ Yoast SEO plugin. -->","yoast_head_json":{"title":"Widget pogody \u2014 Dodaj modu\u0142 pogody do strony Joomla (bezp\u0142atnie i szybko)","description":"Utw\u00f3rz rozszerzenie Weather i opublikuj je na swojej stronie Joomla za pomoc\u0105 Elfsight. Mamy bezp\u0142atn\u0105 obs\u0142ug\u0119 klienta i wi\u0119cej bonus\u00f3w.","robots":{"index":"index","follow":"follow","max-snippet":"max-snippet:-1","max-image-preview":"max-image-preview:large","max-video-preview":"max-video-preview:-1"},"canonical":"https:\/\/elfsight.com\/pl\/weather-widget\/joomla\/","og_locale":"pl_PL","og_type":"article","og_title":"Widget pogody \u2014 Dodaj modu\u0142 pogody do strony Joomla (bezp\u0142atnie i szybko)","og_description":"Utw\u00f3rz rozszerzenie Weather i opublikuj je na swojej stronie Joomla za pomoc\u0105 Elfsight. Mamy bezp\u0142atn\u0105 obs\u0142ug\u0119 klienta i wi\u0119cej bonus\u00f3w.","og_url":"https:\/\/elfsight.com\/pl\/weather-widget\/joomla\/","og_site_name":"Elfsight PL","article_modified_time":"2025-06-27T09:03:54+00:00","twitter_card":"summary_large_image","twitter_misc":{"Szacowany czas czytania":"3 minuty"},"schema":{"@context":"https:\/\/schema.org","@graph":[{"@type":"WebPage","@id":"https:\/\/elfsight.com\/pl\/weather-widget\/joomla\/","url":"https:\/\/elfsight.com\/pl\/weather-widget\/joomla\/","name":"Widget pogody \u2014 Dodaj modu\u0142 pogody do strony Joomla (bezp\u0142atnie i szybko)","isPartOf":{"@id":"https:\/\/elfsight.com\/pl\/#website"},"datePublished":"1970-01-01T00:00:00+00:00","dateModified":"2025-06-27T09:03:54+00:00","description":"Utw\u00f3rz rozszerzenie Weather i opublikuj je na swojej stronie Joomla za pomoc\u0105 Elfsight. Mamy bezp\u0142atn\u0105 obs\u0142ug\u0119 klienta i wi\u0119cej bonus\u00f3w.","breadcrumb":{"@id":"https:\/\/elfsight.com\/pl\/weather-widget\/joomla\/#breadcrumb"},"inLanguage":"pl-PL","potentialAction":[{"@type":"ReadAction","target":["https:\/\/elfsight.com\/pl\/weather-widget\/joomla\/"]}]},{"@type":"BreadcrumbList","@id":"https:\/\/elfsight.com\/pl\/weather-widget\/joomla\/#breadcrumb","itemListElement":[{"@type":"ListItem","position":1,"name":"Home","item":"https:\/\/elfsight.com\/pl\/"},{"@type":"ListItem","position":2,"name":"Weather","item":"https:\/\/elfsight.com\/pl\/weather-widget\/"},{"@type":"ListItem","position":3,"name":"Weather &#8211; Joomla"}]},{"@type":"WebSite","@id":"https:\/\/elfsight.com\/pl\/#website","url":"https:\/\/elfsight.com\/pl\/","name":"Elfsight PL","description":"Just another Elfsight Sites site","potentialAction":[{"@type":"SearchAction","target":{"@type":"EntryPoint","urlTemplate":"https:\/\/elfsight.com\/pl\/?s={search_term_string}"},"query-input":{"@type":"PropertyValueSpecification","valueRequired":true,"valueName":"search_term_string"}}],"inLanguage":"pl-PL"}]}},"meta_box":{"industry":"","seo_heading":"","heading":"","description":"","cta_heading":"","cta_description":"","application":"2790","h1":"Widget pogody Joomla","h1_caption":"Wy\u015bwietlaj aktualne informacje o pogodzie dla dowolnego miejsca na swojej stronie internetowej, aby bez wysi\u0142ku zaanga\u017cowa\u0107 lokalnych lub podr\u00f3\u017cuj\u0105cych odbiorc\u00f3w w witryn\u0119 Joomla.","application_category":[],"applications_title":"","applications_request_title":"","applications_request_button_text":"","hero_text":"","hero_video":"","hero_video_schema_markup":"","selling_points_title":"","selling_points_caption":"","selling_points":[],"selling_points_cta_text":"","features_title":"","features":"","ed_cta_examples_text":"","ed_cta_examples_hidden":"","ed_cta_demo_text":"","ed_cta_demo_hidden":"","why_caption":"","why_editor_title":"","why_editor_text":"","why_team_title":"","why_team_text":"","why_service_title":"","why_service_text":"","template_catalog_visible":"0","template_catalog_title":"","template_catalog_text":"","template_catalog_categories_visible":"","demo_title":"Utw\u00f3rz wtyczk\u0119 pogody","demo_caption":"Skonfiguruj swoj\u0105 pogod\u0119 i dodaj j\u0105 do swojej witryny Joomla za darmo!","default_faq_hidden":"","app_template_category":[],"platform":"53","template_public_id":"","codecanyon_url":"","codecanyon_item_id":"","codecanyon_price":"","pricing_caption":"","pricing_elfsight_apps_hide_column":"","pricing_elfsight_apps_url":"","pricing_codecanyon_price_caption":"","integration_category":[],"integration_request_title":"","integration_request_cta":"","integration_platform":"","integrations":[],"platform_category":[],"video_schema_markup":"","price":"od 0 USD \/ miesi\u0105c","trial":"","benefits":[{"text":"Bezp\u0142atna pomoc w monta\u017cu"},{"text":"Wsparcie premium"},{"text":"14-dniowa gwarancja zwrotu pieni\u0119dzy"}],"button_url":"#demo","button_target_blank":"0","button_nofollow":"0","attributes":[{"name":"Instaluje"},{"name":"Czu\u0142y"},{"name":"Kompatybilne przegl\u0105darki"}],"tags":[],"tags_disable_links":"0","hide_more_platforms":"0","video_object":"","demo_hide_cta":"0","demo_hide_cloud_options":"0","pricing_title":"","pricing":[{"pricing_icon":"platform","pricing_title":"Elfsight Apps","pricing_title_caption":"Wersja niezale\u017cna od platformy, kt\u00f3ra pasuje do ka\u017cdej witryny internetowej","pricing_price":"od 0 USD \/ miesi\u0105c","pricing_price_caption":"zacznij od bezp\u0142atnego planu","pricing_benefits":[{"text":"Nielimitowane domeny"},{"text":"Profesjonalna obs\u0142uga klienta"},{"text":"Bezp\u0142atna us\u0142uga monta\u017cu"},{"text":"Specjalna oferta na wiele aplikacji"}],"pricing_button_text":"Dodaj do witryny","pricing_button_url":"#demo"}],"related_apps_title":"","related_apps_hidden":"0","author":"","image":[],"title":"","job":"","social_networks":[]},"_links":{"self":[{"href":"https:\/\/elfsight.com\/pl\/wp-json\/wp\/v2\/pages\/7288","targetHints":{"allow":["GET"]}}],"collection":[{"href":"https:\/\/elfsight.com\/pl\/wp-json\/wp\/v2\/pages"}],"about":[{"href":"https:\/\/elfsight.com\/pl\/wp-json\/wp\/v2\/types\/page"}],"author":[{"embeddable":true,"href":"https:\/\/elfsight.com\/pl\/wp-json\/wp\/v2\/users\/9"}],"replies":[{"embeddable":true,"href":"https:\/\/elfsight.com\/pl\/wp-json\/wp\/v2\/comments?post=7288"}],"version-history":[{"count":2,"href":"https:\/\/elfsight.com\/pl\/wp-json\/wp\/v2\/pages\/7288\/revisions"}],"predecessor-version":[{"id":10633,"href":"https:\/\/elfsight.com\/pl\/wp-json\/wp\/v2\/pages\/7288\/revisions\/10633"}],"up":[{"embeddable":true,"href":"https:\/\/elfsight.com\/pl\/wp-json\/wp\/v2\/pages\/2791"}],"wp:attachment":[{"href":"https:\/\/elfsight.com\/pl\/wp-json\/wp\/v2\/media?parent=7288"}],"curies":[{"name":"wp","href":"https:\/\/api.w.org\/{rel}","templated":true}]}}