{"id":7287,"date":"2024-05-03T06:54:30","date_gmt":"2024-05-03T06:54:30","guid":{"rendered":"https:\/\/elfsight.com\/pl\/?page_id=7287"},"modified":"2024-11-14T09:28:39","modified_gmt":"2024-11-14T09:28:39","slug":"jquery","status":"publish","type":"page","link":"https:\/\/elfsight.com\/pl\/weather-widget\/jquery\/","title":{"rendered":"Weather &#8211; jQuery"},"content":{"rendered":"<div class=\"application-platform-content-item-description application-platform-content-item\" id=\"description\" data-nav-section=\"description\"><h2>Opis<\/h2><p>Widget pogody Elfsight to nieskomplikowany i bardzo konfigurowalny widget strony internetowej, kt\u00f3ry wy\u015bwietla aktualn\u0105 sytuacj\u0119 pogodow\u0105 w dowolnej lokalizacji. Dodaj miejsce wed\u0142ug tytu\u0142u, kodu pocztowego lub wsp\u00f3\u0142rz\u0119dnych. Twoi odbiorcy zobacz\u0105 zaktualizowane informacje o temperaturze, ci\u015bnieniu powietrza, wilgotno\u015bci i aktywnej pogodzie. Wid\u017cet posiada opcj\u0119 prezentowania prognozy godzinowej lub dziennej. Wid\u017cet posiada tak\u017ce tematyczne t\u0142o oraz mo\u017cliwo\u015b\u0107 wyboru dowolnej kolorystyki. <\/p><p><b>U\u0142atw klientom zamawianie wydarze\u0144 plenerowych z uwzgl\u0119dnieniem prognozy pogody! <\/b><\/p><\/div><div class=\"application-platform-content-item-features application-platform-content-item\" id=\"features\" data-nav-section=\"features\"><p>Tutaj mo\u017cesz zobaczy\u0107 wszystkie cechy funkcjonalne wid\u017cetu Pogoda. Mo\u017cesz nimi zarz\u0105dza\u0107 bezpo\u015brednio w edytorze, a oni pomog\u0105 Ci skonfigurowa\u0107 wid\u017cet dostosowany do Twoich potrzeb. <\/p><ul><li>3 sposoby wprowadzenia lokalizacji: wed\u0142ug nazwy, kodu pocztowego lub wsp\u00f3\u0142rz\u0119dnych; <\/li><li>Obs\u0142ugiwane ponad 30 j\u0119zyk\u00f3w, aby wy\u015bwietla\u0107 szczeg\u00f3\u0142y pogody w Twoim ojczystym j\u0119zyku; <\/li><li>Pi\u0119\u0107 typ\u00f3w konfiguracji widget\u00f3w do r\u00f3\u017cnych zastosowa\u0144; <\/li><li>Mo\u017cliwo\u015b\u0107 zaprezentowania codziennej prognozy na tydzie\u0144 z datami; <\/li><li>Dodaj pogod\u0119 godzina po godzinie na nast\u0119pne 12 godzin. <\/li><\/ul><p><a href=\"#demo\">Mo\u017cesz wypr\u00f3bowa\u0107 wszystkie funkcje widgetu bezpo\u015brednio w wersji demonstracyjnej<\/a><\/p><\/div><div class=\"application-platform-content-item-installation application-platform-content-item\" id=\"installation\" data-nav-section=\"installation\"><h2>Jak mog\u0119 osadzi\u0107 wtyczk\u0119 Weather na mojej stronie jQuery? <\/h2><p>Aby osadzi\u0107 wid\u017cet, wykonaj nast\u0119puj\u0105ce szybkie kroki<\/p><ol><li><b>Wygeneruj swoj\u0105 osobist\u0105 wtyczk\u0119 pogody<\/b><br>Korzystaj\u0105c z naszej bezp\u0142atnej wersji demonstracyjnej, uzyskaj wtyczk\u0119 o preferowanym wygl\u0105dzie i funkcjonalno\u015bci. <\/li> <li><b>Zdob\u0105d\u017a indywidualny kod, aby opublikowa\u0107 wtyczk\u0119<\/b><br>Po skonfigurowaniu wid\u017cetu otrzymasz kod instalacyjny z powiadomienia, kt\u00f3re pojawi si\u0119 w aplikacji Elfsight. Skopiuj kod do p\u00f3\u017aniejszego wykorzystania. <\/li> <li><b> Wtyczka na Twojej witrynie jQuery<\/b><br>Wybierz obszar, w kt\u00f3rym chcesz umie\u015bci\u0107 wtyczk\u0119 i wklej tam skopiowany kod. Zastosuj zmiany. <\/li> <li><b>Gratulacje! W\u0142a\u015bnie skonfigurowa\u0142e\u015b widget! <\/b><br>Wejd\u017a na swoj\u0105 witryn\u0119, aby wy\u015bwietli\u0107 wtyczk\u0119. <\/li><\/ol><p>Nie wahaj si\u0119 skontaktowa\u0107 z obs\u0142ug\u0105 klienta Elfsight, je\u015bli potrzebujesz porady lub masz problemy. Nasi specjali\u015bci pomog\u0105 w ka\u017cdej sprawie. <\/p><div class=\"faq\" data-component=\"FAQ\"><div class=\"faq-item\">\r\n\t\t\t\t\t<div class=\"faq-item-question\">\r\n\t\t\t\t\t\t<h3 class=\"faq-item-question-text\">Czy istnieje mo\u017cliwo\u015b\u0107 dodania pogody do mojej witryny jQuery bez kodowania?<\/h3>\r\n\r\n\t\t\t\t\t\t<div class=\"faq-item-question-icon\"><\/div>\r\n\t\t\t\t\t<\/div>\r\n\r\n\t\t\t\t\t<div class=\"faq-item-answer\">\r\n\t\t\t\t\t\t<div class=\"faq-item-answer-text\"> <p>Firma Elfsight dostarcza rozwi\u0105zanie w chmurze, kt\u00f3re umo\u017cliwia u\u017cytkownikom samodzielne utworzenie wid\u017cetu pogody. Dowiedz si\u0119, jak to zrobi\u0107 jest to nieskomplikowane: Pracuj bezpo\u015brednio w edytorze na \u017cywo, aby utworzy\u0107 wtyczk\u0119 pogody, kt\u00f3r\u0105 chcesz osadzi\u0107 na swojej stronie internetowej jQuery. Wybierz jeden z wielu gotowych szablon\u00f3w i dostosuj ustawienia pogody, zmie\u0144 uk\u0142ad i kolor element\u00f3w, dodaj swoj\u0105 tre\u015b\u0107 bez umiej\u0119tno\u015bci kodowania. Kliknij, aby zapisa\u0107 ustawienia wprowadzone w Weather i uzyska\u0107 kod instalacyjny wtyczki, kt\u00f3ry mo\u017cna po prostu doda\u0107 na dowolnej stronie g\u0142\u00f3wnej jQuery bez konieczno\u015bci zakupu p\u0142atnej subskrypcji. Dzi\u0119ki prostemu Konfiguratorowi ka\u017cdy u\u017cytkownik Internetu mo\u017ce zbudowa\u0107 wtyczk\u0119 Weather online i bez problemu umie\u015bci\u0107 j\u0105 na stronie jQuery. Aby uzyska\u0107 dost\u0119p do us\u0142ugi, nie trzeba kupowa\u0107 p\u0142atnego planu ani ujawnia\u0107 danych uwierzytelniaj\u0105cych karty. Je\u015bli na kt\u00f3rymkolwiek etapie napotkasz jakiekolwiek problemy, skontaktuj si\u0119 z naszym zespo\u0142em pomocy technicznej.<\/p> <\/div>\r\n\t\t\t\t\t<\/div>\r\n\t\t\t\t<\/div> <\/div><\/div>","protected":false},"excerpt":{"rendered":"","protected":false},"author":9,"featured_media":0,"parent":2791,"menu_order":0,"comment_status":"closed","ping_status":"closed","template":"templates\/template-application-platform.php","meta":{"publish_to_discourse":"","publish_post_category":"","wpdc_auto_publish_overridden":"","wpdc_topic_tags":"","wpdc_pin_topic":"","wpdc_pin_until":"","discourse_post_id":"","discourse_permalink":"","wpdc_publishing_response":"","wpdc_publishing_error":"","footnotes":""},"class_list":["post-7287","page","type-page","status-publish","hentry"],"yoast_head":"<!-- This site is optimized with the Yoast SEO plugin v25.3.1 - https:\/\/yoast.com\/wordpress\/plugins\/seo\/ -->\n<title>Wid\u017cet pogody \u2014 Dodaj wtyczk\u0119 pogody do witryny jQuery (bezp\u0142atnie i szybko)<\/title>\n<meta name=\"description\" content=\"Stworzenie wtyczki Weather i umieszczenie jej na stronie jQuery jest maksymalnie proste. Obs\u0142uga klienta Elfsight jest bezp\u0142atna i szybka.\" \/>\n<meta name=\"robots\" content=\"index, follow, max-snippet:-1, max-image-preview:large, max-video-preview:-1\" \/>\n<link rel=\"canonical\" href=\"https:\/\/elfsight.com\/pl\/weather-widget\/jquery\/\" \/>\n<meta property=\"og:locale\" content=\"pl_PL\" \/>\n<meta property=\"og:type\" content=\"article\" \/>\n<meta property=\"og:title\" content=\"Wid\u017cet pogody \u2014 Dodaj wtyczk\u0119 pogody do witryny jQuery (bezp\u0142atnie i szybko)\" \/>\n<meta property=\"og:description\" content=\"Stworzenie wtyczki Weather i umieszczenie jej na stronie jQuery jest maksymalnie proste. Obs\u0142uga klienta Elfsight jest bezp\u0142atna i szybka.\" \/>\n<meta property=\"og:url\" content=\"https:\/\/elfsight.com\/pl\/weather-widget\/jquery\/\" \/>\n<meta property=\"og:site_name\" content=\"Elfsight PL\" \/>\n<meta property=\"article:modified_time\" content=\"2024-11-14T09:28:39+00:00\" \/>\n<meta name=\"twitter:card\" content=\"summary_large_image\" \/>\n<meta name=\"twitter:label1\" content=\"Szacowany czas czytania\" \/>\n\t<meta name=\"twitter:data1\" content=\"3 minuty\" \/>\n<!-- \/ Yoast SEO plugin. -->","yoast_head_json":{"title":"Wid\u017cet pogody \u2014 Dodaj wtyczk\u0119 pogody do witryny jQuery (bezp\u0142atnie i szybko)","description":"Stworzenie wtyczki Weather i umieszczenie jej na stronie jQuery jest maksymalnie proste. Obs\u0142uga klienta Elfsight jest bezp\u0142atna i szybka.","robots":{"index":"index","follow":"follow","max-snippet":"max-snippet:-1","max-image-preview":"max-image-preview:large","max-video-preview":"max-video-preview:-1"},"canonical":"https:\/\/elfsight.com\/pl\/weather-widget\/jquery\/","og_locale":"pl_PL","og_type":"article","og_title":"Wid\u017cet pogody \u2014 Dodaj wtyczk\u0119 pogody do witryny jQuery (bezp\u0142atnie i szybko)","og_description":"Stworzenie wtyczki Weather i umieszczenie jej na stronie jQuery jest maksymalnie proste. Obs\u0142uga klienta Elfsight jest bezp\u0142atna i szybka.","og_url":"https:\/\/elfsight.com\/pl\/weather-widget\/jquery\/","og_site_name":"Elfsight PL","article_modified_time":"2024-11-14T09:28:39+00:00","twitter_card":"summary_large_image","twitter_misc":{"Szacowany czas czytania":"3 minuty"},"schema":{"@context":"https:\/\/schema.org","@graph":[{"@type":"WebPage","@id":"https:\/\/elfsight.com\/pl\/weather-widget\/jquery\/","url":"https:\/\/elfsight.com\/pl\/weather-widget\/jquery\/","name":"Wid\u017cet pogody \u2014 Dodaj wtyczk\u0119 pogody do witryny jQuery (bezp\u0142atnie i szybko)","isPartOf":{"@id":"https:\/\/elfsight.com\/pl\/#website"},"datePublished":"2024-05-03T06:54:30+00:00","dateModified":"2024-11-14T09:28:39+00:00","description":"Stworzenie wtyczki Weather i umieszczenie jej na stronie jQuery jest maksymalnie proste. Obs\u0142uga klienta Elfsight jest bezp\u0142atna i szybka.","breadcrumb":{"@id":"https:\/\/elfsight.com\/pl\/weather-widget\/jquery\/#breadcrumb"},"inLanguage":"pl-PL","potentialAction":[{"@type":"ReadAction","target":["https:\/\/elfsight.com\/pl\/weather-widget\/jquery\/"]}]},{"@type":"BreadcrumbList","@id":"https:\/\/elfsight.com\/pl\/weather-widget\/jquery\/#breadcrumb","itemListElement":[{"@type":"ListItem","position":1,"name":"Home","item":"https:\/\/elfsight.com\/pl\/"},{"@type":"ListItem","position":2,"name":"Weather","item":"https:\/\/elfsight.com\/pl\/weather-widget\/"},{"@type":"ListItem","position":3,"name":"Weather &#8211; jQuery"}]},{"@type":"WebSite","@id":"https:\/\/elfsight.com\/pl\/#website","url":"https:\/\/elfsight.com\/pl\/","name":"Elfsight PL","description":"Just another Elfsight Sites site","potentialAction":[{"@type":"SearchAction","target":{"@type":"EntryPoint","urlTemplate":"https:\/\/elfsight.com\/pl\/?s={search_term_string}"},"query-input":{"@type":"PropertyValueSpecification","valueRequired":true,"valueName":"search_term_string"}}],"inLanguage":"pl-PL"}]}},"meta_box":{"industry":"","seo_heading":"","heading":"","description":"","cta_heading":"","cta_description":"","application":"2790","h1":"Wtyczka jQuery Weather","h1_caption":"Wy\u015bwietlaj aktualne informacje o pogodzie dla dowolnej lokalizacji w swojej witrynie, aby bez wysi\u0142ku zaanga\u017cowa\u0107 lokalnych lub podr\u00f3\u017cuj\u0105cych odbiorc\u00f3w w witryn\u0119 jQuery.","application_category":[],"applications_title":"","applications_request_title":"","applications_request_button_text":"","hero_text":"","hero_video":"","hero_video_schema_markup":"","selling_points_title":"","selling_points_caption":"","selling_points":[],"selling_points_cta_text":"","features_title":"","features":"","ed_cta_examples_text":"","ed_cta_examples_hidden":"","ed_cta_demo_text":"","ed_cta_demo_hidden":"","why_caption":"","why_editor_title":"","why_editor_text":"","why_team_title":"","why_team_text":"","why_service_title":"","why_service_text":"","template_catalog_visible":"","template_catalog_title":"","template_catalog_text":"","template_catalog_categories_visible":"","demo_title":"Utw\u00f3rz wtyczk\u0119 pogody","demo_caption":"Skonfiguruj swoj\u0105 pogod\u0119 i dodaj j\u0105 do swojej witryny jQuery za darmo!","default_faq_hidden":"","app_template_category":[],"platform":"56","template_public_id":"","codecanyon_url":"","codecanyon_item_id":"","codecanyon_price":"","pricing_caption":"","pricing_elfsight_apps_hide_column":"","pricing_elfsight_apps_url":"","pricing_codecanyon_price_caption":"","integration_category":[],"integration_request_title":"","integration_request_cta":"","integration_platform":"","integrations":[],"platform_category":[],"video_schema_markup":"","price":"od 0 USD \/ miesi\u0105c","trial":"","benefits":[{"text":"Bezp\u0142atna us\u0142uga monta\u017cu"},{"text":"Kompetentna obs\u0142uga klienta"},{"text":"14-dniowa gwarancja zwrotu pieni\u0119dzy"},{"text":"Ci\u0105g\u0142e ulepszenia"}],"button_url":"#demo","button_target_blank":"","button_nofollow":"","attributes":[{"name":"Instaluje"},{"name":"Czu\u0142y","content":"Tak"},{"name":"Kompatybilne przegl\u0105darki","content":"Firefox, Safari, Opera, Chrome, Edge"}],"tags":[],"tags_disable_links":"","hide_more_platforms":"","video_object":"","demo_hide_cta":"","demo_hide_cloud_options":"","pricing_title":"","pricing":[{"pricing_icon":"platform","pricing_title":"Elfsight Apps","pricing_title_caption":"Wieloplatformowe rozwi\u0105zanie cyfrowe","pricing_price":"od 0 USD \/ miesi\u0105c","pricing_price_caption":"zacznij od bezp\u0142atnego planu","pricing_benefits":[{"text":"Nielimitowane strony internetowe"},{"text":"Szybka obs\u0142uga klienta"},{"text":"Bezp\u0142atna pomoc w monta\u017cu"},{"text":"W pe\u0142ni konfigurowalny"}],"pricing_button_text":"Dodaj do witryny","pricing_button_url":"#demo"}],"related_apps_title":"","related_apps_hidden":"","author":"","image":[],"title":"","job":"","social_networks":[]},"_links":{"self":[{"href":"https:\/\/elfsight.com\/pl\/wp-json\/wp\/v2\/pages\/7287","targetHints":{"allow":["GET"]}}],"collection":[{"href":"https:\/\/elfsight.com\/pl\/wp-json\/wp\/v2\/pages"}],"about":[{"href":"https:\/\/elfsight.com\/pl\/wp-json\/wp\/v2\/types\/page"}],"author":[{"embeddable":true,"href":"https:\/\/elfsight.com\/pl\/wp-json\/wp\/v2\/users\/9"}],"replies":[{"embeddable":true,"href":"https:\/\/elfsight.com\/pl\/wp-json\/wp\/v2\/comments?post=7287"}],"version-history":[{"count":1,"href":"https:\/\/elfsight.com\/pl\/wp-json\/wp\/v2\/pages\/7287\/revisions"}],"predecessor-version":[{"id":7291,"href":"https:\/\/elfsight.com\/pl\/wp-json\/wp\/v2\/pages\/7287\/revisions\/7291"}],"up":[{"embeddable":true,"href":"https:\/\/elfsight.com\/pl\/wp-json\/wp\/v2\/pages\/2791"}],"wp:attachment":[{"href":"https:\/\/elfsight.com\/pl\/wp-json\/wp\/v2\/media?parent=7287"}],"curies":[{"name":"wp","href":"https:\/\/api.w.org\/{rel}","templated":true}]}}