{"id":7286,"date":"1970-01-01T00:00:00","date_gmt":"1970-01-01T00:00:00","guid":{"rendered":"https:\/\/elfsight.com\/pl\/?page_id=7286"},"modified":"2024-11-14T09:28:39","modified_gmt":"2024-11-14T09:28:39","slug":"magento","status":"publish","type":"page","link":"https:\/\/elfsight.com\/pl\/weather-widget\/magento\/","title":{"rendered":"Weather &#8211; Magento"},"content":{"rendered":"<div class=\"application-platform-content-item-description application-platform-content-item\" id=\"description\" data-nav-section=\"description\"><h2>Opis<\/h2><p>Elfsight Weather to prosta i konfigurowalna wtyczka do witryny internetowej wy\u015bwietlaj\u0105ca istotne informacje o pogodzie dla wybranego obszaru. Wprowad\u017a lokalizacj\u0119, u\u017cywaj\u0105c nazwy, kodu pocztowego lub wsp\u00f3\u0142rz\u0119dnych. Twoi u\u017cytkownicy b\u0119d\u0105 widzie\u0107 najnowsze informacje na temat temperatury, ci\u015bnienia powietrza, procentu wilgotno\u015bci i aktywnej pogody. Mo\u017cesz tak\u017ce wy\u015bwietli\u0107 prognoz\u0119 na tydzie\u0144 lub na najbli\u017csze 12 godzin. Wid\u017cet zawiera tak\u017ce tematyczne obrazy t\u0142a oraz funkcj\u0119 malowania t\u0142a na dowolne kolory. <\/p><p><b>U\u0142atw klientom wyszukiwanie daty imprezy plenerowej, maj\u0105c zawsze pod r\u0119k\u0105 prognoz\u0119 pogody! <\/b><\/p><\/div><div class=\"application-platform-content-item-features application-platform-content-item\" id=\"features\" data-nav-section=\"features\"><p>Zobacz wszystkie funkcje wid\u017cetu Pogoda. Mo\u017cesz je ustawi\u0107 bezpo\u015brednio w edytorze, co pomo\u017ce Ci skonfigurowa\u0107 wid\u017cet dok\u0142adnie dla Twojego przypadku u\u017cycia. <\/p><ul><li>3 sposoby dodania miejsca: nazwa, kod pocztowy i wsp\u00f3\u0142rz\u0119dne; <\/li><li>W ponad 30 j\u0119zykach mo\u017cesz wy\u015bwietla\u0107 informacje o pogodzie w j\u0119zyku, kt\u00f3rym pos\u0142uguj\u0105 si\u0119 Twoi odbiorcy; <\/li><li>5 wariant\u00f3w konfiguracji widgetu dla r\u00f3\u017cnych zastosowa\u0144; <\/li><li>Mo\u017cliwo\u015b\u0107 dodania codziennej prognozy na nadchodz\u0105cy tydzie\u0144 wraz z datami; <\/li><li>Dodaj prognoz\u0119 godzinowa na nast\u0119pne dwana\u015bcie godzin. <\/li><\/ul><p><a href=\"#demo\">Zobacz, jak dzia\u0142aj\u0105 wszystkie funkcje, w naszej wersji demonstracyjnej<\/a><\/p><\/div><div class=\"application-platform-content-item-installation application-platform-content-item\" id=\"installation\" data-nav-section=\"installation\"> <h2>Jak mog\u0119 osadzi\u0107 rozszerzenie Weather na stronie Magento? <\/h2><p>Wystarczy wykona\u0107 kilka krok\u00f3w podanych poni\u017cej, aby zintegrowa\u0107 widget z Magento.<\/p> <ol><li><b>Zarz\u0105dzaj nasz\u0105 bezp\u0142atn\u0105 wersj\u0105 demonstracyjn\u0105 i zacznij tworzy\u0107 spersonalizowane rozszerzenie pogodowe. <\/b><br> Wybierz po\u017c\u0105dany projekt i funkcje narz\u0119dzia, a nast\u0119pnie zastosuj zmiany. <\/li> <li><b>Wy\u015bwietl sw\u00f3j indywidualny kod w polu aplikacji Elfsight. <\/b><br> Zaraz po zako\u0144czeniu tworzenia wid\u017cetu skopiuj ekskluzywny kod z wy\u015bwietlonego pola i zapisz go na przysz\u0142o\u015b\u0107. <\/li> <li><b>Zacznij korzysta\u0107 z narz\u0119dzia na swojej stronie g\u0142\u00f3wnej Magento. <\/b><br> Wklej ostatnio skopiowany kod na swoj\u0105 stron\u0119 i zapisz poprawki. <\/li> <li><b>Konfiguracja zosta\u0142a w pe\u0142ni uko\u0144czona. <\/b><br> Przejd\u017a na swoj\u0105 stron\u0119 internetow\u0105, aby zobaczy\u0107, jak dzia\u0142a rozszerzenie. <\/li><\/ol><p>Je\u015bli potrzebujesz pomocy lub masz problemy, mo\u017cesz skontaktowa\u0107 si\u0119 z naszym dzia\u0142em obs\u0142ugi klienta. Przy ka\u017cdej pro\u015bbie wyci\u0105gniemy pomocn\u0105 d\u0142o\u0144. <\/p><div class=\"faq\" data-component=\"FAQ\"><div class=\"faq-item\">\r\n\t\t\t\t\t<div class=\"faq-item-question\">\r\n\t\t\t\t\t\t<h3 class=\"faq-item-question-text\">Jak mog\u0119 doda\u0107 Weather do mojej strony Magento bez znajomo\u015bci kodowania?<\/h3>\r\n\r\n\t\t\t\t\t\t<div class=\"faq-item-question-icon\"><\/div>\r\n\t\t\t\t\t<\/div>\r\n\r\n\t\t\t\t\t<div class=\"faq-item-answer\">\r\n\t\t\t\t\t\t<div class=\"faq-item-answer-text\"> <p>Firma Elfsight wprowadza rozwi\u0105zanie, kt\u00f3re umo\u017cliwia szerokiemu gronu odbiorc\u00f3w samodzielne stworzenie wtyczki Weather, zobacz jakie to proste proces jest nast\u0119puj\u0105cy: Przejd\u017a do edytora online, aby utworzy\u0107 wid\u017cet pogody, kt\u00f3ry chcesz osadzi\u0107 w Magento. Kliknij na jeden z gotowych szablon\u00f3w i zmie\u0144 ustawienia Pogoda, zmie\u0144 uk\u0142ad i kolorystyk\u0119, dodaj swoj\u0105 tre\u015b\u0107, bez \u017cadnego kodowania. Zapisz dokonane ustawienia w Weather i skopiuj kod wid\u017cetu do osadzenia, kt\u00f3ry mo\u017cna \u0142atwo wklei\u0107 na stron\u0119 Magento bez konieczno\u015bci zakupu wersji p\u0142atnej. Korzystaj\u0105c z naszego \u0142atwego w obs\u0142udze konfiguratora, ka\u017cdy u\u017cytkownik sieci mo\u017ce zbudowa\u0107 sekcj\u0119 Pogoda i bez problemu doda\u0107 j\u0105 do witryny Magento. Aby uzyska\u0107 dost\u0119p do naszych us\u0142ug, nie nale\u017cy p\u0142aci\u0107 ani podawa\u0107 danych uwierzytelniaj\u0105cych karty. Je\u015bli na kt\u00f3rymkolwiek etapie napotkasz jakiekolwiek problemy, nie wahaj si\u0119 porozmawia\u0107 z naszym zespo\u0142em pomocy technicznej.<\/p> <\/div>\r\n\t\t\t\t\t<\/div>\r\n\t\t\t\t<\/div> <\/div><\/div>","protected":false},"excerpt":{"rendered":"","protected":false},"author":9,"featured_media":0,"parent":2791,"menu_order":0,"comment_status":"closed","ping_status":"closed","template":"templates\/template-application-platform.php","meta":{"publish_to_discourse":"","publish_post_category":"","wpdc_auto_publish_overridden":"","wpdc_topic_tags":"","wpdc_pin_topic":"","wpdc_pin_until":"","discourse_post_id":"","discourse_permalink":"","wpdc_publishing_response":"","wpdc_publishing_error":"","footnotes":""},"class_list":["post-7286","page","type-page","status-publish","hentry"],"yoast_head":"<!-- This site is optimized with the Yoast SEO plugin v25.3.1 - https:\/\/yoast.com\/wordpress\/plugins\/seo\/ -->\n<title>Dodaj rozszerzenie Weather do strony Magento (bezp\u0142atnie i szybko)<\/title>\n<meta name=\"description\" content=\"Dzi\u0119ki Elfsight szybko ukszta\u0142tuj rozszerzenie Weather i umie\u015b\u0107 je na swojej stronie Magento. Mamy bezp\u0142atn\u0105 obs\u0142ug\u0119 klienta i wi\u0119cej bonus\u00f3w.\" \/>\n<meta name=\"robots\" content=\"index, follow, max-snippet:-1, max-image-preview:large, max-video-preview:-1\" \/>\n<link rel=\"canonical\" href=\"https:\/\/elfsight.com\/pl\/weather-widget\/magento\/\" \/>\n<meta property=\"og:locale\" content=\"pl_PL\" \/>\n<meta property=\"og:type\" content=\"article\" \/>\n<meta property=\"og:title\" content=\"Dodaj rozszerzenie Weather do strony Magento (bezp\u0142atnie i szybko)\" \/>\n<meta property=\"og:description\" content=\"Dzi\u0119ki Elfsight szybko ukszta\u0142tuj rozszerzenie Weather i umie\u015b\u0107 je na swojej stronie Magento. Mamy bezp\u0142atn\u0105 obs\u0142ug\u0119 klienta i wi\u0119cej bonus\u00f3w.\" \/>\n<meta property=\"og:url\" content=\"https:\/\/elfsight.com\/pl\/weather-widget\/magento\/\" \/>\n<meta property=\"og:site_name\" content=\"Elfsight PL\" \/>\n<meta property=\"article:modified_time\" content=\"2024-11-14T09:28:39+00:00\" \/>\n<meta name=\"twitter:card\" content=\"summary_large_image\" \/>\n<meta name=\"twitter:label1\" content=\"Szacowany czas czytania\" \/>\n\t<meta name=\"twitter:data1\" content=\"3 minuty\" \/>\n<!-- \/ Yoast SEO plugin. -->","yoast_head_json":{"title":"Dodaj rozszerzenie Weather do strony Magento (bezp\u0142atnie i szybko)","description":"Dzi\u0119ki Elfsight szybko ukszta\u0142tuj rozszerzenie Weather i umie\u015b\u0107 je na swojej stronie Magento. Mamy bezp\u0142atn\u0105 obs\u0142ug\u0119 klienta i wi\u0119cej bonus\u00f3w.","robots":{"index":"index","follow":"follow","max-snippet":"max-snippet:-1","max-image-preview":"max-image-preview:large","max-video-preview":"max-video-preview:-1"},"canonical":"https:\/\/elfsight.com\/pl\/weather-widget\/magento\/","og_locale":"pl_PL","og_type":"article","og_title":"Dodaj rozszerzenie Weather do strony Magento (bezp\u0142atnie i szybko)","og_description":"Dzi\u0119ki Elfsight szybko ukszta\u0142tuj rozszerzenie Weather i umie\u015b\u0107 je na swojej stronie Magento. Mamy bezp\u0142atn\u0105 obs\u0142ug\u0119 klienta i wi\u0119cej bonus\u00f3w.","og_url":"https:\/\/elfsight.com\/pl\/weather-widget\/magento\/","og_site_name":"Elfsight PL","article_modified_time":"2024-11-14T09:28:39+00:00","twitter_card":"summary_large_image","twitter_misc":{"Szacowany czas czytania":"3 minuty"},"schema":{"@context":"https:\/\/schema.org","@graph":[{"@type":"WebPage","@id":"https:\/\/elfsight.com\/pl\/weather-widget\/magento\/","url":"https:\/\/elfsight.com\/pl\/weather-widget\/magento\/","name":"Dodaj rozszerzenie Weather do strony Magento (bezp\u0142atnie i szybko)","isPartOf":{"@id":"https:\/\/elfsight.com\/pl\/#website"},"datePublished":"1970-01-01T00:00:00+00:00","dateModified":"2024-11-14T09:28:39+00:00","description":"Dzi\u0119ki Elfsight szybko ukszta\u0142tuj rozszerzenie Weather i umie\u015b\u0107 je na swojej stronie Magento. Mamy bezp\u0142atn\u0105 obs\u0142ug\u0119 klienta i wi\u0119cej bonus\u00f3w.","breadcrumb":{"@id":"https:\/\/elfsight.com\/pl\/weather-widget\/magento\/#breadcrumb"},"inLanguage":"pl-PL","potentialAction":[{"@type":"ReadAction","target":["https:\/\/elfsight.com\/pl\/weather-widget\/magento\/"]}]},{"@type":"BreadcrumbList","@id":"https:\/\/elfsight.com\/pl\/weather-widget\/magento\/#breadcrumb","itemListElement":[{"@type":"ListItem","position":1,"name":"Home","item":"https:\/\/elfsight.com\/pl\/"},{"@type":"ListItem","position":2,"name":"Weather","item":"https:\/\/elfsight.com\/pl\/weather-widget\/"},{"@type":"ListItem","position":3,"name":"Weather &#8211; Magento"}]},{"@type":"WebSite","@id":"https:\/\/elfsight.com\/pl\/#website","url":"https:\/\/elfsight.com\/pl\/","name":"Elfsight PL","description":"Just another Elfsight Sites site","potentialAction":[{"@type":"SearchAction","target":{"@type":"EntryPoint","urlTemplate":"https:\/\/elfsight.com\/pl\/?s={search_term_string}"},"query-input":{"@type":"PropertyValueSpecification","valueRequired":true,"valueName":"search_term_string"}}],"inLanguage":"pl-PL"}]}},"meta_box":{"industry":"","seo_heading":"","heading":"","description":"","cta_heading":"","cta_description":"","application":"2790","h1":"Rozszerzenie Magento Weather","h1_caption":"Wy\u015bwietlaj aktualne informacje o pogodzie dla dowolnej lokalizacji na swojej stronie internetowej, aby bez wysi\u0142ku przyci\u0105gn\u0105\u0107 lokalnych lub podr\u00f3\u017cuj\u0105cych odbiorc\u00f3w do Twojej witryny Magento.","application_category":[],"applications_title":"","applications_request_title":"","applications_request_button_text":"","hero_text":"","hero_video":"","hero_video_schema_markup":"","selling_points_title":"","selling_points_caption":"","selling_points":[],"selling_points_cta_text":"","features_title":"","features":"","ed_cta_examples_text":"","ed_cta_examples_hidden":"","ed_cta_demo_text":"","ed_cta_demo_hidden":"","why_caption":"","why_editor_title":"","why_editor_text":"","why_team_title":"","why_team_text":"","why_service_title":"","why_service_text":"","template_catalog_visible":"","template_catalog_title":"","template_catalog_text":"","template_catalog_categories_visible":"","demo_title":"Utw\u00f3rz rozszerzenie pogodowe","demo_caption":"Skonfiguruj swoj\u0105 pogod\u0119 i dodaj j\u0105 do swojej witryny Magento za darmo!","default_faq_hidden":"","app_template_category":[],"platform":"92","template_public_id":"","codecanyon_url":"","codecanyon_item_id":"","codecanyon_price":"","pricing_caption":"","pricing_elfsight_apps_hide_column":"","pricing_elfsight_apps_url":"","pricing_codecanyon_price_caption":"","integration_category":[],"integration_request_title":"","integration_request_cta":"","integration_platform":"","integrations":[],"platform_category":[],"video_schema_markup":"","price":"od 0 USD \/ miesi\u0105c","trial":"","benefits":[{"text":"Bezp\u0142atna us\u0142uga monta\u017cu"},{"text":"Wyj\u0105tkowe wsparcie"},{"text":"14-dniowa gwarancja zwrotu pieni\u0119dzy"}],"button_url":"#demo","button_target_blank":"","button_nofollow":"","attributes":[{"name":"Instaluje"},{"name":"Czu\u0142y"},{"name":"Kompatybilne przegl\u0105darki"}],"tags":[],"tags_disable_links":"","hide_more_platforms":"","video_object":"","demo_hide_cta":"","demo_hide_cloud_options":"","pricing_title":"","pricing":[{"pricing_icon":"platform","pricing_title":"Elfsight Apps","pricing_title_caption":"Oprogramowanie wieloplatformowe, kt\u00f3re dzia\u0142a na dowolnej stronie internetowej","pricing_price":"od 0 USD \/ miesi\u0105c","pricing_price_caption":"zacznij od bezp\u0142atnego planu","pricing_benefits":[{"text":"Nielimitowane strony internetowe"},{"text":"Profesjonalne wsparcie i dobrze udokumentowane"},{"text":"Bezp\u0142atna pomoc w monta\u017cu"},{"text":"100% konfigurowalny"}],"pricing_button_text":"Dodaj do witryny","pricing_button_url":"#demo"}],"related_apps_title":"","related_apps_hidden":"","author":"","image":[],"title":"","job":"","social_networks":[]},"_links":{"self":[{"href":"https:\/\/elfsight.com\/pl\/wp-json\/wp\/v2\/pages\/7286","targetHints":{"allow":["GET"]}}],"collection":[{"href":"https:\/\/elfsight.com\/pl\/wp-json\/wp\/v2\/pages"}],"about":[{"href":"https:\/\/elfsight.com\/pl\/wp-json\/wp\/v2\/types\/page"}],"author":[{"embeddable":true,"href":"https:\/\/elfsight.com\/pl\/wp-json\/wp\/v2\/users\/9"}],"replies":[{"embeddable":true,"href":"https:\/\/elfsight.com\/pl\/wp-json\/wp\/v2\/comments?post=7286"}],"version-history":[{"count":1,"href":"https:\/\/elfsight.com\/pl\/wp-json\/wp\/v2\/pages\/7286\/revisions"}],"predecessor-version":[{"id":7290,"href":"https:\/\/elfsight.com\/pl\/wp-json\/wp\/v2\/pages\/7286\/revisions\/7290"}],"up":[{"embeddable":true,"href":"https:\/\/elfsight.com\/pl\/wp-json\/wp\/v2\/pages\/2791"}],"wp:attachment":[{"href":"https:\/\/elfsight.com\/pl\/wp-json\/wp\/v2\/media?parent=7286"}],"curies":[{"name":"wp","href":"https:\/\/api.w.org\/{rel}","templated":true}]}}