{"id":7285,"date":"1970-01-01T00:00:00","date_gmt":"1970-01-01T00:00:00","guid":{"rendered":"https:\/\/elfsight.com\/pl\/?page_id=7285"},"modified":"2024-11-14T09:28:39","modified_gmt":"2024-11-14T09:28:39","slug":"iframe","status":"publish","type":"page","link":"https:\/\/elfsight.com\/pl\/weather-widget\/iframe\/","title":{"rendered":"Weather &#8211; iFrame"},"content":{"rendered":"<div class=\"application-platform-content-item-description application-platform-content-item\" id=\"description\" data-nav-section=\"description\"><h2>Osad\u017a pogod\u0119 w ramce iFrame za pomoc\u0105 wid\u017cetu Elfsight<\/h2><p>Elfsight Weather to nieskomplikowana i bardzo adaptacyjna wtyczka do witryny internetowej prezentuj\u0105ca aktualne prognoza pogody dla dowolnego obszaru. Wstaw lokalizacj\u0119, u\u017cywaj\u0105c tytu\u0142u, kodu pocztowego lub wsp\u00f3\u0142rz\u0119dnych. Odbiorcy witryny mog\u0105 teraz zobaczy\u0107 zaktualizowane dane dotycz\u0105ce temperatury, ci\u015bnienia, wilgotno\u015bci i aktywnej pogody. Nasz widget posiada funkcj\u0119 prezentowania prognozy godzinowej lub dziennej. Widget zawiera tak\u017ce tematyczne obrazy t\u0142a i funkcj\u0119 stosowania w\u0142asnych kolor\u00f3w. <\/p><p><b>Zapewnij lepsz\u0105 obs\u0142ug\u0119 klient\u00f3w dzi\u0119ki informacyjnemu wid\u017cetowi pogodowemu w Twojej witrynie. <\/b><\/p><\/div><div class=\"application-platform-content-item-features application-platform-content-item\" id=\"features\" data-nav-section=\"features\"><p>Sprawd\u017a wszystkie funkcje wid\u017cetu Pogoda. S\u0105 one dost\u0119pne bezpo\u015brednio w edytorze i pomog\u0105 Ci skonfigurowa\u0107 widget odpowiednio do Twojego przypadku. <\/p><ul><li>3 sposoby dodania lokalizacji: nazwa, kod pocztowy i wsp\u00f3\u0142rz\u0119dne; <\/li><li>W ponad 30 j\u0119zykach mo\u017cesz wy\u015bwietla\u0107 informacje o pogodzie w swoim ojczystym j\u0119zyku; <\/li><li>Pi\u0119\u0107 typ\u00f3w konfiguracji widget\u00f3w do r\u00f3\u017cnych zastosowa\u0144; <\/li><li>Mo\u017cliwo\u015b\u0107 dodania dziennej prognozy na tydzie\u0144 z datami; <\/li><li>Pokazuj pogod\u0119 godzina po godzinie na najbli\u017csze dwana\u015bcie godzin. <\/li><\/ul><p><a href=\"#demo\">Przetestuj wszystkie inne funkcje w wersji demonstracyjnej<\/a><\/p><\/div><div class=\"application-platform-content-item-installation application-platform-content-item\" id=\"installation\" data-nav-section=\"installation\"><h2> Jak zintegrowa\u0107 wid\u017cet Pogoda ze stron\u0105 internetow\u0105 iFrame? <\/h2><p>Aby zintegrowa\u0107 wtyczk\u0119, post\u0119puj zgodnie z poni\u017cszymi wskaz\u00f3wkami<\/p><ol><li><b>Stw\u00f3rz swoj\u0105 unikaln\u0105 wtyczk\u0119 pogody<\/b><br>Korzystaj\u0105c z naszej bezp\u0142atnej wersji demonstracyjnej, skonfiguruj wtyczk\u0119 o preferowanym sk\u0142adzie i funkcjonalno\u015bci. <\/li> <li><b>Zdob\u0105d\u017a indywidualny kod, aby osadzi\u0107 wtyczk\u0119<\/b><br>Po dostosowaniu wid\u017cetu otrzymasz unikalny kod z wyskakuj\u0105cego powiadomienia w aplikacjach Elfsight. Skopiuj kod. <\/li> <li><b> Osad\u017a wtyczk\u0119 na swojej stronie iFrame<\/b><br>Przejd\u017a do obszaru, w kt\u00f3rym chcesz umie\u015bci\u0107 wtyczk\u0119 i tam wklej zapisany kod. Zapisz zmiany. <\/li> <li><b>Integracja przebieg\u0142a pomy\u015blnie! <\/b><br>Wejd\u017a na swoj\u0105 stron\u0119 internetow\u0105, aby zobaczy\u0107 swoj\u0105 wtyczk\u0119. <\/li><\/ol><p>Po\u015bwi\u0119\u0107 chwil\u0119, aby skontaktowa\u0107 si\u0119 z naszym dzia\u0142em pomocy, je\u015bli potrzebujesz naszej pomocy lub masz pytania. Przy ka\u017cdym zapytaniu pomo\u017cemy. <\/p><div class=\"faq\" data-component=\"FAQ\"><div class=\"faq-item\">\r\n\t\t\t\t\t<div class=\"faq-item-question\">\r\n\t\t\t\t\t\t<h3 class=\"faq-item-question-text\">Jak doda\u0107 pogod\u0119 do mojej strony internetowej iFrame bez kodowania?<\/h3>\r\n\r\n\t\t\t\t\t\t<div class=\"faq-item-question-icon\"><\/div>\r\n\t\t\t\t\t<\/div>\r\n\r\n\t\t\t\t\t<div class=\"faq-item-answer\">\r\n\t\t\t\t\t\t<div class=\"faq-item-answer-text\"> <p>Firma Elfsight oferuje rozwi\u0105zanie w chmurze, kt\u00f3re umo\u017cliwia w\u0142a\u015bcicielom witryn samodzielne zbudowanie wtyczki Weather, obejrzyj nieskomplikowane instrukcje: Przejd\u017a do edytora na \u017cywo, aby utworzy\u0107 wid\u017cet pogody, kt\u00f3ry chcesz umie\u015bci\u0107 na stronie g\u0142\u00f3wnej iFrame. Wybierz jeden z gotowych szablon\u00f3w i zmie\u0144 ustawienia pogody, do\u0142\u0105cz swoj\u0105 tre\u015b\u0107, zmie\u0144 uk\u0142ad i kolor element\u00f3w bez znajomo\u015bci kodowania. Kliknij, aby zapisa\u0107 Pogoda i skopiuj kod wtyczki do osadzenia, kt\u00f3ry mo\u017cesz \u0142atwo wklei\u0107 w serwisie iFrame bez konieczno\u015bci wykupywania p\u0142atnej subskrypcji. Za pomoc\u0105 naszego \u0142atwego w obs\u0142udze konfiguratora ka\u017cdy u\u017cytkownik Internetu mo\u017ce utworzy\u0107 wtyczk\u0119 Pogoda online i bez problemu umie\u015bci\u0107 j\u0105 na dowolnej stronie internetowej iFrame. Aby uzyska\u0107 dost\u0119p do naszego Edytora, nie nale\u017cy p\u0142aci\u0107 ani podawa\u0107 danych uwierzytelniaj\u0105cych karty. Je\u015bli napotkasz jakiekolwiek przeszkody, skontaktuj si\u0119 z naszym zespo\u0142em pomocy technicznej.<\/p> <\/div>\r\n\t\t\t\t\t<\/div>\r\n\t\t\t\t<\/div> <\/div><\/div>","protected":false},"excerpt":{"rendered":"","protected":false},"author":9,"featured_media":0,"parent":2791,"menu_order":0,"comment_status":"closed","ping_status":"closed","template":"templates\/template-application-platform.php","meta":{"publish_to_discourse":"","publish_post_category":"","wpdc_auto_publish_overridden":"","wpdc_topic_tags":"","wpdc_pin_topic":"","wpdc_pin_until":"","discourse_post_id":"","discourse_permalink":"","wpdc_publishing_response":"","wpdc_publishing_error":"","footnotes":""},"class_list":["post-7285","page","type-page","status-publish","hentry"],"yoast_head":"<!-- This site is optimized with the Yoast SEO plugin v25.3.1 - https:\/\/yoast.com\/wordpress\/plugins\/seo\/ -->\n<title>Wid\u017cet pogody \u2014 Dodaj wid\u017cet pogody do witryny iFrame (bezp\u0142atnie i szybko)<\/title>\n<meta name=\"description\" content=\"Oto mo\u017cliwo\u015b\u0107 stworzenia wid\u017cetu pogody i szybkiego i \u0142atwego dodania go do swojej witryny iFrame. Uzyskaj bezp\u0142atn\u0105 obs\u0142ug\u0119 klienta i inne korzy\u015bci od Elfsight.\" \/>\n<meta name=\"robots\" content=\"index, follow, max-snippet:-1, max-image-preview:large, max-video-preview:-1\" \/>\n<link rel=\"canonical\" href=\"https:\/\/elfsight.com\/pl\/weather-widget\/iframe\/\" \/>\n<meta property=\"og:locale\" content=\"pl_PL\" \/>\n<meta property=\"og:type\" content=\"article\" \/>\n<meta property=\"og:title\" content=\"Wid\u017cet pogody \u2014 Dodaj wid\u017cet pogody do witryny iFrame (bezp\u0142atnie i szybko)\" \/>\n<meta property=\"og:description\" content=\"Oto mo\u017cliwo\u015b\u0107 stworzenia wid\u017cetu pogody i szybkiego i \u0142atwego dodania go do swojej witryny iFrame. Uzyskaj bezp\u0142atn\u0105 obs\u0142ug\u0119 klienta i inne korzy\u015bci od Elfsight.\" \/>\n<meta property=\"og:url\" content=\"https:\/\/elfsight.com\/pl\/weather-widget\/iframe\/\" \/>\n<meta property=\"og:site_name\" content=\"Elfsight PL\" \/>\n<meta property=\"article:modified_time\" content=\"2024-11-14T09:28:39+00:00\" \/>\n<meta name=\"twitter:card\" content=\"summary_large_image\" \/>\n<meta name=\"twitter:label1\" content=\"Szacowany czas czytania\" \/>\n\t<meta name=\"twitter:data1\" content=\"3 minuty\" \/>\n<!-- \/ Yoast SEO plugin. -->","yoast_head_json":{"title":"Wid\u017cet pogody \u2014 Dodaj wid\u017cet pogody do witryny iFrame (bezp\u0142atnie i szybko)","description":"Oto mo\u017cliwo\u015b\u0107 stworzenia wid\u017cetu pogody i szybkiego i \u0142atwego dodania go do swojej witryny iFrame. Uzyskaj bezp\u0142atn\u0105 obs\u0142ug\u0119 klienta i inne korzy\u015bci od Elfsight.","robots":{"index":"index","follow":"follow","max-snippet":"max-snippet:-1","max-image-preview":"max-image-preview:large","max-video-preview":"max-video-preview:-1"},"canonical":"https:\/\/elfsight.com\/pl\/weather-widget\/iframe\/","og_locale":"pl_PL","og_type":"article","og_title":"Wid\u017cet pogody \u2014 Dodaj wid\u017cet pogody do witryny iFrame (bezp\u0142atnie i szybko)","og_description":"Oto mo\u017cliwo\u015b\u0107 stworzenia wid\u017cetu pogody i szybkiego i \u0142atwego dodania go do swojej witryny iFrame. Uzyskaj bezp\u0142atn\u0105 obs\u0142ug\u0119 klienta i inne korzy\u015bci od Elfsight.","og_url":"https:\/\/elfsight.com\/pl\/weather-widget\/iframe\/","og_site_name":"Elfsight PL","article_modified_time":"2024-11-14T09:28:39+00:00","twitter_card":"summary_large_image","twitter_misc":{"Szacowany czas czytania":"3 minuty"},"schema":{"@context":"https:\/\/schema.org","@graph":[{"@type":"WebPage","@id":"https:\/\/elfsight.com\/pl\/weather-widget\/iframe\/","url":"https:\/\/elfsight.com\/pl\/weather-widget\/iframe\/","name":"Wid\u017cet pogody \u2014 Dodaj wid\u017cet pogody do witryny iFrame (bezp\u0142atnie i szybko)","isPartOf":{"@id":"https:\/\/elfsight.com\/pl\/#website"},"datePublished":"1970-01-01T00:00:00+00:00","dateModified":"2024-11-14T09:28:39+00:00","description":"Oto mo\u017cliwo\u015b\u0107 stworzenia wid\u017cetu pogody i szybkiego i \u0142atwego dodania go do swojej witryny iFrame. Uzyskaj bezp\u0142atn\u0105 obs\u0142ug\u0119 klienta i inne korzy\u015bci od Elfsight.","breadcrumb":{"@id":"https:\/\/elfsight.com\/pl\/weather-widget\/iframe\/#breadcrumb"},"inLanguage":"pl-PL","potentialAction":[{"@type":"ReadAction","target":["https:\/\/elfsight.com\/pl\/weather-widget\/iframe\/"]}]},{"@type":"BreadcrumbList","@id":"https:\/\/elfsight.com\/pl\/weather-widget\/iframe\/#breadcrumb","itemListElement":[{"@type":"ListItem","position":1,"name":"Home","item":"https:\/\/elfsight.com\/pl\/"},{"@type":"ListItem","position":2,"name":"Weather","item":"https:\/\/elfsight.com\/pl\/weather-widget\/"},{"@type":"ListItem","position":3,"name":"Weather &#8211; iFrame"}]},{"@type":"WebSite","@id":"https:\/\/elfsight.com\/pl\/#website","url":"https:\/\/elfsight.com\/pl\/","name":"Elfsight PL","description":"Just another Elfsight Sites site","potentialAction":[{"@type":"SearchAction","target":{"@type":"EntryPoint","urlTemplate":"https:\/\/elfsight.com\/pl\/?s={search_term_string}"},"query-input":{"@type":"PropertyValueSpecification","valueRequired":true,"valueName":"search_term_string"}}],"inLanguage":"pl-PL"}]}},"meta_box":{"industry":"","seo_heading":"","heading":"","description":"","cta_heading":"","cta_description":"","application":"2790","h1":"Wid\u017cet pogody iFrame","h1_caption":"Wy\u015bwietlaj aktualne informacje o pogodzie dla dowolnej lokalizacji w swojej witrynie, aby bez wysi\u0142ku zaanga\u017cowa\u0107 lokalnych lub podr\u00f3\u017cuj\u0105cych odbiorc\u00f3w w witryn\u0119 iFrame.","application_category":[],"applications_title":"","applications_request_title":"","applications_request_button_text":"","hero_text":"","hero_video":"","hero_video_schema_markup":"","selling_points_title":"","selling_points_caption":"","selling_points":[],"selling_points_cta_text":"","features_title":"","features":"","ed_cta_examples_text":"","ed_cta_examples_hidden":"","ed_cta_demo_text":"","ed_cta_demo_hidden":"","why_caption":"","why_editor_title":"","why_editor_text":"","why_team_title":"","why_team_text":"","why_service_title":"","why_service_text":"","template_catalog_visible":"","template_catalog_title":"","template_catalog_text":"","template_catalog_categories_visible":"","demo_title":"Utw\u00f3rz wid\u017cet pogody","demo_caption":"Skonfiguruj swoj\u0105 pogod\u0119 i dodaj j\u0105 do swojej witryny iFrame za darmo!","default_faq_hidden":"","app_template_category":[],"platform":"187","template_public_id":"","codecanyon_url":"","codecanyon_item_id":"","codecanyon_price":"","pricing_caption":"","pricing_elfsight_apps_hide_column":"","pricing_elfsight_apps_url":"","pricing_codecanyon_price_caption":"","integration_category":[],"integration_request_title":"","integration_request_cta":"","integration_platform":"","integrations":[],"platform_category":[],"video_schema_markup":"","price":"od 0 USD \/ miesi\u0105c","trial":"","benefits":[{"text":"Bezp\u0142atna pomoc w monta\u017cu"},{"text":"Wyj\u0105tkowe wsparcie"},{"text":"14-dniowa gwarancja zwrotu pieni\u0119dzy"}],"button_url":"#demo","button_target_blank":"","button_nofollow":"","attributes":[{"name":"Instaluje"},{"name":"Czu\u0142y"},{"name":"Kompatybilne przegl\u0105darki"}],"tags":[],"tags_disable_links":"","hide_more_platforms":"","video_object":"","demo_hide_cta":"","demo_hide_cloud_options":"","pricing_title":"","pricing":[{"pricing_icon":"platform","pricing_title":"Elfsight Apps","pricing_title_caption":"Niezale\u017cne od platformy rozwi\u0105zanie cyfrowe, kt\u00f3re pasuje do ka\u017cdej witryny internetowej","pricing_price":"od 0 USD \/ miesi\u0105c","pricing_price_caption":"zacznij od bezp\u0142atnego planu","pricing_benefits":[{"text":"Nieograniczona liczba domen"},{"text":"Dedykowana obs\u0142uga klienta"},{"text":"Bezp\u0142atna pomoc w monta\u017cu"},{"text":"Specjalna oferta na wiele aplikacji"}],"pricing_button_text":"Dodaj do witryny","pricing_button_url":"#demo"}],"related_apps_title":"","related_apps_hidden":"","author":"","image":[],"title":"","job":"","social_networks":[]},"_links":{"self":[{"href":"https:\/\/elfsight.com\/pl\/wp-json\/wp\/v2\/pages\/7285","targetHints":{"allow":["GET"]}}],"collection":[{"href":"https:\/\/elfsight.com\/pl\/wp-json\/wp\/v2\/pages"}],"about":[{"href":"https:\/\/elfsight.com\/pl\/wp-json\/wp\/v2\/types\/page"}],"author":[{"embeddable":true,"href":"https:\/\/elfsight.com\/pl\/wp-json\/wp\/v2\/users\/9"}],"replies":[{"embeddable":true,"href":"https:\/\/elfsight.com\/pl\/wp-json\/wp\/v2\/comments?post=7285"}],"version-history":[{"count":1,"href":"https:\/\/elfsight.com\/pl\/wp-json\/wp\/v2\/pages\/7285\/revisions"}],"predecessor-version":[{"id":7289,"href":"https:\/\/elfsight.com\/pl\/wp-json\/wp\/v2\/pages\/7285\/revisions\/7289"}],"up":[{"embeddable":true,"href":"https:\/\/elfsight.com\/pl\/wp-json\/wp\/v2\/pages\/2791"}],"wp:attachment":[{"href":"https:\/\/elfsight.com\/pl\/wp-json\/wp\/v2\/media?parent=7285"}],"curies":[{"name":"wp","href":"https:\/\/api.w.org\/{rel}","templated":true}]}}