{"id":7280,"date":"1970-01-01T00:00:00","date_gmt":"1970-01-01T00:00:00","guid":{"rendered":"https:\/\/elfsight.com\/pl\/?page_id=7280"},"modified":"2025-06-27T09:04:45","modified_gmt":"2025-06-27T09:04:45","slug":"html","status":"publish","type":"page","link":"https:\/\/elfsight.com\/pl\/weather-widget\/html\/","title":{"rendered":"Weather &#8211; HTML"},"content":{"rendered":"<div class=\"application-platform-content-item-description application-platform-content-item\" id=\"description\" data-nav-section=\"description\"><h2>Opis<\/h2><p>Elfsight Weather to szybka i bardzo konfigurowalna wtyczka internetowa, kt\u00f3ra pokazuje odpowiednie warunki pogodowe dla wybranej lokalizacji. Wstaw dzielnic\u0119, u\u017cywaj\u0105c tytu\u0142u, kodu pocztowego lub wsp\u00f3\u0142rz\u0119dnych. Odbiorcy witryny zobacz\u0105 najnowsze informacje na temat temperatury, ci\u015bnienia powietrza, wilgotno\u015bci i element\u00f3w pogody. Dost\u0119pna jest funkcja prezentowania prognozy na nadchodz\u0105cy tydzie\u0144 lub na nast\u0119pne dwana\u015bcie godzin. Wid\u017cet zawiera tak\u017ce t\u0142o z motywem pogody i mo\u017cliwo\u015b\u0107 wyboru dowolnych kolor\u00f3w.<\/p><p><b>Uzyskaj lepsz\u0105 wygod\u0119 u\u017cytkownika dzi\u0119ki informacyjnemu wid\u017cetowi pogody na swojej stronie. <\/b><\/p><\/div><div class=\"application-platform-content-item-features application-platform-content-item\" id=\"features\" data-nav-section=\"features\"><p>Tutaj mo\u017cesz zobaczy\u0107 wszystkie funkcje wid\u017cetu Pogoda. S\u0105 one dost\u0119pne bezpo\u015brednio w edytorze i pomog\u0105 Ci skonfigurowa\u0107 widget najlepiej dostosowany do Twoich potrzeb. <\/p><ul><li>Trzy sposoby wprowadzenia miejsca: poprzez nazw\u0119, kod pocztowy lub wsp\u00f3\u0142rz\u0119dne; <\/li><li>W ponad 30 j\u0119zykach mo\u017cesz wy\u015bwietla\u0107 informacje o pogodzie w j\u0119zyku, kt\u00f3rym pos\u0142uguj\u0105 si\u0119 Twoi odbiorcy; <\/li><li>Pi\u0119\u0107 wariant\u00f3w konfiguracji widgetu do r\u00f3\u017cnych zastosowa\u0144; <\/li><li>Mo\u017cliwo\u015b\u0107 wy\u015bwietlenia codziennej prognozy na nadchodz\u0105cy tydzie\u0144 wraz z datami; <\/li><li>Dodaj prognoz\u0119 godzinow\u0105 na najbli\u017csze dwana\u015bcie godzin. <\/li><\/ul><p><a href=\"#demo\">Mo\u017cesz przetestowa\u0107 wszystkie funkcje wid\u017cetu bezpo\u015brednio w wersji demonstracyjnej<\/a><\/p><\/div><div class=\"application-platform-content-item-installation application-platform-content-item\" id=\"installation\" data-nav-section=\"installation\"> <h2>Jak osadzi\u0107 wid\u017cet Pogoda na stronie HTML? <\/h2><div class=\"video-container\"><iframe width=\"720\" height=\"405\" src=\"https:\/\/www.youtube.com\/embed\/6qg5cwDirLM\" allowfullscreen=\"\"><\/iframe><\/div><p>Aby osadzi\u0107 wtyczk\u0119, post\u0119puj zgodnie z poni\u017cszymi wskaz\u00f3wkami<\/p><ol><li><b>Stw\u00f3rz swoj\u0105 osobist\u0105 wtyczk\u0119 pogody<\/b><br>Zarz\u0105dzaj\u0105c naszym bezp\u0142atnym konfiguratorem, utw\u00f3rz wtyczk\u0119 o preferowanym wygl\u0105dzie i cechach funkcjonalnych. <\/li> <li><b>Uzyskaj osobisty kod do opublikowania wtyczki<\/b><br>Po skonfigurowaniu wid\u017cetu otrzymasz kod instalacyjny z wy\u015bwietlonego okna aplikacji Elfsight. Skopiuj ten kod. <\/li> <li><b>Dodaj wtyczk\u0119 na swojej stronie HTML<\/b><br>Znajd\u017a obszar, w kt\u00f3rym planujesz wy\u015bwietli\u0107 wtyczk\u0119 i dodaj tam zapisany kod. Opublikuj wyniki. <\/li> <li><b>Instalacja zosta\u0142a zako\u0144czona<\/b><br>Wejd\u017a na swoj\u0105 witryn\u0119, aby zobaczy\u0107 swoj\u0105 wtyczk\u0119. <\/li><\/ol><p>Nie wahaj si\u0119 skontaktowa\u0107 z naszym dzia\u0142em obs\u0142ugi klienta, je\u015bli potrzebujesz porady lub masz pytania. Nasi specjali\u015bci ch\u0119tnie pomog\u0105 w ka\u017cdym zapytaniu. <\/p><div class=\"faq\" data-component=\"FAQ\"><div class=\"faq-item\">\r\n\t\t\t\t\t<div class=\"faq-item-question\">\r\n\t\t\t\t\t\t<h3 class=\"faq-item-question-text\">Jak doda\u0107 pogod\u0119 do mojej strony g\u0142\u00f3wnej HTML bez znajomo\u015bci kodowania?<\/h3>\r\n\r\n\t\t\t\t\t\t<div class=\"faq-item-question-icon\"><\/div>\r\n\t\t\t\t\t<\/div>\r\n\r\n\t\t\t\t\t<div class=\"faq-item-answer\">\r\n\t\t\t\t\t\t<div class=\"faq-item-answer-text\"> <p>Elfsight oferuje rozwi\u0105zanie, kt\u00f3re pozwala u\u017cytkownikom samodzielnie utworzy\u0107 wid\u017cet pogody. Poznaj proste kroki: Przejd\u017a do do wersji demonstracyjnej online, aby wygenerowa\u0107 aplikacj\u0119 pogodow\u0105, kt\u00f3ra ma by\u0107 wy\u015bwietlana na stronie internetowej HTML. Wybierz jeden z naszych wst\u0119pnie zaprojektowanych szablon\u00f3w i dostosuj ustawienia pogody, zmie\u0144 uk\u0142ad i kolor element\u00f3w oraz zaktualizuj swoj\u0105 tre\u015b\u0107 bez znajomo\u015bci kodowania. Zapisz pogod\u0119 i skopiuj kod instalacyjny wid\u017cetu, kt\u00f3ry mo\u017cna umie\u015bci\u0107 na stronie g\u0142\u00f3wnej HTML bez konieczno\u015bci kupowania p\u0142atnego planu. Korzystaj\u0105c z naszego \u0142atwego w obs\u0142udze edytora, ka\u017cdy u\u017cytkownik Internetu mo\u017ce stworzy\u0107 pogod\u0119 online i bez problemu umie\u015bci\u0107 j\u0105 na stronie HTML. Aby uzyska\u0107 dost\u0119p do us\u0142ugi Elfsight, nie jest konieczne p\u0142acenie ani ujawnianie danych karty. Je\u015bli na kt\u00f3rymkolwiek etapie napotkasz jakiekolwiek problemy, skontaktuj si\u0119 z naszym dzia\u0142em obs\u0142ugi klienta.<\/p> <\/div>\r\n\t\t\t\t\t<\/div>\r\n\t\t\t\t<\/div> <\/div><\/div>\n","protected":false},"excerpt":{"rendered":"","protected":false},"author":9,"featured_media":0,"parent":2791,"menu_order":0,"comment_status":"closed","ping_status":"closed","template":"templates\/template-application-platform.php","meta":{"publish_to_discourse":"","publish_post_category":"","wpdc_auto_publish_overridden":"","wpdc_topic_tags":"","wpdc_pin_topic":"","wpdc_pin_until":"","discourse_post_id":"","discourse_permalink":"","wpdc_publishing_response":"","wpdc_publishing_error":"","footnotes":""},"class_list":["post-7280","page","type-page","status-publish","hentry"],"yoast_head":"<!-- This site is optimized with the Yoast SEO plugin v25.3.1 - https:\/\/yoast.com\/wordpress\/plugins\/seo\/ -->\n<title>Wid\u017cet pogody \u2014 dodaj aplikacj\u0119 Pogoda do strony HTML (bezp\u0142atnie i szybko)<\/title>\n<meta name=\"description\" content=\"Oto mo\u017cliwo\u015b\u0107 zbudowania wid\u017cetu pogodowego i dodania go do swojej witryny HTML. Uzyskaj bezp\u0142atn\u0105 obs\u0142ug\u0119 klienta i inne korzy\u015bci od Elfsight.\" \/>\n<meta name=\"robots\" content=\"index, follow, max-snippet:-1, max-image-preview:large, max-video-preview:-1\" \/>\n<link rel=\"canonical\" href=\"https:\/\/elfsight.com\/pl\/weather-widget\/html\/\" \/>\n<meta property=\"og:locale\" content=\"pl_PL\" \/>\n<meta property=\"og:type\" content=\"article\" \/>\n<meta property=\"og:title\" content=\"Wid\u017cet pogody \u2014 dodaj aplikacj\u0119 Pogoda do strony HTML (bezp\u0142atnie i szybko)\" \/>\n<meta property=\"og:description\" content=\"Oto mo\u017cliwo\u015b\u0107 zbudowania wid\u017cetu pogodowego i dodania go do swojej witryny HTML. Uzyskaj bezp\u0142atn\u0105 obs\u0142ug\u0119 klienta i inne korzy\u015bci od Elfsight.\" \/>\n<meta property=\"og:url\" content=\"https:\/\/elfsight.com\/pl\/weather-widget\/html\/\" \/>\n<meta property=\"og:site_name\" content=\"Elfsight PL\" \/>\n<meta property=\"article:modified_time\" content=\"2025-06-27T09:04:45+00:00\" \/>\n<meta name=\"twitter:card\" content=\"summary_large_image\" \/>\n<meta name=\"twitter:label1\" content=\"Szacowany czas czytania\" \/>\n\t<meta name=\"twitter:data1\" content=\"3 minuty\" \/>\n<!-- \/ Yoast SEO plugin. -->","yoast_head_json":{"title":"Wid\u017cet pogody \u2014 dodaj aplikacj\u0119 Pogoda do strony HTML (bezp\u0142atnie i szybko)","description":"Oto mo\u017cliwo\u015b\u0107 zbudowania wid\u017cetu pogodowego i dodania go do swojej witryny HTML. Uzyskaj bezp\u0142atn\u0105 obs\u0142ug\u0119 klienta i inne korzy\u015bci od Elfsight.","robots":{"index":"index","follow":"follow","max-snippet":"max-snippet:-1","max-image-preview":"max-image-preview:large","max-video-preview":"max-video-preview:-1"},"canonical":"https:\/\/elfsight.com\/pl\/weather-widget\/html\/","og_locale":"pl_PL","og_type":"article","og_title":"Wid\u017cet pogody \u2014 dodaj aplikacj\u0119 Pogoda do strony HTML (bezp\u0142atnie i szybko)","og_description":"Oto mo\u017cliwo\u015b\u0107 zbudowania wid\u017cetu pogodowego i dodania go do swojej witryny HTML. Uzyskaj bezp\u0142atn\u0105 obs\u0142ug\u0119 klienta i inne korzy\u015bci od Elfsight.","og_url":"https:\/\/elfsight.com\/pl\/weather-widget\/html\/","og_site_name":"Elfsight PL","article_modified_time":"2025-06-27T09:04:45+00:00","twitter_card":"summary_large_image","twitter_misc":{"Szacowany czas czytania":"3 minuty"},"schema":{"@context":"https:\/\/schema.org","@graph":[{"@type":"WebPage","@id":"https:\/\/elfsight.com\/pl\/weather-widget\/html\/","url":"https:\/\/elfsight.com\/pl\/weather-widget\/html\/","name":"Wid\u017cet pogody \u2014 dodaj aplikacj\u0119 Pogoda do strony HTML (bezp\u0142atnie i szybko)","isPartOf":{"@id":"https:\/\/elfsight.com\/pl\/#website"},"datePublished":"1970-01-01T00:00:00+00:00","dateModified":"2025-06-27T09:04:45+00:00","description":"Oto mo\u017cliwo\u015b\u0107 zbudowania wid\u017cetu pogodowego i dodania go do swojej witryny HTML. Uzyskaj bezp\u0142atn\u0105 obs\u0142ug\u0119 klienta i inne korzy\u015bci od Elfsight.","breadcrumb":{"@id":"https:\/\/elfsight.com\/pl\/weather-widget\/html\/#breadcrumb"},"inLanguage":"pl-PL","potentialAction":[{"@type":"ReadAction","target":["https:\/\/elfsight.com\/pl\/weather-widget\/html\/"]}]},{"@type":"BreadcrumbList","@id":"https:\/\/elfsight.com\/pl\/weather-widget\/html\/#breadcrumb","itemListElement":[{"@type":"ListItem","position":1,"name":"Home","item":"https:\/\/elfsight.com\/pl\/"},{"@type":"ListItem","position":2,"name":"Weather","item":"https:\/\/elfsight.com\/pl\/weather-widget\/"},{"@type":"ListItem","position":3,"name":"Weather &#8211; HTML"}]},{"@type":"WebSite","@id":"https:\/\/elfsight.com\/pl\/#website","url":"https:\/\/elfsight.com\/pl\/","name":"Elfsight PL","description":"Just another Elfsight Sites site","potentialAction":[{"@type":"SearchAction","target":{"@type":"EntryPoint","urlTemplate":"https:\/\/elfsight.com\/pl\/?s={search_term_string}"},"query-input":{"@type":"PropertyValueSpecification","valueRequired":true,"valueName":"search_term_string"}}],"inLanguage":"pl-PL"}]}},"meta_box":{"industry":"","seo_heading":"","heading":"","description":"","cta_heading":"","cta_description":"","application":"2790","h1":"Wid\u017cet pogody HTML","h1_caption":"Wy\u015bwietlaj aktualne informacje o pogodzie dla dowolnej lokalizacji na swojej stronie internetowej, aby bez wysi\u0142ku zaanga\u017cowa\u0107 lokalnych lub podr\u00f3\u017cuj\u0105cych odbiorc\u00f3w w swoj\u0105 witryn\u0119 HTML.","application_category":[],"applications_title":"","applications_request_title":"","applications_request_button_text":"","hero_text":"","hero_video":"","hero_video_schema_markup":"","selling_points_title":"","selling_points_caption":"","selling_points":[],"selling_points_cta_text":"","features_title":"","features":"","ed_cta_examples_text":"","ed_cta_examples_hidden":"","ed_cta_demo_text":"","ed_cta_demo_hidden":"","why_caption":"","why_editor_title":"","why_editor_text":"","why_team_title":"","why_team_text":"","why_service_title":"","why_service_text":"","template_catalog_visible":"0","template_catalog_title":"","template_catalog_text":"","template_catalog_categories_visible":"","demo_title":"Utw\u00f3rz wid\u017cet pogody","demo_caption":"Skonfiguruj swoj\u0105 pogod\u0119 i dodaj j\u0105 do swojej strony HTML za darmo!","default_faq_hidden":"","app_template_category":[],"platform":"50","template_public_id":"","codecanyon_url":"","codecanyon_item_id":"","codecanyon_price":"","pricing_caption":"","pricing_elfsight_apps_hide_column":"","pricing_elfsight_apps_url":"","pricing_codecanyon_price_caption":"","integration_category":[],"integration_request_title":"","integration_request_cta":"","integration_platform":"","integrations":[],"platform_category":[],"video_schema_markup":"","price":"od 0 USD \/ miesi\u0105c","trial":"","benefits":[{"text":"Bezp\u0142atna pomoc w instalacji"},{"text":"Bezp\u0142atna pomoc w instalacji"},{"text":"14-dniowa gwarancja zwrotu pieni\u0119dzy"}],"button_url":"#demo","button_target_blank":"0","button_nofollow":"0","attributes":[{"name":"Instaluje"},{"name":"Czu\u0142y"},{"name":"Kompatybilne przegl\u0105darki"}],"tags":[],"tags_disable_links":"0","hide_more_platforms":"0","video_object":"","demo_hide_cta":"0","demo_hide_cloud_options":"0","pricing_title":"","pricing":[{"pricing_icon":"platform","pricing_title":"Elfsight Apps","pricing_title_caption":"Wersja niezale\u017cna od platformy, kt\u00f3ra dzia\u0142a na ka\u017cdej stronie","pricing_price":"od 0 USD \/ miesi\u0105c","pricing_price_caption":"zacznij od bezp\u0142atnego planu","pricing_benefits":[{"text":"Nielimitowane domeny"},{"text":"Bezp\u0142atna obs\u0142uga klienta"},{"text":"Bezp\u0142atna us\u0142uga monta\u017cu"},{"text":"Specjalna cena za wiele aplikacji"}],"pricing_button_text":"Dodaj do witryny","pricing_button_url":"#demo"}],"related_apps_title":"","related_apps_hidden":"0","author":"","image":[],"title":"","job":"","social_networks":[]},"_links":{"self":[{"href":"https:\/\/elfsight.com\/pl\/wp-json\/wp\/v2\/pages\/7280","targetHints":{"allow":["GET"]}}],"collection":[{"href":"https:\/\/elfsight.com\/pl\/wp-json\/wp\/v2\/pages"}],"about":[{"href":"https:\/\/elfsight.com\/pl\/wp-json\/wp\/v2\/types\/page"}],"author":[{"embeddable":true,"href":"https:\/\/elfsight.com\/pl\/wp-json\/wp\/v2\/users\/9"}],"replies":[{"embeddable":true,"href":"https:\/\/elfsight.com\/pl\/wp-json\/wp\/v2\/comments?post=7280"}],"version-history":[{"count":3,"href":"https:\/\/elfsight.com\/pl\/wp-json\/wp\/v2\/pages\/7280\/revisions"}],"predecessor-version":[{"id":10634,"href":"https:\/\/elfsight.com\/pl\/wp-json\/wp\/v2\/pages\/7280\/revisions\/10634"}],"up":[{"embeddable":true,"href":"https:\/\/elfsight.com\/pl\/wp-json\/wp\/v2\/pages\/2791"}],"wp:attachment":[{"href":"https:\/\/elfsight.com\/pl\/wp-json\/wp\/v2\/media?parent=7280"}],"curies":[{"name":"wp","href":"https:\/\/api.w.org\/{rel}","templated":true}]}}