{"id":7277,"date":"1970-01-01T00:00:00","date_gmt":"1970-01-01T00:00:00","guid":{"rendered":"https:\/\/elfsight.com\/pl\/?page_id=7277"},"modified":"2025-06-27T09:05:31","modified_gmt":"2025-06-27T09:05:31","slug":"shopify","status":"publish","type":"page","link":"https:\/\/elfsight.com\/pl\/weather-widget\/shopify\/","title":{"rendered":"Weather &#8211; Shopify"},"content":{"rendered":"\n<div class=\"application-platform-content-item-description application-platform-content-item\" id=\"description\" data-nav-section=\"description\"><h2>Osad\u017a pogod\u0119 w Shopify za pomoc\u0105 wid\u017cetu Elfsight<\/h2><p>Elfsight Weather to szybki i bardzo adaptacyjny widget witryny internetowej umo\u017cliwiaj\u0105cy wy\u015bwietlanie odpowiednich prognoza pogody dla wybranej lokalizacji. Wstaw lokalizacj\u0119 wed\u0142ug tytu\u0142u, kodu pocztowego lub wsp\u00f3\u0142rz\u0119dnych. Twoi u\u017cytkownicy b\u0119d\u0105 sprawdza\u0107 aktualne informacje o temperaturze, ci\u015bnieniu, wilgotno\u015bci i aktywnej pogodzie. Istnieje mo\u017cliwo\u015b\u0107 pokazania prognozy godzinowej lub dziennej. Interfejs mo\u017cna spersonalizowa\u0107 za pomoc\u0105 tematycznego t\u0142a i mo\u017cliwo\u015bci wyboru dowolnej kolorystyki. <\/p><p><b>U\u0142atw klientom planowanie podr\u00f3\u017cy, korzystaj\u0105c z prognozy pogody zawsze pod r\u0119k\u0105! <\/b><\/p><\/div><div class=\"application-platform-content-item-features application-platform-content-item\" id=\"features\" data-nav-section=\"features\"><p>Tutaj mo\u017cesz zobaczy\u0107 wszystkie funkcje wid\u017cetu Pogoda. S\u0105 one dost\u0119pne bezpo\u015brednio w edytorze i pomog\u0105 Ci stworzy\u0107 widget dostosowany do Twojego przypadku. <\/p><ul><li>3 sposoby wpisania lokalizacji: nazwa, kod pocztowy lub wsp\u00f3\u0142rz\u0119dne; <\/li><li>Ponad 30 j\u0119zyk\u00f3w umo\u017cliwia wy\u015bwietlanie szczeg\u00f3\u0142\u00f3w pogody w Twoim ojczystym j\u0119zyku; <\/li><li>5 wariant\u00f3w konfiguracji widgetu dla r\u00f3\u017cnych zastosowa\u0144; <\/li><li>Mo\u017cliwo\u015b\u0107 wy\u015bwietlenia dziennej prognozy na przysz\u0142y tydzie\u0144 wraz z datami; <\/li><li>Poka\u017c pogod\u0119 godzina po godzinie na nast\u0119pne dwana\u015bcie godzin. <\/li><\/ul><p><a href=\"#demo\">Wypr\u00f3buj wszystkie inne funkcje w wersji demonstracyjnej<\/a><\/p><\/div><div class=\"application-platform-content-item-installation application-platform-content-item\" id=\"installation\" data-nav-section=\"installation\"><h2> Jak osadzi\u0107 aplikacj\u0119 Pogoda na Shopify? <\/h2><div class=\"video-container\"><iframe width=\"720\" height=\"405\" src=\"https:\/\/www.youtube.com\/embed\/_1AL1BgluKc\" frameborder=\"0\" allowfullscreen=\"\"><\/iframe><\/div><p>Aby wprowadzi\u0107 wid\u017cet Pogoda, wykonaj nast\u0119puj\u0105ce szybkie kroki<\/p><ol><li><b>Skonfiguruj aplikacj\u0119<\/b><br>Przejd\u017a do Shopify i wejd\u017a na stron\u0119 aplikacji. Kliknij przycisk \u00abPobierz\u00bb, aby osadzi\u0107 aplikacj\u0119 na swojej stronie internetowej. <\/li><li><b>Skonfiguruj parametry aplikacji<\/b><br>Okre\u015bl dane aplikacji: zawarto\u015b\u0107 i opcje interfejsu. Po zako\u0144czeniu personalizacji otrzymasz indywidualny kod instalacyjny. Skopiuj kod do dalszego wykorzystania. <\/li><li><b>Dodaj aplikacj\u0119 do strony<\/b><br>Wejd\u017a do sekcji \u201eStrony\u201d i otw\u00f3rz stron\u0119, aby wy\u015bwietli\u0107 aplikacj\u0119. Nast\u0119pnie osad\u017a kod w trybie HTML i opublikuj zmiany. <\/li><li><b>Gotowe! <\/b><br>Odwied\u017a swoj\u0105 witryn\u0119 i sprawd\u017a swoj\u0105 now\u0105 aplikacj\u0119! <\/li><\/ol><p>Nie wahaj si\u0119 i skontaktuj si\u0119 z naszym dzia\u0142em obs\u0142ugi klienta, je\u015bli potrzebujesz porady lub masz o co\u015b zapyta\u0107. Nasi specjali\u015bci ch\u0119tnie pomog\u0105 w ka\u017cdej sprawie. <\/p><div class=\"faq\" data-component=\"FAQ\"><div class=\"faq-item\">\r\n\t\t\t\t\t<div class=\"faq-item-question\">\r\n\t\t\t\t\t\t<h3 class=\"faq-item-question-text\">Jakie inne aplikacje s\u0105 niezb\u0119dne w witrynie Shopify?<\/h3>\r\n\r\n\t\t\t\t\t\t<div class=\"faq-item-question-icon\"><\/div>\r\n\t\t\t\t\t<\/div>\r\n\r\n\t\t\t\t\t<div class=\"faq-item-answer\">\r\n\t\t\t\t\t\t<div class=\"faq-item-answer-text\"><p>Sam Shopify oferuje wiele narz\u0119dzi do ulepszania witryn e-commerce. Je\u015bli chcesz, aby Tw\u00f3j Shopify by\u0142 jeszcze pot\u0119\u017cniejszy, mo\u017cesz skorzysta\u0107 z aplikacji Elfsight.<\/p><p>S\u0105 na przyk\u0142ad <a href=\"https:\/\/elfsight.com\/google-reviews-widget\/ shopify\/\">Recenzje Google<\/a>, <a href=\"https:\/\/elfsight.com\/slider-widget\/shopify\/\">Slider<\/a> i <a href=\"https:\/\/elfsight.com\/instagram-feed-instashow\/shopify\/\">Kana\u0142 na Instagramie<\/a> w\u0142a\u015bnie dla Ciebie. Mo\u017cesz tak\u017ce znale\u017a\u0107 <a href=\"https:\/\/elfsight.com\/pdf-embed-widget\/shopify\/\">Osadzanie plik\u00f3w PDF<\/a> i <a href=\"https:\/\/elfsight.com\/pl\/logo-showcase-widget\/shopify\/\">Logo Showcase<\/a> i wiele innych przydatnych do aktualizacji witryny Shopify.<\/p><\/div>\r\n\t\t\t\t\t<\/div>\r\n\t\t\t\t<\/div><div class=\"faq-item\">\r\n\t\t\t\t\t<div class=\"faq-item-question\">\r\n\t\t\t\t\t\t<h3 class=\"faq-item-question-text\">Jak osadzi\u0107 wid\u017cet Pogoda na Shopify?<\/h3>\r\n\r\n\t\t\t\t\t\t<div class=\"faq-item-question-icon\"><\/div>\r\n\t\t\t\t\t<\/div>\r\n\r\n\t\t\t\t\t<div class=\"faq-item-answer\">\r\n\t\t\t\t\t\t<div class=\"faq-item-answer-text\"><p>Instalacja zajmie oko\u0142o kilku sekund. Po prostu dodasz niestandardow\u0105 lokalizacj\u0119, w\u0142\u0105czysz lub wy\u0142\u0105czysz cyfry temperatury w bezp\u0142atnym konfiguratorze online i otrzymasz kod instalacyjny.<\/p><p>Ponadto powiniene\u015b po prostu wklei\u0107 kod do wymaganego bloku kodu na potrzebna strona internetowa. Ot\u00f3\u017c \u200b\u200bto! Twoja aplikacja pogodowa pojawi si\u0119 natychmiast na stronie Shopify! Je\u015bli jednak chcesz dowiedzie\u0107 si\u0119 wi\u0119cej na temat instalacji, zawsze mo\u017cesz to zrobi\u0107 <a href=\"https:\/\/elfsight.com\/tutorials\/how-to-add-weather-widget\/#how-to-add-weather-to-shopify\">na tej stronie<\/a>.<\/p><\/div>\r\n\t\t\t\t\t<\/div>\r\n\t\t\t\t<\/div><div class=\"faq-item\">\r\n\t\t\t\t\t<div class=\"faq-item-question\">\r\n\t\t\t\t\t\t<h3 class=\"faq-item-question-text\">Czy mog\u0119 zobaczy\u0107, jak wid\u017cet b\u0119dzie wygl\u0105da\u0142 na mojej witrynie?<\/h3>\r\n\r\n\t\t\t\t\t\t<div class=\"faq-item-question-icon\"><\/div>\r\n\t\t\t\t\t<\/div>\r\n\r\n\t\t\t\t\t<div class=\"faq-item-answer\">\r\n\t\t\t\t\t\t<div class=\"faq-item-answer-text\"><p>Oczywi\u015bcie! Podczas modyfikowania aplikacji pogodowej Shopify <a href=\"https:\/\/elfsight.com\/weather-widget\/#demo\">w bezp\u0142atnym edytorze online<\/a> wszystkie konfiguracje zobaczysz w prawej cz\u0119\u015bci redaktora. Wid\u017cet pogody b\u0119dzie wygl\u0105da\u0142 dok\u0142adnie tak samo, jak w witrynie Shopify.<\/p><\/div>\r\n\t\t\t\t\t<\/div>\r\n\t\t\t\t<\/div><\/div><\/div>\n","protected":false},"excerpt":{"rendered":"","protected":false},"author":9,"featured_media":0,"parent":2791,"menu_order":0,"comment_status":"closed","ping_status":"closed","template":"templates\/template-application-platform.php","meta":{"publish_to_discourse":"","publish_post_category":"","wpdc_auto_publish_overridden":"","wpdc_topic_tags":"","wpdc_pin_topic":"","wpdc_pin_until":"","discourse_post_id":"","discourse_permalink":"","wpdc_publishing_response":"","wpdc_publishing_error":"","footnotes":""},"class_list":["post-7277","page","type-page","status-publish","hentry"],"yoast_head":"<!-- This site is optimized with the Yoast SEO plugin v25.3.1 - https:\/\/yoast.com\/wordpress\/plugins\/seo\/ -->\n<title>Wid\u017cet pogody \u2014 dodaj aplikacj\u0119 Pogoda do witryny Shopify (bezp\u0142atnie i szybko)<\/title>\n<meta name=\"description\" content=\"Oto mo\u017cliwo\u015b\u0107 skonstruowania wtyczki Weather i zintegrowania jej ze swoj\u0105 witryn\u0105 Shopify. Uzyskaj bezp\u0142atn\u0105 obs\u0142ug\u0119 klienta i inne bonusy od Elfsight.\" \/>\n<meta name=\"robots\" content=\"index, follow, max-snippet:-1, max-image-preview:large, max-video-preview:-1\" \/>\n<link rel=\"canonical\" href=\"https:\/\/elfsight.com\/pl\/weather-widget\/shopify\/\" \/>\n<meta property=\"og:locale\" content=\"pl_PL\" \/>\n<meta property=\"og:type\" content=\"article\" \/>\n<meta property=\"og:title\" content=\"Wid\u017cet pogody \u2014 dodaj aplikacj\u0119 Pogoda do witryny Shopify (bezp\u0142atnie i szybko)\" \/>\n<meta property=\"og:description\" content=\"Oto mo\u017cliwo\u015b\u0107 skonstruowania wtyczki Weather i zintegrowania jej ze swoj\u0105 witryn\u0105 Shopify. Uzyskaj bezp\u0142atn\u0105 obs\u0142ug\u0119 klienta i inne bonusy od Elfsight.\" \/>\n<meta property=\"og:url\" content=\"https:\/\/elfsight.com\/pl\/weather-widget\/shopify\/\" \/>\n<meta property=\"og:site_name\" content=\"Elfsight PL\" \/>\n<meta property=\"article:modified_time\" content=\"2025-06-27T09:05:31+00:00\" \/>\n<meta name=\"twitter:card\" content=\"summary_large_image\" \/>\n<meta name=\"twitter:label1\" content=\"Szacowany czas czytania\" \/>\n\t<meta name=\"twitter:data1\" content=\"3 minuty\" \/>\n<!-- \/ Yoast SEO plugin. -->","yoast_head_json":{"title":"Wid\u017cet pogody \u2014 dodaj aplikacj\u0119 Pogoda do witryny Shopify (bezp\u0142atnie i szybko)","description":"Oto mo\u017cliwo\u015b\u0107 skonstruowania wtyczki Weather i zintegrowania jej ze swoj\u0105 witryn\u0105 Shopify. Uzyskaj bezp\u0142atn\u0105 obs\u0142ug\u0119 klienta i inne bonusy od Elfsight.","robots":{"index":"index","follow":"follow","max-snippet":"max-snippet:-1","max-image-preview":"max-image-preview:large","max-video-preview":"max-video-preview:-1"},"canonical":"https:\/\/elfsight.com\/pl\/weather-widget\/shopify\/","og_locale":"pl_PL","og_type":"article","og_title":"Wid\u017cet pogody \u2014 dodaj aplikacj\u0119 Pogoda do witryny Shopify (bezp\u0142atnie i szybko)","og_description":"Oto mo\u017cliwo\u015b\u0107 skonstruowania wtyczki Weather i zintegrowania jej ze swoj\u0105 witryn\u0105 Shopify. Uzyskaj bezp\u0142atn\u0105 obs\u0142ug\u0119 klienta i inne bonusy od Elfsight.","og_url":"https:\/\/elfsight.com\/pl\/weather-widget\/shopify\/","og_site_name":"Elfsight PL","article_modified_time":"2025-06-27T09:05:31+00:00","twitter_card":"summary_large_image","twitter_misc":{"Szacowany czas czytania":"3 minuty"},"schema":{"@context":"https:\/\/schema.org","@graph":[{"@type":"WebPage","@id":"https:\/\/elfsight.com\/pl\/weather-widget\/shopify\/","url":"https:\/\/elfsight.com\/pl\/weather-widget\/shopify\/","name":"Wid\u017cet pogody \u2014 dodaj aplikacj\u0119 Pogoda do witryny Shopify (bezp\u0142atnie i szybko)","isPartOf":{"@id":"https:\/\/elfsight.com\/pl\/#website"},"datePublished":"1970-01-01T00:00:00+00:00","dateModified":"2025-06-27T09:05:31+00:00","description":"Oto mo\u017cliwo\u015b\u0107 skonstruowania wtyczki Weather i zintegrowania jej ze swoj\u0105 witryn\u0105 Shopify. Uzyskaj bezp\u0142atn\u0105 obs\u0142ug\u0119 klienta i inne bonusy od Elfsight.","breadcrumb":{"@id":"https:\/\/elfsight.com\/pl\/weather-widget\/shopify\/#breadcrumb"},"inLanguage":"pl-PL","potentialAction":[{"@type":"ReadAction","target":["https:\/\/elfsight.com\/pl\/weather-widget\/shopify\/"]}]},{"@type":"BreadcrumbList","@id":"https:\/\/elfsight.com\/pl\/weather-widget\/shopify\/#breadcrumb","itemListElement":[{"@type":"ListItem","position":1,"name":"Home","item":"https:\/\/elfsight.com\/pl\/"},{"@type":"ListItem","position":2,"name":"Weather","item":"https:\/\/elfsight.com\/pl\/weather-widget\/"},{"@type":"ListItem","position":3,"name":"Weather &#8211; Shopify"}]},{"@type":"WebSite","@id":"https:\/\/elfsight.com\/pl\/#website","url":"https:\/\/elfsight.com\/pl\/","name":"Elfsight PL","description":"Just another Elfsight Sites site","potentialAction":[{"@type":"SearchAction","target":{"@type":"EntryPoint","urlTemplate":"https:\/\/elfsight.com\/pl\/?s={search_term_string}"},"query-input":{"@type":"PropertyValueSpecification","valueRequired":true,"valueName":"search_term_string"}}],"inLanguage":"pl-PL"}]}},"meta_box":{"industry":"","seo_heading":"","heading":"","description":"","cta_heading":"","cta_description":"","application":"2790","h1":"Aplikacja Shopify Pogoda","h1_caption":"Wy\u015bwietlaj aktualne informacje o pogodzie dla dowolnej lokalizacji w swojej witrynie, aby bez wysi\u0142ku zaanga\u017cowa\u0107 lokalnych lub podr\u00f3\u017cuj\u0105cych odbiorc\u00f3w w witryn\u0119 Shopify.","application_category":[],"applications_title":"","applications_request_title":"","applications_request_button_text":"","hero_text":"","hero_video":"","hero_video_schema_markup":"","selling_points_title":"","selling_points_caption":"","selling_points":[],"selling_points_cta_text":"","features_title":"","features":"","ed_cta_examples_text":"","ed_cta_examples_hidden":"","ed_cta_demo_text":"","ed_cta_demo_hidden":"","why_caption":"","why_editor_title":"","why_editor_text":"","why_team_title":"","why_team_text":"","why_service_title":"","why_service_text":"","template_catalog_visible":"0","template_catalog_title":"","template_catalog_text":"","template_catalog_categories_visible":"","demo_title":"Utw\u00f3rz aplikacj\u0119 pogodow\u0105","demo_caption":"Skonfiguruj swoj\u0105 pogod\u0119 i dodaj j\u0105 do swojej witryny Shopify za darmo!","default_faq_hidden":"","app_template_category":[],"platform":"7580","template_public_id":"","codecanyon_url":"","codecanyon_item_id":"","codecanyon_price":"","pricing_caption":"","pricing_elfsight_apps_hide_column":"","pricing_elfsight_apps_url":"","pricing_codecanyon_price_caption":"","integration_category":[],"integration_request_title":"","integration_request_cta":"","integration_platform":"","integrations":[],"platform_category":[],"video_schema_markup":"","price":"od 0 USD \/ miesi\u0105c","trial":"","benefits":[{"text":"Bezp\u0142atna us\u0142uga monta\u017cu"},{"text":"Wsparcie premium"},{"text":"14-dniowa gwarancja zwrotu pieni\u0119dzy"}],"button_url":"#demo","button_target_blank":"0","button_nofollow":"0","attributes":[{"name":"Instaluje"},{"name":"Czu\u0142y"},{"name":"Kompatybilne przegl\u0105darki"}],"tags":[],"tags_disable_links":"0","hide_more_platforms":"0","video_object":"","demo_hide_cta":"0","demo_hide_cloud_options":"0","pricing_title":"","pricing":[{"pricing_icon":"cloud","pricing_title":"Elfsight Apps","pricing_title_caption":"Wersja wieloplatformowa, kt\u00f3ra dzia\u0142a na ka\u017cdej stronie internetowej","pricing_price":"od 0 USD \/ miesi\u0105c","pricing_price_caption":"zacznij od bezp\u0142atnego planu","pricing_benefits":[{"text":"Nielimitowane strony internetowe"},{"text":"Wsparcie premium"},{"text":"Bezp\u0142atna us\u0142uga monta\u017cu"},{"text":"Oferta specjalna na wiele aplikacji"}],"pricing_button_text":"Dodaj do witryny","pricing_button_url":"#demo"}],"related_apps_title":"","related_apps_hidden":"0","author":"","image":[],"title":"","job":"","social_networks":[]},"_links":{"self":[{"href":"https:\/\/elfsight.com\/pl\/wp-json\/wp\/v2\/pages\/7277","targetHints":{"allow":["GET"]}}],"collection":[{"href":"https:\/\/elfsight.com\/pl\/wp-json\/wp\/v2\/pages"}],"about":[{"href":"https:\/\/elfsight.com\/pl\/wp-json\/wp\/v2\/types\/page"}],"author":[{"embeddable":true,"href":"https:\/\/elfsight.com\/pl\/wp-json\/wp\/v2\/users\/9"}],"replies":[{"embeddable":true,"href":"https:\/\/elfsight.com\/pl\/wp-json\/wp\/v2\/comments?post=7277"}],"version-history":[{"count":4,"href":"https:\/\/elfsight.com\/pl\/wp-json\/wp\/v2\/pages\/7277\/revisions"}],"predecessor-version":[{"id":9680,"href":"https:\/\/elfsight.com\/pl\/wp-json\/wp\/v2\/pages\/7277\/revisions\/9680"}],"up":[{"embeddable":true,"href":"https:\/\/elfsight.com\/pl\/wp-json\/wp\/v2\/pages\/2791"}],"wp:attachment":[{"href":"https:\/\/elfsight.com\/pl\/wp-json\/wp\/v2\/media?parent=7277"}],"curies":[{"name":"wp","href":"https:\/\/api.w.org\/{rel}","templated":true}]}}