{"id":7272,"date":"1970-01-01T00:00:00","date_gmt":"1970-01-01T00:00:00","guid":{"rendered":"https:\/\/elfsight.com\/pl\/?page_id=7272"},"modified":"2025-06-27T09:05:57","modified_gmt":"2025-06-27T09:05:57","slug":"squarespace","status":"publish","type":"page","link":"https:\/\/elfsight.com\/pl\/weather-widget\/squarespace\/","title":{"rendered":"Weather &#8211; Squarespace"},"content":{"rendered":"<div class=\"application-platform-content-item-description application-platform-content-item\" id=\"description\" data-nav-section=\"description\"><h2>Umie\u015b\u0107 pogod\u0119 w Squarespace za pomoc\u0105 wid\u017cetu Elfsight<\/h2><p>Pogoda Elfsight to przydatny i bardzo konfigurowalny wid\u017cet witryny internetowej, kt\u00f3ry zapewnia odbiorcom z aktualn\u0105 pogod\u0105 dla wybranego obszaru. Dodaj miejsce wed\u0142ug nazwy, kodu pocztowego lub wsp\u00f3\u0142rz\u0119dnych. Twoi u\u017cytkownicy b\u0119d\u0105 sprawdza\u0107 aktualne dane dotycz\u0105ce temperatury, ci\u015bnienia, wilgotno\u015bci i aktywnej pogody. Mo\u017cesz tak\u017ce wy\u015bwietli\u0107 prognoz\u0119 godzinow\u0105 lub dzienn\u0105. Wid\u017cet zawiera tak\u017ce tematyczne t\u0142o oraz mo\u017cliwo\u015b\u0107 wyboru w\u0142asnych kolor\u00f3w. <\/p><p><b>Zwi\u0119ksz wygod\u0119 obs\u0142ugi klienta dzi\u0119ki informacyjnemu wid\u017cetowi pogodowemu na swojej stronie. <\/b><\/p><\/div><div class=\"application-platform-content-item-features application-platform-content-item\" id=\"features\" data-nav-section=\"features\"><p>Sprawd\u017a list\u0119 wszystkich funkcji wid\u017cetu Pogoda. S\u0105 one dost\u0119pne bezpo\u015brednio w edytorze i pomog\u0105 Ci stworzy\u0107 widget dok\u0142adnie dostosowany do Twoich potrzeb. <\/p><ul><li>Trzy sposoby dodania miejsca: nazwa, kod pocztowy i wsp\u00f3\u0142rz\u0119dne; <\/li><li>Ponad 30 j\u0119zyk\u00f3w umo\u017cliwiaj\u0105cych prezentacj\u0119 szczeg\u00f3\u0142\u00f3w pogody w Twoim ojczystym j\u0119zyku; <\/li><li>Pi\u0119\u0107 wariant\u00f3w konfiguracji widgetu dla r\u00f3\u017cnych zastosowa\u0144; <\/li><li>Mo\u017cliwo\u015b\u0107 wy\u015bwietlenia codziennej prognozy na nadchodz\u0105cy tydzie\u0144 wraz z datami; <\/li><li>Poka\u017c prognoz\u0119 godzinow\u0105 na nast\u0119pne 12 godzin. <\/li><\/ul><p><a href=\"#demo\">Zobacz, jak dzia\u0142aj\u0105 wszystkie funkcje, w naszej wersji demonstracyjnej<\/a><\/p><\/div><div class=\"application-platform-content-item-installation application-platform-content-item\" id=\"installation\" data-nav-section=\"installation\"> <h2>Jak zintegrowa\u0107 wtyczk\u0119 Weather z moj\u0105 witryn\u0105 Squarespace? <\/h2><div class=\"video-container\"><iframe width=\"720\" height=\"405\" src=\"https:\/\/www.youtube.com\/embed\/UZDQaamI_pQ\" frameborder=\"0\" allowfullscreen=\"\"><\/iframe><\/div><p>Aby wprowadzi\u0107 wid\u017cet, po prostu post\u0119puj zgodnie z poni\u017cszymi wskaz\u00f3wkami<\/p><ol><li><b>Stw\u00f3rz swoj\u0105 unikaln\u0105 wtyczk\u0119 pogody<\/b><br>Korzystaj\u0105c z naszego darmowe demo, wygeneruj wtyczk\u0119 z niestandardowym sk\u0142adem i funkcjami. <\/li> <li><b>Skopiuj indywidualny kod, aby zintegrowa\u0107 wtyczk\u0119<\/b><br>Po skonfigurowaniu wid\u017cetu otrzymasz kod instalacyjny z powiadomienia pojawiaj\u0105cego si\u0119 w aplikacjach Elfsight. Skopiuj go do wykorzystania w przysz\u0142o\u015bci. <\/li> <li><b>Dodaj wtyczk\u0119 na swojej stronie Squarespace<\/b><br>Wybierz miejsce, w kt\u00f3rym planujesz umie\u015bci\u0107 wtyczk\u0119 i wstaw tam skopiowany kod. Zastosuj wyniki. <\/li> <li><b>Instalacja zosta\u0142a w pe\u0142ni przeprowadzona<\/b><br>Odwied\u017a swoj\u0105 stron\u0119 internetow\u0105, aby sprawdzi\u0107 wtyczk\u0119. <\/li><\/ol> <p>Je\u015bli potrzebujesz pomocy lub masz problemy, skontaktuj si\u0119 z obs\u0142ug\u0105 klienta. Przy ka\u017cdym zapytaniu pomo\u017cemy. <\/p><div class=\"faq\" data-component=\"FAQ\"><div class=\"faq-item\">\r\n\t\t\t\t\t<div class=\"faq-item-question\">\r\n\t\t\t\t\t\t<h3 class=\"faq-item-question-text\">W jaki spos\u00f3b mo\u017cna doda\u0107 Weather do mojej strony internetowej Squarespace bez kodowania?<\/h3>\r\n\r\n\t\t\t\t\t\t<div class=\"faq-item-question-icon\"><\/div>\r\n\t\t\t\t\t<\/div>\r\n\r\n\t\t\t\t\t<div class=\"faq-item-answer\">\r\n\t\t\t\t\t\t<div class=\"faq-item-answer-text\"> <p>Firma Elfsight zapewnia rozwi\u0105zanie w chmurze, kt\u00f3re umo\u017cliwia samodzielne wygenerowanie wtyczki Weather , zapoznaj si\u0119 z prostym przewodnikiem: Pracuj bezpo\u015brednio w edytorze online, aby utworzy\u0107 wid\u017cet pogody, kt\u00f3ry chcesz osadzi\u0107 na stronie internetowej Squarespace. Zdecyduj si\u0119 na jeden z gotowych szablon\u00f3w i zmodyfikuj ustawienia pogody, zmie\u0144 uk\u0142ad i schemat kolor\u00f3w oraz zaktualizuj swoje tre\u015bci bez umiej\u0119tno\u015bci kodowania. Zapisz pogod\u0119 i uzyskaj kod instalacyjny wtyczki, kt\u00f3ry mo\u017cna \u0142atwo umie\u015bci\u0107 na swojej stronie Squarespace, korzystaj\u0105c z bezp\u0142atnego planu. Pracuj\u0105c w naszym prostym konfiguratorze, ka\u017cdy u\u017cytkownik Internetu mo\u017ce utworzy\u0107 pogod\u0119 online i doda\u0107 j\u0105 do dowolnej witryny Squarespace. Aby uzyska\u0107 dost\u0119p do us\u0142ugi Elfsight, nie wolno p\u0142aci\u0107 ani wprowadza\u0107 danych karty. Je\u015bli na kt\u00f3rymkolwiek etapie napotkasz jakiekolwiek problemy, nie wahaj si\u0119 porozmawia\u0107 z nasz\u0105 techniczn\u0105 obs\u0142ug\u0105 klienta.<\/p> <\/div>\r\n\t\t\t\t\t<\/div>\r\n\t\t\t\t<\/div> <\/div><\/div>","protected":false},"excerpt":{"rendered":"","protected":false},"author":9,"featured_media":0,"parent":2791,"menu_order":0,"comment_status":"closed","ping_status":"closed","template":"templates\/template-application-platform.php","meta":{"publish_to_discourse":"","publish_post_category":"","wpdc_auto_publish_overridden":"","wpdc_topic_tags":"","wpdc_pin_topic":"","wpdc_pin_until":"","discourse_post_id":"","discourse_permalink":"","wpdc_publishing_response":"","wpdc_publishing_error":"","footnotes":""},"class_list":["post-7272","page","type-page","status-publish","hentry"],"yoast_head":"<!-- This site is optimized with the Yoast SEO plugin v25.3.1 - https:\/\/yoast.com\/wordpress\/plugins\/seo\/ -->\n<title>Dodaj wtyczk\u0119 pogody do witryny Squarespace (bezp\u0142atnie i szybko)<\/title>\n<meta name=\"description\" content=\"Utworzenie wtyczki Weather i opublikowanie jej na swojej stronie Squarespace jest absolutnie proste. Obs\u0142uga klienta Elfsight jest bezp\u0142atna.\" \/>\n<meta name=\"robots\" content=\"index, follow, max-snippet:-1, max-image-preview:large, max-video-preview:-1\" \/>\n<link rel=\"canonical\" href=\"https:\/\/elfsight.com\/pl\/weather-widget\/squarespace\/\" \/>\n<meta property=\"og:locale\" content=\"pl_PL\" \/>\n<meta property=\"og:type\" content=\"article\" \/>\n<meta property=\"og:title\" content=\"Dodaj wtyczk\u0119 pogody do witryny Squarespace (bezp\u0142atnie i szybko)\" \/>\n<meta property=\"og:description\" content=\"Utworzenie wtyczki Weather i opublikowanie jej na swojej stronie Squarespace jest absolutnie proste. Obs\u0142uga klienta Elfsight jest bezp\u0142atna.\" \/>\n<meta property=\"og:url\" content=\"https:\/\/elfsight.com\/pl\/weather-widget\/squarespace\/\" \/>\n<meta property=\"og:site_name\" content=\"Elfsight PL\" \/>\n<meta property=\"article:modified_time\" content=\"2025-06-27T09:05:57+00:00\" \/>\n<meta name=\"twitter:card\" content=\"summary_large_image\" \/>\n<meta name=\"twitter:label1\" content=\"Szacowany czas czytania\" \/>\n\t<meta name=\"twitter:data1\" content=\"3 minuty\" \/>\n<!-- \/ Yoast SEO plugin. -->","yoast_head_json":{"title":"Dodaj wtyczk\u0119 pogody do witryny Squarespace (bezp\u0142atnie i szybko)","description":"Utworzenie wtyczki Weather i opublikowanie jej na swojej stronie Squarespace jest absolutnie proste. Obs\u0142uga klienta Elfsight jest bezp\u0142atna.","robots":{"index":"index","follow":"follow","max-snippet":"max-snippet:-1","max-image-preview":"max-image-preview:large","max-video-preview":"max-video-preview:-1"},"canonical":"https:\/\/elfsight.com\/pl\/weather-widget\/squarespace\/","og_locale":"pl_PL","og_type":"article","og_title":"Dodaj wtyczk\u0119 pogody do witryny Squarespace (bezp\u0142atnie i szybko)","og_description":"Utworzenie wtyczki Weather i opublikowanie jej na swojej stronie Squarespace jest absolutnie proste. Obs\u0142uga klienta Elfsight jest bezp\u0142atna.","og_url":"https:\/\/elfsight.com\/pl\/weather-widget\/squarespace\/","og_site_name":"Elfsight PL","article_modified_time":"2025-06-27T09:05:57+00:00","twitter_card":"summary_large_image","twitter_misc":{"Szacowany czas czytania":"3 minuty"},"schema":{"@context":"https:\/\/schema.org","@graph":[{"@type":"WebPage","@id":"https:\/\/elfsight.com\/pl\/weather-widget\/squarespace\/","url":"https:\/\/elfsight.com\/pl\/weather-widget\/squarespace\/","name":"Dodaj wtyczk\u0119 pogody do witryny Squarespace (bezp\u0142atnie i szybko)","isPartOf":{"@id":"https:\/\/elfsight.com\/pl\/#website"},"datePublished":"1970-01-01T00:00:00+00:00","dateModified":"2025-06-27T09:05:57+00:00","description":"Utworzenie wtyczki Weather i opublikowanie jej na swojej stronie Squarespace jest absolutnie proste. Obs\u0142uga klienta Elfsight jest bezp\u0142atna.","breadcrumb":{"@id":"https:\/\/elfsight.com\/pl\/weather-widget\/squarespace\/#breadcrumb"},"inLanguage":"pl-PL","potentialAction":[{"@type":"ReadAction","target":["https:\/\/elfsight.com\/pl\/weather-widget\/squarespace\/"]}]},{"@type":"BreadcrumbList","@id":"https:\/\/elfsight.com\/pl\/weather-widget\/squarespace\/#breadcrumb","itemListElement":[{"@type":"ListItem","position":1,"name":"Home","item":"https:\/\/elfsight.com\/pl\/"},{"@type":"ListItem","position":2,"name":"Weather","item":"https:\/\/elfsight.com\/pl\/weather-widget\/"},{"@type":"ListItem","position":3,"name":"Weather &#8211; Squarespace"}]},{"@type":"WebSite","@id":"https:\/\/elfsight.com\/pl\/#website","url":"https:\/\/elfsight.com\/pl\/","name":"Elfsight PL","description":"Just another Elfsight Sites site","potentialAction":[{"@type":"SearchAction","target":{"@type":"EntryPoint","urlTemplate":"https:\/\/elfsight.com\/pl\/?s={search_term_string}"},"query-input":{"@type":"PropertyValueSpecification","valueRequired":true,"valueName":"search_term_string"}}],"inLanguage":"pl-PL"}]}},"meta_box":{"industry":"","seo_heading":"","heading":"","description":"","cta_heading":"","cta_description":"","application":"2790","h1":"Wtyczka Squarespace Weather","h1_caption":"Wy\u015bwietlaj aktualne informacje o pogodzie dla dowolnej lokalizacji w swojej witrynie, aby bez wysi\u0142ku zaanga\u017cowa\u0107 lokalnych lub podr\u00f3\u017cuj\u0105cych odbiorc\u00f3w w witryn\u0119 Squarespace.","application_category":[],"applications_title":"","applications_request_title":"","applications_request_button_text":"","hero_text":"","hero_video":"","hero_video_schema_markup":"","selling_points_title":"","selling_points_caption":"","selling_points":[],"selling_points_cta_text":"","features_title":"","features":"","ed_cta_examples_text":"","ed_cta_examples_hidden":"","ed_cta_demo_text":"","ed_cta_demo_hidden":"","why_caption":"","why_editor_title":"","why_editor_text":"","why_team_title":"","why_team_text":"","why_service_title":"","why_service_text":"","template_catalog_visible":"0","template_catalog_title":"","template_catalog_text":"","template_catalog_categories_visible":"","demo_title":"Utw\u00f3rz wtyczk\u0119 pogody","demo_caption":"Skonfiguruj swoj\u0105 pogod\u0119 i dodaj j\u0105 do swojej witryny Squarespace za darmo!","default_faq_hidden":"","app_template_category":[],"platform":"7588","template_public_id":"","codecanyon_url":"","codecanyon_item_id":"","codecanyon_price":"","pricing_caption":"","pricing_elfsight_apps_hide_column":"","pricing_elfsight_apps_url":"","pricing_codecanyon_price_caption":"","integration_category":[],"integration_request_title":"","integration_request_cta":"","integration_platform":"","integrations":[],"platform_category":[],"video_schema_markup":"","price":"od 0 USD \/ miesi\u0105c","trial":"","benefits":[{"text":"Bezp\u0142atna us\u0142uga monta\u017cu"},{"text":"Wyj\u0105tkowe wsparcie"},{"text":"14-dniowa gwarancja zwrotu pieni\u0119dzy"}],"button_url":"#demo","button_target_blank":"0","button_nofollow":"0","attributes":[{"name":"Instaluje"},{"name":"Czu\u0142y"},{"name":"Kompatybilne przegl\u0105darki"}],"tags":[],"tags_disable_links":"0","hide_more_platforms":"0","video_object":"","demo_hide_cta":"0","demo_hide_cloud_options":"0","pricing_title":"","pricing":[{"pricing_icon":"platform","pricing_title":"Elfsight Apps","pricing_title_caption":"Wersja niezale\u017cna od platformy, kt\u00f3ra pasuje do ka\u017cdej witryny","pricing_price":"od 0 USD \/ miesi\u0105c","pricing_price_caption":"zacznij od bezp\u0142atnego planu","pricing_benefits":[{"text":"Nielimitowane strony internetowe"},{"text":"Dedykowane i terminowe wsparcie oraz dobrze udokumentowane"},{"text":"Bezp\u0142atna us\u0142uga monta\u017cu"},{"text":"100% konfigurowalny"}],"pricing_button_text":"Dodaj do witryny","pricing_button_url":"#demo"}],"related_apps_title":"","related_apps_hidden":"0","author":"","image":[],"title":"","job":"","social_networks":[]},"_links":{"self":[{"href":"https:\/\/elfsight.com\/pl\/wp-json\/wp\/v2\/pages\/7272","targetHints":{"allow":["GET"]}}],"collection":[{"href":"https:\/\/elfsight.com\/pl\/wp-json\/wp\/v2\/pages"}],"about":[{"href":"https:\/\/elfsight.com\/pl\/wp-json\/wp\/v2\/types\/page"}],"author":[{"embeddable":true,"href":"https:\/\/elfsight.com\/pl\/wp-json\/wp\/v2\/users\/9"}],"replies":[{"embeddable":true,"href":"https:\/\/elfsight.com\/pl\/wp-json\/wp\/v2\/comments?post=7272"}],"version-history":[{"count":2,"href":"https:\/\/elfsight.com\/pl\/wp-json\/wp\/v2\/pages\/7272\/revisions"}],"predecessor-version":[{"id":8125,"href":"https:\/\/elfsight.com\/pl\/wp-json\/wp\/v2\/pages\/7272\/revisions\/8125"}],"up":[{"embeddable":true,"href":"https:\/\/elfsight.com\/pl\/wp-json\/wp\/v2\/pages\/2791"}],"wp:attachment":[{"href":"https:\/\/elfsight.com\/pl\/wp-json\/wp\/v2\/media?parent=7272"}],"curies":[{"name":"wp","href":"https:\/\/api.w.org\/{rel}","templated":true}]}}