{"id":7270,"date":"1970-01-01T00:00:00","date_gmt":"1970-01-01T00:00:00","guid":{"rendered":"https:\/\/elfsight.com\/pl\/?page_id=7270"},"modified":"2024-11-14T09:28:24","modified_gmt":"2024-11-14T09:28:24","slug":"webnode","status":"publish","type":"page","link":"https:\/\/elfsight.com\/pl\/weather-widget\/webnode\/","title":{"rendered":"Weather &#8211; Webnode"},"content":{"rendered":"<div class=\"application-platform-content-item-description application-platform-content-item\" id=\"description\" data-nav-section=\"description\"><h2>Opis<\/h2><p>Elfsight Weather to szybka i \u0142atwo konfigurowalna wtyczka internetowa, kt\u00f3ra wy\u015bwietla aktualn\u0105 pogod\u0119 dla ka\u017cdego punkt na mapie. Dodaj lokalizacj\u0119 wed\u0142ug nazwy, kodu pocztowego lub wsp\u00f3\u0142rz\u0119dnych. Twoi odbiorcy zobacz\u0105 zaktualizowane informacje na temat temperatury, ci\u015bnienia, procentu wilgotno\u015bci i aktywnej pogody. Mo\u017cesz tak\u017ce wy\u015bwietli\u0107 prognoz\u0119 godzinow\u0105 lub dzienn\u0105. Wid\u017cet oferuje tak\u017ce obrazy t\u0142a z motywem pogody oraz mo\u017cliwo\u015b\u0107 wyboru w\u0142asnych kolor\u00f3w. <\/p><p><b>U\u0142atw klientom wyszukiwanie daty imprez plenerowych, maj\u0105c prognoz\u0119 pogody zawsze pod r\u0119k\u0105! <\/b><\/p><\/div><div class=\"application-platform-content-item-features application-platform-content-item\" id=\"features\" data-nav-section=\"features\"><p>Zobacz wszystkie cechy funkcjonalne wid\u017cetu Pogoda. S\u0105 one dost\u0119pne bezpo\u015brednio w edytorze i pomog\u0105 Ci stworzy\u0107 wid\u017cet dostosowany do Twoich potrzeb. <\/p><ul><li>3 sposoby wpisania miejscowo\u015bci: poprzez nazw\u0119, kod pocztowy i wsp\u00f3\u0142rz\u0119dne; <\/li><li>Obs\u0142uga ponad 30 j\u0119zyk\u00f3w w celu przedstawienia szczeg\u00f3\u0142\u00f3w pogody w j\u0119zyku, kt\u00f3rym pos\u0142uguj\u0105 si\u0119 Twoi odbiorcy; <\/li><li>5 wariant\u00f3w konfiguracji widgetu dla r\u00f3\u017cnych zastosowa\u0144; <\/li><li>Mo\u017cliwo\u015b\u0107 dodania dziennej prognozy na nadchodz\u0105cy tydzie\u0144 wraz z datami; <\/li><li>Dodaj pogod\u0119 godzinow\u0105 na najbli\u017csze 12 godzin. <\/li><\/ul><p><a href=\"#demo\">Przetestuj wszystkie inne funkcje w wersji demonstracyjnej<\/a><\/p><\/div><div class=\"application-platform-content-item-installation application-platform-content-item\" id=\"installation\" data-nav-section=\"installation\"><h2> Jak mog\u0119 doda\u0107 wid\u017cet Pogoda do mojej witryny Webnode? <\/h2><p>Aby doda\u0107 wtyczk\u0119, po prostu wykonaj te szybkie kroki<\/p><ol><li><b>Stw\u00f3rz swoj\u0105 unikaln\u0105 wtyczk\u0119 pogody<\/b><br>Za pomoc\u0105 naszego bezp\u0142atnego konfiguratora skonfiguruj wtyczk\u0119 z niestandardowym projektem i dodaj lokalizacj\u0119. <\/li> <li><b>Skopiuj indywidualny kod, aby skonfigurowa\u0107 wtyczk\u0119<\/b><br>Po utworzeniu wid\u017cetu otrzymasz unikalny kod w wyskakuj\u0105cym powiadomieniu w aplikacjach Elfsight. Skopiuj kod. <\/li> <li><b>Opublikuj wtyczk\u0119 na swojej stronie Webnode<\/b><br>Okre\u015bl obszar, w kt\u00f3rym chcesz wy\u015bwietli\u0107 wtyczk\u0119 i wstaw tam zapisany kod. Opublikuj zmiany. <\/li> <li><b>Konfiguracja powiod\u0142a si\u0119! <\/b><br>Odwied\u017a witryn\u0119 i obejrzyj sw\u00f3j wid\u017cet. <\/li><\/ol> <p>Nie wahaj si\u0119 zwr\u00f3ci\u0107 do naszego dzia\u0142u obs\u0142ugi klienta, je\u015bli potrzebujesz porady lub masz o co\u015b zapyta\u0107. Nasi specjali\u015bci ch\u0119tnie pomog\u0105 w ka\u017cdym zapytaniu. <\/p><div class=\"faq\" data-component=\"FAQ\"><div class=\"faq-item\">\r\n\t\t\t\t\t<div class=\"faq-item-question\">\r\n\t\t\t\t\t\t<h3 class=\"faq-item-question-text\">Czy istnieje mo\u017cliwo\u015b\u0107 osadzenia Weather na mojej stronie internetowej Webnode bez znajomo\u015bci programowania?<\/h3>\r\n\r\n\t\t\t\t\t\t<div class=\"faq-item-question-icon\"><\/div>\r\n\t\t\t\t\t<\/div>\r\n\r\n\t\t\t\t\t<div class=\"faq-item-answer\">\r\n\t\t\t\t\t\t<div class=\"faq-item-answer-text\"> <p>Elfsight zapewnia rozwi\u0105zanie, kt\u00f3re pozwala na samodzielne utworzenie sekcji Pogoda, przekonaj si\u0119, jakie to proste : Pracuj w wersji demonstracyjnej na \u017cywo, aby wygenerowa\u0107 wtyczk\u0119 pogody, kt\u00f3r\u0105 chcesz zintegrowa\u0107 ze swoj\u0105 stron\u0105 internetow\u0105 Webnode. Wybierz jeden z wst\u0119pnie zaprojektowanych szablon\u00f3w i zmie\u0144 ustawienia pogody, dodaj tre\u015b\u0107, zmie\u0144 uk\u0142ad i schemat kolor\u00f3w bez kodowania. Kliknij, aby zapisa\u0107 ustawienia wprowadzone w Weather i skopiuj kod instalacyjny, kt\u00f3ry mo\u017cesz osadzi\u0107 na stronie Webnode bez konieczno\u015bci kupowania p\u0142atnej subskrypcji. Korzystaj\u0105c z \u0142atwego w u\u017cyciu konfiguratora, ka\u017cdy u\u017cytkownik Internetu mo\u017ce skonfigurowa\u0107 aplikacj\u0119 pogodow\u0105 online i \u0142atwo wklei\u0107 j\u0105 na stron\u0119 internetow\u0105 Webnode. Aby uzyska\u0107 dost\u0119p do us\u0142ugi Elfsight, nie jest wymagane posiadanie p\u0142atnego planu ani wprowadzanie danych uwierzytelniaj\u0105cych karty. Je\u015bli na kt\u00f3rymkolwiek etapie napotkasz jakiekolwiek problemy, skontaktuj si\u0119 z naszym personelem pomocy technicznej.<\/p> <\/div>\r\n\t\t\t\t\t<\/div>\r\n\t\t\t\t<\/div> <\/div><\/div>","protected":false},"excerpt":{"rendered":"","protected":false},"author":9,"featured_media":0,"parent":2791,"menu_order":0,"comment_status":"closed","ping_status":"closed","template":"templates\/template-application-platform.php","meta":{"publish_to_discourse":"","publish_post_category":"","wpdc_auto_publish_overridden":"","wpdc_topic_tags":"","wpdc_pin_topic":"","wpdc_pin_until":"","discourse_post_id":"","discourse_permalink":"","wpdc_publishing_response":"","wpdc_publishing_error":"","footnotes":""},"class_list":["post-7270","page","type-page","status-publish","hentry"],"yoast_head":"<!-- This site is optimized with the Yoast SEO plugin v25.3.1 - https:\/\/yoast.com\/wordpress\/plugins\/seo\/ -->\n<title>Dodaj wid\u017cet Pogoda do witryny Webnode (bezp\u0142atnie i szybko)<\/title>\n<meta name=\"description\" content=\"Dzi\u0119ki Elfsight mo\u017cesz kszta\u0142towa\u0107 wid\u017cet pogody i b\u0142yskawicznie wy\u015bwietla\u0107 go na stronie internetowej Webnode. Oferujemy bezp\u0142atn\u0105 obs\u0142ug\u0119 klienta i wi\u0119cej bonus\u00f3w.\" \/>\n<meta name=\"robots\" content=\"index, follow, max-snippet:-1, max-image-preview:large, max-video-preview:-1\" \/>\n<link rel=\"canonical\" href=\"https:\/\/elfsight.com\/pl\/weather-widget\/webnode\/\" \/>\n<meta property=\"og:locale\" content=\"pl_PL\" \/>\n<meta property=\"og:type\" content=\"article\" \/>\n<meta property=\"og:title\" content=\"Dodaj wid\u017cet Pogoda do witryny Webnode (bezp\u0142atnie i szybko)\" \/>\n<meta property=\"og:description\" content=\"Dzi\u0119ki Elfsight mo\u017cesz kszta\u0142towa\u0107 wid\u017cet pogody i b\u0142yskawicznie wy\u015bwietla\u0107 go na stronie internetowej Webnode. Oferujemy bezp\u0142atn\u0105 obs\u0142ug\u0119 klienta i wi\u0119cej bonus\u00f3w.\" \/>\n<meta property=\"og:url\" content=\"https:\/\/elfsight.com\/pl\/weather-widget\/webnode\/\" \/>\n<meta property=\"og:site_name\" content=\"Elfsight PL\" \/>\n<meta property=\"article:modified_time\" content=\"2024-11-14T09:28:24+00:00\" \/>\n<meta name=\"twitter:card\" content=\"summary_large_image\" \/>\n<meta name=\"twitter:label1\" content=\"Szacowany czas czytania\" \/>\n\t<meta name=\"twitter:data1\" content=\"3 minuty\" \/>\n<!-- \/ Yoast SEO plugin. -->","yoast_head_json":{"title":"Dodaj wid\u017cet Pogoda do witryny Webnode (bezp\u0142atnie i szybko)","description":"Dzi\u0119ki Elfsight mo\u017cesz kszta\u0142towa\u0107 wid\u017cet pogody i b\u0142yskawicznie wy\u015bwietla\u0107 go na stronie internetowej Webnode. Oferujemy bezp\u0142atn\u0105 obs\u0142ug\u0119 klienta i wi\u0119cej bonus\u00f3w.","robots":{"index":"index","follow":"follow","max-snippet":"max-snippet:-1","max-image-preview":"max-image-preview:large","max-video-preview":"max-video-preview:-1"},"canonical":"https:\/\/elfsight.com\/pl\/weather-widget\/webnode\/","og_locale":"pl_PL","og_type":"article","og_title":"Dodaj wid\u017cet Pogoda do witryny Webnode (bezp\u0142atnie i szybko)","og_description":"Dzi\u0119ki Elfsight mo\u017cesz kszta\u0142towa\u0107 wid\u017cet pogody i b\u0142yskawicznie wy\u015bwietla\u0107 go na stronie internetowej Webnode. Oferujemy bezp\u0142atn\u0105 obs\u0142ug\u0119 klienta i wi\u0119cej bonus\u00f3w.","og_url":"https:\/\/elfsight.com\/pl\/weather-widget\/webnode\/","og_site_name":"Elfsight PL","article_modified_time":"2024-11-14T09:28:24+00:00","twitter_card":"summary_large_image","twitter_misc":{"Szacowany czas czytania":"3 minuty"},"schema":{"@context":"https:\/\/schema.org","@graph":[{"@type":"WebPage","@id":"https:\/\/elfsight.com\/pl\/weather-widget\/webnode\/","url":"https:\/\/elfsight.com\/pl\/weather-widget\/webnode\/","name":"Dodaj wid\u017cet Pogoda do witryny Webnode (bezp\u0142atnie i szybko)","isPartOf":{"@id":"https:\/\/elfsight.com\/pl\/#website"},"datePublished":"1970-01-01T00:00:00+00:00","dateModified":"2024-11-14T09:28:24+00:00","description":"Dzi\u0119ki Elfsight mo\u017cesz kszta\u0142towa\u0107 wid\u017cet pogody i b\u0142yskawicznie wy\u015bwietla\u0107 go na stronie internetowej Webnode. Oferujemy bezp\u0142atn\u0105 obs\u0142ug\u0119 klienta i wi\u0119cej bonus\u00f3w.","breadcrumb":{"@id":"https:\/\/elfsight.com\/pl\/weather-widget\/webnode\/#breadcrumb"},"inLanguage":"pl-PL","potentialAction":[{"@type":"ReadAction","target":["https:\/\/elfsight.com\/pl\/weather-widget\/webnode\/"]}]},{"@type":"BreadcrumbList","@id":"https:\/\/elfsight.com\/pl\/weather-widget\/webnode\/#breadcrumb","itemListElement":[{"@type":"ListItem","position":1,"name":"Home","item":"https:\/\/elfsight.com\/pl\/"},{"@type":"ListItem","position":2,"name":"Weather","item":"https:\/\/elfsight.com\/pl\/weather-widget\/"},{"@type":"ListItem","position":3,"name":"Weather &#8211; Webnode"}]},{"@type":"WebSite","@id":"https:\/\/elfsight.com\/pl\/#website","url":"https:\/\/elfsight.com\/pl\/","name":"Elfsight PL","description":"Just another Elfsight Sites site","potentialAction":[{"@type":"SearchAction","target":{"@type":"EntryPoint","urlTemplate":"https:\/\/elfsight.com\/pl\/?s={search_term_string}"},"query-input":{"@type":"PropertyValueSpecification","valueRequired":true,"valueName":"search_term_string"}}],"inLanguage":"pl-PL"}]}},"meta_box":{"industry":"","seo_heading":"","heading":"","description":"","cta_heading":"","cta_description":"","application":"2790","h1":"Wid\u017cet pogodowy Webnode","h1_caption":"Wy\u015bwietlaj aktualne informacje o pogodzie dla dowolnej lokalizacji na swojej stronie internetowej, aby bez wysi\u0142ku zaanga\u017cowa\u0107 lokalnych lub podr\u00f3\u017cuj\u0105cych odbiorc\u00f3w w swoj\u0105 witryn\u0119 Webnode.","application_category":[],"applications_title":"","applications_request_title":"","applications_request_button_text":"","hero_text":"","hero_video":"","hero_video_schema_markup":"","selling_points_title":"","selling_points_caption":"","selling_points":[],"selling_points_cta_text":"","features_title":"","features":"","ed_cta_examples_text":"","ed_cta_examples_hidden":"","ed_cta_demo_text":"","ed_cta_demo_hidden":"","why_caption":"","why_editor_title":"","why_editor_text":"","why_team_title":"","why_team_text":"","why_service_title":"","why_service_text":"","template_catalog_visible":"","template_catalog_title":"","template_catalog_text":"","template_catalog_categories_visible":"","demo_title":"Utw\u00f3rz wid\u017cet pogody","demo_caption":"Skonfiguruj swoj\u0105 pogod\u0119 i dodaj j\u0105 do swojej witryny Webnode za darmo!","default_faq_hidden":"","app_template_category":[],"platform":"138","template_public_id":"","codecanyon_url":"","codecanyon_item_id":"","codecanyon_price":"","pricing_caption":"","pricing_elfsight_apps_hide_column":"","pricing_elfsight_apps_url":"","pricing_codecanyon_price_caption":"","integration_category":[],"integration_request_title":"","integration_request_cta":"","integration_platform":"","integrations":[],"platform_category":[],"video_schema_markup":"","price":"od 0 USD \/ miesi\u0105c","trial":"","benefits":[{"text":"Bezp\u0142atna pomoc w monta\u017cu"},{"text":"Profesjonalna obs\u0142uga klienta"},{"text":"14-dniowa gwarancja zwrotu pieni\u0119dzy"}],"button_url":"#demo","button_target_blank":"","button_nofollow":"","attributes":[{"name":"Instaluje"},{"name":"Czu\u0142y"},{"name":"Kompatybilne przegl\u0105darki"}],"tags":[],"tags_disable_links":"","hide_more_platforms":"","video_object":"","demo_hide_cta":"","demo_hide_cloud_options":"","pricing_title":"","pricing":[{"pricing_icon":"platform","pricing_title":"Elfsight Apps","pricing_title_caption":"Wieloplatformowe rozwi\u0105zanie cyfrowe","pricing_price":"od 0 USD \/ miesi\u0105c","pricing_price_caption":"zacznij od bezp\u0142atnego planu","pricing_benefits":[{"text":"Nielimitowane domeny"},{"text":"Wsparcie premium"},{"text":"Bezp\u0142atna us\u0142uga monta\u017cu"},{"text":"Specjalna oferta na wiele aplikacji"}],"pricing_button_text":"Dodaj do witryny","pricing_button_url":"#demo"}],"related_apps_title":"","related_apps_hidden":"","author":"","image":[],"title":"","job":"","social_networks":[]},"_links":{"self":[{"href":"https:\/\/elfsight.com\/pl\/wp-json\/wp\/v2\/pages\/7270","targetHints":{"allow":["GET"]}}],"collection":[{"href":"https:\/\/elfsight.com\/pl\/wp-json\/wp\/v2\/pages"}],"about":[{"href":"https:\/\/elfsight.com\/pl\/wp-json\/wp\/v2\/types\/page"}],"author":[{"embeddable":true,"href":"https:\/\/elfsight.com\/pl\/wp-json\/wp\/v2\/users\/9"}],"replies":[{"embeddable":true,"href":"https:\/\/elfsight.com\/pl\/wp-json\/wp\/v2\/comments?post=7270"}],"version-history":[{"count":1,"href":"https:\/\/elfsight.com\/pl\/wp-json\/wp\/v2\/pages\/7270\/revisions"}],"predecessor-version":[{"id":7274,"href":"https:\/\/elfsight.com\/pl\/wp-json\/wp\/v2\/pages\/7270\/revisions\/7274"}],"up":[{"embeddable":true,"href":"https:\/\/elfsight.com\/pl\/wp-json\/wp\/v2\/pages\/2791"}],"wp:attachment":[{"href":"https:\/\/elfsight.com\/pl\/wp-json\/wp\/v2\/media?parent=7270"}],"curies":[{"name":"wp","href":"https:\/\/api.w.org\/{rel}","templated":true}]}}