{"id":7269,"date":"2024-05-03T06:54:20","date_gmt":"2024-05-03T06:54:20","guid":{"rendered":"https:\/\/elfsight.com\/pl\/?page_id=7269"},"modified":"2024-11-14T09:28:24","modified_gmt":"2024-11-14T09:28:24","slug":"weebly","status":"publish","type":"page","link":"https:\/\/elfsight.com\/pl\/weather-widget\/weebly\/","title":{"rendered":"Weather &#8211; Weebly"},"content":{"rendered":"<div class=\"application-platform-content-item-description application-platform-content-item\" id=\"description\" data-nav-section=\"description\"><h2>Opis<\/h2><p>Elfsight Weather to prosty i wysoce adaptacyjny widget witryny internetowej, kt\u00f3ry zapewnia odwiedzaj\u0105cym odpowiedni\u0105 sytuacj\u0119 pogodow\u0105 w dowolnym czasie Lokalizacja. Miejsce z tytu\u0142em, kodem pocztowym lub wsp\u00f3\u0142rz\u0119dnymi. U\u017cytkownicy serwisu b\u0119d\u0105 mogli sprawdzi\u0107 aktualne informacje o temperaturze, ci\u015bnieniu powietrza, procentowej wilgotno\u015bci i elementach pogodowych. Wid\u017cet posiada funkcj\u0119 prezentowania prognozy na nadchodz\u0105cy tydzie\u0144 lub na najbli\u017csze dwana\u015bcie godzin. Mo\u017cesz dostosowa\u0107 interfejs, korzystaj\u0105c z obraz\u00f3w t\u0142a z motywem pogody i opcji wyboru niestandardowych kolor\u00f3w. <\/p><p><b>U\u0142atw klientom zamawianie podr\u00f3\u017cy z prognoz\u0105 pogody pod r\u0119k\u0105! <\/b><\/p><\/div><div class=\"application-platform-content-item-features application-platform-content-item\" id=\"features\" data-nav-section=\"features\"><p>Sprawd\u017a wszystkie funkcje wid\u017cetu Pogoda. S\u0105 one dost\u0119pne bezpo\u015brednio w edytorze i pomog\u0105 Ci stworzy\u0107 widget specjalnie dla Twojego przypadku. <\/p><ul><li>Trzy sposoby wprowadzenia lokalizacji: nazwa, kod pocztowy i wsp\u00f3\u0142rz\u0119dne; <\/li><li>Obs\u0142uga ponad 30 j\u0119zyk\u00f3w umo\u017cliwiaj\u0105cych wy\u015bwietlanie szczeg\u00f3\u0142\u00f3w pogody w j\u0119zyku, kt\u00f3rym pos\u0142uguj\u0105 si\u0119 Twoi odbiorcy; <\/li><li>5 wariant\u00f3w konfiguracji widgetu dla r\u00f3\u017cnych zastosowa\u0144; <\/li><li>Mo\u017cliwo\u015b\u0107 pokazania dziennej prognozy na przysz\u0142y tydzie\u0144 wraz z datami; <\/li><li>Dodaj prognoz\u0119 godzinow\u0105 na nast\u0119pne dwana\u015bcie godzin. <\/li><\/ul><p><a href=\"#demo\">Mo\u017cesz wypr\u00f3bowa\u0107 wszystkie funkcje widgetu bezpo\u015brednio w wersji demonstracyjnej<\/a><\/p><\/div><div class=\"application-platform-content-item-installation application-platform-content-item\" id=\"installation\" data-nav-section=\"installation\"><h2>Jak zintegrowa\u0107 aplikacj\u0119 Pogoda z witryn\u0105 Weebly?<\/h2><div class=\"video-container\"><iframe width=\"720\" height=\"405\" src=\"https:\/\/www.youtube.com\/embed\/DZMOi5_TtmE\" frameborder=\"0\" allowfullscreen=\"\"><\/iframe><\/div><p>Aby doda\u0107 wid\u017cet, post\u0119puj zgodnie z poni\u017cszymi wskaz\u00f3wkami<\/p><ol><li><b> Skorzystaj z naszej bezp\u0142atnej wersji demonstracyjnej i rozpocznij prac\u0119 ze swoj\u0105 spersonalizowan\u0105 aplikacj\u0105. <\/b><br> Wybierz preferowan\u0105 form\u0119 i parametry aplikacji oraz zastosuj wszystkie poprawki. <\/li> <li><b>Zdob\u0105d\u017a sw\u00f3j osobisty kod widoczny w oknie aplikacji Elfsight. <\/b><br> Zaraz po utworzeniu aplikacji skopiuj ekskluzywny kod z wy\u015bwietlonego pola i zachowaj go na przysz\u0142o\u015b\u0107. <\/li> <li><b>Rozpocznij korzystanie z aplikacji w swojej witrynie Weebly. <\/b><br> Umie\u015b\u0107 skopiowany wcze\u015bniej kod na swojej stronie i zastosuj ulepszenia. <\/li> <li><b>Konfiguracja zosta\u0142a w pe\u0142ni uko\u0144czona. <\/b><br> Przejd\u017a do swojej strony internetowej, aby sprawdzi\u0107 dzia\u0142anie aplikacji. <\/li><\/ol><p>Po\u015bwi\u0119\u0107 chwil\u0119, aby skontaktowa\u0107 si\u0119 z obs\u0142ug\u0105 klienta Elfsight, je\u015bli potrzebujesz pomocy lub masz problemy. Ch\u0119tnie pomo\u017cemy w ka\u017cdej pro\u015bbie. <\/p><div class=\"faq\" data-component=\"FAQ\"><div class=\"faq-item\">\r\n\t\t\t\t\t<div class=\"faq-item-question\">\r\n\t\t\t\t\t\t<h3 class=\"faq-item-question-text\">Jak doda\u0107 wid\u017cet Pogoda do strony WordPress?<\/h3>\r\n\r\n\t\t\t\t\t\t<div class=\"faq-item-question-icon\"><\/div>\r\n\t\t\t\t\t<\/div>\r\n\r\n\t\t\t\t\t<div class=\"faq-item-answer\">\r\n\t\t\t\t\t\t<div class=\"faq-item-answer-text\"><p>Dodanie do witryny zajmie tylko kilka chwil. Co wi\u0119cej, nie musisz posiada\u0107 \u017cadnej umiej\u0119tno\u015bci programowania.<\/p><p>Dostosuj wtyczk\u0119 Pogoda do WordPressa w darmowym konfiguratorze; wprowad\u017a niestandardow\u0105 lokalizacj\u0119, wybierz temperatur\u0119 do wy\u015bwietlenia; pobierz kod instalacyjny, umie\u015b\u0107 kod w wymaganym miejscu w szablonie strony. Rozumiem! Instalacja wtyczki pogodowej na WordPress zosta\u0142a zako\u0144czona! <\/p><p>Masz problemy z instalacj\u0105 wtyczki do WordPressa lub jej formatowaniem? Przewodnik mo\u017cesz znale\u017a\u0107 <a href=\"https:\/\/elfsight.com\/tutorials\/how-to-add-weather-widget\/#how-to-add-weather-to-wordpress\">na tej stronie<\/a>. <\/p><\/div>\r\n\t\t\t\t\t<\/div>\r\n\t\t\t\t<\/div><div class=\"faq-item\">\r\n\t\t\t\t\t<div class=\"faq-item-question\">\r\n\t\t\t\t\t\t<h3 class=\"faq-item-question-text\">Czy mam mo\u017cliwo\u015b\u0107 zobaczenia, jak widget b\u0119dzie wygl\u0105da\u0142 na stronie?<\/h3>\r\n\r\n\t\t\t\t\t\t<div class=\"faq-item-question-icon\"><\/div>\r\n\t\t\t\t\t<\/div>\r\n\r\n\t\t\t\t\t<div class=\"faq-item-answer\">\r\n\t\t\t\t\t\t<div class=\"faq-item-answer-text\"><p>Zdecydowanie! Tworz\u0105c wtyczk\u0119 pogodow\u0105 WordPress <a href=\"https:\/\/elfsight.com\/weather-widget\/#demo\">w kreatorze online<\/a>, uwzgl\u0119dnisz wszystkie zmiany w prawej jej cz\u0119\u015bci. Baner pogodowy b\u0119dzie identyczny z tym, kt\u00f3ry dodasz do WordPressa.<\/p><\/div>\r\n\t\t\t\t\t<\/div>\r\n\t\t\t\t<\/div><div class=\"faq-item\">\r\n\t\t\t\t\t<div class=\"faq-item-question\">\r\n\t\t\t\t\t\t<h3 class=\"faq-item-question-text\">Jakie inne wid\u017cety s\u0105 niezb\u0119dne dla witryny WordPress?<\/h3>\r\n\r\n\t\t\t\t\t\t<div class=\"faq-item-question-icon\"><\/div>\r\n\t\t\t\t\t<\/div>\r\n\r\n\t\t\t\t\t<div class=\"faq-item-answer\">\r\n\t\t\t\t\t\t<div class=\"faq-item-answer-text\"><p>Oferty WordPress kilka wtyczek o wyj\u0105tkowej funkcjonalno\u015bci. Je\u015bli jednak potrzebujesz niekonwencjonalnych narz\u0119dzi do zwi\u0119kszenia efektywno\u015bci swojej witryny, mo\u017cesz skorzysta\u0107 z wtyczek Elfsight.<\/p><p>W\u015br\u00f3d nich s\u0105 <a href=\"https:\/\/elfsight.com\/google-reviews-widget\/wordpress \/\">Recenzje Google<\/a>, <a href=\"https:\/\/elfsight.com\/testimonials-slider-widget\/wordpress\/\">Suwak opinii<\/a> i <a href=\"https:\/\/ elfsight.com\/youtube-channel-plugin-yottie\/wordpress\/\">Galeria YouTube<\/a>. Co wi\u0119cej, mo\u017cesz doda\u0107 <a href=\"https:\/\/elfsight.com\/whatsapp-chat-widget\/wordpress\/\">WhatsApp<\/a> i <a href=\"https:\/\/elfsight.com\/facebook -chat-widget\/wordpress\/\">Czaty na Facebooku<\/a>, aby jeszcze bardziej u\u0142atwi\u0107 komunikacj\u0119 za po\u015brednictwem popularnych komunikator\u00f3w. Tak czy inaczej, wybierz dowolny instrument, kt\u00f3ry Ci si\u0119 podoba i wzmocnij swoj\u0105 stron\u0119 internetow\u0105.<\/p><\/div>\r\n\t\t\t\t\t<\/div>\r\n\t\t\t\t<\/div><\/div><\/div>","protected":false},"excerpt":{"rendered":"","protected":false},"author":9,"featured_media":0,"parent":2791,"menu_order":0,"comment_status":"closed","ping_status":"closed","template":"templates\/template-application-platform.php","meta":{"publish_to_discourse":"","publish_post_category":"","wpdc_auto_publish_overridden":"","wpdc_topic_tags":"","wpdc_pin_topic":"","wpdc_pin_until":"","discourse_post_id":"","discourse_permalink":"","wpdc_publishing_response":"","wpdc_publishing_error":"","footnotes":""},"class_list":["post-7269","page","type-page","status-publish","hentry"],"yoast_head":"<!-- This site is optimized with the Yoast SEO plugin v25.3.1 - https:\/\/yoast.com\/wordpress\/plugins\/seo\/ -->\n<title>Widget pogody \u2014 dodaj aplikacj\u0119 Pogoda do witryny Weebly (bezp\u0142atnie i szybko)<\/title>\n<meta name=\"description\" content=\"Dzi\u0119ki Elfsight zaprojektuj aplikacj\u0119 pogodow\u0105 i szybko dodaj j\u0105 do swojej witryny Weebly. Oferujemy bezp\u0142atn\u0105 obs\u0142ug\u0119 klienta i inne bonusy.\" \/>\n<meta name=\"robots\" content=\"index, follow, max-snippet:-1, max-image-preview:large, max-video-preview:-1\" \/>\n<link rel=\"canonical\" href=\"https:\/\/elfsight.com\/pl\/weather-widget\/weebly\/\" \/>\n<meta property=\"og:locale\" content=\"pl_PL\" \/>\n<meta property=\"og:type\" content=\"article\" \/>\n<meta property=\"og:title\" content=\"Widget pogody \u2014 dodaj aplikacj\u0119 Pogoda do witryny Weebly (bezp\u0142atnie i szybko)\" \/>\n<meta property=\"og:description\" content=\"Dzi\u0119ki Elfsight zaprojektuj aplikacj\u0119 pogodow\u0105 i szybko dodaj j\u0105 do swojej witryny Weebly. Oferujemy bezp\u0142atn\u0105 obs\u0142ug\u0119 klienta i inne bonusy.\" \/>\n<meta property=\"og:url\" content=\"https:\/\/elfsight.com\/pl\/weather-widget\/weebly\/\" \/>\n<meta property=\"og:site_name\" content=\"Elfsight PL\" \/>\n<meta property=\"article:modified_time\" content=\"2024-11-14T09:28:24+00:00\" \/>\n<meta name=\"twitter:card\" content=\"summary_large_image\" \/>\n<meta name=\"twitter:label1\" content=\"Szacowany czas czytania\" \/>\n\t<meta name=\"twitter:data1\" content=\"3 minuty\" \/>\n<!-- \/ Yoast SEO plugin. -->","yoast_head_json":{"title":"Widget pogody \u2014 dodaj aplikacj\u0119 Pogoda do witryny Weebly (bezp\u0142atnie i szybko)","description":"Dzi\u0119ki Elfsight zaprojektuj aplikacj\u0119 pogodow\u0105 i szybko dodaj j\u0105 do swojej witryny Weebly. Oferujemy bezp\u0142atn\u0105 obs\u0142ug\u0119 klienta i inne bonusy.","robots":{"index":"index","follow":"follow","max-snippet":"max-snippet:-1","max-image-preview":"max-image-preview:large","max-video-preview":"max-video-preview:-1"},"canonical":"https:\/\/elfsight.com\/pl\/weather-widget\/weebly\/","og_locale":"pl_PL","og_type":"article","og_title":"Widget pogody \u2014 dodaj aplikacj\u0119 Pogoda do witryny Weebly (bezp\u0142atnie i szybko)","og_description":"Dzi\u0119ki Elfsight zaprojektuj aplikacj\u0119 pogodow\u0105 i szybko dodaj j\u0105 do swojej witryny Weebly. Oferujemy bezp\u0142atn\u0105 obs\u0142ug\u0119 klienta i inne bonusy.","og_url":"https:\/\/elfsight.com\/pl\/weather-widget\/weebly\/","og_site_name":"Elfsight PL","article_modified_time":"2024-11-14T09:28:24+00:00","twitter_card":"summary_large_image","twitter_misc":{"Szacowany czas czytania":"3 minuty"},"schema":{"@context":"https:\/\/schema.org","@graph":[{"@type":"WebPage","@id":"https:\/\/elfsight.com\/pl\/weather-widget\/weebly\/","url":"https:\/\/elfsight.com\/pl\/weather-widget\/weebly\/","name":"Widget pogody \u2014 dodaj aplikacj\u0119 Pogoda do witryny Weebly (bezp\u0142atnie i szybko)","isPartOf":{"@id":"https:\/\/elfsight.com\/pl\/#website"},"datePublished":"2024-05-03T06:54:20+00:00","dateModified":"2024-11-14T09:28:24+00:00","description":"Dzi\u0119ki Elfsight zaprojektuj aplikacj\u0119 pogodow\u0105 i szybko dodaj j\u0105 do swojej witryny Weebly. Oferujemy bezp\u0142atn\u0105 obs\u0142ug\u0119 klienta i inne bonusy.","breadcrumb":{"@id":"https:\/\/elfsight.com\/pl\/weather-widget\/weebly\/#breadcrumb"},"inLanguage":"pl-PL","potentialAction":[{"@type":"ReadAction","target":["https:\/\/elfsight.com\/pl\/weather-widget\/weebly\/"]}]},{"@type":"BreadcrumbList","@id":"https:\/\/elfsight.com\/pl\/weather-widget\/weebly\/#breadcrumb","itemListElement":[{"@type":"ListItem","position":1,"name":"Home","item":"https:\/\/elfsight.com\/pl\/"},{"@type":"ListItem","position":2,"name":"Weather","item":"https:\/\/elfsight.com\/pl\/weather-widget\/"},{"@type":"ListItem","position":3,"name":"Weather &#8211; Weebly"}]},{"@type":"WebSite","@id":"https:\/\/elfsight.com\/pl\/#website","url":"https:\/\/elfsight.com\/pl\/","name":"Elfsight PL","description":"Just another Elfsight Sites site","potentialAction":[{"@type":"SearchAction","target":{"@type":"EntryPoint","urlTemplate":"https:\/\/elfsight.com\/pl\/?s={search_term_string}"},"query-input":{"@type":"PropertyValueSpecification","valueRequired":true,"valueName":"search_term_string"}}],"inLanguage":"pl-PL"}]}},"meta_box":{"industry":"","seo_heading":"","heading":"","description":"","cta_heading":"","cta_description":"","application":"2790","h1":"Aplikacja pogodowa Weebly","h1_caption":"Wy\u015bwietlaj aktualne informacje o pogodzie dla dowolnej lokalizacji w swojej witrynie, aby bez wysi\u0142ku zaanga\u017cowa\u0107 lokalnych lub podr\u00f3\u017cuj\u0105cych odbiorc\u00f3w w witryn\u0119 Weebly.","application_category":[],"applications_title":"","applications_request_title":"","applications_request_button_text":"","hero_text":"","hero_video":"","hero_video_schema_markup":"","selling_points_title":"","selling_points_caption":"","selling_points":[],"selling_points_cta_text":"","features_title":"","features":"","ed_cta_examples_text":"","ed_cta_examples_hidden":"","ed_cta_demo_text":"","ed_cta_demo_hidden":"","why_caption":"","why_editor_title":"","why_editor_text":"","why_team_title":"","why_team_text":"","why_service_title":"","why_service_text":"","template_catalog_visible":"","template_catalog_title":"","template_catalog_text":"","template_catalog_categories_visible":"","demo_title":"Utw\u00f3rz aplikacj\u0119 pogodow\u0105","demo_caption":"Skonfiguruj swoj\u0105 pogod\u0119 i dodaj j\u0105 do swojej witryny Weebly za darmo!","default_faq_hidden":"","app_template_category":[],"platform":"132","template_public_id":"","codecanyon_url":"","codecanyon_item_id":"","codecanyon_price":"","pricing_caption":"","pricing_elfsight_apps_hide_column":"","pricing_elfsight_apps_url":"","pricing_codecanyon_price_caption":"","integration_category":[],"integration_request_title":"","integration_request_cta":"","integration_platform":"","integrations":[],"platform_category":[],"video_schema_markup":"","price":"od 0 USD \/ miesi\u0105c","trial":"","benefits":[{"text":"Bezp\u0142atna pomoc w monta\u017cu"},{"text":"Kompetentna obs\u0142uga klienta"},{"text":"14-dniowa gwarancja zwrotu pieni\u0119dzy"},{"text":"Bie\u017c\u0105ce bezp\u0142atne aktualizacje"}],"button_url":"#demo","button_target_blank":"","button_nofollow":"","attributes":[{"name":"Instaluje"},{"name":"Czu\u0142y","content":"Tak"},{"name":"Kompatybilne przegl\u0105darki","content":"Firefox, Safari, Opera, Chrome, Edge"}],"tags":[],"tags_disable_links":"","hide_more_platforms":"","video_object":"","demo_hide_cta":"","demo_hide_cloud_options":"","pricing_title":"","pricing":[{"pricing_icon":"platform","pricing_title":"Elfsight Apps","pricing_title_caption":"Wersja wieloplatformowa, kt\u00f3ra dzia\u0142a na ka\u017cdej stronie internetowej","pricing_price":"od 0 USD \/ miesi\u0105c","pricing_price_caption":"zacznij od bezp\u0142atnego planu","pricing_benefits":[{"text":"Nielimitowane strony internetowe"},{"text":"Bezp\u0142atne wsparcie firmy i dobrze udokumentowane"},{"text":"Bezp\u0142atna pomoc w instalacji"},{"text":"100% konfigurowalny"}],"pricing_button_text":"Dodaj do witryny","pricing_button_url":"#demo"}],"related_apps_title":"","related_apps_hidden":"","author":"","image":[],"title":"","job":"","social_networks":[]},"_links":{"self":[{"href":"https:\/\/elfsight.com\/pl\/wp-json\/wp\/v2\/pages\/7269","targetHints":{"allow":["GET"]}}],"collection":[{"href":"https:\/\/elfsight.com\/pl\/wp-json\/wp\/v2\/pages"}],"about":[{"href":"https:\/\/elfsight.com\/pl\/wp-json\/wp\/v2\/types\/page"}],"author":[{"embeddable":true,"href":"https:\/\/elfsight.com\/pl\/wp-json\/wp\/v2\/users\/9"}],"replies":[{"embeddable":true,"href":"https:\/\/elfsight.com\/pl\/wp-json\/wp\/v2\/comments?post=7269"}],"version-history":[{"count":2,"href":"https:\/\/elfsight.com\/pl\/wp-json\/wp\/v2\/pages\/7269\/revisions"}],"predecessor-version":[{"id":8123,"href":"https:\/\/elfsight.com\/pl\/wp-json\/wp\/v2\/pages\/7269\/revisions\/8123"}],"up":[{"embeddable":true,"href":"https:\/\/elfsight.com\/pl\/wp-json\/wp\/v2\/pages\/2791"}],"wp:attachment":[{"href":"https:\/\/elfsight.com\/pl\/wp-json\/wp\/v2\/media?parent=7269"}],"curies":[{"name":"wp","href":"https:\/\/api.w.org\/{rel}","templated":true}]}}