{"id":7264,"date":"1970-01-01T00:00:00","date_gmt":"1970-01-01T00:00:00","guid":{"rendered":"https:\/\/elfsight.com\/pl\/?page_id=7264"},"modified":"2024-11-14T09:28:17","modified_gmt":"2024-11-14T09:28:17","slug":"wix","status":"publish","type":"page","link":"https:\/\/elfsight.com\/pl\/weather-widget\/wix\/","title":{"rendered":"Weather &#8211; Wix"},"content":{"rendered":"<div class=\"application-platform-content-item-description application-platform-content-item\" id=\"description\" data-nav-section=\"description\"><h2>Opis<\/h2><p>Widget pogody Elfsight to nieskomplikowany i konfigurowalny widget strony internetowej wy\u015bwietlaj\u0105cy aktualn\u0105 prognoz\u0119 pogody dla ka\u017cdego wymagana lokalizacja. Dodaj lokalizacj\u0119, u\u017cywaj\u0105c nazwy, kodu pocztowego lub wsp\u00f3\u0142rz\u0119dnych. Odwiedzaj\u0105cy witryn\u0119 b\u0119d\u0105 mogli zobaczy\u0107 aktualne informacje na temat temperatury, ci\u015bnienia powietrza, procentu wilgotno\u015bci i aktywnej pogody. Mo\u017cesz tak\u017ce wy\u015bwietli\u0107 prognoz\u0119 na tydzie\u0144 lub na najbli\u017csze dwana\u015bcie godzin. Wid\u017cet oferuje r\u00f3wnie\u017c t\u0142o tematyczne i mo\u017cliwo\u015b\u0107 wyboru dowolnych kolor\u00f3w. <\/p><p><b>Zwi\u0119ksz sprzeda\u017c produkt\u00f3w zale\u017cnych od pogody, zapewniaj\u0105cych odpowiedni\u0105 prognoz\u0119 pogody na Twojej stronie! <\/b><\/p><\/div><div class=\"application-platform-content-item-features application-platform-content-item\" id=\"features\" data-nav-section=\"features\"><p>Tutaj mo\u017cesz zobaczy\u0107 wszystkie cechy funkcjonalne wid\u017cetu Pogoda. Mo\u017cesz nimi zarz\u0105dza\u0107 bezpo\u015brednio w edytorze, a one pomog\u0105 Ci skonstruowa\u0107 wid\u017cet dostosowany do Twoich potrzeb. <\/p><ul><li>3 metody dodania lokalizacji: nazwa, kod pocztowy lub wsp\u00f3\u0142rz\u0119dne; <\/li><li>Ponad 30 j\u0119zyk\u00f3w umo\u017cliwiaj\u0105cych wy\u015bwietlanie informacji o pogodzie w j\u0119zyku, kt\u00f3rym pos\u0142uguj\u0105 si\u0119 Twoi odbiorcy; <\/li><li>5 rodzaj\u00f3w konfiguracji widget\u00f3w dla r\u00f3\u017cnych zastosowa\u0144; <\/li><li>Mo\u017cliwo\u015b\u0107 pokazania codziennej prognozy na nadchodz\u0105cy tydzie\u0144 wraz z datami; <\/li><li>Poka\u017c godzinow\u0105 pogod\u0119 na nast\u0119pne 12 godzin. <\/li><\/ul><p><a href=\"#demo\">Sprawd\u017a, jak dzia\u0142aj\u0105 wszystkie funkcje, w naszej wersji demonstracyjnej<\/a><\/p><\/div><div class=\"application-platform-content-item-installation application-platform-content-item\" id=\"installation\" data-nav-section=\"installation\"> <h2>Jak doda\u0107 aplikacj\u0119 Pogoda do witryny Wix? <\/h2><div class=\"video-container\"><iframe width=\"720\" height=\"405\" src=\"https:\/\/www.youtube.com\/embed\/WKJgqnycTPs\" frameborder=\"0\" allowfullscreen=\"\"><\/iframe><\/div><p>Aby wprowadzi\u0107 wid\u017cet, post\u0119puj zgodnie z poni\u017cszymi wskaz\u00f3wkami<\/p><ol><li><b>Zaprojektuj sw\u00f3j w\u0142asny wid\u017cet pogody<\/b><br>Zarz\u0105dzaj naszym bezp\u0142atnym demo, pobierz wtyczk\u0119 z niestandardowym wygl\u0105dem i ustawieniami. <\/li> <li><b>Odbierz indywidualny kod do opublikowania wtyczki<\/b><br>Po utworzeniu wid\u017cetu otrzymasz unikalny kod z powiadomienia pojawiaj\u0105cego si\u0119 w aplikacjach Elfsight. Skopiuj kod do dalszego wykorzystania. <\/li> <li><b>Opublikuj wtyczk\u0119 na swojej stronie Wix<\/b><br>Wybierz miejsce, w kt\u00f3rym planujesz zintegrowa\u0107 wtyczk\u0119 i wstaw tam skopiowany kod. Zapisz wyniki. <\/li> <li><b>Konfiguracja zosta\u0142a zako\u0144czona<\/b><br>Odwied\u017a sw\u00f3j sklep, aby wy\u015bwietli\u0107 nowy wid\u017cet. <\/li><\/ol> <p>Je\u015bli potrzebujesz pomocy lub masz pytania, skontaktuj si\u0119 z obs\u0142ug\u0105 klienta Elfsight. Ch\u0119tnie pomo\u017cemy w ka\u017cdej sprawie. <\/p><div class=\"faq\" data-component=\"FAQ\"><div class=\"faq-item\">\r\n\t\t\t\t\t<div class=\"faq-item-question\">\r\n\t\t\t\t\t\t<h3 class=\"faq-item-question-text\">Jak doda\u0107 wid\u017cet Pogoda do Wix?<\/h3>\r\n\r\n\t\t\t\t\t\t<div class=\"faq-item-question-icon\"><\/div>\r\n\t\t\t\t\t<\/div>\r\n\r\n\t\t\t\t\t<div class=\"faq-item-answer\">\r\n\t\t\t\t\t\t<div class=\"faq-item-answer-text\"><p>Najpierw ustaw swoj\u0105 lokalizacj\u0119 i w\u0142\u0105cz lub wy\u0142\u0105cz opcj\u0119 aby wy\u015bwietli\u0107 temperatur\u0119 w darmowym konfiguratorze online. Nast\u0119pnie skopiuj kod instalacyjny z wyskakuj\u0105cego okna i wklej go w wymaganym bloku na swojej stronie Wix. Ot\u00f3\u017c \u200b\u200bto! Jeste\u015b idealna! Twoje animowane okno pogody pojawi si\u0119 na stronie internetowej.<\/p><p><a href=\"https:\/\/elfsight.com\/tutorials\/how-to-add-weather-widget\/#how-to-add-weather -to-wix\">Oto instrukcja<\/a>, jak zainstalowa\u0107 wid\u017cet na innych platformach, a konkretnie na Wix, mi\u0142ej zabawy.<\/p><\/div>\r\n\t\t\t\t\t<\/div>\r\n\t\t\t\t<\/div><div class=\"faq-item\">\r\n\t\t\t\t\t<div class=\"faq-item-question\">\r\n\t\t\t\t\t\t<h3 class=\"faq-item-question-text\">Czy istnieje szans\u0119 zobaczy\u0107, jak widget b\u0119dzie wygl\u0105da\u0142 na stronie internetowej?<\/h3>\r\n\r\n\t\t\t\t\t\t<div class=\"faq-item-question-icon\"><\/div>\r\n\t\t\t\t\t<\/div>\r\n\r\n\t\t\t\t\t<div class=\"faq-item-answer\">\r\n\t\t\t\t\t\t<div class=\"faq-item-answer-text\"><p>Oczywi\u015bcie! Tworz\u0105c wtyczk\u0119 pogody Wix w <a href=\"https:\/\/elfsight.com\/weather-widget\/#demo\">kreatorze wid\u017cet\u00f3w online<\/a>, wszystkie wersje zostan\u0105 uwzgl\u0119dnione w prawej cz\u0119\u015bci redaktor. Tw\u00f3j widget pogody b\u0119dzie wygl\u0105da\u0142 dok\u0142adnie tak samo, jak ten, kt\u00f3ry znajdziesz na swojej stronie Wix. <\/p><\/div>\r\n\t\t\t\t\t<\/div>\r\n\t\t\t\t<\/div><div class=\"faq-item\">\r\n\t\t\t\t\t<div class=\"faq-item-question\">\r\n\t\t\t\t\t\t<h3 class=\"faq-item-question-text\">Jakie inne wid\u017cety s\u0105 niezb\u0119dne w witrynie Wix?<\/h3>\r\n\r\n\t\t\t\t\t\t<div class=\"faq-item-question-icon\"><\/div>\r\n\t\t\t\t\t<\/div>\r\n\r\n\t\t\t\t\t<div class=\"faq-item-answer\">\r\n\t\t\t\t\t\t<div class=\"faq-item-answer-text\"><p>Wix oferuje mn\u00f3stwo narz\u0119dzi e-commerce dla ka\u017cdego rodzaju witryny internetowej. Je\u015bli jednak chcesz jeszcze bardziej poszerzy\u0107 funkcjonalno\u015b\u0107 swojej witryny, mo\u017cesz to zrobi\u0107 za pomoc\u0105 wid\u017cet\u00f3w Elfsight.<\/p><p>Mo\u017cesz na przyk\u0142ad doda\u0107 <a href=\"https:\/\/elfsight. com\/pdf-embed-widget\/wix\/\">Osadzanie plik\u00f3w PDF<\/a>, <a href=\"https:\/\/elfsight.com\/instagram-feed-instashow\/wix\/\">kana\u0142 na Instagramie<\/a>, lub <a href=\"https:\/\/elfsight.com\/google-reviews-widget\/wix\/\">Recenzje Google<\/a>. Co wi\u0119cej, istnieje mo\u017cliwo\u015b\u0107 wyboru <a href=\"https:\/\/elfsight.com\/whatsapp-chat-widget\/wix\/\">czatu WhatsApp<\/a> lub <a href=\"https:\/\/ elfsight.com\/popup-widget\/wix\/\">Wyskakuj\u0105ce okienko<\/a>, aby jeszcze bardziej zaanga\u017cowa\u0107 odwiedzaj\u0105cych. W ka\u017cdym razie w katalogu Elfsight znajdziesz dowolne rozwi\u0105zanie dla swojej witryny.<\/p><\/div>\r\n\t\t\t\t\t<\/div>\r\n\t\t\t\t<\/div><\/div><\/div>","protected":false},"excerpt":{"rendered":"","protected":false},"author":9,"featured_media":0,"parent":2791,"menu_order":0,"comment_status":"closed","ping_status":"closed","template":"templates\/template-application-platform.php","meta":{"publish_to_discourse":"","publish_post_category":"","wpdc_auto_publish_overridden":"","wpdc_topic_tags":"","wpdc_pin_topic":"","wpdc_pin_until":"","discourse_post_id":"","discourse_permalink":"","wpdc_publishing_response":"","wpdc_publishing_error":"","footnotes":""},"class_list":["post-7264","page","type-page","status-publish","hentry"],"yoast_head":"<!-- This site is optimized with the Yoast SEO plugin v25.3.1 - https:\/\/yoast.com\/wordpress\/plugins\/seo\/ -->\n<title>Wid\u017cet pogody \u2014 dodaj aplikacj\u0119 Pogoda do witryny Wix (bezp\u0142atnie i szybko)<\/title>\n<meta name=\"description\" content=\"Utworzenie responsywnej wtyczki pogodowej i wy\u015bwietlenie jej na Twojej stronie Wix jest \u0142atwe. Obs\u0142uga klienta Elfsight jest bezp\u0142atna i szybka.\" \/>\n<meta name=\"robots\" content=\"index, follow, max-snippet:-1, max-image-preview:large, max-video-preview:-1\" \/>\n<link rel=\"canonical\" href=\"https:\/\/elfsight.com\/pl\/weather-widget\/wix\/\" \/>\n<meta property=\"og:locale\" content=\"pl_PL\" \/>\n<meta property=\"og:type\" content=\"article\" \/>\n<meta property=\"og:title\" content=\"Wid\u017cet pogody \u2014 dodaj aplikacj\u0119 Pogoda do witryny Wix (bezp\u0142atnie i szybko)\" \/>\n<meta property=\"og:description\" content=\"Utworzenie responsywnej wtyczki pogodowej i wy\u015bwietlenie jej na Twojej stronie Wix jest \u0142atwe. Obs\u0142uga klienta Elfsight jest bezp\u0142atna i szybka.\" \/>\n<meta property=\"og:url\" content=\"https:\/\/elfsight.com\/pl\/weather-widget\/wix\/\" \/>\n<meta property=\"og:site_name\" content=\"Elfsight PL\" \/>\n<meta property=\"article:modified_time\" content=\"2024-11-14T09:28:17+00:00\" \/>\n<meta name=\"twitter:card\" content=\"summary_large_image\" \/>\n<meta name=\"twitter:label1\" content=\"Szacowany czas czytania\" \/>\n\t<meta name=\"twitter:data1\" content=\"3 minuty\" \/>\n<!-- \/ Yoast SEO plugin. -->","yoast_head_json":{"title":"Wid\u017cet pogody \u2014 dodaj aplikacj\u0119 Pogoda do witryny Wix (bezp\u0142atnie i szybko)","description":"Utworzenie responsywnej wtyczki pogodowej i wy\u015bwietlenie jej na Twojej stronie Wix jest \u0142atwe. Obs\u0142uga klienta Elfsight jest bezp\u0142atna i szybka.","robots":{"index":"index","follow":"follow","max-snippet":"max-snippet:-1","max-image-preview":"max-image-preview:large","max-video-preview":"max-video-preview:-1"},"canonical":"https:\/\/elfsight.com\/pl\/weather-widget\/wix\/","og_locale":"pl_PL","og_type":"article","og_title":"Wid\u017cet pogody \u2014 dodaj aplikacj\u0119 Pogoda do witryny Wix (bezp\u0142atnie i szybko)","og_description":"Utworzenie responsywnej wtyczki pogodowej i wy\u015bwietlenie jej na Twojej stronie Wix jest \u0142atwe. Obs\u0142uga klienta Elfsight jest bezp\u0142atna i szybka.","og_url":"https:\/\/elfsight.com\/pl\/weather-widget\/wix\/","og_site_name":"Elfsight PL","article_modified_time":"2024-11-14T09:28:17+00:00","twitter_card":"summary_large_image","twitter_misc":{"Szacowany czas czytania":"3 minuty"},"schema":{"@context":"https:\/\/schema.org","@graph":[{"@type":"WebPage","@id":"https:\/\/elfsight.com\/pl\/weather-widget\/wix\/","url":"https:\/\/elfsight.com\/pl\/weather-widget\/wix\/","name":"Wid\u017cet pogody \u2014 dodaj aplikacj\u0119 Pogoda do witryny Wix (bezp\u0142atnie i szybko)","isPartOf":{"@id":"https:\/\/elfsight.com\/pl\/#website"},"datePublished":"1970-01-01T00:00:00+00:00","dateModified":"2024-11-14T09:28:17+00:00","description":"Utworzenie responsywnej wtyczki pogodowej i wy\u015bwietlenie jej na Twojej stronie Wix jest \u0142atwe. Obs\u0142uga klienta Elfsight jest bezp\u0142atna i szybka.","breadcrumb":{"@id":"https:\/\/elfsight.com\/pl\/weather-widget\/wix\/#breadcrumb"},"inLanguage":"pl-PL","potentialAction":[{"@type":"ReadAction","target":["https:\/\/elfsight.com\/pl\/weather-widget\/wix\/"]}]},{"@type":"BreadcrumbList","@id":"https:\/\/elfsight.com\/pl\/weather-widget\/wix\/#breadcrumb","itemListElement":[{"@type":"ListItem","position":1,"name":"Home","item":"https:\/\/elfsight.com\/pl\/"},{"@type":"ListItem","position":2,"name":"Weather","item":"https:\/\/elfsight.com\/pl\/weather-widget\/"},{"@type":"ListItem","position":3,"name":"Weather &#8211; Wix"}]},{"@type":"WebSite","@id":"https:\/\/elfsight.com\/pl\/#website","url":"https:\/\/elfsight.com\/pl\/","name":"Elfsight PL","description":"Just another Elfsight Sites site","potentialAction":[{"@type":"SearchAction","target":{"@type":"EntryPoint","urlTemplate":"https:\/\/elfsight.com\/pl\/?s={search_term_string}"},"query-input":{"@type":"PropertyValueSpecification","valueRequired":true,"valueName":"search_term_string"}}],"inLanguage":"pl-PL"}]}},"meta_box":{"industry":"","seo_heading":"","heading":"","description":"","cta_heading":"","cta_description":"","application":"2790","h1":"Aplikacja Wix Weather","h1_caption":"Wy\u015bwietlaj aktualne informacje o pogodzie dla dowolnej lokalizacji na swojej stronie internetowej, aby bez wysi\u0142ku przyci\u0105gn\u0105\u0107 lokalnych lub podr\u00f3\u017cuj\u0105cych odbiorc\u00f3w do Twojej witryny Wix.","application_category":[],"applications_title":"","applications_request_title":"","applications_request_button_text":"","hero_text":"","hero_video":"","hero_video_schema_markup":"","selling_points_title":"","selling_points_caption":"","selling_points":[],"selling_points_cta_text":"","features_title":"","features":"","ed_cta_examples_text":"","ed_cta_examples_hidden":"","ed_cta_demo_text":"","ed_cta_demo_hidden":"","why_caption":"","why_editor_title":"","why_editor_text":"","why_team_title":"","why_team_text":"","why_service_title":"","why_service_text":"","template_catalog_visible":"","template_catalog_title":"","template_catalog_text":"","template_catalog_categories_visible":"","demo_title":"Utw\u00f3rz aplikacj\u0119 pogodow\u0105","demo_caption":"Skonfiguruj swoj\u0105 pogod\u0119 i dodaj j\u0105 do swojej witryny Wix za darmo!","default_faq_hidden":"","app_template_category":[],"platform":"30","template_public_id":"","codecanyon_url":"","codecanyon_item_id":"","codecanyon_price":"","pricing_caption":"","pricing_elfsight_apps_hide_column":"","pricing_elfsight_apps_url":"","pricing_codecanyon_price_caption":"","integration_category":[],"integration_request_title":"","integration_request_cta":"","integration_platform":"","integrations":[],"platform_category":[],"video_schema_markup":"","price":"od 0 USD \/ miesi\u0105c","trial":"","benefits":[{"text":"Bezp\u0142atna pomoc w instalacji"},{"text":"Wyj\u0105tkowe wsparcie"},{"text":"14-dniowa gwarancja zwrotu pieni\u0119dzy"}],"button_url":"#demo","button_target_blank":"","button_nofollow":"","attributes":[{"name":"Instaluje"},{"name":"Czu\u0142y"},{"name":"Kompatybilne przegl\u0105darki"}],"tags":[],"tags_disable_links":"","hide_more_platforms":"","video_object":"","demo_hide_cta":"","demo_hide_cloud_options":"","pricing_title":"","pricing":[{"pricing_icon":"platform","pricing_title":"Elfsight Apps","pricing_title_caption":"Oprogramowanie niezale\u017cne od platformy, kt\u00f3re pasuje do ka\u017cdej witryny","pricing_price":"od 0 USD \/ miesi\u0105c","pricing_price_caption":"zacznij od bezp\u0142atnego planu","pricing_benefits":[{"text":"Nielimitowane strony internetowe"},{"text":"Dedykowana obs\u0142uga klienta"},{"text":"Bezp\u0142atna us\u0142uga monta\u017cu"},{"text":"Specjalna oferta na wiele aplikacji"}],"pricing_button_text":"Dodaj do witryny","pricing_button_url":"#demo"}],"related_apps_title":"","related_apps_hidden":"","author":"","image":[],"title":"","job":"","social_networks":[]},"_links":{"self":[{"href":"https:\/\/elfsight.com\/pl\/wp-json\/wp\/v2\/pages\/7264","targetHints":{"allow":["GET"]}}],"collection":[{"href":"https:\/\/elfsight.com\/pl\/wp-json\/wp\/v2\/pages"}],"about":[{"href":"https:\/\/elfsight.com\/pl\/wp-json\/wp\/v2\/types\/page"}],"author":[{"embeddable":true,"href":"https:\/\/elfsight.com\/pl\/wp-json\/wp\/v2\/users\/9"}],"replies":[{"embeddable":true,"href":"https:\/\/elfsight.com\/pl\/wp-json\/wp\/v2\/comments?post=7264"}],"version-history":[{"count":2,"href":"https:\/\/elfsight.com\/pl\/wp-json\/wp\/v2\/pages\/7264\/revisions"}],"predecessor-version":[{"id":8122,"href":"https:\/\/elfsight.com\/pl\/wp-json\/wp\/v2\/pages\/7264\/revisions\/8122"}],"up":[{"embeddable":true,"href":"https:\/\/elfsight.com\/pl\/wp-json\/wp\/v2\/pages\/2791"}],"wp:attachment":[{"href":"https:\/\/elfsight.com\/pl\/wp-json\/wp\/v2\/media?parent=7264"}],"curies":[{"name":"wp","href":"https:\/\/api.w.org\/{rel}","templated":true}]}}