{"id":7262,"date":"1970-01-01T00:00:00","date_gmt":"1970-01-01T00:00:00","guid":{"rendered":"https:\/\/elfsight.com\/pl\/?page_id=7262"},"modified":"2024-11-14T09:28:17","modified_gmt":"2024-11-14T09:28:17","slug":"facebook","status":"publish","type":"page","link":"https:\/\/elfsight.com\/pl\/weather-widget\/facebook\/","title":{"rendered":"Weather &#8211; Facebook Page"},"content":{"rendered":"<div class=\"application-platform-content-item-description application-platform-content-item\" id=\"description\" data-nav-section=\"description\"><h2>Opis<\/h2><p>Elfsight Weather to prosty i \u0142atwy w adaptacji widget strony internetowej, kt\u00f3ry pokazuje odpowiedni\u0105 sytuacj\u0119 pogodow\u0105 dla dowolnego wymaganego obszaru. Wprowad\u017a miejsce wed\u0142ug tytu\u0142u, kodu pocztowego lub wsp\u00f3\u0142rz\u0119dnych. Odwiedzaj\u0105cy witryn\u0119 b\u0119d\u0105 mogli sprawdzi\u0107 aktualne informacje na temat temperatury, ci\u015bnienia powietrza, wilgotno\u015bci i element\u00f3w pogody. Nasz widget posiada opcj\u0119 wy\u015bwietlania prognozy godzinowej lub dziennej. Mo\u017cesz dostosowa\u0107 interfejs za pomoc\u0105 tematycznych obraz\u00f3w t\u0142a i opcji zastosowania niestandardowych kolor\u00f3w. <\/p><p><b>Zwi\u0119ksz sprzeda\u017c produkt\u00f3w sezonowych dzi\u0119ki odpowiedniej prognozie pogody na swojej stronie! <\/b><\/p><\/div><div class=\"application-platform-content-item-features application-platform-content-item\" id=\"features\" data-nav-section=\"features\"><p>Sprawd\u017a list\u0119 wszystkich cech funkcjonalnych wid\u017cetu pogody na Facebooku. Mo\u017cesz je dostosowa\u0107 bezpo\u015brednio w edytorze, co pomo\u017ce Ci skonstruowa\u0107 wid\u017cet specjalnie pod Twoje potrzeby. <\/p><ul><li>3 sposoby dodania miejsca: nazwa, kod pocztowy i wsp\u00f3\u0142rz\u0119dne; <\/li><li>Obs\u0142uga ponad 30 j\u0119zyk\u00f3w w celu prezentowania danych pogodowych w j\u0119zyku odbiorc\u00f3w; <\/li><li>5 wariant\u00f3w konfiguracji widgetu dla r\u00f3\u017cnych zastosowa\u0144; <\/li><li>Mo\u017cliwo\u015b\u0107 pokazania dziennej prognozy na tydzie\u0144 z datami; <\/li><li>Dodaj prognoz\u0119 godzinow\u0105 na najbli\u017csze 12 godzin. <\/li><\/ul><p><a href=\"#demo\">Przetestuj wszystkie inne funkcje w wersji demonstracyjnej<\/a><\/p><\/div><div class=\"application-platform-content-item-installation application-platform-content-item\" id=\"installation\" data-nav-section=\"installation\"><h2> Jak mog\u0119 doda\u0107 pogod\u0119 do strony na Facebooku? <\/h2><p>Aby wprowadzi\u0107 wid\u017cet pogody, po prostu post\u0119puj zgodnie z poni\u017cszymi wskaz\u00f3wkami<\/p><ol><li><b>Wygeneruj spersonalizowany wid\u017cet pogody<\/b><br>Korzystaj\u0105c z naszej bezp\u0142atnej wersji demonstracyjnej, Shape wtyczka z preferowanym interfejsem i ustawieniami. <\/li> <li><b>Uzyskaj indywidualny kod do zainstalowania wid\u017cetu<\/b><br>Po wygenerowaniu wid\u017cetu otrzymasz kod instalacyjny z wyskakuj\u0105cego okna aplikacji Elfsight. Skopiuj kod. <\/li><li><b>Dodaj zak\u0142adk\u0119 Pogoda do strony na Facebooku<\/b><br> Stw\u00f3rz w\u0142asn\u0105 zak\u0142adk\u0119 na Facebooku. Wpisz w zak\u0142adce kod otrzymany w aplikacji elfsight. Je\u015bli masz jakiekolwiek problemy, po prostu zapoznaj si\u0119 z naszym przewodnikiem na stronie <a href=\"https:\/\/elfsight.com\/blog\/how-to-add-custom-tab-to-facebook-page\/\" target=\"_blank\" rel=\"noopener noreferrer\">tworzenie niestandardowej karty Facebook<\/a><\/li> <li><b>Konfiguracja zosta\u0142a uko\u0144czona<\/b><br>Odwied\u017a swoj\u0105 stron\u0119, aby sprawdzi\u0107 sw\u00f3j wid\u017cet. <\/li><\/ol> <p>Je\u015bli potrzebujesz pomocy lub masz problemy, skontaktuj si\u0119 z dzia\u0142em pomocy. Przy ka\u017cdym zapytaniu pomo\u017cemy. <\/p><div class=\"faq\" data-component=\"FAQ\"><div class=\"faq-item\">\r\n\t\t\t\t\t<div class=\"faq-item-question\">\r\n\t\t\t\t\t\t<h3 class=\"faq-item-question-text\">Jak mog\u0119 doda\u0107 pogod\u0119 do mojej strony na Facebooku bez umiej\u0119tno\u015bci kodowania?<\/h3>\r\n\r\n\t\t\t\t\t\t<div class=\"faq-item-question-icon\"><\/div>\r\n\t\t\t\t\t<\/div>\r\n\r\n\t\t\t\t\t<div class=\"faq-item-answer\">\r\n\t\t\t\t\t\t<div class=\"faq-item-answer-text\"> <p>Elfsight zapewnia rozwi\u0105zanie SaaS, kt\u00f3re umo\u017cliwia samodzielne utworzenie wid\u017cetu pogody. Dowiedz si\u0119, jak to zrobi\u0107 to proste: rozpocznij prac\u0119 bezpo\u015brednio w wersji demonstracyjnej na \u017cywo, aby utworzy\u0107 sekcj\u0119 pogody, kt\u00f3r\u0105 chcesz umie\u015bci\u0107 na stronie g\u0142\u00f3wnej strony na Facebooku. Zdecyduj si\u0119 na jeden z gotowych szablon\u00f3w i zmodyfikuj ustawienia pogody, zmie\u0144 uk\u0142ad i kolorystyk\u0119, dodaj swoj\u0105 tre\u015b\u0107, bez do\u015bwiadczenia w kodowaniu. Zapisz ustawienia wprowadzone w aplikacji Weather i uzyskaj kod wid\u017cetu do umieszczenia na stronie, kt\u00f3ry mo\u017cna bezp\u0142atnie umie\u015bci\u0107 na stronie g\u0142\u00f3wnej strony na Facebooku. Pracuj\u0105c w intuicyjnym Konfiguratorze, ka\u017cdy internauta mo\u017ce ustawi\u0107 Pogoda online i bez problemu doda\u0107 j\u0105 do strony g\u0142\u00f3wnej Facebooka. Aby wej\u015b\u0107 do naszego Edytora, nie jest wymagana p\u0142atno\u015b\u0107 ani ujawnianie danych uwierzytelniaj\u0105cych karty. Je\u015bli napotkasz jakiekolwiek problemy, skontaktuj si\u0119 z nasz\u0105 techniczn\u0105 obs\u0142ug\u0105 klienta.<\/p> <\/div>\r\n\t\t\t\t\t<\/div>\r\n\t\t\t\t<\/div> <\/div><\/div>","protected":false},"excerpt":{"rendered":"","protected":false},"author":9,"featured_media":0,"parent":2791,"menu_order":0,"comment_status":"closed","ping_status":"closed","template":"templates\/template-application-platform.php","meta":{"publish_to_discourse":"","publish_post_category":"","wpdc_auto_publish_overridden":"","wpdc_topic_tags":"","wpdc_pin_topic":"","wpdc_pin_until":"","discourse_post_id":"","discourse_permalink":"","wpdc_publishing_response":"","wpdc_publishing_error":"","footnotes":""},"class_list":["post-7262","page","type-page","status-publish","hentry"],"yoast_head":"<!-- This site is optimized with the Yoast SEO plugin v25.3.1 - https:\/\/yoast.com\/wordpress\/plugins\/seo\/ -->\n<title>Dodaj wid\u017cet Pogoda do karty strony na Facebooku (bezp\u0142atnie i szybko)<\/title>\n<meta name=\"description\" content=\"Stworzenie wid\u017cetu Pogoda i dodanie go do karty strony na Facebooku jest \u0142atwe. Obs\u0142uga klienta Elfsight jest bezp\u0142atna i szybka.\" \/>\n<meta name=\"robots\" content=\"index, follow, max-snippet:-1, max-image-preview:large, max-video-preview:-1\" \/>\n<link rel=\"canonical\" href=\"https:\/\/elfsight.com\/pl\/weather-widget\/facebook\/\" \/>\n<meta property=\"og:locale\" content=\"pl_PL\" \/>\n<meta property=\"og:type\" content=\"article\" \/>\n<meta property=\"og:title\" content=\"Dodaj wid\u017cet Pogoda do karty strony na Facebooku (bezp\u0142atnie i szybko)\" \/>\n<meta property=\"og:description\" content=\"Stworzenie wid\u017cetu Pogoda i dodanie go do karty strony na Facebooku jest \u0142atwe. Obs\u0142uga klienta Elfsight jest bezp\u0142atna i szybka.\" \/>\n<meta property=\"og:url\" content=\"https:\/\/elfsight.com\/pl\/weather-widget\/facebook\/\" \/>\n<meta property=\"og:site_name\" content=\"Elfsight PL\" \/>\n<meta property=\"article:modified_time\" content=\"2024-11-14T09:28:17+00:00\" \/>\n<meta name=\"twitter:card\" content=\"summary_large_image\" \/>\n<meta name=\"twitter:label1\" content=\"Szacowany czas czytania\" \/>\n\t<meta name=\"twitter:data1\" content=\"3 minuty\" \/>\n<!-- \/ Yoast SEO plugin. -->","yoast_head_json":{"title":"Dodaj wid\u017cet Pogoda do karty strony na Facebooku (bezp\u0142atnie i szybko)","description":"Stworzenie wid\u017cetu Pogoda i dodanie go do karty strony na Facebooku jest \u0142atwe. Obs\u0142uga klienta Elfsight jest bezp\u0142atna i szybka.","robots":{"index":"index","follow":"follow","max-snippet":"max-snippet:-1","max-image-preview":"max-image-preview:large","max-video-preview":"max-video-preview:-1"},"canonical":"https:\/\/elfsight.com\/pl\/weather-widget\/facebook\/","og_locale":"pl_PL","og_type":"article","og_title":"Dodaj wid\u017cet Pogoda do karty strony na Facebooku (bezp\u0142atnie i szybko)","og_description":"Stworzenie wid\u017cetu Pogoda i dodanie go do karty strony na Facebooku jest \u0142atwe. Obs\u0142uga klienta Elfsight jest bezp\u0142atna i szybka.","og_url":"https:\/\/elfsight.com\/pl\/weather-widget\/facebook\/","og_site_name":"Elfsight PL","article_modified_time":"2024-11-14T09:28:17+00:00","twitter_card":"summary_large_image","twitter_misc":{"Szacowany czas czytania":"3 minuty"},"schema":{"@context":"https:\/\/schema.org","@graph":[{"@type":"WebPage","@id":"https:\/\/elfsight.com\/pl\/weather-widget\/facebook\/","url":"https:\/\/elfsight.com\/pl\/weather-widget\/facebook\/","name":"Dodaj wid\u017cet Pogoda do karty strony na Facebooku (bezp\u0142atnie i szybko)","isPartOf":{"@id":"https:\/\/elfsight.com\/pl\/#website"},"datePublished":"1970-01-01T00:00:00+00:00","dateModified":"2024-11-14T09:28:17+00:00","description":"Stworzenie wid\u017cetu Pogoda i dodanie go do karty strony na Facebooku jest \u0142atwe. Obs\u0142uga klienta Elfsight jest bezp\u0142atna i szybka.","breadcrumb":{"@id":"https:\/\/elfsight.com\/pl\/weather-widget\/facebook\/#breadcrumb"},"inLanguage":"pl-PL","potentialAction":[{"@type":"ReadAction","target":["https:\/\/elfsight.com\/pl\/weather-widget\/facebook\/"]}]},{"@type":"BreadcrumbList","@id":"https:\/\/elfsight.com\/pl\/weather-widget\/facebook\/#breadcrumb","itemListElement":[{"@type":"ListItem","position":1,"name":"Home","item":"https:\/\/elfsight.com\/pl\/"},{"@type":"ListItem","position":2,"name":"Weather","item":"https:\/\/elfsight.com\/pl\/weather-widget\/"},{"@type":"ListItem","position":3,"name":"Weather &#8211; Facebook Page"}]},{"@type":"WebSite","@id":"https:\/\/elfsight.com\/pl\/#website","url":"https:\/\/elfsight.com\/pl\/","name":"Elfsight PL","description":"Just another Elfsight Sites site","potentialAction":[{"@type":"SearchAction","target":{"@type":"EntryPoint","urlTemplate":"https:\/\/elfsight.com\/pl\/?s={search_term_string}"},"query-input":{"@type":"PropertyValueSpecification","valueRequired":true,"valueName":"search_term_string"}}],"inLanguage":"pl-PL"}]}},"meta_box":{"industry":"","seo_heading":"","heading":"","description":"","cta_heading":"","cta_description":"","application":"2790","h1":"Wid\u017cet pogodowy dla strony na Facebooku","h1_caption":"Wy\u015bwietlaj aktualne informacje o pogodzie dla dowolnej lokalizacji w swojej witrynie, aby bez wysi\u0142ku zaanga\u017cowa\u0107 lokalnych lub podr\u00f3\u017cuj\u0105cych odbiorc\u00f3w w witryn\u0119 strony na Facebooku.","application_category":[],"applications_title":"","applications_request_title":"","applications_request_button_text":"","hero_text":"","hero_video":"","hero_video_schema_markup":"","selling_points_title":"","selling_points_caption":"","selling_points":[],"selling_points_cta_text":"","features_title":"","features":"","ed_cta_examples_text":"","ed_cta_examples_hidden":"","ed_cta_demo_text":"","ed_cta_demo_hidden":"","why_caption":"","why_editor_title":"","why_editor_text":"","why_team_title":"","why_team_text":"","why_service_title":"","why_service_text":"","template_catalog_visible":"","template_catalog_title":"","template_catalog_text":"","template_catalog_categories_visible":"","demo_title":"Utw\u00f3rz wid\u017cet pogody","demo_caption":"Skonfiguruj swoj\u0105 pogod\u0119 i dodaj j\u0105 do swojej strony na Facebooku za darmo!","default_faq_hidden":"","app_template_category":[],"platform":"319","template_public_id":"","codecanyon_url":"","codecanyon_item_id":"","codecanyon_price":"","pricing_caption":"","pricing_elfsight_apps_hide_column":"","pricing_elfsight_apps_url":"","pricing_codecanyon_price_caption":"","integration_category":[],"integration_request_title":"","integration_request_cta":"","integration_platform":"","integrations":[],"platform_category":[],"video_schema_markup":"","price":"od 0 USD \/ miesi\u0105c","trial":"","benefits":[{"text":"Bezp\u0142atna pomoc w instalacji"},{"text":"Kompetentna obs\u0142uga klienta"},{"text":"14-dniowa gwarancja zwrotu pieni\u0119dzy"}],"button_url":"#demo","button_target_blank":"","button_nofollow":"","attributes":[{"name":"Instaluje"},{"name":"Czu\u0142y"},{"name":"Kompatybilne przegl\u0105darki"}],"tags":[],"tags_disable_links":"","hide_more_platforms":"","video_object":"","demo_hide_cta":"","demo_hide_cloud_options":"","pricing_title":"","pricing":[{"pricing_icon":"platform","pricing_title":"Elfsight Apps","pricing_title_caption":"Wersja wieloplatformowa","pricing_price":"od 0 USD \/ miesi\u0105c","pricing_price_caption":"zacznij od bezp\u0142atnego planu","pricing_benefits":[{"text":"Nielimitowane strony internetowe"},{"text":"Szybkie wsparcie firmy"},{"text":"Bezp\u0142atna pomoc w monta\u017cu"},{"text":"\u015awietna oferta na wiele aplikacji"}],"pricing_button_text":"Dodaj do witryny","pricing_button_url":"#demo"}],"related_apps_title":"","related_apps_hidden":"","author":"","image":[],"title":"","job":"","social_networks":[]},"_links":{"self":[{"href":"https:\/\/elfsight.com\/pl\/wp-json\/wp\/v2\/pages\/7262","targetHints":{"allow":["GET"]}}],"collection":[{"href":"https:\/\/elfsight.com\/pl\/wp-json\/wp\/v2\/pages"}],"about":[{"href":"https:\/\/elfsight.com\/pl\/wp-json\/wp\/v2\/types\/page"}],"author":[{"embeddable":true,"href":"https:\/\/elfsight.com\/pl\/wp-json\/wp\/v2\/users\/9"}],"replies":[{"embeddable":true,"href":"https:\/\/elfsight.com\/pl\/wp-json\/wp\/v2\/comments?post=7262"}],"version-history":[{"count":1,"href":"https:\/\/elfsight.com\/pl\/wp-json\/wp\/v2\/pages\/7262\/revisions"}],"predecessor-version":[{"id":7266,"href":"https:\/\/elfsight.com\/pl\/wp-json\/wp\/v2\/pages\/7262\/revisions\/7266"}],"up":[{"embeddable":true,"href":"https:\/\/elfsight.com\/pl\/wp-json\/wp\/v2\/pages\/2791"}],"wp:attachment":[{"href":"https:\/\/elfsight.com\/pl\/wp-json\/wp\/v2\/media?parent=7262"}],"curies":[{"name":"wp","href":"https:\/\/api.w.org\/{rel}","templated":true}]}}