{"id":7261,"date":"1970-01-01T00:00:00","date_gmt":"1970-01-01T00:00:00","guid":{"rendered":"https:\/\/elfsight.com\/pl\/?page_id=7261"},"modified":"2024-11-14T09:20:40","modified_gmt":"2024-11-14T09:20:40","slug":"woocommerce","status":"publish","type":"page","link":"https:\/\/elfsight.com\/pl\/weather-widget\/woocommerce\/","title":{"rendered":"Weather &#8211; WooCommerce"},"content":{"rendered":"<div class=\"application-platform-content-item-description application-platform-content-item\" id=\"description\" data-nav-section=\"description\"><h2>Opis<\/h2><p>Elfsight Weather to przydatna i konfigurowalna wtyczka do witryny internetowej, kt\u00f3ra zapewnia odwiedzaj\u0105cym aktualn\u0105 pogod\u0119 dla dowolnej lokalizacji. Dodaj lokalizacj\u0119 wed\u0142ug nazwy, kodu pocztowego lub wsp\u00f3\u0142rz\u0119dnych. Odbiorcy witryny b\u0119d\u0105 mogli zobaczy\u0107 aktualne dane dotycz\u0105ce temperatury, ci\u015bnienia powietrza, procentu wilgotno\u015bci i aktywnej pogody. Mo\u017cesz tak\u017ce wy\u015bwietli\u0107 prognoz\u0119 godzinow\u0105 lub dzienn\u0105. Mo\u017cesz spersonalizowa\u0107 interfejs za pomoc\u0105 tematycznych obraz\u00f3w t\u0142a i mo\u017cliwo\u015bci wyboru niestandardowych kolor\u00f3w.<\/p><p><b>Zapewnij wygod\u0119 u\u017cytkowania dzi\u0119ki por\u0119cznemu widgetowi pogody na swojej stronie internetowej.<\/b><\/p> <\/div> <div class=\"application-platform-content-item-features application-platform-content-item\" id=\"features\" data-nav-section=\"features\"><h2>To tylko kilka z wielu funkcji widgetu:<\/h2><ul><li>3 sposoby oznaczenia lokalizacji: wed\u0142ug nazwy, kodu pocztowego, i wsp\u00f3\u0142rz\u0119dne;<\/li><li>Obs\u0142uga ponad 30 j\u0119zyk\u00f3w umo\u017cliwiaj\u0105cych wy\u015bwietlanie informacji o pogodzie w Twoim j\u0119zyku ojczystym;<\/li><li>5 typ\u00f3w konfiguracji wid\u017cetu do r\u00f3\u017cnych zastosowa\u0144;<\/li><li> Mo\u017cliwo\u015b\u0107 dodania dziennej prognozy na nadchodz\u0105cy tydzie\u0144 wraz z datami;<\/li><li>Poka\u017c prognoz\u0119 godzinow\u0105 na najbli\u017csze 12 godzin.<\/li><\/ul><p><a href=\"#demo\"> Po prostu sprawd\u017a t\u0119 wersj\u0119 demonstracyjn\u0105, aby zobaczy\u0107, jak to dzia\u0142a<\/a><\/p><\/div><div class=\"application-platform-content-item-installation application-platform-content-item\" id=\"installation\" data-nav-section=\"installation\"><h2>Jak osadzi\u0107 Weather na mojej stronie WooCommerce?<\/h2><p>Po prostu wykonaj post\u0119puj zgodnie z poni\u017cszymi wskaz\u00f3wkami, aby rozpocz\u0105\u0107 prac\u0119 z wtyczk\u0105.<\/p><ol><li><b>Uruchom nasz darmowy edytor i rozpocznij tworzenie w\u0142asnego widgetu.<\/b><br>Wybierz wybran\u0105 form\u0119 i aspekty wtyczki i zapisz poprawki.<\/li><li><b>Skopiuj sw\u00f3j osobisty kod widoczny w polu aplikacji Elfsight.<\/b><br>Po zako\u0144czeniu dostosowywania osobistej wtyczki skopiuj kod osobisty na pojawi\u0142o si\u0119 okienko i zapisz je na p\u00f3\u017aniej.<\/li><li><b>Rozpocznij korzystanie z narz\u0119dzia na stronie WooCommerce.<\/b><br>Dodaj skopiowany wcze\u015bniej kod do swojej witryny i zastosuj poprawki.<\/b><br> li&gt;<li><b>Instalacja zosta\u0142a pomy\u015blnie zako\u0144czona.<\/b><br>Przejd\u017a na swoj\u0105 stron\u0119 internetow\u0105, aby zobaczy\u0107 w akcji dzia\u0142anie narz\u0119dzia.<\/li><\/ol><p>Je\u015bli napotkasz jakie\u015b przeszkody, popro\u015b o pomoc nasz zesp\u00f3\u0142 wsparcia. Nasi konsultanci ch\u0119tnie odpowiedz\u0105 na wszystkie pytania dotycz\u0105ce tego narz\u0119dzia.<\/p><div class=\"faq\" data-component=\"FAQ\"><div class=\"faq-item\">\r\n\t\t\t\t\t<div class=\"faq-item-question\">\r\n\t\t\t\t\t\t<h3 class=\"faq-item-question-text\">Jak mog\u0119 doda\u0107 Weather do mojej witryny WooCommerce bez kodowania?<\/h3>\r\n\r\n\t\t\t\t\t\t<div class=\"faq-item-question-icon\"><\/div>\r\n\t\t\t\t\t<\/div>\r\n\r\n\t\t\t\t\t<div class=\"faq-item-answer\">\r\n\t\t\t\t\t\t<div class=\"faq-item-answer-text\"> <p>Firma Elfsight oferuje Rozwi\u0105zanie w chmurze, kt\u00f3re pozwala samodzielnie skonfigurowa\u0107 aplikacj\u0119 pogodow\u0105, sprawd\u017a proste kroki: Przejd\u017a do wersji demonstracyjnej na \u017cywo, aby utworzy\u0107 aplikacj\u0119 pogodow\u0105, kt\u00f3r\u0105 chcesz doda\u0107 na stronie internetowej WooCommerce. Wybierz jeden z wielu wst\u0119pnie zaprojektowanych szablon\u00f3w i zmodyfikuj ustawienia pogody, dodaj swoj\u0105 tre\u015b\u0107, zmie\u0144 uk\u0142ad i kolor element\u00f3w bez do\u015bwiadczenia w kodowaniu. Kliknij, aby zapisa\u0107 pogod\u0119 i skopiuj kod do umieszczenia, kt\u00f3ry mo\u017cna \u0142atwo osadzi\u0107 na Twojej stronie WooCommerce bez konieczno\u015bci kupowania p\u0142atnej subskrypcji. Korzystaj\u0105c z \u0142atwego w u\u017cyciu edytora, ka\u017cdy u\u017cytkownik Internetu mo\u017ce stworzy\u0107 widget pogody online i \u0142atwo doda\u0107 go do strony g\u0142\u00f3wnej WooCommerce. Aby uzyska\u0107 dost\u0119p do us\u0142ugi, nie powiniene\u015b wykupi\u0107 p\u0142atnej subskrypcji ani podawa\u0107 danych swojej karty. Je\u015bli na kt\u00f3rymkolwiek etapie napotkasz jakiekolwiek problemy, skontaktuj si\u0119 z naszym personelem pomocy technicznej.<\/p> <\/div>\r\n\t\t\t\t\t<\/div>\r\n\t\t\t\t<\/div> <\/div><\/div>","protected":false},"excerpt":{"rendered":"","protected":false},"author":9,"featured_media":0,"parent":2791,"menu_order":0,"comment_status":"closed","ping_status":"closed","template":"templates\/template-application-platform.php","meta":{"publish_to_discourse":"","publish_post_category":"","wpdc_auto_publish_overridden":"","wpdc_topic_tags":"","wpdc_pin_topic":"","wpdc_pin_until":"","discourse_post_id":"","discourse_permalink":"","wpdc_publishing_response":"","wpdc_publishing_error":"","footnotes":""},"class_list":["post-7261","page","type-page","status-publish","hentry"],"yoast_head":"<!-- This site is optimized with the Yoast SEO plugin v25.3.1 - https:\/\/yoast.com\/wordpress\/plugins\/seo\/ -->\n<title>Widget pogody \u2014 Dodaj aplikacj\u0119 Pogoda do witryny WooCommerce<\/title>\n<meta name=\"description\" content=\"Wykorzystaj szans\u0119, aby dostosowa\u0107 niestandardow\u0105 wtyczk\u0119 Forecast Weather ju\u017c teraz i dodaj j\u0105 do swojej witryny WooCommerce bezpo\u015brednio z wersji demonstracyjnej na \u017cywo.\" \/>\n<meta name=\"robots\" content=\"index, follow, max-snippet:-1, max-image-preview:large, max-video-preview:-1\" \/>\n<link rel=\"canonical\" href=\"https:\/\/elfsight.com\/pl\/weather-widget\/woocommerce\/\" \/>\n<meta property=\"og:locale\" content=\"pl_PL\" \/>\n<meta property=\"og:type\" content=\"article\" \/>\n<meta property=\"og:title\" content=\"Widget pogody \u2014 Dodaj aplikacj\u0119 Pogoda do witryny WooCommerce\" \/>\n<meta property=\"og:description\" content=\"Wykorzystaj szans\u0119, aby dostosowa\u0107 niestandardow\u0105 wtyczk\u0119 Forecast Weather ju\u017c teraz i dodaj j\u0105 do swojej witryny WooCommerce bezpo\u015brednio z wersji demonstracyjnej na \u017cywo.\" \/>\n<meta property=\"og:url\" content=\"https:\/\/elfsight.com\/pl\/weather-widget\/woocommerce\/\" \/>\n<meta property=\"og:site_name\" content=\"Elfsight PL\" \/>\n<meta property=\"article:modified_time\" content=\"2024-11-14T09:20:40+00:00\" \/>\n<meta name=\"twitter:card\" content=\"summary_large_image\" \/>\n<meta name=\"twitter:label1\" content=\"Szacowany czas czytania\" \/>\n\t<meta name=\"twitter:data1\" content=\"3 minuty\" \/>\n<!-- \/ Yoast SEO plugin. -->","yoast_head_json":{"title":"Widget pogody \u2014 Dodaj aplikacj\u0119 Pogoda do witryny WooCommerce","description":"Wykorzystaj szans\u0119, aby dostosowa\u0107 niestandardow\u0105 wtyczk\u0119 Forecast Weather ju\u017c teraz i dodaj j\u0105 do swojej witryny WooCommerce bezpo\u015brednio z wersji demonstracyjnej na \u017cywo.","robots":{"index":"index","follow":"follow","max-snippet":"max-snippet:-1","max-image-preview":"max-image-preview:large","max-video-preview":"max-video-preview:-1"},"canonical":"https:\/\/elfsight.com\/pl\/weather-widget\/woocommerce\/","og_locale":"pl_PL","og_type":"article","og_title":"Widget pogody \u2014 Dodaj aplikacj\u0119 Pogoda do witryny WooCommerce","og_description":"Wykorzystaj szans\u0119, aby dostosowa\u0107 niestandardow\u0105 wtyczk\u0119 Forecast Weather ju\u017c teraz i dodaj j\u0105 do swojej witryny WooCommerce bezpo\u015brednio z wersji demonstracyjnej na \u017cywo.","og_url":"https:\/\/elfsight.com\/pl\/weather-widget\/woocommerce\/","og_site_name":"Elfsight PL","article_modified_time":"2024-11-14T09:20:40+00:00","twitter_card":"summary_large_image","twitter_misc":{"Szacowany czas czytania":"3 minuty"},"schema":{"@context":"https:\/\/schema.org","@graph":[{"@type":"WebPage","@id":"https:\/\/elfsight.com\/pl\/weather-widget\/woocommerce\/","url":"https:\/\/elfsight.com\/pl\/weather-widget\/woocommerce\/","name":"Widget pogody \u2014 Dodaj aplikacj\u0119 Pogoda do witryny WooCommerce","isPartOf":{"@id":"https:\/\/elfsight.com\/pl\/#website"},"datePublished":"1970-01-01T00:00:00+00:00","dateModified":"2024-11-14T09:20:40+00:00","description":"Wykorzystaj szans\u0119, aby dostosowa\u0107 niestandardow\u0105 wtyczk\u0119 Forecast Weather ju\u017c teraz i dodaj j\u0105 do swojej witryny WooCommerce bezpo\u015brednio z wersji demonstracyjnej na \u017cywo.","breadcrumb":{"@id":"https:\/\/elfsight.com\/pl\/weather-widget\/woocommerce\/#breadcrumb"},"inLanguage":"pl-PL","potentialAction":[{"@type":"ReadAction","target":["https:\/\/elfsight.com\/pl\/weather-widget\/woocommerce\/"]}]},{"@type":"BreadcrumbList","@id":"https:\/\/elfsight.com\/pl\/weather-widget\/woocommerce\/#breadcrumb","itemListElement":[{"@type":"ListItem","position":1,"name":"Home","item":"https:\/\/elfsight.com\/pl\/"},{"@type":"ListItem","position":2,"name":"Weather","item":"https:\/\/elfsight.com\/pl\/weather-widget\/"},{"@type":"ListItem","position":3,"name":"Weather &#8211; WooCommerce"}]},{"@type":"WebSite","@id":"https:\/\/elfsight.com\/pl\/#website","url":"https:\/\/elfsight.com\/pl\/","name":"Elfsight PL","description":"Just another Elfsight Sites site","potentialAction":[{"@type":"SearchAction","target":{"@type":"EntryPoint","urlTemplate":"https:\/\/elfsight.com\/pl\/?s={search_term_string}"},"query-input":{"@type":"PropertyValueSpecification","valueRequired":true,"valueName":"search_term_string"}}],"inLanguage":"pl-PL"}]}},"meta_box":{"industry":"","seo_heading":"","heading":"","description":"","cta_heading":"","cta_description":"","application":"2790","h1":"Wtyczka pogody WooCommerce","h1_caption":"Wy\u015bwietlaj aktualne informacje o pogodzie dla dowolnej lokalizacji w swojej witrynie, aby bez wysi\u0142ku zaanga\u017cowa\u0107 lokalnych lub podr\u00f3\u017cuj\u0105cych odbiorc\u00f3w w witryn\u0119 WooCommerce.","application_category":[],"applications_title":"","applications_request_title":"","applications_request_button_text":"","hero_text":"","hero_video":"","hero_video_schema_markup":"","selling_points_title":"","selling_points_caption":"","selling_points":[],"selling_points_cta_text":"","features_title":"","features":"","ed_cta_examples_text":"","ed_cta_examples_hidden":"","ed_cta_demo_text":"","ed_cta_demo_hidden":"","why_caption":"","why_editor_title":"","why_editor_text":"","why_team_title":"","why_team_text":"","why_service_title":"","why_service_text":"","template_catalog_visible":"","template_catalog_title":"","template_catalog_text":"","template_catalog_categories_visible":"","demo_title":"Utw\u00f3rz aplikacj\u0119 pogodow\u0105","demo_caption":"Skonfiguruj swoj\u0105 pogod\u0119 i dodaj j\u0105 do swojej witryny WooCommerce za darmo!","default_faq_hidden":"","app_template_category":[],"platform":"335","template_public_id":"","codecanyon_url":"","codecanyon_item_id":"","codecanyon_price":"","pricing_caption":"","pricing_elfsight_apps_hide_column":"","pricing_elfsight_apps_url":"","pricing_codecanyon_price_caption":"","integration_category":[],"integration_request_title":"","integration_request_cta":"","integration_platform":"","integrations":[],"platform_category":[],"video_schema_markup":"","price":"od 0 USD \/ miesi\u0105c","trial":"","benefits":[{"text":"Bezp\u0142atna us\u0142uga monta\u017cu"},{"text":"Do\u015bwiadczona obs\u0142uga klienta"},{"text":"14-dniowa gwarancja zwrotu pieni\u0119dzy"}],"button_url":"#demo","button_target_blank":"","button_nofollow":"","attributes":[{"name":"Instaluje"},{"name":"Czu\u0142y"},{"name":"Kompatybilne przegl\u0105darki"}],"tags":[],"tags_disable_links":"","hide_more_platforms":"","video_object":"","demo_hide_cta":"","demo_hide_cloud_options":"","pricing_title":"","pricing":[{"pricing_icon":"platform","pricing_title":"Elfsight Apps","pricing_title_caption":"Oprogramowanie wieloplatformowe, kt\u00f3re dzia\u0142a na dowolnej stronie internetowej","pricing_price":"od 0 USD \/ miesi\u0105c","pricing_price_caption":"zacznij od bezp\u0142atnego planu","pricing_benefits":[{"text":"Nielimitowane domeny"},{"text":"Bezp\u0142atne i terminowe wsparcie oraz dobrze udokumentowane"},{"text":"Bezp\u0142atna pomoc w instalacji"},{"text":"100% konfigurowalny"}],"pricing_button_text":"Dodaj do witryny","pricing_button_url":"#demo"}],"related_apps_title":"","related_apps_hidden":"","author":"","image":[],"title":"","job":"","social_networks":[]},"_links":{"self":[{"href":"https:\/\/elfsight.com\/pl\/wp-json\/wp\/v2\/pages\/7261","targetHints":{"allow":["GET"]}}],"collection":[{"href":"https:\/\/elfsight.com\/pl\/wp-json\/wp\/v2\/pages"}],"about":[{"href":"https:\/\/elfsight.com\/pl\/wp-json\/wp\/v2\/types\/page"}],"author":[{"embeddable":true,"href":"https:\/\/elfsight.com\/pl\/wp-json\/wp\/v2\/users\/9"}],"replies":[{"embeddable":true,"href":"https:\/\/elfsight.com\/pl\/wp-json\/wp\/v2\/comments?post=7261"}],"version-history":[{"count":1,"href":"https:\/\/elfsight.com\/pl\/wp-json\/wp\/v2\/pages\/7261\/revisions"}],"predecessor-version":[{"id":7265,"href":"https:\/\/elfsight.com\/pl\/wp-json\/wp\/v2\/pages\/7261\/revisions\/7265"}],"up":[{"embeddable":true,"href":"https:\/\/elfsight.com\/pl\/wp-json\/wp\/v2\/pages\/2791"}],"wp:attachment":[{"href":"https:\/\/elfsight.com\/pl\/wp-json\/wp\/v2\/media?parent=7261"}],"curies":[{"name":"wp","href":"https:\/\/api.w.org\/{rel}","templated":true}]}}