{"id":7255,"date":"1970-01-01T00:00:00","date_gmt":"1970-01-01T00:00:00","guid":{"rendered":"https:\/\/elfsight.com\/pl\/?page_id=7255"},"modified":"2024-11-14T08:52:57","modified_gmt":"2024-11-14T08:52:57","slug":"google-sites","status":"publish","type":"page","link":"https:\/\/elfsight.com\/pl\/weather-widget\/google-sites\/","title":{"rendered":"Weather &#8211; Google Sites"},"content":{"rendered":"<div class=\"application-platform-content-item-description application-platform-content-item\" id=\"description\" data-nav-section=\"description\"><h2>Umie\u015b\u0107 pogod\u0119 w Witrynach Google za pomoc\u0105 wid\u017cetu Elfsight<\/h2><p>Elfsight Weather to nieskomplikowana i regulowana wtyczka do witryny internetowej, kt\u00f3ra zapewnia u\u017cytkownikom z aktualn\u0105 pogod\u0105 dla wybranego punktu na mapie. Dodaj dzielnic\u0119, u\u017cywaj\u0105c tytu\u0142u, kodu pocztowego lub wsp\u00f3\u0142rz\u0119dnych. Twoi go\u015bcie b\u0119d\u0105 mogli zobaczy\u0107 aktualne informacje na temat temperatury, ci\u015bnienia, wilgotno\u015bci i pogody. Wid\u017cet posiada opcj\u0119 prezentowania prognozy godzinowej lub dziennej. Mo\u017cesz spersonalizowa\u0107 interfejs za pomoc\u0105 tematycznych obraz\u00f3w t\u0142a i mo\u017cliwo\u015bci wyboru w\u0142asnych kolor\u00f3w. <\/p><p><b>Zwi\u0119ksz sprzeda\u017c towar\u00f3w zale\u017cnych od pogody dzi\u0119ki dok\u0142adnej prognozie pogody na swojej stronie internetowej! <\/b><\/p><\/div><div class=\"application-platform-content-item-features application-platform-content-item\" id=\"features\" data-nav-section=\"features\"><p>Sprawd\u017a wszystkie funkcje wid\u017cetu Pogoda. Mo\u017cesz nimi zarz\u0105dza\u0107 bezpo\u015brednio w edytorze, a one pomog\u0105 Ci skonfigurowa\u0107 wid\u017cet specjalnie dla Twojego przypadku u\u017cycia. <\/p><ul><li>Trzy sposoby dodania lokalizacji: nazwa, kod pocztowy i wsp\u00f3\u0142rz\u0119dne; <\/li><li>Ponad 30 j\u0119zyk\u00f3w umo\u017cliwia wy\u015bwietlanie szczeg\u00f3\u0142\u00f3w pogody w Twoim ojczystym j\u0119zyku; <\/li><li>5 wariant\u00f3w konfiguracji widgetu dla r\u00f3\u017cnych zastosowa\u0144; <\/li><li>Mo\u017cliwo\u015b\u0107 pokazania codziennej prognozy na tydzie\u0144 z datami; <\/li><li>Dodaj pogod\u0119 godzinow\u0105 na najbli\u017csze dwana\u015bcie godzin. <\/li><\/ul><p><a href=\"#demo\">Mo\u017cesz wypr\u00f3bowa\u0107 wszystkie funkcje widgetu bezpo\u015brednio w wersji demonstracyjnej<\/a><\/p><\/div><div class=\"application-platform-content-item-installation application-platform-content-item\" id=\"installation\" data-nav-section=\"installation\"><h2>Jak doda\u0107 wid\u017cet Pogoda do Witryn Google? <\/h2><p>Aby zintegrowa\u0107 widget pogody, wykonaj kilka szybkich krok\u00f3w<\/p> <ol><li><b>Wygeneruj w\u0142asn\u0105 wtyczk\u0119 pogody<\/b><br>Zarz\u0105dzaj naszym bezp\u0142atnym edytorem , pobierz wtyczk\u0119 z preferowanym sk\u0142adem i cechami funkcjonalnymi. <\/li> <li><b>Otrzymaj osobisty kod umo\u017cliwiaj\u0105cy integracj\u0119 wtyczki<\/b><br>Po dostosowaniu wid\u017cetu kod instalacyjny uzyskasz z wyskakuj\u0105cego okna aplikacji Elfsight. Skopiuj to. <\/li> <li><b>Opublikuj wtyczk\u0119 na swojej stronie<\/b><br>Znajd\u017a miejsce, w kt\u00f3rym chcesz ods\u0142oni\u0107 wtyczk\u0119 i wstaw tam skopiowany kod. Opublikuj wyniki. <\/li> <li><b>Instalacja zosta\u0142a uko\u0144czona<\/b><br>Wejd\u017a na stron\u0119 internetow\u0105, aby obejrze\u0107 swoj\u0105 wtyczk\u0119. <\/li><\/ol><div class=\"tip-yellow tip\"><b>Ze wzgl\u0119du na specyfik\u0119 dzia\u0142ania Witryn Google wid\u017cet mo\u017ce wygl\u0105da\u0107 inaczej ni\u017c wersja demonstracyjna online. Przepraszamy za wszelkie niedogodno\u015bci.<\/b><\/div><p>Je\u015bli potrzebujesz porady lub masz pytania, mo\u017cesz skontaktowa\u0107 si\u0119 z dzia\u0142em pomocy. Ch\u0119tnie pomo\u017cemy w ka\u017cdym zapytaniu. <\/p><div class=\"faq\" data-component=\"FAQ\"><div class=\"faq-item\">\r\n\t\t\t\t\t<div class=\"faq-item-question\">\r\n\t\t\t\t\t\t<h3 class=\"faq-item-question-text\">Jak osadzi\u0107 Weather na mojej stronie internetowej Witryn Google bez znajomo\u015bci kodowania?<\/h3>\r\n\r\n\t\t\t\t\t\t<div class=\"faq-item-question-icon\"><\/div>\r\n\t\t\t\t\t<\/div>\r\n\r\n\t\t\t\t\t<div class=\"faq-item-answer\">\r\n\t\t\t\t\t\t<div class=\"faq-item-answer-text\"> <p>Firma Elfsight zapewnia rozwi\u0105zanie SaaS, kt\u00f3re umo\u017cliwia szerokiemu gronu odbiorc\u00f3w samodzielne korzystanie z aplikacji Pogoda, obejrzyj nieskomplikowany przewodnik: przejd\u017a do edytora na \u017cywo, aby utworzy\u0107 wtyczk\u0119 pogody, kt\u00f3r\u0105 chcesz doda\u0107 w swoich Witrynach Google. Kliknij jeden z naszych gotowych szablon\u00f3w i dostosuj ustawienia pogody, zaktualizuj tre\u015b\u0107, zmie\u0144 uk\u0142ad i schemat kolor\u00f3w bez do\u015bwiadczenia w kodowaniu. Kliknij, aby zapisa\u0107 pogod\u0119 i skopiuj kod instalacyjny wtyczki, kt\u00f3ry mo\u017cna \u0142atwo wklei\u0107 na stronie g\u0142\u00f3wnej Witryn Google bez konieczno\u015bci kupowania p\u0142atnej subskrypcji. Za pomoc\u0105 prostego konfiguratora ka\u017cdy u\u017cytkownik Internetu mo\u017ce utworzy\u0107 wtyczk\u0119 pogody i doda\u0107 j\u0105 do swojej witryny w Witrynach Google. Aby skorzysta\u0107 z us\u0142ugi Elfsight, nie wolno p\u0142aci\u0107 ani ujawnia\u0107 danych uwierzytelniaj\u0105cych karty. Je\u015bli na kt\u00f3rymkolwiek etapie napotkasz jakiekolwiek przeszkody, skontaktuj si\u0119 z nasz\u0105 techniczn\u0105 obs\u0142ug\u0105 klienta.<\/p> <\/div>\r\n\t\t\t\t\t<\/div>\r\n\t\t\t\t<\/div> <\/div><\/div>","protected":false},"excerpt":{"rendered":"","protected":false},"author":9,"featured_media":0,"parent":2791,"menu_order":0,"comment_status":"closed","ping_status":"closed","template":"templates\/template-application-platform.php","meta":{"publish_to_discourse":"","publish_post_category":"","wpdc_auto_publish_overridden":"","wpdc_topic_tags":"","wpdc_pin_topic":"","wpdc_pin_until":"","discourse_post_id":"","discourse_permalink":"","wpdc_publishing_response":"","wpdc_publishing_error":"","footnotes":""},"class_list":["post-7255","page","type-page","status-publish","hentry"],"yoast_head":"<!-- This site is optimized with the Yoast SEO plugin v25.3.1 - https:\/\/yoast.com\/wordpress\/plugins\/seo\/ -->\n<title>Pogoda \u2013 dodaj wid\u017cet pogody do Witryn Google (2025)<\/title>\n<meta name=\"description\" content=\"Umie\u015b\u0107 responsywn\u0105 wtyczk\u0119 pogody w swojej witrynie Google Sites i zdob\u0105d\u017a pe\u0142ne zaufanie. Skorzystaj z przydatnej wersji demonstracyjnej Elfsight, aby zbudowa\u0107 spersonalizowane narz\u0119dzie.\" \/>\n<meta name=\"robots\" content=\"index, follow, max-snippet:-1, max-image-preview:large, max-video-preview:-1\" \/>\n<link rel=\"canonical\" href=\"https:\/\/elfsight.com\/pl\/weather-widget\/google-sites\/\" \/>\n<meta property=\"og:locale\" content=\"pl_PL\" \/>\n<meta property=\"og:type\" content=\"article\" \/>\n<meta property=\"og:title\" content=\"Pogoda \u2013 dodaj wid\u017cet pogody do Witryn Google (2025)\" \/>\n<meta property=\"og:description\" content=\"Umie\u015b\u0107 responsywn\u0105 wtyczk\u0119 pogody w swojej witrynie Google Sites i zdob\u0105d\u017a pe\u0142ne zaufanie. Skorzystaj z przydatnej wersji demonstracyjnej Elfsight, aby zbudowa\u0107 spersonalizowane narz\u0119dzie.\" \/>\n<meta property=\"og:url\" content=\"https:\/\/elfsight.com\/pl\/weather-widget\/google-sites\/\" \/>\n<meta property=\"og:site_name\" content=\"Elfsight PL\" \/>\n<meta property=\"article:modified_time\" content=\"2024-11-14T08:52:57+00:00\" \/>\n<meta name=\"twitter:card\" content=\"summary_large_image\" \/>\n<meta name=\"twitter:label1\" content=\"Szacowany czas czytania\" \/>\n\t<meta name=\"twitter:data1\" content=\"3 minuty\" \/>\n<!-- \/ Yoast SEO plugin. -->","yoast_head_json":{"title":"Pogoda \u2013 dodaj wid\u017cet pogody do Witryn Google (2025)","description":"Umie\u015b\u0107 responsywn\u0105 wtyczk\u0119 pogody w swojej witrynie Google Sites i zdob\u0105d\u017a pe\u0142ne zaufanie. Skorzystaj z przydatnej wersji demonstracyjnej Elfsight, aby zbudowa\u0107 spersonalizowane narz\u0119dzie.","robots":{"index":"index","follow":"follow","max-snippet":"max-snippet:-1","max-image-preview":"max-image-preview:large","max-video-preview":"max-video-preview:-1"},"canonical":"https:\/\/elfsight.com\/pl\/weather-widget\/google-sites\/","og_locale":"pl_PL","og_type":"article","og_title":"Pogoda \u2013 dodaj wid\u017cet pogody do Witryn Google (2025)","og_description":"Umie\u015b\u0107 responsywn\u0105 wtyczk\u0119 pogody w swojej witrynie Google Sites i zdob\u0105d\u017a pe\u0142ne zaufanie. Skorzystaj z przydatnej wersji demonstracyjnej Elfsight, aby zbudowa\u0107 spersonalizowane narz\u0119dzie.","og_url":"https:\/\/elfsight.com\/pl\/weather-widget\/google-sites\/","og_site_name":"Elfsight PL","article_modified_time":"2024-11-14T08:52:57+00:00","twitter_card":"summary_large_image","twitter_misc":{"Szacowany czas czytania":"3 minuty"},"schema":{"@context":"https:\/\/schema.org","@graph":[{"@type":"WebPage","@id":"https:\/\/elfsight.com\/pl\/weather-widget\/google-sites\/","url":"https:\/\/elfsight.com\/pl\/weather-widget\/google-sites\/","name":"Pogoda \u2013 dodaj wid\u017cet pogody do Witryn Google (2025)","isPartOf":{"@id":"https:\/\/elfsight.com\/pl\/#website"},"datePublished":"1970-01-01T00:00:00+00:00","dateModified":"2024-11-14T08:52:57+00:00","description":"Umie\u015b\u0107 responsywn\u0105 wtyczk\u0119 pogody w swojej witrynie Google Sites i zdob\u0105d\u017a pe\u0142ne zaufanie. Skorzystaj z przydatnej wersji demonstracyjnej Elfsight, aby zbudowa\u0107 spersonalizowane narz\u0119dzie.","breadcrumb":{"@id":"https:\/\/elfsight.com\/pl\/weather-widget\/google-sites\/#breadcrumb"},"inLanguage":"pl-PL","potentialAction":[{"@type":"ReadAction","target":["https:\/\/elfsight.com\/pl\/weather-widget\/google-sites\/"]}]},{"@type":"BreadcrumbList","@id":"https:\/\/elfsight.com\/pl\/weather-widget\/google-sites\/#breadcrumb","itemListElement":[{"@type":"ListItem","position":1,"name":"Home","item":"https:\/\/elfsight.com\/pl\/"},{"@type":"ListItem","position":2,"name":"Weather","item":"https:\/\/elfsight.com\/pl\/weather-widget\/"},{"@type":"ListItem","position":3,"name":"Weather &#8211; Google Sites"}]},{"@type":"WebSite","@id":"https:\/\/elfsight.com\/pl\/#website","url":"https:\/\/elfsight.com\/pl\/","name":"Elfsight PL","description":"Just another Elfsight Sites site","potentialAction":[{"@type":"SearchAction","target":{"@type":"EntryPoint","urlTemplate":"https:\/\/elfsight.com\/pl\/?s={search_term_string}"},"query-input":{"@type":"PropertyValueSpecification","valueRequired":true,"valueName":"search_term_string"}}],"inLanguage":"pl-PL"}]}},"meta_box":{"industry":"","seo_heading":"","heading":"","description":"","cta_heading":"","cta_description":"","application":"2790","h1":"Wid\u017cet pogody w Witrynach Google","h1_caption":"Wy\u015bwietlaj aktualne informacje o pogodzie dla dowolnej lokalizacji w swojej witrynie, aby bez wysi\u0142ku dotrze\u0107 do Witryn Google lokalnych lub podr\u00f3\u017cuj\u0105cych odbiorc\u00f3w.","application_category":[],"applications_title":"","applications_request_title":"","applications_request_button_text":"","hero_text":"","hero_video":"","hero_video_schema_markup":"","selling_points_title":"","selling_points_caption":"","selling_points":[],"selling_points_cta_text":"","features_title":"","features":"","ed_cta_examples_text":"","ed_cta_examples_hidden":"","ed_cta_demo_text":"","ed_cta_demo_hidden":"","why_caption":"","why_editor_title":"","why_editor_text":"","why_team_title":"","why_team_text":"","why_service_title":"","why_service_text":"","template_catalog_visible":"","template_catalog_title":"","template_catalog_text":"","template_catalog_categories_visible":"","demo_title":"Utw\u00f3rz wid\u017cet pogody","demo_caption":"Skonfiguruj swoj\u0105 pogod\u0119 i dodaj j\u0105 do swojej witryny Google Sites za darmo!","default_faq_hidden":"","app_template_category":[],"platform":"484","template_public_id":"","codecanyon_url":"","codecanyon_item_id":"","codecanyon_price":"","pricing_caption":"","pricing_elfsight_apps_hide_column":"","pricing_elfsight_apps_url":"","pricing_codecanyon_price_caption":"","integration_category":[],"integration_request_title":"","integration_request_cta":"","integration_platform":"","integrations":[],"platform_category":[],"video_schema_markup":"","price":"od 0 USD \/ miesi\u0105c","trial":"","benefits":[{"text":"Bezp\u0142atna us\u0142uga monta\u017cu"},{"text":"Wsparcie premium"},{"text":"14-dniowa gwarancja zwrotu pieni\u0119dzy"}],"button_url":"#demo","button_target_blank":"","button_nofollow":"","attributes":[{"name":"Instaluje"},{"name":"Czu\u0142y"},{"name":"Kompatybilne przegl\u0105darki"}],"tags":[],"tags_disable_links":"","hide_more_platforms":"","video_object":"","demo_hide_cta":"","demo_hide_cloud_options":"","pricing_title":"","pricing":[{"pricing_icon":"platform","pricing_title":"Elfsight Apps","pricing_title_caption":"Oprogramowanie wieloplatformowe, kt\u00f3re dzia\u0142a na dowolnej stronie internetowej","pricing_price":"od 0 USD \/ miesi\u0105c","pricing_price_caption":"zacznij od bezp\u0142atnego planu","pricing_benefits":[{"text":"Nieograniczona liczba stron internetowych"},{"text":"Bezp\u0142atne i terminowe wsparcie"},{"text":"Bezp\u0142atna us\u0142uga monta\u017cu"},{"text":"Specjalna oferta na wiele aplikacji"}],"pricing_button_text":"Dodaj do witryny","pricing_button_url":"#demo"}],"related_apps_title":"","related_apps_hidden":"","author":"","image":[],"title":"","job":"","social_networks":[]},"_links":{"self":[{"href":"https:\/\/elfsight.com\/pl\/wp-json\/wp\/v2\/pages\/7255","targetHints":{"allow":["GET"]}}],"collection":[{"href":"https:\/\/elfsight.com\/pl\/wp-json\/wp\/v2\/pages"}],"about":[{"href":"https:\/\/elfsight.com\/pl\/wp-json\/wp\/v2\/types\/page"}],"author":[{"embeddable":true,"href":"https:\/\/elfsight.com\/pl\/wp-json\/wp\/v2\/users\/9"}],"replies":[{"embeddable":true,"href":"https:\/\/elfsight.com\/pl\/wp-json\/wp\/v2\/comments?post=7255"}],"version-history":[{"count":1,"href":"https:\/\/elfsight.com\/pl\/wp-json\/wp\/v2\/pages\/7255\/revisions"}],"predecessor-version":[{"id":7259,"href":"https:\/\/elfsight.com\/pl\/wp-json\/wp\/v2\/pages\/7255\/revisions\/7259"}],"up":[{"embeddable":true,"href":"https:\/\/elfsight.com\/pl\/wp-json\/wp\/v2\/pages\/2791"}],"wp:attachment":[{"href":"https:\/\/elfsight.com\/pl\/wp-json\/wp\/v2\/media?parent=7255"}],"curies":[{"name":"wp","href":"https:\/\/api.w.org\/{rel}","templated":true}]}}