{"id":7253,"date":"1970-01-01T00:00:00","date_gmt":"1970-01-01T00:00:00","guid":{"rendered":"https:\/\/elfsight.com\/pl\/?page_id=7253"},"modified":"2024-10-24T13:23:45","modified_gmt":"2024-10-24T13:23:45","slug":"prestashop","status":"publish","type":"page","link":"https:\/\/elfsight.com\/pl\/weather-widget\/prestashop\/","title":{"rendered":"Weather &#8211; PrestaShop"},"content":{"rendered":"<div class=\"application-platform-content-item-description application-platform-content-item\" id=\"description\" data-nav-section=\"description\"> <h2>Opis<\/h2> <p>Elfsight Weather to nieskomplikowany i bardzo adaptacyjny widget strony internetowej, kt\u00f3ry pokazuje aktualn\u0105 pogod\u0119 dla wybranej lokalizacji. Dzielnica wed\u0142ug tytu\u0142u, kodu pocztowego lub wsp\u00f3\u0142rz\u0119dnych. Odbiorcy serwisu sprawdz\u0105 najnowsze dane dotycz\u0105ce temperatury, ci\u015bnienia powietrza, procentowej wilgotno\u015bci i element\u00f3w pogodowych. Mo\u017cesz tak\u017ce wy\u015bwietla\u0107 prognozy godzinowe lub dzienne. Mo\u017cesz spersonalizowa\u0107 interfejs za pomoc\u0105 obraz\u00f3w t\u0142a z motywem pogody i funkcji stosowania niestandardowych kolor\u00f3w. <\/p> <p><b>Popraw wygod\u0119 u\u017cytkownik\u00f3w dzi\u0119ki informacyjnemu wid\u017cetowi pogodowemu w Twojej witrynie. <\/b><\/p> <\/div> <div class=\"application-platform-content-item-features application-platform-content-item\" id=\"features\" data-nav-section=\"features\"> <h2>Poznaj list\u0119 najbardziej przydatnych funkcji: <\/h2> <ul><li>Wy\u015bwietlaj aktualn\u0105 pogod\u0119 w dowolnym miejscu miejsce \u015bwiata<\/li><li>3 sposoby wprowadzania lokalizacji: wsp\u00f3\u0142rz\u0119dne, kod pocztowy i nazwa<\/li><li>Jednostki temperatury Fahrenheita lub Celsjusza<\/li><li>5 wariant\u00f3w wid\u017cetu konfiguracja umo\u017cliwiaj\u0105ca wy\u015bwietlanie wi\u0119kszej lub mniejszej ilo\u015bci danych<\/li><li>Opcja wy\u015bwietlania dziennej prognozy na nadchodz\u0105cy tydzie\u0144 wraz z datami<\/li><li>Pokazuj godzinow\u0105 pogod\u0119 na nast\u0119pne 12 godzin<\/li><li>Prze\u0142\u0105cz w\u0142\u0105czanie lub wy\u0142\u0105czanie animacji ikon<\/li><li>Opcja wy\u015bwietlania tematycznego obrazu pogody odzwierciedlaj\u0105cego aktualne warunki<\/li><\/ul><p><a href=\"#demo\">Mo\u017cesz zobaczy\u0107, co widget warto skorzysta\u0107 z wersji demonstracyjnej<\/a><\/p> <\/div> <div class=\"application-platform-content-item-installation application-platform-content-item\" id=\"installation\" data-nav-section=\"installation\"> <h2>Jak doda\u0107 Weather do witryny PrestaShop <\/h2> <p>Wystarczy post\u0119powa\u0107 zgodnie z instrukcjami poni\u017cej, aby aktywowa\u0107 widget. <\/p> <ol><li><b>Uruchom nasze bezp\u0142atne demo i zacznij kszta\u0142towa\u0107 sw\u00f3j niestandardowy instrument. <\/b><br> Wybierz wybrany interfejs i specyfikacj\u0119 dodatku i zapisz poprawki. <\/li> <li><b>Zdob\u0105d\u017a sw\u00f3j unikalny kod pokazany w specjalnym formularzu w aplikacjach Elfsight. <\/b><br> Zaraz po zako\u0144czeniu tworzenia osobistego dodatku skopiuj ekskluzywny kod w pojawiaj\u0105cym si\u0119 oknie i zapisz go na p\u00f3\u017aniej. <\/li> <li><b>Rozpocznij stosowanie narz\u0119dzia na stronie internetowej PrestaShop. <\/b><br> Umie\u015b\u0107 zapisany wcze\u015bniej kod na swojej stronie internetowej i zapisz zmiany. <\/li> <li><b>Instalacja zosta\u0142a w pe\u0142ni przeprowadzona. <\/b><br> Przejd\u017a do swojej strony, aby zobaczy\u0107, jak dzia\u0142a narz\u0119dzie. <\/li><\/ol> <p>Je\u015bli masz jakiekolwiek problemy, mo\u017cesz zwr\u00f3ci\u0107 si\u0119 do naszego personelu obs\u0142ugi klienta. Nasi ludzie z przyjemno\u015bci\u0105 pomog\u0105 Ci we wszystkich trudno\u015bciach, jakie mo\u017cesz napotka\u0107 w zwi\u0105zku z tym narz\u0119dziem. <\/p> <div class=\"faq\" data-component=\"FAQ\"><div class=\"faq-item\">\r\n\t\t\t\t\t<div class=\"faq-item-question\">\r\n\t\t\t\t\t\t<h3 class=\"faq-item-question-text\">W jaki spos\u00f3b mog\u0119 osadzi\u0107 Weather w moim sklepie PrestaShop bez znajomo\u015bci kodowania?<\/h3>\r\n\r\n\t\t\t\t\t\t<div class=\"faq-item-question-icon\"><\/div>\r\n\t\t\t\t\t<\/div>\r\n\r\n\t\t\t\t\t<div class=\"faq-item-answer\">\r\n\t\t\t\t\t\t<div class=\"faq-item-answer-text\"> <p>Firma Elfsight zapewnia rozwi\u0105zanie w chmurze, kt\u00f3re umo\u017cliwia samodzielne tworzenie aplikacji pogodowej, obejrzyj proste instrukcje: Przejd\u017a do edytora na \u017cywo, aby ustawi\u0107 wtyczk\u0119 pogody, kt\u00f3r\u0105 chcesz widzie\u0107 na swojej stronie PrestaShop. Kliknij jeden z wielu gotowych szablon\u00f3w i dostosuj ustawienia pogody, zmie\u0144 uk\u0142ad i kolorystyk\u0119, dodaj swoj\u0105 tre\u015b\u0107 bez \u017cadnego kodowania. Kliknij, aby zapisa\u0107 pogod\u0119 i skopiuj kod instalacyjny, kt\u00f3ry mo\u017cesz bezp\u0142atnie umie\u015bci\u0107 na dowolnej stronie PrestaShop. Pracuj\u0105c w intuicyjnym Konfiguratorze, ka\u017cdy u\u017cytkownik sieci mo\u017ce stworzy\u0107 widget Pogoda online i po prostu wklei\u0107 go na swoj\u0105 stron\u0119 PrestaShop. Aby uzyska\u0107 dost\u0119p do naszego Edytora, nie wolno p\u0142aci\u0107 ani ujawnia\u0107 danych uwierzytelniaj\u0105cych karty. Je\u015bli napotkasz jakiekolwiek przeszkody, skontaktuj si\u0119 z naszym zespo\u0142em pomocy technicznej.<\/p> <\/div>\r\n\t\t\t\t\t<\/div>\r\n\t\t\t\t<\/div> <\/div><\/div>","protected":false},"excerpt":{"rendered":"","protected":false},"author":9,"featured_media":0,"parent":2791,"menu_order":0,"comment_status":"closed","ping_status":"closed","template":"templates\/template-application-platform.php","meta":{"publish_to_discourse":"","publish_post_category":"","wpdc_auto_publish_overridden":"","wpdc_topic_tags":"","wpdc_pin_topic":"","wpdc_pin_until":"","discourse_post_id":"","discourse_permalink":"","wpdc_publishing_response":"","wpdc_publishing_error":"","footnotes":""},"class_list":["post-7253","page","type-page","status-publish","hentry"],"yoast_head":"<!-- This site is optimized with the Yoast SEO plugin v25.3.1 - https:\/\/yoast.com\/wordpress\/plugins\/seo\/ -->\n<title>Dodaj dodatek Pogoda do strony PrestaShop (bezp\u0142atnie i szybko)<\/title>\n<meta name=\"description\" content=\"Utworzenie dodatku do pogody i opublikowanie go na swojej stronie PrestaShop jest ca\u0142kowicie proste. Obs\u0142uga klienta Elfsight jest bezp\u0142atna.\" \/>\n<meta name=\"robots\" content=\"index, follow, max-snippet:-1, max-image-preview:large, max-video-preview:-1\" \/>\n<link rel=\"canonical\" href=\"https:\/\/elfsight.com\/pl\/weather-widget\/prestashop\/\" \/>\n<meta property=\"og:locale\" content=\"pl_PL\" \/>\n<meta property=\"og:type\" content=\"article\" \/>\n<meta property=\"og:title\" content=\"Dodaj dodatek Pogoda do strony PrestaShop (bezp\u0142atnie i szybko)\" \/>\n<meta property=\"og:description\" content=\"Utworzenie dodatku do pogody i opublikowanie go na swojej stronie PrestaShop jest ca\u0142kowicie proste. Obs\u0142uga klienta Elfsight jest bezp\u0142atna.\" \/>\n<meta property=\"og:url\" content=\"https:\/\/elfsight.com\/pl\/weather-widget\/prestashop\/\" \/>\n<meta property=\"og:site_name\" content=\"Elfsight PL\" \/>\n<meta property=\"article:modified_time\" content=\"2024-10-24T13:23:45+00:00\" \/>\n<meta name=\"twitter:card\" content=\"summary_large_image\" \/>\n<meta name=\"twitter:label1\" content=\"Szacowany czas czytania\" \/>\n\t<meta name=\"twitter:data1\" content=\"3 minuty\" \/>\n<!-- \/ Yoast SEO plugin. -->","yoast_head_json":{"title":"Dodaj dodatek Pogoda do strony PrestaShop (bezp\u0142atnie i szybko)","description":"Utworzenie dodatku do pogody i opublikowanie go na swojej stronie PrestaShop jest ca\u0142kowicie proste. Obs\u0142uga klienta Elfsight jest bezp\u0142atna.","robots":{"index":"index","follow":"follow","max-snippet":"max-snippet:-1","max-image-preview":"max-image-preview:large","max-video-preview":"max-video-preview:-1"},"canonical":"https:\/\/elfsight.com\/pl\/weather-widget\/prestashop\/","og_locale":"pl_PL","og_type":"article","og_title":"Dodaj dodatek Pogoda do strony PrestaShop (bezp\u0142atnie i szybko)","og_description":"Utworzenie dodatku do pogody i opublikowanie go na swojej stronie PrestaShop jest ca\u0142kowicie proste. Obs\u0142uga klienta Elfsight jest bezp\u0142atna.","og_url":"https:\/\/elfsight.com\/pl\/weather-widget\/prestashop\/","og_site_name":"Elfsight PL","article_modified_time":"2024-10-24T13:23:45+00:00","twitter_card":"summary_large_image","twitter_misc":{"Szacowany czas czytania":"3 minuty"},"schema":{"@context":"https:\/\/schema.org","@graph":[{"@type":"WebPage","@id":"https:\/\/elfsight.com\/pl\/weather-widget\/prestashop\/","url":"https:\/\/elfsight.com\/pl\/weather-widget\/prestashop\/","name":"Dodaj dodatek Pogoda do strony PrestaShop (bezp\u0142atnie i szybko)","isPartOf":{"@id":"https:\/\/elfsight.com\/pl\/#website"},"datePublished":"1970-01-01T00:00:00+00:00","dateModified":"2024-10-24T13:23:45+00:00","description":"Utworzenie dodatku do pogody i opublikowanie go na swojej stronie PrestaShop jest ca\u0142kowicie proste. Obs\u0142uga klienta Elfsight jest bezp\u0142atna.","breadcrumb":{"@id":"https:\/\/elfsight.com\/pl\/weather-widget\/prestashop\/#breadcrumb"},"inLanguage":"pl-PL","potentialAction":[{"@type":"ReadAction","target":["https:\/\/elfsight.com\/pl\/weather-widget\/prestashop\/"]}]},{"@type":"BreadcrumbList","@id":"https:\/\/elfsight.com\/pl\/weather-widget\/prestashop\/#breadcrumb","itemListElement":[{"@type":"ListItem","position":1,"name":"Home","item":"https:\/\/elfsight.com\/pl\/"},{"@type":"ListItem","position":2,"name":"Weather","item":"https:\/\/elfsight.com\/pl\/weather-widget\/"},{"@type":"ListItem","position":3,"name":"Weather &#8211; PrestaShop"}]},{"@type":"WebSite","@id":"https:\/\/elfsight.com\/pl\/#website","url":"https:\/\/elfsight.com\/pl\/","name":"Elfsight PL","description":"Just another Elfsight Sites site","potentialAction":[{"@type":"SearchAction","target":{"@type":"EntryPoint","urlTemplate":"https:\/\/elfsight.com\/pl\/?s={search_term_string}"},"query-input":{"@type":"PropertyValueSpecification","valueRequired":true,"valueName":"search_term_string"}}],"inLanguage":"pl-PL"}]}},"meta_box":{"industry":"","seo_heading":"","heading":"","description":"","cta_heading":"","cta_description":"","application":"2790","h1":"Dodatek pogodowy PrestaShop","h1_caption":"Wy\u015bwietlaj aktualne informacje o pogodzie dla dowolnej lokalizacji na swojej stronie internetowej, aby bez wysi\u0142ku zaanga\u017cowa\u0107 lokalnych lub podr\u00f3\u017cuj\u0105cych odbiorc\u00f3w w witryn\u0119 Prestashop.","application_category":[],"applications_title":"","applications_request_title":"","applications_request_button_text":"","hero_text":"","hero_video":"","hero_video_schema_markup":"","selling_points_title":"","selling_points_caption":"","selling_points":[],"selling_points_cta_text":"","features_title":"","features":"","ed_cta_examples_text":"","ed_cta_examples_hidden":"","ed_cta_demo_text":"","ed_cta_demo_hidden":"","why_caption":"","why_editor_title":"","why_editor_text":"","why_team_title":"","why_team_text":"","why_service_title":"","why_service_text":"","template_catalog_visible":"","template_catalog_title":"","template_catalog_text":"","template_catalog_categories_visible":"","demo_title":"Po\u015bwi\u0119\u0107 chwil\u0119 na ukszta\u0142towanie wtyczki Squarespace Weather dla swojej osobistej witryny!","demo_caption":"Mo\u017cesz dostosowa\u0107 wid\u017cet za pomoc\u0105 kilku klikni\u0119\u0107 i doda\u0107 go do swojej witryny bezpo\u015brednio w wersji demonstracyjnej.","default_faq_hidden":"","app_template_category":[],"platform":"586","template_public_id":"","codecanyon_url":"","codecanyon_item_id":"","codecanyon_price":"","pricing_caption":"","pricing_elfsight_apps_hide_column":"","pricing_elfsight_apps_url":"","pricing_codecanyon_price_caption":"","integration_category":[],"integration_request_title":"","integration_request_cta":"","integration_platform":"","integrations":[],"platform_category":[],"video_schema_markup":"","price":"od 0 USD \/ miesi\u0105c","trial":"","benefits":[{"text":"Bezp\u0142atna pomoc w monta\u017cu"},{"text":"Wsparcie premium"},{"text":"14-dniowa gwarancja zwrotu pieni\u0119dzy"}],"button_url":"#demo","button_target_blank":"","button_nofollow":"","attributes":[{"name":"Instaluje"},{"name":"Czu\u0142y"},{"name":"Kompatybilne przegl\u0105darki"}],"tags":[],"tags_disable_links":"","hide_more_platforms":"","video_object":"","demo_hide_cta":"","demo_hide_cloud_options":"","pricing_title":"","pricing":[{"pricing_icon":"platform","pricing_title":"Elfsight Apps","pricing_title_caption":"Niezale\u017cne od platformy rozwi\u0105zanie cyfrowe","pricing_price":"od 0 USD \/ miesi\u0105c","pricing_price_caption":"zacznij od bezp\u0142atnego planu","pricing_benefits":[{"text":"Nielimitowane strony internetowe"},{"text":"Dedykowane wsparcie firmy"},{"text":"Bezp\u0142atne wsparcie przy instalacji"},{"text":"Elastyczny projekt"}],"pricing_button_text":"Dodaj do witryny","pricing_button_url":"#demo"}],"related_apps_title":"","related_apps_hidden":"","author":"","image":[],"title":"","job":"","social_networks":[]},"_links":{"self":[{"href":"https:\/\/elfsight.com\/pl\/wp-json\/wp\/v2\/pages\/7253","targetHints":{"allow":["GET"]}}],"collection":[{"href":"https:\/\/elfsight.com\/pl\/wp-json\/wp\/v2\/pages"}],"about":[{"href":"https:\/\/elfsight.com\/pl\/wp-json\/wp\/v2\/types\/page"}],"author":[{"embeddable":true,"href":"https:\/\/elfsight.com\/pl\/wp-json\/wp\/v2\/users\/9"}],"replies":[{"embeddable":true,"href":"https:\/\/elfsight.com\/pl\/wp-json\/wp\/v2\/comments?post=7253"}],"version-history":[{"count":1,"href":"https:\/\/elfsight.com\/pl\/wp-json\/wp\/v2\/pages\/7253\/revisions"}],"predecessor-version":[{"id":7257,"href":"https:\/\/elfsight.com\/pl\/wp-json\/wp\/v2\/pages\/7253\/revisions\/7257"}],"up":[{"embeddable":true,"href":"https:\/\/elfsight.com\/pl\/wp-json\/wp\/v2\/pages\/2791"}],"wp:attachment":[{"href":"https:\/\/elfsight.com\/pl\/wp-json\/wp\/v2\/media?parent=7253"}],"curies":[{"name":"wp","href":"https:\/\/api.w.org\/{rel}","templated":true}]}}