{"id":7248,"date":"1970-01-01T00:00:00","date_gmt":"1970-01-01T00:00:00","guid":{"rendered":"https:\/\/elfsight.com\/pl\/?page_id=7248"},"modified":"2024-10-24T13:24:02","modified_gmt":"2024-10-24T13:24:02","slug":"jimdo","status":"publish","type":"page","link":"https:\/\/elfsight.com\/pl\/weather-widget\/jimdo\/","title":{"rendered":"Weather &#8211; Jimdo"},"content":{"rendered":"<div class=\"application-platform-content-item-description application-platform-content-item\" id=\"description\" data-nav-section=\"description\"><h2>Opis<\/h2> <p>Elfsight Weather to przydatna i \u0142atwa w adaptacji wtyczka do witryny internetowej, kt\u00f3ra zapewnia u\u017cytkownikom aktualne informacje o pogodzie dla dowolnego punktu na mapie. Miejsce wed\u0142ug tytu\u0142u, kodu pocztowego lub wsp\u00f3\u0142rz\u0119dnych. Odwiedzaj\u0105cy witryn\u0119 b\u0119d\u0105 mogli sprawdzi\u0107 aktualne dane dotycz\u0105ce temperatury, ci\u015bnienia, wilgotno\u015bci i element\u00f3w pogodowych. Mo\u017cesz tak\u017ce wy\u015bwietla\u0107 prognozy godzinowe lub dzienne. Mo\u017cesz spersonalizowa\u0107 interfejs za pomoc\u0105 obraz\u00f3w t\u0142a z motywem pogody i opcji zastosowania niestandardowych kolor\u00f3w. <\/p> <p><b>Zwi\u0119ksz sprzeda\u017c towar\u00f3w sezonowych dzi\u0119ki dok\u0142adnej prognozie pogody na Twojej stronie! <\/b><\/p> <\/div> <div class=\"application-platform-content-item-features application-platform-content-item\" id=\"features\" data-nav-section=\"features\"> <h2>Oferujemy przydatne i nieskomplikowane funkcje, sprawd\u017a niekt\u00f3re z nich: <\/h2> <ul><li>Wy\u015bwietlaj aktualn\u0105 pogod\u0119 w dowolne miejsce na \u015bwiecie<\/li><li>Trzy sposoby wprowadzania lokalizacji: nazwa, kod pocztowy i wsp\u00f3\u0142rz\u0119dne<\/li><li>Jednostki temperatury Fahrenheita lub Celsjusza<\/li><li>5 wariant\u00f3w konfiguracja widgetu do wy\u015bwietlania wi\u0119kszej lub mniejszej ilo\u015bci danych<\/li><li>Opcja wy\u015bwietlania dziennej prognozy na nadchodz\u0105cy tydzie\u0144 wraz z datami<\/li><li>Poka\u017c godzinow\u0105 pogod\u0119 na nast\u0119pne dwana\u015bcie godzin<\/li><li> W\u0142\u0105czanie lub wy\u0142\u0105czanie animacji ikon<\/li><li>Opcja wy\u015bwietlania tematycznego obrazu pogody odzwierciedlaj\u0105cego aktualne warunki<\/li><\/ul><p><a href=\"#demo\">Po prostu wypr\u00f3buj t\u0119 wersj\u0119 demonstracyjn\u0105 aby zobaczy\u0107, ile wart jest widget<\/a><\/p> <\/div> <div class=\"application-platform-content-item-installation application-platform-content-item\" id=\"installation\" data-nav-section=\"installation\"> <h2>Jak umie\u015bci\u0107 pogod\u0119 na mojej stronie Jimdo? <\/h2> <p>Wystarczy zastosowa\u0107 si\u0119 do poni\u017cszych instrukcji, aby doda\u0107 wid\u017cet. <\/p> <ol><li><b>Wykonaj nasz darmowy konfigurator i rozpocznij budowanie swojego spersonalizowanego instrumentu. <\/b><br> Wybierz odpowiedni\u0105 form\u0119 i parametry wid\u017cetu i zapisz zmiany. <\/li> <li><b>Zdob\u0105d\u017a sw\u00f3j unikalny kod pojawiaj\u0105cy si\u0119 w polu w aplikacjach Elfsight. <\/b><br> Po zako\u0144czeniu konfiguracji wid\u017cetu skopiuj osobisty kod z wyskakuj\u0105cego okienka i zachowaj go na dalsze potrzeby. <\/li> <li><b>Wyra\u017a ch\u0119\u0107 korzystania z wid\u017cetu na swojej stronie Jimdo. <\/b><br> Dodaj kod, kt\u00f3ry ostatnio zapisa\u0142e\u015b na swojej stronie i zastosuj modyfikacje. <\/li> <li><b>Gotowe! Osadzanie zosta\u0142o w pe\u0142ni wykonane. <\/b><br> Odwied\u017a swoj\u0105 witryn\u0119, aby sprawdzi\u0107 dzia\u0142anie wid\u017cetu. <\/li><\/ol> <p>W przypadku wyst\u0105pienia jakichkolwiek komplikacji prosimy o kontakt z naszym dzia\u0142em obs\u0142ugi klienta. Nasi ludzie ch\u0119tnie pomog\u0105 Ci we wszystkich problemach, jakie mo\u017cesz mie\u0107 z tym narz\u0119dziem. <\/p> <div class=\"faq\" data-component=\"FAQ\"><div class=\"faq-item\">\r\n\t\t\t\t\t<div class=\"faq-item-question\">\r\n\t\t\t\t\t\t<h3 class=\"faq-item-question-text\">Jak mog\u0119 doda\u0107 Weather do mojej strony Jimdo bez umiej\u0119tno\u015bci kodowania?<\/h3>\r\n\r\n\t\t\t\t\t\t<div class=\"faq-item-question-icon\"><\/div>\r\n\t\t\t\t\t<\/div>\r\n\r\n\t\t\t\t\t<div class=\"faq-item-answer\">\r\n\t\t\t\t\t\t<div class=\"faq-item-answer-text\"> <p>Firma Elfsight zapewnia rozwi\u0105zanie, kt\u00f3re pozwala na samodzielne utworzenie wtyczki Weather. Dowiedz si\u0119, jakie to proste : Rozpocznij prac\u0119 bezpo\u015brednio w edytorze na \u017cywo, aby utworzy\u0107 wid\u017cet pogody, kt\u00f3ry chcesz umie\u015bci\u0107 w Jimdo. Zdecyduj si\u0119 na jeden z naszych gotowych szablon\u00f3w i zmie\u0144 ustawienia pogody, zmie\u0144 uk\u0142ad i kolorystyk\u0119, dodaj swoj\u0105 tre\u015b\u0107, bez \u017cadnego do\u015bwiadczenia w kodowaniu. Kliknij, aby zapisa\u0107 ustawienia wprowadzone w Weather i skopiuj kod instalacyjny, kt\u00f3ry mo\u017cesz umie\u015bci\u0107 na stronie internetowej Jimdo bez konieczno\u015bci kupowania p\u0142atnej subskrypcji. Pracuj\u0105c w naszym \u0142atwym w obs\u0142udze konfiguratorze, ka\u017cdy u\u017cytkownik Internetu mo\u017ce zbudowa\u0107 aplikacj\u0119 pogodow\u0105 online i bez problemu osadzi\u0107 j\u0105 na dowolnej stronie g\u0142\u00f3wnej Jimdo. Aby uzyska\u0107 dost\u0119p do naszego Edytora, nie trzeba p\u0142aci\u0107 ani wprowadza\u0107 danych karty. Je\u015bli napotkasz jakiekolwiek problemy, nie wahaj si\u0119 porozmawia\u0107 z nasz\u0105 techniczn\u0105 obs\u0142ug\u0105 klienta.<\/p> <\/div>\r\n\t\t\t\t\t<\/div>\r\n\t\t\t\t<\/div> <\/div><\/div>","protected":false},"excerpt":{"rendered":"","protected":false},"author":9,"featured_media":0,"parent":2791,"menu_order":0,"comment_status":"closed","ping_status":"closed","template":"templates\/template-application-platform.php","meta":{"publish_to_discourse":"","publish_post_category":"","wpdc_auto_publish_overridden":"","wpdc_topic_tags":"","wpdc_pin_topic":"","wpdc_pin_until":"","discourse_post_id":"","discourse_permalink":"","wpdc_publishing_response":"","wpdc_publishing_error":"","footnotes":""},"class_list":["post-7248","page","type-page","status-publish","hentry"],"yoast_head":"<!-- This site is optimized with the Yoast SEO plugin v25.3.1 - https:\/\/yoast.com\/wordpress\/plugins\/seo\/ -->\n<title>Dodaj widget pogody do strony Jimdo (bezp\u0142atnie i szybko)<\/title>\n<meta name=\"description\" content=\"Utworzenie wid\u017cetu pogody i opublikowanie go na swojej stronie internetowej Jimdo jest ca\u0142kowicie proste. Obs\u0142uga klienta Elfsight jest bezp\u0142atna.\" \/>\n<meta name=\"robots\" content=\"index, follow, max-snippet:-1, max-image-preview:large, max-video-preview:-1\" \/>\n<link rel=\"canonical\" href=\"https:\/\/elfsight.com\/pl\/weather-widget\/jimdo\/\" \/>\n<meta property=\"og:locale\" content=\"pl_PL\" \/>\n<meta property=\"og:type\" content=\"article\" \/>\n<meta property=\"og:title\" content=\"Dodaj widget pogody do strony Jimdo (bezp\u0142atnie i szybko)\" \/>\n<meta property=\"og:description\" content=\"Utworzenie wid\u017cetu pogody i opublikowanie go na swojej stronie internetowej Jimdo jest ca\u0142kowicie proste. Obs\u0142uga klienta Elfsight jest bezp\u0142atna.\" \/>\n<meta property=\"og:url\" content=\"https:\/\/elfsight.com\/pl\/weather-widget\/jimdo\/\" \/>\n<meta property=\"og:site_name\" content=\"Elfsight PL\" \/>\n<meta property=\"article:modified_time\" content=\"2024-10-24T13:24:02+00:00\" \/>\n<meta name=\"twitter:card\" content=\"summary_large_image\" \/>\n<meta name=\"twitter:label1\" content=\"Szacowany czas czytania\" \/>\n\t<meta name=\"twitter:data1\" content=\"3 minuty\" \/>\n<!-- \/ Yoast SEO plugin. -->","yoast_head_json":{"title":"Dodaj widget pogody do strony Jimdo (bezp\u0142atnie i szybko)","description":"Utworzenie wid\u017cetu pogody i opublikowanie go na swojej stronie internetowej Jimdo jest ca\u0142kowicie proste. Obs\u0142uga klienta Elfsight jest bezp\u0142atna.","robots":{"index":"index","follow":"follow","max-snippet":"max-snippet:-1","max-image-preview":"max-image-preview:large","max-video-preview":"max-video-preview:-1"},"canonical":"https:\/\/elfsight.com\/pl\/weather-widget\/jimdo\/","og_locale":"pl_PL","og_type":"article","og_title":"Dodaj widget pogody do strony Jimdo (bezp\u0142atnie i szybko)","og_description":"Utworzenie wid\u017cetu pogody i opublikowanie go na swojej stronie internetowej Jimdo jest ca\u0142kowicie proste. Obs\u0142uga klienta Elfsight jest bezp\u0142atna.","og_url":"https:\/\/elfsight.com\/pl\/weather-widget\/jimdo\/","og_site_name":"Elfsight PL","article_modified_time":"2024-10-24T13:24:02+00:00","twitter_card":"summary_large_image","twitter_misc":{"Szacowany czas czytania":"3 minuty"},"schema":{"@context":"https:\/\/schema.org","@graph":[{"@type":"WebPage","@id":"https:\/\/elfsight.com\/pl\/weather-widget\/jimdo\/","url":"https:\/\/elfsight.com\/pl\/weather-widget\/jimdo\/","name":"Dodaj widget pogody do strony Jimdo (bezp\u0142atnie i szybko)","isPartOf":{"@id":"https:\/\/elfsight.com\/pl\/#website"},"datePublished":"1970-01-01T00:00:00+00:00","dateModified":"2024-10-24T13:24:02+00:00","description":"Utworzenie wid\u017cetu pogody i opublikowanie go na swojej stronie internetowej Jimdo jest ca\u0142kowicie proste. Obs\u0142uga klienta Elfsight jest bezp\u0142atna.","breadcrumb":{"@id":"https:\/\/elfsight.com\/pl\/weather-widget\/jimdo\/#breadcrumb"},"inLanguage":"pl-PL","potentialAction":[{"@type":"ReadAction","target":["https:\/\/elfsight.com\/pl\/weather-widget\/jimdo\/"]}]},{"@type":"BreadcrumbList","@id":"https:\/\/elfsight.com\/pl\/weather-widget\/jimdo\/#breadcrumb","itemListElement":[{"@type":"ListItem","position":1,"name":"Home","item":"https:\/\/elfsight.com\/pl\/"},{"@type":"ListItem","position":2,"name":"Weather","item":"https:\/\/elfsight.com\/pl\/weather-widget\/"},{"@type":"ListItem","position":3,"name":"Weather &#8211; Jimdo"}]},{"@type":"WebSite","@id":"https:\/\/elfsight.com\/pl\/#website","url":"https:\/\/elfsight.com\/pl\/","name":"Elfsight PL","description":"Just another Elfsight Sites site","potentialAction":[{"@type":"SearchAction","target":{"@type":"EntryPoint","urlTemplate":"https:\/\/elfsight.com\/pl\/?s={search_term_string}"},"query-input":{"@type":"PropertyValueSpecification","valueRequired":true,"valueName":"search_term_string"}}],"inLanguage":"pl-PL"}]}},"meta_box":{"industry":"","seo_heading":"","heading":"","description":"","cta_heading":"","cta_description":"","application":"2790","h1":"Widget pogody Jimdo","h1_caption":"Wy\u015bwietlaj aktualne informacje o pogodzie dla dowolnego miejsca na swojej stronie internetowej, aby bez wysi\u0142ku przyci\u0105gn\u0105\u0107 lokalnych lub podr\u00f3\u017cuj\u0105cych odbiorc\u00f3w do Twojej witryny Jimdo.","application_category":[],"applications_title":"","applications_request_title":"","applications_request_button_text":"","hero_text":"","hero_video":"","hero_video_schema_markup":"","selling_points_title":"","selling_points_caption":"","selling_points":[],"selling_points_cta_text":"","features_title":"","features":"","ed_cta_examples_text":"","ed_cta_examples_hidden":"","ed_cta_demo_text":"","ed_cta_demo_hidden":"","why_caption":"","why_editor_title":"","why_editor_text":"","why_team_title":"","why_team_text":"","why_service_title":"","why_service_text":"","template_catalog_visible":"","template_catalog_title":"","template_catalog_text":"","template_catalog_categories_visible":"","demo_title":"Po\u015bpiesz si\u0119, aby zaprojektowa\u0107 widget pogody Jimdo!","demo_caption":"Dostosuj wid\u017cet i zaimplementuj go w swojej witrynie, korzystaj\u0105c z wersji demonstracyjnej.","default_faq_hidden":"","app_template_category":[],"platform":"193","template_public_id":"","codecanyon_url":"","codecanyon_item_id":"","codecanyon_price":"","pricing_caption":"","pricing_elfsight_apps_hide_column":"","pricing_elfsight_apps_url":"","pricing_codecanyon_price_caption":"","integration_category":[],"integration_request_title":"","integration_request_cta":"","integration_platform":"","integrations":[],"platform_category":[],"video_schema_markup":"","price":"od 0 USD \/ miesi\u0105c","trial":"","benefits":[{"text":"Bezp\u0142atna pomoc w monta\u017cu"},{"text":"Wsparcie premium"},{"text":"14-dniowa gwarancja zwrotu pieni\u0119dzy"}],"button_url":"#demo","button_target_blank":"","button_nofollow":"","attributes":[{"name":"Instaluje"},{"name":"Czu\u0142y"},{"name":"Kompatybilne przegl\u0105darki"}],"tags":[],"tags_disable_links":"","hide_more_platforms":"","video_object":"","demo_hide_cta":"","demo_hide_cloud_options":"","pricing_title":"","pricing":[{"pricing_icon":"platform","pricing_title":"Elfsight Apps","pricing_title_caption":"Rozwi\u0105zanie wieloplatformowe, kt\u00f3re dzia\u0142a na dowolnej witrynie","pricing_price":"od 0 USD \/ miesi\u0105c","pricing_price_caption":"zacznij od bezp\u0142atnego planu","pricing_benefits":[{"text":"Nielimitowane domeny"},{"text":"Profesjonalna obs\u0142uga klienta"},{"text":"Bezp\u0142atna pomoc w monta\u017cu"},{"text":"Ca\u0142kowicie konfigurowalny"}],"pricing_button_text":"Dodaj do witryny","pricing_button_url":"#demo"}],"related_apps_title":"","related_apps_hidden":"","author":"","image":[],"title":"","job":"","social_networks":[]},"_links":{"self":[{"href":"https:\/\/elfsight.com\/pl\/wp-json\/wp\/v2\/pages\/7248","targetHints":{"allow":["GET"]}}],"collection":[{"href":"https:\/\/elfsight.com\/pl\/wp-json\/wp\/v2\/pages"}],"about":[{"href":"https:\/\/elfsight.com\/pl\/wp-json\/wp\/v2\/types\/page"}],"author":[{"embeddable":true,"href":"https:\/\/elfsight.com\/pl\/wp-json\/wp\/v2\/users\/9"}],"replies":[{"embeddable":true,"href":"https:\/\/elfsight.com\/pl\/wp-json\/wp\/v2\/comments?post=7248"}],"version-history":[{"count":1,"href":"https:\/\/elfsight.com\/pl\/wp-json\/wp\/v2\/pages\/7248\/revisions"}],"predecessor-version":[{"id":7252,"href":"https:\/\/elfsight.com\/pl\/wp-json\/wp\/v2\/pages\/7248\/revisions\/7252"}],"up":[{"embeddable":true,"href":"https:\/\/elfsight.com\/pl\/wp-json\/wp\/v2\/pages\/2791"}],"wp:attachment":[{"href":"https:\/\/elfsight.com\/pl\/wp-json\/wp\/v2\/media?parent=7248"}],"curies":[{"name":"wp","href":"https:\/\/api.w.org\/{rel}","templated":true}]}}