{"id":7246,"date":"1970-01-01T00:00:00","date_gmt":"1970-01-01T00:00:00","guid":{"rendered":"https:\/\/elfsight.com\/pl\/?page_id=7246"},"modified":"2024-09-13T14:12:52","modified_gmt":"2024-09-13T14:12:52","slug":"bigcommerce","status":"publish","type":"page","link":"https:\/\/elfsight.com\/pl\/visitor-counter-widget\/bigcommerce\/","title":{"rendered":"Visitor Counter  &#8211; BigCommerce"},"content":{"rendered":"<div class=\"application-platform-content-item-description application-platform-content-item\" id=\"description\" data-nav-section=\"description\"><h2>Opis<\/h2> <p> Licznik odwiedzin dla BigCommerce to przydatna aplikacja, kt\u00f3ra pozwala analizowa\u0107 liczb\u0119 odwiedzaj\u0105cych i najpopularniejsze tre\u015bci ogl\u0105dane w okre\u015blonym przedziale czasu. Niezb\u0119dne wska\u017aniki mo\u017cna teraz \u0142atwo sprawdzi\u0107, bez konieczno\u015bci posiadania specjalistycznej wiedzy z zakresu kodowania czy analityki danych. Dzi\u0119ki niemu mo\u017cesz tak\u017ce \u0142atwo upewni\u0107 si\u0119, \u017ce odwiedzaj\u0105cy Twoj\u0105 witryn\u0119 s\u0105 renomowan\u0105 firm\u0105 i maj\u0105 znacznie wi\u0119cej nowych klient\u00f3w lub subskrybent\u00f3w. Dzi\u0119ki naszym elastycznym, stylowym mo\u017cliwo\u015bciom i por\u0119cznym uk\u0142adom mo\u017cesz doda\u0107 wid\u017cet do swojej witryny za pomoc\u0105 kilku klikni\u0119\u0107. <\/p> <p><b>Wykorzystaj to, co najlepsze w liczniku statystyk, aby ulepszy\u0107 sw\u00f3j plan e-commerce i osi\u0105gn\u0105\u0107 szczyty! <\/b><\/p><\/div> <div class=\"application-platform-content-item-features application-platform-content-item\" id=\"features\" data-nav-section=\"features\"> <h2>To tylko kilka z wielu funkcji wid\u017cetu: <\/h2> <ul><li>\u0141atwy w u\u017cyciu bez specjalistycznej wiedzy analityka danych<\/li><li>Du\u017cy wyb\u00f3r przedzia\u0142\u00f3w czasowych do zliczania danych<\/li><li>Przydatne uk\u0142ady umo\u017cliwiaj\u0105ce tworzenie wszystkich statystyk w przyst\u0119pny spos\u00f3b <\/li><li>Jasne, ciemne i konfigurowalne schematy kolor\u00f3w aby narz\u0119dzie by\u0142o stylowe<\/li><li>Dostosuj rozmiar i wag\u0119 czcionki <\/li><li>Wystarczy osadzi\u0107 nawet bez umiej\u0119tno\u015bci kodowania <\/li><\/ul><p><a href=\"#demo \">Mo\u017cesz wypr\u00f3bowa\u0107 pe\u0142n\u0105 funkcjonalno\u015b\u0107 aplikacji w wersji demonstracyjnej <\/a><\/p> <\/div> <div class=\"application-platform-content-item-installation application-platform-content-item\" id=\"installation\" data-nav-section=\"installation\"> <h2>Jak osadzi\u0107 licznik odwiedzin na mojej stronie internetowej BigCommerce? <\/h2> <div class=\"video-container\"><iframe width=\"720\" height=\"405\" src=\"https:\/\/www.youtube.com\/embed\/4Xc06Ab3qao\" frameborder=\"0\" allowfullscreen=\"\"><\/iframe><\/div><p>Wystarczy wykona\u0107 poni\u017csze kroki, aby rozpocz\u0105\u0107 prac\u0119 z wtyczk\u0105: <\/p> <ol><li><b>Skorzystaj z naszej bezp\u0142atnej wersji demonstracyjnej i rozpocznij tworzenie w\u0142asnego niestandardowy widget. <\/b><br> Okre\u015bl \u017c\u0105dany uk\u0142ad i parametry wid\u017cetu i zastosuj wszystkie zmiany. <\/li> <li><b>Zdob\u0105d\u017a indywidualny kod wy\u015bwietlany w oknie aplikacji Elfsight. <\/b><br> Po zako\u0144czeniu dostosowywania wid\u017cetu skopiuj kod osobisty w wy\u015bwietlonym oknie i zapisz go na p\u00f3\u017aniej. <\/li> <li><b>Rozpocznij korzystanie z wid\u017cetu na stronie internetowej BigCommerce. <\/b><br> Umie\u015b\u0107 ostatnio skopiowany kod na swojej stronie i zastosuj zmiany. <\/li> <li><b>Gotowe! Konfiguracja zosta\u0142a ca\u0142kowicie zako\u0144czona. <\/b><br> Przejd\u017a na swoj\u0105 witryn\u0119 i sprawd\u017a dzia\u0142anie wid\u017cetu. <\/li><\/ol><p>Je\u015bli masz pytania lub napotkasz jakiekolwiek przeszkody, mo\u017cesz zwr\u00f3ci\u0107 si\u0119 do naszego zespo\u0142u wsparcia. Nasi specjali\u015bci ch\u0119tnie pomog\u0105 Ci we wszystkich problemach, jakie mo\u017cesz mie\u0107 z aplikacj\u0105. <\/p> <div class=\"faq\" data-component=\"FAQ\"><div class=\"faq-item\">\r\n\t\t\t\t\t<div class=\"faq-item-question\">\r\n\t\t\t\t\t\t<h3 class=\"faq-item-question-text\">W jaki spos\u00f3b mo\u017cna doda\u0107 licznik odwiedzin do mojej witryny BigCommerce bez do\u015bwiadczenia w kodowaniu?<\/h3>\r\n\r\n\t\t\t\t\t\t<div class=\"faq-item-question-icon\"><\/div>\r\n\t\t\t\t\t<\/div>\r\n\r\n\t\t\t\t\t<div class=\"faq-item-answer\">\r\n\t\t\t\t\t\t<div class=\"faq-item-answer-text\"> <p>Firma Elfsight dostarcza rozwi\u0105zanie SaaS, kt\u00f3re umo\u017cliwia w\u0142a\u015bcicielom witryn tworzenie odwiedzaj\u0105cych Sekcja licznika samodzielnie, odkryj, jak nieskomplikowany jest ten proces: Pracuj bezpo\u015brednio w edytorze online, aby utworzy\u0107 sekcj\u0119 licznika odwiedzin, kt\u00f3ra ma si\u0119 pojawia\u0107 na stronie internetowej BigCommerce. Wybierz jeden z wielu gotowych szablon\u00f3w i zmie\u0144 ustawienia licznika odwiedzin, zmie\u0144 uk\u0142ad i kolory, w tym tre\u015b\u0107, bez \u017cadnych umiej\u0119tno\u015bci kodowania. Kliknij, aby zapisa\u0107 ustawienia wprowadzone w liczniku odwiedzin i uzyska\u0107 kod do umieszczenia, kt\u00f3ry mo\u017cna \u0142atwo wklei\u0107 na swojej stronie BigCommerce, korzystaj\u0105c z bezp\u0142atnego planu. Za pomoc\u0105 \u0142atwego w u\u017cyciu edytora ka\u017cdy u\u017cytkownik sieci mo\u017ce utworzy\u0107 wid\u017cet licznika odwiedzin online i doda\u0107 go do swojej witryny BigCommerce. Aby skorzysta\u0107 z naszych us\u0142ug, nie trzeba p\u0142aci\u0107 ani ujawnia\u0107 danych uwierzytelniaj\u0105cych karty. Je\u015bli napotkasz jakiekolwiek problemy, skontaktuj si\u0119 z naszym personelem pomocy technicznej.<\/p> <\/div>\r\n\t\t\t\t\t<\/div>\r\n\t\t\t\t<\/div> <\/div><\/div>","protected":false},"excerpt":{"rendered":"","protected":false},"author":9,"featured_media":0,"parent":3407,"menu_order":0,"comment_status":"closed","ping_status":"closed","template":"templates\/template-application-platform.php","meta":{"publish_to_discourse":"","publish_post_category":"","wpdc_auto_publish_overridden":"","wpdc_topic_tags":"","wpdc_pin_topic":"","wpdc_pin_until":"","discourse_post_id":"","discourse_permalink":"","wpdc_publishing_response":"","wpdc_publishing_error":"","footnotes":""},"class_list":["post-7246","page","type-page","status-publish","hentry"],"yoast_head":"<!-- This site is optimized with the Yoast SEO plugin v25.3.1 - https:\/\/yoast.com\/wordpress\/plugins\/seo\/ -->\n<title>Wid\u017cet licznika odwiedzin dla Twojej witryny BigCommerce (szybko i bezp\u0142atnie)<\/title>\n<meta name=\"description\" content=\"Stw\u00f3rz najlepsz\u0105 aplikacj\u0119 do liczenia odwiedzin i b\u0142yskawicznie umie\u015b\u0107 j\u0105 na stronie internetowej. Mamy bezp\u0142atn\u0105 obs\u0142ug\u0119 klienta i wi\u0119cej bonus\u00f3w.\" \/>\n<meta name=\"robots\" content=\"index, follow, max-snippet:-1, max-image-preview:large, max-video-preview:-1\" \/>\n<link rel=\"canonical\" href=\"https:\/\/elfsight.com\/pl\/visitor-counter-widget\/bigcommerce\/\" \/>\n<meta property=\"og:locale\" content=\"pl_PL\" \/>\n<meta property=\"og:type\" content=\"article\" \/>\n<meta property=\"og:title\" content=\"Wid\u017cet licznika odwiedzin dla Twojej witryny BigCommerce (szybko i bezp\u0142atnie)\" \/>\n<meta property=\"og:description\" content=\"Stw\u00f3rz najlepsz\u0105 aplikacj\u0119 do liczenia odwiedzin i b\u0142yskawicznie umie\u015b\u0107 j\u0105 na stronie internetowej. Mamy bezp\u0142atn\u0105 obs\u0142ug\u0119 klienta i wi\u0119cej bonus\u00f3w.\" \/>\n<meta property=\"og:url\" content=\"https:\/\/elfsight.com\/pl\/visitor-counter-widget\/bigcommerce\/\" \/>\n<meta property=\"og:site_name\" content=\"Elfsight PL\" \/>\n<meta property=\"article:modified_time\" content=\"2024-09-13T14:12:52+00:00\" \/>\n<meta name=\"twitter:card\" content=\"summary_large_image\" \/>\n<meta name=\"twitter:label1\" content=\"Szacowany czas czytania\" \/>\n\t<meta name=\"twitter:data1\" content=\"3 minuty\" \/>\n<!-- \/ Yoast SEO plugin. -->","yoast_head_json":{"title":"Wid\u017cet licznika odwiedzin dla Twojej witryny BigCommerce (szybko i bezp\u0142atnie)","description":"Stw\u00f3rz najlepsz\u0105 aplikacj\u0119 do liczenia odwiedzin i b\u0142yskawicznie umie\u015b\u0107 j\u0105 na stronie internetowej. Mamy bezp\u0142atn\u0105 obs\u0142ug\u0119 klienta i wi\u0119cej bonus\u00f3w.","robots":{"index":"index","follow":"follow","max-snippet":"max-snippet:-1","max-image-preview":"max-image-preview:large","max-video-preview":"max-video-preview:-1"},"canonical":"https:\/\/elfsight.com\/pl\/visitor-counter-widget\/bigcommerce\/","og_locale":"pl_PL","og_type":"article","og_title":"Wid\u017cet licznika odwiedzin dla Twojej witryny BigCommerce (szybko i bezp\u0142atnie)","og_description":"Stw\u00f3rz najlepsz\u0105 aplikacj\u0119 do liczenia odwiedzin i b\u0142yskawicznie umie\u015b\u0107 j\u0105 na stronie internetowej. Mamy bezp\u0142atn\u0105 obs\u0142ug\u0119 klienta i wi\u0119cej bonus\u00f3w.","og_url":"https:\/\/elfsight.com\/pl\/visitor-counter-widget\/bigcommerce\/","og_site_name":"Elfsight PL","article_modified_time":"2024-09-13T14:12:52+00:00","twitter_card":"summary_large_image","twitter_misc":{"Szacowany czas czytania":"3 minuty"},"schema":{"@context":"https:\/\/schema.org","@graph":[{"@type":"WebPage","@id":"https:\/\/elfsight.com\/pl\/visitor-counter-widget\/bigcommerce\/","url":"https:\/\/elfsight.com\/pl\/visitor-counter-widget\/bigcommerce\/","name":"Wid\u017cet licznika odwiedzin dla Twojej witryny BigCommerce (szybko i bezp\u0142atnie)","isPartOf":{"@id":"https:\/\/elfsight.com\/pl\/#website"},"datePublished":"1970-01-01T00:00:00+00:00","dateModified":"2024-09-13T14:12:52+00:00","description":"Stw\u00f3rz najlepsz\u0105 aplikacj\u0119 do liczenia odwiedzin i b\u0142yskawicznie umie\u015b\u0107 j\u0105 na stronie internetowej. Mamy bezp\u0142atn\u0105 obs\u0142ug\u0119 klienta i wi\u0119cej bonus\u00f3w.","breadcrumb":{"@id":"https:\/\/elfsight.com\/pl\/visitor-counter-widget\/bigcommerce\/#breadcrumb"},"inLanguage":"pl-PL","potentialAction":[{"@type":"ReadAction","target":["https:\/\/elfsight.com\/pl\/visitor-counter-widget\/bigcommerce\/"]}]},{"@type":"BreadcrumbList","@id":"https:\/\/elfsight.com\/pl\/visitor-counter-widget\/bigcommerce\/#breadcrumb","itemListElement":[{"@type":"ListItem","position":1,"name":"Home","item":"https:\/\/elfsight.com\/pl\/"},{"@type":"ListItem","position":2,"name":"Visitor Counter","item":"https:\/\/elfsight.com\/pl\/visitor-counter-widget\/"},{"@type":"ListItem","position":3,"name":"Visitor Counter &#8211; BigCommerce"}]},{"@type":"WebSite","@id":"https:\/\/elfsight.com\/pl\/#website","url":"https:\/\/elfsight.com\/pl\/","name":"Elfsight PL","description":"Just another Elfsight Sites site","potentialAction":[{"@type":"SearchAction","target":{"@type":"EntryPoint","urlTemplate":"https:\/\/elfsight.com\/pl\/?s={search_term_string}"},"query-input":{"@type":"PropertyValueSpecification","valueRequired":true,"valueName":"search_term_string"}}],"inLanguage":"pl-PL"}]}},"meta_box":{"industry":"","seo_heading":"","heading":"","description":"","cta_heading":"","cta_description":"","application":"3357","h1":"Aplikacja do liczenia odwiedzin BigCommerce","h1_caption":"\u015aled\u017a wska\u017aniki swojej witryny i zdobywaj wi\u0119cej potencjalnych klient\u00f3w","application_category":[],"applications_title":"","applications_request_title":"","applications_request_button_text":"","hero_text":"","hero_video":"","hero_video_schema_markup":"","selling_points_title":"","selling_points_caption":"","selling_points":[],"selling_points_cta_text":"","features_title":"","features":"","ed_cta_examples_text":"","ed_cta_examples_hidden":"","ed_cta_demo_text":"","ed_cta_demo_hidden":"","why_caption":"","why_editor_title":"","why_editor_text":"","why_team_title":"","why_team_text":"","why_service_title":"","why_service_text":"","template_catalog_visible":"","template_catalog_title":"","template_catalog_text":"","template_catalog_categories_visible":"","demo_title":"Zach\u0119camy do zaprojektowania niestandardowego licznika odwiedzin BigCommerce","demo_caption":"Dostosuj i zintegruj aplikacj\u0119 ze swoj\u0105 witryn\u0105 internetow\u0105 za pomoc\u0105 wersji demonstracyjnej na \u017cywo.","default_faq_hidden":"","app_template_category":[],"platform":"41","template_public_id":"","codecanyon_url":"","codecanyon_item_id":"","codecanyon_price":"","pricing_caption":"","pricing_elfsight_apps_hide_column":"","pricing_elfsight_apps_url":"","pricing_codecanyon_price_caption":"","integration_category":[],"integration_request_title":"","integration_request_cta":"","integration_platform":"","integrations":[],"platform_category":[],"video_schema_markup":"","price":"od 0 USD \/ miesi\u0105c","trial":"","benefits":[{"text":"Bezp\u0142atna us\u0142uga monta\u017cu"},{"text":"Wsparcie premium"},{"text":"14-dniowa gwarancja zwrotu pieni\u0119dzy"}],"button_url":"#demo","button_target_blank":"","button_nofollow":"","attributes":[{"name":"Instaluje"},{"name":"Czu\u0142y"},{"name":"Kompatybilne przegl\u0105darki"}],"tags":[],"tags_disable_links":"","hide_more_platforms":"","video_object":"","demo_hide_cta":"","demo_hide_cloud_options":"","pricing_title":"","pricing":[{"pricing_icon":"platform","pricing_title":"Elfsight Apps","pricing_title_caption":"Niezale\u017cne od platformy rozwi\u0105zanie cyfrowe, kt\u00f3re pasuje do ka\u017cdej witryny","pricing_price":"od 0 USD \/ miesi\u0105c","pricing_price_caption":"zacznij od bezp\u0142atnego planu","pricing_benefits":[{"text":"Nielimitowane domeny"},{"text":"Wsparcie firmy premium"},{"text":"Bezp\u0142atna pomoc w monta\u017cu"},{"text":"W pe\u0142ni konfigurowalny"}],"pricing_button_text":"Dodaj do witryny","pricing_button_url":"#demo"}],"related_apps_title":"","related_apps_hidden":"","author":"","image":[],"title":"","job":"","social_networks":[]},"_links":{"self":[{"href":"https:\/\/elfsight.com\/pl\/wp-json\/wp\/v2\/pages\/7246","targetHints":{"allow":["GET"]}}],"collection":[{"href":"https:\/\/elfsight.com\/pl\/wp-json\/wp\/v2\/pages"}],"about":[{"href":"https:\/\/elfsight.com\/pl\/wp-json\/wp\/v2\/types\/page"}],"author":[{"embeddable":true,"href":"https:\/\/elfsight.com\/pl\/wp-json\/wp\/v2\/users\/9"}],"replies":[{"embeddable":true,"href":"https:\/\/elfsight.com\/pl\/wp-json\/wp\/v2\/comments?post=7246"}],"version-history":[{"count":2,"href":"https:\/\/elfsight.com\/pl\/wp-json\/wp\/v2\/pages\/7246\/revisions"}],"predecessor-version":[{"id":8120,"href":"https:\/\/elfsight.com\/pl\/wp-json\/wp\/v2\/pages\/7246\/revisions\/8120"}],"up":[{"embeddable":true,"href":"https:\/\/elfsight.com\/pl\/wp-json\/wp\/v2\/pages\/3407"}],"wp:attachment":[{"href":"https:\/\/elfsight.com\/pl\/wp-json\/wp\/v2\/media?parent=7246"}],"curies":[{"name":"wp","href":"https:\/\/api.w.org\/{rel}","templated":true}]}}