{"id":7240,"date":"1970-01-01T00:00:00","date_gmt":"1970-01-01T00:00:00","guid":{"rendered":"https:\/\/elfsight.com\/pl\/?page_id=7240"},"modified":"2024-09-13T14:12:44","modified_gmt":"2024-09-13T14:12:44","slug":"drupal","status":"publish","type":"page","link":"https:\/\/elfsight.com\/pl\/visitor-counter-widget\/drupal\/","title":{"rendered":"Visitor Counter  &#8211; Drupal"},"content":{"rendered":"<div class=\"application-platform-content-item-description application-platform-content-item\" id=\"description\" data-nav-section=\"description\"> <h2>Opis<\/h2> <p> Licznik odwiedzin dla Drupala to przydatne rozszerzenie pozwalaj\u0105ce kontrolowa\u0107 liczb\u0119 odwiedzaj\u0105cych i najpopularniejsze strony ogl\u0105dane w okre\u015blonym przedziale czasu. Niezb\u0119dne metryki mo\u017cna teraz po prostu analizowa\u0107 bez konieczno\u015bci posiadania specjalnych umiej\u0119tno\u015bci kodowania lub analizy danych. Co wi\u0119cej, wy\u015bwietlaj\u0105c niesamowite wyniki, mo\u017cesz \u0142atwo zapewni\u0107 odwiedzaj\u0105cych o wiarygodno\u015bci Twojej firmy. Dzi\u0119ki naszym stylowym mo\u017cliwo\u015bciom i por\u0119cznym uk\u0142adom dostosowanym do potrzeb u\u017cytkownika mo\u017cesz umie\u015bci\u0107 wid\u017cet na swojej stronie internetowej za pomoc\u0105 kilku klikni\u0119\u0107. <\/p> <p><b>Dzi\u0119ki licznikowi odwiedzin przeanalizuj swoje wska\u017aniki i rozpocznij zr\u00f3wnowa\u017cony rozw\u00f3j biznesu! <\/b><\/p><\/div> <div class=\"application-platform-content-item-features application-platform-content-item\" id=\"features\" data-nav-section=\"features\"><h2>Poni\u017cej znajduj\u0105 si\u0119 podstawowe cechy wid\u017cetu: <\/h2> <ul><li>Prosty w u\u017cyciu, bez konieczno\u015bci posiadania profesjonalnych umiej\u0119tno\u015bci wymagana analiza i kodowanie danych<\/li><li>Szeroki wyb\u00f3r przedzia\u0142\u00f3w czasowych do szczeg\u00f3\u0142owej analizy statystyk<\/li><li>Przydatne uk\u0142ady do praktycznego tworzenia wszystkich wska\u017anik\u00f3w <\/li><li>Lekkie , Ciemne i konfigurowalne schematy kolor\u00f3w umo\u017cliwiaj\u0105ce bezproblemowe osadzenie narz\u0119dzia w Twojej witrynie <\/li><li>Ustaw rozmiar i wag\u0119 czcionki <\/li><li>\u0141atwe do wdro\u017cenia nawet bez umiej\u0119tno\u015bci kodowania <\/li><\/ul><p><a href=\"#demo\">Przejrzyj wszystkie ustawienia w pe\u0142ni funkcjonalnej wersji demonstracyjnej<\/a><\/p> <\/div> <div class=\"application-platform-content-item-installation application-platform-content-item\" id=\"installation\" data-nav-section=\"installation\"> <h2>Jak osadzi\u0107 licznik odwiedzin w moja strona Drupal? <\/h2> <div class=\"video-container\"><iframe width=\"720\" height=\"405\" src=\"https:\/\/www.youtube.com\/embed\/5e8fRJvw_TY\" frameborder=\"0\" allowfullscreen=\"\"><\/iframe><\/div><p>Wystarczy spe\u0142ni\u0107 poni\u017csze wskaz\u00f3wki, aby osadzi\u0107 wid\u017cet: <\/p> <ol><li><b>Otw\u00f3rz nasz darmowy edytor i zacznij tworzy\u0107 w\u0142asny modu\u0142. <\/b><br> Okre\u015bl odpowiedni wygl\u0105d i aspekty modu\u0142u i zapisz wszystkie poprawki. <\/li> <li><b>Wy\u015bwietl sw\u00f3j unikalny kod w polu aplikacji Elfsight. <\/b><br> Po zako\u0144czeniu dostosowywania modu\u0142u osobistego skopiuj kod w wy\u015bwietlonym oknie i zapisz go do dalszego wykorzystania. <\/li> <li><b>Zacznij korzysta\u0107 z modu\u0142u Hit Counter na stronie Drupal. <\/b><br> Umie\u015b\u0107 skopiowany wcze\u015bniej kod na swojej stronie internetowej i zastosuj modyfikacje. <\/li> <li><b>Instalacja zosta\u0142a pomy\u015blnie przeprowadzona. <\/b><br> Odwied\u017a swoj\u0105 stron\u0119 internetow\u0105 i sprawd\u017a dzia\u0142anie modu\u0142u. <\/li><\/ol><p>Je\u015bli masz do czynienia z zapytaniami lub masz jakiekolwiek trudno\u015bci, skontaktuj si\u0119 z naszym dzia\u0142em obs\u0142ugi klienta. Nasi specjali\u015bci z przyjemno\u015bci\u0105 rozwi\u0105\u017c\u0105 wszystkie problemy, jakie mo\u017cesz mie\u0107 z modu\u0142em. <\/p> <div class=\"faq\" data-component=\"FAQ\"><div class=\"faq-item\">\r\n\t\t\t\t\t<div class=\"faq-item-question\">\r\n\t\t\t\t\t\t<h3 class=\"faq-item-question-text\">Czy istnieje mo\u017cliwo\u015b\u0107 dodania licznika odwiedzin do mojej strony Drupal bez umiej\u0119tno\u015bci kodowania?<\/h3>\r\n\r\n\t\t\t\t\t\t<div class=\"faq-item-question-icon\"><\/div>\r\n\t\t\t\t\t<\/div>\r\n\r\n\t\t\t\t\t<div class=\"faq-item-answer\">\r\n\t\t\t\t\t\t<div class=\"faq-item-answer-text\"> <p>Elfsight zapewnia rozwi\u0105zanie w chmurze, kt\u00f3re pozwala w\u0142a\u015bcicielom witryn samodzielnie utworzy\u0107 wtyczk\u0119 licznika odwiedzin, sprawd\u017a proste kroki: Rozpocznij prac\u0119 w wersji demonstracyjnej online, aby stworzy\u0107 aplikacj\u0119 licznika odwiedzin, kt\u00f3ra ma si\u0119 pojawia\u0107 na stronie Drupala. Zdecyduj si\u0119 na jeden z wielu wst\u0119pnie zaprojektowanych szablon\u00f3w i dostosuj ustawienia licznika odwiedzin, zmie\u0144 uk\u0142ad i schemat kolor\u00f3w oraz zaktualizuj tre\u015b\u0107 bez kodowania. Kliknij, aby zapisa\u0107 licznik odwiedzin i uzyska\u0107 kod instalacyjny wid\u017cetu, kt\u00f3ry mo\u017cesz umie\u015bci\u0107 na dowolnej stronie g\u0142\u00f3wnej Drupala bez konieczno\u015bci wykupywania p\u0142atnej subskrypcji. Pracuj\u0105c w naszym intuicyjnym Konfiguratorze, ka\u017cdy internauta mo\u017ce stworzy\u0107 sekcj\u0119 Licznik odwiedzin i osadzi\u0107 j\u0105 na stronie g\u0142\u00f3wnej Drupala. Aby uzyska\u0107 dost\u0119p do naszego edytora, nie trzeba wykupi\u0107 p\u0142atnej subskrypcji ani podawa\u0107 danych uwierzytelniaj\u0105cych karty. Je\u015bli na kt\u00f3rymkolwiek etapie napotkasz jakiekolwiek problemy, nie wahaj si\u0119 skontaktowa\u0107 z naszym personelem pomocy technicznej.<\/p> <\/div>\r\n\t\t\t\t\t<\/div>\r\n\t\t\t\t<\/div> <\/div><\/div>","protected":false},"excerpt":{"rendered":"","protected":false},"author":9,"featured_media":0,"parent":3407,"menu_order":0,"comment_status":"closed","ping_status":"closed","template":"templates\/template-application-platform.php","meta":{"publish_to_discourse":"","publish_post_category":"","wpdc_auto_publish_overridden":"","wpdc_topic_tags":"","wpdc_pin_topic":"","wpdc_pin_until":"","discourse_post_id":"","discourse_permalink":"","wpdc_publishing_response":"","wpdc_publishing_error":"","footnotes":""},"class_list":["post-7240","page","type-page","status-publish","hentry"],"yoast_head":"<!-- This site is optimized with the Yoast SEO plugin v25.3.1 - https:\/\/yoast.com\/wordpress\/plugins\/seo\/ -->\n<title>Licznik odwiedzin \u2014 Dodaj licznik odwiedzin do strony Drupal (bezp\u0142atnie i szybko)<\/title>\n<meta name=\"description\" content=\"Stw\u00f3rz najlepszy wid\u017cet licznika odwiedzin i z \u0142atwo\u015bci\u0105 umie\u015b\u0107 go na swojej stronie internetowej. Mamy bezp\u0142atn\u0105 obs\u0142ug\u0119 klienta i wi\u0119cej bonus\u00f3w.\" \/>\n<meta name=\"robots\" content=\"index, follow, max-snippet:-1, max-image-preview:large, max-video-preview:-1\" \/>\n<link rel=\"canonical\" href=\"https:\/\/elfsight.com\/pl\/visitor-counter-widget\/drupal\/\" \/>\n<meta property=\"og:locale\" content=\"pl_PL\" \/>\n<meta property=\"og:type\" content=\"article\" \/>\n<meta property=\"og:title\" content=\"Licznik odwiedzin \u2014 Dodaj licznik odwiedzin do strony Drupal (bezp\u0142atnie i szybko)\" \/>\n<meta property=\"og:description\" content=\"Stw\u00f3rz najlepszy wid\u017cet licznika odwiedzin i z \u0142atwo\u015bci\u0105 umie\u015b\u0107 go na swojej stronie internetowej. Mamy bezp\u0142atn\u0105 obs\u0142ug\u0119 klienta i wi\u0119cej bonus\u00f3w.\" \/>\n<meta property=\"og:url\" content=\"https:\/\/elfsight.com\/pl\/visitor-counter-widget\/drupal\/\" \/>\n<meta property=\"og:site_name\" content=\"Elfsight PL\" \/>\n<meta property=\"article:modified_time\" content=\"2024-09-13T14:12:44+00:00\" \/>\n<meta name=\"twitter:card\" content=\"summary_large_image\" \/>\n<meta name=\"twitter:label1\" content=\"Szacowany czas czytania\" \/>\n\t<meta name=\"twitter:data1\" content=\"3 minuty\" \/>\n<!-- \/ Yoast SEO plugin. -->","yoast_head_json":{"title":"Licznik odwiedzin \u2014 Dodaj licznik odwiedzin do strony Drupal (bezp\u0142atnie i szybko)","description":"Stw\u00f3rz najlepszy wid\u017cet licznika odwiedzin i z \u0142atwo\u015bci\u0105 umie\u015b\u0107 go na swojej stronie internetowej. Mamy bezp\u0142atn\u0105 obs\u0142ug\u0119 klienta i wi\u0119cej bonus\u00f3w.","robots":{"index":"index","follow":"follow","max-snippet":"max-snippet:-1","max-image-preview":"max-image-preview:large","max-video-preview":"max-video-preview:-1"},"canonical":"https:\/\/elfsight.com\/pl\/visitor-counter-widget\/drupal\/","og_locale":"pl_PL","og_type":"article","og_title":"Licznik odwiedzin \u2014 Dodaj licznik odwiedzin do strony Drupal (bezp\u0142atnie i szybko)","og_description":"Stw\u00f3rz najlepszy wid\u017cet licznika odwiedzin i z \u0142atwo\u015bci\u0105 umie\u015b\u0107 go na swojej stronie internetowej. Mamy bezp\u0142atn\u0105 obs\u0142ug\u0119 klienta i wi\u0119cej bonus\u00f3w.","og_url":"https:\/\/elfsight.com\/pl\/visitor-counter-widget\/drupal\/","og_site_name":"Elfsight PL","article_modified_time":"2024-09-13T14:12:44+00:00","twitter_card":"summary_large_image","twitter_misc":{"Szacowany czas czytania":"3 minuty"},"schema":{"@context":"https:\/\/schema.org","@graph":[{"@type":"WebPage","@id":"https:\/\/elfsight.com\/pl\/visitor-counter-widget\/drupal\/","url":"https:\/\/elfsight.com\/pl\/visitor-counter-widget\/drupal\/","name":"Licznik odwiedzin \u2014 Dodaj licznik odwiedzin do strony Drupal (bezp\u0142atnie i szybko)","isPartOf":{"@id":"https:\/\/elfsight.com\/pl\/#website"},"datePublished":"1970-01-01T00:00:00+00:00","dateModified":"2024-09-13T14:12:44+00:00","description":"Stw\u00f3rz najlepszy wid\u017cet licznika odwiedzin i z \u0142atwo\u015bci\u0105 umie\u015b\u0107 go na swojej stronie internetowej. Mamy bezp\u0142atn\u0105 obs\u0142ug\u0119 klienta i wi\u0119cej bonus\u00f3w.","breadcrumb":{"@id":"https:\/\/elfsight.com\/pl\/visitor-counter-widget\/drupal\/#breadcrumb"},"inLanguage":"pl-PL","potentialAction":[{"@type":"ReadAction","target":["https:\/\/elfsight.com\/pl\/visitor-counter-widget\/drupal\/"]}]},{"@type":"BreadcrumbList","@id":"https:\/\/elfsight.com\/pl\/visitor-counter-widget\/drupal\/#breadcrumb","itemListElement":[{"@type":"ListItem","position":1,"name":"Home","item":"https:\/\/elfsight.com\/pl\/"},{"@type":"ListItem","position":2,"name":"Visitor Counter","item":"https:\/\/elfsight.com\/pl\/visitor-counter-widget\/"},{"@type":"ListItem","position":3,"name":"Visitor Counter &#8211; Drupal"}]},{"@type":"WebSite","@id":"https:\/\/elfsight.com\/pl\/#website","url":"https:\/\/elfsight.com\/pl\/","name":"Elfsight PL","description":"Just another Elfsight Sites site","potentialAction":[{"@type":"SearchAction","target":{"@type":"EntryPoint","urlTemplate":"https:\/\/elfsight.com\/pl\/?s={search_term_string}"},"query-input":{"@type":"PropertyValueSpecification","valueRequired":true,"valueName":"search_term_string"}}],"inLanguage":"pl-PL"}]}},"meta_box":{"industry":"","seo_heading":"","heading":"","description":"","cta_heading":"","cta_description":"","application":"3357","h1":"Modu\u0142 licznika odwiedzin Drupala","h1_caption":"Sprawd\u017a statystyki swojej witryny i zdob\u0105d\u017a znacznie wi\u0119cej klient\u00f3w","application_category":[],"applications_title":"","applications_request_title":"","applications_request_button_text":"","hero_text":"","hero_video":"","hero_video_schema_markup":"","selling_points_title":"","selling_points_caption":"","selling_points":[],"selling_points_cta_text":"","features_title":"","features":"","ed_cta_examples_text":"","ed_cta_examples_hidden":"","ed_cta_demo_text":"","ed_cta_demo_hidden":"","why_caption":"","why_editor_title":"","why_editor_text":"","why_team_title":"","why_team_text":"","why_service_title":"","why_service_text":"","template_catalog_visible":"","template_catalog_title":"","template_catalog_text":"","template_catalog_categories_visible":"","demo_title":"Pospiesz si\u0119, aby utworzy\u0107 w\u0142asny licznik odwiedzin Drupala","demo_caption":"Spersonalizuj i wstaw modu\u0142 na swoj\u0105 stron\u0119 poprzez demo","default_faq_hidden":"","app_template_category":[],"platform":"47","template_public_id":"","codecanyon_url":"","codecanyon_item_id":"","codecanyon_price":"","pricing_caption":"","pricing_elfsight_apps_hide_column":"","pricing_elfsight_apps_url":"","pricing_codecanyon_price_caption":"","integration_category":[],"integration_request_title":"","integration_request_cta":"","integration_platform":"","integrations":[],"platform_category":[],"video_schema_markup":"","price":"od 0 USD \/ miesi\u0105c","trial":"","benefits":[{"text":"Bezp\u0142atna us\u0142uga monta\u017cu"},{"text":"Profesjonalna obs\u0142uga klienta"},{"text":"14-dniowa gwarancja zwrotu pieni\u0119dzy"}],"button_url":"#demo","button_target_blank":"","button_nofollow":"","attributes":[{"name":"Instaluje"},{"name":"Czu\u0142y"},{"name":"Kompatybilne przegl\u0105darki"}],"tags":[],"tags_disable_links":"","hide_more_platforms":"","video_object":"","demo_hide_cta":"","demo_hide_cloud_options":"","pricing_title":"","pricing":[{"pricing_icon":"platform","pricing_title":"Elfsight Apps","pricing_title_caption":"Oprogramowanie wieloplatformowe, kt\u00f3re dzia\u0142a na dowolnej stronie internetowej","pricing_price":"od 0 USD \/ miesi\u0105c","pricing_price_caption":"zacznij od bezp\u0142atnego planu","pricing_benefits":[{"text":"Nielimitowane strony internetowe"},{"text":"Ca\u0142odobowe wsparcie firmy"},{"text":"Bezp\u0142atna pomoc w monta\u017cu"},{"text":"Specjalna cena za wiele aplikacji"}],"pricing_button_text":"Dodaj do witryny","pricing_button_url":"#demo"}],"related_apps_title":"","related_apps_hidden":"","author":"","image":[],"title":"","job":"","social_networks":[]},"_links":{"self":[{"href":"https:\/\/elfsight.com\/pl\/wp-json\/wp\/v2\/pages\/7240","targetHints":{"allow":["GET"]}}],"collection":[{"href":"https:\/\/elfsight.com\/pl\/wp-json\/wp\/v2\/pages"}],"about":[{"href":"https:\/\/elfsight.com\/pl\/wp-json\/wp\/v2\/types\/page"}],"author":[{"embeddable":true,"href":"https:\/\/elfsight.com\/pl\/wp-json\/wp\/v2\/users\/9"}],"replies":[{"embeddable":true,"href":"https:\/\/elfsight.com\/pl\/wp-json\/wp\/v2\/comments?post=7240"}],"version-history":[{"count":2,"href":"https:\/\/elfsight.com\/pl\/wp-json\/wp\/v2\/pages\/7240\/revisions"}],"predecessor-version":[{"id":8118,"href":"https:\/\/elfsight.com\/pl\/wp-json\/wp\/v2\/pages\/7240\/revisions\/8118"}],"up":[{"embeddable":true,"href":"https:\/\/elfsight.com\/pl\/wp-json\/wp\/v2\/pages\/3407"}],"wp:attachment":[{"href":"https:\/\/elfsight.com\/pl\/wp-json\/wp\/v2\/media?parent=7240"}],"curies":[{"name":"wp","href":"https:\/\/api.w.org\/{rel}","templated":true}]}}