{"id":7238,"date":"1970-01-01T00:00:00","date_gmt":"1970-01-01T00:00:00","guid":{"rendered":"https:\/\/elfsight.com\/pl\/?page_id=7238"},"modified":"2024-09-13T14:12:44","modified_gmt":"2024-09-13T14:12:44","slug":"elementor","status":"publish","type":"page","link":"https:\/\/elfsight.com\/pl\/visitor-counter-widget\/elementor\/","title":{"rendered":"Visitor Counter  &#8211; Elementor"},"content":{"rendered":"<div class=\"application-platform-content-item-description application-platform-content-item\" id=\"description\" data-nav-section=\"description\"><h2>Osad\u017a licznik odwiedzin w Elementorze za pomoc\u0105 wid\u017cetu Elfsight<\/h2> <p> Licznik go\u015bci w Elementorze to nieskomplikowane narz\u0119dzie umo\u017cliwiaj\u0105ce analiz\u0119 liczba odwiedzaj\u0105cych i najpopularniejsze tre\u015bci. Podstawowe statystyki mo\u017cna teraz \u0142atwo \u015bledzi\u0107 bez konieczno\u015bci posiadania dodatkowej wiedzy z zakresu kodowania lub analizy danych. Dzi\u0119ki niemu mo\u017cesz \u0142atwo przekona\u0107 odbiorc\u00f3w, \u017ce jeste\u015b renomowan\u0105 firm\u0105 i pozyska\u0107 znacznie wi\u0119cej lead\u00f3w. Dzi\u0119ki naszym konfigurowalnym, stylowym mo\u017cliwo\u015bciom i por\u0119cznym uk\u0142adom mo\u017cesz zintegrowa\u0107 wid\u017cet ze swoj\u0105 stron\u0105 za pomoc\u0105 kilku klikni\u0119\u0107. <\/p> <p><b>Zwi\u0119ksz skuteczno\u015b\u0107 swojej taktyki e-commerce dzi\u0119ki licznikowi odwiedzin!<\/b><\/p><\/div> <div class=\"application-platform-content-item-features application-platform-content-item\" id=\"features\" data-nav-section=\"features\"> <h2>Niezb\u0119dne funkcje wid\u017cetu obejmuj\u0105: <\/h2> <ul><li>\u0141atwy w u\u017cyciu bez konieczno\u015bci posiadania profesjonalnych kwalifikacji w zakresie SEO i kodowania<\/li><li>Szeroki wyb\u00f3r przedzia\u0142\u00f3w czasowych do sprawdzania statystyk<\/li><li>Wygodny uk\u0142ady umo\u017cliwiaj\u0105ce tworzenie wszystkich wska\u017anik\u00f3w w przyst\u0119pny spos\u00f3b <\/li><li>Jasne, ciemne i konfigurowalne schematy kolor\u00f3w umo\u017cliwiaj\u0105ce dostosowanie narz\u0119dzia <\/li><li>Ustaw rozmiar i wag\u0119 czcionki <\/li><li>\u0141atwe dodawanie na stronie nawet dla u\u017cytkownik\u00f3w nietechnicznych <\/li><\/ul><p><a href=\"#demo\">Mo\u017cesz poczu\u0107, jakie mo\u017cliwo\u015bci oferuje widget, korzystaj\u0105c z wersji demonstracyjnej<\/a><\/p> <\/div> <div class=\"application-platform-content-item-installation application-platform-content-item\" id=\"installation\" data-nav-section=\"installation\"> <h2>Jak mog\u0119 doda\u0107 licznik odwiedzin na mojej stronie internetowej Elementor? <\/h2> <div class=\"video-container\"><iframe width=\"720\" height=\"405\" src=\"https:\/\/www.youtube.com\/embed\/5lMKAjQs6po\" frameborder=\"0\" allowfullscreen=\"\"><\/iframe><\/div><p>Wystarczy post\u0119powa\u0107 zgodnie z poni\u017cszymi wskaz\u00f3wkami, aby rozpocz\u0105\u0107 korzystanie z narz\u0119dzia: <\/p> <ol><li><b>Uruchom nasz darmowy edytor i zacznij budowa\u0107 sw\u00f3j w\u0142asny instrument. <\/b><br> Wybierz wybrany wygl\u0105d i aspekty wid\u017cetu i zastosuj modyfikacje. <\/li> <li><b>Zdob\u0105d\u017a sw\u00f3j osobisty kod pojawiaj\u0105cy si\u0119 w specjalnym formularzu w aplikacjach Elfsight. <\/b><br> Po zako\u0144czeniu dostosowywania Twojego osobistego widgetu skopiuj ekskluzywny kod z wy\u015bwietlonego pola i zachowaj go do dalszego wykorzystania. <\/li> <li><b>Rozpocznij stosowanie narz\u0119dzia na stronie internetowej Elementora. <\/b><br> Umie\u015b\u0107 ostatnio zapisany kod na swojej stronie internetowej i zastosuj zmiany. <\/li> <li><b>Gotowe! Osadzanie zosta\u0142o pomy\u015blnie zako\u0144czone. <\/b><br> Odwied\u017a swoj\u0105 witryn\u0119, aby sprawdzi\u0107 dzia\u0142anie narz\u0119dzia. <\/li><\/ol> <p>W przypadku pyta\u0144 lub problem\u00f3w prosimy o zwr\u00f3cenie si\u0119 o pomoc do naszego zespo\u0142u obs\u0142ugi klienta. Nasi specjali\u015bci ch\u0119tnie pomog\u0105 Ci we wszystkich trudno\u015bciach, jakie mo\u017cesz mie\u0107 z produktem. <\/p> <div class=\"faq\" data-component=\"FAQ\"><div class=\"faq-item\">\r\n\t\t\t\t\t<div class=\"faq-item-question\">\r\n\t\t\t\t\t\t<h3 class=\"faq-item-question-text\">Czy istnieje mo\u017cliwo\u015b\u0107 osadzenia Licznika Odwiedzaj\u0105cych w mojej witrynie Elementor bez do\u015bwiadczenia w kodowaniu?<\/h3>\r\n\r\n\t\t\t\t\t\t<div class=\"faq-item-question-icon\"><\/div>\r\n\t\t\t\t\t<\/div>\r\n\r\n\t\t\t\t\t<div class=\"faq-item-answer\">\r\n\t\t\t\t\t\t<div class=\"faq-item-answer-text\"> <p>Firma Elfsight zapewnia rozwi\u0105zanie w chmurze, kt\u00f3re umo\u017cliwia u\u017cytkownikom samodzielne zbudowanie wid\u017cetu Licznika Odwiedzaj\u0105cych, zobacz, jak prosty jest ten proces: Przejd\u017a do wersji demonstracyjnej na \u017cywo, aby utworzy\u0107 wtyczk\u0119 licznika odwiedzin, kt\u00f3r\u0105 chcesz osadzi\u0107 na stronie g\u0142\u00f3wnej Elementora. Kliknij jeden z naszych gotowych szablon\u00f3w i dostosuj ustawienia licznika odwiedzin, zaktualizuj tre\u015b\u0107, zmie\u0144 uk\u0142ad i kolory bez do\u015bwiadczenia w kodowaniu. Kliknij, aby zapisa\u0107 ustawienia wprowadzone w liczniku odwiedzin i uzyska\u0107 kod instalacyjny, kt\u00f3ry mo\u017cesz \u0142atwo umie\u015bci\u0107 na swojej stronie g\u0142\u00f3wnej Elementora bez konieczno\u015bci zakupu wersji p\u0142atnej. Korzystaj\u0105c z \u0142atwego w u\u017cyciu konfiguratora, ka\u017cdy u\u017cytkownik sieci mo\u017ce zbudowa\u0107 wid\u017cet Licznik odwiedzin online i po prostu doda\u0107 go do dowolnej witryny Elementor. Aby uzyska\u0107 dost\u0119p do naszych us\u0142ug, nie jest konieczne posiadanie p\u0142atnego planu ani przesy\u0142anie danych karty. Je\u015bli napotkasz jakiekolwiek problemy, nie wahaj si\u0119 zwr\u00f3ci\u0107 do naszego personelu pomocy technicznej.<\/p> <\/div>\r\n\t\t\t\t\t<\/div>\r\n\t\t\t\t<\/div> <\/div><\/div>","protected":false},"excerpt":{"rendered":"","protected":false},"author":9,"featured_media":0,"parent":3407,"menu_order":0,"comment_status":"closed","ping_status":"closed","template":"templates\/template-application-platform.php","meta":{"publish_to_discourse":"","publish_post_category":"","wpdc_auto_publish_overridden":"","wpdc_topic_tags":"","wpdc_pin_topic":"","wpdc_pin_until":"","discourse_post_id":"","discourse_permalink":"","wpdc_publishing_response":"","wpdc_publishing_error":"","footnotes":""},"class_list":["post-7238","page","type-page","status-publish","hentry"],"yoast_head":"<!-- This site is optimized with the Yoast SEO plugin v25.3.1 - https:\/\/yoast.com\/wordpress\/plugins\/seo\/ -->\n<title>Widget Licznik odwiedzin na stronie Elementor (szybko i za darmo)<\/title>\n<meta name=\"description\" content=\"Oto najlepsza szansa na utworzenie wid\u017cetu Licznik odwiedzin i dodanie go do swojej witryny. Ciesz si\u0119 bezp\u0142atn\u0105 obs\u0142ug\u0105 klienta przez Elfsight.\" \/>\n<meta name=\"robots\" content=\"index, follow, max-snippet:-1, max-image-preview:large, max-video-preview:-1\" \/>\n<link rel=\"canonical\" href=\"https:\/\/elfsight.com\/pl\/visitor-counter-widget\/elementor\/\" \/>\n<meta property=\"og:locale\" content=\"pl_PL\" \/>\n<meta property=\"og:type\" content=\"article\" \/>\n<meta property=\"og:title\" content=\"Widget Licznik odwiedzin na stronie Elementor (szybko i za darmo)\" \/>\n<meta property=\"og:description\" content=\"Oto najlepsza szansa na utworzenie wid\u017cetu Licznik odwiedzin i dodanie go do swojej witryny. Ciesz si\u0119 bezp\u0142atn\u0105 obs\u0142ug\u0105 klienta przez Elfsight.\" \/>\n<meta property=\"og:url\" content=\"https:\/\/elfsight.com\/pl\/visitor-counter-widget\/elementor\/\" \/>\n<meta property=\"og:site_name\" content=\"Elfsight PL\" \/>\n<meta property=\"article:modified_time\" content=\"2024-09-13T14:12:44+00:00\" \/>\n<meta name=\"twitter:card\" content=\"summary_large_image\" \/>\n<meta name=\"twitter:label1\" content=\"Szacowany czas czytania\" \/>\n\t<meta name=\"twitter:data1\" content=\"3 minuty\" \/>\n<!-- \/ Yoast SEO plugin. -->","yoast_head_json":{"title":"Widget Licznik odwiedzin na stronie Elementor (szybko i za darmo)","description":"Oto najlepsza szansa na utworzenie wid\u017cetu Licznik odwiedzin i dodanie go do swojej witryny. Ciesz si\u0119 bezp\u0142atn\u0105 obs\u0142ug\u0105 klienta przez Elfsight.","robots":{"index":"index","follow":"follow","max-snippet":"max-snippet:-1","max-image-preview":"max-image-preview:large","max-video-preview":"max-video-preview:-1"},"canonical":"https:\/\/elfsight.com\/pl\/visitor-counter-widget\/elementor\/","og_locale":"pl_PL","og_type":"article","og_title":"Widget Licznik odwiedzin na stronie Elementor (szybko i za darmo)","og_description":"Oto najlepsza szansa na utworzenie wid\u017cetu Licznik odwiedzin i dodanie go do swojej witryny. Ciesz si\u0119 bezp\u0142atn\u0105 obs\u0142ug\u0105 klienta przez Elfsight.","og_url":"https:\/\/elfsight.com\/pl\/visitor-counter-widget\/elementor\/","og_site_name":"Elfsight PL","article_modified_time":"2024-09-13T14:12:44+00:00","twitter_card":"summary_large_image","twitter_misc":{"Szacowany czas czytania":"3 minuty"},"schema":{"@context":"https:\/\/schema.org","@graph":[{"@type":"WebPage","@id":"https:\/\/elfsight.com\/pl\/visitor-counter-widget\/elementor\/","url":"https:\/\/elfsight.com\/pl\/visitor-counter-widget\/elementor\/","name":"Widget Licznik odwiedzin na stronie Elementor (szybko i za darmo)","isPartOf":{"@id":"https:\/\/elfsight.com\/pl\/#website"},"datePublished":"1970-01-01T00:00:00+00:00","dateModified":"2024-09-13T14:12:44+00:00","description":"Oto najlepsza szansa na utworzenie wid\u017cetu Licznik odwiedzin i dodanie go do swojej witryny. Ciesz si\u0119 bezp\u0142atn\u0105 obs\u0142ug\u0105 klienta przez Elfsight.","breadcrumb":{"@id":"https:\/\/elfsight.com\/pl\/visitor-counter-widget\/elementor\/#breadcrumb"},"inLanguage":"pl-PL","potentialAction":[{"@type":"ReadAction","target":["https:\/\/elfsight.com\/pl\/visitor-counter-widget\/elementor\/"]}]},{"@type":"BreadcrumbList","@id":"https:\/\/elfsight.com\/pl\/visitor-counter-widget\/elementor\/#breadcrumb","itemListElement":[{"@type":"ListItem","position":1,"name":"Home","item":"https:\/\/elfsight.com\/pl\/"},{"@type":"ListItem","position":2,"name":"Visitor Counter","item":"https:\/\/elfsight.com\/pl\/visitor-counter-widget\/"},{"@type":"ListItem","position":3,"name":"Visitor Counter &#8211; Elementor"}]},{"@type":"WebSite","@id":"https:\/\/elfsight.com\/pl\/#website","url":"https:\/\/elfsight.com\/pl\/","name":"Elfsight PL","description":"Just another Elfsight Sites site","potentialAction":[{"@type":"SearchAction","target":{"@type":"EntryPoint","urlTemplate":"https:\/\/elfsight.com\/pl\/?s={search_term_string}"},"query-input":{"@type":"PropertyValueSpecification","valueRequired":true,"valueName":"search_term_string"}}],"inLanguage":"pl-PL"}]}},"meta_box":{"industry":"","seo_heading":"","heading":"","description":"","cta_heading":"","cta_description":"","application":"3357","h1":"Wid\u017cet licznika odwiedzin Elementora","h1_caption":"\u015aled\u017a ruch w witrynie i ulepszaj swoj\u0105 strategi\u0119 biznesow\u0105","application_category":[],"applications_title":"","applications_request_title":"","applications_request_button_text":"","hero_text":"","hero_video":"","hero_video_schema_markup":"","selling_points_title":"","selling_points_caption":"","selling_points":[],"selling_points_cta_text":"","features_title":"","features":"","ed_cta_examples_text":"","ed_cta_examples_hidden":"","ed_cta_demo_text":"","ed_cta_demo_hidden":"","why_caption":"","why_editor_title":"","why_editor_text":"","why_team_title":"","why_team_text":"","why_service_title":"","why_service_text":"","template_catalog_visible":"","template_catalog_title":"","template_catalog_text":"","template_catalog_categories_visible":"","demo_title":"Mo\u017cesz stworzy\u0107 spersonalizowany Licznik Odwiedzaj\u0105cych Elementor","demo_caption":"Spersonalizuj je i zaimplementuj narz\u0119dzie na swojej stronie korzystaj\u0105c z aktywnego demo","default_faq_hidden":"","app_template_category":[],"platform":"268","template_public_id":"","codecanyon_url":"","codecanyon_item_id":"","codecanyon_price":"","pricing_caption":"","pricing_elfsight_apps_hide_column":"","pricing_elfsight_apps_url":"","pricing_codecanyon_price_caption":"","integration_category":[],"integration_request_title":"","integration_request_cta":"","integration_platform":"","integrations":[],"platform_category":[],"video_schema_markup":"","price":"od 0 USD \/ miesi\u0105c","trial":"","benefits":[{"text":"Bezp\u0142atna pomoc w monta\u017cu"},{"text":"Wsparcie premium"},{"text":"14-dniowa gwarancja zwrotu pieni\u0119dzy"}],"button_url":"#demo","button_target_blank":"","button_nofollow":"","attributes":[{"name":"Instaluje"},{"name":"Czu\u0142y"},{"name":"Kompatybilne przegl\u0105darki"}],"tags":[],"tags_disable_links":"","hide_more_platforms":"","video_object":"","demo_hide_cta":"","demo_hide_cloud_options":"","pricing_title":"","pricing":[{"pricing_icon":"platform","pricing_title":"Elfsight Apps","pricing_title_caption":"Oprogramowanie wieloplatformowe","pricing_price":"od 0 USD \/ miesi\u0105c","pricing_price_caption":"zacznij od bezp\u0142atnego planu","pricing_benefits":[{"text":"Nielimitowane strony internetowe"},{"text":"Ca\u0142odobowe i terminowe wsparcie"},{"text":"Bezp\u0142atna pomoc w instalacji"},{"text":"Specjalna oferta na wiele aplikacji"}],"pricing_button_text":"Dodaj do witryny","pricing_button_url":"#demo"}],"related_apps_title":"","related_apps_hidden":"","author":"","image":[],"title":"","job":"","social_networks":[]},"_links":{"self":[{"href":"https:\/\/elfsight.com\/pl\/wp-json\/wp\/v2\/pages\/7238","targetHints":{"allow":["GET"]}}],"collection":[{"href":"https:\/\/elfsight.com\/pl\/wp-json\/wp\/v2\/pages"}],"about":[{"href":"https:\/\/elfsight.com\/pl\/wp-json\/wp\/v2\/types\/page"}],"author":[{"embeddable":true,"href":"https:\/\/elfsight.com\/pl\/wp-json\/wp\/v2\/users\/9"}],"replies":[{"embeddable":true,"href":"https:\/\/elfsight.com\/pl\/wp-json\/wp\/v2\/comments?post=7238"}],"version-history":[{"count":2,"href":"https:\/\/elfsight.com\/pl\/wp-json\/wp\/v2\/pages\/7238\/revisions"}],"predecessor-version":[{"id":8117,"href":"https:\/\/elfsight.com\/pl\/wp-json\/wp\/v2\/pages\/7238\/revisions\/8117"}],"up":[{"embeddable":true,"href":"https:\/\/elfsight.com\/pl\/wp-json\/wp\/v2\/pages\/3407"}],"wp:attachment":[{"href":"https:\/\/elfsight.com\/pl\/wp-json\/wp\/v2\/media?parent=7238"}],"curies":[{"name":"wp","href":"https:\/\/api.w.org\/{rel}","templated":true}]}}