{"id":7237,"date":"1970-01-01T00:00:00","date_gmt":"1970-01-01T00:00:00","guid":{"rendered":"https:\/\/elfsight.com\/pl\/?page_id=7237"},"modified":"2024-09-13T14:12:44","modified_gmt":"2024-09-13T14:12:44","slug":"joomla","status":"publish","type":"page","link":"https:\/\/elfsight.com\/pl\/visitor-counter-widget\/joomla\/","title":{"rendered":"Visitor Counter  &#8211; Joomla"},"content":{"rendered":"<div class=\"application-platform-content-item-description application-platform-content-item\" id=\"description\" data-nav-section=\"description\"> <h2>Opis<\/h2> <p> Licznik odwiedzin dla Joomla to \u0142atwe w zarz\u0105dzaniu rozszerzenie, kt\u00f3re pozwala \u015bledzi\u0107 liczb\u0119 odwiedzaj\u0105cych oraz najpopularniejsze strony przegl\u0105dane w danym okresie. Niezb\u0119dne wska\u017aniki mo\u017cna teraz \u0142atwo monitorowa\u0107 bez konieczno\u015bci zatrudniania konkretnych specjalist\u00f3w od kodowania lub analityki danych. Co wi\u0119cej, mo\u017cesz \u0142atwo zapewni\u0107 odwiedzaj\u0105cym, \u017ce jeste\u015b firm\u0105 godn\u0105 zaufania i zyska\u0107 wi\u0119cej nowych klient\u00f3w. Dzi\u0119ki naszym konfigurowalnym, stylowym mo\u017cliwo\u015bciom i por\u0119cznym uk\u0142adom mo\u017cesz stworzy\u0107 narz\u0119dzie dla swojej witryny w ci\u0105gu kilku sekund. <\/p> <p><b>Dzi\u0119ki licznikowi odwiedzin \u015bled\u017a jako\u015b\u0107 tre\u015bci i liczb\u0119 odwiedzaj\u0105cych, a dzi\u0119ki temu szybciej rozwijasz firm\u0119! <\/b><\/p><\/div> <div class=\"faq\" data-component=\"FAQ\"><div class=\"faq-item\">\r\n\t\t\t\t\t<div class=\"faq-item-question\">\r\n\t\t\t\t\t\t<h3 class=\"faq-item-question-text\">W jaki spos\u00f3b mog\u0119 osadzi\u0107 licznik odwiedzin w witrynie Joomla? <\/h3>\r\n\r\n\t\t\t\t\t\t<div class=\"faq-item-question-icon\"><\/div>\r\n\t\t\t\t\t<\/div>\r\n\r\n\t\t\t\t\t<div class=\"faq-item-answer\">\r\n\t\t\t\t\t\t<div class=\"faq-item-answer-text\"><p>Podstawa narz\u0119dzia dzieje si\u0119 na stronach Elfsight i nie ma potrzeby nauki kodowania. Przejd\u017a do aktywnej wersji demonstracyjnej, aby utworzy\u0107 osobist\u0105 aplikacj\u0119, uzyska\u0107 kod i zintegrowa\u0107 go ze swoj\u0105 witryn\u0105. <\/p><\/div>\r\n\t\t\t\t\t<\/div>\r\n\t\t\t\t<\/div><div class=\"faq-item\">\r\n\t\t\t\t\t<div class=\"faq-item-question\">\r\n\t\t\t\t\t\t<h3 class=\"faq-item-question-text\">Najlepsze przyk\u0142ady wykorzystania integracji licznika trafie\u0144 w witrynie<\/h3>\r\n\r\n\t\t\t\t\t\t<div class=\"faq-item-question-icon\"><\/div>\r\n\t\t\t\t\t<\/div>\r\n\r\n\t\t\t\t\t<div class=\"faq-item-answer\">\r\n\t\t\t\t\t\t<div class=\"faq-item-answer-text\"><p>Zapewnimy Ci mn\u00f3stwo mo\u017cliwo\u015bci dostosowania: pe\u0142nowymiarowe wid\u017cety do dodawania w strefie tre\u015bci, p\u0142ywaj\u0105ce wtyczki z opcjami przewijania, miniatury stopki, sekcji nag\u0142\u00f3wka i wszystkie warianty mo\u017cliwo\u015bci pionowych pask\u00f3w bocznych i menu witryny. <\/p><\/div>\r\n\t\t\t\t\t<\/div>\r\n\t\t\t\t<\/div><div class=\"faq-item\">\r\n\t\t\t\t\t<div class=\"faq-item-question\">\r\n\t\t\t\t\t\t<h3 class=\"faq-item-question-text\">Czy mog\u0119 zbudowa\u0107 pionowy lub dzienny licznik odwiedzin przy pomocy Twojego edytora? <\/h3>\r\n\r\n\t\t\t\t\t\t<div class=\"faq-item-question-icon\"><\/div>\r\n\t\t\t\t\t<\/div>\r\n\r\n\t\t\t\t\t<div class=\"faq-item-answer\">\r\n\t\t\t\t\t\t<div class=\"faq-item-answer-text\"><p>Mo\u017cesz stworzy\u0107 dowolne odmiany wid\u017cetu. W edytorze masz do dyspozycji wiele uk\u0142ad\u00f3w, a ka\u017cdy z nich mo\u017cna szybko spersonalizowa\u0107 tak, jak Ci brakuje. <\/p><\/div>\r\n\t\t\t\t\t<\/div>\r\n\t\t\t\t<\/div><\/div><div class=\"application-platform-content-item-features application-platform-content-item\" id=\"features\" data-nav-section=\"features\"> <h2>To tylko kilka z bogatych funkcji rozszerzenia: <\/h2> <ul><li>\u0141atwy w u\u017cyciu bez profesjonalnych umiej\u0119tno\u015bci wymagana jest analiza i kodowanie danych<\/li><li>Du\u017ca r\u00f3\u017cnorodno\u015b\u0107 przedzia\u0142\u00f3w czasowych do zliczania metryk<\/li><li>Przydatne uk\u0142ady do praktycznego zarz\u0105dzania wszystkimi informacjami <\/li><li>Jasny, ciemny i Konfigurowalne schematy kolor\u00f3w w celu dostosowania narz\u0119dzia <\/li><li> Ustaw rozmiar i wag\u0119 czcionki <\/li><li> \u0141atwe tworzenie nawet bez umiej\u0119tno\u015bci kodowania <\/li><\/ul><p><a href=\"#demo\">Sprawd\u017a wszystkie funkcje personalizacji w 100% funkcjonalnej wersji demonstracyjnej<\/a><\/p> <\/div> <div class=\"application-platform-content-item-installation application-platform-content-item\" id=\"installation\" data-nav-section=\"installation\"> <h2>Jak doda\u0107 licznik odwiedzin na mojej stronie internetowej Joomla? <\/h2> <div class=\"video-container\"><iframe width=\"720\" height=\"405\" src=\"https:\/\/www.youtube.com\/embed\/8ZVzlefWZ_Y\" frameborder=\"0\" allowfullscreen=\"\"><\/iframe><\/div><p>Wystarczy post\u0119powa\u0107 zgodnie z poni\u017cszymi instrukcjami, aby rozpocz\u0105\u0107 korzystanie z narz\u0119dzia: <\/p> <ol><li><b>Skorzystaj z naszej bezp\u0142atnej wersji demonstracyjnej i zacznij tworzy\u0107 w\u0142asne rozszerzenie. <\/b><br> Wybierz odpowiedni interfejs i wydajno\u015b\u0107 rozszerzenia i zapisz wszystkie zmiany. <\/li> <li><b>Skopiuj indywidualny kod wy\u015bwietlany w specjalnym formularzu w aplikacjach Elfsight. <\/b><br> Po zako\u0144czeniu konfiguracji rozszerzenia skopiuj indywidualny kod z wy\u015bwietlonego pola i zachowaj go na przysz\u0142o\u015b\u0107. <\/li> <li><b>Zainicjuj u\u017cycie rozszerzenia w swojej witrynie Joomla. <\/b><br> Dodaj skopiowany wcze\u015bniej kod na swoj\u0105 stron\u0119 internetow\u0105 i zastosuj poprawki. <\/li> <li><b>Instalacja zosta\u0142a w pe\u0142ni przeprowadzona. <\/b><br> Przejd\u017a do swojej witryny i sprawd\u017a, jak dzia\u0142a rozszerzenie. <\/li><\/ol><p>Je\u015bli pokonasz jakie\u015b przeszkody, skontaktuj si\u0119 z naszym dzia\u0142em pomocy. Nasi konsultanci pragn\u0105 rozwi\u0105za\u0107 wszystkie trudno\u015bci, jakie mo\u017cesz mie\u0107 z przed\u0142u\u017ceniem. <\/p> <\/div>","protected":false},"excerpt":{"rendered":"","protected":false},"author":9,"featured_media":0,"parent":3407,"menu_order":0,"comment_status":"closed","ping_status":"closed","template":"templates\/template-application-platform.php","meta":{"publish_to_discourse":"","publish_post_category":"","wpdc_auto_publish_overridden":"","wpdc_topic_tags":"","wpdc_pin_topic":"","wpdc_pin_until":"","discourse_post_id":"","discourse_permalink":"","wpdc_publishing_response":"","wpdc_publishing_error":"","footnotes":""},"class_list":["post-7237","page","type-page","status-publish","hentry"],"yoast_head":"<!-- This site is optimized with the Yoast SEO plugin v25.3.1 - https:\/\/yoast.com\/wordpress\/plugins\/seo\/ -->\n<title>Dodaj rozszerzenie licznika odwiedzin do strony Joomla (szybko i za darmo)<\/title>\n<meta name=\"description\" content=\"Stw\u00f3rz najlepsze rozszerzenie licznika odwiedzin i szybko dodaj je do swojej witryny. Oferujemy bezp\u0142atn\u0105 obs\u0142ug\u0119 klienta i inne bonusy.\" \/>\n<meta name=\"robots\" content=\"index, follow, max-snippet:-1, max-image-preview:large, max-video-preview:-1\" \/>\n<link rel=\"canonical\" href=\"https:\/\/elfsight.com\/pl\/visitor-counter-widget\/joomla\/\" \/>\n<meta property=\"og:locale\" content=\"pl_PL\" \/>\n<meta property=\"og:type\" content=\"article\" \/>\n<meta property=\"og:title\" content=\"Dodaj rozszerzenie licznika odwiedzin do strony Joomla (szybko i za darmo)\" \/>\n<meta property=\"og:description\" content=\"Stw\u00f3rz najlepsze rozszerzenie licznika odwiedzin i szybko dodaj je do swojej witryny. Oferujemy bezp\u0142atn\u0105 obs\u0142ug\u0119 klienta i inne bonusy.\" \/>\n<meta property=\"og:url\" content=\"https:\/\/elfsight.com\/pl\/visitor-counter-widget\/joomla\/\" \/>\n<meta property=\"og:site_name\" content=\"Elfsight PL\" \/>\n<meta property=\"article:modified_time\" content=\"2024-09-13T14:12:44+00:00\" \/>\n<meta name=\"twitter:card\" content=\"summary_large_image\" \/>\n<meta name=\"twitter:label1\" content=\"Szacowany czas czytania\" \/>\n\t<meta name=\"twitter:data1\" content=\"3 minuty\" \/>\n<!-- \/ Yoast SEO plugin. -->","yoast_head_json":{"title":"Dodaj rozszerzenie licznika odwiedzin do strony Joomla (szybko i za darmo)","description":"Stw\u00f3rz najlepsze rozszerzenie licznika odwiedzin i szybko dodaj je do swojej witryny. Oferujemy bezp\u0142atn\u0105 obs\u0142ug\u0119 klienta i inne bonusy.","robots":{"index":"index","follow":"follow","max-snippet":"max-snippet:-1","max-image-preview":"max-image-preview:large","max-video-preview":"max-video-preview:-1"},"canonical":"https:\/\/elfsight.com\/pl\/visitor-counter-widget\/joomla\/","og_locale":"pl_PL","og_type":"article","og_title":"Dodaj rozszerzenie licznika odwiedzin do strony Joomla (szybko i za darmo)","og_description":"Stw\u00f3rz najlepsze rozszerzenie licznika odwiedzin i szybko dodaj je do swojej witryny. Oferujemy bezp\u0142atn\u0105 obs\u0142ug\u0119 klienta i inne bonusy.","og_url":"https:\/\/elfsight.com\/pl\/visitor-counter-widget\/joomla\/","og_site_name":"Elfsight PL","article_modified_time":"2024-09-13T14:12:44+00:00","twitter_card":"summary_large_image","twitter_misc":{"Szacowany czas czytania":"3 minuty"},"schema":{"@context":"https:\/\/schema.org","@graph":[{"@type":"WebPage","@id":"https:\/\/elfsight.com\/pl\/visitor-counter-widget\/joomla\/","url":"https:\/\/elfsight.com\/pl\/visitor-counter-widget\/joomla\/","name":"Dodaj rozszerzenie licznika odwiedzin do strony Joomla (szybko i za darmo)","isPartOf":{"@id":"https:\/\/elfsight.com\/pl\/#website"},"datePublished":"1970-01-01T00:00:00+00:00","dateModified":"2024-09-13T14:12:44+00:00","description":"Stw\u00f3rz najlepsze rozszerzenie licznika odwiedzin i szybko dodaj je do swojej witryny. Oferujemy bezp\u0142atn\u0105 obs\u0142ug\u0119 klienta i inne bonusy.","breadcrumb":{"@id":"https:\/\/elfsight.com\/pl\/visitor-counter-widget\/joomla\/#breadcrumb"},"inLanguage":"pl-PL","potentialAction":[{"@type":"ReadAction","target":["https:\/\/elfsight.com\/pl\/visitor-counter-widget\/joomla\/"]}]},{"@type":"BreadcrumbList","@id":"https:\/\/elfsight.com\/pl\/visitor-counter-widget\/joomla\/#breadcrumb","itemListElement":[{"@type":"ListItem","position":1,"name":"Home","item":"https:\/\/elfsight.com\/pl\/"},{"@type":"ListItem","position":2,"name":"Visitor Counter","item":"https:\/\/elfsight.com\/pl\/visitor-counter-widget\/"},{"@type":"ListItem","position":3,"name":"Visitor Counter &#8211; Joomla"}]},{"@type":"WebSite","@id":"https:\/\/elfsight.com\/pl\/#website","url":"https:\/\/elfsight.com\/pl\/","name":"Elfsight PL","description":"Just another Elfsight Sites site","potentialAction":[{"@type":"SearchAction","target":{"@type":"EntryPoint","urlTemplate":"https:\/\/elfsight.com\/pl\/?s={search_term_string}"},"query-input":{"@type":"PropertyValueSpecification","valueRequired":true,"valueName":"search_term_string"}}],"inLanguage":"pl-PL"}]}},"meta_box":{"industry":"","seo_heading":"","heading":"","description":"","cta_heading":"","cta_description":"","application":"3357","h1":"Rozszerzenie licznika odwiedzin Joomla","h1_caption":"\u015aled\u017a statystyki swojej witryny i zwi\u0119ksz poziom swojej wiarygodno\u015bci","application_category":[],"applications_title":"","applications_request_title":"","applications_request_button_text":"","hero_text":"","hero_video":"","hero_video_schema_markup":"","selling_points_title":"","selling_points_caption":"","selling_points":[],"selling_points_cta_text":"","features_title":"","features":"","ed_cta_examples_text":"","ed_cta_examples_hidden":"","ed_cta_demo_text":"","ed_cta_demo_hidden":"","why_caption":"","why_editor_title":"","why_editor_text":"","why_team_title":"","why_team_text":"","why_service_title":"","why_service_text":"","template_catalog_visible":"","template_catalog_title":"","template_catalog_text":"","template_catalog_categories_visible":"","demo_title":"Stw\u00f3rz spersonalizowany licznik odwiedzin za pomoc\u0105 kilku klikni\u0119\u0107!","demo_caption":"Dostosuj i umie\u015b\u0107 narz\u0119dzie na swojej stronie g\u0142\u00f3wnej, korzystaj\u0105c z aktywnej wersji demonstracyjnej","default_faq_hidden":"","app_template_category":[],"platform":"53","template_public_id":"","codecanyon_url":"","codecanyon_item_id":"","codecanyon_price":"","pricing_caption":"","pricing_elfsight_apps_hide_column":"","pricing_elfsight_apps_url":"","pricing_codecanyon_price_caption":"","integration_category":[],"integration_request_title":"","integration_request_cta":"","integration_platform":"","integrations":[],"platform_category":[],"video_schema_markup":"","price":"od 0 USD \/ miesi\u0105c","trial":"","benefits":[{"text":"Bezp\u0142atna pomoc w monta\u017cu"},{"text":"Wyj\u0105tkowe wsparcie"},{"text":"14-dniowa gwarancja zwrotu pieni\u0119dzy"}],"button_url":"#demo","button_target_blank":"","button_nofollow":"","attributes":[{"name":"Instaluje"},{"name":"Czu\u0142y"},{"name":"Kompatybilne przegl\u0105darki"}],"tags":[],"tags_disable_links":"","hide_more_platforms":"","video_object":"","demo_hide_cta":"","demo_hide_cloud_options":"","pricing_title":"","pricing":[{"pricing_icon":"platform","pricing_title":"Elfsight Apps","pricing_title_caption":"Rozwi\u0105zanie niezale\u017cne od platformy","pricing_price":"od 0 USD \/ miesi\u0105c","pricing_price_caption":"zacznij od bezp\u0142atnego planu","pricing_benefits":[{"text":"Nielimitowane strony internetowe"},{"text":"Dedykowane wsparcie"},{"text":"Bezp\u0142atna pomoc w instalacji"},{"text":"Specjalna cena za wiele aplikacji"}],"pricing_button_text":"Dodaj do witryny","pricing_button_url":"#demo"}],"related_apps_title":"","related_apps_hidden":"","author":"","image":[],"title":"","job":"","social_networks":[]},"_links":{"self":[{"href":"https:\/\/elfsight.com\/pl\/wp-json\/wp\/v2\/pages\/7237","targetHints":{"allow":["GET"]}}],"collection":[{"href":"https:\/\/elfsight.com\/pl\/wp-json\/wp\/v2\/pages"}],"about":[{"href":"https:\/\/elfsight.com\/pl\/wp-json\/wp\/v2\/types\/page"}],"author":[{"embeddable":true,"href":"https:\/\/elfsight.com\/pl\/wp-json\/wp\/v2\/users\/9"}],"replies":[{"embeddable":true,"href":"https:\/\/elfsight.com\/pl\/wp-json\/wp\/v2\/comments?post=7237"}],"version-history":[{"count":2,"href":"https:\/\/elfsight.com\/pl\/wp-json\/wp\/v2\/pages\/7237\/revisions"}],"predecessor-version":[{"id":8116,"href":"https:\/\/elfsight.com\/pl\/wp-json\/wp\/v2\/pages\/7237\/revisions\/8116"}],"up":[{"embeddable":true,"href":"https:\/\/elfsight.com\/pl\/wp-json\/wp\/v2\/pages\/3407"}],"wp:attachment":[{"href":"https:\/\/elfsight.com\/pl\/wp-json\/wp\/v2\/media?parent=7237"}],"curies":[{"name":"wp","href":"https:\/\/api.w.org\/{rel}","templated":true}]}}