{"id":7232,"date":"1970-01-01T00:00:00","date_gmt":"1970-01-01T00:00:00","guid":{"rendered":"https:\/\/elfsight.com\/pl\/?page_id=7232"},"modified":"2024-09-13T14:12:35","modified_gmt":"2024-09-13T14:12:35","slug":"jquery","status":"publish","type":"page","link":"https:\/\/elfsight.com\/pl\/visitor-counter-widget\/jquery\/","title":{"rendered":"Visitor Counter  &#8211; jQuery"},"content":{"rendered":"<div class=\"application-platform-content-item-description application-platform-content-item\" id=\"description\" data-nav-section=\"description\"> <h2>Opis<\/h2> <p> Licznik odwiedzin dla jQuery to przydatne narz\u0119dzie, kt\u00f3re pozwala \u015bledzi\u0107 liczb\u0119 odwiedzaj\u0105cych i najpopularniejsze strony przegl\u0105dane w okre\u015blonym przedziale czasu. Istotne statystyki mo\u017cna teraz wygodnie analizowa\u0107 bez konieczno\u015bci posiadania specjalnych specjalist\u00f3w od kodowania lub analityki danych. Dzi\u0119ki niemu mo\u017cesz \u0142atwo przekona\u0107 widz\u00f3w, \u017ce jeste\u015b solidn\u0105 firm\u0105 i zyska\u0107 znacznie wi\u0119cej nowych klient\u00f3w. Dzi\u0119ki naszym elastycznym, stylowym opcjom i por\u0119cznym uk\u0142adom mo\u017cesz stworzy\u0107 wtyczk\u0119 dla swojej witryny w ci\u0105gu kilku sekund. <\/p> <p><b>Dzi\u0119ki licznikowi odwiedzin monitoruj swoje statystyki i rozpocznij aktywny rozw\u00f3j biznesu! <\/b><\/p><\/div> <div class=\"application-platform-content-item-features application-platform-content-item\" id=\"features\" data-nav-section=\"features\"> <h2>To tylko kilka z wielu funkcji wtyczki: <\/h2> <ul><li>Prosty w u\u017cyciu, bez \u017cadnych wymaga\u0144, profesjonalista wymagane umiej\u0119tno\u015bci analizy i kodowania danych<\/li><li>Szeroki zakres czasu monitorowania statystyk<\/li><li>Wygodne uk\u0142ady umo\u017cliwiaj\u0105ce formu\u0142owanie wszystkich informacji w przyst\u0119pny spos\u00f3b <\/li><li>Lekki, Ciemne i konfigurowalne schematy kolor\u00f3w umo\u017cliwiaj\u0105ce dostosowanie narz\u0119dzia <\/li><li>Wybierz rozmiar i wag\u0119 czcionki <\/li><li>Proste osadzenie nawet bez umiej\u0119tno\u015bci kodowania <\/li><\/ul><p><a href=\"#demo\">Po prostu sprawd\u017a t\u0119 wersj\u0119 demonstracyjn\u0105, aby zobaczy\u0107, ile jest warta wtyczka<\/a><\/p> <\/div> <div class=\"application-platform-content-item-installation application-platform-content-item\" id=\"installation\" data-nav-section=\"installation\"> <h2>Jak doda\u0107 licznik odwiedzin do mojej sieci jQuery strona? <\/h2> <p>Wystarczy wykona\u0107 poni\u017csze wskaz\u00f3wki, aby aktywowa\u0107 wtyczk\u0119: <\/p> <ol><li><b>Uruchom nasz darmowy edytor i zacznij budowa\u0107 sw\u00f3j spersonalizowany instrument. <\/b><br> Okre\u015bl odpowiedni projekt i specyfikacje wtyczki i zastosuj modyfikacje. <\/li> <li><b>Odbierz unikalny kod pojawiaj\u0105cy si\u0119 w specjalnym formularzu w aplikacjach Elfsight. <\/b><br> Po dostosowaniu osobistej wtyczki skopiuj osobisty kod z wy\u015bwietlonego pola i zachowaj go na p\u00f3\u017aniej. <\/li> <li><b>Rozpocznij korzystanie z widgetu na swojej stronie internetowej jQuery. <\/b><br> Dodaj skopiowany ostatnio kod na swoj\u0105 stron\u0119 g\u0142\u00f3wn\u0105 i zastosuj modyfikacje. <\/li> <li><b>Gotowe! Osadzanie zosta\u0142o w pe\u0142ni zako\u0144czone. <\/b><br> Odwied\u017a swoj\u0105 stron\u0119 i sprawd\u017a dzia\u0142anie wtyczki. <\/li><\/ol> <p>Je\u015bli napotkasz jakiekolwiek problemy, bez wahania zwr\u00f3\u0107 si\u0119 do naszego personelu pomocy technicznej. Nasi konsultanci pragn\u0105 rozwi\u0105za\u0107 wszystkie problemy, jakie mo\u017cesz napotka\u0107 w zwi\u0105zku z tym narz\u0119dziem. <\/p> <div class=\"faq\" data-component=\"FAQ\"><div class=\"faq-item\">\r\n\t\t\t\t\t<div class=\"faq-item-question\">\r\n\t\t\t\t\t\t<h3 class=\"faq-item-question-text\">Jak osadzi\u0107 licznik odwiedzin w mojej witrynie jQuery bez znajomo\u015bci kodowania?<\/h3>\r\n\r\n\t\t\t\t\t\t<div class=\"faq-item-question-icon\"><\/div>\r\n\t\t\t\t\t<\/div>\r\n\r\n\t\t\t\t\t<div class=\"faq-item-answer\">\r\n\t\t\t\t\t\t<div class=\"faq-item-answer-text\"> <p>Firma Elfsight dostarcza rozwi\u0105zanie SaaS, kt\u00f3re umo\u017cliwia samodzielne utworzenie wtyczki licznika odwiedzin, zobacz jak to proste: przejd\u017a do wersji demonstracyjnej na \u017cywo, aby wygenerowa\u0107 aplikacj\u0119 licznika odwiedzin, kt\u00f3r\u0105 chcesz zintegrowa\u0107 ze swoj\u0105 stron\u0105 g\u0142\u00f3wn\u0105 jQuery. Wybierz jeden z naszych gotowych szablon\u00f3w i dostosuj ustawienia licznika odwiedzin, zmie\u0144 uk\u0142ad i kolory, dodaj tre\u015b\u0107 bez znajomo\u015bci kodowania. Zapisz licznik odwiedzin i uzyskaj kod instalacyjny, kt\u00f3ry mo\u017cna \u0142atwo i bezp\u0142atnie umie\u015bci\u0107 na stronie g\u0142\u00f3wnej jQuery. Pracuj\u0105c w przyjaznym dla u\u017cytkownika Konfiguratorze, ka\u017cdy u\u017cytkownik sieci mo\u017ce zbudowa\u0107 Licznik Odwiedzin i \u0142atwo wklei\u0107 go na swoj\u0105 stron\u0119 internetow\u0105 jQuery. Aby skorzysta\u0107 z naszej us\u0142ugi, nie trzeba p\u0142aci\u0107 ani podawa\u0107 danych uwierzytelniaj\u0105cych karty. Je\u015bli napotkasz jakiekolwiek problemy, skontaktuj si\u0119 z naszym dzia\u0142em obs\u0142ugi klienta.<\/p> <\/div>\r\n\t\t\t\t\t<\/div>\r\n\t\t\t\t<\/div> <\/div><\/div>","protected":false},"excerpt":{"rendered":"","protected":false},"author":9,"featured_media":0,"parent":3407,"menu_order":0,"comment_status":"closed","ping_status":"closed","template":"templates\/template-application-platform.php","meta":{"publish_to_discourse":"","publish_post_category":"","wpdc_auto_publish_overridden":"","wpdc_topic_tags":"","wpdc_pin_topic":"","wpdc_pin_until":"","discourse_post_id":"","discourse_permalink":"","wpdc_publishing_response":"","wpdc_publishing_error":"","footnotes":""},"class_list":["post-7232","page","type-page","status-publish","hentry"],"yoast_head":"<!-- This site is optimized with the Yoast SEO plugin v25.3.1 - https:\/\/yoast.com\/wordpress\/plugins\/seo\/ -->\n<title>Utw\u00f3rz wtyczk\u0119 licznika odwiedzin na stronie jQuery (szybko i za darmo)<\/title>\n<meta name=\"description\" content=\"Oto najlepsza mo\u017cliwo\u015b\u0107 stworzenia wtyczki Hit Counter i dodania jej do swojej witryny jQuery. Ciesz si\u0119 bezp\u0142atn\u0105 obs\u0142ug\u0105 klienta przez Elfsight.\" \/>\n<meta name=\"robots\" content=\"index, follow, max-snippet:-1, max-image-preview:large, max-video-preview:-1\" \/>\n<link rel=\"canonical\" href=\"https:\/\/elfsight.com\/pl\/visitor-counter-widget\/jquery\/\" \/>\n<meta property=\"og:locale\" content=\"pl_PL\" \/>\n<meta property=\"og:type\" content=\"article\" \/>\n<meta property=\"og:title\" content=\"Utw\u00f3rz wtyczk\u0119 licznika odwiedzin na stronie jQuery (szybko i za darmo)\" \/>\n<meta property=\"og:description\" content=\"Oto najlepsza mo\u017cliwo\u015b\u0107 stworzenia wtyczki Hit Counter i dodania jej do swojej witryny jQuery. Ciesz si\u0119 bezp\u0142atn\u0105 obs\u0142ug\u0105 klienta przez Elfsight.\" \/>\n<meta property=\"og:url\" content=\"https:\/\/elfsight.com\/pl\/visitor-counter-widget\/jquery\/\" \/>\n<meta property=\"og:site_name\" content=\"Elfsight PL\" \/>\n<meta property=\"article:modified_time\" content=\"2024-09-13T14:12:35+00:00\" \/>\n<meta name=\"twitter:card\" content=\"summary_large_image\" \/>\n<meta name=\"twitter:label1\" content=\"Szacowany czas czytania\" \/>\n\t<meta name=\"twitter:data1\" content=\"3 minuty\" \/>\n<!-- \/ Yoast SEO plugin. -->","yoast_head_json":{"title":"Utw\u00f3rz wtyczk\u0119 licznika odwiedzin na stronie jQuery (szybko i za darmo)","description":"Oto najlepsza mo\u017cliwo\u015b\u0107 stworzenia wtyczki Hit Counter i dodania jej do swojej witryny jQuery. Ciesz si\u0119 bezp\u0142atn\u0105 obs\u0142ug\u0105 klienta przez Elfsight.","robots":{"index":"index","follow":"follow","max-snippet":"max-snippet:-1","max-image-preview":"max-image-preview:large","max-video-preview":"max-video-preview:-1"},"canonical":"https:\/\/elfsight.com\/pl\/visitor-counter-widget\/jquery\/","og_locale":"pl_PL","og_type":"article","og_title":"Utw\u00f3rz wtyczk\u0119 licznika odwiedzin na stronie jQuery (szybko i za darmo)","og_description":"Oto najlepsza mo\u017cliwo\u015b\u0107 stworzenia wtyczki Hit Counter i dodania jej do swojej witryny jQuery. Ciesz si\u0119 bezp\u0142atn\u0105 obs\u0142ug\u0105 klienta przez Elfsight.","og_url":"https:\/\/elfsight.com\/pl\/visitor-counter-widget\/jquery\/","og_site_name":"Elfsight PL","article_modified_time":"2024-09-13T14:12:35+00:00","twitter_card":"summary_large_image","twitter_misc":{"Szacowany czas czytania":"3 minuty"},"schema":{"@context":"https:\/\/schema.org","@graph":[{"@type":"WebPage","@id":"https:\/\/elfsight.com\/pl\/visitor-counter-widget\/jquery\/","url":"https:\/\/elfsight.com\/pl\/visitor-counter-widget\/jquery\/","name":"Utw\u00f3rz wtyczk\u0119 licznika odwiedzin na stronie jQuery (szybko i za darmo)","isPartOf":{"@id":"https:\/\/elfsight.com\/pl\/#website"},"datePublished":"1970-01-01T00:00:00+00:00","dateModified":"2024-09-13T14:12:35+00:00","description":"Oto najlepsza mo\u017cliwo\u015b\u0107 stworzenia wtyczki Hit Counter i dodania jej do swojej witryny jQuery. Ciesz si\u0119 bezp\u0142atn\u0105 obs\u0142ug\u0105 klienta przez Elfsight.","breadcrumb":{"@id":"https:\/\/elfsight.com\/pl\/visitor-counter-widget\/jquery\/#breadcrumb"},"inLanguage":"pl-PL","potentialAction":[{"@type":"ReadAction","target":["https:\/\/elfsight.com\/pl\/visitor-counter-widget\/jquery\/"]}]},{"@type":"BreadcrumbList","@id":"https:\/\/elfsight.com\/pl\/visitor-counter-widget\/jquery\/#breadcrumb","itemListElement":[{"@type":"ListItem","position":1,"name":"Home","item":"https:\/\/elfsight.com\/pl\/"},{"@type":"ListItem","position":2,"name":"Visitor Counter","item":"https:\/\/elfsight.com\/pl\/visitor-counter-widget\/"},{"@type":"ListItem","position":3,"name":"Visitor Counter &#8211; jQuery"}]},{"@type":"WebSite","@id":"https:\/\/elfsight.com\/pl\/#website","url":"https:\/\/elfsight.com\/pl\/","name":"Elfsight PL","description":"Just another Elfsight Sites site","potentialAction":[{"@type":"SearchAction","target":{"@type":"EntryPoint","urlTemplate":"https:\/\/elfsight.com\/pl\/?s={search_term_string}"},"query-input":{"@type":"PropertyValueSpecification","valueRequired":true,"valueName":"search_term_string"}}],"inLanguage":"pl-PL"}]}},"meta_box":{"industry":"","seo_heading":"","heading":"","description":"","cta_heading":"","cta_description":"","application":"3357","h1":"Wtyczka licznika odwiedzin jQuery","h1_caption":"Bezproblemowo integruj popularne us\u0142ugi na swojej stronie internetowej.","application_category":[],"applications_title":"","applications_request_title":"","applications_request_button_text":"","hero_text":"","hero_video":"","hero_video_schema_markup":"","selling_points_title":"","selling_points_caption":"","selling_points":[],"selling_points_cta_text":"","features_title":"","features":"","ed_cta_examples_text":"","ed_cta_examples_hidden":"","ed_cta_demo_text":"","ed_cta_demo_hidden":"","why_caption":"","why_editor_title":"","why_editor_text":"","why_team_title":"","why_team_text":"","why_service_title":"","why_service_text":"","template_catalog_visible":"","template_catalog_title":"","template_catalog_text":"","template_catalog_categories_visible":"","demo_title":"\u015amia\u0142o, mo\u017cesz stworzy\u0107 dostosowan\u0105 do indywidualnych potrzeb wtyczk\u0119 licznika odwiedzin","demo_caption":"Dostosuj i zintegruj narz\u0119dzie na swojej stronie g\u0142\u00f3wnej, korzystaj\u0105c z wersji demonstracyjnej na \u017cywo","default_faq_hidden":"","app_template_category":[],"platform":"56","template_public_id":"","codecanyon_url":"","codecanyon_item_id":"","codecanyon_price":"","pricing_caption":"","pricing_elfsight_apps_hide_column":"","pricing_elfsight_apps_url":"","pricing_codecanyon_price_caption":"","integration_category":[],"integration_request_title":"","integration_request_cta":"","integration_platform":"","integrations":[],"platform_category":[],"video_schema_markup":"","price":"od 0 USD \/ miesi\u0105c","trial":"","benefits":[{"text":"Bezp\u0142atna us\u0142uga monta\u017cu"},{"text":"Skuteczna obs\u0142uga klienta"},{"text":"14-dniowa gwarancja zwrotu pieni\u0119dzy"}],"button_url":"#demo","button_target_blank":"","button_nofollow":"","attributes":[{"name":"Instaluje"},{"name":"Czu\u0142y"},{"name":"Kompatybilne przegl\u0105darki"}],"tags":[],"tags_disable_links":"","hide_more_platforms":"","video_object":"","demo_hide_cta":"","demo_hide_cloud_options":"","pricing_title":"","pricing":[{"pricing_icon":"platform","pricing_title":"Elfsight Apps","pricing_title_caption":"Niezale\u017cne od platformy rozwi\u0105zanie cyfrowe, kt\u00f3re pasuje do ka\u017cdej witryny internetowej","pricing_price":"od 0 USD \/ miesi\u0105c","pricing_price_caption":"zacznij od bezp\u0142atnego planu","pricing_benefits":[{"text":"Nielimitowane strony internetowe"},{"text":"Szybka i terminowa pomoc oraz dobrze udokumentowana"},{"text":"Bezp\u0142atna pomoc w instalacji"},{"text":"100% konfigurowalny"}],"pricing_button_text":"Dodaj do witryny","pricing_button_url":"#demo"}],"related_apps_title":"","related_apps_hidden":"","author":"","image":[],"title":"","job":"","social_networks":[]},"_links":{"self":[{"href":"https:\/\/elfsight.com\/pl\/wp-json\/wp\/v2\/pages\/7232","targetHints":{"allow":["GET"]}}],"collection":[{"href":"https:\/\/elfsight.com\/pl\/wp-json\/wp\/v2\/pages"}],"about":[{"href":"https:\/\/elfsight.com\/pl\/wp-json\/wp\/v2\/types\/page"}],"author":[{"embeddable":true,"href":"https:\/\/elfsight.com\/pl\/wp-json\/wp\/v2\/users\/9"}],"replies":[{"embeddable":true,"href":"https:\/\/elfsight.com\/pl\/wp-json\/wp\/v2\/comments?post=7232"}],"version-history":[{"count":1,"href":"https:\/\/elfsight.com\/pl\/wp-json\/wp\/v2\/pages\/7232\/revisions"}],"predecessor-version":[{"id":7236,"href":"https:\/\/elfsight.com\/pl\/wp-json\/wp\/v2\/pages\/7232\/revisions\/7236"}],"up":[{"embeddable":true,"href":"https:\/\/elfsight.com\/pl\/wp-json\/wp\/v2\/pages\/3407"}],"wp:attachment":[{"href":"https:\/\/elfsight.com\/pl\/wp-json\/wp\/v2\/media?parent=7232"}],"curies":[{"name":"wp","href":"https:\/\/api.w.org\/{rel}","templated":true}]}}