{"id":7230,"date":"1970-01-01T00:00:00","date_gmt":"1970-01-01T00:00:00","guid":{"rendered":"https:\/\/elfsight.com\/pl\/?page_id=7230"},"modified":"2024-09-13T14:12:35","modified_gmt":"2024-09-13T14:12:35","slug":"iframe","status":"publish","type":"page","link":"https:\/\/elfsight.com\/pl\/visitor-counter-widget\/iframe\/","title":{"rendered":"Visitor Counter  &#8211; iFrame"},"content":{"rendered":"<div class=\"application-platform-content-item-description application-platform-content-item\" id=\"description\" data-nav-section=\"description\"> <h2>Osad\u017a licznik go\u015bci w iFrame za pomoc\u0105 wid\u017cetu Elfsight<\/h2> <p> Licznik go\u015bci dla iFrame to prosty wid\u017cet, kt\u00f3ry pozwala analizowa\u0107 Twoj\u0105 liczb\u0119 odwiedzaj\u0105cych i najpopularniejsze tre\u015bci ogl\u0105dane w okre\u015blonych odst\u0119pach czasu. Niezb\u0119dne statystyki mo\u017cna teraz \u0142atwo analizowa\u0107 bez dodatkowych specjalist\u00f3w od analityki danych. Poza tym mo\u017cesz \u0142atwo zapewni\u0107 u\u017cytkownikom, \u017ce jeste\u015b szanowan\u0105 firm\u0105 i zwi\u0119kszy\u0107 poziom sprzeda\u017cy. Dzi\u0119ki naszym stylowym opcjom i por\u0119cznym uk\u0142adom dostosowanym do potrzeb u\u017cytkownika mo\u017cesz jednym klikni\u0119ciem utworzy\u0107 wid\u017cet na swojej stronie. <\/p> <p><b>Osad\u017a licznik odwiedzin, aby \u0142atwiej ulepszy\u0107 swoj\u0105 strategi\u0119 biznesow\u0105! <\/b><\/p><\/div> <div class=\"application-platform-content-item-features application-platform-content-item\" id=\"features\" data-nav-section=\"features\"> <h2>To tylko kilka z pot\u0119\u017cnych funkcji wid\u017cetu: <\/h2> <ul><li>Prosty w u\u017cyciu, bez konieczno\u015bci okre\u015blania zapotrzebowania wymagana wiedza z zakresu analityki i kodowania danych<\/li><li>Szeroka gama przedzia\u0142\u00f3w czasowych do zliczania statystyk<\/li><li>przydatne uk\u0142ady do wygodnego organizowania wszystkich punkt\u00f3w <\/li><li>Lekkie , Ciemne i konfigurowalne schematy kolor\u00f3w, kt\u00f3re sprawiaj\u0105, \u017ce narz\u0119dzie jest stylowe <\/li><li> Ustaw rozmiar i wag\u0119 czcionki <\/li><li> \u0141atwe do osadzenia nawet bez umiej\u0119tno\u015bci kodowania <\/li><\/ul><p><a href=\"#demo\">Po prostu wypr\u00f3buj t\u0119 wersj\u0119 demonstracyjn\u0105, aby zrozumie\u0107 funkcjonalno\u015b\u0107 wid\u017cetu<\/a><\/p> <\/div> <div class=\"application-platform-content-item-installation application-platform-content-item\" id=\"installation\" data-nav-section=\"installation\"> <h2>Jak osadzi\u0107 licznik odwiedzin w moim witryna iFrame? <\/h2> <p>Wystarczy wykona\u0107 poni\u017csze wskaz\u00f3wki, aby zintegrowa\u0107 narz\u0119dzie. <\/p> <ol><li><b>Wykonaj nasz darmowy konfigurator i zacznij tworzy\u0107 sw\u00f3j w\u0142asny widget. <\/b><br> Wybierz wybrany wygl\u0105d i aspekty narz\u0119dzia i zapisz zmiany. <\/li> <li><b>Skopiuj sw\u00f3j osobisty kod pojawiaj\u0105cy si\u0119 w specjalnym formularzu w aplikacjach Elfsight. <\/b><br> Po zako\u0144czeniu konfiguracji osobistego wid\u017cetu skopiuj indywidualny kod w wy\u015bwietlonym polu i zapisz go do dalszego wykorzystania. <\/li> <li><b>Rozpocznij korzystanie z wid\u017cetu na swojej stronie g\u0142\u00f3wnej iFrame. <\/b><br> Dodaj skopiowany wcze\u015bniej kod na swoj\u0105 stron\u0119 i zastosuj modyfikacje. <\/li> <li><b>Instalacja zosta\u0142a w pe\u0142ni uko\u0144czona. <\/b><br> Przejd\u017a do swojej witryny, aby zobaczy\u0107 dzia\u0142anie widgetu. <\/li><\/ol> <p>Je\u015bli napotkasz zapytania lub napotkasz jakiekolwiek komplikacje, bez wahania zwr\u00f3\u0107 si\u0119 o pomoc do naszego personelu obs\u0142ugi klienta. Nasi specjali\u015bci ch\u0119tnie rozwi\u0105\u017c\u0105 wszystkie problemy, jakie mo\u017cesz mie\u0107 z widgetem. <\/p> <div class=\"faq\" data-component=\"FAQ\"><div class=\"faq-item\">\r\n\t\t\t\t\t<div class=\"faq-item-question\">\r\n\t\t\t\t\t\t<h3 class=\"faq-item-question-text\">Czy istnieje mo\u017cliwo\u015b\u0107 osadzenia Licznika Odwiedzin w mojej witrynie iFrame bez znajomo\u015bci kodowania?<\/h3>\r\n\r\n\t\t\t\t\t\t<div class=\"faq-item-question-icon\"><\/div>\r\n\t\t\t\t\t<\/div>\r\n\r\n\t\t\t\t\t<div class=\"faq-item-answer\">\r\n\t\t\t\t\t\t<div class=\"faq-item-answer-text\"> <p>Elfsight wprowadza rozwi\u0105zanie, kt\u00f3re pozwala w\u0142a\u015bcicielom witryn samodzielnie ustawi\u0107 wid\u017cet Licznika Odwiedzin, sprawd\u017a nieskomplikowane instrukcje: Przejd\u017a do wersji demonstracyjnej online, aby utworzy\u0107 sekcj\u0119 Licznik odwiedzin, kt\u00f3r\u0105 chcesz zintegrowa\u0107 z iFrame. Wybierz jeden z gotowych szablon\u00f3w i zmie\u0144 ustawienia licznika odwiedzin, zaktualizuj tre\u015b\u0107, zmie\u0144 uk\u0142ad i schemat kolor\u00f3w bez znajomo\u015bci kodowania. Zapisz ustawienia wprowadzone w Visitor Counter i skopiuj jego kod instalacyjny, aby\u015b m\u00f3g\u0142 \u0142atwo doda\u0107 witryn\u0119 iFrame bez konieczno\u015bci kupowania p\u0142atnej subskrypcji. Za pomoc\u0105 prostego edytora ka\u017cdy internauta mo\u017ce stworzy\u0107 sekcj\u0119 Licznik odwiedzin i \u0142atwo osadzi\u0107 j\u0105 na stronie iFrame. Aby uzyska\u0107 dost\u0119p do naszych us\u0142ug, nie wolno p\u0142aci\u0107 ani ujawnia\u0107 danych uwierzytelniaj\u0105cych karty. Je\u015bli napotkasz jakiekolwiek problemy, nie wahaj si\u0119 zwr\u00f3ci\u0107 do naszego personelu pomocy technicznej.<\/p> <\/div>\r\n\t\t\t\t\t<\/div>\r\n\t\t\t\t<\/div> <\/div><\/div>","protected":false},"excerpt":{"rendered":"","protected":false},"author":9,"featured_media":0,"parent":3407,"menu_order":0,"comment_status":"closed","ping_status":"closed","template":"templates\/template-application-platform.php","meta":{"publish_to_discourse":"","publish_post_category":"","wpdc_auto_publish_overridden":"","wpdc_topic_tags":"","wpdc_pin_topic":"","wpdc_pin_until":"","discourse_post_id":"","discourse_permalink":"","wpdc_publishing_response":"","wpdc_publishing_error":"","footnotes":""},"class_list":["post-7230","page","type-page","status-publish","hentry"],"yoast_head":"<!-- This site is optimized with the Yoast SEO plugin v25.3.1 - https:\/\/yoast.com\/wordpress\/plugins\/seo\/ -->\n<title>Wid\u017cet licznika odwiedzin iFrame dla Twojej witryny (bezp\u0142atny i szybki)<\/title>\n<meta name=\"description\" content=\"Wy\u015bwietl wtyczk\u0119 Premium View Counter na swojej stronie internetowej iFrame. Darmowa wtyczka iFrame Hit Counter od Elfsight [2024]!\" \/>\n<meta name=\"robots\" content=\"index, follow, max-snippet:-1, max-image-preview:large, max-video-preview:-1\" \/>\n<link rel=\"canonical\" href=\"https:\/\/elfsight.com\/pl\/visitor-counter-widget\/iframe\/\" \/>\n<meta property=\"og:locale\" content=\"pl_PL\" \/>\n<meta property=\"og:type\" content=\"article\" \/>\n<meta property=\"og:title\" content=\"Wid\u017cet licznika odwiedzin iFrame dla Twojej witryny (bezp\u0142atny i szybki)\" \/>\n<meta property=\"og:description\" content=\"Wy\u015bwietl wtyczk\u0119 Premium View Counter na swojej stronie internetowej iFrame. Darmowa wtyczka iFrame Hit Counter od Elfsight [2024]!\" \/>\n<meta property=\"og:url\" content=\"https:\/\/elfsight.com\/pl\/visitor-counter-widget\/iframe\/\" \/>\n<meta property=\"og:site_name\" content=\"Elfsight PL\" \/>\n<meta property=\"article:modified_time\" content=\"2024-09-13T14:12:35+00:00\" \/>\n<meta name=\"twitter:card\" content=\"summary_large_image\" \/>\n<meta name=\"twitter:label1\" content=\"Szacowany czas czytania\" \/>\n\t<meta name=\"twitter:data1\" content=\"3 minuty\" \/>\n<!-- \/ Yoast SEO plugin. -->","yoast_head_json":{"title":"Wid\u017cet licznika odwiedzin iFrame dla Twojej witryny (bezp\u0142atny i szybki)","description":"Wy\u015bwietl wtyczk\u0119 Premium View Counter na swojej stronie internetowej iFrame. Darmowa wtyczka iFrame Hit Counter od Elfsight [2024]!","robots":{"index":"index","follow":"follow","max-snippet":"max-snippet:-1","max-image-preview":"max-image-preview:large","max-video-preview":"max-video-preview:-1"},"canonical":"https:\/\/elfsight.com\/pl\/visitor-counter-widget\/iframe\/","og_locale":"pl_PL","og_type":"article","og_title":"Wid\u017cet licznika odwiedzin iFrame dla Twojej witryny (bezp\u0142atny i szybki)","og_description":"Wy\u015bwietl wtyczk\u0119 Premium View Counter na swojej stronie internetowej iFrame. Darmowa wtyczka iFrame Hit Counter od Elfsight [2024]!","og_url":"https:\/\/elfsight.com\/pl\/visitor-counter-widget\/iframe\/","og_site_name":"Elfsight PL","article_modified_time":"2024-09-13T14:12:35+00:00","twitter_card":"summary_large_image","twitter_misc":{"Szacowany czas czytania":"3 minuty"},"schema":{"@context":"https:\/\/schema.org","@graph":[{"@type":"WebPage","@id":"https:\/\/elfsight.com\/pl\/visitor-counter-widget\/iframe\/","url":"https:\/\/elfsight.com\/pl\/visitor-counter-widget\/iframe\/","name":"Wid\u017cet licznika odwiedzin iFrame dla Twojej witryny (bezp\u0142atny i szybki)","isPartOf":{"@id":"https:\/\/elfsight.com\/pl\/#website"},"datePublished":"1970-01-01T00:00:00+00:00","dateModified":"2024-09-13T14:12:35+00:00","description":"Wy\u015bwietl wtyczk\u0119 Premium View Counter na swojej stronie internetowej iFrame. Darmowa wtyczka iFrame Hit Counter od Elfsight [2024]!","breadcrumb":{"@id":"https:\/\/elfsight.com\/pl\/visitor-counter-widget\/iframe\/#breadcrumb"},"inLanguage":"pl-PL","potentialAction":[{"@type":"ReadAction","target":["https:\/\/elfsight.com\/pl\/visitor-counter-widget\/iframe\/"]}]},{"@type":"BreadcrumbList","@id":"https:\/\/elfsight.com\/pl\/visitor-counter-widget\/iframe\/#breadcrumb","itemListElement":[{"@type":"ListItem","position":1,"name":"Home","item":"https:\/\/elfsight.com\/pl\/"},{"@type":"ListItem","position":2,"name":"Visitor Counter","item":"https:\/\/elfsight.com\/pl\/visitor-counter-widget\/"},{"@type":"ListItem","position":3,"name":"Visitor Counter &#8211; iFrame"}]},{"@type":"WebSite","@id":"https:\/\/elfsight.com\/pl\/#website","url":"https:\/\/elfsight.com\/pl\/","name":"Elfsight PL","description":"Just another Elfsight Sites site","potentialAction":[{"@type":"SearchAction","target":{"@type":"EntryPoint","urlTemplate":"https:\/\/elfsight.com\/pl\/?s={search_term_string}"},"query-input":{"@type":"PropertyValueSpecification","valueRequired":true,"valueName":"search_term_string"}}],"inLanguage":"pl-PL"}]}},"meta_box":{"industry":"","seo_heading":"","heading":"","description":"","cta_heading":"","cta_description":"","application":"3357","h1":"Wid\u017cet licznika odwiedzin iFrame","h1_caption":"Monitoruj analityk\u0119 witryny i ulepszaj taktyk\u0119 biznesow\u0105","application_category":[],"applications_title":"","applications_request_title":"","applications_request_button_text":"","hero_text":"","hero_video":"","hero_video_schema_markup":"","selling_points_title":"","selling_points_caption":"","selling_points":[],"selling_points_cta_text":"","features_title":"","features":"","ed_cta_examples_text":"","ed_cta_examples_hidden":"","ed_cta_demo_text":"","ed_cta_demo_hidden":"","why_caption":"","why_editor_title":"","why_editor_text":"","why_team_title":"","why_team_text":"","why_service_title":"","why_service_text":"","template_catalog_visible":"","template_catalog_title":"","template_catalog_text":"","template_catalog_categories_visible":"","demo_title":"","demo_caption":"","default_faq_hidden":"","app_template_category":[],"platform":"187","template_public_id":"","codecanyon_url":"","codecanyon_item_id":"","codecanyon_price":"","pricing_caption":"","pricing_elfsight_apps_hide_column":"","pricing_elfsight_apps_url":"","pricing_codecanyon_price_caption":"","integration_category":[],"integration_request_title":"","integration_request_cta":"","integration_platform":"","integrations":[],"platform_category":[],"video_schema_markup":"","price":"od 0 USD \/ miesi\u0105c","trial":"","benefits":[{"text":"Bezp\u0142atna pomoc w monta\u017cu"},{"text":"Profesjonalna obs\u0142uga klienta"},{"text":"14-dniowa gwarancja zwrotu pieni\u0119dzy"}],"button_url":"#demo","button_target_blank":"","button_nofollow":"","attributes":[{"name":"Instaluje"},{"name":"Czu\u0142y"},{"name":"Kompatybilne przegl\u0105darki"}],"tags":[],"tags_disable_links":"","hide_more_platforms":"","video_object":"","demo_hide_cta":"","demo_hide_cloud_options":"","pricing_title":"","pricing":[{"pricing_icon":"platform","pricing_title":"Elfsight Apps","pricing_title_caption":"Oprogramowanie wieloplatformowe, kt\u00f3re pasuje do ka\u017cdej witryny internetowej","pricing_price":"od 0 USD \/ miesi\u0105c","pricing_price_caption":"zacznij od bezp\u0142atnego planu","pricing_benefits":[{"text":"Nielimitowane domeny"},{"text":"Profesjonalne i terminowe wsparcie"},{"text":"Bezp\u0142atna pomoc w monta\u017cu"},{"text":"W pe\u0142ni konfigurowalny"}],"pricing_button_text":"Dodaj do witryny","pricing_button_url":"#demo"}],"related_apps_title":"","related_apps_hidden":"","author":"","image":[],"title":"","job":"","social_networks":[]},"_links":{"self":[{"href":"https:\/\/elfsight.com\/pl\/wp-json\/wp\/v2\/pages\/7230","targetHints":{"allow":["GET"]}}],"collection":[{"href":"https:\/\/elfsight.com\/pl\/wp-json\/wp\/v2\/pages"}],"about":[{"href":"https:\/\/elfsight.com\/pl\/wp-json\/wp\/v2\/types\/page"}],"author":[{"embeddable":true,"href":"https:\/\/elfsight.com\/pl\/wp-json\/wp\/v2\/users\/9"}],"replies":[{"embeddable":true,"href":"https:\/\/elfsight.com\/pl\/wp-json\/wp\/v2\/comments?post=7230"}],"version-history":[{"count":1,"href":"https:\/\/elfsight.com\/pl\/wp-json\/wp\/v2\/pages\/7230\/revisions"}],"predecessor-version":[{"id":7234,"href":"https:\/\/elfsight.com\/pl\/wp-json\/wp\/v2\/pages\/7230\/revisions\/7234"}],"up":[{"embeddable":true,"href":"https:\/\/elfsight.com\/pl\/wp-json\/wp\/v2\/pages\/3407"}],"wp:attachment":[{"href":"https:\/\/elfsight.com\/pl\/wp-json\/wp\/v2\/media?parent=7230"}],"curies":[{"name":"wp","href":"https:\/\/api.w.org\/{rel}","templated":true}]}}