{"id":7229,"date":"2024-05-03T06:54:00","date_gmt":"2024-05-03T06:54:00","guid":{"rendered":"https:\/\/elfsight.com\/pl\/?page_id=7229"},"modified":"2024-09-13T14:12:35","modified_gmt":"2024-09-13T14:12:35","slug":"html","status":"publish","type":"page","link":"https:\/\/elfsight.com\/pl\/visitor-counter-widget\/html\/","title":{"rendered":"Visitor Counter  &#8211; HTML"},"content":{"rendered":"<div class=\"application-platform-content-item-description application-platform-content-item\" id=\"description\" data-nav-section=\"description\"> <h2>Opis<\/h2> <p> Licznik odwiedzin dla HTML to nieskomplikowane narz\u0119dzie pozwalaj\u0105ce kontrolowa\u0107 liczb\u0119 odwiedzaj\u0105cych i najpopularniejsze tre\u015bci ogl\u0105dane w dok\u0142adnym terminie. Istotne statystyki mo\u017cna teraz \u0142atwo sprawdzi\u0107 bez konieczno\u015bci posiadania specjalnych umiej\u0119tno\u015bci analityki danych. Co wi\u0119cej, mo\u017cesz \u0142atwo zapewni\u0107 widzom, \u017ce jeste\u015b renomowan\u0105 firm\u0105 i uzyska\u0107 znacznie wi\u0119ksz\u0105 sprzeda\u017c. Dzi\u0119ki naszym regulowanym mo\u017cliwo\u015bciom stylowym i por\u0119cznym uk\u0142adom mo\u017cesz zintegrowa\u0107 wid\u017cet ze swoj\u0105 witryn\u0105 w ci\u0105gu zaledwie kilku sekund. <\/p> <p><b>Dzi\u0119ki licznikowi odwiedzin sprawd\u017a swoje statystyki i do\u015bwiadcz solidnego rozwoju biznesu! <\/b><\/p><\/div> <div class=\"faq\" data-component=\"FAQ\"><div class=\"faq-item\">\r\n\t\t\t\t\t<div class=\"faq-item-question\">\r\n\t\t\t\t\t\t<h3 class=\"faq-item-question-text\">W jaki spos\u00f3b mog\u0119 osadzi\u0107 licznik odwiedzin w mojej witrynie HTML? <\/h3>\r\n\r\n\t\t\t\t\t\t<div class=\"faq-item-question-icon\"><\/div>\r\n\t\t\t\t\t<\/div>\r\n\r\n\t\t\t\t\t<div class=\"faq-item-answer\">\r\n\t\t\t\t\t\t<div class=\"faq-item-answer-text\"><p>Budynek narz\u0119dzia wyst\u0119puje na stronach Elfsight i nie trzeba kodowa\u0107. Skorzystaj z wersji demonstracyjnej online, aby dostosowa\u0107 wtyczk\u0119, pobierz kod i wstaw go na swoj\u0105 witryn\u0119. <\/p><\/div>\r\n\t\t\t\t\t<\/div>\r\n\t\t\t\t<\/div><div class=\"faq-item\">\r\n\t\t\t\t\t<div class=\"faq-item-question\">\r\n\t\t\t\t\t\t<h3 class=\"faq-item-question-text\">Najlepsze sposoby wykorzystania integracji Hit Counter<\/h3>\r\n\r\n\t\t\t\t\t\t<div class=\"faq-item-question-icon\"><\/div>\r\n\t\t\t\t\t<\/div>\r\n\r\n\t\t\t\t\t<div class=\"faq-item-answer\">\r\n\t\t\t\t\t\t<div class=\"faq-item-answer-text\"><p>Oferujemy szerok\u0105 gam\u0119 mo\u017cliwo\u015bci dostosowywania: pe\u0142nowymiarowe wid\u017cety do dodawania w strefie tre\u015bci, p\u0142ywaj\u0105ce wtyczki do opcji przewijania, uk\u0142ady stopki, sekcji nag\u0142\u00f3wka i wszelkiego rodzaju opcje pionowe dla pask\u00f3w bocznych i menu. <\/p><\/div>\r\n\t\t\t\t\t<\/div>\r\n\t\t\t\t<\/div><div class=\"faq-item\">\r\n\t\t\t\t\t<div class=\"faq-item-question\">\r\n\t\t\t\t\t\t<h3 class=\"faq-item-question-text\">Czy istnieje mo\u017cliwo\u015b\u0107 zbudowania wbudowanego lub szczeg\u00f3\u0142owego licznika odwiedzin za pomoc\u0105 edytora? <\/h3>\r\n\r\n\t\t\t\t\t\t<div class=\"faq-item-question-icon\"><\/div>\r\n\t\t\t\t\t<\/div>\r\n\r\n\t\t\t\t\t<div class=\"faq-item-answer\">\r\n\t\t\t\t\t\t<div class=\"faq-item-answer-text\"><p>Mo\u017cesz tworzy\u0107 dowolne odmiany wid\u017cetu. W edytorze dost\u0119pnych jest wiele uk\u0142ad\u00f3w, a ka\u017cdy z nich mo\u017cna szybko dostosowa\u0107 wed\u0142ug w\u0142asnych upodoba\u0144. <\/p><\/div>\r\n\t\t\t\t\t<\/div>\r\n\t\t\t\t<\/div><\/div><div class=\"application-platform-content-item-features application-platform-content-item\" id=\"features\" data-nav-section=\"features\"> <h2>Sprawd\u017a list\u0119 najpot\u0119\u017cniejszych funkcji: <\/h2> <ul><li>\u0141atwe zarz\u0105dzanie bez profesjonalnych kwalifikacji SEO i wymagane kodowanie<\/li><li>Du\u017ca r\u00f3\u017cnorodno\u015b\u0107 przedzia\u0142\u00f3w czasowych do zliczania metryk<\/li><li> Por\u0119czne uk\u0142ady do praktycznego zarz\u0105dzania wszystkimi punktami <\/li><li>Jasne, ciemne i konfigurowalne schematy kolor\u00f3w umo\u017cliwiaj\u0105ce dostosowanie narz\u0119dzia <\/li><li> Ustaw rozmiar i wag\u0119 czcionki <\/li><li> \u0141atwa integracja nawet dla u\u017cytkownik\u00f3w nietechnicznych <\/li><\/ul><p><a href=\"#demo\">Mo\u017cesz sprawdzi\u0107, czy wid\u017cet jest dla Ciebie, wypr\u00f3bowuj\u0105c wersj\u0119 demonstracyjn\u0105<\/a><\/p> <\/div> <div class=\"application-platform-content-item-installation application-platform-content-item\" id=\"installation\" data-nav-section=\"installation\"><h2>Jak doda\u0107 licznik odwiedzin w mojej witrynie HTML ? <\/h2> <div class=\"video-container\"><iframe width=\"720\" height=\"405\" src=\"https:\/\/www.youtube.com\/embed\/Z6Qhq7KaAek\" frameborder=\"0\" allowfullscreen=\"\"><\/iframe><\/div><p>Wystarczy wykona\u0107 poni\u017csze wskaz\u00f3wki, aby zintegrowa\u0107 wtyczk\u0119: <\/p> <ol><li><b>Skorzystaj z naszej bezp\u0142atnej wersji demonstracyjnej i zacznij tworzy\u0107 sw\u00f3j niestandardowy instrument. <\/b><br> Znajd\u017a preferowany uk\u0142ad i parametry narz\u0119dzia i zastosuj poprawki. <\/li> <li><b>Odbierz sw\u00f3j indywidualny kod udost\u0119pniony w specjalnym formularzu w aplikacjach Elfsight. <\/b><br> Zaraz po utworzeniu narz\u0119dzia skopiuj kod osobisty z wy\u015bwietlonego wyskakuj\u0105cego okienka i zachowaj go na p\u00f3\u017aniej. <\/li> <li><b>Wpisz ch\u0119\u0107 korzystania z wid\u017cetu w swojej witrynie HTML. <\/b><br> Dodaj skopiowany ostatnio kod na swoj\u0105 stron\u0119 g\u0142\u00f3wn\u0105 i zastosuj modyfikacje. <\/li> <li><b>Gotowe! Konfiguracja zosta\u0142a pomy\u015blnie przeprowadzona. <\/b><br> Przejd\u017a na swoj\u0105 stron\u0119 internetow\u0105 i sprawd\u017a, jak dzia\u0142a widget. <\/li><\/ol> <p>W przypadku pyta\u0144 lub trudno\u015bci prosimy o kontakt z naszym dzia\u0142em obs\u0142ugi klienta. Nasi ludzie pragn\u0105 rozwi\u0105za\u0107 wszystkie pytania, jakie mo\u017cesz mie\u0107 w zwi\u0105zku z wid\u017cetem. <\/p> <\/div>","protected":false},"excerpt":{"rendered":"","protected":false},"author":9,"featured_media":0,"parent":3407,"menu_order":0,"comment_status":"closed","ping_status":"closed","template":"templates\/template-application-platform.php","meta":{"publish_to_discourse":"","publish_post_category":"","wpdc_auto_publish_overridden":"","wpdc_topic_tags":"","wpdc_pin_topic":"","wpdc_pin_until":"","discourse_post_id":"","discourse_permalink":"","wpdc_publishing_response":"","wpdc_publishing_error":"","footnotes":""},"class_list":["post-7229","page","type-page","status-publish","hentry"],"yoast_head":"<!-- This site is optimized with the Yoast SEO plugin v25.3.1 - https:\/\/yoast.com\/wordpress\/plugins\/seo\/ -->\n<title>Licznik odwiedzin \u2014 Dodaj wid\u017cet Licznik odwiedzin do strony HTML [2025]<\/title>\n<meta name=\"description\" content=\"Stworzenie najlepszego wid\u017cetu Hit Counter i dodanie go do swojej witryny jest ca\u0142kowicie proste. Obs\u0142uga klienta Elfsight jest bezp\u0142atna.\" \/>\n<meta name=\"robots\" content=\"index, follow, max-snippet:-1, max-image-preview:large, max-video-preview:-1\" \/>\n<link rel=\"canonical\" href=\"https:\/\/elfsight.com\/pl\/visitor-counter-widget\/html\/\" \/>\n<meta property=\"og:locale\" content=\"pl_PL\" \/>\n<meta property=\"og:type\" content=\"article\" \/>\n<meta property=\"og:title\" content=\"Licznik odwiedzin \u2014 Dodaj wid\u017cet Licznik odwiedzin do strony HTML [2025]\" \/>\n<meta property=\"og:description\" content=\"Stworzenie najlepszego wid\u017cetu Hit Counter i dodanie go do swojej witryny jest ca\u0142kowicie proste. Obs\u0142uga klienta Elfsight jest bezp\u0142atna.\" \/>\n<meta property=\"og:url\" content=\"https:\/\/elfsight.com\/pl\/visitor-counter-widget\/html\/\" \/>\n<meta property=\"og:site_name\" content=\"Elfsight PL\" \/>\n<meta property=\"article:modified_time\" content=\"2024-09-13T14:12:35+00:00\" \/>\n<meta name=\"twitter:card\" content=\"summary_large_image\" \/>\n<meta name=\"twitter:label1\" content=\"Szacowany czas czytania\" \/>\n\t<meta name=\"twitter:data1\" content=\"3 minuty\" \/>\n<!-- \/ Yoast SEO plugin. -->","yoast_head_json":{"title":"Licznik odwiedzin \u2014 Dodaj wid\u017cet Licznik odwiedzin do strony HTML [2025]","description":"Stworzenie najlepszego wid\u017cetu Hit Counter i dodanie go do swojej witryny jest ca\u0142kowicie proste. Obs\u0142uga klienta Elfsight jest bezp\u0142atna.","robots":{"index":"index","follow":"follow","max-snippet":"max-snippet:-1","max-image-preview":"max-image-preview:large","max-video-preview":"max-video-preview:-1"},"canonical":"https:\/\/elfsight.com\/pl\/visitor-counter-widget\/html\/","og_locale":"pl_PL","og_type":"article","og_title":"Licznik odwiedzin \u2014 Dodaj wid\u017cet Licznik odwiedzin do strony HTML [2025]","og_description":"Stworzenie najlepszego wid\u017cetu Hit Counter i dodanie go do swojej witryny jest ca\u0142kowicie proste. Obs\u0142uga klienta Elfsight jest bezp\u0142atna.","og_url":"https:\/\/elfsight.com\/pl\/visitor-counter-widget\/html\/","og_site_name":"Elfsight PL","article_modified_time":"2024-09-13T14:12:35+00:00","twitter_card":"summary_large_image","twitter_misc":{"Szacowany czas czytania":"3 minuty"},"schema":{"@context":"https:\/\/schema.org","@graph":[{"@type":"WebPage","@id":"https:\/\/elfsight.com\/pl\/visitor-counter-widget\/html\/","url":"https:\/\/elfsight.com\/pl\/visitor-counter-widget\/html\/","name":"Licznik odwiedzin \u2014 Dodaj wid\u017cet Licznik odwiedzin do strony HTML [2025]","isPartOf":{"@id":"https:\/\/elfsight.com\/pl\/#website"},"datePublished":"2024-05-03T06:54:00+00:00","dateModified":"2024-09-13T14:12:35+00:00","description":"Stworzenie najlepszego wid\u017cetu Hit Counter i dodanie go do swojej witryny jest ca\u0142kowicie proste. Obs\u0142uga klienta Elfsight jest bezp\u0142atna.","breadcrumb":{"@id":"https:\/\/elfsight.com\/pl\/visitor-counter-widget\/html\/#breadcrumb"},"inLanguage":"pl-PL","potentialAction":[{"@type":"ReadAction","target":["https:\/\/elfsight.com\/pl\/visitor-counter-widget\/html\/"]}]},{"@type":"BreadcrumbList","@id":"https:\/\/elfsight.com\/pl\/visitor-counter-widget\/html\/#breadcrumb","itemListElement":[{"@type":"ListItem","position":1,"name":"Home","item":"https:\/\/elfsight.com\/pl\/"},{"@type":"ListItem","position":2,"name":"Visitor Counter","item":"https:\/\/elfsight.com\/pl\/visitor-counter-widget\/"},{"@type":"ListItem","position":3,"name":"Visitor Counter &#8211; HTML"}]},{"@type":"WebSite","@id":"https:\/\/elfsight.com\/pl\/#website","url":"https:\/\/elfsight.com\/pl\/","name":"Elfsight PL","description":"Just another Elfsight Sites site","potentialAction":[{"@type":"SearchAction","target":{"@type":"EntryPoint","urlTemplate":"https:\/\/elfsight.com\/pl\/?s={search_term_string}"},"query-input":{"@type":"PropertyValueSpecification","valueRequired":true,"valueName":"search_term_string"}}],"inLanguage":"pl-PL"}]}},"meta_box":{"industry":"","seo_heading":"","heading":"","description":"","cta_heading":"","cta_description":"","application":"3357","h1":"Wid\u017cet licznika go\u015bci HTML","h1_caption":"\u015aled\u017a wska\u017aniki swojej strony internetowej i analizuj najwa\u017cniejsze statystyki","application_category":[],"applications_title":"","applications_request_title":"","applications_request_button_text":"","hero_text":"","hero_video":"","hero_video_schema_markup":"","selling_points_title":"","selling_points_caption":"","selling_points":[],"selling_points_cta_text":"","features_title":"","features":"","ed_cta_examples_text":"","ed_cta_examples_hidden":"","ed_cta_demo_text":"","ed_cta_demo_hidden":"","why_caption":"","why_editor_title":"","why_editor_text":"","why_team_title":"","why_team_text":"","why_service_title":"","why_service_text":"","template_catalog_visible":"","template_catalog_title":"","template_catalog_text":"","template_catalog_categories_visible":"","demo_title":"","demo_caption":"","default_faq_hidden":"","app_template_category":[],"platform":"50","template_public_id":"","codecanyon_url":"","codecanyon_item_id":"","codecanyon_price":"","pricing_caption":"","pricing_elfsight_apps_hide_column":"","pricing_elfsight_apps_url":"","pricing_codecanyon_price_caption":"","integration_category":[],"integration_request_title":"","integration_request_cta":"","integration_platform":"","integrations":[],"platform_category":[],"video_schema_markup":"","price":"od 0 USD \/ miesi\u0105c","trial":"","benefits":[{"text":"Bezp\u0142atna us\u0142uga monta\u017cu"},{"text":"Kompetentna obs\u0142uga klienta"},{"text":"14-dniowa gwarancja zwrotu pieni\u0119dzy"},{"text":"Przysz\u0142e bezp\u0142atne ulepszenia"}],"button_url":"#demo","button_target_blank":"","button_nofollow":"","attributes":[{"name":"Instaluje"},{"name":"Czu\u0142y","content":"Tak"},{"name":"Kompatybilne przegl\u0105darki","content":"Firefox, Safari, Opera, Chrome, Edge"}],"tags":[],"tags_disable_links":"","hide_more_platforms":"","video_object":"","demo_hide_cta":"","demo_hide_cloud_options":"","pricing_title":"","pricing":[{"pricing_icon":"platform","pricing_title":"Elfsight Apps","pricing_title_caption":"Wersja wieloplatformowa, kt\u00f3ra pasuje do ka\u017cdej witryny internetowej","pricing_price":"od 0 USD \/ miesi\u0105c","pricing_price_caption":"zacznij od bezp\u0142atnego planu","pricing_benefits":[{"text":"Nielimitowane strony internetowe"},{"text":"Bezp\u0142atne i terminowe wsparcie"},{"text":"Bezp\u0142atna pomoc w instalacji"},{"text":"Oferta ograniczona czasowo dla wielu aplikacji"}],"pricing_button_text":"Dodaj do witryny","pricing_button_url":"#demo"}],"related_apps_title":"","related_apps_hidden":"","author":"","image":[],"title":"","job":"","social_networks":[]},"_links":{"self":[{"href":"https:\/\/elfsight.com\/pl\/wp-json\/wp\/v2\/pages\/7229","targetHints":{"allow":["GET"]}}],"collection":[{"href":"https:\/\/elfsight.com\/pl\/wp-json\/wp\/v2\/pages"}],"about":[{"href":"https:\/\/elfsight.com\/pl\/wp-json\/wp\/v2\/types\/page"}],"author":[{"embeddable":true,"href":"https:\/\/elfsight.com\/pl\/wp-json\/wp\/v2\/users\/9"}],"replies":[{"embeddable":true,"href":"https:\/\/elfsight.com\/pl\/wp-json\/wp\/v2\/comments?post=7229"}],"version-history":[{"count":2,"href":"https:\/\/elfsight.com\/pl\/wp-json\/wp\/v2\/pages\/7229\/revisions"}],"predecessor-version":[{"id":8115,"href":"https:\/\/elfsight.com\/pl\/wp-json\/wp\/v2\/pages\/7229\/revisions\/8115"}],"up":[{"embeddable":true,"href":"https:\/\/elfsight.com\/pl\/wp-json\/wp\/v2\/pages\/3407"}],"wp:attachment":[{"href":"https:\/\/elfsight.com\/pl\/wp-json\/wp\/v2\/media?parent=7229"}],"curies":[{"name":"wp","href":"https:\/\/api.w.org\/{rel}","templated":true}]}}