{"id":7223,"date":"1970-01-01T00:00:00","date_gmt":"1970-01-01T00:00:00","guid":{"rendered":"https:\/\/elfsight.com\/pl\/?page_id=7223"},"modified":"2024-09-13T14:12:26","modified_gmt":"2024-09-13T14:12:26","slug":"opencart","status":"publish","type":"page","link":"https:\/\/elfsight.com\/pl\/visitor-counter-widget\/opencart\/","title":{"rendered":"Visitor Counter  &#8211; OpenCart"},"content":{"rendered":"<div class=\"application-platform-content-item-description application-platform-content-item\" id=\"description\" data-nav-section=\"description\"> <h2>Opis<\/h2> <p> Licznik odwiedzin dla OpenCart to nieskomplikowane rozszerzenie, kt\u00f3re pozwala kontrolowa\u0107 liczb\u0119 odwiedzaj\u0105cych i najpopularniejsze strony ogl\u0105dane w okre\u015blonym przedziale czasu. Podstawowe statystyki s\u0105 teraz \u0142atwe do monitorowania bez dodatkowej wiedzy na temat kodowania lub analizy danych. Co wi\u0119cej, mo\u017cesz \u0142atwo przekona\u0107 odwiedzaj\u0105cych, \u017ce jeste\u015b szanowan\u0105 firm\u0105 i pozyska\u0107 znacznie wi\u0119cej nowych klient\u00f3w lub subskrybent\u00f3w. Dzi\u0119ki naszym stylowym mo\u017cliwo\u015bciom i por\u0119cznym uk\u0142adom dostosowanym do potrzeb u\u017cytkownika mo\u017cesz jednym klikni\u0119ciem umie\u015bci\u0107 rozszerzenie w swojej witrynie. <\/p> <p><b>Zwi\u0119ksz skuteczno\u015b\u0107 swojego planu handlu elektronicznego dzi\u0119ki licznikowi odwiedzin!<\/b><\/p><\/div> <div class=\"application-platform-content-item-features application-platform-content-item\" id=\"features\" data-nav-section=\"features\"> <h2>Poni\u017cej znajduj\u0105 si\u0119 najwa\u017cniejsze funkcje wid\u017cet: <\/h2> <ul><li>\u0141atwy w u\u017cyciu, nie wymaga profesjonalnych kompetencji w zakresie analityki i kodowania<\/li><li>Szeroki wyb\u00f3r okres\u00f3w do \u015bledzenia statystyk<\/li><li> Wygodne uk\u0142ady do organizowania wszystkich licznik\u00f3w w najbardziej praktyczny spos\u00f3b <\/li><li>Jasne, ciemne i konfigurowalne schematy kolor\u00f3w sprawiaj\u0105, \u017ce narz\u0119dzie jest stylowe <\/li><li>Skonfiguruj rozmiar i wag\u0119 czcionki <\/li><li>\u0141atwa integracja nawet dla u\u017cytkownik\u00f3w, kt\u00f3rzy nie maj\u0105 wiedzy technicznej <\/li><\/ul><p><a href=\"#demo\">Wystarczy wypr\u00f3bowa\u0107 t\u0119 wersj\u0119 demonstracyjn\u0105, aby zrozumie\u0107 funkcjonalno\u015b\u0107 rozszerzenia.<\/a><\/p> <\/div> <div class=\"application-platform-content-item-installation application-platform-content-item\" id=\"installation\" data-nav-section=\"installation\"> <h2>Jak osadzi\u0107 modu\u0142 licznika odwiedzin w mojej witrynie OpenCart? <\/h2> <p>Wystarczy zastosowa\u0107 si\u0119 do poni\u017cszych instrukcji, aby rozpocz\u0105\u0107 korzystanie z rozszerzenia: <\/p> <ol><li><b>Skorzystaj z naszego bezp\u0142atnego edytora i zacznij tworzy\u0107 swoje unikalne rozszerzenie. <\/b><br> Znajd\u017a wybran\u0105 form\u0119 i funkcjonalno\u015b\u0107 rozszerzenia i zapisz wszystkie modyfikacje. <\/li> <li><b>Zdob\u0105d\u017a sw\u00f3j unikalny kod ujawniony w specjalnym formularzu w aplikacjach Elfsight. <\/b><br> Zaraz po zako\u0144czeniu generowania osobistego rozszerzenia skopiuj kod osobisty z wy\u015bwietlonego wyskakuj\u0105cego okienka i zapisz go na p\u00f3\u017aniej. <\/li> <li><b>Potwierd\u017a ch\u0119\u0107 korzystania z rozszerzenia w Twojej witrynie OpenCart. <\/b><br> Zaimplementuj kod, kt\u00f3ry ostatnio zapisa\u0142e\u015b na swojej stronie i zastosuj ulepszenia. <\/li> <li><b>Gotowe! Osadzanie zosta\u0142o pomy\u015blnie wykonane. <\/b><br> Wejd\u017a na swoj\u0105 stron\u0119 i sprawd\u017a dzia\u0142anie rozszerzenia. <\/li><\/ol><p>W przypadku pyta\u0144 lub napotkania przeszk\u00f3d prosimy o kontakt z naszym zespo\u0142em obs\u0142ugi klienta. Nasi ludzie ch\u0119tnie pomog\u0105 Ci we wszystkich trudno\u015bciach, jakie mo\u017cesz mie\u0107 z widgetem. <\/p> <div class=\"faq\" data-component=\"FAQ\"><div class=\"faq-item\">\r\n\t\t\t\t\t<div class=\"faq-item-question\">\r\n\t\t\t\t\t\t<h3 class=\"faq-item-question-text\">Jak osadzi\u0107 licznik odwiedzin w moim OpenCart bez do\u015bwiadczenia w programowaniu?<\/h3>\r\n\r\n\t\t\t\t\t\t<div class=\"faq-item-question-icon\"><\/div>\r\n\t\t\t\t\t<\/div>\r\n\r\n\t\t\t\t\t<div class=\"faq-item-answer\">\r\n\t\t\t\t\t\t<div class=\"faq-item-answer-text\"> <p>Firma Elfsight oferuje rozwi\u0105zanie, kt\u00f3re umo\u017cliwia szerokiemu gronu odbiorc\u00f3w samodzielne utworzenie sekcji licznika go\u015bci, dowiedz si\u0119 jakie to proste: Pracuj bezpo\u015brednio w wersji demonstracyjnej online, aby utworzy\u0107 wtyczk\u0119 licznika odwiedzin, kt\u00f3r\u0105 chcesz doda\u0107 na stronie internetowej OpenCart. Wybierz jeden z gotowych szablon\u00f3w i zmie\u0144 ustawienia Licznika Odwiedzaj\u0105cych, do\u0142\u0105cz swoj\u0105 tre\u015b\u0107, zmie\u0144 uk\u0142ad i kolory bez umiej\u0119tno\u015bci kodowania. Kliknij, aby zapisa\u0107 licznik odwiedzin i uzyska\u0107 kod instalacyjny, kt\u00f3ry mo\u017cesz \u0142atwo umie\u015bci\u0107 na dowolnej stronie g\u0142\u00f3wnej OpenCart bez konieczno\u015bci zakupu wersji p\u0142atnej. Dzi\u0119ki \u0142atwemu w u\u017cyciu Konfiguratorowi ka\u017cdy u\u017cytkownik Internetu mo\u017ce stworzy\u0107 wtyczk\u0119 Licznika Odwiedzaj\u0105cych i bez problemu wklei\u0107 j\u0105 na stron\u0119 OpenCart. Aby uzyska\u0107 dost\u0119p do naszego Edytora, nie jest konieczne p\u0142acenie ani przesy\u0142anie danych uwierzytelniaj\u0105cych karty. Je\u015bli napotkasz jakiekolwiek przeszkody, nie wahaj si\u0119 porozmawia\u0107 z naszym zespo\u0142em pomocy technicznej.<\/p> <\/div>\r\n\t\t\t\t\t<\/div>\r\n\t\t\t\t<\/div> <\/div><\/div>","protected":false},"excerpt":{"rendered":"","protected":false},"author":9,"featured_media":0,"parent":3407,"menu_order":0,"comment_status":"closed","ping_status":"closed","template":"templates\/template-application-platform.php","meta":{"publish_to_discourse":"","publish_post_category":"","wpdc_auto_publish_overridden":"","wpdc_topic_tags":"","wpdc_pin_topic":"","wpdc_pin_until":"","discourse_post_id":"","discourse_permalink":"","wpdc_publishing_response":"","wpdc_publishing_error":"","footnotes":""},"class_list":["post-7223","page","type-page","status-publish","hentry"],"yoast_head":"<!-- This site is optimized with the Yoast SEO plugin v25.3.1 - https:\/\/yoast.com\/wordpress\/plugins\/seo\/ -->\n<title>Dodaj rozszerzenie Open Cart do strony OpenCart (szybko i za darmo)<\/title>\n<meta name=\"description\" content=\"Oto \u015bwietna okazja, aby stworzy\u0107 rozszerzenie Best Visitor Counter i osadzi\u0107 je na swojej stronie internetowej. Ciesz si\u0119 bezp\u0142atn\u0105 obs\u0142ug\u0105 klienta przez Elfsight.\" \/>\n<meta name=\"robots\" content=\"index, follow, max-snippet:-1, max-image-preview:large, max-video-preview:-1\" \/>\n<link rel=\"canonical\" href=\"https:\/\/elfsight.com\/pl\/visitor-counter-widget\/opencart\/\" \/>\n<meta property=\"og:locale\" content=\"pl_PL\" \/>\n<meta property=\"og:type\" content=\"article\" \/>\n<meta property=\"og:title\" content=\"Dodaj rozszerzenie Open Cart do strony OpenCart (szybko i za darmo)\" \/>\n<meta property=\"og:description\" content=\"Oto \u015bwietna okazja, aby stworzy\u0107 rozszerzenie Best Visitor Counter i osadzi\u0107 je na swojej stronie internetowej. Ciesz si\u0119 bezp\u0142atn\u0105 obs\u0142ug\u0105 klienta przez Elfsight.\" \/>\n<meta property=\"og:url\" content=\"https:\/\/elfsight.com\/pl\/visitor-counter-widget\/opencart\/\" \/>\n<meta property=\"og:site_name\" content=\"Elfsight PL\" \/>\n<meta property=\"article:modified_time\" content=\"2024-09-13T14:12:26+00:00\" \/>\n<meta name=\"twitter:card\" content=\"summary_large_image\" \/>\n<meta name=\"twitter:label1\" content=\"Szacowany czas czytania\" \/>\n\t<meta name=\"twitter:data1\" content=\"3 minuty\" \/>\n<!-- \/ Yoast SEO plugin. -->","yoast_head_json":{"title":"Dodaj rozszerzenie Open Cart do strony OpenCart (szybko i za darmo)","description":"Oto \u015bwietna okazja, aby stworzy\u0107 rozszerzenie Best Visitor Counter i osadzi\u0107 je na swojej stronie internetowej. Ciesz si\u0119 bezp\u0142atn\u0105 obs\u0142ug\u0105 klienta przez Elfsight.","robots":{"index":"index","follow":"follow","max-snippet":"max-snippet:-1","max-image-preview":"max-image-preview:large","max-video-preview":"max-video-preview:-1"},"canonical":"https:\/\/elfsight.com\/pl\/visitor-counter-widget\/opencart\/","og_locale":"pl_PL","og_type":"article","og_title":"Dodaj rozszerzenie Open Cart do strony OpenCart (szybko i za darmo)","og_description":"Oto \u015bwietna okazja, aby stworzy\u0107 rozszerzenie Best Visitor Counter i osadzi\u0107 je na swojej stronie internetowej. Ciesz si\u0119 bezp\u0142atn\u0105 obs\u0142ug\u0105 klienta przez Elfsight.","og_url":"https:\/\/elfsight.com\/pl\/visitor-counter-widget\/opencart\/","og_site_name":"Elfsight PL","article_modified_time":"2024-09-13T14:12:26+00:00","twitter_card":"summary_large_image","twitter_misc":{"Szacowany czas czytania":"3 minuty"},"schema":{"@context":"https:\/\/schema.org","@graph":[{"@type":"WebPage","@id":"https:\/\/elfsight.com\/pl\/visitor-counter-widget\/opencart\/","url":"https:\/\/elfsight.com\/pl\/visitor-counter-widget\/opencart\/","name":"Dodaj rozszerzenie Open Cart do strony OpenCart (szybko i za darmo)","isPartOf":{"@id":"https:\/\/elfsight.com\/pl\/#website"},"datePublished":"1970-01-01T00:00:00+00:00","dateModified":"2024-09-13T14:12:26+00:00","description":"Oto \u015bwietna okazja, aby stworzy\u0107 rozszerzenie Best Visitor Counter i osadzi\u0107 je na swojej stronie internetowej. Ciesz si\u0119 bezp\u0142atn\u0105 obs\u0142ug\u0105 klienta przez Elfsight.","breadcrumb":{"@id":"https:\/\/elfsight.com\/pl\/visitor-counter-widget\/opencart\/#breadcrumb"},"inLanguage":"pl-PL","potentialAction":[{"@type":"ReadAction","target":["https:\/\/elfsight.com\/pl\/visitor-counter-widget\/opencart\/"]}]},{"@type":"BreadcrumbList","@id":"https:\/\/elfsight.com\/pl\/visitor-counter-widget\/opencart\/#breadcrumb","itemListElement":[{"@type":"ListItem","position":1,"name":"Home","item":"https:\/\/elfsight.com\/pl\/"},{"@type":"ListItem","position":2,"name":"Visitor Counter","item":"https:\/\/elfsight.com\/pl\/visitor-counter-widget\/"},{"@type":"ListItem","position":3,"name":"Visitor Counter &#8211; OpenCart"}]},{"@type":"WebSite","@id":"https:\/\/elfsight.com\/pl\/#website","url":"https:\/\/elfsight.com\/pl\/","name":"Elfsight PL","description":"Just another Elfsight Sites site","potentialAction":[{"@type":"SearchAction","target":{"@type":"EntryPoint","urlTemplate":"https:\/\/elfsight.com\/pl\/?s={search_term_string}"},"query-input":{"@type":"PropertyValueSpecification","valueRequired":true,"valueName":"search_term_string"}}],"inLanguage":"pl-PL"}]}},"meta_box":{"industry":"","seo_heading":"","heading":"","description":"","cta_heading":"","cta_description":"","application":"3357","h1":"Rozszerzenie licznika odwiedzaj\u0105cych OpenCart","h1_caption":"Analizuj statystyki swojej strony internetowej i ulepszaj swoj\u0105 strategi\u0119 biznesow\u0105","application_category":[],"applications_title":"","applications_request_title":"","applications_request_button_text":"","hero_text":"","hero_video":"","hero_video_schema_markup":"","selling_points_title":"","selling_points_caption":"","selling_points":[],"selling_points_cta_text":"","features_title":"","features":"","ed_cta_examples_text":"","ed_cta_examples_hidden":"","ed_cta_demo_text":"","ed_cta_demo_hidden":"","why_caption":"","why_editor_title":"","why_editor_text":"","why_team_title":"","why_team_text":"","why_service_title":"","why_service_text":"","template_catalog_visible":"","template_catalog_title":"","template_catalog_text":"","template_catalog_categories_visible":"","demo_title":"Pospiesz si\u0119, aby stworzy\u0107 szyty na miar\u0119 licznik odwiedzin OpenCart","demo_caption":"Dostosuj i wstaw rozszerzenie na swoj\u0105 stron\u0119 za pomoc\u0105 wersji demonstracyjnej na \u017cywo","default_faq_hidden":"","app_template_category":[],"platform":"107","template_public_id":"","codecanyon_url":"","codecanyon_item_id":"","codecanyon_price":"","pricing_caption":"","pricing_elfsight_apps_hide_column":"","pricing_elfsight_apps_url":"","pricing_codecanyon_price_caption":"","integration_category":[],"integration_request_title":"","integration_request_cta":"","integration_platform":"","integrations":[],"platform_category":[],"video_schema_markup":"","price":"od 0 USD \/ miesi\u0105c","trial":"","benefits":[{"text":"Bezp\u0142atna pomoc w instalacji"},{"text":"Do\u015bwiadczona obs\u0142uga klienta"},{"text":"14-dniowa gwarancja zwrotu pieni\u0119dzy"}],"button_url":"#demo","button_target_blank":"","button_nofollow":"","attributes":[{"name":"Instaluje"},{"name":"Czu\u0142y"},{"name":"Kompatybilne przegl\u0105darki"}],"tags":[],"tags_disable_links":"","hide_more_platforms":"","video_object":"","demo_hide_cta":"","demo_hide_cloud_options":"","pricing_title":"","pricing":[{"pricing_icon":"platform","pricing_title":"Elfsight Apps","pricing_title_caption":"Wieloplatformowe rozwi\u0105zanie cyfrowe","pricing_price":"od 0 USD \/ miesi\u0105c","pricing_price_caption":"zacznij od bezp\u0142atnego planu","pricing_benefits":[{"text":"Nielimitowane strony internetowe"},{"text":"Profesjonalne i terminowe wsparcie"},{"text":"Bezp\u0142atna us\u0142uga monta\u017cu"},{"text":"Elastyczny projekt"}],"pricing_button_text":"Dodaj do witryny","pricing_button_url":"#demo"}],"related_apps_title":"","related_apps_hidden":"","author":"","image":[],"title":"","job":"","social_networks":[]},"_links":{"self":[{"href":"https:\/\/elfsight.com\/pl\/wp-json\/wp\/v2\/pages\/7223","targetHints":{"allow":["GET"]}}],"collection":[{"href":"https:\/\/elfsight.com\/pl\/wp-json\/wp\/v2\/pages"}],"about":[{"href":"https:\/\/elfsight.com\/pl\/wp-json\/wp\/v2\/types\/page"}],"author":[{"embeddable":true,"href":"https:\/\/elfsight.com\/pl\/wp-json\/wp\/v2\/users\/9"}],"replies":[{"embeddable":true,"href":"https:\/\/elfsight.com\/pl\/wp-json\/wp\/v2\/comments?post=7223"}],"version-history":[{"count":1,"href":"https:\/\/elfsight.com\/pl\/wp-json\/wp\/v2\/pages\/7223\/revisions"}],"predecessor-version":[{"id":7227,"href":"https:\/\/elfsight.com\/pl\/wp-json\/wp\/v2\/pages\/7223\/revisions\/7227"}],"up":[{"embeddable":true,"href":"https:\/\/elfsight.com\/pl\/wp-json\/wp\/v2\/pages\/3407"}],"wp:attachment":[{"href":"https:\/\/elfsight.com\/pl\/wp-json\/wp\/v2\/media?parent=7223"}],"curies":[{"name":"wp","href":"https:\/\/api.w.org\/{rel}","templated":true}]}}