{"id":7221,"date":"1970-01-01T00:00:00","date_gmt":"1970-01-01T00:00:00","guid":{"rendered":"https:\/\/elfsight.com\/pl\/?page_id=7221"},"modified":"2025-06-27T08:58:42","modified_gmt":"2025-06-27T08:58:42","slug":"squarespace","status":"publish","type":"page","link":"https:\/\/elfsight.com\/pl\/visitor-counter-widget\/squarespace\/","title":{"rendered":"Visitor Counter &#8211; Squarespace"},"content":{"rendered":"<div class=\"application-platform-content-item-description application-platform-content-item\" id=\"description\" data-nav-section=\"description\"> <h2>Osad\u017a licznik go\u015bci w Squarespace za pomoc\u0105 wid\u017cetu Elfsight<\/h2> <p> Licznik go\u015bci dla Squarespace to przydatna wtyczka umo\u017cliwiaj\u0105ca \u015bledzenie liczba odwiedzaj\u0105cych i najpopularniejsze tre\u015bci ogl\u0105dane w danym okresie. Istotne statystyki mo\u017cna teraz wygodnie sprawdza\u0107 bez dodatkowych specjalist\u00f3w od kodowania i analityki danych. Ponadto za jego pomoc\u0105 mo\u017cesz \u0142atwo zapewni\u0107 odbiorcom, \u017ce jeste\u015b renomowan\u0105 firm\u0105 i mie\u0107 wi\u0119cej nowych klient\u00f3w. Dzi\u0119ki naszym konfigurowalnym, stylowym opcjom i por\u0119cznym uk\u0142adom mo\u017cesz utworzy\u0107 wtyczk\u0119 na swojej stronie internetowej w ci\u0105gu kilku sekund. <\/p> <p><b>Dzi\u0119ki licznikowi odwiedzin \u015bled\u017a swoje statystyki i obserwuj zr\u00f3wnowa\u017cony rozw\u00f3j biznesu! <\/b><\/p><\/div> <div class=\"application-platform-content-item-features application-platform-content-item\" id=\"features\" data-nav-section=\"features\"> <h2>Podstawowe funkcje widgetu oferuj\u0105: <\/h2> <ul><li>\u0141atwe zarz\u0105dzanie bez konieczno\u015bci posiadania specyficznych kompetencji w zakresie SEO i wymagane kodowanie<\/li><li>Du\u017ca r\u00f3\u017cnorodno\u015b\u0107 czasu trwania zliczania statystyk<\/li><li>Wygodne uk\u0142ady do organizowania wszystkich wska\u017anik\u00f3w w osza\u0142amiaj\u0105cy spos\u00f3b <\/li><li>Jasne, ciemne i konfigurowalne schematy kolor\u00f3w dostosuj narz\u0119dzie <\/li><li>Dostosuj rozmiar i wag\u0119 czcionki <\/li><li>Prosta integracja nawet bez umiej\u0119tno\u015bci kodowania <\/li><\/ul><p><a href=\"#demo\"> Po prostu wypr\u00f3buj t\u0119 wersj\u0119 demonstracyjn\u0105, aby zobaczy\u0107, jak to dzia\u0142a<\/a><\/p> <\/div> <div class=\"application-platform-content-item-installation application-platform-content-item\" id=\"installation\" data-nav-section=\"installation\"> <h2>Jak mog\u0119 doda\u0107 licznik odwiedzin do mojej strony internetowej Squarespace? <\/h2> <div class=\"video-container\"><iframe width=\"720\" height=\"405\" src=\"https:\/\/www.youtube.com\/embed\/Zd49Y3cyQB8\" frameborder=\"0\" allowfullscreen=\"\"><\/iframe><\/div><p>Wystarczy wykona\u0107 poni\u017csze kroki, aby zintegrowa\u0107 wtyczk\u0119: <\/p> <ol><li><b>Zarz\u0105dzaj nasz\u0105 bezp\u0142atn\u0105 wersj\u0105 demonstracyjn\u0105 i zacznij tworzy\u0107 swoj\u0105 unikaln\u0105 wtyczk\u0119. <\/b><br> Okre\u015bl preferowany uk\u0142ad i funkcjonalno\u015b\u0107 wtyczki oraz zastosuj poprawki. <\/li> <li><b>Uzyskaj unikalny kod widoczny w specjalnym formularzu w aplikacjach Elfsight. <\/b><br> Zaraz po zako\u0144czeniu konfiguracji wtyczki skopiuj indywidualny kod w wy\u015bwietlonym oknie i zapisz go do dalszego wykorzystania. <\/li> <li><b>Rozpocznij korzystanie z narz\u0119dzia w witrynie Squarespace. <\/b><br> Zaimplementuj skopiowany wcze\u015bniej kod na swojej stronie g\u0142\u00f3wnej i zapisz zmiany. <\/li> <li><b>Gotowe! Integracja zosta\u0142a pomy\u015blnie zako\u0144czona. <\/b><br> Przejd\u017a na swoj\u0105 stron\u0119 internetow\u0105, aby sprawdzi\u0107 dzia\u0142anie wtyczki. <\/li><\/ol> <p>W przypadku pyta\u0144 lub napotkania jakichkolwiek trudno\u015bci nie wahaj si\u0119 skontaktowa\u0107 z naszym dzia\u0142em obs\u0142ugi klienta. Nasi konsultanci ch\u0119tnie odpowiedz\u0105 na wszystkie pytania dotycz\u0105ce tego narz\u0119dzia. <\/p> <div class=\"faq\" data-component=\"FAQ\"><div class=\"faq-item\">\r\n\t\t\t\t\t<div class=\"faq-item-question\">\r\n\t\t\t\t\t\t<h3 class=\"faq-item-question-text\">Czy istnieje spos\u00f3b na osadzenie licznika odwiedzin na mojej stronie internetowej Squarespace bez znajomo\u015bci programowania?<\/h3>\r\n\r\n\t\t\t\t\t\t<div class=\"faq-item-question-icon\"><\/div>\r\n\t\t\t\t\t<\/div>\r\n\r\n\t\t\t\t\t<div class=\"faq-item-answer\">\r\n\t\t\t\t\t\t<div class=\"faq-item-answer-text\"> <p>Elfsight wprowadza rozwi\u0105zanie, kt\u00f3re umo\u017cliwia u\u017cytkownikom samodzielne utworzenie wtyczki licznika odwiedzin, dowiedz si\u0119 jakie to proste: Rozpocznij prac\u0119 bezpo\u015brednio w wersji demonstracyjnej online, aby wygenerowa\u0107 wid\u017cet licznika odwiedzin, kt\u00f3ry chcesz osadzi\u0107 na swojej stronie g\u0142\u00f3wnej Squarespace. Kliknij jeden z gotowych szablon\u00f3w i dostosuj ustawienia Licznika Odwiedzaj\u0105cych, do\u0142\u0105cz swoj\u0105 tre\u015b\u0107, zmie\u0144 uk\u0142ad i kolorystyk\u0119 bez \u017cadnego do\u015bwiadczenia w kodowaniu. Kliknij, aby zapisa\u0107 ustawienia wprowadzone w liczniku odwiedzin i uzyska\u0107 kod wid\u017cetu do umieszczenia na stronie, kt\u00f3ry mo\u017cesz umie\u015bci\u0107 na swojej stronie g\u0142\u00f3wnej Squarespace bez konieczno\u015bci kupowania p\u0142atnego planu. Dzi\u0119ki prostemu konfiguratorowi ka\u017cdy u\u017cytkownik Internetu mo\u017ce utworzy\u0107 wtyczk\u0119 licznika odwiedzin i bez wysi\u0142ku doda\u0107 j\u0105 do swojej strony internetowej Squarespace. Aby skorzysta\u0107 z us\u0142ugi nie jest wymagana p\u0142atno\u015b\u0107 ani podanie danych karty. Je\u015bli napotkasz jakiekolwiek problemy, skontaktuj si\u0119 z naszym dzia\u0142em obs\u0142ugi klienta.<\/p> <\/div>\r\n\t\t\t\t\t<\/div>\r\n\t\t\t\t<\/div> <\/div><\/div>","protected":false},"excerpt":{"rendered":"","protected":false},"author":9,"featured_media":0,"parent":3407,"menu_order":0,"comment_status":"closed","ping_status":"closed","template":"templates\/template-application-platform.php","meta":{"publish_to_discourse":"","publish_post_category":"","wpdc_auto_publish_overridden":"","wpdc_topic_tags":"","wpdc_pin_topic":"","wpdc_pin_until":"","discourse_post_id":"","discourse_permalink":"","wpdc_publishing_response":"","wpdc_publishing_error":"","footnotes":""},"class_list":["post-7221","page","type-page","status-publish","hentry"],"yoast_head":"<!-- This site is optimized with the Yoast SEO plugin v25.3.1 - https:\/\/yoast.com\/wordpress\/plugins\/seo\/ -->\n<title>Licznik odwiedzin \u2014 dodaj bezp\u0142atn\u0105 wtyczk\u0119 Hit Counter do Squarespace<\/title>\n<meta name=\"description\" content=\"Utworzenie najlepszej wtyczki licznika odwiedzin i umieszczenie jej na swojej stronie internetowej jest niezwykle proste. Obs\u0142uga klienta Elfsight jest bezp\u0142atna i szybka.\" \/>\n<meta name=\"robots\" content=\"index, follow, max-snippet:-1, max-image-preview:large, max-video-preview:-1\" \/>\n<link rel=\"canonical\" href=\"https:\/\/elfsight.com\/pl\/visitor-counter-widget\/squarespace\/\" \/>\n<meta property=\"og:locale\" content=\"pl_PL\" \/>\n<meta property=\"og:type\" content=\"article\" \/>\n<meta property=\"og:title\" content=\"Licznik odwiedzin \u2014 dodaj bezp\u0142atn\u0105 wtyczk\u0119 Hit Counter do Squarespace\" \/>\n<meta property=\"og:description\" content=\"Utworzenie najlepszej wtyczki licznika odwiedzin i umieszczenie jej na swojej stronie internetowej jest niezwykle proste. Obs\u0142uga klienta Elfsight jest bezp\u0142atna i szybka.\" \/>\n<meta property=\"og:url\" content=\"https:\/\/elfsight.com\/pl\/visitor-counter-widget\/squarespace\/\" \/>\n<meta property=\"og:site_name\" content=\"Elfsight PL\" \/>\n<meta property=\"article:modified_time\" content=\"2025-06-27T08:58:42+00:00\" \/>\n<meta name=\"twitter:card\" content=\"summary_large_image\" \/>\n<meta name=\"twitter:label1\" content=\"Szacowany czas czytania\" \/>\n\t<meta name=\"twitter:data1\" content=\"3 minuty\" \/>\n<!-- \/ Yoast SEO plugin. -->","yoast_head_json":{"title":"Licznik odwiedzin \u2014 dodaj bezp\u0142atn\u0105 wtyczk\u0119 Hit Counter do Squarespace","description":"Utworzenie najlepszej wtyczki licznika odwiedzin i umieszczenie jej na swojej stronie internetowej jest niezwykle proste. Obs\u0142uga klienta Elfsight jest bezp\u0142atna i szybka.","robots":{"index":"index","follow":"follow","max-snippet":"max-snippet:-1","max-image-preview":"max-image-preview:large","max-video-preview":"max-video-preview:-1"},"canonical":"https:\/\/elfsight.com\/pl\/visitor-counter-widget\/squarespace\/","og_locale":"pl_PL","og_type":"article","og_title":"Licznik odwiedzin \u2014 dodaj bezp\u0142atn\u0105 wtyczk\u0119 Hit Counter do Squarespace","og_description":"Utworzenie najlepszej wtyczki licznika odwiedzin i umieszczenie jej na swojej stronie internetowej jest niezwykle proste. Obs\u0142uga klienta Elfsight jest bezp\u0142atna i szybka.","og_url":"https:\/\/elfsight.com\/pl\/visitor-counter-widget\/squarespace\/","og_site_name":"Elfsight PL","article_modified_time":"2025-06-27T08:58:42+00:00","twitter_card":"summary_large_image","twitter_misc":{"Szacowany czas czytania":"3 minuty"},"schema":{"@context":"https:\/\/schema.org","@graph":[{"@type":"WebPage","@id":"https:\/\/elfsight.com\/pl\/visitor-counter-widget\/squarespace\/","url":"https:\/\/elfsight.com\/pl\/visitor-counter-widget\/squarespace\/","name":"Licznik odwiedzin \u2014 dodaj bezp\u0142atn\u0105 wtyczk\u0119 Hit Counter do Squarespace","isPartOf":{"@id":"https:\/\/elfsight.com\/pl\/#website"},"datePublished":"1970-01-01T00:00:00+00:00","dateModified":"2025-06-27T08:58:42+00:00","description":"Utworzenie najlepszej wtyczki licznika odwiedzin i umieszczenie jej na swojej stronie internetowej jest niezwykle proste. Obs\u0142uga klienta Elfsight jest bezp\u0142atna i szybka.","breadcrumb":{"@id":"https:\/\/elfsight.com\/pl\/visitor-counter-widget\/squarespace\/#breadcrumb"},"inLanguage":"pl-PL","potentialAction":[{"@type":"ReadAction","target":["https:\/\/elfsight.com\/pl\/visitor-counter-widget\/squarespace\/"]}]},{"@type":"BreadcrumbList","@id":"https:\/\/elfsight.com\/pl\/visitor-counter-widget\/squarespace\/#breadcrumb","itemListElement":[{"@type":"ListItem","position":1,"name":"Home","item":"https:\/\/elfsight.com\/pl\/"},{"@type":"ListItem","position":2,"name":"Visitor Counter","item":"https:\/\/elfsight.com\/pl\/visitor-counter-widget\/"},{"@type":"ListItem","position":3,"name":"Visitor Counter &#8211; Squarespace"}]},{"@type":"WebSite","@id":"https:\/\/elfsight.com\/pl\/#website","url":"https:\/\/elfsight.com\/pl\/","name":"Elfsight PL","description":"Just another Elfsight Sites site","potentialAction":[{"@type":"SearchAction","target":{"@type":"EntryPoint","urlTemplate":"https:\/\/elfsight.com\/pl\/?s={search_term_string}"},"query-input":{"@type":"PropertyValueSpecification","valueRequired":true,"valueName":"search_term_string"}}],"inLanguage":"pl-PL"}]}},"meta_box":{"industry":"","seo_heading":"","heading":"","description":"","cta_heading":"","cta_description":"","application":"3357","h1":"Wtyczka licznika odwiedzin Squarespace","h1_caption":"Poka\u017c liczb\u0119 odwiedzaj\u0105cych Twoj\u0105 witryn\u0119 za pomoc\u0105 licznika odwiedzaj\u0105cych na \u017cywo, co bez wysi\u0142ku zwi\u0119kszy wiarygodno\u015b\u0107 Twojej witryny w witrynie Squarespace.","application_category":[],"applications_title":"","applications_request_title":"","applications_request_button_text":"","hero_text":"","hero_video":"","hero_video_schema_markup":"","selling_points_title":"","selling_points_caption":"","selling_points":[],"selling_points_cta_text":"","features_title":"","features":"","ed_cta_examples_text":"","ed_cta_examples_hidden":"","ed_cta_demo_text":"","ed_cta_demo_hidden":"","why_caption":"","why_editor_title":"","why_editor_text":"","why_team_title":"","why_team_text":"","why_service_title":"","why_service_text":"","template_catalog_visible":"0","template_catalog_title":"","template_catalog_text":"","template_catalog_categories_visible":"","demo_title":"Utw\u00f3rz wtyczk\u0119 licznika odwiedzin","demo_caption":"Skonfiguruj sw\u00f3j licznik odwiedzin i dodaj go do swojej witryny Squarespace za darmo!","default_faq_hidden":"","app_template_category":[],"platform":"7588","template_public_id":"","codecanyon_url":"","codecanyon_item_id":"","codecanyon_price":"","pricing_caption":"","pricing_elfsight_apps_hide_column":"","pricing_elfsight_apps_url":"","pricing_codecanyon_price_caption":"","integration_category":[],"integration_request_title":"","integration_request_cta":"","integration_platform":"","integrations":[],"platform_category":[],"video_schema_markup":"","price":"od 0 USD \/ miesi\u0105c","trial":"","benefits":[{"text":"Bezp\u0142atna pomoc w monta\u017cu"},{"text":"Wsparcie premium"},{"text":"Skuteczna obs\u0142uga klienta"}],"button_url":"#demo","button_target_blank":"0","button_nofollow":"0","attributes":[{"name":"Instaluje"},{"name":"Czu\u0142y"},{"name":"Kompatybilne przegl\u0105darki"}],"tags":[],"tags_disable_links":"0","hide_more_platforms":"0","video_object":"","demo_hide_cta":"0","demo_hide_cloud_options":"0","pricing_title":"","pricing":[{"pricing_icon":"platform","pricing_title":"Elfsight Apps","pricing_title_caption":"Rozwi\u0105zanie wieloplatformowe, kt\u00f3re dzia\u0142a na dowolnej witrynie","pricing_price":"od 0 USD \/ miesi\u0105c","pricing_price_caption":"zacznij od bezp\u0142atnego planu","pricing_benefits":[{"text":"Nielimitowane domeny"},{"text":"Profesjonalna i terminowa pomoc oraz dobrze udokumentowana"},{"text":"Bezp\u0142atne wsparcie przy instalacji"},{"text":"100% konfigurowalny"}],"pricing_button_text":"Dodaj do witryny","pricing_button_url":"#demo"}],"related_apps_title":"","related_apps_hidden":"0","author":"","image":[],"title":"","job":"","social_networks":[]},"_links":{"self":[{"href":"https:\/\/elfsight.com\/pl\/wp-json\/wp\/v2\/pages\/7221","targetHints":{"allow":["GET"]}}],"collection":[{"href":"https:\/\/elfsight.com\/pl\/wp-json\/wp\/v2\/pages"}],"about":[{"href":"https:\/\/elfsight.com\/pl\/wp-json\/wp\/v2\/types\/page"}],"author":[{"embeddable":true,"href":"https:\/\/elfsight.com\/pl\/wp-json\/wp\/v2\/users\/9"}],"replies":[{"embeddable":true,"href":"https:\/\/elfsight.com\/pl\/wp-json\/wp\/v2\/comments?post=7221"}],"version-history":[{"count":2,"href":"https:\/\/elfsight.com\/pl\/wp-json\/wp\/v2\/pages\/7221\/revisions"}],"predecessor-version":[{"id":8113,"href":"https:\/\/elfsight.com\/pl\/wp-json\/wp\/v2\/pages\/7221\/revisions\/8113"}],"up":[{"embeddable":true,"href":"https:\/\/elfsight.com\/pl\/wp-json\/wp\/v2\/pages\/3407"}],"wp:attachment":[{"href":"https:\/\/elfsight.com\/pl\/wp-json\/wp\/v2\/media?parent=7221"}],"curies":[{"name":"wp","href":"https:\/\/api.w.org\/{rel}","templated":true}]}}