{"id":7216,"date":"1970-01-01T00:00:00","date_gmt":"1970-01-01T00:00:00","guid":{"rendered":"https:\/\/elfsight.com\/pl\/?page_id=7216"},"modified":"2024-11-14T08:55:57","modified_gmt":"2024-11-14T08:55:57","slug":"webflow","status":"publish","type":"page","link":"https:\/\/elfsight.com\/pl\/visitor-counter-widget\/webflow\/","title":{"rendered":"Visitor Counter &#8211; Webflow"},"content":{"rendered":"<div class=\"application-platform-content-item-description application-platform-content-item\" id=\"description\" data-nav-section=\"description\"> <h2>Osad\u017a licznik odwiedzin w Webflow za pomoc\u0105 wid\u017cetu Elfsight<\/h2> <p> Licznik go\u015bci w Webflow to nieskomplikowany wid\u017cet, kt\u00f3ry pozwala monitorowa\u0107 Twoje ilo\u015b\u0107 odwiedzaj\u0105cych i najpopularniejsze strony przegl\u0105dane w danym okresie. Niezb\u0119dne statystyki mo\u017cna teraz wygodnie \u015bledzi\u0107 bez dodatkowych umiej\u0119tno\u015bci kodowania lub analityki danych. Korzystaj\u0105c z niego, mo\u017cesz \u0142atwo zapewni\u0107 widzom, \u017ce jeste\u015b szanowan\u0105 firm\u0105 i masz znacznie wi\u0119cej potencjalnych klient\u00f3w. Dzi\u0119ki naszym stylowym mo\u017cliwo\u015bciom i por\u0119cznym uk\u0142adom dostosowanym do potrzeb u\u017cytkownika mo\u017cesz zintegrowa\u0107 wid\u017cet ze swoj\u0105 witryn\u0105 internetow\u0105 w ci\u0105gu zaledwie kilku sekund. <\/p> <p><b>Wypr\u00f3buj licznik odwiedzin, aby opracowa\u0107 taktyk\u0119 handlu elektronicznego i \u0142atwiej osi\u0105gn\u0105\u0107 szczyty biznesowe! <\/b><\/p><\/div> <div class=\"application-platform-content-item-features application-platform-content-item\" id=\"features\" data-nav-section=\"features\"> <h2>Znajd\u017a poni\u017cej podstawowe cechy wid\u017cetu: <\/h2> <ul><li>Prosty w u\u017cyciu bez profesjonalnej wiedzy o danych wymagana analityka i kodowanie<\/li><li>Du\u017ca r\u00f3\u017cnorodno\u015b\u0107 przedzia\u0142\u00f3w czasowych do monitorowania wska\u017anik\u00f3w<\/li><li>Praktyczne uk\u0142ady do wygodnego organizowania wszystkich wska\u017anik\u00f3w <\/li><li>Jasne, ciemne i Konfigurowalne schematy kolor\u00f3w umo\u017cliwiaj\u0105ce dostosowanie narz\u0119dzia <\/li><li>Skonfiguruj rozmiar i wag\u0119 czcionki <\/li><li>\u0141atwe do utworzenia nawet dla u\u017cytkownik\u00f3w nietechnicznych <\/li><\/ul><p><a href=\"#demo\">Przetestuj wszystkie ustawienia w pe\u0142nej wersji demonstracyjnej<\/a><\/p> <\/div> <div class=\"application-platform-content-item-installation application-platform-content-item\" id=\"installation\" data-nav-section=\"installation\"> <h2>Jak osadzi\u0107 wtyczk\u0119 licznika odwiedzin w mojej witrynie Webflow? <\/h2> <div class=\"video-container\"><iframe width=\"720\" height=\"405\" src=\"https:\/\/www.youtube.com\/embed\/i0J9ZZ-Vgtw\" frameborder=\"0\" allowfullscreen=\"\"><\/iframe><\/div><p>Wystarczy wykona\u0107 poni\u017csze wskaz\u00f3wki, aby osadzi\u0107 wid\u017cet: <\/p> <ol><li><b>Skorzystaj z naszego bezp\u0142atnego konfiguratora i zacznij tworzy\u0107 w\u0142asne wid\u017cet. <\/b><br> Okre\u015bl preferowany interfejs i opcje wid\u017cetu i zastosuj modyfikacje. <\/li> <li><b>Zdob\u0105d\u017a kod osobisty, kt\u00f3ry pojawia si\u0119 w specjalnym formularzu w aplikacjach Elfsight. <\/b><br> Zaraz po zako\u0144czeniu generowania narz\u0119dzia skopiuj indywidualny kod w wy\u015bwietlonym oknie i zapisz go do p\u00f3\u017aniejszego wykorzystania. <\/li> <li><b>Rozpocznij korzystanie z narz\u0119dzia na swojej stronie internetowej Webflow. <\/b><br> Wprowad\u017a kod, kt\u00f3ry ostatnio zapisa\u0142e\u015b na swojej stronie i zastosuj poprawki. <\/li> <li><b>Gotowe! Osadzanie zosta\u0142o w pe\u0142ni zako\u0144czone. <\/b><br> Przejd\u017a na swoj\u0105 stron\u0119 i sprawd\u017a dzia\u0142anie widgetu. <\/li><\/ol> <p>Je\u015bli napotkasz jakiekolwiek trudno\u015bci, nie wahaj si\u0119 zwr\u00f3ci\u0107 do naszego zespo\u0142u wsparcia. Nasi specjali\u015bci ch\u0119tnie odpowiedz\u0105 na wszystkie pytania dotycz\u0105ce widgetu. <\/p> <div class=\"faq\" data-component=\"FAQ\"><div class=\"faq-item\">\r\n\t\t\t\t\t<div class=\"faq-item-question\">\r\n\t\t\t\t\t\t<h3 class=\"faq-item-question-text\">Czy istnieje mo\u017cliwo\u015b\u0107 dodania Licznika Odwiedzaj\u0105cych do mojej witryny Webflow bez znajomo\u015bci kodowania?<\/h3>\r\n\r\n\t\t\t\t\t\t<div class=\"faq-item-question-icon\"><\/div>\r\n\t\t\t\t\t<\/div>\r\n\r\n\t\t\t\t\t<div class=\"faq-item-answer\">\r\n\t\t\t\t\t\t<div class=\"faq-item-answer-text\"> <p>Firma Elfsight wprowadza rozwi\u0105zanie, kt\u00f3re umo\u017cliwia szerokiemu gronu odbiorc\u00f3w samodzielne utworzenie wid\u017cetu Licznika Odwiedzaj\u0105cych, poznaj proste kroki: Przejd\u017a do edytora online, aby utworzy\u0107 wtyczk\u0119 licznika odwiedzin, kt\u00f3r\u0105 chcesz uwzgl\u0119dni\u0107 w swoim przep\u0142ywie sieciowym. Zdecyduj si\u0119 na jeden z gotowych szablon\u00f3w i dostosuj ustawienia Licznika Odwiedzaj\u0105cych, dodaj swoj\u0105 tre\u015b\u0107, zmie\u0144 uk\u0142ad i kolor element\u00f3w bez \u017cadnego kodowania. Zapisz licznik odwiedzin i uzyskaj kod instalacyjny wtyczki, kt\u00f3ry mo\u017cesz po prostu wklei\u0107 na stronie g\u0142\u00f3wnej Webflow, bez konieczno\u015bci zakupu p\u0142atnej subskrypcji. Za pomoc\u0105 prostego w obs\u0142udze konfiguratora ka\u017cdy internauta mo\u017ce za\u0142o\u017cy\u0107 aplikacj\u0119 Licznik odwiedzin on-line i \u0142atwo wklei\u0107 j\u0105 na stron\u0119 g\u0142\u00f3wn\u0105 Webflow. Aby wej\u015b\u0107 do Edytora, nie wolno p\u0142aci\u0107 ani ujawnia\u0107 danych uwierzytelniaj\u0105cych karty. Je\u015bli na kt\u00f3rymkolwiek etapie napotkasz jakiekolwiek przeszkody, skontaktuj si\u0119 z naszym personelem pomocy technicznej.<\/p> <\/div>\r\n\t\t\t\t\t<\/div>\r\n\t\t\t\t<\/div> <\/div><\/div>","protected":false},"excerpt":{"rendered":"","protected":false},"author":9,"featured_media":0,"parent":3407,"menu_order":0,"comment_status":"closed","ping_status":"closed","template":"templates\/template-application-platform.php","meta":{"publish_to_discourse":"","publish_post_category":"","wpdc_auto_publish_overridden":"","wpdc_topic_tags":"","wpdc_pin_topic":"","wpdc_pin_until":"","discourse_post_id":"","discourse_permalink":"","wpdc_publishing_response":"","wpdc_publishing_error":"","footnotes":""},"class_list":["post-7216","page","type-page","status-publish","hentry"],"yoast_head":"<!-- This site is optimized with the Yoast SEO plugin v25.3.1 - https:\/\/yoast.com\/wordpress\/plugins\/seo\/ -->\n<title>Utw\u00f3rz najlepszy wid\u017cet licznika odwiedzin na stronie internetowej Webflow (szybko i za darmo)<\/title>\n<meta name=\"description\" content=\"Stworzenie najlepszego wid\u017cetu do \u015bledzenia odwiedzaj\u0105cych i dodanie go do swojej witryny jest maksymalnie \u0142atwe. Obs\u0142uga klienta Elfsight jest bezp\u0142atna.\" \/>\n<meta name=\"robots\" content=\"index, follow, max-snippet:-1, max-image-preview:large, max-video-preview:-1\" \/>\n<link rel=\"canonical\" href=\"https:\/\/elfsight.com\/pl\/visitor-counter-widget\/webflow\/\" \/>\n<meta property=\"og:locale\" content=\"pl_PL\" \/>\n<meta property=\"og:type\" content=\"article\" \/>\n<meta property=\"og:title\" content=\"Utw\u00f3rz najlepszy wid\u017cet licznika odwiedzin na stronie internetowej Webflow (szybko i za darmo)\" \/>\n<meta property=\"og:description\" content=\"Stworzenie najlepszego wid\u017cetu do \u015bledzenia odwiedzaj\u0105cych i dodanie go do swojej witryny jest maksymalnie \u0142atwe. Obs\u0142uga klienta Elfsight jest bezp\u0142atna.\" \/>\n<meta property=\"og:url\" content=\"https:\/\/elfsight.com\/pl\/visitor-counter-widget\/webflow\/\" \/>\n<meta property=\"og:site_name\" content=\"Elfsight PL\" \/>\n<meta property=\"article:modified_time\" content=\"2024-11-14T08:55:57+00:00\" \/>\n<meta name=\"twitter:card\" content=\"summary_large_image\" \/>\n<meta name=\"twitter:label1\" content=\"Szacowany czas czytania\" \/>\n\t<meta name=\"twitter:data1\" content=\"3 minuty\" \/>\n<!-- \/ Yoast SEO plugin. -->","yoast_head_json":{"title":"Utw\u00f3rz najlepszy wid\u017cet licznika odwiedzin na stronie internetowej Webflow (szybko i za darmo)","description":"Stworzenie najlepszego wid\u017cetu do \u015bledzenia odwiedzaj\u0105cych i dodanie go do swojej witryny jest maksymalnie \u0142atwe. Obs\u0142uga klienta Elfsight jest bezp\u0142atna.","robots":{"index":"index","follow":"follow","max-snippet":"max-snippet:-1","max-image-preview":"max-image-preview:large","max-video-preview":"max-video-preview:-1"},"canonical":"https:\/\/elfsight.com\/pl\/visitor-counter-widget\/webflow\/","og_locale":"pl_PL","og_type":"article","og_title":"Utw\u00f3rz najlepszy wid\u017cet licznika odwiedzin na stronie internetowej Webflow (szybko i za darmo)","og_description":"Stworzenie najlepszego wid\u017cetu do \u015bledzenia odwiedzaj\u0105cych i dodanie go do swojej witryny jest maksymalnie \u0142atwe. Obs\u0142uga klienta Elfsight jest bezp\u0142atna.","og_url":"https:\/\/elfsight.com\/pl\/visitor-counter-widget\/webflow\/","og_site_name":"Elfsight PL","article_modified_time":"2024-11-14T08:55:57+00:00","twitter_card":"summary_large_image","twitter_misc":{"Szacowany czas czytania":"3 minuty"},"schema":{"@context":"https:\/\/schema.org","@graph":[{"@type":"WebPage","@id":"https:\/\/elfsight.com\/pl\/visitor-counter-widget\/webflow\/","url":"https:\/\/elfsight.com\/pl\/visitor-counter-widget\/webflow\/","name":"Utw\u00f3rz najlepszy wid\u017cet licznika odwiedzin na stronie internetowej Webflow (szybko i za darmo)","isPartOf":{"@id":"https:\/\/elfsight.com\/pl\/#website"},"datePublished":"1970-01-01T00:00:00+00:00","dateModified":"2024-11-14T08:55:57+00:00","description":"Stworzenie najlepszego wid\u017cetu do \u015bledzenia odwiedzaj\u0105cych i dodanie go do swojej witryny jest maksymalnie \u0142atwe. Obs\u0142uga klienta Elfsight jest bezp\u0142atna.","breadcrumb":{"@id":"https:\/\/elfsight.com\/pl\/visitor-counter-widget\/webflow\/#breadcrumb"},"inLanguage":"pl-PL","potentialAction":[{"@type":"ReadAction","target":["https:\/\/elfsight.com\/pl\/visitor-counter-widget\/webflow\/"]}]},{"@type":"BreadcrumbList","@id":"https:\/\/elfsight.com\/pl\/visitor-counter-widget\/webflow\/#breadcrumb","itemListElement":[{"@type":"ListItem","position":1,"name":"Home","item":"https:\/\/elfsight.com\/pl\/"},{"@type":"ListItem","position":2,"name":"Visitor Counter","item":"https:\/\/elfsight.com\/pl\/visitor-counter-widget\/"},{"@type":"ListItem","position":3,"name":"Visitor Counter &#8211; Webflow"}]},{"@type":"WebSite","@id":"https:\/\/elfsight.com\/pl\/#website","url":"https:\/\/elfsight.com\/pl\/","name":"Elfsight PL","description":"Just another Elfsight Sites site","potentialAction":[{"@type":"SearchAction","target":{"@type":"EntryPoint","urlTemplate":"https:\/\/elfsight.com\/pl\/?s={search_term_string}"},"query-input":{"@type":"PropertyValueSpecification","valueRequired":true,"valueName":"search_term_string"}}],"inLanguage":"pl-PL"}]}},"meta_box":{"industry":"","seo_heading":"","heading":"","description":"","cta_heading":"","cta_description":"","application":"3357","h1":"Wid\u017cet licznika odwiedzin Webflow","h1_caption":"Poka\u017c liczb\u0119 odwiedzaj\u0105cych Twoj\u0105 witryn\u0119 za pomoc\u0105 licznika odwiedzin na \u017cywo, co bez wysi\u0142ku zwi\u0119kszy wiarygodno\u015b\u0107 Twojej witryny w witrynie Webflow.","application_category":[],"applications_title":"","applications_request_title":"","applications_request_button_text":"","hero_text":"","hero_video":"","hero_video_schema_markup":"","selling_points_title":"","selling_points_caption":"","selling_points":[],"selling_points_cta_text":"","features_title":"","features":"","ed_cta_examples_text":"","ed_cta_examples_hidden":"","ed_cta_demo_text":"","ed_cta_demo_hidden":"","why_caption":"","why_editor_title":"","why_editor_text":"","why_team_title":"","why_team_text":"","why_service_title":"","why_service_text":"","template_catalog_visible":"","template_catalog_title":"","template_catalog_text":"","template_catalog_categories_visible":"","demo_title":"Utw\u00f3rz wid\u017cet Licznika Odwiedzaj\u0105cych","demo_caption":"Skonfiguruj sw\u00f3j licznik odwiedzin i dodaj go za darmo do swojej witryny Webflow!","default_faq_hidden":"","app_template_category":[],"platform":"127","template_public_id":"","codecanyon_url":"","codecanyon_item_id":"","codecanyon_price":"","pricing_caption":"","pricing_elfsight_apps_hide_column":"","pricing_elfsight_apps_url":"","pricing_codecanyon_price_caption":"","integration_category":[],"integration_request_title":"","integration_request_cta":"","integration_platform":"","integrations":[],"platform_category":[],"video_schema_markup":"","price":"od 0 USD \/ miesi\u0105c","trial":"","benefits":[{"text":"Bezp\u0142atna us\u0142uga monta\u017cu"},{"text":"Skuteczna obs\u0142uga klienta"},{"text":"14-dniowa gwarancja zwrotu pieni\u0119dzy"}],"button_url":"#demo","button_target_blank":"","button_nofollow":"","attributes":[{"name":"Instaluje"},{"name":"Czu\u0142y"},{"name":"Kompatybilne przegl\u0105darki"}],"tags":[],"tags_disable_links":"","hide_more_platforms":"","video_object":"","demo_hide_cta":"","demo_hide_cloud_options":"","pricing_title":"","pricing":[{"pricing_icon":"platform","pricing_title":"Elfsight Apps","pricing_title_caption":"Oprogramowanie wieloplatformowe, kt\u00f3re dzia\u0142a na dowolnej stronie internetowej","pricing_price":"od 0 USD \/ miesi\u0105c","pricing_price_caption":"zacznij od bezp\u0142atnego planu","pricing_benefits":[{"text":"Nielimitowane domeny"},{"text":"Profesjonalne wsparcie"},{"text":"Bezp\u0142atna pomoc w instalacji"},{"text":"Specjalna oferta na wiele aplikacji"}],"pricing_button_text":"Dodaj do witryny","pricing_button_url":"#demo"}],"related_apps_title":"","related_apps_hidden":"","author":"","image":[],"title":"","job":"","social_networks":[]},"_links":{"self":[{"href":"https:\/\/elfsight.com\/pl\/wp-json\/wp\/v2\/pages\/7216","targetHints":{"allow":["GET"]}}],"collection":[{"href":"https:\/\/elfsight.com\/pl\/wp-json\/wp\/v2\/pages"}],"about":[{"href":"https:\/\/elfsight.com\/pl\/wp-json\/wp\/v2\/types\/page"}],"author":[{"embeddable":true,"href":"https:\/\/elfsight.com\/pl\/wp-json\/wp\/v2\/users\/9"}],"replies":[{"embeddable":true,"href":"https:\/\/elfsight.com\/pl\/wp-json\/wp\/v2\/comments?post=7216"}],"version-history":[{"count":2,"href":"https:\/\/elfsight.com\/pl\/wp-json\/wp\/v2\/pages\/7216\/revisions"}],"predecessor-version":[{"id":8112,"href":"https:\/\/elfsight.com\/pl\/wp-json\/wp\/v2\/pages\/7216\/revisions\/8112"}],"up":[{"embeddable":true,"href":"https:\/\/elfsight.com\/pl\/wp-json\/wp\/v2\/pages\/3407"}],"wp:attachment":[{"href":"https:\/\/elfsight.com\/pl\/wp-json\/wp\/v2\/media?parent=7216"}],"curies":[{"name":"wp","href":"https:\/\/api.w.org\/{rel}","templated":true}]}}