{"id":7214,"date":"1970-01-01T00:00:00","date_gmt":"1970-01-01T00:00:00","guid":{"rendered":"https:\/\/elfsight.com\/pl\/?page_id=7214"},"modified":"2024-11-14T08:55:57","modified_gmt":"2024-11-14T08:55:57","slug":"weebly","status":"publish","type":"page","link":"https:\/\/elfsight.com\/pl\/visitor-counter-widget\/weebly\/","title":{"rendered":"Visitor Counter &#8211; Weebly"},"content":{"rendered":"<div class=\"application-platform-content-item-description application-platform-content-item\" id=\"description\" data-nav-section=\"description\"> <h2>Opis<\/h2> <p> Licznik odwiedzin dla Weebly to przydatna aplikacja, kt\u00f3ra pozwala monitorowa\u0107 liczb\u0119 odwiedzaj\u0105cych i najpopularniejsze strony przegl\u0105dane w okre\u015blonym przedziale czasu. Niezb\u0119dne metryki mo\u017cna teraz \u0142atwo analizowa\u0107 bez znajomo\u015bci kodowania i analityki danych. Poza tym, korzystaj\u0105c z niego, mo\u017cesz \u0142atwo zapewni\u0107 odbiorcom, \u017ce jeste\u015b wiarygodn\u0105 firm\u0105 i zyska\u0107 wi\u0119cej nowych klient\u00f3w lub subskrybent\u00f3w. Dzi\u0119ki naszym konfigurowalnym, stylowym opcjom i por\u0119cznym uk\u0142adom mo\u017cesz utworzy\u0107 wid\u017cet dla swojej witryny za pomoc\u0105 kilku klikni\u0119\u0107. <\/p> <p><b>Ulepsz swoj\u0105 strategi\u0119 e-commerce i zdob\u0105d\u017a wi\u0119cej klient\u00f3w dzi\u0119ki licznikowi odwiedzin! <\/b><\/p><\/div> <div class=\"application-platform-content-item-features application-platform-content-item\" id=\"features\" data-nav-section=\"features\"> <h2>Poni\u017cej znajduj\u0105 si\u0119 podstawowe funkcje aplikacji: <\/h2> <ul><li>\u0141atwe zarz\u0105dzanie bez profesjonalnych kompetencji w zakresie danych wymagana analityka i kodowanie<\/li><li>Szeroki wyb\u00f3r przedzia\u0142\u00f3w czasowych do \u015bledzenia wska\u017anik\u00f3w<\/li><li>Praktyczne uk\u0142ady do wygodnego zarz\u0105dzania wszystkimi wska\u017anikami <\/li><li>Jasne, ciemne i Konfigurowalne schematy kolor\u00f3w umo\u017cliwiaj\u0105ce dostosowanie narz\u0119dzia <\/li><li>Skonfiguruj rozmiar i wag\u0119 czcionki <\/li><li> \u0141atwe tworzenie nawet bez umiej\u0119tno\u015bci kodowania <\/li><\/ul><p><a href=\" #demo\">Wypr\u00f3buj wszystkie ustawienia w 100% funkcjonalnej wersji demonstracyjnej<\/a><\/p> <\/div> <div class=\"application-platform-content-item-installation application-platform-content-item\" id=\"installation\" data-nav-section=\"installation\"> <h2>Jak doda\u0107 licznik odwiedzin na mojej stronie internetowej Weebly? <\/h2> <div class=\"video-container\"><iframe width=\"720\" height=\"405\" src=\"https:\/\/www.youtube.com\/embed\/VgR9wn35uRY\" frameborder=\"0\" allowfullscreen=\"\"><\/iframe><\/div><p>Wystarczy wykona\u0107 kilka krok\u00f3w opisanych poni\u017cej, aby rozpocz\u0105\u0107 prac\u0119 z aplikacj\u0105: <\/p> <ol><li><b>Otw\u00f3rz nasz bezp\u0142atny konfigurator i zacznij tworzy\u0107 w\u0142asn\u0105 aplikacj\u0119 . <\/b><br> Wybierz preferowany interfejs i cechy funkcjonalne aplikacji i zapisz wszystkie poprawki. <\/li> <li><b>Odbierz sw\u00f3j osobisty kod widoczny w pude\u0142ku w aplikacjach Elfsight. <\/b><br> Zaraz po wygenerowaniu aplikacji osobistej skopiuj indywidualny kod z wyskakuj\u0105cego okienka i zachowaj go do p\u00f3\u017aniejszego wykorzystania. <\/li> <li><b>Rozpocznij korzystanie z aplikacji w witrynie Weebly. <\/b><br> Wstaw ostatnio zapisany kod na swoj\u0105 stron\u0119 internetow\u0105 i zapisz zmiany. <\/li> <li><b>Instalacja zosta\u0142a pomy\u015blnie uko\u0144czona. <\/b><br> Otw\u00f3rz swoj\u0105 stron\u0119 internetow\u0105, aby sprawdzi\u0107 dzia\u0142anie aplikacji. <\/li><\/ol><p>Je\u015bli masz do czynienia z pytaniami lub napotykasz jakiekolwiek trudno\u015bci, nie wahaj si\u0119 zg\u0142osi\u0107 do naszego zespo\u0142u obs\u0142ugi klienta. Nasi ludzie ch\u0119tnie odpowiedz\u0105 na wszystkie pytania dotycz\u0105ce widgetu. <\/p> <div class=\"faq\" data-component=\"FAQ\"><div class=\"faq-item\">\r\n\t\t\t\t\t<div class=\"faq-item-question\">\r\n\t\t\t\t\t\t<h3 class=\"faq-item-question-text\">Czy istnieje mo\u017cliwo\u015b\u0107 osadzenia Licznika Odwiedzin w mojej witrynie Weebly bez kodowania?<\/h3>\r\n\r\n\t\t\t\t\t\t<div class=\"faq-item-question-icon\"><\/div>\r\n\t\t\t\t\t<\/div>\r\n\r\n\t\t\t\t\t<div class=\"faq-item-answer\">\r\n\t\t\t\t\t\t<div class=\"faq-item-answer-text\"> <p>Firma Elfsight dostarcza rozwi\u0105zanie SaaS, kt\u00f3re pozwala u\u017cytkownikom samodzielnie utworzy\u0107 sekcj\u0119 Licznika Odwiedzaj\u0105cych, odkryj proste instrukcje: Przejd\u017a do edytora na \u017cywo, aby wygenerowa\u0107 wtyczk\u0119 licznika odwiedzin, kt\u00f3r\u0105 chcesz zobaczy\u0107 na stronie g\u0142\u00f3wnej Weebly. Wybierz jeden z naszych gotowych szablon\u00f3w i zmie\u0144 ustawienia Licznika Odwiedzin, zmie\u0144 uk\u0142ad i kolor element\u00f3w, dodaj swoj\u0105 tre\u015b\u0107, bez znajomo\u015bci kodowania. Kliknij, aby zapisa\u0107 licznik odwiedzin i uzyska\u0107 kod instalacyjny, kt\u00f3ry mo\u017cesz bezp\u0142atnie osadzi\u0107 na dowolnej stronie internetowej Weebly. Korzystaj\u0105c z naszego intuicyjnego konfiguratora, ka\u017cdy u\u017cytkownik Internetu mo\u017ce utworzy\u0107 wtyczk\u0119 licznika odwiedzin i umie\u015bci\u0107 j\u0105 na swojej stronie g\u0142\u00f3wnej Weebly. Aby uzyska\u0107 dost\u0119p do us\u0142ugi, nie trzeba p\u0142aci\u0107 ani wprowadza\u0107 danych uwierzytelniaj\u0105cych karty. Je\u015bli napotkasz jakiekolwiek problemy, nie wahaj si\u0119 skontaktowa\u0107 z naszym zespo\u0142em pomocy technicznej.<\/p> <\/div>\r\n\t\t\t\t\t<\/div>\r\n\t\t\t\t<\/div> <\/div><\/div>","protected":false},"excerpt":{"rendered":"","protected":false},"author":9,"featured_media":0,"parent":3407,"menu_order":0,"comment_status":"closed","ping_status":"closed","template":"templates\/template-application-platform.php","meta":{"publish_to_discourse":"","publish_post_category":"","wpdc_auto_publish_overridden":"","wpdc_topic_tags":"","wpdc_pin_topic":"","wpdc_pin_until":"","discourse_post_id":"","discourse_permalink":"","wpdc_publishing_response":"","wpdc_publishing_error":"","footnotes":""},"class_list":["post-7214","page","type-page","status-publish","hentry"],"yoast_head":"<!-- This site is optimized with the Yoast SEO plugin v25.3.1 - https:\/\/yoast.com\/wordpress\/plugins\/seo\/ -->\n<title>Aplikacja Licznik odwiedzin na stronie Weebly (szybka i bezp\u0142atna)<\/title>\n<meta name=\"description\" content=\"Wy\u015bwietl najlepsz\u0105 wtyczk\u0119 licznika odwiedzin na swojej stronie internetowej Weebly. Poznaj nasz interaktywny edytor i stw\u00f3rz osobisty wid\u017cet licznika trafie\u0144 w zaledwie 1 minut\u0119.\" \/>\n<meta name=\"robots\" content=\"index, follow, max-snippet:-1, max-image-preview:large, max-video-preview:-1\" \/>\n<link rel=\"canonical\" href=\"https:\/\/elfsight.com\/pl\/visitor-counter-widget\/weebly\/\" \/>\n<meta property=\"og:locale\" content=\"pl_PL\" \/>\n<meta property=\"og:type\" content=\"article\" \/>\n<meta property=\"og:title\" content=\"Aplikacja Licznik odwiedzin na stronie Weebly (szybka i bezp\u0142atna)\" \/>\n<meta property=\"og:description\" content=\"Wy\u015bwietl najlepsz\u0105 wtyczk\u0119 licznika odwiedzin na swojej stronie internetowej Weebly. Poznaj nasz interaktywny edytor i stw\u00f3rz osobisty wid\u017cet licznika trafie\u0144 w zaledwie 1 minut\u0119.\" \/>\n<meta property=\"og:url\" content=\"https:\/\/elfsight.com\/pl\/visitor-counter-widget\/weebly\/\" \/>\n<meta property=\"og:site_name\" content=\"Elfsight PL\" \/>\n<meta property=\"article:modified_time\" content=\"2024-11-14T08:55:57+00:00\" \/>\n<meta name=\"twitter:card\" content=\"summary_large_image\" \/>\n<meta name=\"twitter:label1\" content=\"Szacowany czas czytania\" \/>\n\t<meta name=\"twitter:data1\" content=\"3 minuty\" \/>\n<!-- \/ Yoast SEO plugin. -->","yoast_head_json":{"title":"Aplikacja Licznik odwiedzin na stronie Weebly (szybka i bezp\u0142atna)","description":"Wy\u015bwietl najlepsz\u0105 wtyczk\u0119 licznika odwiedzin na swojej stronie internetowej Weebly. Poznaj nasz interaktywny edytor i stw\u00f3rz osobisty wid\u017cet licznika trafie\u0144 w zaledwie 1 minut\u0119.","robots":{"index":"index","follow":"follow","max-snippet":"max-snippet:-1","max-image-preview":"max-image-preview:large","max-video-preview":"max-video-preview:-1"},"canonical":"https:\/\/elfsight.com\/pl\/visitor-counter-widget\/weebly\/","og_locale":"pl_PL","og_type":"article","og_title":"Aplikacja Licznik odwiedzin na stronie Weebly (szybka i bezp\u0142atna)","og_description":"Wy\u015bwietl najlepsz\u0105 wtyczk\u0119 licznika odwiedzin na swojej stronie internetowej Weebly. Poznaj nasz interaktywny edytor i stw\u00f3rz osobisty wid\u017cet licznika trafie\u0144 w zaledwie 1 minut\u0119.","og_url":"https:\/\/elfsight.com\/pl\/visitor-counter-widget\/weebly\/","og_site_name":"Elfsight PL","article_modified_time":"2024-11-14T08:55:57+00:00","twitter_card":"summary_large_image","twitter_misc":{"Szacowany czas czytania":"3 minuty"},"schema":{"@context":"https:\/\/schema.org","@graph":[{"@type":"WebPage","@id":"https:\/\/elfsight.com\/pl\/visitor-counter-widget\/weebly\/","url":"https:\/\/elfsight.com\/pl\/visitor-counter-widget\/weebly\/","name":"Aplikacja Licznik odwiedzin na stronie Weebly (szybka i bezp\u0142atna)","isPartOf":{"@id":"https:\/\/elfsight.com\/pl\/#website"},"datePublished":"1970-01-01T00:00:00+00:00","dateModified":"2024-11-14T08:55:57+00:00","description":"Wy\u015bwietl najlepsz\u0105 wtyczk\u0119 licznika odwiedzin na swojej stronie internetowej Weebly. Poznaj nasz interaktywny edytor i stw\u00f3rz osobisty wid\u017cet licznika trafie\u0144 w zaledwie 1 minut\u0119.","breadcrumb":{"@id":"https:\/\/elfsight.com\/pl\/visitor-counter-widget\/weebly\/#breadcrumb"},"inLanguage":"pl-PL","potentialAction":[{"@type":"ReadAction","target":["https:\/\/elfsight.com\/pl\/visitor-counter-widget\/weebly\/"]}]},{"@type":"BreadcrumbList","@id":"https:\/\/elfsight.com\/pl\/visitor-counter-widget\/weebly\/#breadcrumb","itemListElement":[{"@type":"ListItem","position":1,"name":"Home","item":"https:\/\/elfsight.com\/pl\/"},{"@type":"ListItem","position":2,"name":"Visitor Counter","item":"https:\/\/elfsight.com\/pl\/visitor-counter-widget\/"},{"@type":"ListItem","position":3,"name":"Visitor Counter &#8211; Weebly"}]},{"@type":"WebSite","@id":"https:\/\/elfsight.com\/pl\/#website","url":"https:\/\/elfsight.com\/pl\/","name":"Elfsight PL","description":"Just another Elfsight Sites site","potentialAction":[{"@type":"SearchAction","target":{"@type":"EntryPoint","urlTemplate":"https:\/\/elfsight.com\/pl\/?s={search_term_string}"},"query-input":{"@type":"PropertyValueSpecification","valueRequired":true,"valueName":"search_term_string"}}],"inLanguage":"pl-PL"}]}},"meta_box":{"industry":"","seo_heading":"","heading":"","description":"","cta_heading":"","cta_description":"","application":"3357","h1":"Aplikacja Weebly do liczenia odwiedzin","h1_caption":"Poka\u017c liczb\u0119 odwiedzaj\u0105cych Twoj\u0105 witryn\u0119 za pomoc\u0105 licznika odwiedzaj\u0105cych na \u017cywo, co bez wysi\u0142ku zwi\u0119kszy wiarygodno\u015b\u0107 Twojej witryny w witrynie Weebly.","application_category":[],"applications_title":"","applications_request_title":"","applications_request_button_text":"","hero_text":"","hero_video":"","hero_video_schema_markup":"","selling_points_title":"","selling_points_caption":"","selling_points":[],"selling_points_cta_text":"","features_title":"","features":"","ed_cta_examples_text":"","ed_cta_examples_hidden":"","ed_cta_demo_text":"","ed_cta_demo_hidden":"","why_caption":"","why_editor_title":"","why_editor_text":"","why_team_title":"","why_team_text":"","why_service_title":"","why_service_text":"","template_catalog_visible":"","template_catalog_title":"","template_catalog_text":"","template_catalog_categories_visible":"","demo_title":"Utw\u00f3rz aplikacj\u0119 Licznik odwiedzin","demo_caption":"Skonfiguruj sw\u00f3j licznik odwiedzin i dodaj go do swojej witryny Weebly za darmo!","default_faq_hidden":"","app_template_category":[],"platform":"132","template_public_id":"","codecanyon_url":"","codecanyon_item_id":"","codecanyon_price":"","pricing_caption":"","pricing_elfsight_apps_hide_column":"","pricing_elfsight_apps_url":"","pricing_codecanyon_price_caption":"","integration_category":[],"integration_request_title":"","integration_request_cta":"","integration_platform":"","integrations":[],"platform_category":[],"video_schema_markup":"","price":"od 0 USD \/ miesi\u0105c","trial":"","benefits":[{"text":"Bezp\u0142atna us\u0142uga monta\u017cu"},{"text":"Wyj\u0105tkowe wsparcie"},{"text":"14-dniowa gwarancja zwrotu pieni\u0119dzy"}],"button_url":"#demo","button_target_blank":"","button_nofollow":"","attributes":[{"name":"Instaluje"},{"name":"Czu\u0142y"},{"name":"Kompatybilne przegl\u0105darki"}],"tags":[],"tags_disable_links":"","hide_more_platforms":"","video_object":"","demo_hide_cta":"","demo_hide_cloud_options":"","pricing_title":"","pricing":[{"pricing_icon":"platform","pricing_title":"Elfsight Apps","pricing_title_caption":"Wieloplatformowe rozwi\u0105zanie cyfrowe","pricing_price":"od 0 USD \/ miesi\u0105c","pricing_price_caption":"zacznij od bezp\u0142atnego planu","pricing_benefits":[{"text":"Nielimitowane domeny"},{"text":"Wsparcie premium, terminowe i dobrze udokumentowane"},{"text":"Bezp\u0142atne wsparcie przy instalacji"},{"text":"W pe\u0142ni konfigurowalny"}],"pricing_button_text":"Dodaj do witryny","pricing_button_url":"#demo"}],"related_apps_title":"","related_apps_hidden":"","author":"","image":[],"title":"","job":"","social_networks":[]},"_links":{"self":[{"href":"https:\/\/elfsight.com\/pl\/wp-json\/wp\/v2\/pages\/7214","targetHints":{"allow":["GET"]}}],"collection":[{"href":"https:\/\/elfsight.com\/pl\/wp-json\/wp\/v2\/pages"}],"about":[{"href":"https:\/\/elfsight.com\/pl\/wp-json\/wp\/v2\/types\/page"}],"author":[{"embeddable":true,"href":"https:\/\/elfsight.com\/pl\/wp-json\/wp\/v2\/users\/9"}],"replies":[{"embeddable":true,"href":"https:\/\/elfsight.com\/pl\/wp-json\/wp\/v2\/comments?post=7214"}],"version-history":[{"count":2,"href":"https:\/\/elfsight.com\/pl\/wp-json\/wp\/v2\/pages\/7214\/revisions"}],"predecessor-version":[{"id":8111,"href":"https:\/\/elfsight.com\/pl\/wp-json\/wp\/v2\/pages\/7214\/revisions\/8111"}],"up":[{"embeddable":true,"href":"https:\/\/elfsight.com\/pl\/wp-json\/wp\/v2\/pages\/3407"}],"wp:attachment":[{"href":"https:\/\/elfsight.com\/pl\/wp-json\/wp\/v2\/media?parent=7214"}],"curies":[{"name":"wp","href":"https:\/\/api.w.org\/{rel}","templated":true}]}}