{"id":7213,"date":"1970-01-01T00:00:00","date_gmt":"1970-01-01T00:00:00","guid":{"rendered":"https:\/\/elfsight.com\/pl\/?page_id=7213"},"modified":"2024-11-14T08:55:57","modified_gmt":"2024-11-14T08:55:57","slug":"wix","status":"publish","type":"page","link":"https:\/\/elfsight.com\/pl\/visitor-counter-widget\/wix\/","title":{"rendered":"Visitor Counter &#8211; Wix"},"content":{"rendered":"<div class=\"application-platform-content-item-description application-platform-content-item\" id=\"description\" data-nav-section=\"description\"><h2>Opis<\/h2> <p> Licznik odwiedzin dla Wix to nieskomplikowane narz\u0119dzie pozwalaj\u0105ce kontrolowa\u0107 liczb\u0119 odwiedzaj\u0105cych i najpopularniejsze strony ogl\u0105dane w dok\u0142adnym terminie. Niezb\u0119dne statystyki mo\u017cna teraz wygodnie sprawdza\u0107 bez specjalnych umiej\u0119tno\u015bci kodowania lub analityki danych. Poza tym mo\u017cesz \u0142atwo przekona\u0107 u\u017cytkownik\u00f3w, \u017ce jeste\u015b rzeteln\u0105 firm\u0105 i pozyska\u0107 znacznie wi\u0119cej nowych klient\u00f3w lub subskrybent\u00f3w. Dzi\u0119ki naszym konfigurowalnym, stylowym opcjom i por\u0119cznym uk\u0142adom mo\u017cesz zintegrowa\u0107 aplikacj\u0119 ze swoj\u0105 stron\u0105 jednym klikni\u0119ciem. <\/p> <p><b>Umie\u015b\u0107 licznik odwiedzin, aby ulepszy\u0107 sw\u00f3j plan e-commerce i szybciej sprosta\u0107 wyzwaniom! <\/b><\/p><\/div> <div class=\"application-platform-content-item-features application-platform-content-item\" id=\"features\" data-nav-section=\"features\"> <h2>To tylko kilka z wielu funkcji aplikacji: <\/h2> <ul><li>\u0141atwy w u\u017cyciu bez profesjonalnych umiej\u0119tno\u015bci wymagane analizy i kodowanie<\/li><li>Du\u017cy zakres okres\u00f3w czasu na sprawdzenie statystyk<\/li><li>Przydatne uk\u0142ady do praktycznego zarz\u0105dzania wszystkimi punktami <\/li><li>Jasne, ciemne i Konfigurowalne schematy kolor\u00f3w umo\u017cliwiaj\u0105ce dostosowanie narz\u0119dzia <\/li><li>Dostosuj rozmiar i wag\u0119 czcionki <\/li><li>Po prostu dodaj na stronie internetowej, nawet bez umiej\u0119tno\u015bci kodowania <\/li><\/ul><p><a href=\"#demo\">Poznaj wszystkie ustawienia w pe\u0142ni funkcjonalnej wersji demonstracyjnej<\/a><\/p> <\/div> <div class=\"application-platform-content-item-installation application-platform-content-item\" id=\"installation\" data-nav-section=\"installation\"> <h2>Jak mog\u0119 osadzi\u0107 modu\u0142 \u015bledzenia odwiedzaj\u0105cych na mojej stronie internetowej Wix? <\/h2> <div class=\"video-container\"><iframe width=\"720\" height=\"405\" src=\"https:\/\/www.youtube.com\/embed\/2Gsps851Uoo\" frameborder=\"0\" allowfullscreen=\"\"><\/iframe><\/div><p>Wystarczy wykona\u0107 kilka krok\u00f3w podanych poni\u017cej, aby aktywowa\u0107 aplikacj\u0119:<\/p> <ol><li><b>Uruchom nasz darmowy edytor i zacznij tworzy\u0107 niestandardow\u0105 aplikacj\u0119 . <\/b><br> Okre\u015bl niestandardowy interfejs i charakterystyk\u0119 aplikacji oraz zapisz zmiany. <\/li> <li><b>Wy\u015bwietl sw\u00f3j osobisty kod w polu aplikacji Elfsight. <\/b><br> Po skonfigurowaniu osobistego wid\u017cetu skopiuj indywidualny kod z wy\u015bwietlonego okna i zapisz go do wykorzystania w przysz\u0142o\u015bci. <\/li> <li><b>Rozpocznij stosowanie aplikacji na swojej stronie internetowej Wix. <\/b><br> Umie\u015b\u0107 zapisany wcze\u015bniej kod na swojej stronie internetowej i zapisz zmiany. <\/li> <li><b>Gotowe! Osadzanie zosta\u0142o w pe\u0142ni wykonane. <\/b><br> Przejd\u017a do swojej witryny, aby sprawdzi\u0107 dzia\u0142anie aplikacji. <\/li><\/ol> <p>Je\u015bli masz pytania lub napotkasz jakiekolwiek trudno\u015bci, nie wahaj si\u0119 skontaktowa\u0107 z naszym personelem pomocniczym. Nasi ludzie ch\u0119tnie pomog\u0105 Ci we wszystkich trudno\u015bciach, jakie mo\u017cesz mie\u0107 z aplikacj\u0105. <\/p> <div class=\"faq\" data-component=\"FAQ\"><div class=\"faq-item\">\r\n\t\t\t\t\t<div class=\"faq-item-question\">\r\n\t\t\t\t\t\t<h3 class=\"faq-item-question-text\">Czy istnieje mo\u017cliwo\u015b\u0107 dodania Licznika Odwiedzin do mojej strony internetowej Wix bez umiej\u0119tno\u015bci kodowania?<\/h3>\r\n\r\n\t\t\t\t\t\t<div class=\"faq-item-question-icon\"><\/div>\r\n\t\t\t\t\t<\/div>\r\n\r\n\t\t\t\t\t<div class=\"faq-item-answer\">\r\n\t\t\t\t\t\t<div class=\"faq-item-answer-text\"> <p>Elfsight dostarcza rozwi\u0105zanie SaaS, kt\u00f3re umo\u017cliwia samodzielne wygenerowanie wid\u017cetu Licznika Odwiedzin, zobacz, jak prosty jest ten proces: Przejd\u017a do edytora online, aby ustawi\u0107 wtyczk\u0119 licznika odwiedzin, kt\u00f3r\u0105 chcesz zintegrowa\u0107 ze swoj\u0105 stron\u0105 internetow\u0105 Wix. Wybierz jeden z gotowych szablon\u00f3w i zmie\u0144 ustawienia Licznika Odwiedzaj\u0105cych, zmie\u0144 uk\u0142ad i kolor element\u00f3w oraz zaktualizuj tre\u015b\u0107, nie maj\u0105c do\u015bwiadczenia w kodowaniu. Kliknij, aby zapisa\u0107 ustawienia wprowadzone w Visitor Counter i skopiuj jego kod instalacyjny, kt\u00f3ry mo\u017cesz \u0142atwo umie\u015bci\u0107 na stronie internetowej Wix bez konieczno\u015bci kupowania p\u0142atnej subskrypcji. Pracuj\u0105c w \u0142atwym w u\u017cyciu Konfiguratorze, ka\u017cdy u\u017cytkownik Internetu mo\u017ce stworzy\u0107 wtyczk\u0119 Licznika Odwiedzaj\u0105cych online i bez problemu osadzi\u0107 j\u0105 na dowolnej witrynie Wix. Aby skorzysta\u0107 z naszej us\u0142ugi, nie musisz kupowa\u0107 planu p\u0142atnego ani podawa\u0107 danych karty. Je\u015bli na kt\u00f3rymkolwiek etapie napotkasz jakiekolwiek problemy, nie wahaj si\u0119 skontaktowa\u0107 z naszym zespo\u0142em pomocy technicznej.<\/p> <\/div>\r\n\t\t\t\t\t<\/div>\r\n\t\t\t\t<\/div> <\/div><\/div><p><\/p><!-- \/wp:akapit -->","protected":false},"excerpt":{"rendered":"","protected":false},"author":9,"featured_media":0,"parent":3407,"menu_order":0,"comment_status":"closed","ping_status":"closed","template":"templates\/template-application-platform.php","meta":{"publish_to_discourse":"","publish_post_category":"","wpdc_auto_publish_overridden":"","wpdc_topic_tags":"","wpdc_pin_topic":"","wpdc_pin_until":"","discourse_post_id":"","discourse_permalink":"","wpdc_publishing_response":"","wpdc_publishing_error":"","footnotes":""},"class_list":["post-7213","page","type-page","status-publish","hentry"],"yoast_head":"<!-- This site is optimized with the Yoast SEO plugin v25.3.1 - https:\/\/yoast.com\/wordpress\/plugins\/seo\/ -->\n<title>Hit Counter \u2014 Dodaj wtyczk\u0119 licznika odwiedzin do Wix (bezp\u0142atnie i szybko)<\/title>\n<meta name=\"description\" content=\"Zaprojektuj najlepsz\u0105 aplikacj\u0119 Hit Counter i umie\u015b\u0107 j\u0105 na swojej stronie internetowej szybko i \u0142atwo. Mamy bezp\u0142atn\u0105 obs\u0142ug\u0119 klienta i inne bonusy.\" \/>\n<meta name=\"robots\" content=\"index, follow, max-snippet:-1, max-image-preview:large, max-video-preview:-1\" \/>\n<link rel=\"canonical\" href=\"https:\/\/elfsight.com\/pl\/visitor-counter-widget\/wix\/\" \/>\n<meta property=\"og:locale\" content=\"pl_PL\" \/>\n<meta property=\"og:type\" content=\"article\" \/>\n<meta property=\"og:title\" content=\"Hit Counter \u2014 Dodaj wtyczk\u0119 licznika odwiedzin do Wix (bezp\u0142atnie i szybko)\" \/>\n<meta property=\"og:description\" content=\"Zaprojektuj najlepsz\u0105 aplikacj\u0119 Hit Counter i umie\u015b\u0107 j\u0105 na swojej stronie internetowej szybko i \u0142atwo. Mamy bezp\u0142atn\u0105 obs\u0142ug\u0119 klienta i inne bonusy.\" \/>\n<meta property=\"og:url\" content=\"https:\/\/elfsight.com\/pl\/visitor-counter-widget\/wix\/\" \/>\n<meta property=\"og:site_name\" content=\"Elfsight PL\" \/>\n<meta property=\"article:modified_time\" content=\"2024-11-14T08:55:57+00:00\" \/>\n<meta name=\"twitter:card\" content=\"summary_large_image\" \/>\n<meta name=\"twitter:label1\" content=\"Szacowany czas czytania\" \/>\n\t<meta name=\"twitter:data1\" content=\"3 minuty\" \/>\n<!-- \/ Yoast SEO plugin. -->","yoast_head_json":{"title":"Hit Counter \u2014 Dodaj wtyczk\u0119 licznika odwiedzin do Wix (bezp\u0142atnie i szybko)","description":"Zaprojektuj najlepsz\u0105 aplikacj\u0119 Hit Counter i umie\u015b\u0107 j\u0105 na swojej stronie internetowej szybko i \u0142atwo. Mamy bezp\u0142atn\u0105 obs\u0142ug\u0119 klienta i inne bonusy.","robots":{"index":"index","follow":"follow","max-snippet":"max-snippet:-1","max-image-preview":"max-image-preview:large","max-video-preview":"max-video-preview:-1"},"canonical":"https:\/\/elfsight.com\/pl\/visitor-counter-widget\/wix\/","og_locale":"pl_PL","og_type":"article","og_title":"Hit Counter \u2014 Dodaj wtyczk\u0119 licznika odwiedzin do Wix (bezp\u0142atnie i szybko)","og_description":"Zaprojektuj najlepsz\u0105 aplikacj\u0119 Hit Counter i umie\u015b\u0107 j\u0105 na swojej stronie internetowej szybko i \u0142atwo. Mamy bezp\u0142atn\u0105 obs\u0142ug\u0119 klienta i inne bonusy.","og_url":"https:\/\/elfsight.com\/pl\/visitor-counter-widget\/wix\/","og_site_name":"Elfsight PL","article_modified_time":"2024-11-14T08:55:57+00:00","twitter_card":"summary_large_image","twitter_misc":{"Szacowany czas czytania":"3 minuty"},"schema":{"@context":"https:\/\/schema.org","@graph":[{"@type":"WebPage","@id":"https:\/\/elfsight.com\/pl\/visitor-counter-widget\/wix\/","url":"https:\/\/elfsight.com\/pl\/visitor-counter-widget\/wix\/","name":"Hit Counter \u2014 Dodaj wtyczk\u0119 licznika odwiedzin do Wix (bezp\u0142atnie i szybko)","isPartOf":{"@id":"https:\/\/elfsight.com\/pl\/#website"},"datePublished":"1970-01-01T00:00:00+00:00","dateModified":"2024-11-14T08:55:57+00:00","description":"Zaprojektuj najlepsz\u0105 aplikacj\u0119 Hit Counter i umie\u015b\u0107 j\u0105 na swojej stronie internetowej szybko i \u0142atwo. Mamy bezp\u0142atn\u0105 obs\u0142ug\u0119 klienta i inne bonusy.","breadcrumb":{"@id":"https:\/\/elfsight.com\/pl\/visitor-counter-widget\/wix\/#breadcrumb"},"inLanguage":"pl-PL","potentialAction":[{"@type":"ReadAction","target":["https:\/\/elfsight.com\/pl\/visitor-counter-widget\/wix\/"]}]},{"@type":"BreadcrumbList","@id":"https:\/\/elfsight.com\/pl\/visitor-counter-widget\/wix\/#breadcrumb","itemListElement":[{"@type":"ListItem","position":1,"name":"Home","item":"https:\/\/elfsight.com\/pl\/"},{"@type":"ListItem","position":2,"name":"Visitor Counter","item":"https:\/\/elfsight.com\/pl\/visitor-counter-widget\/"},{"@type":"ListItem","position":3,"name":"Visitor Counter &#8211; Wix"}]},{"@type":"WebSite","@id":"https:\/\/elfsight.com\/pl\/#website","url":"https:\/\/elfsight.com\/pl\/","name":"Elfsight PL","description":"Just another Elfsight Sites site","potentialAction":[{"@type":"SearchAction","target":{"@type":"EntryPoint","urlTemplate":"https:\/\/elfsight.com\/pl\/?s={search_term_string}"},"query-input":{"@type":"PropertyValueSpecification","valueRequired":true,"valueName":"search_term_string"}}],"inLanguage":"pl-PL"}]}},"meta_box":{"industry":"","seo_heading":"","heading":"","description":"","cta_heading":"","cta_description":"","application":"3357","h1":"Aplikacja Licznik Odwiedzaj\u0105cych Wix","h1_caption":"Poka\u017c liczb\u0119 odwiedzaj\u0105cych Twoj\u0105 witryn\u0119 za pomoc\u0105 licznika odwiedzaj\u0105cych na \u017cywo, bez wysi\u0142ku zwi\u0119kszaj\u0105c wiarygodno\u015b\u0107 Twojej witryny w witrynie Wix.","application_category":[],"applications_title":"","applications_request_title":"","applications_request_button_text":"","hero_text":"","hero_video":"","hero_video_schema_markup":"","selling_points_title":"","selling_points_caption":"","selling_points":[],"selling_points_cta_text":"","features_title":"","features":"","ed_cta_examples_text":"","ed_cta_examples_hidden":"","ed_cta_demo_text":"","ed_cta_demo_hidden":"","why_caption":"","why_editor_title":"","why_editor_text":"","why_team_title":"","why_team_text":"","why_service_title":"","why_service_text":"","template_catalog_visible":"","template_catalog_title":"","template_catalog_text":"","template_catalog_categories_visible":"","demo_title":"Utw\u00f3rz aplikacj\u0119 Licznik odwiedzin","demo_caption":"Skonfiguruj sw\u00f3j licznik odwiedzin i dodaj go do swojej witryny Wix za darmo!","default_faq_hidden":"","app_template_category":[],"platform":"30","template_public_id":"","codecanyon_url":"","codecanyon_item_id":"","codecanyon_price":"","pricing_caption":"","pricing_elfsight_apps_hide_column":"","pricing_elfsight_apps_url":"","pricing_codecanyon_price_caption":"","integration_category":[],"integration_request_title":"","integration_request_cta":"","integration_platform":"","integrations":[],"platform_category":[],"video_schema_markup":"","price":"od 0 USD \/ miesi\u0105c","trial":"","benefits":[{"text":"Bezp\u0142atna pomoc w monta\u017cu"},{"text":"Do\u015bwiadczona obs\u0142uga klienta"},{"text":"14-dniowa gwarancja zwrotu pieni\u0119dzy"}],"button_url":"#demo","button_target_blank":"","button_nofollow":"","attributes":[{"name":"Instaluje"},{"name":"Czu\u0142y"},{"name":"Kompatybilne przegl\u0105darki"}],"tags":[],"tags_disable_links":"","hide_more_platforms":"","video_object":"","demo_hide_cta":"","demo_hide_cloud_options":"","pricing_title":"","pricing":[{"pricing_icon":"platform","pricing_title":"Elfsight Apps","pricing_title_caption":"Wersja wieloplatformowa, kt\u00f3ra dzia\u0142a na ka\u017cdej stronie internetowej","pricing_price":"od 0 USD \/ miesi\u0105c","pricing_price_caption":"zacznij od bezp\u0142atnego planu","pricing_benefits":[{"text":"Nielimitowane domeny"},{"text":"Najwy\u017csza obs\u0142uga klienta"},{"text":"Bezp\u0142atna pomoc w monta\u017cu"},{"text":"Oferta specjalna na wiele aplikacji"}],"pricing_button_text":"Dodaj do witryny","pricing_button_url":"#demo"}],"related_apps_title":"","related_apps_hidden":"","author":"","image":[],"title":"","job":"","social_networks":[]},"_links":{"self":[{"href":"https:\/\/elfsight.com\/pl\/wp-json\/wp\/v2\/pages\/7213","targetHints":{"allow":["GET"]}}],"collection":[{"href":"https:\/\/elfsight.com\/pl\/wp-json\/wp\/v2\/pages"}],"about":[{"href":"https:\/\/elfsight.com\/pl\/wp-json\/wp\/v2\/types\/page"}],"author":[{"embeddable":true,"href":"https:\/\/elfsight.com\/pl\/wp-json\/wp\/v2\/users\/9"}],"replies":[{"embeddable":true,"href":"https:\/\/elfsight.com\/pl\/wp-json\/wp\/v2\/comments?post=7213"}],"version-history":[{"count":2,"href":"https:\/\/elfsight.com\/pl\/wp-json\/wp\/v2\/pages\/7213\/revisions"}],"predecessor-version":[{"id":8110,"href":"https:\/\/elfsight.com\/pl\/wp-json\/wp\/v2\/pages\/7213\/revisions\/8110"}],"up":[{"embeddable":true,"href":"https:\/\/elfsight.com\/pl\/wp-json\/wp\/v2\/pages\/3407"}],"wp:attachment":[{"href":"https:\/\/elfsight.com\/pl\/wp-json\/wp\/v2\/media?parent=7213"}],"curies":[{"name":"wp","href":"https:\/\/api.w.org\/{rel}","templated":true}]}}