{"id":7208,"date":"1970-01-01T00:00:00","date_gmt":"1970-01-01T00:00:00","guid":{"rendered":"https:\/\/elfsight.com\/pl\/?page_id=7208"},"modified":"2024-11-14T08:55:48","modified_gmt":"2024-11-14T08:55:48","slug":"wordpress","status":"publish","type":"page","link":"https:\/\/elfsight.com\/pl\/visitor-counter-widget\/wordpress\/","title":{"rendered":"Visitor Counter &#8211; WordPress"},"content":{"rendered":"<div class=\"application-platform-content-item-description application-platform-content-item\" id=\"description\" data-nav-section=\"description\"> <h2>Osad\u017a licznik odwiedzin w WordPress za pomoc\u0105 wid\u017cetu Elfsight<\/h2> <p> Licznik go\u015bci dla WordPress to \u0142atwa w zarz\u0105dzaniu wtyczka, kt\u00f3ra pozwala monitorowa\u0107 liczb\u0119 odwiedzaj\u0105cych i najpopularniejsze tre\u015bci ogl\u0105dane w okre\u015blonym przedziale czasu. Podstawowe wska\u017aniki s\u0105 teraz \u0142atwe do sprawdzenia i nie wymagaj\u0105 specjalnych umiej\u0119tno\u015bci analityki danych. Dzi\u0119ki niemu mo\u017cesz \u0142atwo zapewni\u0107 u\u017cytkownikom, \u017ce jeste\u015b renomowan\u0105 firm\u0105 i zyska\u0107 wi\u0119cej nowych klient\u00f3w i klient\u00f3w. Dzi\u0119ki naszym stylowym mo\u017cliwo\u015bciom i por\u0119cznym uk\u0142adom dostosowanym do potrzeb u\u017cytkownika mo\u017cesz utworzy\u0107 wtyczk\u0119 na swojej stronie za pomoc\u0105 kilku klikni\u0119\u0107. <\/p> <p><b>Zwi\u0119ksz skuteczno\u015b\u0107 swojej taktyki biznesowej i zdob\u0105d\u017a wi\u0119cej potencjalnych klient\u00f3w dzi\u0119ki licznikowi wy\u015bwietle\u0144 strony!<\/b><\/p><\/div> <div class=\"faq\" data-component=\"FAQ\"><div class=\"faq-item\">\r\n\t\t\t\t\t<div class=\"faq-item-question\">\r\n\t\t\t\t\t\t<h3 class=\"faq-item-question-text\">W jaki spos\u00f3b mog\u0119 osadzi\u0107 licznik odwiedzin w mojej witrynie WordPress? <\/h3>\r\n\r\n\t\t\t\t\t\t<div class=\"faq-item-question-icon\"><\/div>\r\n\t\t\t\t\t<\/div>\r\n\r\n\t\t\t\t\t<div class=\"faq-item-answer\">\r\n\t\t\t\t\t\t<div class=\"faq-item-answer-text\"><p>Tworzenie wid\u017cetu odbywa si\u0119 na stronach Elfsight i nie musisz uczy\u0107 si\u0119 kodowania. Skorzystaj z naszej wersji demonstracyjnej online, aby dostosowa\u0107 sw\u00f3j osobisty widget, zdob\u0105d\u017a kod i umie\u015b\u0107 go na swojej stronie. <\/p><\/div>\r\n\t\t\t\t\t<\/div>\r\n\t\t\t\t<\/div><div class=\"faq-item\">\r\n\t\t\t\t\t<div class=\"faq-item-question\">\r\n\t\t\t\t\t\t<h3 class=\"faq-item-question-text\">Najlepsze sposoby wykorzystania integracji Hit Counter<\/h3>\r\n\r\n\t\t\t\t\t\t<div class=\"faq-item-question-icon\"><\/div>\r\n\t\t\t\t\t<\/div>\r\n\r\n\t\t\t\t\t<div class=\"faq-item-answer\">\r\n\t\t\t\t\t\t<div class=\"faq-item-answer-text\"><p>Zapewnimy mn\u00f3stwo mo\u017cliwo\u015bci dostosowywania: pe\u0142nowymiarowe wid\u017cety do osadzania w obszar zawarto\u015bci, p\u0142ywaj\u0105ce wtyczki do przewijania, miniatury stopki Twojej witryny, sekcja nag\u0142\u00f3wka i wszystkie warianty pionowych mo\u017cliwo\u015bci pask\u00f3w bocznych i menu. <\/p><\/div>\r\n\t\t\t\t\t<\/div>\r\n\t\t\t\t<\/div><div class=\"faq-item\">\r\n\t\t\t\t\t<div class=\"faq-item-question\">\r\n\t\t\t\t\t\t<h3 class=\"faq-item-question-text\">Czy za po\u015brednictwem Twojego redaktora mog\u0119 utworzy\u0107 dzienny lub minilicznik odwiedzin? <\/h3>\r\n\r\n\t\t\t\t\t\t<div class=\"faq-item-question-icon\"><\/div>\r\n\t\t\t\t\t<\/div>\r\n\r\n\t\t\t\t\t<div class=\"faq-item-answer\">\r\n\t\t\t\t\t\t<div class=\"faq-item-answer-text\"><p>Mo\u017cesz tworzy\u0107 dowolne modyfikacje wid\u017cetu. W edytorze dost\u0119pnych jest wiele uk\u0142ad\u00f3w, a ka\u017cdy z nich mo\u017cna \u0142atwo dostosowa\u0107 do w\u0142asnych potrzeb. <\/p><\/div>\r\n\t\t\t\t\t<\/div>\r\n\t\t\t\t<\/div><\/div><div class=\"application-platform-content-item-features application-platform-content-item\" id=\"features\" data-nav-section=\"features\"> <h2>Najwa\u017cniejsze funkcje widgetu to: <\/h2> <ul><li>\u0141atwe zarz\u0105dzanie bez wymaga\u0144 Profesjonalne kompetencje analityki i wymagane kodowanie<\/li><li>Du\u017ca r\u00f3\u017cnorodno\u015b\u0107 czasu trwania sprawdzania wska\u017anik\u00f3w<\/li><li> Przydatne uk\u0142ady do zarz\u0105dzania wszystkimi punktami w najbardziej praktyczny spos\u00f3b <\/li><li>Jasny, ciemny i konfigurowalny kolor schematy, dzi\u0119ki kt\u00f3rym narz\u0119dzie b\u0119dzie stylowe <\/li><li> Ustaw rozmiar i wag\u0119 czcionki <\/li><li> Wystarczy osadzi\u0107 nawet bez kodowania <\/li><\/ul><p><a href=\"#demo \">Mo\u017cesz sprawdzi\u0107, jak dzia\u0142a wtyczka, korzystaj\u0105c z wersji demonstracyjnej<\/a><\/p> <\/div> <div class=\"application-platform-content-item-installation application-platform-content-item\" id=\"installation\" data-nav-section=\"installation\"> <h2>Jak doda\u0107 licznik odwiedzin na mojej stronie internetowej WordPress? <\/h2> <div class=\"video-container\"><iframe width=\"720\" height=\"405\" src=\"https:\/\/www.youtube.com\/embed\/5PsgW5F1J98\" frameborder=\"0\" allowfullscreen=\"\"><\/iframe><\/div><p>Wystarczy zastosowa\u0107 si\u0119 do poni\u017cszych instrukcji, aby wstawi\u0107 wtyczk\u0119: <\/p> <ol><li><b>Otw\u00f3rz nasze bezp\u0142atne demo i rozpocznij prac\u0119 ze swoj\u0105 unikaln\u0105 wtyczk\u0105. <\/b><br> Wybierz niestandardow\u0105 form\u0119 i dzia\u0142anie wtyczki i zastosuj wszystkie zmiany. <\/li> <li><b>Uzyskaj indywidualny kod pokazany w polu w aplikacjach Elfsight. <\/b><br> Po zako\u0144czeniu generowania wtyczki skopiuj kod z wy\u015bwietlonego wyskakuj\u0105cego okienka i zachowaj go do wykorzystania w przysz\u0142o\u015bci. <\/li> <li><b>Rozpocznij korzystanie z wtyczki na swojej stronie WordPress. <\/b><br> Wstaw ostatnio zapisany kod do swojej witryny i zapisz zmiany. <\/li> <li><b>Gotowe! Konfiguracja zosta\u0142a w pe\u0142ni wykonana. <\/b><br> Odwied\u017a swoj\u0105 witryn\u0119, aby sprawdzi\u0107, jak dzia\u0142a wtyczka. <\/li><\/ol><p>Je\u015bli napotkasz jakie\u015b trudno\u015bci, nie b\u00f3j si\u0119 zwr\u00f3ci\u0107 do naszego zespo\u0142u obs\u0142ugi klienta. Nasi konsultanci pragn\u0105 rozwi\u0105za\u0107 wszystkie problemy, jakie mo\u017cesz mie\u0107 z tym narz\u0119dziem. <\/p> <\/div>","protected":false},"excerpt":{"rendered":"","protected":false},"author":9,"featured_media":0,"parent":3407,"menu_order":0,"comment_status":"closed","ping_status":"closed","template":"templates\/template-application-platform.php","meta":{"publish_to_discourse":"","publish_post_category":"","wpdc_auto_publish_overridden":"","wpdc_topic_tags":"","wpdc_pin_topic":"","wpdc_pin_until":"","discourse_post_id":"","discourse_permalink":"","wpdc_publishing_response":"","wpdc_publishing_error":"","footnotes":""},"class_list":["post-7208","page","type-page","status-publish","hentry"],"yoast_head":"<!-- This site is optimized with the Yoast SEO plugin v25.3.1 - https:\/\/yoast.com\/wordpress\/plugins\/seo\/ -->\n<title>Licznik odwiedzin \u2014 Dodaj wid\u017cet Licznik go\u015bci do witryny WordPress [2025]<\/title>\n<meta name=\"description\" content=\"Oto najlepsza okazja, aby zaprojektowa\u0107 wid\u017cet Hit Counter i umie\u015bci\u0107 go na swojej stronie internetowej. Uzyskaj bezp\u0142atn\u0105 obs\u0142ug\u0119 klienta przez Elfsight.\" \/>\n<meta name=\"robots\" content=\"index, follow, max-snippet:-1, max-image-preview:large, max-video-preview:-1\" \/>\n<link rel=\"canonical\" href=\"https:\/\/elfsight.com\/pl\/visitor-counter-widget\/wordpress\/\" \/>\n<meta property=\"og:locale\" content=\"pl_PL\" \/>\n<meta property=\"og:type\" content=\"article\" \/>\n<meta property=\"og:title\" content=\"Licznik odwiedzin \u2014 Dodaj wid\u017cet Licznik go\u015bci do witryny WordPress [2025]\" \/>\n<meta property=\"og:description\" content=\"Oto najlepsza okazja, aby zaprojektowa\u0107 wid\u017cet Hit Counter i umie\u015bci\u0107 go na swojej stronie internetowej. Uzyskaj bezp\u0142atn\u0105 obs\u0142ug\u0119 klienta przez Elfsight.\" \/>\n<meta property=\"og:url\" content=\"https:\/\/elfsight.com\/pl\/visitor-counter-widget\/wordpress\/\" \/>\n<meta property=\"og:site_name\" content=\"Elfsight PL\" \/>\n<meta property=\"article:modified_time\" content=\"2024-11-14T08:55:48+00:00\" \/>\n<meta name=\"twitter:card\" content=\"summary_large_image\" \/>\n<meta name=\"twitter:label1\" content=\"Szacowany czas czytania\" \/>\n\t<meta name=\"twitter:data1\" content=\"3 minuty\" \/>\n<!-- \/ Yoast SEO plugin. -->","yoast_head_json":{"title":"Licznik odwiedzin \u2014 Dodaj wid\u017cet Licznik go\u015bci do witryny WordPress [2025]","description":"Oto najlepsza okazja, aby zaprojektowa\u0107 wid\u017cet Hit Counter i umie\u015bci\u0107 go na swojej stronie internetowej. Uzyskaj bezp\u0142atn\u0105 obs\u0142ug\u0119 klienta przez Elfsight.","robots":{"index":"index","follow":"follow","max-snippet":"max-snippet:-1","max-image-preview":"max-image-preview:large","max-video-preview":"max-video-preview:-1"},"canonical":"https:\/\/elfsight.com\/pl\/visitor-counter-widget\/wordpress\/","og_locale":"pl_PL","og_type":"article","og_title":"Licznik odwiedzin \u2014 Dodaj wid\u017cet Licznik go\u015bci do witryny WordPress [2025]","og_description":"Oto najlepsza okazja, aby zaprojektowa\u0107 wid\u017cet Hit Counter i umie\u015bci\u0107 go na swojej stronie internetowej. Uzyskaj bezp\u0142atn\u0105 obs\u0142ug\u0119 klienta przez Elfsight.","og_url":"https:\/\/elfsight.com\/pl\/visitor-counter-widget\/wordpress\/","og_site_name":"Elfsight PL","article_modified_time":"2024-11-14T08:55:48+00:00","twitter_card":"summary_large_image","twitter_misc":{"Szacowany czas czytania":"3 minuty"},"schema":{"@context":"https:\/\/schema.org","@graph":[{"@type":"WebPage","@id":"https:\/\/elfsight.com\/pl\/visitor-counter-widget\/wordpress\/","url":"https:\/\/elfsight.com\/pl\/visitor-counter-widget\/wordpress\/","name":"Licznik odwiedzin \u2014 Dodaj wid\u017cet Licznik go\u015bci do witryny WordPress [2025]","isPartOf":{"@id":"https:\/\/elfsight.com\/pl\/#website"},"datePublished":"1970-01-01T00:00:00+00:00","dateModified":"2024-11-14T08:55:48+00:00","description":"Oto najlepsza okazja, aby zaprojektowa\u0107 wid\u017cet Hit Counter i umie\u015bci\u0107 go na swojej stronie internetowej. Uzyskaj bezp\u0142atn\u0105 obs\u0142ug\u0119 klienta przez Elfsight.","breadcrumb":{"@id":"https:\/\/elfsight.com\/pl\/visitor-counter-widget\/wordpress\/#breadcrumb"},"inLanguage":"pl-PL","potentialAction":[{"@type":"ReadAction","target":["https:\/\/elfsight.com\/pl\/visitor-counter-widget\/wordpress\/"]}]},{"@type":"BreadcrumbList","@id":"https:\/\/elfsight.com\/pl\/visitor-counter-widget\/wordpress\/#breadcrumb","itemListElement":[{"@type":"ListItem","position":1,"name":"Home","item":"https:\/\/elfsight.com\/pl\/"},{"@type":"ListItem","position":2,"name":"Visitor Counter","item":"https:\/\/elfsight.com\/pl\/visitor-counter-widget\/"},{"@type":"ListItem","position":3,"name":"Visitor Counter &#8211; WordPress"}]},{"@type":"WebSite","@id":"https:\/\/elfsight.com\/pl\/#website","url":"https:\/\/elfsight.com\/pl\/","name":"Elfsight PL","description":"Just another Elfsight Sites site","potentialAction":[{"@type":"SearchAction","target":{"@type":"EntryPoint","urlTemplate":"https:\/\/elfsight.com\/pl\/?s={search_term_string}"},"query-input":{"@type":"PropertyValueSpecification","valueRequired":true,"valueName":"search_term_string"}}],"inLanguage":"pl-PL"}]}},"meta_box":{"industry":"","seo_heading":"","heading":"","description":"","cta_heading":"","cta_description":"","application":"3357","h1":"Wtyczka licznika odwiedzin w wordpress","h1_caption":"Monitoruj statystyki swojej strony internetowej i podno\u015b wiarygodno\u015b\u0107 swojej firmy","application_category":[],"applications_title":"","applications_request_title":"","applications_request_button_text":"","hero_text":"","hero_video":"","hero_video_schema_markup":"","selling_points_title":"","selling_points_caption":"","selling_points":[],"selling_points_cta_text":"","features_title":"","features":"","ed_cta_examples_text":"","ed_cta_examples_hidden":"","ed_cta_demo_text":"","ed_cta_demo_hidden":"","why_caption":"","why_editor_title":"","why_editor_text":"","why_team_title":"","why_team_text":"","why_service_title":"","why_service_text":"","template_catalog_visible":"","template_catalog_title":"","template_catalog_text":"","template_catalog_categories_visible":"","demo_title":"Utw\u00f3rz wtyczk\u0119 licznika odwiedzin","demo_caption":"Skonfiguruj sw\u00f3j licznik odwiedzin i dodaj go do swojej witryny WordPress za darmo!","default_faq_hidden":"","app_template_category":[],"platform":"31","template_public_id":"","codecanyon_url":"","codecanyon_item_id":"","codecanyon_price":"","pricing_caption":"","pricing_elfsight_apps_hide_column":"","pricing_elfsight_apps_url":"","pricing_codecanyon_price_caption":"","integration_category":[],"integration_request_title":"","integration_request_cta":"","integration_platform":"","integrations":[],"platform_category":[],"video_schema_markup":"","price":"od 0 USD \/ miesi\u0105c","trial":"","benefits":[{"text":"Bezp\u0142atna pomoc w instalacji"},{"text":"Skuteczna obs\u0142uga klienta"},{"text":"14-dniowa gwarancja zwrotu pieni\u0119dzy"}],"button_url":"#demo","button_target_blank":"","button_nofollow":"","attributes":[{"name":"Instaluje"},{"name":"Czu\u0142y"},{"name":"Kompatybilne przegl\u0105darki"}],"tags":[],"tags_disable_links":"","hide_more_platforms":"","video_object":"","demo_hide_cta":"","demo_hide_cloud_options":"","pricing_title":"","pricing":[{"pricing_icon":"platform","pricing_title":"Elfsight Apps","pricing_title_caption":"Oprogramowanie wieloplatformowe","pricing_price":"od 0 USD \/ miesi\u0105c","pricing_price_caption":"zacznij od bezp\u0142atnego planu","pricing_benefits":[{"text":"Nielimitowane domeny"},{"text":"Bezp\u0142atne wsparcie i dobrze udokumentowane"},{"text":"Bezp\u0142atna pomoc w monta\u017cu"},{"text":"Cena do z\u0142apania dla wielu aplikacji"}],"pricing_button_text":"Dodaj do witryny","pricing_button_url":"#demo"}],"related_apps_title":"","related_apps_hidden":"","author":"","image":[],"title":"","job":"","social_networks":[]},"_links":{"self":[{"href":"https:\/\/elfsight.com\/pl\/wp-json\/wp\/v2\/pages\/7208","targetHints":{"allow":["GET"]}}],"collection":[{"href":"https:\/\/elfsight.com\/pl\/wp-json\/wp\/v2\/pages"}],"about":[{"href":"https:\/\/elfsight.com\/pl\/wp-json\/wp\/v2\/types\/page"}],"author":[{"embeddable":true,"href":"https:\/\/elfsight.com\/pl\/wp-json\/wp\/v2\/users\/9"}],"replies":[{"embeddable":true,"href":"https:\/\/elfsight.com\/pl\/wp-json\/wp\/v2\/comments?post=7208"}],"version-history":[{"count":2,"href":"https:\/\/elfsight.com\/pl\/wp-json\/wp\/v2\/pages\/7208\/revisions"}],"predecessor-version":[{"id":8109,"href":"https:\/\/elfsight.com\/pl\/wp-json\/wp\/v2\/pages\/7208\/revisions\/8109"}],"up":[{"embeddable":true,"href":"https:\/\/elfsight.com\/pl\/wp-json\/wp\/v2\/pages\/3407"}],"wp:attachment":[{"href":"https:\/\/elfsight.com\/pl\/wp-json\/wp\/v2\/media?parent=7208"}],"curies":[{"name":"wp","href":"https:\/\/api.w.org\/{rel}","templated":true}]}}