{"id":7205,"date":"1970-01-01T00:00:00","date_gmt":"1970-01-01T00:00:00","guid":{"rendered":"https:\/\/elfsight.com\/pl\/?page_id=7205"},"modified":"2024-11-14T08:51:36","modified_gmt":"2024-11-14T08:51:36","slug":"magento","status":"publish","type":"page","link":"https:\/\/elfsight.com\/pl\/visitor-counter-widget\/magento\/","title":{"rendered":"Visitor Counter &#8211; Magento"},"content":{"rendered":"<div class=\"application-platform-content-item-description application-platform-content-item\" id=\"description\" data-nav-section=\"description\"> <h2>Opis<\/h2><p>Licznik odwiedzin Elfsight to nieskomplikowane narz\u0119dzie, kt\u00f3re pozwala Tobie i Twoim u\u017cytkownikom zobaczy\u0107 liczb\u0119 odwiedzaj\u0105cych i najpopularniejsze tre\u015bci ogl\u0105dane w dok\u0142adnym przedziale czasu. Niezb\u0119dne statystyki mo\u017cna teraz \u0142atwo sprawdzi\u0107 bez konieczno\u015bci posiadania dodatkowych umiej\u0119tno\u015bci. Ponadto korzystanie z Ciebie mo\u017ce z \u0142atwo\u015bci\u0105 sprawi\u0107, \u017ce uwierz\u0105, \u017ce jeste\u015b firm\u0105 godn\u0105 zaufania i pozyskaj\u0105 znacznie wi\u0119cej potencjalnych klient\u00f3w. Dzi\u0119ki naszym konfigurowalnym, stylowym opcjom i por\u0119cznym uk\u0142adom mo\u017cesz utworzy\u0107 wid\u017cet na swojej stronie za pomoc\u0105 kilku klikni\u0119\u0107. <\/p><p><b>Dodaj licznik odwiedzin, aby analizowa\u0107 statystyki swojej witryny i zwi\u0119ksza\u0107 jej wiarygodno\u015b\u0107.<\/b><\/p> <\/div> <div class=\"application-platform-content-item-features application-platform-content-item\" id=\"features\" data-nav-section=\"features\"> <h2>Oto g\u0142\u00f3wne funkcje rozszerzenia: <\/h2> <ul><li>Sprawd\u017a wa\u017cne statystyki bez konieczno\u015bci posiadania dodatkowej wiedzy z zakresu analityki lub kodowania<\/li><li>Uzyskaj liczb\u0119 u\u017cytkownik\u00f3w i kt\u00f3re z Twoich stron s\u0105 najcz\u0119\u015bciej ogl\u0105dane <\/li> <li>Du\u017cy wyb\u00f3r przedzia\u0142\u00f3w czasowych do zliczania statystyk <\/li><li> \u0141atwe w u\u017cyciu uk\u0142ady przedstawiaj\u0105ce wszystkie statystyki w przyst\u0119pny spos\u00f3b<\/li><li>Jasne, ciemne i konfigurowalne schematy kolor\u00f3w umo\u017cliwiaj\u0105ce osza\u0142amiaj\u0105ce narz\u0119dzie <\/li><li> Dostosuj zmian\u0119 koloru wszystkich element\u00f3w: tekstu, schematu kolor\u00f3w i ikon <\/li><\/ul><p><a href=\"#demo\">Wypr\u00f3buj wszystkie opcje w wersji demo na \u017cywo <\/a><\/p> <\/div> <div class=\"application-platform-content-item-installation application-platform-content-item\" id=\"installation\" data-nav-section=\"installation\"> <h2>Jak doda\u0107 licznik odwiedzin na swojej stronie Magento? <\/h2> <p>Wystarczy post\u0119powa\u0107 zgodnie z poni\u017cszym przewodnikiem, aby wdro\u017cy\u0107 narz\u0119dzie: <\/p> <ol><li><b>Wygeneruj swoje osobiste rozszerzenie licznika odwiedzin. <\/b><br> Zarz\u0105dzaj\u0105c naszym darmowym edytorem, utw\u00f3rz wtyczk\u0119 o niestandardowym wygl\u0105dzie i funkcjonalno\u015bci. <\/li> <li><b>Zdob\u0105d\u017a osobisty kod, aby osadzi\u0107 narz\u0119dzie.<\/b><br> Po dostosowaniu wid\u017cetu otrzymasz kod instalacyjny z wy\u015bwietlonego okna aplikacji Elfsight. Skopiuj go do dalszego wykorzystania. <\/li> <li><b>Osad\u017a rozszerzenie na swojej stronie Magento.<\/b><br> Znajd\u017a obszar, w kt\u00f3rym chcesz umie\u015bci\u0107 narz\u0119dzie i wstaw tam zapisany kod. Zapisz zmiany. <\/li> <li><b>Gotowe!<\/b><br> Wejd\u017a na stron\u0119, aby zobaczy\u0107 swoj\u0105 wtyczk\u0119. <\/li><\/ol><p>W przypadku jakichkolwiek problem\u00f3w lub pyta\u0144 prosimy o kontakt z naszym zespo\u0142em pomocy technicznej. Nasi specjali\u015bci z przyjemno\u015bci\u0105 rozwi\u0105\u017c\u0105 wszystkie problemy z Twoim rozszerzeniem. <\/p> <div class=\"faq\" data-component=\"FAQ\"><div class=\"faq-item\">\r\n\t\t\t\t\t<div class=\"faq-item-question\">\r\n\t\t\t\t\t\t<h3 class=\"faq-item-question-text\">Jak osadzi\u0107 licznik odwiedzin na mojej stronie Magento bez kodowania?<\/h3>\r\n\r\n\t\t\t\t\t\t<div class=\"faq-item-question-icon\"><\/div>\r\n\t\t\t\t\t<\/div>\r\n\r\n\t\t\t\t\t<div class=\"faq-item-answer\">\r\n\t\t\t\t\t\t<div class=\"faq-item-answer-text\"> <p>Firma Elfsight dostarcza rozwi\u0105zanie, kt\u00f3re pozwala w\u0142a\u015bcicielom witryn samodzielnie zbudowa\u0107 wtyczk\u0119 licznika odwiedzin, odkryj proste instrukcje : Pracuj bezpo\u015brednio w wersji demonstracyjnej na \u017cywo, aby utworzy\u0107 wtyczk\u0119 licznika odwiedzin, kt\u00f3r\u0105 chcesz osadzi\u0107 na stronie g\u0142\u00f3wnej Magento. Zdecyduj si\u0119 na jeden z naszych gotowych szablon\u00f3w i dostosuj ustawienia licznika odwiedzin, zmie\u0144 uk\u0142ad i kolor element\u00f3w, w tym tre\u015bci, bez do\u015bwiadczenia w kodowaniu. Kliknij, aby zapisa\u0107 ustawienia wprowadzone w Visitor Counter i uzyska\u0107 kod instalacyjny, kt\u00f3ry mo\u017cesz doda\u0107 na swojej stronie Magento bez konieczno\u015bci kupowania wersji p\u0142atnej. Pracuj\u0105c w naszym prostym edytorze, ka\u017cdy u\u017cytkownik sieci mo\u017ce stworzy\u0107 wid\u017cet licznika odwiedzin online i bez problemu osadzi\u0107 go na stronie g\u0142\u00f3wnej Magento. Aby skorzysta\u0107 z us\u0142ugi, nie jest wymagane posiadanie p\u0142atnego planu ani podanie danych karty. Je\u015bli na kt\u00f3rymkolwiek etapie napotkasz jakiekolwiek przeszkody, skontaktuj si\u0119 z naszym dzia\u0142em obs\u0142ugi klienta.<\/p> <\/div>\r\n\t\t\t\t\t<\/div>\r\n\t\t\t\t<\/div> <\/div><\/div>","protected":false},"excerpt":{"rendered":"","protected":false},"author":9,"featured_media":0,"parent":3407,"menu_order":0,"comment_status":"closed","ping_status":"closed","template":"templates\/template-application-platform.php","meta":{"publish_to_discourse":"","publish_post_category":"","wpdc_auto_publish_overridden":"","wpdc_topic_tags":"","wpdc_pin_topic":"","wpdc_pin_until":"","discourse_post_id":"","discourse_permalink":"","wpdc_publishing_response":"","wpdc_publishing_error":"","footnotes":""},"class_list":["post-7205","page","type-page","status-publish","hentry"],"yoast_head":"<!-- This site is optimized with the Yoast SEO plugin v25.3.1 - https:\/\/yoast.com\/wordpress\/plugins\/seo\/ -->\n<title>Wtyczka licznika odwiedzin | Dodaj wid\u017cet licznika trafie\u0144 do strony Magento [2026]<\/title>\n<meta name=\"description\" content=\"Dodaj przydatny licznik odwiedzin do swojej witryny Magento. Skorzystaj z wersji demonstracyjnej Elfsight na \u017cywo i stw\u00f3rz w\u0142asne rozszerzenie za pomoc\u0105 kilku klikni\u0119\u0107.\" \/>\n<meta name=\"robots\" content=\"index, follow, max-snippet:-1, max-image-preview:large, max-video-preview:-1\" \/>\n<link rel=\"canonical\" href=\"https:\/\/elfsight.com\/pl\/visitor-counter-widget\/magento\/\" \/>\n<meta property=\"og:locale\" content=\"pl_PL\" \/>\n<meta property=\"og:type\" content=\"article\" \/>\n<meta property=\"og:title\" content=\"Wtyczka licznika odwiedzin | Dodaj wid\u017cet licznika trafie\u0144 do strony Magento [2026]\" \/>\n<meta property=\"og:description\" content=\"Dodaj przydatny licznik odwiedzin do swojej witryny Magento. Skorzystaj z wersji demonstracyjnej Elfsight na \u017cywo i stw\u00f3rz w\u0142asne rozszerzenie za pomoc\u0105 kilku klikni\u0119\u0107.\" \/>\n<meta property=\"og:url\" content=\"https:\/\/elfsight.com\/pl\/visitor-counter-widget\/magento\/\" \/>\n<meta property=\"og:site_name\" content=\"Elfsight PL\" \/>\n<meta property=\"article:modified_time\" content=\"2024-11-14T08:51:36+00:00\" \/>\n<meta name=\"twitter:card\" content=\"summary_large_image\" \/>\n<meta name=\"twitter:label1\" content=\"Szacowany czas czytania\" \/>\n\t<meta name=\"twitter:data1\" content=\"3 minuty\" \/>\n<!-- \/ Yoast SEO plugin. -->","yoast_head_json":{"title":"Wtyczka licznika odwiedzin | Dodaj wid\u017cet licznika trafie\u0144 do strony Magento [2026]","description":"Dodaj przydatny licznik odwiedzin do swojej witryny Magento. Skorzystaj z wersji demonstracyjnej Elfsight na \u017cywo i stw\u00f3rz w\u0142asne rozszerzenie za pomoc\u0105 kilku klikni\u0119\u0107.","robots":{"index":"index","follow":"follow","max-snippet":"max-snippet:-1","max-image-preview":"max-image-preview:large","max-video-preview":"max-video-preview:-1"},"canonical":"https:\/\/elfsight.com\/pl\/visitor-counter-widget\/magento\/","og_locale":"pl_PL","og_type":"article","og_title":"Wtyczka licznika odwiedzin | Dodaj wid\u017cet licznika trafie\u0144 do strony Magento [2026]","og_description":"Dodaj przydatny licznik odwiedzin do swojej witryny Magento. Skorzystaj z wersji demonstracyjnej Elfsight na \u017cywo i stw\u00f3rz w\u0142asne rozszerzenie za pomoc\u0105 kilku klikni\u0119\u0107.","og_url":"https:\/\/elfsight.com\/pl\/visitor-counter-widget\/magento\/","og_site_name":"Elfsight PL","article_modified_time":"2024-11-14T08:51:36+00:00","twitter_card":"summary_large_image","twitter_misc":{"Szacowany czas czytania":"3 minuty"},"schema":{"@context":"https:\/\/schema.org","@graph":[{"@type":"WebPage","@id":"https:\/\/elfsight.com\/pl\/visitor-counter-widget\/magento\/","url":"https:\/\/elfsight.com\/pl\/visitor-counter-widget\/magento\/","name":"Wtyczka licznika odwiedzin | Dodaj wid\u017cet licznika trafie\u0144 do strony Magento [2026]","isPartOf":{"@id":"https:\/\/elfsight.com\/pl\/#website"},"datePublished":"1970-01-01T00:00:00+00:00","dateModified":"2024-11-14T08:51:36+00:00","description":"Dodaj przydatny licznik odwiedzin do swojej witryny Magento. Skorzystaj z wersji demonstracyjnej Elfsight na \u017cywo i stw\u00f3rz w\u0142asne rozszerzenie za pomoc\u0105 kilku klikni\u0119\u0107.","breadcrumb":{"@id":"https:\/\/elfsight.com\/pl\/visitor-counter-widget\/magento\/#breadcrumb"},"inLanguage":"pl-PL","potentialAction":[{"@type":"ReadAction","target":["https:\/\/elfsight.com\/pl\/visitor-counter-widget\/magento\/"]}]},{"@type":"BreadcrumbList","@id":"https:\/\/elfsight.com\/pl\/visitor-counter-widget\/magento\/#breadcrumb","itemListElement":[{"@type":"ListItem","position":1,"name":"Home","item":"https:\/\/elfsight.com\/pl\/"},{"@type":"ListItem","position":2,"name":"Visitor Counter","item":"https:\/\/elfsight.com\/pl\/visitor-counter-widget\/"},{"@type":"ListItem","position":3,"name":"Visitor Counter &#8211; Magento"}]},{"@type":"WebSite","@id":"https:\/\/elfsight.com\/pl\/#website","url":"https:\/\/elfsight.com\/pl\/","name":"Elfsight PL","description":"Just another Elfsight Sites site","potentialAction":[{"@type":"SearchAction","target":{"@type":"EntryPoint","urlTemplate":"https:\/\/elfsight.com\/pl\/?s={search_term_string}"},"query-input":{"@type":"PropertyValueSpecification","valueRequired":true,"valueName":"search_term_string"}}],"inLanguage":"pl-PL"}]}},"meta_box":{"industry":"","seo_heading":"","heading":"","description":"","cta_heading":"","cta_description":"","application":"3357","h1":"Rozszerzenie licznika odwiedzin Magento","h1_caption":"Poka\u017c liczb\u0119 odwiedzaj\u0105cych Twoj\u0105 witryn\u0119 za pomoc\u0105 licznika odwiedzaj\u0105cych na \u017cywo, bez wysi\u0142ku zwi\u0119kszaj\u0105c wiarygodno\u015b\u0107 Twojej witryny w witrynie Magento.","application_category":[],"applications_title":"","applications_request_title":"","applications_request_button_text":"","hero_text":"","hero_video":"","hero_video_schema_markup":"","selling_points_title":"","selling_points_caption":"","selling_points":[],"selling_points_cta_text":"","features_title":"","features":"","ed_cta_examples_text":"","ed_cta_examples_hidden":"","ed_cta_demo_text":"","ed_cta_demo_hidden":"","why_caption":"","why_editor_title":"","why_editor_text":"","why_team_title":"","why_team_text":"","why_service_title":"","why_service_text":"","template_catalog_visible":"","template_catalog_title":"","template_catalog_text":"","template_catalog_categories_visible":"","demo_title":"Utw\u00f3rz rozszerzenie licznika odwiedzin","demo_caption":"Skonfiguruj sw\u00f3j licznik odwiedzin i dodaj go do swojej witryny Magento za darmo!","default_faq_hidden":"","app_template_category":[],"platform":"92","template_public_id":"","codecanyon_url":"","codecanyon_item_id":"","codecanyon_price":"","pricing_caption":"","pricing_elfsight_apps_hide_column":"","pricing_elfsight_apps_url":"","pricing_codecanyon_price_caption":"","integration_category":[],"integration_request_title":"","integration_request_cta":"","integration_platform":"","integrations":[],"platform_category":[],"video_schema_markup":"","price":"od 0 USD \/ miesi\u0105c","trial":"","benefits":[{"text":"Bezp\u0142atna pomoc w monta\u017cu"},{"text":"Kompetentna obs\u0142uga klienta"},{"text":"14-dniowa gwarancja zwrotu pieni\u0119dzy"}],"button_url":"#demo","button_target_blank":"","button_nofollow":"","attributes":[{"name":"Instaluje"},{"name":"Czu\u0142y"},{"name":"Kompatybilne przegl\u0105darki"}],"tags":[],"tags_disable_links":"","hide_more_platforms":"","video_object":"","demo_hide_cta":"","demo_hide_cloud_options":"","pricing_title":"","pricing":[{"pricing_icon":"platform","pricing_title":"Elfsight Apps","pricing_title_caption":"Wieloplatformowe rozwi\u0105zanie cyfrowe","pricing_price":"od 0 USD \/ miesi\u0105c","pricing_price_caption":"zacznij od bezp\u0142atnego planu","pricing_benefits":[{"text":"Nielimitowane strony internetowe"},{"text":"Profesjonalne wsparcie firmy"},{"text":"Bezp\u0142atne wsparcie przy instalacji"},{"text":"100% konfigurowalny"}],"pricing_button_text":"Dodaj do witryny","pricing_button_url":"#demo"}],"related_apps_title":"","related_apps_hidden":"","author":"","image":[],"title":"","job":"","social_networks":[]},"_links":{"self":[{"href":"https:\/\/elfsight.com\/pl\/wp-json\/wp\/v2\/pages\/7205","targetHints":{"allow":["GET"]}}],"collection":[{"href":"https:\/\/elfsight.com\/pl\/wp-json\/wp\/v2\/pages"}],"about":[{"href":"https:\/\/elfsight.com\/pl\/wp-json\/wp\/v2\/types\/page"}],"author":[{"embeddable":true,"href":"https:\/\/elfsight.com\/pl\/wp-json\/wp\/v2\/users\/9"}],"replies":[{"embeddable":true,"href":"https:\/\/elfsight.com\/pl\/wp-json\/wp\/v2\/comments?post=7205"}],"version-history":[{"count":1,"href":"https:\/\/elfsight.com\/pl\/wp-json\/wp\/v2\/pages\/7205\/revisions"}],"predecessor-version":[{"id":7209,"href":"https:\/\/elfsight.com\/pl\/wp-json\/wp\/v2\/pages\/7205\/revisions\/7209"}],"up":[{"embeddable":true,"href":"https:\/\/elfsight.com\/pl\/wp-json\/wp\/v2\/pages\/3407"}],"wp:attachment":[{"href":"https:\/\/elfsight.com\/pl\/wp-json\/wp\/v2\/media?parent=7205"}],"curies":[{"name":"wp","href":"https:\/\/api.w.org\/{rel}","templated":true}]}}