{"id":7199,"date":"1970-01-01T00:00:00","date_gmt":"1970-01-01T00:00:00","guid":{"rendered":"https:\/\/elfsight.com\/pl\/?page_id=7199"},"modified":"2025-06-27T09:01:17","modified_gmt":"2025-06-27T09:01:17","slug":"prestashop","status":"publish","type":"page","link":"https:\/\/elfsight.com\/pl\/visitor-counter-widget\/prestashop\/","title":{"rendered":"Visitor Counter &#8211; PrestaShop"},"content":{"rendered":"<div class=\"application-platform-content-item-description application-platform-content-item\" id=\"description\" data-nav-section=\"description\"> <h2>Opis<\/h2> <p> Licznik odwiedzin dla PrestaShop to \u0142atwe w zarz\u0105dzaniu narz\u0119dzie, kt\u00f3re pozwala sprawdzi\u0107 liczb\u0119 odwiedzaj\u0105cych i najpopularniejsze tre\u015bci ogl\u0105dane w okre\u015blonym przedziale czasu. Niezb\u0119dne wska\u017aniki mo\u017cna teraz po prostu \u015bledzi\u0107 bez konieczno\u015bci posiadania dodatkowej wiedzy z zakresu kodowania lub analizy danych. Korzystaj\u0105c z niego, mo\u017cesz z \u0142atwo\u015bci\u0105 zapewni\u0107 odwiedzaj\u0105cych, \u017ce jeste\u015b firm\u0105 godn\u0105 zaufania i uzyska\u0107 znacznie wi\u0119ksz\u0105 sprzeda\u017c. Dzi\u0119ki naszym stylowym mo\u017cliwo\u015bciom i por\u0119cznym uk\u0142adom, dostosowanym do potrzeb u\u017cytkownika, mo\u017cesz utworzy\u0107 wid\u017cet na swojej stronie za pomoc\u0105 kilku klikni\u0119\u0107. <\/p> <p><b>Dodaj licznik odwiedzin, aby ulepszy\u0107 swoj\u0105 strategi\u0119 biznesow\u0105 i \u0142atwiej osi\u0105gn\u0105\u0107 swoje cele!<\/b><\/p><\/div> <div class=\"application-platform-content-item-features application-platform-content-item\" id=\"features\" data-nav-section=\"features\"> <h2>Oferujemy przydatne i \u0142atwe funkcje, sprawd\u017a niekt\u00f3re z nich: <\/h2> <ul><li>\u0141atwy w u\u017cyciu nawet bez profesjonalnej wiedzy z zakresu analityki danych<\/li><li>Du\u017ca r\u00f3\u017cnorodno\u015b\u0107 przedzia\u0142\u00f3w czasowych do zliczania danych <\/li><li>Interaktywny wykres do dynamicznej wizualizacji danych<\/li><li>Przydatne uk\u0142ady umo\u017cliwiaj\u0105ce przedstawienie wszystkich punkt\u00f3w w przyst\u0119pny spos\u00f3b<\/li><li>Ciemne, konfigurowalne i jasne schematy kolor\u00f3w sprawiaj\u0105, \u017ce narz\u0119dzie jest stylowe <\/li><\/ul><p><a href=\"#demo\">Pe\u0142n\u0105 funkcjonalno\u015b\u0107 wid\u017cetu mo\u017cesz odkry\u0107 w poni\u017cszej wersji demonstracyjnej<\/a><\/p> <\/div> <div class=\"application-platform-content-item-installation application-platform-content-item\" id=\"installation\" data-nav-section=\"installation\"> <h2>Jak osadzi\u0107 Visitor Counter na mojej stronie internetowej PrestaShop? <\/h2> <p>Wystarczy wykona\u0107 kilka krok\u00f3w podanych poni\u017cej, aby aktywowa\u0107 wid\u017cet. <\/p> <ol><li><b>Wykonaj nasze bezp\u0142atne demo i zacznij tworzy\u0107 sw\u00f3j unikalny instrument. <\/b><br> Okre\u015bl preferowany wygl\u0105d i funkcje dodatku i zapisz zmiany. <\/li> <li><b>Skopiuj kod osobisty pojawiaj\u0105cy si\u0119 w oknie aplikacji Elfsight. <\/b><br> Zaraz po zako\u0144czeniu generowania narz\u0119dzia skopiuj ekskluzywny kod w wy\u015bwietlonym oknie i zachowaj go do dalszego wykorzystania. <\/li> <li><b>Rozpocznij korzystanie z narz\u0119dzia na stronie PrestaShop. <\/b><br> Zintegruj zapisany wcze\u015bniej kod ze swoj\u0105 stron\u0105 g\u0142\u00f3wn\u0105 i zastosuj ulepszenia. <\/li> <li><b>Gotowe! Osadzanie zosta\u0142o pomy\u015blnie zako\u0144czone. <\/b><br> Przejd\u017a na swoj\u0105 stron\u0119 i zobacz, jak dzia\u0142a to narz\u0119dzie. <\/li><\/ol> <p>Je\u015bli masz do czynienia z zapytaniami lub napotykasz trudno\u015bci, bez wahania zwr\u00f3\u0107 si\u0119 o pomoc do naszego personelu pomocniczego. Nasi specjali\u015bci ch\u0119tnie pomog\u0105 Ci we wszystkich trudno\u015bciach, jakie mo\u017cesz mie\u0107 z produktem. <\/p> <div class=\"faq\" data-component=\"FAQ\"><div class=\"faq-item\">\r\n\t\t\t\t\t<div class=\"faq-item-question\">\r\n\t\t\t\t\t\t<h3 class=\"faq-item-question-text\">Czy istnieje spos\u00f3b osadzenia Licznika Odwiedzaj\u0105cych na mojej stronie g\u0142\u00f3wnej PrestaShop bez umiej\u0119tno\u015bci kodowania?<\/h3>\r\n\r\n\t\t\t\t\t\t<div class=\"faq-item-question-icon\"><\/div>\r\n\t\t\t\t\t<\/div>\r\n\r\n\t\t\t\t\t<div class=\"faq-item-answer\">\r\n\t\t\t\t\t\t<div class=\"faq-item-answer-text\"> <p>Elfsight oferuje rozwi\u0105zanie, kt\u00f3re pozwala w\u0142a\u015bcicielom witryn samodzielnie zbudowa\u0107 wtyczk\u0119 Licznika Odwiedzaj\u0105cych, odkry\u0107 proste kroki: Zacznij pracowa\u0107 bezpo\u015brednio w edytorze online, aby zbudowa\u0107 wid\u017cet Licznika Odwiedzaj\u0105cych, kt\u00f3ry chcesz zintegrowa\u0107 ze swoj\u0105 stron\u0105 g\u0142\u00f3wn\u0105 PrestaShop. Zdecyduj si\u0119 na jeden z gotowych szablon\u00f3w i zmodyfikuj ustawienia Licznika Odwiedzaj\u0105cych, do\u0142\u0105cz swoj\u0105 tre\u015b\u0107, zmie\u0144 uk\u0142ad i kolorystyk\u0119 bez umiej\u0119tno\u015bci kodowania. Kliknij, aby zapisa\u0107 ustawienia wprowadzone w Visitor Counter i uzyska\u0107 kod instalacyjny, kt\u00f3ry mo\u017cesz \u0142atwo doda\u0107 na stronie PrestaShop bez konieczno\u015bci zakupu p\u0142atnej subskrypcji. Za pomoc\u0105 prostego edytora ka\u017cdy u\u017cytkownik Internetu mo\u017ce utworzy\u0107 sekcj\u0119 Licznik odwiedzin i umie\u015bci\u0107 j\u0105 na stronie PrestaShop. Nie powiniene\u015b p\u0142aci\u0107 ani ujawnia\u0107 danych uwierzytelniaj\u0105cych swojej karty, aby wej\u015b\u0107 do Edytora Elfsight. Je\u015bli na kt\u00f3rymkolwiek etapie napotkasz jakiekolwiek problemy, skontaktuj si\u0119 z naszym zespo\u0142em pomocy technicznej.<\/p> <\/div>\r\n\t\t\t\t\t<\/div>\r\n\t\t\t\t<\/div> <\/div><\/div>","protected":false},"excerpt":{"rendered":"","protected":false},"author":9,"featured_media":0,"parent":3407,"menu_order":0,"comment_status":"closed","ping_status":"closed","template":"templates\/template-application-platform.php","meta":{"publish_to_discourse":"","publish_post_category":"","wpdc_auto_publish_overridden":"","wpdc_topic_tags":"","wpdc_pin_topic":"","wpdc_pin_until":"","discourse_post_id":"","discourse_permalink":"","wpdc_publishing_response":"","wpdc_publishing_error":"","footnotes":""},"class_list":["post-7199","page","type-page","status-publish","hentry"],"yoast_head":"<!-- This site is optimized with the Yoast SEO plugin v25.3.1 - https:\/\/yoast.com\/wordpress\/plugins\/seo\/ -->\n<title>Licznik odwiedzin \u2014 Dodaj darmowy dodatek Hit Counter do PrestaShop<\/title>\n<meta name=\"description\" content=\"Utworzenie najlepszego dodatku do licznika odwiedzin i umieszczenie go na swojej stronie internetowej jest niezwykle proste. Obs\u0142uga klienta Elfsight jest bezp\u0142atna i szybka.\" \/>\n<meta name=\"robots\" content=\"index, follow, max-snippet:-1, max-image-preview:large, max-video-preview:-1\" \/>\n<link rel=\"canonical\" href=\"https:\/\/elfsight.com\/pl\/visitor-counter-widget\/prestashop\/\" \/>\n<meta property=\"og:locale\" content=\"pl_PL\" \/>\n<meta property=\"og:type\" content=\"article\" \/>\n<meta property=\"og:title\" content=\"Licznik odwiedzin \u2014 Dodaj darmowy dodatek Hit Counter do PrestaShop\" \/>\n<meta property=\"og:description\" content=\"Utworzenie najlepszego dodatku do licznika odwiedzin i umieszczenie go na swojej stronie internetowej jest niezwykle proste. Obs\u0142uga klienta Elfsight jest bezp\u0142atna i szybka.\" \/>\n<meta property=\"og:url\" content=\"https:\/\/elfsight.com\/pl\/visitor-counter-widget\/prestashop\/\" \/>\n<meta property=\"og:site_name\" content=\"Elfsight PL\" \/>\n<meta property=\"article:modified_time\" content=\"2025-06-27T09:01:17+00:00\" \/>\n<meta name=\"twitter:card\" content=\"summary_large_image\" \/>\n<meta name=\"twitter:label1\" content=\"Szacowany czas czytania\" \/>\n\t<meta name=\"twitter:data1\" content=\"3 minuty\" \/>\n<!-- \/ Yoast SEO plugin. -->","yoast_head_json":{"title":"Licznik odwiedzin \u2014 Dodaj darmowy dodatek Hit Counter do PrestaShop","description":"Utworzenie najlepszego dodatku do licznika odwiedzin i umieszczenie go na swojej stronie internetowej jest niezwykle proste. Obs\u0142uga klienta Elfsight jest bezp\u0142atna i szybka.","robots":{"index":"index","follow":"follow","max-snippet":"max-snippet:-1","max-image-preview":"max-image-preview:large","max-video-preview":"max-video-preview:-1"},"canonical":"https:\/\/elfsight.com\/pl\/visitor-counter-widget\/prestashop\/","og_locale":"pl_PL","og_type":"article","og_title":"Licznik odwiedzin \u2014 Dodaj darmowy dodatek Hit Counter do PrestaShop","og_description":"Utworzenie najlepszego dodatku do licznika odwiedzin i umieszczenie go na swojej stronie internetowej jest niezwykle proste. Obs\u0142uga klienta Elfsight jest bezp\u0142atna i szybka.","og_url":"https:\/\/elfsight.com\/pl\/visitor-counter-widget\/prestashop\/","og_site_name":"Elfsight PL","article_modified_time":"2025-06-27T09:01:17+00:00","twitter_card":"summary_large_image","twitter_misc":{"Szacowany czas czytania":"3 minuty"},"schema":{"@context":"https:\/\/schema.org","@graph":[{"@type":"WebPage","@id":"https:\/\/elfsight.com\/pl\/visitor-counter-widget\/prestashop\/","url":"https:\/\/elfsight.com\/pl\/visitor-counter-widget\/prestashop\/","name":"Licznik odwiedzin \u2014 Dodaj darmowy dodatek Hit Counter do PrestaShop","isPartOf":{"@id":"https:\/\/elfsight.com\/pl\/#website"},"datePublished":"1970-01-01T00:00:00+00:00","dateModified":"2025-06-27T09:01:17+00:00","description":"Utworzenie najlepszego dodatku do licznika odwiedzin i umieszczenie go na swojej stronie internetowej jest niezwykle proste. Obs\u0142uga klienta Elfsight jest bezp\u0142atna i szybka.","breadcrumb":{"@id":"https:\/\/elfsight.com\/pl\/visitor-counter-widget\/prestashop\/#breadcrumb"},"inLanguage":"pl-PL","potentialAction":[{"@type":"ReadAction","target":["https:\/\/elfsight.com\/pl\/visitor-counter-widget\/prestashop\/"]}]},{"@type":"BreadcrumbList","@id":"https:\/\/elfsight.com\/pl\/visitor-counter-widget\/prestashop\/#breadcrumb","itemListElement":[{"@type":"ListItem","position":1,"name":"Home","item":"https:\/\/elfsight.com\/pl\/"},{"@type":"ListItem","position":2,"name":"Visitor Counter","item":"https:\/\/elfsight.com\/pl\/visitor-counter-widget\/"},{"@type":"ListItem","position":3,"name":"Visitor Counter &#8211; PrestaShop"}]},{"@type":"WebSite","@id":"https:\/\/elfsight.com\/pl\/#website","url":"https:\/\/elfsight.com\/pl\/","name":"Elfsight PL","description":"Just another Elfsight Sites site","potentialAction":[{"@type":"SearchAction","target":{"@type":"EntryPoint","urlTemplate":"https:\/\/elfsight.com\/pl\/?s={search_term_string}"},"query-input":{"@type":"PropertyValueSpecification","valueRequired":true,"valueName":"search_term_string"}}],"inLanguage":"pl-PL"}]}},"meta_box":{"industry":"","seo_heading":"","heading":"","description":"","cta_heading":"","cta_description":"","application":"3357","h1":"Dodatek do licznika odwiedzaj\u0105cych PrestaShop","h1_caption":"Poka\u017c liczb\u0119 odwiedzaj\u0105cych Twoj\u0105 witryn\u0119 za pomoc\u0105 licznika odwiedzaj\u0105cych na \u017cywo, bez wysi\u0142ku zwi\u0119kszaj\u0105c wiarygodno\u015b\u0107 Twojej witryny w witrynie Prestashop.","application_category":[],"applications_title":"","applications_request_title":"","applications_request_button_text":"","hero_text":"","hero_video":"","hero_video_schema_markup":"","selling_points_title":"","selling_points_caption":"","selling_points":[],"selling_points_cta_text":"","features_title":"","features":"","ed_cta_examples_text":"","ed_cta_examples_hidden":"","ed_cta_demo_text":"","ed_cta_demo_hidden":"","why_caption":"","why_editor_title":"","why_editor_text":"","why_team_title":"","why_team_text":"","why_service_title":"","why_service_text":"","template_catalog_visible":"0","template_catalog_title":"","template_catalog_text":"","template_catalog_categories_visible":"","demo_title":"Pospiesz si\u0119, aby stworzy\u0107 w\u0142asny licznik odwiedzin PrestaShop","demo_caption":"Dostosuj i dodaj dodatek do strony internetowej, korzystaj\u0105c z wersji demonstracyjnej.","default_faq_hidden":"","app_template_category":[],"platform":"586","template_public_id":"","codecanyon_url":"","codecanyon_item_id":"","codecanyon_price":"","pricing_caption":"","pricing_elfsight_apps_hide_column":"","pricing_elfsight_apps_url":"","pricing_codecanyon_price_caption":"","integration_category":[],"integration_request_title":"","integration_request_cta":"","integration_platform":"","integrations":[],"platform_category":[],"video_schema_markup":"","price":"od 0 USD \/ miesi\u0105c","trial":"","benefits":[{"text":"Bezp\u0142atna pomoc w monta\u017cu"},{"text":"Wsparcie premium"},{"text":"Skuteczna obs\u0142uga klienta"}],"button_url":"#demo","button_target_blank":"0","button_nofollow":"0","attributes":[{"name":"Instaluje"},{"name":"Czu\u0142y"},{"name":"Kompatybilne przegl\u0105darki"}],"tags":[],"tags_disable_links":"0","hide_more_platforms":"0","video_object":"","demo_hide_cta":"0","demo_hide_cloud_options":"0","pricing_title":"","pricing":[{"pricing_icon":"platform","pricing_title":"Elfsight Apps","pricing_title_caption":"Rozwi\u0105zanie niezale\u017cne od platformy, kt\u00f3re dzia\u0142a na ka\u017cdej witrynie","pricing_price":"od 0 USD \/ miesi\u0105c","pricing_price_caption":"zacznij od bezp\u0142atnego planu","pricing_benefits":[{"text":"Nielimitowane strony internetowe"},{"text":"Szybkie i terminowe wsparcie"},{"text":"Bezp\u0142atna pomoc w monta\u017cu"},{"text":"W pe\u0142ni konfigurowalny"}],"pricing_button_text":"Dodaj do witryny","pricing_button_url":"#demo"}],"related_apps_title":"","related_apps_hidden":"0","author":"","image":[],"title":"","job":"","social_networks":[]},"_links":{"self":[{"href":"https:\/\/elfsight.com\/pl\/wp-json\/wp\/v2\/pages\/7199","targetHints":{"allow":["GET"]}}],"collection":[{"href":"https:\/\/elfsight.com\/pl\/wp-json\/wp\/v2\/pages"}],"about":[{"href":"https:\/\/elfsight.com\/pl\/wp-json\/wp\/v2\/types\/page"}],"author":[{"embeddable":true,"href":"https:\/\/elfsight.com\/pl\/wp-json\/wp\/v2\/users\/9"}],"replies":[{"embeddable":true,"href":"https:\/\/elfsight.com\/pl\/wp-json\/wp\/v2\/comments?post=7199"}],"version-history":[{"count":2,"href":"https:\/\/elfsight.com\/pl\/wp-json\/wp\/v2\/pages\/7199\/revisions"}],"predecessor-version":[{"id":10632,"href":"https:\/\/elfsight.com\/pl\/wp-json\/wp\/v2\/pages\/7199\/revisions\/10632"}],"up":[{"embeddable":true,"href":"https:\/\/elfsight.com\/pl\/wp-json\/wp\/v2\/pages\/3407"}],"wp:attachment":[{"href":"https:\/\/elfsight.com\/pl\/wp-json\/wp\/v2\/media?parent=7199"}],"curies":[{"name":"wp","href":"https:\/\/api.w.org\/{rel}","templated":true}]}}