{"id":7198,"date":"1970-01-01T00:00:00","date_gmt":"1970-01-01T00:00:00","guid":{"rendered":"https:\/\/elfsight.com\/pl\/?page_id=7198"},"modified":"2024-10-23T13:32:22","modified_gmt":"2024-10-23T13:32:22","slug":"jimdo","status":"publish","type":"page","link":"https:\/\/elfsight.com\/pl\/visitor-counter-widget\/jimdo\/","title":{"rendered":"Visitor Counter &#8211; Jimdo"},"content":{"rendered":"<div class=\"application-platform-content-item-description application-platform-content-item\" id=\"description\" data-nav-section=\"description\"><h2>Opis<\/h2> <p>Licznik go\u015bci dla Jimdo to \u0142atwe w zarz\u0105dzaniu rozszerzenie, kt\u00f3re pozwala kontrolowa\u0107 liczb\u0119 odwiedzaj\u0105cych i najpopularniejsze strony przegl\u0105dane w okre\u015blonym przedziale czasu. Podstawowe statystyki s\u0105 teraz wygodne do monitorowania bez dodatkowych specjalist\u00f3w od kodowania lub analityki danych. Dodatkowo korzystaj\u0105c z niej mo\u017cesz z \u0142atwo\u015bci\u0105 zapewni\u0107 widz\u00f3w, \u017ce jeste\u015b firm\u0105 godn\u0105 zaufania i posiadasz o wiele wi\u0119cej nowych klient\u00f3w czy subskrybent\u00f3w. Dzi\u0119ki naszym konfigurowalnym, stylowym mo\u017cliwo\u015bciom i por\u0119cznym uk\u0142adom mo\u017cesz doda\u0107 wid\u017cet do swojej witryny za pomoc\u0105 kilku klikni\u0119\u0107. <\/p><p><b>Wypr\u00f3buj licznik odwiedzin, aby opracowa\u0107 strategi\u0119 e-commerce i szybciej osi\u0105gn\u0105\u0107 swoje cele! <\/b><\/p> <\/div> <div class=\"application-platform-content-item-features application-platform-content-item\" id=\"features\" data-nav-section=\"features\"> <h2>To tylko kilka cennych funkcji widgetu: <\/h2> <ul><li>\u0141atwy w u\u017cyciu nawet bez profesjonalna wiedza z zakresu analityki danych<\/li><li>Du\u017ca r\u00f3\u017cnorodno\u015b\u0107 przedzia\u0142\u00f3w czasowych do zliczania danych <\/li><li>Interaktywny wykres do dynamicznej wizualizacji danych<\/li><li>Przydatne uk\u0142ady umo\u017cliwiaj\u0105ce przedstawienie wszystkich punkt\u00f3w w przyst\u0119pny spos\u00f3b<\/li><li>Jasne, ciemne i konfigurowalne schematy kolor\u00f3w, aby nada\u0107 narz\u0119dziu stylowy charakter <\/li><\/ul><p><a href=\"#demo\">Wystarczy wypr\u00f3bowa\u0107 t\u0119 wersj\u0119 demonstracyjn\u0105, aby zrozumie\u0107 funkcjonalno\u015b\u0107 widgetu<\/a><\/p> <\/div> <div class=\"application-platform-content-item-installation application-platform-content-item\" id=\"installation\" data-nav-section=\"installation\"> <h2>Jak doda\u0107 licznik odwiedzin do mojej strony Jimdo? <\/h2> <p>Wystarczy post\u0119powa\u0107 zgodnie z poni\u017cszymi instrukcjami, aby doda\u0107 wid\u017cet. <\/p> <ol><li><b>Zarz\u0105dzaj naszym bezp\u0142atnym konfiguratorem i zacznij kszta\u0142towa\u0107 sw\u00f3j spersonalizowany instrument. <\/b><br> Okre\u015bl preferowany uk\u0142ad i parametry narz\u0119dzia oraz zastosuj modyfikacje. <\/li> <li><b>Zdob\u0105d\u017a sw\u00f3j unikalny kod pokazany w specjalnym formularzu w aplikacjach Elfsight. <\/b><br> Po zako\u0144czeniu konfiguracji widgetu skopiuj kod osobisty w wy\u015bwietlonym oknie i zachowaj go do dalszego wykorzystania. <\/li> <li><b>Rozpocznij korzystanie z wid\u017cetu na stronie Jimdo. <\/b><br> Umie\u015b\u0107 ostatnio zapisany kod na swojej stronie g\u0142\u00f3wnej i zastosuj zmiany. <\/li> <li><b>Gotowe! Konfiguracja zosta\u0142a w pe\u0142ni wykonana. <\/b><br> Przejd\u017a na swoj\u0105 stron\u0119 internetow\u0105 i sprawd\u017a dzia\u0142anie widgetu. <\/li><\/ol> <p>Je\u015bli masz pytania lub napotkasz przeszkody, nie wahaj si\u0119 napisa\u0107 do naszego personelu pomocy technicznej. Nasi pracownicy z przyjemno\u015bci\u0105 odpowiedz\u0105 na wszystkie pytania dotycz\u0105ce tego narz\u0119dzia. <\/p> <div class=\"faq\" data-component=\"FAQ\"><div class=\"faq-item\">\r\n\t\t\t\t\t<div class=\"faq-item-question\">\r\n\t\t\t\t\t\t<h3 class=\"faq-item-question-text\">W jaki spos\u00f3b mo\u017cna doda\u0107 Licznik Odwiedzaj\u0105cych do mojej strony internetowej Jimdo bez do\u015bwiadczenia w programowaniu?<\/h3>\r\n\r\n\t\t\t\t\t\t<div class=\"faq-item-question-icon\"><\/div>\r\n\t\t\t\t\t<\/div>\r\n\r\n\t\t\t\t\t<div class=\"faq-item-answer\">\r\n\t\t\t\t\t\t<div class=\"faq-item-answer-text\"> <p>Elfsight dostarcza rozwi\u0105zanie, kt\u00f3re pozwala u\u017cytkownikom samodzielnie wygenerowa\u0107 aplikacj\u0119 Licznika Odwiedzaj\u0105cych, przekonaj si\u0119, jakie to proste: Przejd\u017a do wersji demonstracyjnej online, aby utworzy\u0107 aplikacj\u0119 licznika odwiedzin, kt\u00f3r\u0105 chcesz wy\u015bwietli\u0107 na Jimdo. Wybierz jeden z gotowych szablon\u00f3w i zmie\u0144 ustawienia Licznika Odwiedzaj\u0105cych, zaktualizuj zawarto\u015b\u0107, zmie\u0144 uk\u0142ad i kolor element\u00f3w bez znajomo\u015bci kodowania. Zapisz licznik odwiedzin i uzyskaj jego kod instalacyjny, dzi\u0119ki czemu b\u0119dziesz m\u00f3g\u0142 doda\u0107 dowoln\u0105 stron\u0119 internetow\u0105 Jimdo bez konieczno\u015bci zakupu p\u0142atnej subskrypcji. Dzi\u0119ki przyjaznemu dla u\u017cytkownika Edytorowi ka\u017cdy u\u017cytkownik Internetu mo\u017ce zbudowa\u0107 wtyczk\u0119 Licznika Odwiedzaj\u0105cych online i \u0142atwo umie\u015bci\u0107 j\u0105 na stronie internetowej Jimdo. Aby uzyska\u0107 dost\u0119p do us\u0142ugi, nie trzeba kupowa\u0107 planu p\u0142atnego ani podawa\u0107 danych uwierzytelniaj\u0105cych karty. Je\u015bli na kt\u00f3rymkolwiek etapie napotkasz jakiekolwiek problemy, skontaktuj si\u0119 z naszym personelem pomocy technicznej.<\/p> <\/div>\r\n\t\t\t\t\t<\/div>\r\n\t\t\t\t<\/div> <\/div><\/div>","protected":false},"excerpt":{"rendered":"","protected":false},"author":9,"featured_media":0,"parent":3407,"menu_order":0,"comment_status":"closed","ping_status":"closed","template":"templates\/template-application-platform.php","meta":{"publish_to_discourse":"","publish_post_category":"","wpdc_auto_publish_overridden":"","wpdc_topic_tags":"","wpdc_pin_topic":"","wpdc_pin_until":"","discourse_post_id":"","discourse_permalink":"","wpdc_publishing_response":"","wpdc_publishing_error":"","footnotes":""},"class_list":["post-7198","page","type-page","status-publish","hentry"],"yoast_head":"<!-- This site is optimized with the Yoast SEO plugin v25.3.1 - https:\/\/yoast.com\/wordpress\/plugins\/seo\/ -->\n<title>Licznik odwiedzin \u2014 Dodaj darmowy wid\u017cet Licznik trafie\u0144 do Jimdo<\/title>\n<meta name=\"description\" content=\"Stworzenie najlepszego wid\u017cetu Licznika Odwiedzaj\u0105cych i umieszczenie go na swojej stronie internetowej jest niezwykle \u0142atwe. Obs\u0142uga klienta Elfsight jest bezp\u0142atna i szybka.\" \/>\n<meta name=\"robots\" content=\"index, follow, max-snippet:-1, max-image-preview:large, max-video-preview:-1\" \/>\n<link rel=\"canonical\" href=\"https:\/\/elfsight.com\/pl\/visitor-counter-widget\/jimdo\/\" \/>\n<meta property=\"og:locale\" content=\"pl_PL\" \/>\n<meta property=\"og:type\" content=\"article\" \/>\n<meta property=\"og:title\" content=\"Licznik odwiedzin \u2014 Dodaj darmowy wid\u017cet Licznik trafie\u0144 do Jimdo\" \/>\n<meta property=\"og:description\" content=\"Stworzenie najlepszego wid\u017cetu Licznika Odwiedzaj\u0105cych i umieszczenie go na swojej stronie internetowej jest niezwykle \u0142atwe. Obs\u0142uga klienta Elfsight jest bezp\u0142atna i szybka.\" \/>\n<meta property=\"og:url\" content=\"https:\/\/elfsight.com\/pl\/visitor-counter-widget\/jimdo\/\" \/>\n<meta property=\"og:site_name\" content=\"Elfsight PL\" \/>\n<meta property=\"article:modified_time\" content=\"2024-10-23T13:32:22+00:00\" \/>\n<meta name=\"twitter:card\" content=\"summary_large_image\" \/>\n<meta name=\"twitter:label1\" content=\"Szacowany czas czytania\" \/>\n\t<meta name=\"twitter:data1\" content=\"3 minuty\" \/>\n<!-- \/ Yoast SEO plugin. -->","yoast_head_json":{"title":"Licznik odwiedzin \u2014 Dodaj darmowy wid\u017cet Licznik trafie\u0144 do Jimdo","description":"Stworzenie najlepszego wid\u017cetu Licznika Odwiedzaj\u0105cych i umieszczenie go na swojej stronie internetowej jest niezwykle \u0142atwe. Obs\u0142uga klienta Elfsight jest bezp\u0142atna i szybka.","robots":{"index":"index","follow":"follow","max-snippet":"max-snippet:-1","max-image-preview":"max-image-preview:large","max-video-preview":"max-video-preview:-1"},"canonical":"https:\/\/elfsight.com\/pl\/visitor-counter-widget\/jimdo\/","og_locale":"pl_PL","og_type":"article","og_title":"Licznik odwiedzin \u2014 Dodaj darmowy wid\u017cet Licznik trafie\u0144 do Jimdo","og_description":"Stworzenie najlepszego wid\u017cetu Licznika Odwiedzaj\u0105cych i umieszczenie go na swojej stronie internetowej jest niezwykle \u0142atwe. Obs\u0142uga klienta Elfsight jest bezp\u0142atna i szybka.","og_url":"https:\/\/elfsight.com\/pl\/visitor-counter-widget\/jimdo\/","og_site_name":"Elfsight PL","article_modified_time":"2024-10-23T13:32:22+00:00","twitter_card":"summary_large_image","twitter_misc":{"Szacowany czas czytania":"3 minuty"},"schema":{"@context":"https:\/\/schema.org","@graph":[{"@type":"WebPage","@id":"https:\/\/elfsight.com\/pl\/visitor-counter-widget\/jimdo\/","url":"https:\/\/elfsight.com\/pl\/visitor-counter-widget\/jimdo\/","name":"Licznik odwiedzin \u2014 Dodaj darmowy wid\u017cet Licznik trafie\u0144 do Jimdo","isPartOf":{"@id":"https:\/\/elfsight.com\/pl\/#website"},"datePublished":"1970-01-01T00:00:00+00:00","dateModified":"2024-10-23T13:32:22+00:00","description":"Stworzenie najlepszego wid\u017cetu Licznika Odwiedzaj\u0105cych i umieszczenie go na swojej stronie internetowej jest niezwykle \u0142atwe. Obs\u0142uga klienta Elfsight jest bezp\u0142atna i szybka.","breadcrumb":{"@id":"https:\/\/elfsight.com\/pl\/visitor-counter-widget\/jimdo\/#breadcrumb"},"inLanguage":"pl-PL","potentialAction":[{"@type":"ReadAction","target":["https:\/\/elfsight.com\/pl\/visitor-counter-widget\/jimdo\/"]}]},{"@type":"BreadcrumbList","@id":"https:\/\/elfsight.com\/pl\/visitor-counter-widget\/jimdo\/#breadcrumb","itemListElement":[{"@type":"ListItem","position":1,"name":"Home","item":"https:\/\/elfsight.com\/pl\/"},{"@type":"ListItem","position":2,"name":"Visitor Counter","item":"https:\/\/elfsight.com\/pl\/visitor-counter-widget\/"},{"@type":"ListItem","position":3,"name":"Visitor Counter &#8211; Jimdo"}]},{"@type":"WebSite","@id":"https:\/\/elfsight.com\/pl\/#website","url":"https:\/\/elfsight.com\/pl\/","name":"Elfsight PL","description":"Just another Elfsight Sites site","potentialAction":[{"@type":"SearchAction","target":{"@type":"EntryPoint","urlTemplate":"https:\/\/elfsight.com\/pl\/?s={search_term_string}"},"query-input":{"@type":"PropertyValueSpecification","valueRequired":true,"valueName":"search_term_string"}}],"inLanguage":"pl-PL"}]}},"meta_box":{"industry":"","seo_heading":"","heading":"","description":"","cta_heading":"","cta_description":"","application":"3357","h1":"Wid\u017cet licznika odwiedzin Jimdo","h1_caption":"Poka\u017c liczb\u0119 odwiedzaj\u0105cych Twoj\u0105 witryn\u0119 za pomoc\u0105 licznika odwiedzaj\u0105cych na \u017cywo, bez wysi\u0142ku zwi\u0119kszaj\u0105c wiarygodno\u015b\u0107 Twojej witryny w witrynie Jimdo.","application_category":[],"applications_title":"","applications_request_title":"","applications_request_button_text":"","hero_text":"","hero_video":"","hero_video_schema_markup":"","selling_points_title":"","selling_points_caption":"","selling_points":[],"selling_points_cta_text":"","features_title":"","features":"","ed_cta_examples_text":"","ed_cta_examples_hidden":"","ed_cta_demo_text":"","ed_cta_demo_hidden":"","why_caption":"","why_editor_title":"","why_editor_text":"","why_team_title":"","why_team_text":"","why_service_title":"","why_service_text":"","template_catalog_visible":"","template_catalog_title":"","template_catalog_text":"","template_catalog_categories_visible":"","demo_title":"Pospiesz si\u0119, aby zaprojektowa\u0107 licznik odwiedzin Jimdo","demo_caption":"Dostosuj widget i wstaw go na swoj\u0105 stron\u0119 g\u0142\u00f3wn\u0105, korzystaj\u0105c z wersji demonstracyjnej na \u017cywo.","default_faq_hidden":"","app_template_category":[],"platform":"193","template_public_id":"","codecanyon_url":"","codecanyon_item_id":"","codecanyon_price":"","pricing_caption":"","pricing_elfsight_apps_hide_column":"","pricing_elfsight_apps_url":"","pricing_codecanyon_price_caption":"","integration_category":[],"integration_request_title":"","integration_request_cta":"","integration_platform":"","integrations":[],"platform_category":[],"video_schema_markup":"","price":"od 0 USD \/ miesi\u0105c","trial":"","benefits":[{"text":"Bezp\u0142atna pomoc w monta\u017cu"},{"text":"Wsparcie premium"},{"text":"14-dniowa gwarancja zwrotu pieni\u0119dzy"}],"button_url":"#demo","button_target_blank":"","button_nofollow":"","attributes":[{"name":"Instaluje"},{"name":"Czu\u0142y"},{"name":"Kompatybilne przegl\u0105darki"}],"tags":[],"tags_disable_links":"","hide_more_platforms":"","video_object":"","demo_hide_cta":"","demo_hide_cloud_options":"","pricing_title":"","pricing":[{"pricing_icon":"platform","pricing_title":"Elfsight Apps","pricing_title_caption":"Wieloplatformowe rozwi\u0105zanie cyfrowe","pricing_price":"od 0 USD \/ miesi\u0105c","pricing_price_caption":"zacznij od bezp\u0142atnego planu","pricing_benefits":[{"text":"Nielimitowane strony internetowe"},{"text":"Bezp\u0142atne i terminowe wsparcie"},{"text":"Bezp\u0142atna pomoc w monta\u017cu"},{"text":"W pe\u0142ni konfigurowalny"}],"pricing_button_text":"Dodaj do witryny","pricing_button_url":"#demo"}],"related_apps_title":"","related_apps_hidden":"","author":"","image":[],"title":"","job":"","social_networks":[]},"_links":{"self":[{"href":"https:\/\/elfsight.com\/pl\/wp-json\/wp\/v2\/pages\/7198","targetHints":{"allow":["GET"]}}],"collection":[{"href":"https:\/\/elfsight.com\/pl\/wp-json\/wp\/v2\/pages"}],"about":[{"href":"https:\/\/elfsight.com\/pl\/wp-json\/wp\/v2\/types\/page"}],"author":[{"embeddable":true,"href":"https:\/\/elfsight.com\/pl\/wp-json\/wp\/v2\/users\/9"}],"replies":[{"embeddable":true,"href":"https:\/\/elfsight.com\/pl\/wp-json\/wp\/v2\/comments?post=7198"}],"version-history":[{"count":1,"href":"https:\/\/elfsight.com\/pl\/wp-json\/wp\/v2\/pages\/7198\/revisions"}],"predecessor-version":[{"id":7202,"href":"https:\/\/elfsight.com\/pl\/wp-json\/wp\/v2\/pages\/7198\/revisions\/7202"}],"up":[{"embeddable":true,"href":"https:\/\/elfsight.com\/pl\/wp-json\/wp\/v2\/pages\/3407"}],"wp:attachment":[{"href":"https:\/\/elfsight.com\/pl\/wp-json\/wp\/v2\/media?parent=7198"}],"curies":[{"name":"wp","href":"https:\/\/api.w.org\/{rel}","templated":true}]}}