{"id":7192,"date":"1970-01-01T00:00:00","date_gmt":"1970-01-01T00:00:00","guid":{"rendered":"https:\/\/elfsight.com\/pl\/?page_id=7192"},"modified":"2024-11-14T09:34:38","modified_gmt":"2024-11-14T09:34:38","slug":"bigcommerce","status":"publish","type":"page","link":"https:\/\/elfsight.com\/pl\/vimeo-video-gallery-widget\/bigcommerce\/","title":{"rendered":"Vimeo Gallery &#8211; BigCommerce"},"content":{"rendered":"<div class=\"application-platform-content-item-description application-platform-content-item\" id=\"description\" data-nav-section=\"description\"> <h2>Opis<\/h2> <p>Galeria Elfsight to skuteczne narz\u0119dzie dla ka\u017cdego, kto potrzebuje osadzi\u0107 tre\u015bci Vimeo na stronie internetowej. Masz mo\u017cliwo\u015b\u0107 tworzenia playlist, pokazywania ca\u0142ego kana\u0142u, wybierania najlepszych tre\u015bci wideo do swojej galerii i nie tylko. Wid\u017cet Elfsight posiada wiele opcji projektowania, kt\u00f3re pomagaj\u0105 ustawi\u0107 interfejs, kt\u00f3ry b\u0119dzie odpowiedni dla r\u00f3\u017cnych przypadk\u00f3w. Trzy uk\u0142ady pomog\u0105 w optymalnym rozmieszczeniu film\u00f3w, a kilka tryb\u00f3w odtwarzania sprawi, \u017ce ogl\u0105danie film\u00f3w b\u0119dzie wygodne w ka\u017cdym przypadku. Dzi\u0119ki nag\u0142\u00f3wkowi mo\u017cesz \u0142atwo opowiedzie\u0107 wszystkim o swoim koncie Vimeo i zwi\u0119kszy\u0107 liczb\u0119 subskrybent\u00f3w. Aplikacja Elfsight Vimeo b\u0119dzie \u0142atwym sposobem nie tylko na zwi\u0119kszenie zaanga\u017cowania, ale tak\u017ce na rozw\u00f3j Twojego biznesu. <\/p> <div class=\"faq\" data-component=\"FAQ\"><div class=\"faq-item\">\r\n\t\t\t\t\t<div class=\"faq-item-question\">\r\n\t\t\t\t\t\t<h3 class=\"faq-item-question-text\">Gdzie mog\u0119 to zintegrowa\u0107<\/h3>\r\n\r\n\t\t\t\t\t\t<div class=\"faq-item-question-icon\"><\/div>\r\n\t\t\t\t\t<\/div>\r\n\r\n\t\t\t\t\t<div class=\"faq-item-answer\">\r\n\t\t\t\t\t\t<div class=\"faq-item-answer-text\"> <p>Mo\u017cesz osadzi\u0107 widget na wybranej stronie. Je\u015bli wprowadzisz odtwarzacz Vimeo do szablonu, wid\u017cet pojawi si\u0119 na ka\u017cdej stronie.<\/p> <\/div>\r\n\t\t\t\t\t<\/div>\r\n\t\t\t\t<\/div><div class=\"faq-item\">\r\n\t\t\t\t\t<div class=\"faq-item-question\">\r\n\t\t\t\t\t\t<h3 class=\"faq-item-question-text\">Jakie s\u0105 dla mnie zalety posiadania Galerii Vimeo?<\/h3>\r\n\r\n\t\t\t\t\t\t<div class=\"faq-item-question-icon\"><\/div>\r\n\t\t\t\t\t<\/div>\r\n\r\n\t\t\t\t\t<div class=\"faq-item-answer\">\r\n\t\t\t\t\t\t<div class=\"faq-item-answer-text\"> <p>To wtyczka przyczyni si\u0119 do zwi\u0119kszenia poziomu zaanga\u017cowania na Twojej stronie atrakcyjnymi filmami. Funkcja szybkiej subskrypcji pomo\u017ce pozyska\u0107 nowych obserwuj\u0105cych Tw\u00f3j kana\u0142 Vimeo.<\/p><\/div>\r\n\t\t\t\t\t<\/div>\r\n\t\t\t\t<\/div> <div class=\"faq-item\">\r\n\t\t\t\t\t<div class=\"faq-item-question\">\r\n\t\t\t\t\t\t<h3 class=\"faq-item-question-text\">Jak zainstalowa\u0107 odtwarzacz wideo Vimeo?<\/h3>\r\n\r\n\t\t\t\t\t\t<div class=\"faq-item-question-icon\"><\/div>\r\n\t\t\t\t\t<\/div>\r\n\r\n\t\t\t\t\t<div class=\"faq-item-answer\">\r\n\t\t\t\t\t\t<div class=\"faq-item-answer-text\"> <p>Wystarcz\u0105 dwie minuty, aby zacz\u0105\u0107 korzysta\u0107 wid\u017cet. Osadzanie jest niezwykle szybkie, bezp\u0142atne i nie wymaga kodowania. <\/p> <p>Galeri\u0119 wideo Elfsight Vimeo mo\u017cna wprowadzi\u0107 w naszym serwisie lub za po\u015brednictwem rynku. Tutaj mo\u017cesz por\u00f3wna\u0107 wszystkie szczeg\u00f3\u0142y obu opcji i wybra\u0107 swoj\u0105. <\/p> <\/div>\r\n\t\t\t\t\t<\/div>\r\n\t\t\t\t<\/div> <\/div> <\/div> <div class=\"application-platform-content-item-features application-platform-content-item\" id=\"features\" data-nav-section=\"features\"> <h2>Funkcje<\/h2> <p>Aby kszta\u0142towa\u0107 przejrzysty odbi\u00f3r wid\u017cetu, sprawd\u017a list\u0119 najcz\u0119\u015bciej cenne funkcje. Dzi\u0119ki nim widget jest dla Ciebie przydatny: <\/p> <ul><li>Osadzanie gotowych uk\u0142ad\u00f3w umo\u017cliwiaj\u0105cych r\u00f3\u017cne sposoby odtwarzania film\u00f3w: siatka, lista odtwarzania, suwak; <\/li><li>7 prze\u0142\u0105czalnych element\u00f3w nag\u0142\u00f3wka wid\u017cetu: nazwa, statystyki, opis, przycisk obserwuj\u0105cy, ikona profilu; <\/li><li>4 gotowe tryby odtwarzania: Popup, Player, Inline lub na Vimeo; <\/li><li>3 dzia\u0142ania po zako\u0144czeniu filmu: odtw\u00f3rz nast\u0119pny, powt\u00f3rz, brak; <\/li><\/ul><p><a href=\"#demo\">Nasza demonstracja na \u017cywo udost\u0119pni Ci wszystkie funkcje<\/a><\/p> <\/div> <div class=\"application-platform-content-item-installation application-platform-content-item\" id=\"installation\" data-nav-section=\"installation\"> <h2>Jak doda\u0107 wideo Vimeo do swojej witryny BigCommerce<\/h2><div class=\"video-container\"><iframe width=\"720\" height=\"405\" src=\"https:\/\/www.youtube.com\/embed\/wZAyVHu_GrM\" frameborder=\"0\" allowfullscreen=\"\"><\/iframe><\/div><p>Wystarczy wykona\u0107 kilka krok\u00f3w podanych poni\u017cej, aby doda\u0107 wid\u017cet do BigCommerce.<\/p> <ol><li><b>Uruchom nasze bezp\u0142atne demo i zacznij kszta\u0142towa\u0107 swoj\u0105 spersonalizowan\u0105 galeri\u0119 Vimeo. <\/b><br> Okre\u015bl preferowan\u0105 form\u0119 i funkcje aplikacji oraz zastosuj poprawki. <\/li> <li><b>Skopiuj sw\u00f3j osobisty kod widoczny w polu aplikacji Elfsight. <\/b><br> Po zako\u0144czeniu konfiguracji wid\u017cetu skopiuj ekskluzywny kod z pojawiaj\u0105cego si\u0119 wyskakuj\u0105cego okienka i zapisz go na przysz\u0142o\u015b\u0107. <\/li> <li><b>Zacznij korzysta\u0107 z aplikacji na swojej stronie BigCommerce. <\/b><br> Zaimplementuj skopiowany wcze\u015bniej kod w swojej witrynie i zastosuj zmiany. <\/li> <li><b>Instalacja zosta\u0142a w pe\u0142ni przeprowadzona. <\/b><br> Wejd\u017a na swoj\u0105 stron\u0119 i sprawd\u017a dzia\u0142anie narz\u0119dzia. <\/li><\/ol><p>Nadal nie mo\u017cesz si\u0119 zdecydowa\u0107? Lub masz pytania? Po prostu napisz pro\u015bb\u0119 do naszego zespo\u0142u wsparcia, pomo\u017cemy w ka\u017cdej sprawie.<\/p> <\/div>","protected":false},"excerpt":{"rendered":"","protected":false},"author":9,"featured_media":0,"parent":2409,"menu_order":0,"comment_status":"closed","ping_status":"closed","template":"templates\/template-application-platform.php","meta":{"publish_to_discourse":"","publish_post_category":"","wpdc_auto_publish_overridden":"","wpdc_topic_tags":"","wpdc_pin_topic":"","wpdc_pin_until":"","discourse_post_id":"","discourse_permalink":"","wpdc_publishing_response":"","wpdc_publishing_error":"","footnotes":""},"class_list":["post-7192","page","type-page","status-publish","hentry"],"yoast_head":"<!-- This site is optimized with the Yoast SEO plugin v25.3.1 - https:\/\/yoast.com\/wordpress\/plugins\/seo\/ -->\n<title>Osad\u017a galeri\u0119 wideo Vimeo na stronie BigCommerce (bezp\u0142atnie i szybko)<\/title>\n<meta name=\"description\" content=\"Stworzenie aplikacji Vimeo Video Gallery i osadzenie jej na stronie BigCommerce nie jest trudne. Obs\u0142uga klienta Elfsight jest bezp\u0142atna.\" \/>\n<meta name=\"robots\" content=\"index, follow, max-snippet:-1, max-image-preview:large, max-video-preview:-1\" \/>\n<link rel=\"canonical\" href=\"https:\/\/elfsight.com\/pl\/vimeo-video-gallery-widget\/bigcommerce\/\" \/>\n<meta property=\"og:locale\" content=\"pl_PL\" \/>\n<meta property=\"og:type\" content=\"article\" \/>\n<meta property=\"og:title\" content=\"Osad\u017a galeri\u0119 wideo Vimeo na stronie BigCommerce (bezp\u0142atnie i szybko)\" \/>\n<meta property=\"og:description\" content=\"Stworzenie aplikacji Vimeo Video Gallery i osadzenie jej na stronie BigCommerce nie jest trudne. Obs\u0142uga klienta Elfsight jest bezp\u0142atna.\" \/>\n<meta property=\"og:url\" content=\"https:\/\/elfsight.com\/pl\/vimeo-video-gallery-widget\/bigcommerce\/\" \/>\n<meta property=\"og:site_name\" content=\"Elfsight PL\" \/>\n<meta property=\"article:modified_time\" content=\"2024-11-14T09:34:38+00:00\" \/>\n<meta name=\"twitter:card\" content=\"summary_large_image\" \/>\n<meta name=\"twitter:label1\" content=\"Szacowany czas czytania\" \/>\n\t<meta name=\"twitter:data1\" content=\"3 minuty\" \/>\n<!-- \/ Yoast SEO plugin. -->","yoast_head_json":{"title":"Osad\u017a galeri\u0119 wideo Vimeo na stronie BigCommerce (bezp\u0142atnie i szybko)","description":"Stworzenie aplikacji Vimeo Video Gallery i osadzenie jej na stronie BigCommerce nie jest trudne. Obs\u0142uga klienta Elfsight jest bezp\u0142atna.","robots":{"index":"index","follow":"follow","max-snippet":"max-snippet:-1","max-image-preview":"max-image-preview:large","max-video-preview":"max-video-preview:-1"},"canonical":"https:\/\/elfsight.com\/pl\/vimeo-video-gallery-widget\/bigcommerce\/","og_locale":"pl_PL","og_type":"article","og_title":"Osad\u017a galeri\u0119 wideo Vimeo na stronie BigCommerce (bezp\u0142atnie i szybko)","og_description":"Stworzenie aplikacji Vimeo Video Gallery i osadzenie jej na stronie BigCommerce nie jest trudne. Obs\u0142uga klienta Elfsight jest bezp\u0142atna.","og_url":"https:\/\/elfsight.com\/pl\/vimeo-video-gallery-widget\/bigcommerce\/","og_site_name":"Elfsight PL","article_modified_time":"2024-11-14T09:34:38+00:00","twitter_card":"summary_large_image","twitter_misc":{"Szacowany czas czytania":"3 minuty"},"schema":{"@context":"https:\/\/schema.org","@graph":[{"@type":"WebPage","@id":"https:\/\/elfsight.com\/pl\/vimeo-video-gallery-widget\/bigcommerce\/","url":"https:\/\/elfsight.com\/pl\/vimeo-video-gallery-widget\/bigcommerce\/","name":"Osad\u017a galeri\u0119 wideo Vimeo na stronie BigCommerce (bezp\u0142atnie i szybko)","isPartOf":{"@id":"https:\/\/elfsight.com\/pl\/#website"},"datePublished":"1970-01-01T00:00:00+00:00","dateModified":"2024-11-14T09:34:38+00:00","description":"Stworzenie aplikacji Vimeo Video Gallery i osadzenie jej na stronie BigCommerce nie jest trudne. Obs\u0142uga klienta Elfsight jest bezp\u0142atna.","breadcrumb":{"@id":"https:\/\/elfsight.com\/pl\/vimeo-video-gallery-widget\/bigcommerce\/#breadcrumb"},"inLanguage":"pl-PL","potentialAction":[{"@type":"ReadAction","target":["https:\/\/elfsight.com\/pl\/vimeo-video-gallery-widget\/bigcommerce\/"]}]},{"@type":"BreadcrumbList","@id":"https:\/\/elfsight.com\/pl\/vimeo-video-gallery-widget\/bigcommerce\/#breadcrumb","itemListElement":[{"@type":"ListItem","position":1,"name":"Home","item":"https:\/\/elfsight.com\/pl\/"},{"@type":"ListItem","position":2,"name":"Vimeo Gallery","item":"https:\/\/elfsight.com\/pl\/vimeo-video-gallery-widget\/"},{"@type":"ListItem","position":3,"name":"Vimeo Gallery &#8211; BigCommerce"}]},{"@type":"WebSite","@id":"https:\/\/elfsight.com\/pl\/#website","url":"https:\/\/elfsight.com\/pl\/","name":"Elfsight PL","description":"Just another Elfsight Sites site","potentialAction":[{"@type":"SearchAction","target":{"@type":"EntryPoint","urlTemplate":"https:\/\/elfsight.com\/pl\/?s={search_term_string}"},"query-input":{"@type":"PropertyValueSpecification","valueRequired":true,"valueName":"search_term_string"}}],"inLanguage":"pl-PL"}]}},"meta_box":{"industry":"","seo_heading":"","heading":"","description":"","cta_heading":"","cta_description":"","application":"2408","h1":"Galeria wideo BigCommerce Vimeo","h1_caption":"Osad\u017a galeri\u0119 film\u00f3w Vimeo, oferuj\u0105c p\u0142ynny spos\u00f3b prezentowania tre\u015bci wideo w witrynie BigCommerce bez wysi\u0142ku.","application_category":[],"applications_title":"","applications_request_title":"","applications_request_button_text":"","hero_text":"","hero_video":"","hero_video_schema_markup":"","selling_points_title":"","selling_points_caption":"","selling_points":[],"selling_points_cta_text":"","features_title":"","features":"","ed_cta_examples_text":"","ed_cta_examples_hidden":"","ed_cta_demo_text":"","ed_cta_demo_hidden":"","why_caption":"","why_editor_title":"","why_editor_text":"","why_team_title":"","why_team_text":"","why_service_title":"","why_service_text":"","template_catalog_visible":"","template_catalog_title":"","template_catalog_text":"","template_catalog_categories_visible":"","demo_title":"Utw\u00f3rz aplikacj\u0119 Galeria Vimeo","demo_caption":"Skonfiguruj swoj\u0105 Galeri\u0119 Vimeo i dodaj j\u0105 do swojej witryny BigCommerce za darmo!","default_faq_hidden":"","app_template_category":[],"platform":"41","template_public_id":"","codecanyon_url":"","codecanyon_item_id":"","codecanyon_price":"","pricing_caption":"","pricing_elfsight_apps_hide_column":"","pricing_elfsight_apps_url":"","pricing_codecanyon_price_caption":"","integration_category":[],"integration_request_title":"","integration_request_cta":"","integration_platform":"","integrations":[],"platform_category":[],"video_schema_markup":"","price":"od 0 USD \/ miesi\u0105c","trial":"","benefits":[{"text":"Bezp\u0142atna pomoc w monta\u017cu"},{"text":"Profesjonalna obs\u0142uga klienta"},{"text":"14-dniowa gwarancja zwrotu pieni\u0119dzy"}],"button_url":"#demo","button_target_blank":"","button_nofollow":"","attributes":[{"name":"Instaluje"},{"name":"Czu\u0142y"},{"name":"Kompatybilne przegl\u0105darki"}],"tags":[],"tags_disable_links":"","hide_more_platforms":"","video_object":"","demo_hide_cta":"","demo_hide_cloud_options":"","pricing_title":"","pricing":[{"pricing_icon":"platform","pricing_title":"Elfsight Apps","pricing_title_caption":"Wersja wieloplatformowa","pricing_price":"od 0 USD \/ miesi\u0105c","pricing_price_caption":"zacznij od bezp\u0142atnego planu","pricing_benefits":[{"text":"Nielimitowane strony internetowe"},{"text":"Ca\u0142odobowe i terminowe wsparcie oraz dobrze udokumentowane"},{"text":"Bezp\u0142atna pomoc w instalacji"},{"text":"100% konfigurowalny"}],"pricing_button_text":"Dodaj do witryny","pricing_button_url":"#demo"}],"related_apps_title":"","related_apps_hidden":"","author":"","image":[],"title":"","job":"","social_networks":[]},"_links":{"self":[{"href":"https:\/\/elfsight.com\/pl\/wp-json\/wp\/v2\/pages\/7192","targetHints":{"allow":["GET"]}}],"collection":[{"href":"https:\/\/elfsight.com\/pl\/wp-json\/wp\/v2\/pages"}],"about":[{"href":"https:\/\/elfsight.com\/pl\/wp-json\/wp\/v2\/types\/page"}],"author":[{"embeddable":true,"href":"https:\/\/elfsight.com\/pl\/wp-json\/wp\/v2\/users\/9"}],"replies":[{"embeddable":true,"href":"https:\/\/elfsight.com\/pl\/wp-json\/wp\/v2\/comments?post=7192"}],"version-history":[{"count":2,"href":"https:\/\/elfsight.com\/pl\/wp-json\/wp\/v2\/pages\/7192\/revisions"}],"predecessor-version":[{"id":8107,"href":"https:\/\/elfsight.com\/pl\/wp-json\/wp\/v2\/pages\/7192\/revisions\/8107"}],"up":[{"embeddable":true,"href":"https:\/\/elfsight.com\/pl\/wp-json\/wp\/v2\/pages\/2409"}],"wp:attachment":[{"href":"https:\/\/elfsight.com\/pl\/wp-json\/wp\/v2\/media?parent=7192"}],"curies":[{"name":"wp","href":"https:\/\/api.w.org\/{rel}","templated":true}]}}