{"id":7191,"date":"1970-01-01T00:00:00","date_gmt":"1970-01-01T00:00:00","guid":{"rendered":"https:\/\/elfsight.com\/pl\/?page_id=7191"},"modified":"2024-11-14T09:34:38","modified_gmt":"2024-11-14T09:34:38","slug":"blogger","status":"publish","type":"page","link":"https:\/\/elfsight.com\/pl\/vimeo-video-gallery-widget\/blogger\/","title":{"rendered":"Vimeo Gallery &#8211; Blogger"},"content":{"rendered":"<div class=\"application-platform-content-item-description application-platform-content-item\" id=\"description\" data-nav-section=\"description\"> <h2>Opis<\/h2> <p>Galeria Elfsight to nieskomplikowane narz\u0119dzie dla tych, kt\u00f3rzy posiadaj\u0105 witryn\u0119 i chcieliby wy\u015bwietla\u0107 na niej tre\u015bci Vimeo To. Mo\u017cesz dowolnie kszta\u0142towa\u0107 playlisty, wy\u015bwietla\u0107 ca\u0142y kana\u0142, wybiera\u0107 najbardziej wci\u0105gaj\u0105ce tre\u015bci tematyczne do swojej galerii i nie tylko. Wid\u017cet zawiera wiele ustawie\u0144 interfejsu, kt\u00f3re pomagaj\u0105 dostosowa\u0107 interfejs do r\u00f3\u017cnych zastosowa\u0144. Wbudowane uk\u0142ady wid\u017cet\u00f3w pomagaj\u0105 optymalnie uporz\u0105dkowa\u0107 zawarto\u015b\u0107, a r\u00f3\u017cnorodne tryby odtwarzania sprawi\u0105, \u017ce ogl\u0105danie film\u00f3w b\u0119dzie wygodne w dowolnym uk\u0142adzie. Dzi\u0119ki elastycznemu nag\u0142\u00f3wkowi zaprezentuj sw\u00f3j kana\u0142 i zwi\u0119ksz liczb\u0119 subskrybent\u00f3w. Widget Elfsight Vimeo stanie si\u0119 skutecznym sposobem nie tylko na zwi\u0119kszenie zaanga\u017cowania, ale i rozw\u00f3j Twojego biznesu. <\/p> <div class=\"faq\" data-component=\"FAQ\"><div class=\"faq-item\">\r\n\t\t\t\t\t<div class=\"faq-item-question\">\r\n\t\t\t\t\t\t<h3 class=\"faq-item-question-text\">Gdzie na mojej stronie mog\u0119 to opublikowa\u0107?<\/h3>\r\n\r\n\t\t\t\t\t\t<div class=\"faq-item-question-icon\"><\/div>\r\n\t\t\t\t\t<\/div>\r\n\r\n\t\t\t\t\t<div class=\"faq-item-answer\">\r\n\t\t\t\t\t\t<div class=\"faq-item-answer-text\"> <p>Galeri\u0119 Vimeo mo\u017cna ustawi\u0107 na dowolnej wybranej stronie. Je\u015bli wkleisz go do szablonu witryny, pojawi si\u0119 on na ka\u017cdej stronie Twojej witryny. <\/p> <\/div>\r\n\t\t\t\t\t<\/div>\r\n\t\t\t\t<\/div><div class=\"faq-item\">\r\n\t\t\t\t\t<div class=\"faq-item-question\">\r\n\t\t\t\t\t\t<h3 class=\"faq-item-question-text\">Jakie korzy\u015bci mi to da?<\/h3>\r\n\r\n\t\t\t\t\t\t<div class=\"faq-item-question-icon\"><\/div>\r\n\t\t\t\t\t<\/div>\r\n\r\n\t\t\t\t\t<div class=\"faq-item-answer\">\r\n\t\t\t\t\t\t<div class=\"faq-item-answer-text\"> <p>Odtwarzacz Vimeo pomo\u017ce Ci podnie\u015b\u0107 poziom zaanga\u017cowania u\u017cytkownik\u00f3w w serwisie z najbardziej wci\u0105gaj\u0105cymi filmami. Opcja natychmiastowej subskrypcji pomo\u017ce Ci pozyska\u0107 nowe subskrypcje na Twoje konto Vimeo. <\/p><\/div>\r\n\t\t\t\t\t<\/div>\r\n\t\t\t\t<\/div> <div class=\"faq-item\">\r\n\t\t\t\t\t<div class=\"faq-item-question\">\r\n\t\t\t\t\t\t<h3 class=\"faq-item-question-text\">Czego potrzebuj\u0119, aby zainstalowa\u0107 odtwarzacz wideo Vimeo? <\/h3>\r\n\r\n\t\t\t\t\t\t<div class=\"faq-item-question-icon\"><\/div>\r\n\t\t\t\t\t<\/div>\r\n\r\n\t\t\t\t\t<div class=\"faq-item-answer\">\r\n\t\t\t\t\t\t<div class=\"faq-item-answer-text\"> <p>Konfiguracja wid\u017cetu zajmuje minut\u0119. Instalacja jest bardzo szybka, bezp\u0142atna i nie wymaga kodowania. <\/p> <p>Istnieje mo\u017cliwo\u015b\u0107 umieszczenia wid\u017cetu Vimeo na stronie bezpo\u015brednio w naszym serwisie. Aby to zrobi\u0107, musisz zapozna\u0107 si\u0119 z przewodnikiem na tej stronie. <\/p> <\/div>\r\n\t\t\t\t\t<\/div>\r\n\t\t\t\t<\/div> <\/div> <\/div><div class=\"application-platform-content-item-features application-platform-content-item\" id=\"features\" data-nav-section=\"features\"> <h2>Funkcje<\/h2> <p>Aby mie\u0107 pe\u0142n\u0105 wiedz\u0119 o Galerii Vimeo, mo\u017cesz mie\u0107 sp\u00f3jrz na list\u0119 g\u0142\u00f3wnych funkcji. Sprawiaj\u0105, \u017ce nasz widget jest niezwykle korzystny dla Twojej promocji: <\/p> <ul><li>Opcja integracji okre\u015blonych uk\u0142ad\u00f3w dla r\u00f3\u017cnych aran\u017cacji film\u00f3w: siatka, lista odtwarzania, suwak; <\/li><li>Siedem elastycznych szczeg\u00f3\u0142\u00f3w nag\u0142\u00f3wka: nazwa, statystyki, opis, przycisk obserwuj\u0105cy, zdj\u0119cie profilowe; <\/li><li>4 gotowe tryby odtwarzania: Popup, Player, Inline lub na Vimeo; <\/li><li>Trzy warianty po zako\u0144czeniu filmu: odtw\u00f3rz nast\u0119pny, powt\u00f3rz, brak; <\/li><\/ul><p><a href=\"#demo\">Poznaj wszystkie funkcje w wersji demonstracyjnej<\/a><\/p> <\/div><div class=\"application-platform-content-item-installation application-platform-content-item\" id=\"installation\" data-nav-section=\"installation\"> <h2>Jak umie\u015b\u0107 film Vimeo w swojej witrynie Bloggera<\/h2><div class=\"video-container\"><iframe width=\"720\" height=\"405\" src=\"https:\/\/www.youtube.com\/embed\/2hk5BB-5dRA\" frameborder=\"0\" allowfullscreen><\/iframe><\/div><p>Te kilka czynno\u015bci to jedyne, co musisz zrobi\u0107, aby osadzi\u0107 wid\u017cet. Nie wymaga kodowania. <\/p> <ol><li><b>Skonstruuj w\u0142asn\u0105 wtyczk\u0119 Galerii Vimeo<\/b><br> Korzystaj\u0105c z naszej bezp\u0142atnej wersji demonstracyjnej, uzyskaj wtyczk\u0119 z wybranym uk\u0142adem i funkcjami.<\/li><li><b>Uzyskaj indywidualny kod umo\u017cliwiaj\u0105cy wy\u015bwietlenie wtyczki<\/b><br> Po utworzeniu wid\u017cetu otrzymasz unikalny kod z wy\u015bwietlonego okna aplikacji Elfsight. Skopiuj ten kod do dalszego wykorzystania. <\/li> <li><b>Wtyczka na Twojej stronie Bloggera<\/b><br> Przejd\u017a do obszaru, w kt\u00f3rym chcesz zintegrowa\u0107 wtyczk\u0119 i wstaw tam zapisany kod. Zapisz zmiany. <\/li> <li><b>Instalacja zako\u0144czy\u0142a si\u0119 pomy\u015blnie<\/b><br> Wejd\u017a na stron\u0119 internetow\u0105, aby obejrze\u0107 swoj\u0105 prac\u0119. <\/li> <\/ol><p>Nadal nie mo\u017cesz si\u0119 zdecydowa\u0107? Lub masz pytania? Po prostu napisz pro\u015bb\u0119 do naszego dzia\u0142u obs\u0142ugi klienta, a oni do\u0142o\u017c\u0105 wszelkich stara\u0144, aby pom\u00f3c w ka\u017cdej sprawie. <\/p> <\/div>","protected":false},"excerpt":{"rendered":"","protected":false},"author":9,"featured_media":0,"parent":2409,"menu_order":0,"comment_status":"closed","ping_status":"closed","template":"templates\/template-application-platform.php","meta":{"publish_to_discourse":"","publish_post_category":"","wpdc_auto_publish_overridden":"","wpdc_topic_tags":"","wpdc_pin_topic":"","wpdc_pin_until":"","discourse_post_id":"","discourse_permalink":"","wpdc_publishing_response":"","wpdc_publishing_error":"","footnotes":""},"class_list":["post-7191","page","type-page","status-publish","hentry"],"yoast_head":"<!-- This site is optimized with the Yoast SEO plugin v25.3.1 - https:\/\/yoast.com\/wordpress\/plugins\/seo\/ -->\n<title>Dodaj wid\u017cet Galeria wideo Vimeo do witryny Bloggera (bezp\u0142atnie i szybko)<\/title>\n<meta name=\"description\" content=\"Dzi\u0119ki Elfsight zaprojektuj swoj\u0105 galeri\u0119 Vimeo i poka\u017c j\u0105 w witrynie Bloggera szybko i \u0142atwo. Mamy bezp\u0142atn\u0105 obs\u0142ug\u0119 klienta i wi\u0119cej bonus\u00f3w.\" \/>\n<meta name=\"robots\" content=\"index, follow, max-snippet:-1, max-image-preview:large, max-video-preview:-1\" \/>\n<link rel=\"canonical\" href=\"https:\/\/elfsight.com\/pl\/vimeo-video-gallery-widget\/blogger\/\" \/>\n<meta property=\"og:locale\" content=\"pl_PL\" \/>\n<meta property=\"og:type\" content=\"article\" \/>\n<meta property=\"og:title\" content=\"Dodaj wid\u017cet Galeria wideo Vimeo do witryny Bloggera (bezp\u0142atnie i szybko)\" \/>\n<meta property=\"og:description\" content=\"Dzi\u0119ki Elfsight zaprojektuj swoj\u0105 galeri\u0119 Vimeo i poka\u017c j\u0105 w witrynie Bloggera szybko i \u0142atwo. Mamy bezp\u0142atn\u0105 obs\u0142ug\u0119 klienta i wi\u0119cej bonus\u00f3w.\" \/>\n<meta property=\"og:url\" content=\"https:\/\/elfsight.com\/pl\/vimeo-video-gallery-widget\/blogger\/\" \/>\n<meta property=\"og:site_name\" content=\"Elfsight PL\" \/>\n<meta property=\"article:modified_time\" content=\"2024-11-14T09:34:38+00:00\" \/>\n<meta name=\"twitter:card\" content=\"summary_large_image\" \/>\n<meta name=\"twitter:label1\" content=\"Szacowany czas czytania\" \/>\n\t<meta name=\"twitter:data1\" content=\"3 minuty\" \/>\n<!-- \/ Yoast SEO plugin. -->","yoast_head_json":{"title":"Dodaj wid\u017cet Galeria wideo Vimeo do witryny Bloggera (bezp\u0142atnie i szybko)","description":"Dzi\u0119ki Elfsight zaprojektuj swoj\u0105 galeri\u0119 Vimeo i poka\u017c j\u0105 w witrynie Bloggera szybko i \u0142atwo. Mamy bezp\u0142atn\u0105 obs\u0142ug\u0119 klienta i wi\u0119cej bonus\u00f3w.","robots":{"index":"index","follow":"follow","max-snippet":"max-snippet:-1","max-image-preview":"max-image-preview:large","max-video-preview":"max-video-preview:-1"},"canonical":"https:\/\/elfsight.com\/pl\/vimeo-video-gallery-widget\/blogger\/","og_locale":"pl_PL","og_type":"article","og_title":"Dodaj wid\u017cet Galeria wideo Vimeo do witryny Bloggera (bezp\u0142atnie i szybko)","og_description":"Dzi\u0119ki Elfsight zaprojektuj swoj\u0105 galeri\u0119 Vimeo i poka\u017c j\u0105 w witrynie Bloggera szybko i \u0142atwo. Mamy bezp\u0142atn\u0105 obs\u0142ug\u0119 klienta i wi\u0119cej bonus\u00f3w.","og_url":"https:\/\/elfsight.com\/pl\/vimeo-video-gallery-widget\/blogger\/","og_site_name":"Elfsight PL","article_modified_time":"2024-11-14T09:34:38+00:00","twitter_card":"summary_large_image","twitter_misc":{"Szacowany czas czytania":"3 minuty"},"schema":{"@context":"https:\/\/schema.org","@graph":[{"@type":"WebPage","@id":"https:\/\/elfsight.com\/pl\/vimeo-video-gallery-widget\/blogger\/","url":"https:\/\/elfsight.com\/pl\/vimeo-video-gallery-widget\/blogger\/","name":"Dodaj wid\u017cet Galeria wideo Vimeo do witryny Bloggera (bezp\u0142atnie i szybko)","isPartOf":{"@id":"https:\/\/elfsight.com\/pl\/#website"},"datePublished":"1970-01-01T00:00:00+00:00","dateModified":"2024-11-14T09:34:38+00:00","description":"Dzi\u0119ki Elfsight zaprojektuj swoj\u0105 galeri\u0119 Vimeo i poka\u017c j\u0105 w witrynie Bloggera szybko i \u0142atwo. Mamy bezp\u0142atn\u0105 obs\u0142ug\u0119 klienta i wi\u0119cej bonus\u00f3w.","breadcrumb":{"@id":"https:\/\/elfsight.com\/pl\/vimeo-video-gallery-widget\/blogger\/#breadcrumb"},"inLanguage":"pl-PL","potentialAction":[{"@type":"ReadAction","target":["https:\/\/elfsight.com\/pl\/vimeo-video-gallery-widget\/blogger\/"]}]},{"@type":"BreadcrumbList","@id":"https:\/\/elfsight.com\/pl\/vimeo-video-gallery-widget\/blogger\/#breadcrumb","itemListElement":[{"@type":"ListItem","position":1,"name":"Home","item":"https:\/\/elfsight.com\/pl\/"},{"@type":"ListItem","position":2,"name":"Vimeo Gallery","item":"https:\/\/elfsight.com\/pl\/vimeo-video-gallery-widget\/"},{"@type":"ListItem","position":3,"name":"Vimeo Gallery &#8211; Blogger"}]},{"@type":"WebSite","@id":"https:\/\/elfsight.com\/pl\/#website","url":"https:\/\/elfsight.com\/pl\/","name":"Elfsight PL","description":"Just another Elfsight Sites site","potentialAction":[{"@type":"SearchAction","target":{"@type":"EntryPoint","urlTemplate":"https:\/\/elfsight.com\/pl\/?s={search_term_string}"},"query-input":{"@type":"PropertyValueSpecification","valueRequired":true,"valueName":"search_term_string"}}],"inLanguage":"pl-PL"}]}},"meta_box":{"industry":"","seo_heading":"","heading":"","description":"","cta_heading":"","cta_description":"","application":"2408","h1":"Galeria wideo Bloggera Vimeo","h1_caption":"Osad\u017a galeri\u0119 film\u00f3w Vimeo, zapewniaj\u0105c p\u0142ynny spos\u00f3b prezentowania tre\u015bci wideo w witrynie Bloggera.","application_category":[],"applications_title":"","applications_request_title":"","applications_request_button_text":"","hero_text":"","hero_video":"","hero_video_schema_markup":"","selling_points_title":"","selling_points_caption":"","selling_points":[],"selling_points_cta_text":"","features_title":"","features":"","ed_cta_examples_text":"","ed_cta_examples_hidden":"","ed_cta_demo_text":"","ed_cta_demo_hidden":"","why_caption":"","why_editor_title":"","why_editor_text":"","why_team_title":"","why_team_text":"","why_service_title":"","why_service_text":"","template_catalog_visible":"","template_catalog_title":"","template_catalog_text":"","template_catalog_categories_visible":"","demo_title":"Utw\u00f3rz wid\u017cet Galerii Vimeo","demo_caption":"Skonfiguruj swoj\u0105 galeri\u0119 Vimeo i dodaj j\u0105 do swojej witryny Bloggera za darmo!","default_faq_hidden":"","app_template_category":[],"platform":"44","template_public_id":"","codecanyon_url":"","codecanyon_item_id":"","codecanyon_price":"","pricing_caption":"","pricing_elfsight_apps_hide_column":"","pricing_elfsight_apps_url":"","pricing_codecanyon_price_caption":"","integration_category":[],"integration_request_title":"","integration_request_cta":"","integration_platform":"","integrations":[],"platform_category":[],"video_schema_markup":"","price":"od 0 USD \/ miesi\u0105c","trial":"","benefits":[{"text":"Bezp\u0142atna pomoc w instalacji"},{"text":"Skuteczna obs\u0142uga klienta"},{"text":"14-dniowa gwarancja zwrotu pieni\u0119dzy"}],"button_url":"#demo","button_target_blank":"","button_nofollow":"","attributes":[{"name":"Instaluje"},{"name":"Czu\u0142y"},{"name":"Kompatybilne przegl\u0105darki"}],"tags":[],"tags_disable_links":"","hide_more_platforms":"","video_object":"","demo_hide_cta":"","demo_hide_cloud_options":"","pricing_title":"","pricing":[{"pricing_icon":"platform","pricing_title":"Elfsight Apps","pricing_title_caption":"Oprogramowanie wieloplatformowe, kt\u00f3re pasuje do ka\u017cdej witryny","pricing_price":"od 0 USD \/ miesi\u0105c","pricing_price_caption":"zacznij od bezp\u0142atnego planu","pricing_benefits":[{"text":"Nielimitowane strony internetowe"},{"text":"Profesjonalne wsparcie i dobrze udokumentowane"},{"text":"Bezp\u0142atna us\u0142uga monta\u017cu"},{"text":"Elastyczny projekt"}],"pricing_button_text":"Dodaj do witryny","pricing_button_url":"#demo"}],"related_apps_title":"","related_apps_hidden":"","author":"","image":[],"title":"","job":"","social_networks":[]},"_links":{"self":[{"href":"https:\/\/elfsight.com\/pl\/wp-json\/wp\/v2\/pages\/7191","targetHints":{"allow":["GET"]}}],"collection":[{"href":"https:\/\/elfsight.com\/pl\/wp-json\/wp\/v2\/pages"}],"about":[{"href":"https:\/\/elfsight.com\/pl\/wp-json\/wp\/v2\/types\/page"}],"author":[{"embeddable":true,"href":"https:\/\/elfsight.com\/pl\/wp-json\/wp\/v2\/users\/9"}],"replies":[{"embeddable":true,"href":"https:\/\/elfsight.com\/pl\/wp-json\/wp\/v2\/comments?post=7191"}],"version-history":[{"count":2,"href":"https:\/\/elfsight.com\/pl\/wp-json\/wp\/v2\/pages\/7191\/revisions"}],"predecessor-version":[{"id":8106,"href":"https:\/\/elfsight.com\/pl\/wp-json\/wp\/v2\/pages\/7191\/revisions\/8106"}],"up":[{"embeddable":true,"href":"https:\/\/elfsight.com\/pl\/wp-json\/wp\/v2\/pages\/2409"}],"wp:attachment":[{"href":"https:\/\/elfsight.com\/pl\/wp-json\/wp\/v2\/media?parent=7191"}],"curies":[{"name":"wp","href":"https:\/\/api.w.org\/{rel}","templated":true}]}}