{"id":7190,"date":"1970-01-01T00:00:00","date_gmt":"1970-01-01T00:00:00","guid":{"rendered":"https:\/\/elfsight.com\/pl\/?page_id=7190"},"modified":"2024-11-14T09:34:10","modified_gmt":"2024-11-14T09:34:10","slug":"drupal","status":"publish","type":"page","link":"https:\/\/elfsight.com\/pl\/vimeo-video-gallery-widget\/drupal\/","title":{"rendered":"Vimeo Gallery &#8211; Drupal"},"content":{"rendered":"<div class=\"application-platform-content-item-description application-platform-content-item\" id=\"description\" data-nav-section=\"description\"> <h2>Opis<\/h2> <p>Galeria Elfsight to proste narz\u0119dzie dla w\u0142a\u015bcicieli witryn, kt\u00f3rzy chc\u0105 dodawa\u0107 filmy Vimeo do witryny. Mo\u017cesz kszta\u0142towa\u0107 playlisty film\u00f3w, integrowa\u0107 kana\u0142, wybiera\u0107 najbardziej anga\u017cuj\u0105ce tre\u015bci do swojej galerii wideo i nie tylko. Modu\u0142 Elfsight oferuje przydatne funkcje projektowe, kt\u00f3re pomagaj\u0105 dostosowa\u0107 interfejs do r\u00f3\u017cnych przypadk\u00f3w. Wbudowane uk\u0142ady wideo pomog\u0105 w najlepszym rozmieszczeniu film\u00f3w, a wyb\u00f3r tryb\u00f3w odtwarzania sprawi, \u017ce ogl\u0105danie film\u00f3w b\u0119dzie wygodne w ka\u017cdym przypadku. Dzi\u0119ki nag\u0142\u00f3wkowi masz szans\u0119 zareklamowa\u0107 swoje konto Vimeo i zyska\u0107 wi\u0119cej obserwuj\u0105cych. Modu\u0142 Elfsight Vimeo to skuteczny spos\u00f3b nie tylko na zwi\u0119kszenie zaanga\u017cowania, ale tak\u017ce na rozw\u00f3j Twojego biznesu. <\/p> <div class=\"faq\" data-component=\"FAQ\"><div class=\"faq-item\">\r\n\t\t\t\t\t<div class=\"faq-item-question\">\r\n\t\t\t\t\t\t<h3 class=\"faq-item-question-text\">Gdzie mog\u0119 to wstawi\u0107<\/h3>\r\n\r\n\t\t\t\t\t\t<div class=\"faq-item-question-icon\"><\/div>\r\n\t\t\t\t\t<\/div>\r\n\r\n\t\t\t\t\t<div class=\"faq-item-answer\">\r\n\t\t\t\t\t\t<div class=\"faq-item-answer-text\"> <p>Mo\u017cesz umie\u015bci\u0107 go na dowolnej stronie swojej witryny. Je\u015bli wkleisz Galeri\u0119 Vimeo do szablonu witryny, filmy pojawi\u0105 si\u0119 na ka\u017cdej stronie. <\/p> <\/div>\r\n\t\t\t\t\t<\/div>\r\n\t\t\t\t<\/div><div class=\"faq-item\">\r\n\t\t\t\t\t<div class=\"faq-item-question\">\r\n\t\t\t\t\t\t<h3 class=\"faq-item-question-text\">Jak mog\u0119 z tego skorzysta\u0107? <\/h3>\r\n\r\n\t\t\t\t\t\t<div class=\"faq-item-question-icon\"><\/div>\r\n\t\t\t\t\t<\/div>\r\n\r\n\t\t\t\t\t<div class=\"faq-item-answer\">\r\n\t\t\t\t\t\t<div class=\"faq-item-answer-text\"> <p>Przyczyni si\u0119 to do zwi\u0119kszenia zaanga\u017cowania u\u017cytkownik\u00f3w na Twojej stronie za pomoc\u0105 odpowiednio dobranych film\u00f3w. Funkcja szybkiego \u015bledzenia pomo\u017ce przyci\u0105gn\u0105\u0107 nowych subskrybent\u00f3w Twojego kana\u0142u. <\/p><\/div>\r\n\t\t\t\t\t<\/div>\r\n\t\t\t\t<\/div> <div class=\"faq-item\">\r\n\t\t\t\t\t<div class=\"faq-item-question\">\r\n\t\t\t\t\t\t<h3 class=\"faq-item-question-text\">Jak mog\u0119 mie\u0107 odtwarzacz wideo Vimeo? <\/h3>\r\n\r\n\t\t\t\t\t\t<div class=\"faq-item-question-icon\"><\/div>\r\n\t\t\t\t\t<\/div>\r\n\r\n\t\t\t\t\t<div class=\"faq-item-answer\">\r\n\t\t\t\t\t\t<div class=\"faq-item-answer-text\"> <p>Aby osadzi\u0107 wid\u017cet, potrzebujesz tylko minuty. Ten proces jest naprawd\u0119 szybki, bezp\u0142atny i nie wymaga kodowania. <\/p> <p>Odtwarzacz Elfsight Vimeo mo\u017cna zintegrowa\u0107 za po\u015brednictwem naszej us\u0142ugi lub za po\u015brednictwem rynku. Mo\u017cesz por\u00f3wna\u0107 te opcje i wybra\u0107 swoj\u0105. <\/p> <\/div>\r\n\t\t\t\t\t<\/div>\r\n\t\t\t\t<\/div> <\/div> <\/div> <div class=\"application-platform-content-item-features application-platform-content-item\" id=\"features\" data-nav-section=\"features\"> <h2>Funkcje<\/h2> <p>Aby mie\u0107 jasny obraz Galerii Vimeo, odkryj list\u0119 jej g\u0142\u00f3wnych cechy. Sprawiaj\u0105, \u017ce ten widget jest naprawd\u0119 korzystny dla Twojej promocji: <\/p> <ul><li>Dodawanie film\u00f3w wideo wed\u0142ug adres\u00f3w URL; <\/li><li>Trzy wbudowane uk\u0142ady umo\u017cliwiaj\u0105ce r\u00f3\u017cne sposoby odtwarzania film\u00f3w: siatka, lista odtwarzania, suwak; <\/li><li>7 kontrolowanych element\u00f3w nag\u0142\u00f3wka wid\u017cetu: nazwa, statystyki, opis, przycisk obserwuj\u0105cy, zdj\u0119cie profilowe; <\/li><li>Cztery wbudowane tryby odtwarzania: Popup, Player, Inline lub na Vimeo; <\/li><li>3 opcje po zako\u0144czeniu wideo: odtwarzaj dalej, odtwarzaj ponownie, brak; <\/li><\/ul><p><a href=\"#demo\">Aby pozna\u0107 wszystkie funkcje, zobacz demonstracj\u0119 na \u017cywo<\/a><\/p> <\/div> <div class=\"application-platform-content-item-installation application-platform-content-item\" id=\"installation\" data-nav-section=\"installation\"> <h2>Sprawd\u017a, jak osadzi\u0107 wideo Vimeo na swojej stronie Drupal<\/h2><div class=\"video-container\"><iframe width=\"720\" height=\"405\" src=\"https:\/\/www.youtube.com\/embed\/IH_dL6x6VzI\" frameborder=\"0\" allowfullscreen><\/iframe><\/div><p>Wystarczy spe\u0142ni\u0107 poni\u017csze wskaz\u00f3wki, aby osadzi\u0107 wtyczk\u0119 na Drupalu.<\/p> <ol><li><b>Zarz\u0105dzaj naszymi bezp\u0142atne demo i zacznij budowa\u0107 w\u0142asny modu\u0142 Galerii Vimeo. <\/b><br> Znajd\u017a preferowan\u0105 form\u0119 i parametry narz\u0119dzia i zastosuj zmiany. <\/li> <li><b>Zdob\u0105d\u017a sw\u00f3j unikalny kod pojawiaj\u0105cy si\u0119 w polu w aplikacjach Elfsight. <\/b><br> Zaraz po zako\u0144czeniu tworzenia modu\u0142u skopiuj indywidualny kod w wy\u015bwietlonym oknie i zapisz go na p\u00f3\u017aniej. <\/li> <li><b>Rozpocznij korzystanie z modu\u0142u na stronie Drupal. <\/b><br> Wstaw skopiowany ostatnio kod na swoj\u0105 stron\u0119 i zastosuj poprawki. <\/li> <li><b>Gotowe! Integracja zosta\u0142a pomy\u015blnie przeprowadzona. <\/b><br> Przejd\u017a do swojej witryny, aby sprawdzi\u0107 dzia\u0142anie modu\u0142u. <\/li><\/ol><p>Nadal nie jeste\u015b pewien? Lub masz pytania? Wystarczy wys\u0142a\u0107 zapytanie do naszego dzia\u0142u obs\u0142ugi klienta. Pomo\u017cemy w ka\u017cdej sprawie. <\/p> <\/div>","protected":false},"excerpt":{"rendered":"","protected":false},"author":9,"featured_media":0,"parent":2409,"menu_order":0,"comment_status":"closed","ping_status":"closed","template":"templates\/template-application-platform.php","meta":{"publish_to_discourse":"","publish_post_category":"","wpdc_auto_publish_overridden":"","wpdc_topic_tags":"","wpdc_pin_topic":"","wpdc_pin_until":"","discourse_post_id":"","discourse_permalink":"","wpdc_publishing_response":"","wpdc_publishing_error":"","footnotes":""},"class_list":["post-7190","page","type-page","status-publish","hentry"],"yoast_head":"<!-- This site is optimized with the Yoast SEO plugin v25.3.1 - https:\/\/yoast.com\/wordpress\/plugins\/seo\/ -->\n<title>Drupal Vimeo \u2014 Dodaj modu\u0142 Galerii Vimeo do witryny Drupal [2025]<\/title>\n<meta name=\"description\" content=\"Skonstruowanie modu\u0142u Vimeo Video Gallery i wy\u015bwietlenie go na stronie Drupal jest \u0142atwe. Obs\u0142uga klienta Elfsight jest bezp\u0142atna.\" \/>\n<meta name=\"robots\" content=\"index, follow, max-snippet:-1, max-image-preview:large, max-video-preview:-1\" \/>\n<link rel=\"canonical\" href=\"https:\/\/elfsight.com\/pl\/vimeo-video-gallery-widget\/drupal\/\" \/>\n<meta property=\"og:locale\" content=\"pl_PL\" \/>\n<meta property=\"og:type\" content=\"article\" \/>\n<meta property=\"og:title\" content=\"Drupal Vimeo \u2014 Dodaj modu\u0142 Galerii Vimeo do witryny Drupal [2025]\" \/>\n<meta property=\"og:description\" content=\"Skonstruowanie modu\u0142u Vimeo Video Gallery i wy\u015bwietlenie go na stronie Drupal jest \u0142atwe. Obs\u0142uga klienta Elfsight jest bezp\u0142atna.\" \/>\n<meta property=\"og:url\" content=\"https:\/\/elfsight.com\/pl\/vimeo-video-gallery-widget\/drupal\/\" \/>\n<meta property=\"og:site_name\" content=\"Elfsight PL\" \/>\n<meta property=\"article:modified_time\" content=\"2024-11-14T09:34:10+00:00\" \/>\n<meta name=\"twitter:card\" content=\"summary_large_image\" \/>\n<meta name=\"twitter:label1\" content=\"Szacowany czas czytania\" \/>\n\t<meta name=\"twitter:data1\" content=\"3 minuty\" \/>\n<!-- \/ Yoast SEO plugin. -->","yoast_head_json":{"title":"Drupal Vimeo \u2014 Dodaj modu\u0142 Galerii Vimeo do witryny Drupal [2025]","description":"Skonstruowanie modu\u0142u Vimeo Video Gallery i wy\u015bwietlenie go na stronie Drupal jest \u0142atwe. Obs\u0142uga klienta Elfsight jest bezp\u0142atna.","robots":{"index":"index","follow":"follow","max-snippet":"max-snippet:-1","max-image-preview":"max-image-preview:large","max-video-preview":"max-video-preview:-1"},"canonical":"https:\/\/elfsight.com\/pl\/vimeo-video-gallery-widget\/drupal\/","og_locale":"pl_PL","og_type":"article","og_title":"Drupal Vimeo \u2014 Dodaj modu\u0142 Galerii Vimeo do witryny Drupal [2025]","og_description":"Skonstruowanie modu\u0142u Vimeo Video Gallery i wy\u015bwietlenie go na stronie Drupal jest \u0142atwe. Obs\u0142uga klienta Elfsight jest bezp\u0142atna.","og_url":"https:\/\/elfsight.com\/pl\/vimeo-video-gallery-widget\/drupal\/","og_site_name":"Elfsight PL","article_modified_time":"2024-11-14T09:34:10+00:00","twitter_card":"summary_large_image","twitter_misc":{"Szacowany czas czytania":"3 minuty"},"schema":{"@context":"https:\/\/schema.org","@graph":[{"@type":"WebPage","@id":"https:\/\/elfsight.com\/pl\/vimeo-video-gallery-widget\/drupal\/","url":"https:\/\/elfsight.com\/pl\/vimeo-video-gallery-widget\/drupal\/","name":"Drupal Vimeo \u2014 Dodaj modu\u0142 Galerii Vimeo do witryny Drupal [2025]","isPartOf":{"@id":"https:\/\/elfsight.com\/pl\/#website"},"datePublished":"1970-01-01T00:00:00+00:00","dateModified":"2024-11-14T09:34:10+00:00","description":"Skonstruowanie modu\u0142u Vimeo Video Gallery i wy\u015bwietlenie go na stronie Drupal jest \u0142atwe. Obs\u0142uga klienta Elfsight jest bezp\u0142atna.","breadcrumb":{"@id":"https:\/\/elfsight.com\/pl\/vimeo-video-gallery-widget\/drupal\/#breadcrumb"},"inLanguage":"pl-PL","potentialAction":[{"@type":"ReadAction","target":["https:\/\/elfsight.com\/pl\/vimeo-video-gallery-widget\/drupal\/"]}]},{"@type":"BreadcrumbList","@id":"https:\/\/elfsight.com\/pl\/vimeo-video-gallery-widget\/drupal\/#breadcrumb","itemListElement":[{"@type":"ListItem","position":1,"name":"Home","item":"https:\/\/elfsight.com\/pl\/"},{"@type":"ListItem","position":2,"name":"Vimeo Gallery","item":"https:\/\/elfsight.com\/pl\/vimeo-video-gallery-widget\/"},{"@type":"ListItem","position":3,"name":"Vimeo Gallery &#8211; Drupal"}]},{"@type":"WebSite","@id":"https:\/\/elfsight.com\/pl\/#website","url":"https:\/\/elfsight.com\/pl\/","name":"Elfsight PL","description":"Just another Elfsight Sites site","potentialAction":[{"@type":"SearchAction","target":{"@type":"EntryPoint","urlTemplate":"https:\/\/elfsight.com\/pl\/?s={search_term_string}"},"query-input":{"@type":"PropertyValueSpecification","valueRequired":true,"valueName":"search_term_string"}}],"inLanguage":"pl-PL"}]}},"meta_box":{"industry":"","seo_heading":"","heading":"","description":"","cta_heading":"","cta_description":"","application":"2408","h1":"Galeria wideo Vimeo Drupala","h1_caption":"Osad\u017a galeri\u0119 film\u00f3w vimeo, oferuj\u0105c p\u0142ynny spos\u00f3b prezentowania tre\u015bci wideo na swojej stronie Drupal.","application_category":[],"applications_title":"","applications_request_title":"","applications_request_button_text":"","hero_text":"","hero_video":"","hero_video_schema_markup":"","selling_points_title":"","selling_points_caption":"","selling_points":[],"selling_points_cta_text":"","features_title":"","features":"","ed_cta_examples_text":"","ed_cta_examples_hidden":"","ed_cta_demo_text":"","ed_cta_demo_hidden":"","why_caption":"","why_editor_title":"","why_editor_text":"","why_team_title":"","why_team_text":"","why_service_title":"","why_service_text":"","template_catalog_visible":"","template_catalog_title":"","template_catalog_text":"","template_catalog_categories_visible":"","demo_title":"Utw\u00f3rz modu\u0142 Galerii Vimeo","demo_caption":"Skonfiguruj swoj\u0105 galeri\u0119 Vimeo i dodaj j\u0105 do swojej witryny Drupal za darmo!","default_faq_hidden":"","app_template_category":[],"platform":"47","template_public_id":"","codecanyon_url":"","codecanyon_item_id":"","codecanyon_price":"","pricing_caption":"","pricing_elfsight_apps_hide_column":"","pricing_elfsight_apps_url":"","pricing_codecanyon_price_caption":"","integration_category":[],"integration_request_title":"","integration_request_cta":"","integration_platform":"","integrations":[],"platform_category":[],"video_schema_markup":"","price":"od 0 USD \/ miesi\u0105c","trial":"","benefits":[{"text":"Bezp\u0142atna pomoc w monta\u017cu"},{"text":"Kompetentna obs\u0142uga klienta"},{"text":"14-dniowa gwarancja zwrotu pieni\u0119dzy"}],"button_url":"#demo","button_target_blank":"","button_nofollow":"","attributes":[{"name":"Instaluje"},{"name":"Czu\u0142y"},{"name":"Kompatybilne przegl\u0105darki"}],"tags":[],"tags_disable_links":"","hide_more_platforms":"","video_object":"","demo_hide_cta":"","demo_hide_cloud_options":"","pricing_title":"","pricing":[{"pricing_icon":"platform","pricing_title":"Elfsight Apps","pricing_title_caption":"Rozwi\u0105zanie wieloplatformowe, kt\u00f3re dzia\u0142a na dowolnej witrynie","pricing_price":"od 0 USD \/ miesi\u0105c","pricing_price_caption":"zacznij od bezp\u0142atnego planu","pricing_benefits":[{"text":"Nielimitowane domeny"},{"text":"Bezp\u0142atne i terminowe wsparcie"},{"text":"Bezp\u0142atna us\u0142uga monta\u017cu"},{"text":"Specjalna cena za wiele aplikacji"}],"pricing_button_text":"Dodaj do witryny","pricing_button_url":"#demo"}],"related_apps_title":"","related_apps_hidden":"","author":"","image":[],"title":"","job":"","social_networks":[]},"_links":{"self":[{"href":"https:\/\/elfsight.com\/pl\/wp-json\/wp\/v2\/pages\/7190","targetHints":{"allow":["GET"]}}],"collection":[{"href":"https:\/\/elfsight.com\/pl\/wp-json\/wp\/v2\/pages"}],"about":[{"href":"https:\/\/elfsight.com\/pl\/wp-json\/wp\/v2\/types\/page"}],"author":[{"embeddable":true,"href":"https:\/\/elfsight.com\/pl\/wp-json\/wp\/v2\/users\/9"}],"replies":[{"embeddable":true,"href":"https:\/\/elfsight.com\/pl\/wp-json\/wp\/v2\/comments?post=7190"}],"version-history":[{"count":2,"href":"https:\/\/elfsight.com\/pl\/wp-json\/wp\/v2\/pages\/7190\/revisions"}],"predecessor-version":[{"id":8105,"href":"https:\/\/elfsight.com\/pl\/wp-json\/wp\/v2\/pages\/7190\/revisions\/8105"}],"up":[{"embeddable":true,"href":"https:\/\/elfsight.com\/pl\/wp-json\/wp\/v2\/pages\/2409"}],"wp:attachment":[{"href":"https:\/\/elfsight.com\/pl\/wp-json\/wp\/v2\/media?parent=7190"}],"curies":[{"name":"wp","href":"https:\/\/api.w.org\/{rel}","templated":true}]}}