{"id":7189,"date":"2024-05-03T06:53:40","date_gmt":"2024-05-03T06:53:40","guid":{"rendered":"https:\/\/elfsight.com\/pl\/?page_id=7189"},"modified":"2024-11-14T09:34:10","modified_gmt":"2024-11-14T09:34:10","slug":"elementor","status":"publish","type":"page","link":"https:\/\/elfsight.com\/pl\/vimeo-video-gallery-widget\/elementor\/","title":{"rendered":"Vimeo Gallery &#8211; Elementor"},"content":{"rendered":"<div class=\"application-platform-content-item-description application-platform-content-item\" id=\"description\" data-nav-section=\"description\"> <h2>Osad\u017a galeri\u0119 Vimeo na Elementorze za pomoc\u0105 wid\u017cetu Elfsight<\/h2> <p>Wid\u017cet Elfsight to skuteczne narz\u0119dzie dla tych, kt\u00f3rzy prowadz\u0105 stron\u0119 internetow\u0105 i kt\u00f3rzy chc\u0105 zintegrowa\u0107 tre\u015bci Vimeo na stronie. Masz mo\u017cliwo\u015b\u0107 tworzenia list odtwarzania, osadzania kana\u0142\u00f3w, znajdowania najbardziej wci\u0105gaj\u0105cych tre\u015bci wideo do swojej galerii wideo i nie tylko. Wid\u017cet Elfsight oferuje r\u00f3\u017cnorodne ustawienia projektowe, kt\u00f3re pomagaj\u0105 dostosowa\u0107 interfejs do r\u00f3\u017cnych zastosowa\u0144. Trzy uk\u0142ady pomagaj\u0105 optymalnie uporz\u0105dkowa\u0107 zawarto\u015b\u0107, a r\u00f3\u017cnorodne tryby odtwarzania sprawiaj\u0105, \u017ce ogl\u0105danie film\u00f3w jest wygodne dla ka\u017cdego u\u017cytkownika. Dzi\u0119ki elastycznemu nag\u0142\u00f3wkowi mo\u017cesz \u0142atwo zaprezentowa\u0107 sw\u00f3j kana\u0142 i zwi\u0119kszy\u0107 liczb\u0119 subskrybent\u00f3w. Galeria Elfsight Vimeo b\u0119dzie \u0142atwym sposobem nie tylko na zwi\u0119kszenie zaanga\u017cowania, ale tak\u017ce na promocj\u0119 Twojej firmy.<\/p><div class=\"faq\" data-component=\"FAQ\"><div class=\"faq-item\">\r\n\t\t\t\t\t<div class=\"faq-item-question\">\r\n\t\t\t\t\t\t<h3 class=\"faq-item-question-text\">Gdzie mog\u0119 doda\u0107 odtwarzacz wideo Vimeo?<\/h3>\r\n\r\n\t\t\t\t\t\t<div class=\"faq-item-question-icon\"><\/div>\r\n\t\t\t\t\t<\/div>\r\n\r\n\t\t\t\t\t<div class=\"faq-item-answer\">\r\n\t\t\t\t\t\t<div class=\"faq-item-answer-text\"> <p>Mo\u017ce to zrobi\u0107 ofert\u0119 pracy na dowolnej stronie internetowej. Je\u015bli wstawisz widget do szablonu, widget pojawi si\u0119 na ka\u017cdej stronie serwisu. <\/p> <\/div>\r\n\t\t\t\t\t<\/div>\r\n\t\t\t\t<\/div><div class=\"faq-item\">\r\n\t\t\t\t\t<div class=\"faq-item-question\">\r\n\t\t\t\t\t\t<h3 class=\"faq-item-question-text\">Jakie b\u0119d\u0119 z tego korzy\u015bci? <\/h3>\r\n\r\n\t\t\t\t\t\t<div class=\"faq-item-question-icon\"><\/div>\r\n\t\t\t\t\t<\/div>\r\n\r\n\t\t\t\t\t<div class=\"faq-item-answer\">\r\n\t\t\t\t\t\t<div class=\"faq-item-answer-text\"> <p>Wid\u017cet przyczyni si\u0119 do wi\u0119kszego zaanga\u017cowania odwiedzaj\u0105cych na stronie za pomoc\u0105 ekscytuj\u0105cych film\u00f3w. Opcja natychmiastowego obserwowania pomo\u017ce pozyska\u0107 nowych obserwuj\u0105cych Twoje konto Vimeo. <\/p><\/div>\r\n\t\t\t\t\t<\/div>\r\n\t\t\t\t<\/div> <div class=\"faq-item\">\r\n\t\t\t\t\t<div class=\"faq-item-question\">\r\n\t\t\t\t\t\t<h3 class=\"faq-item-question-text\">Jak doda\u0107 wid\u017cet Vimeo do mojej witryny internetowej? <\/h3>\r\n\r\n\t\t\t\t\t\t<div class=\"faq-item-question-icon\"><\/div>\r\n\t\t\t\t\t<\/div>\r\n\r\n\t\t\t\t\t<div class=\"faq-item-answer\">\r\n\t\t\t\t\t\t<div class=\"faq-item-answer-text\"> <p>Osadzanie wid\u017cetu zajmie Ci tylko chwil\u0119. Instalacja jest bardzo szybka, bezp\u0142atna i nie wymaga kodowania. <\/p> <p>Mo\u017cesz umie\u015bci\u0107 odtwarzacz Vimeo na stronie za po\u015brednictwem naszego serwisu. Po prostu sprawd\u017a przewodnik na tej stronie. <\/p><li>Galeri\u0119 wideo Elfsight Vimeo mo\u017cna skonfigurowa\u0107 za po\u015brednictwem naszej us\u0142ugi lub na rynku. Mo\u017cesz pozna\u0107 wszystkie szczeg\u00f3\u0142y dotycz\u0105ce obu wariant\u00f3w i wybra\u0107 bardziej odpowiedni. <p><\/p> <\/div>\r\n\t\t\t\t\t<\/div>\r\n\t\t\t\t<\/div> <\/div> <\/div> <div class=\"application-platform-content-item-features application-platform-content-item\" id=\"features\" data-nav-section=\"features\"> <h2>G\u0142\u00f3wne funkcje wid\u017cetu Galerii Vimeo<\/h2> <p>Aby utworzy\u0107 pe\u0142n\u0105 znajomo\u015b\u0107 Galerii Vimeo, zobacz list\u0119 jej najwa\u017cniejszych funkcji. Sprawiaj\u0105, \u017ce nasz widget jest niezwykle korzystny dla Twojej firmy: <\/p> <ul><li>Mo\u017cliwo\u015b\u0107 osadzania wybranych uk\u0142ad\u00f3w w celu uzyskania r\u00f3\u017cnych sposob\u00f3w aran\u017cacji film\u00f3w: siatka, lista odtwarzania, suwak; <\/li><li>Siedem elastycznych element\u00f3w nag\u0142\u00f3wka: nazwa, statystyki, opis, przycisk obserwuj\u0105cy, zdj\u0119cie profilowe; <\/li><li>4 gotowe tryby odtwarzania: Popup, Player, Inline lub na Vimeo; <\/li><li>3 dzia\u0142ania po zako\u0144czeniu filmu: odtwarzaj dalej, odtwarzaj ponownie, brak; <\/li><\/ul><p><a href=\"#demo\">Sprawd\u017a wi\u0119cej funkcji w wersji demonstracyjnej<\/a><\/p> <\/div> <div class=\"application-platform-content-item-installation application-platform-content-item\" id=\"installation\" data-nav-section=\"installation\"> <h2>Zobaczmy jak doda\u0107 wideo Vimeo do swojej witryny Elementor<\/h2><div class=\"video-container\"><iframe width=\"720\" height=\"405\" src=\"https:\/\/www.youtube.com\/embed\/iQzRXHSASmA\" frameborder=\"0\" allowfullscreen=\"\"><\/iframe><\/div><p>Te kilka czynno\u015bci to jedyne, co musisz zrobi\u0107, aby wy\u015bwietli\u0107 wid\u017cet na swojej stronie. <\/p> <ol><li><b>Wygeneruj w\u0142asn\u0105 wtyczk\u0119 Galerii Vimeo<\/b><br> Za pomoc\u0105 naszego bezp\u0142atnego edytora uzyskaj wtyczk\u0119 z preferowanym interfejsem i funkcjami. <\/li><li><b>Uzyskaj indywidualny kod do opublikowania wtyczki<\/b><br> Po utworzeniu wid\u017cetu otrzymasz unikalny kod z wyskakuj\u0105cego powiadomienia w aplikacjach Elfsight. Skopiuj ten kod. <\/li> <li><b>Zintegruj wtyczk\u0119 ze swoj\u0105 witryn\u0105 Muse<\/b><br> Wybierz miejsce, w kt\u00f3rym chcesz wy\u015bwietli\u0107 wtyczk\u0119 i wklej tam zapisany kod. Zastosuj wyniki. <\/li> <li><b>Instalacja zosta\u0142a zako\u0144czona<\/b><br> Przejd\u017a do zasob\u00f3w internetowych, aby zobaczy\u0107 swoj\u0105 prac\u0119. <\/li> <\/ol><p>Nadal nie podj\u0105\u0142e\u015b decyzji? Lub masz pytania? Po prostu wy\u015blij zapytanie do naszego dzia\u0142u obs\u0142ugi klienta, a odpowiemy na ka\u017cde pytanie. <\/p> <\/div><\/li>","protected":false},"excerpt":{"rendered":"","protected":false},"author":9,"featured_media":0,"parent":2409,"menu_order":0,"comment_status":"closed","ping_status":"closed","template":"templates\/template-application-platform.php","meta":{"publish_to_discourse":"","publish_post_category":"","wpdc_auto_publish_overridden":"","wpdc_topic_tags":"","wpdc_pin_topic":"","wpdc_pin_until":"","discourse_post_id":"","discourse_permalink":"","wpdc_publishing_response":"","wpdc_publishing_error":"","footnotes":""},"class_list":["post-7189","page","type-page","status-publish","hentry"],"yoast_head":"<!-- This site is optimized with the Yoast SEO plugin v25.3.1 - https:\/\/yoast.com\/wordpress\/plugins\/seo\/ -->\n<title>Dodaj galeri\u0119 wideo Vimeo do witryny Elementor (bezp\u0142atnie i szybko)<\/title>\n<meta name=\"description\" content=\"Dzi\u0119ki Elfsight mo\u017cesz szybko i \u0142atwo kszta\u0142towa\u0107 swoj\u0105 galeri\u0119 wideo Vimeo i dodawa\u0107 j\u0105 do witryny Elementor. Oferujemy bezp\u0142atn\u0105 obs\u0142ug\u0119 klienta i wi\u0119cej bonus\u00f3w.\" \/>\n<meta name=\"robots\" content=\"index, follow, max-snippet:-1, max-image-preview:large, max-video-preview:-1\" \/>\n<link rel=\"canonical\" href=\"https:\/\/elfsight.com\/pl\/vimeo-video-gallery-widget\/elementor\/\" \/>\n<meta property=\"og:locale\" content=\"pl_PL\" \/>\n<meta property=\"og:type\" content=\"article\" \/>\n<meta property=\"og:title\" content=\"Dodaj galeri\u0119 wideo Vimeo do witryny Elementor (bezp\u0142atnie i szybko)\" \/>\n<meta property=\"og:description\" content=\"Dzi\u0119ki Elfsight mo\u017cesz szybko i \u0142atwo kszta\u0142towa\u0107 swoj\u0105 galeri\u0119 wideo Vimeo i dodawa\u0107 j\u0105 do witryny Elementor. Oferujemy bezp\u0142atn\u0105 obs\u0142ug\u0119 klienta i wi\u0119cej bonus\u00f3w.\" \/>\n<meta property=\"og:url\" content=\"https:\/\/elfsight.com\/pl\/vimeo-video-gallery-widget\/elementor\/\" \/>\n<meta property=\"og:site_name\" content=\"Elfsight PL\" \/>\n<meta property=\"article:modified_time\" content=\"2024-11-14T09:34:10+00:00\" \/>\n<meta name=\"twitter:card\" content=\"summary_large_image\" \/>\n<meta name=\"twitter:label1\" content=\"Szacowany czas czytania\" \/>\n\t<meta name=\"twitter:data1\" content=\"3 minuty\" \/>\n<!-- \/ Yoast SEO plugin. -->","yoast_head_json":{"title":"Dodaj galeri\u0119 wideo Vimeo do witryny Elementor (bezp\u0142atnie i szybko)","description":"Dzi\u0119ki Elfsight mo\u017cesz szybko i \u0142atwo kszta\u0142towa\u0107 swoj\u0105 galeri\u0119 wideo Vimeo i dodawa\u0107 j\u0105 do witryny Elementor. Oferujemy bezp\u0142atn\u0105 obs\u0142ug\u0119 klienta i wi\u0119cej bonus\u00f3w.","robots":{"index":"index","follow":"follow","max-snippet":"max-snippet:-1","max-image-preview":"max-image-preview:large","max-video-preview":"max-video-preview:-1"},"canonical":"https:\/\/elfsight.com\/pl\/vimeo-video-gallery-widget\/elementor\/","og_locale":"pl_PL","og_type":"article","og_title":"Dodaj galeri\u0119 wideo Vimeo do witryny Elementor (bezp\u0142atnie i szybko)","og_description":"Dzi\u0119ki Elfsight mo\u017cesz szybko i \u0142atwo kszta\u0142towa\u0107 swoj\u0105 galeri\u0119 wideo Vimeo i dodawa\u0107 j\u0105 do witryny Elementor. Oferujemy bezp\u0142atn\u0105 obs\u0142ug\u0119 klienta i wi\u0119cej bonus\u00f3w.","og_url":"https:\/\/elfsight.com\/pl\/vimeo-video-gallery-widget\/elementor\/","og_site_name":"Elfsight PL","article_modified_time":"2024-11-14T09:34:10+00:00","twitter_card":"summary_large_image","twitter_misc":{"Szacowany czas czytania":"3 minuty"},"schema":{"@context":"https:\/\/schema.org","@graph":[{"@type":"WebPage","@id":"https:\/\/elfsight.com\/pl\/vimeo-video-gallery-widget\/elementor\/","url":"https:\/\/elfsight.com\/pl\/vimeo-video-gallery-widget\/elementor\/","name":"Dodaj galeri\u0119 wideo Vimeo do witryny Elementor (bezp\u0142atnie i szybko)","isPartOf":{"@id":"https:\/\/elfsight.com\/pl\/#website"},"datePublished":"2024-05-03T06:53:40+00:00","dateModified":"2024-11-14T09:34:10+00:00","description":"Dzi\u0119ki Elfsight mo\u017cesz szybko i \u0142atwo kszta\u0142towa\u0107 swoj\u0105 galeri\u0119 wideo Vimeo i dodawa\u0107 j\u0105 do witryny Elementor. Oferujemy bezp\u0142atn\u0105 obs\u0142ug\u0119 klienta i wi\u0119cej bonus\u00f3w.","breadcrumb":{"@id":"https:\/\/elfsight.com\/pl\/vimeo-video-gallery-widget\/elementor\/#breadcrumb"},"inLanguage":"pl-PL","potentialAction":[{"@type":"ReadAction","target":["https:\/\/elfsight.com\/pl\/vimeo-video-gallery-widget\/elementor\/"]}]},{"@type":"BreadcrumbList","@id":"https:\/\/elfsight.com\/pl\/vimeo-video-gallery-widget\/elementor\/#breadcrumb","itemListElement":[{"@type":"ListItem","position":1,"name":"Home","item":"https:\/\/elfsight.com\/pl\/"},{"@type":"ListItem","position":2,"name":"Vimeo Gallery","item":"https:\/\/elfsight.com\/pl\/vimeo-video-gallery-widget\/"},{"@type":"ListItem","position":3,"name":"Vimeo Gallery &#8211; Elementor"}]},{"@type":"WebSite","@id":"https:\/\/elfsight.com\/pl\/#website","url":"https:\/\/elfsight.com\/pl\/","name":"Elfsight PL","description":"Just another Elfsight Sites site","potentialAction":[{"@type":"SearchAction","target":{"@type":"EntryPoint","urlTemplate":"https:\/\/elfsight.com\/pl\/?s={search_term_string}"},"query-input":{"@type":"PropertyValueSpecification","valueRequired":true,"valueName":"search_term_string"}}],"inLanguage":"pl-PL"}]}},"meta_box":{"industry":"","seo_heading":"","heading":"","description":"","cta_heading":"","cta_description":"","application":"2408","h1":"Galeria wideo Elementora Vimeo","h1_caption":"Osad\u017a galeri\u0119 film\u00f3w vimeo, oferuj\u0105c p\u0142ynny spos\u00f3b prezentowania tre\u015bci wideo w witrynie Elementor.","application_category":[],"applications_title":"","applications_request_title":"","applications_request_button_text":"","hero_text":"","hero_video":"","hero_video_schema_markup":"","selling_points_title":"","selling_points_caption":"","selling_points":[],"selling_points_cta_text":"","features_title":"","features":"","ed_cta_examples_text":"","ed_cta_examples_hidden":"","ed_cta_demo_text":"","ed_cta_demo_hidden":"","why_caption":"","why_editor_title":"","why_editor_text":"","why_team_title":"","why_team_text":"","why_service_title":"","why_service_text":"","template_catalog_visible":"","template_catalog_title":"","template_catalog_text":"","template_catalog_categories_visible":"","demo_title":"Utw\u00f3rz wid\u017cet Galerii Vimeo","demo_caption":"Skonfiguruj swoj\u0105 galeri\u0119 Vimeo i dodaj j\u0105 do swojej witryny Elementor za darmo!","default_faq_hidden":"","app_template_category":[],"platform":"268","template_public_id":"","codecanyon_url":"","codecanyon_item_id":"","codecanyon_price":"","pricing_caption":"","pricing_elfsight_apps_hide_column":"","pricing_elfsight_apps_url":"","pricing_codecanyon_price_caption":"","integration_category":[],"integration_request_title":"","integration_request_cta":"","integration_platform":"","integrations":[],"platform_category":[],"video_schema_markup":"","price":"od 0 USD \/ miesi\u0105c","trial":"","benefits":[{"text":"Bezp\u0142atna us\u0142uga monta\u017cu"},{"text":"Wsparcie premium"},{"text":"14-dniowa gwarancja zwrotu pieni\u0119dzy"},{"text":"Ci\u0105g\u0142y rozw\u00f3j"}],"button_url":"#demo","button_target_blank":"","button_nofollow":"","attributes":[{"name":"Instaluje"},{"name":"Czu\u0142y","content":"Tak"},{"name":"Kompatybilne przegl\u0105darki","content":"Firefox, Safari, Opera, Chrome, Edge"}],"tags":[],"tags_disable_links":"","hide_more_platforms":"","video_object":"","demo_hide_cta":"","demo_hide_cloud_options":"","pricing_title":"","pricing":[{"pricing_icon":"platform","pricing_title":"Elfsight Apps","pricing_title_caption":"Wieloplatformowe rozwi\u0105zanie cyfrowe","pricing_price":"od 0 USD \/ miesi\u0105c","pricing_price_caption":"zacznij od bezp\u0142atnego planu","pricing_benefits":[{"text":"Nielimitowane strony internetowe"},{"text":"Profesjonalna obs\u0142uga klienta i dobrze udokumentowana"},{"text":"Bezp\u0142atna pomoc w monta\u017cu"},{"text":"\u015awietna oferta na wiele aplikacji"}],"pricing_button_text":"Dodaj do witryny","pricing_button_url":"#demo"}],"related_apps_title":"","related_apps_hidden":"","author":"","image":[],"title":"","job":"","social_networks":[]},"_links":{"self":[{"href":"https:\/\/elfsight.com\/pl\/wp-json\/wp\/v2\/pages\/7189","targetHints":{"allow":["GET"]}}],"collection":[{"href":"https:\/\/elfsight.com\/pl\/wp-json\/wp\/v2\/pages"}],"about":[{"href":"https:\/\/elfsight.com\/pl\/wp-json\/wp\/v2\/types\/page"}],"author":[{"embeddable":true,"href":"https:\/\/elfsight.com\/pl\/wp-json\/wp\/v2\/users\/9"}],"replies":[{"embeddable":true,"href":"https:\/\/elfsight.com\/pl\/wp-json\/wp\/v2\/comments?post=7189"}],"version-history":[{"count":2,"href":"https:\/\/elfsight.com\/pl\/wp-json\/wp\/v2\/pages\/7189\/revisions"}],"predecessor-version":[{"id":8104,"href":"https:\/\/elfsight.com\/pl\/wp-json\/wp\/v2\/pages\/7189\/revisions\/8104"}],"up":[{"embeddable":true,"href":"https:\/\/elfsight.com\/pl\/wp-json\/wp\/v2\/pages\/2409"}],"wp:attachment":[{"href":"https:\/\/elfsight.com\/pl\/wp-json\/wp\/v2\/media?parent=7189"}],"curies":[{"name":"wp","href":"https:\/\/api.w.org\/{rel}","templated":true}]}}