{"id":7184,"date":"1970-01-01T00:00:00","date_gmt":"1970-01-01T00:00:00","guid":{"rendered":"https:\/\/elfsight.com\/pl\/?page_id=7184"},"modified":"2024-11-14T09:34:10","modified_gmt":"2024-11-14T09:34:10","slug":"joomla","status":"publish","type":"page","link":"https:\/\/elfsight.com\/pl\/vimeo-video-gallery-widget\/joomla\/","title":{"rendered":"Vimeo Gallery &#8211; Joomla"},"content":{"rendered":"<div class=\"application-platform-content-item-description application-platform-content-item\" id=\"description\" data-nav-section=\"description\"> <h2>Opis<\/h2> <p>Galeria Elfsight to prosty widget dla ka\u017cdego, kto potrzebuje wy\u015bwietla\u0107 filmy w serwisie. Mo\u017cesz swobodnie gromadzi\u0107 playlisty z filmami, wy\u015bwietla\u0107 ca\u0142y kana\u0142, wybiera\u0107 najlepsze tre\u015bci tematyczne do swojej galerii i nie tylko. Widget posiada wiele opcji interfejsu, kt\u00f3re pomagaj\u0105 ustawi\u0107 interfejs dla r\u00f3\u017cnych przypadk\u00f3w. Gotowe uk\u0142ady wid\u017cet\u00f3w pozwol\u0105 najlepiej u\u0142o\u017cy\u0107 filmy, a wiele tryb\u00f3w odtwarzania sprawi, \u017ce ogl\u0105danie film\u00f3w b\u0119dzie wygodne w dowolnym uk\u0142adzie. Korzystaj\u0105c z prze\u0142\u0105czalnego nag\u0142\u00f3wka, reklamuj swoje konto Vimeo i zdobywaj nowych obserwuj\u0105cych. Rozszerzenie Elfsight Vimeo stanie si\u0119 skutecznym sposobem nie tylko na zwi\u0119kszenie zaanga\u017cowania, ale tak\u017ce na rozw\u00f3j Twojej firmy.<\/p> <div class=\"faq\" data-component=\"FAQ\"><div class=\"faq-item\">\r\n\t\t\t\t\t<div class=\"faq-item-question\">\r\n\t\t\t\t\t\t<h3 class=\"faq-item-question-text\">Gdzie na mojej stronie mog\u0119 to wy\u015bwietli\u0107<\/h3>\r\n\r\n\t\t\t\t\t\t<div class=\"faq-item-question-icon\"><\/div>\r\n\t\t\t\t\t<\/div>\r\n\r\n\t\t\t\t\t<div class=\"faq-item-answer\">\r\n\t\t\t\t\t\t<div class=\"faq-item-answer-text\"> <p>Mo\u017cesz ustawi\u0107 odtwarzacz wideo Vimeo na dowolnej wybranej stronie. W przypadku wprowadzenia go do szablonu serwisu, galeria pojawi si\u0119 na wszystkich stronach. <\/p> <\/div>\r\n\t\t\t\t\t<\/div>\r\n\t\t\t\t<\/div><div class=\"faq-item\">\r\n\t\t\t\t\t<div class=\"faq-item-question\">\r\n\t\t\t\t\t\t<h3 class=\"faq-item-question-text\">Jakie korzy\u015bci odnios\u0119 z rozszerzenia Vimeo?<\/h3>\r\n\r\n\t\t\t\t\t\t<div class=\"faq-item-question-icon\"><\/div>\r\n\t\t\t\t\t<\/div>\r\n\r\n\t\t\t\t\t<div class=\"faq-item-answer\">\r\n\t\t\t\t\t\t<div class=\"faq-item-answer-text\"> <p>Odtwarzacz Vimeo pozwoli Ci zwi\u0119kszy\u0107 zaanga\u017cowanie w Twojej witrynie dzi\u0119ki starannie dobranym filmom. Subskrypcja jednym klikni\u0119ciem pomo\u017ce pozyska\u0107 nowych subskrybent\u00f3w Twojego kana\u0142u.<\/p><\/div>\r\n\t\t\t\t\t<\/div>\r\n\t\t\t\t<\/div> <div class=\"faq-item\">\r\n\t\t\t\t\t<div class=\"faq-item-question\">\r\n\t\t\t\t\t\t<h3 class=\"faq-item-question-text\">Jak mog\u0119 osadzi\u0107 Galeri\u0119 wideo Vimeo?<\/h3>\r\n\r\n\t\t\t\t\t\t<div class=\"faq-item-question-icon\"><\/div>\r\n\t\t\t\t\t<\/div>\r\n\r\n\t\t\t\t\t<div class=\"faq-item-answer\">\r\n\t\t\t\t\t\t<div class=\"faq-item-answer-text\"> <p>Aktywacja wid\u017cetu zajmuje tylko minut\u0119 . Osadzanie jest naprawd\u0119 szybkie, bezp\u0142atne i nie wymaga kodowania. <\/p> <p>Rozszerzenie Elfsight Vimeo mo\u017cna zintegrowa\u0107 bezpo\u015brednio z nasz\u0105 us\u0142ug\u0105 lub z rynkiem. Mo\u017cesz por\u00f3wna\u0107 zalety obu wariant\u00f3w i wybra\u0107 bardziej odpowiedni.<\/p> <\/div>\r\n\t\t\t\t\t<\/div>\r\n\t\t\t\t<\/div> <\/div> <\/div> <div class=\"application-platform-content-item-features application-platform-content-item\" id=\"features\" data-nav-section=\"features\"> <h2>Funkcje<\/h2> <p>W aby uzyska\u0107 przejrzyst\u0105 wiedz\u0119 o Galerii Vimeo, przejrzyj list\u0119 g\u0142\u00f3wnych cech. Dzi\u0119ki nim wid\u017cet jest maksymalnie efektywny: <\/p> <ul><li>Osadzanie film\u00f3w wed\u0142ug adres\u00f3w URL; <\/li><li>3 wbudowane uk\u0142ady dla r\u00f3\u017cnych tempa odtwarzania film\u00f3w: siatka, lista odtwarzania, suwak; <\/li><li>7 prze\u0142\u0105czalnych szczeg\u00f3\u0142\u00f3w nag\u0142\u00f3wka wid\u017cetu: nazwa, statystyki, opis, przycisk obserwuj\u0105cy, ikona profilu; <\/li><li>Cztery wbudowane tryby odtwarzania: Popup, Player, Inline lub na Vimeo; <\/li><li>Trzy scenariusze po zako\u0144czeniu filmu: odtw\u00f3rz nast\u0119pny, powt\u00f3rz, brak; <\/li><\/ul><p><a href=\"#demo\">Odkryj wszystkie funkcje w wersji demonstracyjnej na \u017cywo<\/a><\/p> <\/div> <div class=\"application-platform-content-item-installation application-platform-content-item\" id=\"installation\" data-nav-section=\"installation\"> <h2>Zacznijmy zobacz, jak osadzi\u0107 wideo Vimeo na swojej stronie Joomla<\/h2><div class=\"video-container\"><iframe width=\"720\" height=\"405\" src=\"https:\/\/www.youtube.com\/embed\/KX8i95LJg-E\" frameborder=\"0\" allowfullscreen><\/iframe><\/div><p>Wystarczy wykona\u0107 poni\u017csze kroki, aby aktywowa\u0107 wid\u017cet w Joomla.<\/p> <ol><li><b> Uruchom nasze bezp\u0142atne demo i zacznij tworzy\u0107 spersonalizowane rozszerzenie. <\/b><br> Okre\u015bl preferowany uk\u0142ad i cechy funkcjonalne rozszerzenia i zastosuj zmiany. <\/li> <li><b>Skopiuj unikalny kod pojawiaj\u0105cy si\u0119 w polu aplikacji Elfsight. <\/b><br> Po zako\u0144czeniu tworzenia wid\u017cetu Galerii Vimeo skopiuj kod osobisty z wy\u015bwietlonego wyskakuj\u0105cego okienka i zachowaj go na p\u00f3\u017aniej. <\/li> <li><b>Rozpocznij korzystanie z rozszerzenia na stronie Joomla. <\/b><br> Umie\u015b\u0107 ostatnio zapisany kod na swojej stronie i zapisz zmiany. <\/li> <li><b>Instalacja zosta\u0142a w pe\u0142ni uko\u0144czona. <\/b><br> Przejd\u017a do swojej witryny, aby sprawdzi\u0107 dzia\u0142anie rozszerzenia. <\/li><\/ol><p>Nadal nie mo\u017cesz si\u0119 zdecydowa\u0107? Albo do\u015bwiadczasz problem\u00f3w? Po prostu wy\u015blij pro\u015bb\u0119 do naszego zespo\u0142u wsparcia, a rozwi\u0105\u017cemy ka\u017cdy problem. <\/p> <\/div>","protected":false},"excerpt":{"rendered":"","protected":false},"author":9,"featured_media":0,"parent":2409,"menu_order":0,"comment_status":"closed","ping_status":"closed","template":"templates\/template-application-platform.php","meta":{"publish_to_discourse":"","publish_post_category":"","wpdc_auto_publish_overridden":"","wpdc_topic_tags":"","wpdc_pin_topic":"","wpdc_pin_until":"","discourse_post_id":"","discourse_permalink":"","wpdc_publishing_response":"","wpdc_publishing_error":"","footnotes":""},"class_list":["post-7184","page","type-page","status-publish","hentry"],"yoast_head":"<!-- This site is optimized with the Yoast SEO plugin v25.3.1 - https:\/\/yoast.com\/wordpress\/plugins\/seo\/ -->\n<title>Dodaj rozszerzenie Vimeo Video Gallery do witryny Joomla (bezp\u0142atnie i szybko)<\/title>\n<meta name=\"description\" content=\"Stworzenie rozszerzenia Galerii wideo Vimeo i osadzenie go na stronie Joomla jest ca\u0142kowicie proste. Obs\u0142uga klienta Elfsight jest bezp\u0142atna.\" \/>\n<meta name=\"robots\" content=\"index, follow, max-snippet:-1, max-image-preview:large, max-video-preview:-1\" \/>\n<link rel=\"canonical\" href=\"https:\/\/elfsight.com\/pl\/vimeo-video-gallery-widget\/joomla\/\" \/>\n<meta property=\"og:locale\" content=\"pl_PL\" \/>\n<meta property=\"og:type\" content=\"article\" \/>\n<meta property=\"og:title\" content=\"Dodaj rozszerzenie Vimeo Video Gallery do witryny Joomla (bezp\u0142atnie i szybko)\" \/>\n<meta property=\"og:description\" content=\"Stworzenie rozszerzenia Galerii wideo Vimeo i osadzenie go na stronie Joomla jest ca\u0142kowicie proste. Obs\u0142uga klienta Elfsight jest bezp\u0142atna.\" \/>\n<meta property=\"og:url\" content=\"https:\/\/elfsight.com\/pl\/vimeo-video-gallery-widget\/joomla\/\" \/>\n<meta property=\"og:site_name\" content=\"Elfsight PL\" \/>\n<meta property=\"article:modified_time\" content=\"2024-11-14T09:34:10+00:00\" \/>\n<meta name=\"twitter:card\" content=\"summary_large_image\" \/>\n<meta name=\"twitter:label1\" content=\"Szacowany czas czytania\" \/>\n\t<meta name=\"twitter:data1\" content=\"3 minuty\" \/>\n<!-- \/ Yoast SEO plugin. -->","yoast_head_json":{"title":"Dodaj rozszerzenie Vimeo Video Gallery do witryny Joomla (bezp\u0142atnie i szybko)","description":"Stworzenie rozszerzenia Galerii wideo Vimeo i osadzenie go na stronie Joomla jest ca\u0142kowicie proste. Obs\u0142uga klienta Elfsight jest bezp\u0142atna.","robots":{"index":"index","follow":"follow","max-snippet":"max-snippet:-1","max-image-preview":"max-image-preview:large","max-video-preview":"max-video-preview:-1"},"canonical":"https:\/\/elfsight.com\/pl\/vimeo-video-gallery-widget\/joomla\/","og_locale":"pl_PL","og_type":"article","og_title":"Dodaj rozszerzenie Vimeo Video Gallery do witryny Joomla (bezp\u0142atnie i szybko)","og_description":"Stworzenie rozszerzenia Galerii wideo Vimeo i osadzenie go na stronie Joomla jest ca\u0142kowicie proste. Obs\u0142uga klienta Elfsight jest bezp\u0142atna.","og_url":"https:\/\/elfsight.com\/pl\/vimeo-video-gallery-widget\/joomla\/","og_site_name":"Elfsight PL","article_modified_time":"2024-11-14T09:34:10+00:00","twitter_card":"summary_large_image","twitter_misc":{"Szacowany czas czytania":"3 minuty"},"schema":{"@context":"https:\/\/schema.org","@graph":[{"@type":"WebPage","@id":"https:\/\/elfsight.com\/pl\/vimeo-video-gallery-widget\/joomla\/","url":"https:\/\/elfsight.com\/pl\/vimeo-video-gallery-widget\/joomla\/","name":"Dodaj rozszerzenie Vimeo Video Gallery do witryny Joomla (bezp\u0142atnie i szybko)","isPartOf":{"@id":"https:\/\/elfsight.com\/pl\/#website"},"datePublished":"1970-01-01T00:00:00+00:00","dateModified":"2024-11-14T09:34:10+00:00","description":"Stworzenie rozszerzenia Galerii wideo Vimeo i osadzenie go na stronie Joomla jest ca\u0142kowicie proste. Obs\u0142uga klienta Elfsight jest bezp\u0142atna.","breadcrumb":{"@id":"https:\/\/elfsight.com\/pl\/vimeo-video-gallery-widget\/joomla\/#breadcrumb"},"inLanguage":"pl-PL","potentialAction":[{"@type":"ReadAction","target":["https:\/\/elfsight.com\/pl\/vimeo-video-gallery-widget\/joomla\/"]}]},{"@type":"BreadcrumbList","@id":"https:\/\/elfsight.com\/pl\/vimeo-video-gallery-widget\/joomla\/#breadcrumb","itemListElement":[{"@type":"ListItem","position":1,"name":"Home","item":"https:\/\/elfsight.com\/pl\/"},{"@type":"ListItem","position":2,"name":"Vimeo Gallery","item":"https:\/\/elfsight.com\/pl\/vimeo-video-gallery-widget\/"},{"@type":"ListItem","position":3,"name":"Vimeo Gallery &#8211; Joomla"}]},{"@type":"WebSite","@id":"https:\/\/elfsight.com\/pl\/#website","url":"https:\/\/elfsight.com\/pl\/","name":"Elfsight PL","description":"Just another Elfsight Sites site","potentialAction":[{"@type":"SearchAction","target":{"@type":"EntryPoint","urlTemplate":"https:\/\/elfsight.com\/pl\/?s={search_term_string}"},"query-input":{"@type":"PropertyValueSpecification","valueRequired":true,"valueName":"search_term_string"}}],"inLanguage":"pl-PL"}]}},"meta_box":{"industry":"","seo_heading":"","heading":"","description":"","cta_heading":"","cta_description":"","application":"2408","h1":"Galeria wideo Joomla Vimeo","h1_caption":"Osad\u017a galeri\u0119 film\u00f3w vimeo, oferuj\u0105c p\u0142ynny spos\u00f3b prezentowania tre\u015bci wideo na swojej stronie Joomla.","application_category":[],"applications_title":"","applications_request_title":"","applications_request_button_text":"","hero_text":"","hero_video":"","hero_video_schema_markup":"","selling_points_title":"","selling_points_caption":"","selling_points":[],"selling_points_cta_text":"","features_title":"","features":"","ed_cta_examples_text":"","ed_cta_examples_hidden":"","ed_cta_demo_text":"","ed_cta_demo_hidden":"","why_caption":"","why_editor_title":"","why_editor_text":"","why_team_title":"","why_team_text":"","why_service_title":"","why_service_text":"","template_catalog_visible":"","template_catalog_title":"","template_catalog_text":"","template_catalog_categories_visible":"","demo_title":"Utw\u00f3rz wtyczk\u0119 Galerii Vimeo","demo_caption":"Skonfiguruj swoj\u0105 galeri\u0119 Vimeo i dodaj j\u0105 do swojej witryny Joomla za darmo!","default_faq_hidden":"","app_template_category":[],"platform":"53","template_public_id":"","codecanyon_url":"","codecanyon_item_id":"","codecanyon_price":"","pricing_caption":"","pricing_elfsight_apps_hide_column":"","pricing_elfsight_apps_url":"","pricing_codecanyon_price_caption":"","integration_category":[],"integration_request_title":"","integration_request_cta":"","integration_platform":"","integrations":[],"platform_category":[],"video_schema_markup":"","price":"od 0 USD \/ miesi\u0105c","trial":"","benefits":[{"text":"Bezp\u0142atna pomoc w instalacji"},{"text":"Kompetentna obs\u0142uga klienta"},{"text":"14-dniowa gwarancja zwrotu pieni\u0119dzy"}],"button_url":"#demo","button_target_blank":"","button_nofollow":"","attributes":[{"name":"Instaluje"},{"name":"Czu\u0142y"},{"name":"Kompatybilne przegl\u0105darki"}],"tags":[],"tags_disable_links":"","hide_more_platforms":"","video_object":"","demo_hide_cta":"","demo_hide_cloud_options":"","pricing_title":"","pricing":[{"pricing_icon":"platform","pricing_title":"Elfsight Apps","pricing_title_caption":"Wieloplatformowe rozwi\u0105zanie cyfrowe, kt\u00f3re pasuje do ka\u017cdej witryny","pricing_price":"od 0 USD \/ miesi\u0105c","pricing_price_caption":"zacznij od bezp\u0142atnego planu","pricing_benefits":[{"text":"Nielimitowane domeny"},{"text":"Dedykowane i terminowe wsparcie oraz dobrze udokumentowane"},{"text":"Bezp\u0142atna pomoc w monta\u017cu"},{"text":"\u015awietna oferta na wiele aplikacji"}],"pricing_button_text":"Dodaj do witryny","pricing_button_url":"#demo"}],"related_apps_title":"","related_apps_hidden":"","author":"","image":[],"title":"","job":"","social_networks":[]},"_links":{"self":[{"href":"https:\/\/elfsight.com\/pl\/wp-json\/wp\/v2\/pages\/7184","targetHints":{"allow":["GET"]}}],"collection":[{"href":"https:\/\/elfsight.com\/pl\/wp-json\/wp\/v2\/pages"}],"about":[{"href":"https:\/\/elfsight.com\/pl\/wp-json\/wp\/v2\/types\/page"}],"author":[{"embeddable":true,"href":"https:\/\/elfsight.com\/pl\/wp-json\/wp\/v2\/users\/9"}],"replies":[{"embeddable":true,"href":"https:\/\/elfsight.com\/pl\/wp-json\/wp\/v2\/comments?post=7184"}],"version-history":[{"count":2,"href":"https:\/\/elfsight.com\/pl\/wp-json\/wp\/v2\/pages\/7184\/revisions"}],"predecessor-version":[{"id":8103,"href":"https:\/\/elfsight.com\/pl\/wp-json\/wp\/v2\/pages\/7184\/revisions\/8103"}],"up":[{"embeddable":true,"href":"https:\/\/elfsight.com\/pl\/wp-json\/wp\/v2\/pages\/2409"}],"wp:attachment":[{"href":"https:\/\/elfsight.com\/pl\/wp-json\/wp\/v2\/media?parent=7184"}],"curies":[{"name":"wp","href":"https:\/\/api.w.org\/{rel}","templated":true}]}}