{"id":7183,"date":"1970-01-01T00:00:00","date_gmt":"1970-01-01T00:00:00","guid":{"rendered":"https:\/\/elfsight.com\/pl\/?page_id=7183"},"modified":"2024-11-14T09:34:10","modified_gmt":"2024-11-14T09:34:10","slug":"jquery","status":"publish","type":"page","link":"https:\/\/elfsight.com\/pl\/vimeo-video-gallery-widget\/jquery\/","title":{"rendered":"Vimeo Gallery &#8211; jQuery"},"content":{"rendered":"<div class=\"application-platform-content-item-description application-platform-content-item\" id=\"description\" data-nav-section=\"description\"> <h2>Opis<\/h2> <p>Galeria Elfsight to nieskomplikowany widget dla w\u0142a\u015bcicieli witryn, kt\u00f3rzy chc\u0105 osadza\u0107 w witrynie filmy Vimeo. Wid\u017cet umo\u017cliwia gromadzenie playlist z filmami, integracj\u0119 ca\u0142ego kana\u0142u, wyb\u00f3r najatrakcyjniejszej tre\u015bci tematycznej dla Twojej galerii i nie tylko. Widget Elfsight oferuje wiele funkcji projektowych, kt\u00f3re pomagaj\u0105 zaaran\u017cowa\u0107 interfejs tak, aby by\u0142 odpowiedni dla r\u00f3\u017cnych przypadk\u00f3w u\u017cycia. Wbudowane uk\u0142ady wideo pozwol\u0105 na najlepsze rozmieszczenie tre\u015bci, a wyb\u00f3r tryb\u00f3w odtwarzania sprawi, \u017ce ogl\u0105danie film\u00f3w b\u0119dzie wygodne w dowolnym uk\u0142adzie. Za pomoc\u0105 elastycznego nag\u0142\u00f3wka mo\u017cesz og\u0142osi\u0107 sw\u00f3j kana\u0142 i zyska\u0107 wi\u0119cej obserwuj\u0105cych. Galeria Elfsight Vimeo to skuteczny spos\u00f3b nie tylko na zwi\u0119kszenie zaanga\u017cowania, ale tak\u017ce na promocj\u0119 Twojej firmy. <\/p> <div class=\"faq\" data-component=\"FAQ\"><div class=\"faq-item\">\r\n\t\t\t\t\t<div class=\"faq-item-question\">\r\n\t\t\t\t\t\t<h3 class=\"faq-item-question-text\">Gdzie mog\u0119 opublikowa\u0107 t\u0119 wtyczk\u0119<\/h3>\r\n\r\n\t\t\t\t\t\t<div class=\"faq-item-question-icon\"><\/div>\r\n\t\t\t\t\t<\/div>\r\n\r\n\t\t\t\t\t<div class=\"faq-item-answer\">\r\n\t\t\t\t\t\t<div class=\"faq-item-answer-text\"> <p>Mo\u017cesz j\u0105 wklei\u0107 na dowolnej stronie swojej witryny. Je\u015bli wprowadzisz go do szablonu witryny, filmy pojawi\u0105 si\u0119 na ka\u017cdej stronie. <\/p> <\/div>\r\n\t\t\t\t\t<\/div>\r\n\t\t\t\t<\/div><div class=\"faq-item\">\r\n\t\t\t\t\t<div class=\"faq-item-question\">\r\n\t\t\t\t\t\t<h3 class=\"faq-item-question-text\">Jakie s\u0105 zalety posiadania tego dla mnie?<\/h3>\r\n\r\n\t\t\t\t\t\t<div class=\"faq-item-question-icon\"><\/div>\r\n\t\t\t\t\t<\/div>\r\n\r\n\t\t\t\t\t<div class=\"faq-item-answer\">\r\n\t\t\t\t\t\t<div class=\"faq-item-answer-text\"> <p>Umo\u017cliwi to zwi\u0119kszenie zaanga\u017cowania odwiedzaj\u0105cych Twoj\u0105 witryn\u0119 dzi\u0119ki atrakcyjnym filmom. Opcja natychmiastowej subskrypcji pomo\u017ce pozyska\u0107 nowych obserwuj\u0105cych Tw\u00f3j kana\u0142. <\/p><\/div>\r\n\t\t\t\t\t<\/div>\r\n\t\t\t\t<\/div> <div class=\"faq-item\">\r\n\t\t\t\t\t<div class=\"faq-item-question\">\r\n\t\t\t\t\t\t<h3 class=\"faq-item-question-text\">Czego potrzebuj\u0119, aby zainstalowa\u0107 odtwarzacz wideo Vimeo na mojej stronie?<\/h3>\r\n\r\n\t\t\t\t\t\t<div class=\"faq-item-question-icon\"><\/div>\r\n\t\t\t\t\t<\/div>\r\n\r\n\t\t\t\t\t<div class=\"faq-item-answer\">\r\n\t\t\t\t\t\t<div class=\"faq-item-answer-text\"> <p>Aktywacja wid\u017cetu zajmie tylko kilka minut. Osadzanie jest bardzo szybkie, bezp\u0142atne i nie obejmuje kodowania. <\/p> <p>Za po\u015brednictwem naszej us\u0142ugi istnieje mo\u017cliwo\u015b\u0107 wstawienia Galerii Vimeo na stron\u0119 internetow\u0105. Po prostu wykonaj kroki opisane w przewodniku na tej stronie. <\/p> <\/div>\r\n\t\t\t\t\t<\/div>\r\n\t\t\t\t<\/div> <\/div> <\/div><div class=\"application-platform-content-item-features application-platform-content-item\" id=\"features\" data-nav-section=\"features\"> <h2>Funkcje<\/h2> <p>Aby uzyska\u0107 ja\u015bniejszy obraz wid\u017cetu, przejrzyj list\u0119 g\u0142\u00f3wnych cechy. Sprawiaj\u0105, \u017ce ten widget jest maksymalnie wydajny dla Twojej firmy:<\/p> <ul><li>Opcja dodania wybranych uk\u0142ad\u00f3w dla r\u00f3\u017cnych sposob\u00f3w odtwarzania film\u00f3w: siatka, lista odtwarzania, suwak;<\/li><li>Siedem kontrolowanych komponent\u00f3w nag\u0142\u00f3wek: nazwa, statystyki, opis, przycisk obserwuj, ikona profilu;<\/li><li>4 gotowe tryby gry: Popup, Player, Inline lub na Vimeo;<\/li><li>Trzy opcje po zako\u0144czeniu filmu: odtwarzaj dalej, powtarzaj, nic;<\/li><\/ul><p><a href=\"#demo\">Nasza wersja demonstracyjna wy\u015bwietli pe\u0142n\u0105 list\u0119 funkcji<\/a><\/p> <\/div> <div class=\"application-platform-content-item-installation application-platform-content-item\" id=\"installation\" data-nav-section=\"installation\"> <h2>Sprawd\u017amy, jak doda\u0107 wideo Vimeo do Twojej witryny jQuery<\/h2> <p>Tych kilka dzia\u0142a\u0144 to jedyne, czego potrzebujesz, aby to ustali\u0107.<\/p> <ol><li><b>Wygeneruj spersonalizowan\u0105 wtyczk\u0119 Vimeo<\/b><br> Za pomoc\u0105 naszego bezp\u0142atnego demo skonfiguruj wtyczk\u0119 o wybranym sk\u0142adzie i funkcjonalno\u015bci. <\/li><li><b>Skopiuj indywidualny kod, aby zintegrowa\u0107 wtyczk\u0119<\/b><br> Po dostosowaniu wid\u017cetu otrzymasz indywidualny kod z wy\u015bwietlonego okna aplikacji Elfsight. Skopiuj ten kod. <\/li> <li><b>Zintegruj wtyczk\u0119 ze swoj\u0105 witryn\u0105 Muse<\/b><br> Wybierz obszar, w kt\u00f3rym chcesz wy\u015bwietli\u0107 wtyczk\u0119 i wstaw tam skopiowany kod. Zastosuj zmiany. <\/li> <li><b>Gotowe!<\/b><br> Odwied\u017a swoj\u0105 witryn\u0119, aby zobaczy\u0107 swoj\u0105 prac\u0119. <\/li> <\/ol><p>Nadal masz w\u0105tpliwo\u015bci? Lub masz pytania? Po prostu wy\u015blij pro\u015bb\u0119 do naszego zespo\u0142u pomocy technicznej, a rozwi\u0105\u017cesz ka\u017cdy problem.<\/p> <\/div>","protected":false},"excerpt":{"rendered":"","protected":false},"author":9,"featured_media":0,"parent":2409,"menu_order":0,"comment_status":"closed","ping_status":"closed","template":"templates\/template-application-platform.php","meta":{"publish_to_discourse":"","publish_post_category":"","wpdc_auto_publish_overridden":"","wpdc_topic_tags":"","wpdc_pin_topic":"","wpdc_pin_until":"","discourse_post_id":"","discourse_permalink":"","wpdc_publishing_response":"","wpdc_publishing_error":"","footnotes":""},"class_list":["post-7183","page","type-page","status-publish","hentry"],"yoast_head":"<!-- This site is optimized with the Yoast SEO plugin v25.3.1 - https:\/\/yoast.com\/wordpress\/plugins\/seo\/ -->\n<title>jQuery Vimeo \u2014 Dodaj wid\u017cet Galerii Vimeo do witryny jQuery [2025]<\/title>\n<meta name=\"description\" content=\"Dzi\u0119ki Elfsight ukszta\u0142tuj swoj\u0105 galeri\u0119 wideo Vimeo i szybko umie\u015b\u0107 j\u0105 na stronie jQuery. Mamy bezp\u0142atn\u0105 obs\u0142ug\u0119 klienta i inne bonusy.\" \/>\n<meta name=\"robots\" content=\"index, follow, max-snippet:-1, max-image-preview:large, max-video-preview:-1\" \/>\n<link rel=\"canonical\" href=\"https:\/\/elfsight.com\/pl\/vimeo-video-gallery-widget\/jquery\/\" \/>\n<meta property=\"og:locale\" content=\"pl_PL\" \/>\n<meta property=\"og:type\" content=\"article\" \/>\n<meta property=\"og:title\" content=\"jQuery Vimeo \u2014 Dodaj wid\u017cet Galerii Vimeo do witryny jQuery [2025]\" \/>\n<meta property=\"og:description\" content=\"Dzi\u0119ki Elfsight ukszta\u0142tuj swoj\u0105 galeri\u0119 wideo Vimeo i szybko umie\u015b\u0107 j\u0105 na stronie jQuery. Mamy bezp\u0142atn\u0105 obs\u0142ug\u0119 klienta i inne bonusy.\" \/>\n<meta property=\"og:url\" content=\"https:\/\/elfsight.com\/pl\/vimeo-video-gallery-widget\/jquery\/\" \/>\n<meta property=\"og:site_name\" content=\"Elfsight PL\" \/>\n<meta property=\"article:modified_time\" content=\"2024-11-14T09:34:10+00:00\" \/>\n<meta name=\"twitter:card\" content=\"summary_large_image\" \/>\n<meta name=\"twitter:label1\" content=\"Szacowany czas czytania\" \/>\n\t<meta name=\"twitter:data1\" content=\"2 minuty\" \/>\n<!-- \/ Yoast SEO plugin. -->","yoast_head_json":{"title":"jQuery Vimeo \u2014 Dodaj wid\u017cet Galerii Vimeo do witryny jQuery [2025]","description":"Dzi\u0119ki Elfsight ukszta\u0142tuj swoj\u0105 galeri\u0119 wideo Vimeo i szybko umie\u015b\u0107 j\u0105 na stronie jQuery. Mamy bezp\u0142atn\u0105 obs\u0142ug\u0119 klienta i inne bonusy.","robots":{"index":"index","follow":"follow","max-snippet":"max-snippet:-1","max-image-preview":"max-image-preview:large","max-video-preview":"max-video-preview:-1"},"canonical":"https:\/\/elfsight.com\/pl\/vimeo-video-gallery-widget\/jquery\/","og_locale":"pl_PL","og_type":"article","og_title":"jQuery Vimeo \u2014 Dodaj wid\u017cet Galerii Vimeo do witryny jQuery [2025]","og_description":"Dzi\u0119ki Elfsight ukszta\u0142tuj swoj\u0105 galeri\u0119 wideo Vimeo i szybko umie\u015b\u0107 j\u0105 na stronie jQuery. Mamy bezp\u0142atn\u0105 obs\u0142ug\u0119 klienta i inne bonusy.","og_url":"https:\/\/elfsight.com\/pl\/vimeo-video-gallery-widget\/jquery\/","og_site_name":"Elfsight PL","article_modified_time":"2024-11-14T09:34:10+00:00","twitter_card":"summary_large_image","twitter_misc":{"Szacowany czas czytania":"2 minuty"},"schema":{"@context":"https:\/\/schema.org","@graph":[{"@type":"WebPage","@id":"https:\/\/elfsight.com\/pl\/vimeo-video-gallery-widget\/jquery\/","url":"https:\/\/elfsight.com\/pl\/vimeo-video-gallery-widget\/jquery\/","name":"jQuery Vimeo \u2014 Dodaj wid\u017cet Galerii Vimeo do witryny jQuery [2025]","isPartOf":{"@id":"https:\/\/elfsight.com\/pl\/#website"},"datePublished":"1970-01-01T00:00:00+00:00","dateModified":"2024-11-14T09:34:10+00:00","description":"Dzi\u0119ki Elfsight ukszta\u0142tuj swoj\u0105 galeri\u0119 wideo Vimeo i szybko umie\u015b\u0107 j\u0105 na stronie jQuery. Mamy bezp\u0142atn\u0105 obs\u0142ug\u0119 klienta i inne bonusy.","breadcrumb":{"@id":"https:\/\/elfsight.com\/pl\/vimeo-video-gallery-widget\/jquery\/#breadcrumb"},"inLanguage":"pl-PL","potentialAction":[{"@type":"ReadAction","target":["https:\/\/elfsight.com\/pl\/vimeo-video-gallery-widget\/jquery\/"]}]},{"@type":"BreadcrumbList","@id":"https:\/\/elfsight.com\/pl\/vimeo-video-gallery-widget\/jquery\/#breadcrumb","itemListElement":[{"@type":"ListItem","position":1,"name":"Home","item":"https:\/\/elfsight.com\/pl\/"},{"@type":"ListItem","position":2,"name":"Vimeo Gallery","item":"https:\/\/elfsight.com\/pl\/vimeo-video-gallery-widget\/"},{"@type":"ListItem","position":3,"name":"Vimeo Gallery &#8211; jQuery"}]},{"@type":"WebSite","@id":"https:\/\/elfsight.com\/pl\/#website","url":"https:\/\/elfsight.com\/pl\/","name":"Elfsight PL","description":"Just another Elfsight Sites site","potentialAction":[{"@type":"SearchAction","target":{"@type":"EntryPoint","urlTemplate":"https:\/\/elfsight.com\/pl\/?s={search_term_string}"},"query-input":{"@type":"PropertyValueSpecification","valueRequired":true,"valueName":"search_term_string"}}],"inLanguage":"pl-PL"}]}},"meta_box":{"industry":"","seo_heading":"","heading":"","description":"","cta_heading":"","cta_description":"","application":"2408","h1":"Galeria wideo jQuery Vimeo","h1_caption":"Osad\u017a galeri\u0119 film\u00f3w Vimeo, oferuj\u0105c p\u0142ynny spos\u00f3b prezentowania tre\u015bci wideo w witrynie jQuery bez wysi\u0142ku.","application_category":[],"applications_title":"","applications_request_title":"","applications_request_button_text":"","hero_text":"","hero_video":"","hero_video_schema_markup":"","selling_points_title":"","selling_points_caption":"","selling_points":[],"selling_points_cta_text":"","features_title":"","features":"","ed_cta_examples_text":"","ed_cta_examples_hidden":"","ed_cta_demo_text":"","ed_cta_demo_hidden":"","why_caption":"","why_editor_title":"","why_editor_text":"","why_team_title":"","why_team_text":"","why_service_title":"","why_service_text":"","template_catalog_visible":"","template_catalog_title":"","template_catalog_text":"","template_catalog_categories_visible":"","demo_title":"Utw\u00f3rz wtyczk\u0119 Galerii Vimeo","demo_caption":"Skonfiguruj swoj\u0105 galeri\u0119 Vimeo i dodaj j\u0105 do swojej witryny jQuery za darmo!","default_faq_hidden":"","app_template_category":[],"platform":"56","template_public_id":"","codecanyon_url":"","codecanyon_item_id":"","codecanyon_price":"","pricing_caption":"","pricing_elfsight_apps_hide_column":"","pricing_elfsight_apps_url":"","pricing_codecanyon_price_caption":"","integration_category":[],"integration_request_title":"","integration_request_cta":"","integration_platform":"","integrations":[],"platform_category":[],"video_schema_markup":"","price":"od 0 USD \/ miesi\u0105c","trial":"","benefits":[{"text":"Bezp\u0142atna us\u0142uga monta\u017cu"},{"text":"Profesjonalna obs\u0142uga klienta"},{"text":"14-dniowa gwarancja zwrotu pieni\u0119dzy"}],"button_url":"#demo","button_target_blank":"","button_nofollow":"","attributes":[{"name":"Instaluje"},{"name":"Czu\u0142y"},{"name":"Kompatybilne przegl\u0105darki"}],"tags":[],"tags_disable_links":"","hide_more_platforms":"","video_object":"","demo_hide_cta":"","demo_hide_cloud_options":"","pricing_title":"","pricing":[{"pricing_icon":"platform","pricing_title":"Elfsight Apps","pricing_title_caption":"Wieloplatformowe rozwi\u0105zanie cyfrowe, kt\u00f3re pasuje do ka\u017cdej witryny","pricing_price":"od 0 USD \/ miesi\u0105c","pricing_price_caption":"zacznij od bezp\u0142atnego planu","pricing_benefits":[{"text":"Nielimitowane domeny"},{"text":"Obs\u0142uga klienta premium i dobrze udokumentowana"},{"text":"Bezp\u0142atne wsparcie instalacyjne"},{"text":"Elastyczny projekt"}],"pricing_button_text":"Dodaj do witryny","pricing_button_url":"#demo"}],"related_apps_title":"","related_apps_hidden":"","author":"","image":[],"title":"","job":"","social_networks":[]},"_links":{"self":[{"href":"https:\/\/elfsight.com\/pl\/wp-json\/wp\/v2\/pages\/7183","targetHints":{"allow":["GET"]}}],"collection":[{"href":"https:\/\/elfsight.com\/pl\/wp-json\/wp\/v2\/pages"}],"about":[{"href":"https:\/\/elfsight.com\/pl\/wp-json\/wp\/v2\/types\/page"}],"author":[{"embeddable":true,"href":"https:\/\/elfsight.com\/pl\/wp-json\/wp\/v2\/users\/9"}],"replies":[{"embeddable":true,"href":"https:\/\/elfsight.com\/pl\/wp-json\/wp\/v2\/comments?post=7183"}],"version-history":[{"count":1,"href":"https:\/\/elfsight.com\/pl\/wp-json\/wp\/v2\/pages\/7183\/revisions"}],"predecessor-version":[{"id":7187,"href":"https:\/\/elfsight.com\/pl\/wp-json\/wp\/v2\/pages\/7183\/revisions\/7187"}],"up":[{"embeddable":true,"href":"https:\/\/elfsight.com\/pl\/wp-json\/wp\/v2\/pages\/2409"}],"wp:attachment":[{"href":"https:\/\/elfsight.com\/pl\/wp-json\/wp\/v2\/media?parent=7183"}],"curies":[{"name":"wp","href":"https:\/\/api.w.org\/{rel}","templated":true}]}}